{"id":54374,"date":"2022-07-12T10:05:21","date_gmt":"2022-07-12T08:05:21","guid":{"rendered":"https:\/\/d-identify.be\/product\/rfid-der-zebra-zq500-serie\/"},"modified":"2022-07-12T10:05:21","modified_gmt":"2022-07-12T08:05:21","slug":"rfid-der-zebra-zq500-serie","status":"publish","type":"product","link":"https:\/\/d-identify.be\/de\/produkt\/rfid-der-zebra-zq500-serie\/","title":{"rendered":"RFID der Zebra ZQ500-Serie"},"content":{"rendered":"<div class=\"text section\">\n<div class=\"zebra-text\">\n<p>Die ZQ500\u2122-Serie von Zebra ist jetzt noch robuster. Die Spitzendrucker ZQ511\u2122 und ZQ521\u2122 \u2013 alle mit RFID-Technologie erh\u00e4ltlich \u2013 vereinen erstklassige Druckfunktionen mit einem robusten Design in Milit\u00e4rqualit\u00e4t. Drucken und kodieren Sie UHF-RFID-Tags (Ultra High Frequency) bedarfsgerecht, wo immer Sie sind. Profitieren Sie von optimaler Langlebigkeit. Diese Drucker sind f\u00fcr h\u00e4rteste Bedingungen im Innen- und Au\u00dfenbereich konzipiert und trotzen St\u00fcrzen, St\u00f6\u00dfen, St\u00fcrzen und den rauen Umgebungsbedingungen mobiler Arbeitsumgebungen. Dank neuer Funktionen, verbesserter Haltbarkeit und einem Akku mit un\u00fcbertroffener Kapazit\u00e4t ist dieser Drucker von morgens bis abends einsatzbereit.     <\/p>\n<\/div>\n<\/div>\n<div class=\"columncontrol section\">\n<p>&nbsp;<\/p>\n<div class=\"column-control row\">\n<div class=\"col-md-6\">\n<div>\n<div class=\"imagecomponent section\"><\/div>\n<\/div>\n<\/div>\n<\/div>\n<\/div>\n","protected":false},"excerpt":{"rendered":"<p>Die ZQ500\u2122-Serie von Zebra ist jetzt noch robuster. Die Premiumdrucker ZQ511\u2122 und ZQ521\u2122 \u2013 beide als RFID-Modelle erh\u00e4ltlich \u2013 vereinen erstklassiges mobiles Drucken mit einem extrem robusten Design in Milit\u00e4rqualit\u00e4t. Drucken und codieren Sie Ultrahochfrequenz-RFID-Etiketten (UHF) bedarfsgerecht und \u00fcberall. Erleben Sie extreme Haltbarkeit. Diese Drucker wurden f\u00fcr anspruchsvolle Innen- und Au\u00dfenbedingungen entwickelt und \u00fcberstehen St\u00fcrze, Unf\u00e4lle und extreme Umweltbedingungen, die an mobilen Arbeitspl\u00e4tzen \u00fcblich sind. Zus\u00e4tzliche Funktionen, verbesserte Haltbarkeit und un\u00fcbertroffene Akkukapazit\u00e4t sorgen daf\u00fcr, dass dieser Drucker genauso hart und lange arbeitet wie Sie.     <\/p>\n","protected":false},"featured_media":25946,"comment_status":"open","ping_status":"closed","template":"","meta":{"_acf_changed":false,"_et_pb_use_builder":"","_et_pb_old_content":"","_et_gb_content_width":""},"product_brand":[1258],"product_cat":[618,776],"product_tag":[954],"pa_connextion-shapes":[],"class_list":{"0":"post-54374","1":"product","2":"type-product","3":"status-publish","4":"has-post-thumbnail","6":"product_brand-zebra","7":"product_cat-tragbare-etikettendrucker","8":"product_cat-rfid-drucker","9":"product_tag-zebra-de","11":"first","12":"instock","13":"sale","14":"taxable","15":"shipping-taxable","16":"purchasable","17":"product-type-variable","18":"has-default-attributes"},"exclude_global_add_ons":[],"addons":[],"acf":[],"yoast_head":"<!-- This site is optimized with the Yoast SEO Premium plugin v27.0 (Yoast SEO v27.1) - https:\/\/yoast.com\/product\/yoast-seo-premium-wordpress\/ -->\n<title>RFID der Zebra ZQ500-Serie<\/title>\n<meta name=\"description\" content=\"Die ZQ500\u2122-Serie von Zebra ist jetzt noch robuster. Die Premiumdrucker ZQ511\u2122 und ZQ521\u2122 \u2013 beide als RFID-Modelle erh\u00e4ltlich \u2013 bieten erstklassiges mobiles Drucken...\" \/>\n<meta name=\"robots\" content=\"index, follow, max-snippet:-1, max-image-preview:large, max-video-preview:-1\" \/>\n<link rel=\"canonical\" href=\"https:\/\/d-identify.be\/de\/produkt\/rfid-der-zebra-zq500-serie\/\" \/>\n<meta property=\"og:locale\" content=\"de_DE\" \/>\n<meta property=\"og:type\" content=\"article\" \/>\n<meta property=\"og:title\" content=\"RFID der Zebra ZQ500-Serie\" \/>\n<meta property=\"og:description\" content=\"Die ZQ500\u2122-Serie von Zebra ist jetzt noch robuster. Die Premiumdrucker ZQ511\u2122 und ZQ521\u2122 \u2013 beide als RFID-Modelle erh\u00e4ltlich \u2013 bieten erstklassiges mobiles Drucken...\" \/>\n<meta property=\"og:url\" content=\"https:\/\/d-identify.be\/de\/produkt\/rfid-der-zebra-zq500-serie\/\" \/>\n<meta property=\"og:site_name\" content=\"d-identify\" \/>\n<meta property=\"og:image\" content=\"https:\/\/d-identify.be\/wp-content\/uploads\/2022\/07\/zebra500.jpg\" \/>\n\t<meta property=\"og:image:width\" content=\"383\" \/>\n\t<meta property=\"og:image:height\" content=\"255\" \/>\n\t<meta property=\"og:image:type\" content=\"image\/jpeg\" \/>\n<meta name=\"twitter:card\" content=\"summary_large_image\" \/>\n<script type=\"application\/ld+json\" class=\"yoast-schema-graph\">{\"@context\":\"https:\/\/schema.org\",\"@graph\":[{\"@type\":\"WebPage\",\"@id\":\"https:\/\/d-identify.be\/de\/produkt\/rfid-der-zebra-zq500-serie\/\",\"url\":\"https:\/\/d-identify.be\/de\/produkt\/rfid-der-zebra-zq500-serie\/\",\"name\":\"RFID der Zebra ZQ500-Serie\",\"isPartOf\":{\"@id\":\"https:\/\/d-identify.be\/de\/#website\"},\"primaryImageOfPage\":{\"@id\":\"https:\/\/d-identify.be\/de\/produkt\/rfid-der-zebra-zq500-serie\/#primaryimage\"},\"image\":{\"@id\":\"https:\/\/d-identify.be\/de\/produkt\/rfid-der-zebra-zq500-serie\/#primaryimage\"},\"thumbnailUrl\":\"https:\/\/d-identify.be\/wp-content\/uploads\/2022\/07\/zebra500.jpg\",\"datePublished\":\"2022-07-12T08:05:21+00:00\",\"description\":\"Die ZQ500\u2122-Serie von Zebra ist jetzt noch robuster. Die Premiumdrucker ZQ511\u2122 und ZQ521\u2122 \u2013 beide als RFID-Modelle erh\u00e4ltlich \u2013 bieten erstklassiges mobiles Drucken...\",\"breadcrumb\":{\"@id\":\"https:\/\/d-identify.be\/de\/produkt\/rfid-der-zebra-zq500-serie\/#breadcrumb\"},\"inLanguage\":\"de\",\"potentialAction\":[{\"@type\":\"ReadAction\",\"target\":[\"https:\/\/d-identify.be\/de\/produkt\/rfid-der-zebra-zq500-serie\/\"]}]},{\"@type\":\"ImageObject\",\"inLanguage\":\"de\",\"@id\":\"https:\/\/d-identify.be\/de\/produkt\/rfid-der-zebra-zq500-serie\/#primaryimage\",\"url\":\"https:\/\/d-identify.be\/wp-content\/uploads\/2022\/07\/zebra500.jpg\",\"contentUrl\":\"https:\/\/d-identify.be\/wp-content\/uploads\/2022\/07\/zebra500.jpg\",\"width\":383,\"height\":255,\"caption\":\"zebra zq500 rfid\"},{\"@type\":\"BreadcrumbList\",\"@id\":\"https:\/\/d-identify.be\/de\/produkt\/rfid-der-zebra-zq500-serie\/#breadcrumb\",\"itemListElement\":[{\"@type\":\"ListItem\",\"position\":1,\"name\":\"Home\",\"item\":\"https:\/\/d-identify.be\/de\/home-2\/\"},{\"@type\":\"ListItem\",\"position\":2,\"name\":\"Shop\",\"item\":\"https:\/\/d-identify.be\/shop-2\/\"},{\"@type\":\"ListItem\",\"position\":3,\"name\":\"RFID der Zebra ZQ500-Serie\"}]},{\"@type\":\"WebSite\",\"@id\":\"https:\/\/d-identify.be\/de\/#website\",\"url\":\"https:\/\/d-identify.be\/de\/\",\"name\":\"d-identify\",\"description\":\"Industrial identification - Lockout - Tagout - Floor marking\",\"potentialAction\":[{\"@type\":\"SearchAction\",\"target\":{\"@type\":\"EntryPoint\",\"urlTemplate\":\"https:\/\/d-identify.be\/de\/?s={search_term_string}\"},\"query-input\":{\"@type\":\"PropertyValueSpecification\",\"valueRequired\":true,\"valueName\":\"search_term_string\"}}],\"inLanguage\":\"de\"}]}<\/script>\n<!-- \/ Yoast SEO Premium plugin. -->","yoast_head_json":{"title":"RFID der Zebra ZQ500-Serie","description":"Die ZQ500\u2122-Serie von Zebra ist jetzt noch robuster. Die Premiumdrucker ZQ511\u2122 und ZQ521\u2122 \u2013 beide als RFID-Modelle erh\u00e4ltlich \u2013 bieten erstklassiges mobiles Drucken...","robots":{"index":"index","follow":"follow","max-snippet":"max-snippet:-1","max-image-preview":"max-image-preview:large","max-video-preview":"max-video-preview:-1"},"canonical":"https:\/\/d-identify.be\/de\/produkt\/rfid-der-zebra-zq500-serie\/","og_locale":"de_DE","og_type":"article","og_title":"RFID der Zebra ZQ500-Serie","og_description":"Die ZQ500\u2122-Serie von Zebra ist jetzt noch robuster. Die Premiumdrucker ZQ511\u2122 und ZQ521\u2122 \u2013 beide als RFID-Modelle erh\u00e4ltlich \u2013 bieten erstklassiges mobiles Drucken...","og_url":"https:\/\/d-identify.be\/de\/produkt\/rfid-der-zebra-zq500-serie\/","og_site_name":"d-identify","og_image":[{"width":383,"height":255,"url":"https:\/\/d-identify.be\/wp-content\/uploads\/2022\/07\/zebra500.jpg","type":"image\/jpeg"}],"twitter_card":"summary_large_image","schema":{"@context":"https:\/\/schema.org","@graph":[{"@type":"WebPage","@id":"https:\/\/d-identify.be\/de\/produkt\/rfid-der-zebra-zq500-serie\/","url":"https:\/\/d-identify.be\/de\/produkt\/rfid-der-zebra-zq500-serie\/","name":"RFID der Zebra ZQ500-Serie","isPartOf":{"@id":"https:\/\/d-identify.be\/de\/#website"},"primaryImageOfPage":{"@id":"https:\/\/d-identify.be\/de\/produkt\/rfid-der-zebra-zq500-serie\/#primaryimage"},"image":{"@id":"https:\/\/d-identify.be\/de\/produkt\/rfid-der-zebra-zq500-serie\/#primaryimage"},"thumbnailUrl":"https:\/\/d-identify.be\/wp-content\/uploads\/2022\/07\/zebra500.jpg","datePublished":"2022-07-12T08:05:21+00:00","description":"Die ZQ500\u2122-Serie von Zebra ist jetzt noch robuster. Die Premiumdrucker ZQ511\u2122 und ZQ521\u2122 \u2013 beide als RFID-Modelle erh\u00e4ltlich \u2013 bieten erstklassiges mobiles Drucken...","breadcrumb":{"@id":"https:\/\/d-identify.be\/de\/produkt\/rfid-der-zebra-zq500-serie\/#breadcrumb"},"inLanguage":"de","potentialAction":[{"@type":"ReadAction","target":["https:\/\/d-identify.be\/de\/produkt\/rfid-der-zebra-zq500-serie\/"]}]},{"@type":"ImageObject","inLanguage":"de","@id":"https:\/\/d-identify.be\/de\/produkt\/rfid-der-zebra-zq500-serie\/#primaryimage","url":"https:\/\/d-identify.be\/wp-content\/uploads\/2022\/07\/zebra500.jpg","contentUrl":"https:\/\/d-identify.be\/wp-content\/uploads\/2022\/07\/zebra500.jpg","width":383,"height":255,"caption":"zebra zq500 rfid"},{"@type":"BreadcrumbList","@id":"https:\/\/d-identify.be\/de\/produkt\/rfid-der-zebra-zq500-serie\/#breadcrumb","itemListElement":[{"@type":"ListItem","position":1,"name":"Home","item":"https:\/\/d-identify.be\/de\/home-2\/"},{"@type":"ListItem","position":2,"name":"Shop","item":"https:\/\/d-identify.be\/shop-2\/"},{"@type":"ListItem","position":3,"name":"RFID der Zebra ZQ500-Serie"}]},{"@type":"WebSite","@id":"https:\/\/d-identify.be\/de\/#website","url":"https:\/\/d-identify.be\/de\/","name":"d-identify","description":"Industrial identification - Lockout - Tagout - Floor marking","potentialAction":[{"@type":"SearchAction","target":{"@type":"EntryPoint","urlTemplate":"https:\/\/d-identify.be\/de\/?s={search_term_string}"},"query-input":{"@type":"PropertyValueSpecification","valueRequired":true,"valueName":"search_term_string"}}],"inLanguage":"de"}]}},"_links":{"self":[{"href":"https:\/\/d-identify.be\/de\/wp-json\/wp\/v2\/product\/54374","targetHints":{"allow":["GET"]}}],"collection":[{"href":"https:\/\/d-identify.be\/de\/wp-json\/wp\/v2\/product"}],"about":[{"href":"https:\/\/d-identify.be\/de\/wp-json\/wp\/v2\/types\/product"}],"replies":[{"embeddable":true,"href":"https:\/\/d-identify.be\/de\/wp-json\/wp\/v2\/comments?post=54374"}],"wp:featuredmedia":[{"embeddable":true,"href":"https:\/\/d-identify.be\/de\/wp-json\/wp\/v2\/media\/25946"}],"wp:attachment":[{"href":"https:\/\/d-identify.be\/de\/wp-json\/wp\/v2\/media?parent=54374"}],"wp:term":[{"taxonomy":"product_brand","embeddable":true,"href":"https:\/\/d-identify.be\/de\/wp-json\/wp\/v2\/product_brand?post=54374"},{"taxonomy":"product_cat","embeddable":true,"href":"https:\/\/d-identify.be\/de\/wp-json\/wp\/v2\/product_cat?post=54374"},{"taxonomy":"product_tag","embeddable":true,"href":"https:\/\/d-identify.be\/de\/wp-json\/wp\/v2\/product_tag?post=54374"},{"taxonomy":"pa_connextion-shapes","embeddable":true,"href":"https:\/\/d-identify.be\/de\/wp-json\/wp\/v2\/pa_connextion-shapes?post=54374"}],"curies":[{"name":"wp","href":"https:\/\/api.w.org\/{rel}","templated":true}]}}