{"id":53998,"date":"2021-07-26T12:42:11","date_gmt":"2021-07-26T10:42:11","guid":{"rendered":"https:\/\/d-identify.be\/product\/ymcko-farbbandkassette-200-drucke\/"},"modified":"2021-07-26T12:42:11","modified_gmt":"2021-07-26T10:42:11","slug":"ymcko-farbbandkassette-200-drucke","status":"publish","type":"product","link":"https:\/\/d-identify.be\/de\/produkt\/ymcko-farbbandkassette-200-drucke\/","title":{"rendered":"YMCKO-Farbbandkassette (200 Drucke)"},"content":{"rendered":"<p>Das Evolis-Farbband (YMCKO) kann bis zu 16 Millionen Farben wiedergeben. Alle B\u00e4nder sind f\u00fcr scharfe, leuchtende Bilder und klaren Text konzipiert. Der Schutzlack verl\u00e4ngert die Lebensdauer Ihrer Ausdrucke. Bedruckte Karten sind daher bis zu 3 Jahre lang haltbar. Diese Verbrauchsmaterialien wurden von der Evolis-Forschungs- und Qualit\u00e4tsabteilung getestet und validiert und bieten Ihnen Druckqualit\u00e4t und Zuverl\u00e4ssigkeit. Zus\u00e4tzlich zu den Standardfarben (Gelb, Magenta, Cyan und Schwarz) sind YMCKO-B\u00e4nder mit einem Schutzlack (O) versehen, der die gedruckten Elemente der Karte sch\u00fctzt.    <\/p>\n","protected":false},"excerpt":{"rendered":"<p>Die Original-Farbb\u00e4nder von Evolis High Trust wurden f\u00fcr optimale Bildqualit\u00e4t mit Evolis-Kartendrucksystemen entwickelt. Sie k\u00f6nnen unser YMCKO-Farbband f\u00fcr jeden ein- oder beidseitigen Farbdruck verwenden. <\/p>\n","protected":false},"featured_media":26298,"comment_status":"open","ping_status":"closed","template":"","meta":{"_acf_changed":false,"_et_pb_use_builder":"","_et_pb_old_content":"","_et_gb_content_width":""},"product_brand":[],"product_cat":[943],"product_tag":[932],"pa_connextion-shapes":[],"class_list":{"0":"post-53998","1":"product","2":"type-product","3":"status-publish","4":"has-post-thumbnail","6":"product_cat-other-products","7":"product_tag-evolis-de","9":"first","10":"instock","11":"sale","12":"taxable","13":"shipping-taxable","14":"purchasable","15":"product-type-simple"},"exclude_global_add_ons":[],"addons":[],"acf":[],"yoast_head":"<!-- This site is optimized with the Yoast SEO Premium plugin v27.0 (Yoast SEO v27.1) - https:\/\/yoast.com\/product\/yoast-seo-premium-wordpress\/ -->\n<title>Evolis-Farbband (YMCKO)<\/title>\n<meta name=\"description\" content=\"Die Evolis YMCKO-Farbbandkassette wurde entwickelt, um mit Evolis-Kartendrucksystemen die allerbeste Bildqualit\u00e4t zu erzielen. Evolis-Farbband (YMCKO)\" \/>\n<meta name=\"robots\" content=\"index, follow, max-snippet:-1, max-image-preview:large, max-video-preview:-1\" \/>\n<link rel=\"canonical\" href=\"https:\/\/d-identify.be\/de\/produkt\/ymcko-farbbandkassette-200-drucke\/\" \/>\n<meta property=\"og:locale\" content=\"de_DE\" \/>\n<meta property=\"og:type\" content=\"article\" \/>\n<meta property=\"og:title\" content=\"YMCKO-Farbbandkassette (200 Drucke)\" \/>\n<meta property=\"og:description\" content=\"Die Evolis YMCKO-Farbbandkassette wurde entwickelt, um mit Evolis-Kartendrucksystemen die allerbeste Bildqualit\u00e4t zu erzielen. Evolis-Farbband (YMCKO)\" \/>\n<meta property=\"og:url\" content=\"https:\/\/d-identify.be\/de\/produkt\/ymcko-farbbandkassette-200-drucke\/\" \/>\n<meta property=\"og:site_name\" content=\"d-identify\" \/>\n<meta property=\"og:image\" content=\"https:\/\/d-identify.be\/wp-content\/uploads\/2021\/07\/YMCKO-ribbon.jpg\" \/>\n\t<meta property=\"og:image:width\" content=\"640\" \/>\n\t<meta property=\"og:image:height\" content=\"480\" \/>\n\t<meta property=\"og:image:type\" content=\"image\/jpeg\" \/>\n<meta name=\"twitter:card\" content=\"summary_large_image\" \/>\n<script type=\"application\/ld+json\" class=\"yoast-schema-graph\">{\"@context\":\"https:\/\/schema.org\",\"@graph\":[{\"@type\":\"WebPage\",\"@id\":\"https:\/\/d-identify.be\/de\/produkt\/ymcko-farbbandkassette-200-drucke\/\",\"url\":\"https:\/\/d-identify.be\/de\/produkt\/ymcko-farbbandkassette-200-drucke\/\",\"name\":\"Evolis-Farbband (YMCKO)\",\"isPartOf\":{\"@id\":\"https:\/\/d-identify.be\/de\/#website\"},\"primaryImageOfPage\":{\"@id\":\"https:\/\/d-identify.be\/de\/produkt\/ymcko-farbbandkassette-200-drucke\/#primaryimage\"},\"image\":{\"@id\":\"https:\/\/d-identify.be\/de\/produkt\/ymcko-farbbandkassette-200-drucke\/#primaryimage\"},\"thumbnailUrl\":\"https:\/\/d-identify.be\/wp-content\/uploads\/2021\/07\/YMCKO-ribbon.jpg\",\"datePublished\":\"2021-07-26T10:42:11+00:00\",\"description\":\"Die Evolis YMCKO-Farbbandkassette wurde entwickelt, um mit Evolis-Kartendrucksystemen die allerbeste Bildqualit\u00e4t zu erzielen. Evolis-Farbband (YMCKO)\",\"breadcrumb\":{\"@id\":\"https:\/\/d-identify.be\/de\/produkt\/ymcko-farbbandkassette-200-drucke\/#breadcrumb\"},\"inLanguage\":\"de\",\"potentialAction\":[{\"@type\":\"ReadAction\",\"target\":[\"https:\/\/d-identify.be\/de\/produkt\/ymcko-farbbandkassette-200-drucke\/\"]}]},{\"@type\":\"ImageObject\",\"inLanguage\":\"de\",\"@id\":\"https:\/\/d-identify.be\/de\/produkt\/ymcko-farbbandkassette-200-drucke\/#primaryimage\",\"url\":\"https:\/\/d-identify.be\/wp-content\/uploads\/2021\/07\/YMCKO-ribbon.jpg\",\"contentUrl\":\"https:\/\/d-identify.be\/wp-content\/uploads\/2021\/07\/YMCKO-ribbon.jpg\",\"width\":640,\"height\":480,\"caption\":\"YMCKO ribbon cassette (200 prints) - Industrial Labelling supplies\"},{\"@type\":\"BreadcrumbList\",\"@id\":\"https:\/\/d-identify.be\/de\/produkt\/ymcko-farbbandkassette-200-drucke\/#breadcrumb\",\"itemListElement\":[{\"@type\":\"ListItem\",\"position\":1,\"name\":\"Home\",\"item\":\"https:\/\/d-identify.be\/de\/home-2\/\"},{\"@type\":\"ListItem\",\"position\":2,\"name\":\"Shop\",\"item\":\"https:\/\/d-identify.be\/shop-2\/\"},{\"@type\":\"ListItem\",\"position\":3,\"name\":\"YMCKO-Farbbandkassette (200 Drucke)\"}]},{\"@type\":\"WebSite\",\"@id\":\"https:\/\/d-identify.be\/de\/#website\",\"url\":\"https:\/\/d-identify.be\/de\/\",\"name\":\"d-identify\",\"description\":\"Industrial identification - Lockout - Tagout - Floor marking\",\"potentialAction\":[{\"@type\":\"SearchAction\",\"target\":{\"@type\":\"EntryPoint\",\"urlTemplate\":\"https:\/\/d-identify.be\/de\/?s={search_term_string}\"},\"query-input\":{\"@type\":\"PropertyValueSpecification\",\"valueRequired\":true,\"valueName\":\"search_term_string\"}}],\"inLanguage\":\"de\"}]}<\/script>\n<!-- \/ Yoast SEO Premium plugin. -->","yoast_head_json":{"title":"Evolis-Farbband (YMCKO)","description":"Die Evolis YMCKO-Farbbandkassette wurde entwickelt, um mit Evolis-Kartendrucksystemen die allerbeste Bildqualit\u00e4t zu erzielen. Evolis-Farbband (YMCKO)","robots":{"index":"index","follow":"follow","max-snippet":"max-snippet:-1","max-image-preview":"max-image-preview:large","max-video-preview":"max-video-preview:-1"},"canonical":"https:\/\/d-identify.be\/de\/produkt\/ymcko-farbbandkassette-200-drucke\/","og_locale":"de_DE","og_type":"article","og_title":"YMCKO-Farbbandkassette (200 Drucke)","og_description":"Die Evolis YMCKO-Farbbandkassette wurde entwickelt, um mit Evolis-Kartendrucksystemen die allerbeste Bildqualit\u00e4t zu erzielen. Evolis-Farbband (YMCKO)","og_url":"https:\/\/d-identify.be\/de\/produkt\/ymcko-farbbandkassette-200-drucke\/","og_site_name":"d-identify","og_image":[{"width":640,"height":480,"url":"https:\/\/d-identify.be\/wp-content\/uploads\/2021\/07\/YMCKO-ribbon.jpg","type":"image\/jpeg"}],"twitter_card":"summary_large_image","schema":{"@context":"https:\/\/schema.org","@graph":[{"@type":"WebPage","@id":"https:\/\/d-identify.be\/de\/produkt\/ymcko-farbbandkassette-200-drucke\/","url":"https:\/\/d-identify.be\/de\/produkt\/ymcko-farbbandkassette-200-drucke\/","name":"Evolis-Farbband (YMCKO)","isPartOf":{"@id":"https:\/\/d-identify.be\/de\/#website"},"primaryImageOfPage":{"@id":"https:\/\/d-identify.be\/de\/produkt\/ymcko-farbbandkassette-200-drucke\/#primaryimage"},"image":{"@id":"https:\/\/d-identify.be\/de\/produkt\/ymcko-farbbandkassette-200-drucke\/#primaryimage"},"thumbnailUrl":"https:\/\/d-identify.be\/wp-content\/uploads\/2021\/07\/YMCKO-ribbon.jpg","datePublished":"2021-07-26T10:42:11+00:00","description":"Die Evolis YMCKO-Farbbandkassette wurde entwickelt, um mit Evolis-Kartendrucksystemen die allerbeste Bildqualit\u00e4t zu erzielen. Evolis-Farbband (YMCKO)","breadcrumb":{"@id":"https:\/\/d-identify.be\/de\/produkt\/ymcko-farbbandkassette-200-drucke\/#breadcrumb"},"inLanguage":"de","potentialAction":[{"@type":"ReadAction","target":["https:\/\/d-identify.be\/de\/produkt\/ymcko-farbbandkassette-200-drucke\/"]}]},{"@type":"ImageObject","inLanguage":"de","@id":"https:\/\/d-identify.be\/de\/produkt\/ymcko-farbbandkassette-200-drucke\/#primaryimage","url":"https:\/\/d-identify.be\/wp-content\/uploads\/2021\/07\/YMCKO-ribbon.jpg","contentUrl":"https:\/\/d-identify.be\/wp-content\/uploads\/2021\/07\/YMCKO-ribbon.jpg","width":640,"height":480,"caption":"YMCKO ribbon cassette (200 prints) - Industrial Labelling supplies"},{"@type":"BreadcrumbList","@id":"https:\/\/d-identify.be\/de\/produkt\/ymcko-farbbandkassette-200-drucke\/#breadcrumb","itemListElement":[{"@type":"ListItem","position":1,"name":"Home","item":"https:\/\/d-identify.be\/de\/home-2\/"},{"@type":"ListItem","position":2,"name":"Shop","item":"https:\/\/d-identify.be\/shop-2\/"},{"@type":"ListItem","position":3,"name":"YMCKO-Farbbandkassette (200 Drucke)"}]},{"@type":"WebSite","@id":"https:\/\/d-identify.be\/de\/#website","url":"https:\/\/d-identify.be\/de\/","name":"d-identify","description":"Industrial identification - Lockout - Tagout - Floor marking","potentialAction":[{"@type":"SearchAction","target":{"@type":"EntryPoint","urlTemplate":"https:\/\/d-identify.be\/de\/?s={search_term_string}"},"query-input":{"@type":"PropertyValueSpecification","valueRequired":true,"valueName":"search_term_string"}}],"inLanguage":"de"}]}},"_links":{"self":[{"href":"https:\/\/d-identify.be\/de\/wp-json\/wp\/v2\/product\/53998","targetHints":{"allow":["GET"]}}],"collection":[{"href":"https:\/\/d-identify.be\/de\/wp-json\/wp\/v2\/product"}],"about":[{"href":"https:\/\/d-identify.be\/de\/wp-json\/wp\/v2\/types\/product"}],"replies":[{"embeddable":true,"href":"https:\/\/d-identify.be\/de\/wp-json\/wp\/v2\/comments?post=53998"}],"wp:featuredmedia":[{"embeddable":true,"href":"https:\/\/d-identify.be\/de\/wp-json\/wp\/v2\/media\/26298"}],"wp:attachment":[{"href":"https:\/\/d-identify.be\/de\/wp-json\/wp\/v2\/media?parent=53998"}],"wp:term":[{"taxonomy":"product_brand","embeddable":true,"href":"https:\/\/d-identify.be\/de\/wp-json\/wp\/v2\/product_brand?post=53998"},{"taxonomy":"product_cat","embeddable":true,"href":"https:\/\/d-identify.be\/de\/wp-json\/wp\/v2\/product_cat?post=53998"},{"taxonomy":"product_tag","embeddable":true,"href":"https:\/\/d-identify.be\/de\/wp-json\/wp\/v2\/product_tag?post=53998"},{"taxonomy":"pa_connextion-shapes","embeddable":true,"href":"https:\/\/d-identify.be\/de\/wp-json\/wp\/v2\/pa_connextion-shapes?post=53998"}],"curies":[{"name":"wp","href":"https:\/\/api.w.org\/{rel}","templated":true}]}}