{"id":53719,"date":"2021-07-26T12:40:44","date_gmt":"2021-07-26T11:40:44","guid":{"rendered":"https:\/\/d-identify.be\/product\/mh241-series\/"},"modified":"2026-03-13T09:32:05","modified_gmt":"2026-03-13T07:32:05","slug":"tsc-mh241t-203dpi-industrie-etikettendrucker","status":"publish","type":"product","link":"https:\/\/d-identify.be\/de\/produkt\/tsc-mh241t-203dpi-industrie-etikettendrucker\/","title":{"rendered":"TSC MH241T Industrie Etikettendrucker (203 dpi, Thermotransfer, Ethernet)"},"content":{"rendered":"<h2>Industrieller Etikettendruck f\u00fcr Logistik und Produktion<\/h2>\n<p>Der <strong>TSC MH241T 203 dpi Industrie Etikettendrucker<\/strong> wurde f\u00fcr zuverl\u00e4ssigen Etikettendruck in Logistik, Produktion und Lager entwickelt. Seine robuste Metallkonstruktion sorgt f\u00fcr stabile Leistung in anspruchsvollen industriellen Arbeitsumgebungen.<\/p>\n<p>Thermotransferdruck erzeugt langlebige Etiketten und klare Barcodes. Diese Technologie eignet sich f\u00fcr Produktetiketten, Lagerkennzeichnung und industrielle Markierung.<\/p>\n<h2>Industrieller Barcode Drucker mit flexibler Konnektivit\u00e4t<\/h2>\n<p>Der Drucker unterst\u00fctzt USB Host, RS232 und Ethernet Schnittstellen. Die Integration in ERP-Systeme, Lagerverwaltung und Produktionssoftware bleibt einfach.<\/p>\n<p>Gap Sensor und Black Mark Sensor erm\u00f6glichen eine pr\u00e4zise Erkennung verschiedener Etikettenmaterialien.<\/p>\n<h2>Touchscreen Bedienung und hohe Druckgeschwindigkeit<\/h2>\n<p>Ein Farb-Touchscreen vereinfacht die Konfiguration und t\u00e4gliche Bedienung des Druckers. Bediener k\u00f6nnen Einstellungen und Status schnell \u00fcberpr\u00fcfen.<\/p>\n<p>Der <strong>TSC MH241T 203 dpi Industrie Etikettendrucker<\/strong> erreicht Druckgeschwindigkeiten bis zu 356 mm pro Sekunde. Diese Leistung eignet sich f\u00fcr hohe Etikettenvolumen in industriellen Anwendungen.<\/p>\n<h2>Technische Dokumentation<\/h2>\n<p><u><a href=\"https:\/\/d-identify.be\/wp-content\/uploads\/2025\/03\/tsc_mh_241_series.pdf\" target=\"_blank\" rel=\"noopener\">Technisches Datenblatt herunterladen (PDF)<\/a><\/u><\/p>\n","protected":false},"excerpt":{"rendered":"<p><strong>TSC MH241T Industrie Etikettendrucker<\/strong> mit 203 dpi Aufl\u00f6sung und Thermotransfer Drucktechnologie. Ausgestattet mit Touchscreen Display, USB Host, RS232 und Ethernet.<\/p>\n<p><u><a href=\"https:\/\/d-identify.be\/wp-content\/uploads\/2025\/03\/tsc_mh_241_series.pdf\" target=\"_blank\" rel=\"noopener\">Technisches Datenblatt herunterladen (PDF)<\/a><\/u><\/p>\n<p><strong>Hauptfunktionen<\/strong><\/p>\n","protected":false},"featured_media":53709,"comment_status":"open","ping_status":"closed","template":"","meta":{"_acf_changed":false,"_et_pb_use_builder":"","_et_pb_old_content":"","_et_gb_content_width":""},"product_brand":[],"product_cat":[659],"product_tag":[],"pa_connextion-shapes":[],"class_list":{"0":"post-53719","1":"product","2":"type-product","3":"status-publish","4":"has-post-thumbnail","6":"product_cat-thermotransfer-industriedrucker","8":"first","9":"instock","10":"sale","11":"taxable","12":"shipping-taxable","13":"purchasable","14":"product-type-simple"},"exclude_global_add_ons":false,"addons":[{"name":"TSC-Fr\u00e4ser","type":"checkbox","position":0,"required":false,"title_format":"heading","default":"","description_enable":true,"description":"passend f\u00fcr: MH241 Serie","placeholder_enable":false,"placeholder":"","display":"select","restrictions_type":"any_text","adjust_price":false,"price":"","price_type":"flat_fee","restrictions":false,"min":"0","max":"0","options":[{"label":"Cutter, normal : CUT-MH241-0001","price":"393","price_type":"flat_fee","image":0,"visibility":true},{"label":"Schwerlast :CUT-MH241-0002","price":"693","price_type":"flat_fee","image":0,"visibility":true}],"id":1743073384},{"name":"TSC interface, Wi-Fi, Bluetooth","type":"checkbox","position":1,"required":false,"title_format":"heading","default":"","description_enable":true,"description":"Wi-Fi (802.11 abgn), Bluetooth (4.2), fits for: MH241","placeholder_enable":false,"placeholder":"","display":"select","restrictions_type":"any_text","adjust_price":false,"price":"","price_type":"flat_fee","restrictions":false,"min":"0","max":"0","options":[{"label":"WF-COM-2002","price":"357","price_type":"flat_fee","image":0,"visibility":true}],"id":1743073723},{"name":"Onsite Installatie voor de Benelux regio.","type":"checkbox","position":0,"required":true,"title_format":"heading","default":"","description_enable":true,"description":"Laat Uw printer installeren en configureren onsite door een expert","placeholder_enable":false,"placeholder":"","display":"select","restrictions_type":"any_text","adjust_price":false,"price":"","price_type":"flat_fee","restrictions":false,"min":"0","max":"0","options":[{"label":"BENELUX ONSITE INSTALL","price":"100","price_type":"flat_fee","image":0,"visibility":true}],"id":1746798096}],"acf":[],"yoast_head":"<!-- This site is optimized with the Yoast SEO Premium plugin v27.0 (Yoast SEO v27.1) - https:\/\/yoast.com\/product\/yoast-seo-premium-wordpress\/ -->\n<title>TSC MH241T 203 dpi Industrie Etikettendrucker | D-identify<\/title>\n<meta name=\"description\" content=\"TSC MH241T 203 dpi Industrie Etikettendrucker f\u00fcr Barcode- und Produktetiketten. Thermotransferdrucker mit Touchscreen, USB und Ethernet.\" \/>\n<meta name=\"robots\" content=\"index, follow, max-snippet:-1, max-image-preview:large, max-video-preview:-1\" \/>\n<link rel=\"canonical\" href=\"https:\/\/d-identify.be\/de\/produkt\/tsc-mh241t-203dpi-industrie-etikettendrucker\/\" \/>\n<meta property=\"og:locale\" content=\"de_DE\" \/>\n<meta property=\"og:type\" content=\"article\" \/>\n<meta property=\"og:title\" content=\"TSC MH241T Industrie Etikettendrucker (203 dpi, Thermotransfer, Ethernet)\" \/>\n<meta property=\"og:description\" content=\"TSC MH241T 203 dpi Industrie Etikettendrucker f\u00fcr Barcode- und Produktetiketten. Thermotransferdrucker mit Touchscreen, USB und Ethernet.\" \/>\n<meta property=\"og:url\" content=\"https:\/\/d-identify.be\/de\/produkt\/tsc-mh241t-203dpi-industrie-etikettendrucker\/\" \/>\n<meta property=\"og:site_name\" content=\"d-identify\" \/>\n<meta property=\"article:modified_time\" content=\"2026-03-13T07:32:05+00:00\" \/>\n<meta property=\"og:image\" content=\"https:\/\/d-identify.be\/wp-content\/uploads\/2021\/07\/mh-241-t_3-1.png\" \/>\n\t<meta property=\"og:image:width\" content=\"500\" \/>\n\t<meta property=\"og:image:height\" content=\"500\" \/>\n\t<meta property=\"og:image:type\" content=\"image\/png\" \/>\n<meta name=\"twitter:card\" content=\"summary_large_image\" \/>\n<meta name=\"twitter:label1\" content=\"Gesch\u00e4tzte Lesezeit\" \/>\n\t<meta name=\"twitter:data1\" content=\"1\u00a0Minute\" \/>\n<script type=\"application\/ld+json\" class=\"yoast-schema-graph\">{\"@context\":\"https:\/\/schema.org\",\"@graph\":[{\"@type\":\"WebPage\",\"@id\":\"https:\/\/d-identify.be\/de\/produkt\/tsc-mh241t-203dpi-industrie-etikettendrucker\/\",\"url\":\"https:\/\/d-identify.be\/de\/produkt\/tsc-mh241t-203dpi-industrie-etikettendrucker\/\",\"name\":\"TSC MH241T 203 dpi Industrie Etikettendrucker | D-identify\",\"isPartOf\":{\"@id\":\"https:\/\/d-identify.be\/de\/#website\"},\"primaryImageOfPage\":{\"@id\":\"https:\/\/d-identify.be\/de\/produkt\/tsc-mh241t-203dpi-industrie-etikettendrucker\/#primaryimage\"},\"image\":{\"@id\":\"https:\/\/d-identify.be\/de\/produkt\/tsc-mh241t-203dpi-industrie-etikettendrucker\/#primaryimage\"},\"thumbnailUrl\":\"https:\/\/d-identify.be\/wp-content\/uploads\/2021\/07\/mh-241-t_3-1.png\",\"datePublished\":\"2021-07-26T11:40:44+00:00\",\"dateModified\":\"2026-03-13T07:32:05+00:00\",\"description\":\"TSC MH241T 203 dpi Industrie Etikettendrucker f\u00fcr Barcode- und Produktetiketten. Thermotransferdrucker mit Touchscreen, USB und Ethernet.\",\"breadcrumb\":{\"@id\":\"https:\/\/d-identify.be\/de\/produkt\/tsc-mh241t-203dpi-industrie-etikettendrucker\/#breadcrumb\"},\"inLanguage\":\"de\",\"potentialAction\":[{\"@type\":\"ReadAction\",\"target\":[\"https:\/\/d-identify.be\/de\/produkt\/tsc-mh241t-203dpi-industrie-etikettendrucker\/\"]}]},{\"@type\":\"ImageObject\",\"inLanguage\":\"de\",\"@id\":\"https:\/\/d-identify.be\/de\/produkt\/tsc-mh241t-203dpi-industrie-etikettendrucker\/#primaryimage\",\"url\":\"https:\/\/d-identify.be\/wp-content\/uploads\/2021\/07\/mh-241-t_3-1.png\",\"contentUrl\":\"https:\/\/d-identify.be\/wp-content\/uploads\/2021\/07\/mh-241-t_3-1.png\",\"width\":500,\"height\":500,\"caption\":\"TSC MH241T 203 dpi Industrie Etikettendrucker | D-identify\"},{\"@type\":\"BreadcrumbList\",\"@id\":\"https:\/\/d-identify.be\/de\/produkt\/tsc-mh241t-203dpi-industrie-etikettendrucker\/#breadcrumb\",\"itemListElement\":[{\"@type\":\"ListItem\",\"position\":1,\"name\":\"Home\",\"item\":\"https:\/\/d-identify.be\/de\/home-2\/\"},{\"@type\":\"ListItem\",\"position\":2,\"name\":\"Shop\",\"item\":\"https:\/\/d-identify.be\/shop-2\/\"},{\"@type\":\"ListItem\",\"position\":3,\"name\":\"TSC MH241T Industrie Etikettendrucker (203 dpi, Thermotransfer, Ethernet)\"}]},{\"@type\":\"WebSite\",\"@id\":\"https:\/\/d-identify.be\/de\/#website\",\"url\":\"https:\/\/d-identify.be\/de\/\",\"name\":\"d-identify\",\"description\":\"Industrial identification - Lockout - Tagout - Floor marking\",\"potentialAction\":[{\"@type\":\"SearchAction\",\"target\":{\"@type\":\"EntryPoint\",\"urlTemplate\":\"https:\/\/d-identify.be\/de\/?s={search_term_string}\"},\"query-input\":{\"@type\":\"PropertyValueSpecification\",\"valueRequired\":true,\"valueName\":\"search_term_string\"}}],\"inLanguage\":\"de\"}]}<\/script>\n<!-- \/ Yoast SEO Premium plugin. -->","yoast_head_json":{"title":"TSC MH241T 203 dpi Industrie Etikettendrucker | D-identify","description":"TSC MH241T 203 dpi Industrie Etikettendrucker f\u00fcr Barcode- und Produktetiketten. Thermotransferdrucker mit Touchscreen, USB und Ethernet.","robots":{"index":"index","follow":"follow","max-snippet":"max-snippet:-1","max-image-preview":"max-image-preview:large","max-video-preview":"max-video-preview:-1"},"canonical":"https:\/\/d-identify.be\/de\/produkt\/tsc-mh241t-203dpi-industrie-etikettendrucker\/","og_locale":"de_DE","og_type":"article","og_title":"TSC MH241T Industrie Etikettendrucker (203 dpi, Thermotransfer, Ethernet)","og_description":"TSC MH241T 203 dpi Industrie Etikettendrucker f\u00fcr Barcode- und Produktetiketten. Thermotransferdrucker mit Touchscreen, USB und Ethernet.","og_url":"https:\/\/d-identify.be\/de\/produkt\/tsc-mh241t-203dpi-industrie-etikettendrucker\/","og_site_name":"d-identify","article_modified_time":"2026-03-13T07:32:05+00:00","og_image":[{"width":500,"height":500,"url":"https:\/\/d-identify.be\/wp-content\/uploads\/2021\/07\/mh-241-t_3-1.png","type":"image\/png"}],"twitter_card":"summary_large_image","twitter_misc":{"Gesch\u00e4tzte Lesezeit":"1\u00a0Minute"},"schema":{"@context":"https:\/\/schema.org","@graph":[{"@type":"WebPage","@id":"https:\/\/d-identify.be\/de\/produkt\/tsc-mh241t-203dpi-industrie-etikettendrucker\/","url":"https:\/\/d-identify.be\/de\/produkt\/tsc-mh241t-203dpi-industrie-etikettendrucker\/","name":"TSC MH241T 203 dpi Industrie Etikettendrucker | D-identify","isPartOf":{"@id":"https:\/\/d-identify.be\/de\/#website"},"primaryImageOfPage":{"@id":"https:\/\/d-identify.be\/de\/produkt\/tsc-mh241t-203dpi-industrie-etikettendrucker\/#primaryimage"},"image":{"@id":"https:\/\/d-identify.be\/de\/produkt\/tsc-mh241t-203dpi-industrie-etikettendrucker\/#primaryimage"},"thumbnailUrl":"https:\/\/d-identify.be\/wp-content\/uploads\/2021\/07\/mh-241-t_3-1.png","datePublished":"2021-07-26T11:40:44+00:00","dateModified":"2026-03-13T07:32:05+00:00","description":"TSC MH241T 203 dpi Industrie Etikettendrucker f\u00fcr Barcode- und Produktetiketten. Thermotransferdrucker mit Touchscreen, USB und Ethernet.","breadcrumb":{"@id":"https:\/\/d-identify.be\/de\/produkt\/tsc-mh241t-203dpi-industrie-etikettendrucker\/#breadcrumb"},"inLanguage":"de","potentialAction":[{"@type":"ReadAction","target":["https:\/\/d-identify.be\/de\/produkt\/tsc-mh241t-203dpi-industrie-etikettendrucker\/"]}]},{"@type":"ImageObject","inLanguage":"de","@id":"https:\/\/d-identify.be\/de\/produkt\/tsc-mh241t-203dpi-industrie-etikettendrucker\/#primaryimage","url":"https:\/\/d-identify.be\/wp-content\/uploads\/2021\/07\/mh-241-t_3-1.png","contentUrl":"https:\/\/d-identify.be\/wp-content\/uploads\/2021\/07\/mh-241-t_3-1.png","width":500,"height":500,"caption":"TSC MH241T 203 dpi Industrie Etikettendrucker | D-identify"},{"@type":"BreadcrumbList","@id":"https:\/\/d-identify.be\/de\/produkt\/tsc-mh241t-203dpi-industrie-etikettendrucker\/#breadcrumb","itemListElement":[{"@type":"ListItem","position":1,"name":"Home","item":"https:\/\/d-identify.be\/de\/home-2\/"},{"@type":"ListItem","position":2,"name":"Shop","item":"https:\/\/d-identify.be\/shop-2\/"},{"@type":"ListItem","position":3,"name":"TSC MH241T Industrie Etikettendrucker (203 dpi, Thermotransfer, Ethernet)"}]},{"@type":"WebSite","@id":"https:\/\/d-identify.be\/de\/#website","url":"https:\/\/d-identify.be\/de\/","name":"d-identify","description":"Industrial identification - Lockout - Tagout - Floor marking","potentialAction":[{"@type":"SearchAction","target":{"@type":"EntryPoint","urlTemplate":"https:\/\/d-identify.be\/de\/?s={search_term_string}"},"query-input":{"@type":"PropertyValueSpecification","valueRequired":true,"valueName":"search_term_string"}}],"inLanguage":"de"}]}},"_links":{"self":[{"href":"https:\/\/d-identify.be\/de\/wp-json\/wp\/v2\/product\/53719","targetHints":{"allow":["GET"]}}],"collection":[{"href":"https:\/\/d-identify.be\/de\/wp-json\/wp\/v2\/product"}],"about":[{"href":"https:\/\/d-identify.be\/de\/wp-json\/wp\/v2\/types\/product"}],"replies":[{"embeddable":true,"href":"https:\/\/d-identify.be\/de\/wp-json\/wp\/v2\/comments?post=53719"}],"wp:featuredmedia":[{"embeddable":true,"href":"https:\/\/d-identify.be\/de\/wp-json\/wp\/v2\/media\/53709"}],"wp:attachment":[{"href":"https:\/\/d-identify.be\/de\/wp-json\/wp\/v2\/media?parent=53719"}],"wp:term":[{"taxonomy":"product_brand","embeddable":true,"href":"https:\/\/d-identify.be\/de\/wp-json\/wp\/v2\/product_brand?post=53719"},{"taxonomy":"product_cat","embeddable":true,"href":"https:\/\/d-identify.be\/de\/wp-json\/wp\/v2\/product_cat?post=53719"},{"taxonomy":"product_tag","embeddable":true,"href":"https:\/\/d-identify.be\/de\/wp-json\/wp\/v2\/product_tag?post=53719"},{"taxonomy":"pa_connextion-shapes","embeddable":true,"href":"https:\/\/d-identify.be\/de\/wp-json\/wp\/v2\/pa_connextion-shapes?post=53719"}],"curies":[{"name":"wp","href":"https:\/\/api.w.org\/{rel}","templated":true}]}}