{"id":53683,"date":"2022-07-11T10:37:51","date_gmt":"2022-07-11T08:37:51","guid":{"rendered":"https:\/\/d-identify.be\/product\/printronix-auto-id-t4000-rfid\/"},"modified":"2022-07-11T10:37:51","modified_gmt":"2022-07-11T08:37:51","slug":"printronix-auto-id-t4000-rfid","status":"publish","type":"product","link":"https:\/\/d-identify.be\/de\/produkt\/printronix-auto-id-t4000-rfid\/","title":{"rendered":"Printronix Auto ID T4000-RFID"},"content":{"rendered":"<div class='et-learn-more clearfix'>\n\t\t\t\t\t<h3 class='heading-more'>Small, Fast, and Ready to Boost Productivity.<span class='et_learnmore_arrow'><span><\/span><\/span><\/h3>\n\t\t\t\t\t<div class='learn-more-content'><p>Der Printronix Industrial RFID Printer T4000 ist unser kompaktester und kosteng\u00fcnstigster Industriedrucker. Er druckt t\u00e4glich 5.000 Etiketten mit einer Geschwindigkeit von bis zu 25 cm pro Sekunde. Wenn Sie Ihre Produktivit\u00e4t steigern m\u00f6chten, sind Sie hier genau richtig. Der Printronix Industrial RFID Printer T4000 bietet RFID-Funktionalit\u00e4t, die Printronix System Architecture (PSA) mit vielf\u00e4ltigen Anschlussm\u00f6glichkeiten, Remote-Druckerverwaltungstools und automatischen Warnmeldungen f\u00fcr optimale Effizienz und Produktivit\u00e4t in Ihrem Unternehmen.<\/div>\n\t\t\t\t<\/div>\n<div class='et-learn-more clearfix'>\n\t\t\t\t\t<h3 class='heading-more'>Enterprise-Level Productivity<span class='et_learnmore_arrow'><span><\/span><\/span><\/h3>\n\t\t\t\t\t<div class='learn-more-content'><ul>\n<li>Au\u00dfergew\u00f6hnliche Druckgeschwindigkeit von 10 ips<\/li>\n<li>Druckt bis zu 5.000 Etiketten pro Tag in anspruchsvollen Umgebungen<\/li>\n<li>Kompatibel mit PrintNet Enterprise, einem Druckerverwaltungstool<\/li>\n<li>Schneller ARM Cortex A-7 Prozessor<\/li>\n<li>Automatisierte Warnmeldungen sorgen f\u00fcr Effizienz und Produktivit\u00e4t in Ihrem Unternehmen<\/li>\n<li>Die Betriebszeit wird durch 450 m lange B\u00e4nder und eine 8-Zoll-Etikettenrollenkapazit\u00e4t maximiert<\/li>\n<\/ul><\/div>\n\t\t\t\t<\/div>\n<div class='et-learn-more clearfix'>\n\t\t\t\t\t<h3 class='heading-more'>Dependable Design<span class='et_learnmore_arrow'><span><\/span><\/span><\/h3>\n\t\t\t\t\t<div class='learn-more-content'><ul>\n<li>Robustes Metallgeh\u00e4use mit zweifach faltbarer Seitenwand<\/li>\n<li>Basiert auf der Printronix System Architecture (PSA)-Plattform f\u00fcr bew\u00e4hrte Zuverl\u00e4ssigkeit<\/li>\n<li>Propriet\u00e4re Druckkopfalgorithmen liefern hochwertige Barcodes<\/li>\n<li>Gro\u00dfer LCD-Farbbildschirm und benutzerfreundliches Bedienfeld<\/li>\n<li>Hohe MTBF von bis zu 12.000 Stunden<\/li>\n<li>Gro\u00dfer Betriebstemperaturbereich von 0 \u00b0C bis 40 \u00b0C<\/li>\n<\/ul><\/div>\n\t\t\t\t<\/div>\n","protected":false},"excerpt":{"rendered":"<p>Unser Printronix Industrie-RFID-Drucker T4000 bietet das gleiche kompakte und kosteng\u00fcnstige Design wie unsere Printronix Auto ID Enterprise-Industriedrucker und kann t\u00e4glich 5.000 Etiketten mit einer Geschwindigkeit von bis zu 25 cm\/s drucken. Diese Serie bietet au\u00dferdem RFID-Funktionalit\u00e4t, die Printronix System Architecture (PSA) mit vielf\u00e4ltigen Anschlussm\u00f6glichkeiten, Remote-Druckerverwaltungstools und automatisierten Warnmeldungen f\u00fcr optimale Effizienz und Produktivit\u00e4t in Ihrem Unternehmen. Der T4000 ist ein Industriedrucker, der Standard-RFID-Etiketten und On-Metal-Tags bedrucken und kodieren kann. F\u00fcr das T4000-Standardmodell sind RFID-Upgrade-Kits erh\u00e4ltlich, die Kunden eine kosteng\u00fcnstige L\u00f6sung zur Integration der RFID-Technologie in ihren Betrieb ohne Vorabinvestition bieten.  <\/p>\n","protected":false},"featured_media":26006,"comment_status":"open","ping_status":"closed","template":"","meta":{"_acf_changed":false,"_et_pb_use_builder":"","_et_pb_old_content":"","_et_gb_content_width":""},"product_brand":[1244],"product_cat":[659,776],"product_tag":[938],"pa_connextion-shapes":[],"class_list":{"0":"post-53683","1":"product","2":"type-product","3":"status-publish","4":"has-post-thumbnail","6":"product_brand-printronix","7":"product_cat-thermotransfer-industriedrucker","8":"product_cat-rfid-drucker","9":"product_tag-printronix-de","11":"first","12":"instock","13":"sale","14":"taxable","15":"shipping-taxable","16":"purchasable","17":"product-type-variable","18":"has-default-attributes"},"exclude_global_add_ons":[],"addons":[],"acf":[],"yoast_head":"<!-- This site is optimized with the Yoast SEO Premium plugin v27.0 (Yoast SEO v27.1) - https:\/\/yoast.com\/product\/yoast-seo-premium-wordpress\/ -->\n<title>Printronix Industrieller RFID-Drucker T4000<\/title>\n<meta name=\"description\" content=\"Unser Printronix Industrial RFID-Drucker T4000 verf\u00fcgt \u00fcber dasselbe kompakte und preisg\u00fcnstige Design wie unsere Printronix Auto-ID-Drucker.\" \/>\n<meta name=\"robots\" content=\"index, follow, max-snippet:-1, max-image-preview:large, max-video-preview:-1\" \/>\n<link rel=\"canonical\" href=\"https:\/\/d-identify.be\/de\/produkt\/printronix-auto-id-t4000-rfid\/\" \/>\n<meta property=\"og:locale\" content=\"de_DE\" \/>\n<meta property=\"og:type\" content=\"article\" \/>\n<meta property=\"og:title\" content=\"Printronix Auto ID T4000-RFID\" \/>\n<meta property=\"og:description\" content=\"Unser Printronix Industrial RFID-Drucker T4000 verf\u00fcgt \u00fcber dasselbe kompakte und preisg\u00fcnstige Design wie unsere Printronix Auto-ID-Drucker.\" \/>\n<meta property=\"og:url\" content=\"https:\/\/d-identify.be\/de\/produkt\/printronix-auto-id-t4000-rfid\/\" \/>\n<meta property=\"og:site_name\" content=\"d-identify\" \/>\n<meta property=\"og:image\" content=\"https:\/\/d-identify.be\/wp-content\/uploads\/2022\/07\/t4000.png\" \/>\n\t<meta property=\"og:image:width\" content=\"500\" \/>\n\t<meta property=\"og:image:height\" content=\"445\" \/>\n\t<meta property=\"og:image:type\" content=\"image\/png\" \/>\n<meta name=\"twitter:card\" content=\"summary_large_image\" \/>\n<meta name=\"twitter:label1\" content=\"Gesch\u00e4tzte Lesezeit\" \/>\n\t<meta name=\"twitter:data1\" content=\"1\u00a0Minute\" \/>\n<script type=\"application\/ld+json\" class=\"yoast-schema-graph\">{\"@context\":\"https:\/\/schema.org\",\"@graph\":[{\"@type\":\"WebPage\",\"@id\":\"https:\/\/d-identify.be\/de\/produkt\/printronix-auto-id-t4000-rfid\/\",\"url\":\"https:\/\/d-identify.be\/de\/produkt\/printronix-auto-id-t4000-rfid\/\",\"name\":\"Printronix Industrieller RFID-Drucker T4000\",\"isPartOf\":{\"@id\":\"https:\/\/d-identify.be\/de\/#website\"},\"primaryImageOfPage\":{\"@id\":\"https:\/\/d-identify.be\/de\/produkt\/printronix-auto-id-t4000-rfid\/#primaryimage\"},\"image\":{\"@id\":\"https:\/\/d-identify.be\/de\/produkt\/printronix-auto-id-t4000-rfid\/#primaryimage\"},\"thumbnailUrl\":\"https:\/\/d-identify.be\/wp-content\/uploads\/2022\/07\/t4000.png\",\"datePublished\":\"2022-07-11T08:37:51+00:00\",\"description\":\"Unser Printronix Industrial RFID-Drucker T4000 verf\u00fcgt \u00fcber dasselbe kompakte und preisg\u00fcnstige Design wie unsere Printronix Auto-ID-Drucker.\",\"breadcrumb\":{\"@id\":\"https:\/\/d-identify.be\/de\/produkt\/printronix-auto-id-t4000-rfid\/#breadcrumb\"},\"inLanguage\":\"de\",\"potentialAction\":[{\"@type\":\"ReadAction\",\"target\":[\"https:\/\/d-identify.be\/de\/produkt\/printronix-auto-id-t4000-rfid\/\"]}]},{\"@type\":\"ImageObject\",\"inLanguage\":\"de\",\"@id\":\"https:\/\/d-identify.be\/de\/produkt\/printronix-auto-id-t4000-rfid\/#primaryimage\",\"url\":\"https:\/\/d-identify.be\/wp-content\/uploads\/2022\/07\/t4000.png\",\"contentUrl\":\"https:\/\/d-identify.be\/wp-content\/uploads\/2022\/07\/t4000.png\",\"width\":500,\"height\":445,\"caption\":\"Printronix T43X4 Industrie Etikettendrucker | D-identify\"},{\"@type\":\"BreadcrumbList\",\"@id\":\"https:\/\/d-identify.be\/de\/produkt\/printronix-auto-id-t4000-rfid\/#breadcrumb\",\"itemListElement\":[{\"@type\":\"ListItem\",\"position\":1,\"name\":\"Home\",\"item\":\"https:\/\/d-identify.be\/de\/home-2\/\"},{\"@type\":\"ListItem\",\"position\":2,\"name\":\"Shop\",\"item\":\"https:\/\/d-identify.be\/shop-2\/\"},{\"@type\":\"ListItem\",\"position\":3,\"name\":\"Printronix Auto ID T4000-RFID\"}]},{\"@type\":\"WebSite\",\"@id\":\"https:\/\/d-identify.be\/de\/#website\",\"url\":\"https:\/\/d-identify.be\/de\/\",\"name\":\"d-identify\",\"description\":\"Industrial identification - Lockout - Tagout - Floor marking\",\"potentialAction\":[{\"@type\":\"SearchAction\",\"target\":{\"@type\":\"EntryPoint\",\"urlTemplate\":\"https:\/\/d-identify.be\/de\/?s={search_term_string}\"},\"query-input\":{\"@type\":\"PropertyValueSpecification\",\"valueRequired\":true,\"valueName\":\"search_term_string\"}}],\"inLanguage\":\"de\"}]}<\/script>\n<!-- \/ Yoast SEO Premium plugin. -->","yoast_head_json":{"title":"Printronix Industrieller RFID-Drucker T4000","description":"Unser Printronix Industrial RFID-Drucker T4000 verf\u00fcgt \u00fcber dasselbe kompakte und preisg\u00fcnstige Design wie unsere Printronix Auto-ID-Drucker.","robots":{"index":"index","follow":"follow","max-snippet":"max-snippet:-1","max-image-preview":"max-image-preview:large","max-video-preview":"max-video-preview:-1"},"canonical":"https:\/\/d-identify.be\/de\/produkt\/printronix-auto-id-t4000-rfid\/","og_locale":"de_DE","og_type":"article","og_title":"Printronix Auto ID T4000-RFID","og_description":"Unser Printronix Industrial RFID-Drucker T4000 verf\u00fcgt \u00fcber dasselbe kompakte und preisg\u00fcnstige Design wie unsere Printronix Auto-ID-Drucker.","og_url":"https:\/\/d-identify.be\/de\/produkt\/printronix-auto-id-t4000-rfid\/","og_site_name":"d-identify","og_image":[{"width":500,"height":445,"url":"https:\/\/d-identify.be\/wp-content\/uploads\/2022\/07\/t4000.png","type":"image\/png"}],"twitter_card":"summary_large_image","twitter_misc":{"Gesch\u00e4tzte Lesezeit":"1\u00a0Minute"},"schema":{"@context":"https:\/\/schema.org","@graph":[{"@type":"WebPage","@id":"https:\/\/d-identify.be\/de\/produkt\/printronix-auto-id-t4000-rfid\/","url":"https:\/\/d-identify.be\/de\/produkt\/printronix-auto-id-t4000-rfid\/","name":"Printronix Industrieller RFID-Drucker T4000","isPartOf":{"@id":"https:\/\/d-identify.be\/de\/#website"},"primaryImageOfPage":{"@id":"https:\/\/d-identify.be\/de\/produkt\/printronix-auto-id-t4000-rfid\/#primaryimage"},"image":{"@id":"https:\/\/d-identify.be\/de\/produkt\/printronix-auto-id-t4000-rfid\/#primaryimage"},"thumbnailUrl":"https:\/\/d-identify.be\/wp-content\/uploads\/2022\/07\/t4000.png","datePublished":"2022-07-11T08:37:51+00:00","description":"Unser Printronix Industrial RFID-Drucker T4000 verf\u00fcgt \u00fcber dasselbe kompakte und preisg\u00fcnstige Design wie unsere Printronix Auto-ID-Drucker.","breadcrumb":{"@id":"https:\/\/d-identify.be\/de\/produkt\/printronix-auto-id-t4000-rfid\/#breadcrumb"},"inLanguage":"de","potentialAction":[{"@type":"ReadAction","target":["https:\/\/d-identify.be\/de\/produkt\/printronix-auto-id-t4000-rfid\/"]}]},{"@type":"ImageObject","inLanguage":"de","@id":"https:\/\/d-identify.be\/de\/produkt\/printronix-auto-id-t4000-rfid\/#primaryimage","url":"https:\/\/d-identify.be\/wp-content\/uploads\/2022\/07\/t4000.png","contentUrl":"https:\/\/d-identify.be\/wp-content\/uploads\/2022\/07\/t4000.png","width":500,"height":445,"caption":"Printronix T43X4 Industrie Etikettendrucker | D-identify"},{"@type":"BreadcrumbList","@id":"https:\/\/d-identify.be\/de\/produkt\/printronix-auto-id-t4000-rfid\/#breadcrumb","itemListElement":[{"@type":"ListItem","position":1,"name":"Home","item":"https:\/\/d-identify.be\/de\/home-2\/"},{"@type":"ListItem","position":2,"name":"Shop","item":"https:\/\/d-identify.be\/shop-2\/"},{"@type":"ListItem","position":3,"name":"Printronix Auto ID T4000-RFID"}]},{"@type":"WebSite","@id":"https:\/\/d-identify.be\/de\/#website","url":"https:\/\/d-identify.be\/de\/","name":"d-identify","description":"Industrial identification - Lockout - Tagout - Floor marking","potentialAction":[{"@type":"SearchAction","target":{"@type":"EntryPoint","urlTemplate":"https:\/\/d-identify.be\/de\/?s={search_term_string}"},"query-input":{"@type":"PropertyValueSpecification","valueRequired":true,"valueName":"search_term_string"}}],"inLanguage":"de"}]}},"_links":{"self":[{"href":"https:\/\/d-identify.be\/de\/wp-json\/wp\/v2\/product\/53683","targetHints":{"allow":["GET"]}}],"collection":[{"href":"https:\/\/d-identify.be\/de\/wp-json\/wp\/v2\/product"}],"about":[{"href":"https:\/\/d-identify.be\/de\/wp-json\/wp\/v2\/types\/product"}],"replies":[{"embeddable":true,"href":"https:\/\/d-identify.be\/de\/wp-json\/wp\/v2\/comments?post=53683"}],"wp:featuredmedia":[{"embeddable":true,"href":"https:\/\/d-identify.be\/de\/wp-json\/wp\/v2\/media\/26006"}],"wp:attachment":[{"href":"https:\/\/d-identify.be\/de\/wp-json\/wp\/v2\/media?parent=53683"}],"wp:term":[{"taxonomy":"product_brand","embeddable":true,"href":"https:\/\/d-identify.be\/de\/wp-json\/wp\/v2\/product_brand?post=53683"},{"taxonomy":"product_cat","embeddable":true,"href":"https:\/\/d-identify.be\/de\/wp-json\/wp\/v2\/product_cat?post=53683"},{"taxonomy":"product_tag","embeddable":true,"href":"https:\/\/d-identify.be\/de\/wp-json\/wp\/v2\/product_tag?post=53683"},{"taxonomy":"pa_connextion-shapes","embeddable":true,"href":"https:\/\/d-identify.be\/de\/wp-json\/wp\/v2\/pa_connextion-shapes?post=53683"}],"curies":[{"name":"wp","href":"https:\/\/api.w.org\/{rel}","templated":true}]}}