{"id":53669,"date":"2022-07-11T11:12:46","date_gmt":"2022-07-11T09:12:46","guid":{"rendered":"https:\/\/d-identify.be\/product\/printronix-auto-id-t6000e-rfid\/"},"modified":"2022-07-11T11:12:46","modified_gmt":"2022-07-11T09:12:46","slug":"printronix-auto-id-t6000e-rfid","status":"publish","type":"product","link":"https:\/\/d-identify.be\/de\/produkt\/printronix-auto-id-t6000e-rfid\/","title":{"rendered":"Printronix Auto ID T6000e-RFID"},"content":{"rendered":"<p>Der Printronix-Industriedrucker T6000e ist einer der vielseitigsten Drucker auf dem Markt. Er kann 10.000 Etiketten pro Tag bei hoher Geschwindigkeit drucken, bietet eine hohe Aufl\u00f6sung von 300 dpi f\u00fcr den Druck kleiner Etikettenanwendungen, Printronix System Architecture (PSA), mehrere Konnektivit\u00e4tsoptionen sowie Tools zur Remote-Druckerverwaltung und automatische Warnmeldungen, damit Ihr Unternehmen mit optimaler Effizienz und Produktivit\u00e4t arbeitet.<\/p>\n<div class='et-learn-more clearfix'>\n\t\t\t\t\t<h3 class='heading-more'>Enterprise-level productivity<span class='et_learnmore_arrow'><span><\/span><\/span><\/h3>\n\t\t\t\t\t<div class='learn-more-content'><ul>\n<li>Hohe Produktivit\u00e4t durch Druckgeschwindigkeit von 14 Zoll pro Sekunde<\/li>\n<li>Hohes Druckvolumen von bis zu 10.000 Etiketten pro Tag in anspruchsvollen Umgebungen<\/li>\n<li>Kompatibel mit der Ger\u00e4teverwaltungsl\u00f6sung SOTI Connect<\/li>\n<\/ul><\/div>\n\t\t\t\t<\/div>\n<div class='et-learn-more clearfix'>\n\t\t\t\t\t<h3 class='heading-more'>Versatility<span class='et_learnmore_arrow'><span><\/span><\/span><\/h3>\n\t\t\t\t\t<div class='learn-more-content'><ul>\n<li>RFID-Funktion druckt und kodiert sowohl auf Standardetiketten als auch auf Metalletiketten<\/li>\n<li>Neun konkurrierende Druckersprachen<\/li>\n<li>Upgrade-Kits mit Abziehen und Aufwickeln sowie Schneidevorrichtung (Medienhandhabung) erh\u00e4ltlich<\/li>\n<\/ul><\/div>\n\t\t\t\t<\/div>\n<div class='et-learn-more clearfix'>\n\t\t\t\t\t<h3 class='heading-more'>Reliability<span class='et_learnmore_arrow'><span><\/span><\/span><\/h3>\n\t\t\t\t\t<div class='learn-more-content'><ul>\n<li>Solide Metallrahmenkonstruktion f\u00fcr zuverl\u00e4ssigen Betrieb<\/li>\n<li>Die umfassende WLAN-Sicherheitssuite<\/li>\n<li>Ein intelligentes W\u00e4rmemanagementsystem erh\u00f6ht die Lebensdauer des Druckkopfs und verbessert die Barcode-Druckqualit\u00e4t bei gleichzeitiger Senkung der Betriebskosten<\/li>\n<\/ul><\/div>\n\t\t\t\t<\/div>\n","protected":false},"excerpt":{"rendered":"<p>Der T6000e ist einer der vielseitigsten Drucker auf dem Markt. Er kann 10.000 Etiketten pro Tag bei hoher Geschwindigkeit drucken, bietet eine hohe Aufl\u00f6sung von 300 dpi f\u00fcr den Druck kleiner Etikettenanwendungen, Printronix System Architecture (PSA), mehrere Konnektivit\u00e4tsoptionen sowie Tools zur Remote-Druckerverwaltung und automatische Warnmeldungen, damit Ihr Unternehmen mit optimaler Effizienz und Produktivit\u00e4t arbeitet.<\/p>\n","protected":false},"featured_media":25996,"comment_status":"open","ping_status":"closed","template":"","meta":{"_acf_changed":false,"_et_pb_use_builder":"","_et_pb_old_content":"","_et_gb_content_width":""},"product_brand":[1244],"product_cat":[659,776],"product_tag":[938],"pa_connextion-shapes":[],"class_list":{"0":"post-53669","1":"product","2":"type-product","3":"status-publish","4":"has-post-thumbnail","6":"product_brand-printronix","7":"product_cat-thermotransfer-industriedrucker","8":"product_cat-rfid-drucker","9":"product_tag-printronix-de","11":"first","12":"instock","13":"sale","14":"taxable","15":"shipping-taxable","16":"purchasable","17":"product-type-variable","18":"has-default-attributes"},"exclude_global_add_ons":[],"addons":[],"acf":[],"yoast_head":"<!-- This site is optimized with the Yoast SEO Premium plugin v27.0 (Yoast SEO v27.1) - https:\/\/yoast.com\/product\/yoast-seo-premium-wordpress\/ -->\n<title>Printronix Industriedrucker T6000e<\/title>\n<meta name=\"description\" content=\"Der Printronix-Industriedrucker T6000e ist einer der vielseitigsten Drucker auf dem Markt und kann 10.000 Etiketten pro Tag drucken ...\" \/>\n<meta name=\"robots\" content=\"index, follow, max-snippet:-1, max-image-preview:large, max-video-preview:-1\" \/>\n<link rel=\"canonical\" href=\"https:\/\/d-identify.be\/de\/produkt\/printronix-auto-id-t6000e-rfid\/\" \/>\n<meta property=\"og:locale\" content=\"de_DE\" \/>\n<meta property=\"og:type\" content=\"article\" \/>\n<meta property=\"og:title\" content=\"Printronix Auto ID T6000e-RFID\" \/>\n<meta property=\"og:description\" content=\"Der Printronix-Industriedrucker T6000e ist einer der vielseitigsten Drucker auf dem Markt und kann 10.000 Etiketten pro Tag drucken ...\" \/>\n<meta property=\"og:url\" content=\"https:\/\/d-identify.be\/de\/produkt\/printronix-auto-id-t6000e-rfid\/\" \/>\n<meta property=\"og:site_name\" content=\"d-identify\" \/>\n<meta property=\"og:image\" content=\"https:\/\/d-identify.be\/wp-content\/uploads\/2022\/07\/t6000e_4.png\" \/>\n\t<meta property=\"og:image:width\" content=\"500\" \/>\n\t<meta property=\"og:image:height\" content=\"500\" \/>\n\t<meta property=\"og:image:type\" content=\"image\/png\" \/>\n<meta name=\"twitter:card\" content=\"summary_large_image\" \/>\n<meta name=\"twitter:label1\" content=\"Gesch\u00e4tzte Lesezeit\" \/>\n\t<meta name=\"twitter:data1\" content=\"1\u00a0Minute\" \/>\n<script type=\"application\/ld+json\" class=\"yoast-schema-graph\">{\"@context\":\"https:\/\/schema.org\",\"@graph\":[{\"@type\":\"WebPage\",\"@id\":\"https:\/\/d-identify.be\/de\/produkt\/printronix-auto-id-t6000e-rfid\/\",\"url\":\"https:\/\/d-identify.be\/de\/produkt\/printronix-auto-id-t6000e-rfid\/\",\"name\":\"Printronix Industriedrucker T6000e\",\"isPartOf\":{\"@id\":\"https:\/\/d-identify.be\/de\/#website\"},\"primaryImageOfPage\":{\"@id\":\"https:\/\/d-identify.be\/de\/produkt\/printronix-auto-id-t6000e-rfid\/#primaryimage\"},\"image\":{\"@id\":\"https:\/\/d-identify.be\/de\/produkt\/printronix-auto-id-t6000e-rfid\/#primaryimage\"},\"thumbnailUrl\":\"https:\/\/d-identify.be\/wp-content\/uploads\/2022\/07\/t6000e_4.png\",\"datePublished\":\"2022-07-11T09:12:46+00:00\",\"description\":\"Der Printronix-Industriedrucker T6000e ist einer der vielseitigsten Drucker auf dem Markt und kann 10.000 Etiketten pro Tag drucken ...\",\"breadcrumb\":{\"@id\":\"https:\/\/d-identify.be\/de\/produkt\/printronix-auto-id-t6000e-rfid\/#breadcrumb\"},\"inLanguage\":\"de\",\"potentialAction\":[{\"@type\":\"ReadAction\",\"target\":[\"https:\/\/d-identify.be\/de\/produkt\/printronix-auto-id-t6000e-rfid\/\"]}]},{\"@type\":\"ImageObject\",\"inLanguage\":\"de\",\"@id\":\"https:\/\/d-identify.be\/de\/produkt\/printronix-auto-id-t6000e-rfid\/#primaryimage\",\"url\":\"https:\/\/d-identify.be\/wp-content\/uploads\/2022\/07\/t6000e_4.png\",\"contentUrl\":\"https:\/\/d-identify.be\/wp-content\/uploads\/2022\/07\/t6000e_4.png\",\"width\":500,\"height\":500,\"caption\":\"Printronix T6E3X4 RFID Industrie Etikettendrucker | D-identify\"},{\"@type\":\"BreadcrumbList\",\"@id\":\"https:\/\/d-identify.be\/de\/produkt\/printronix-auto-id-t6000e-rfid\/#breadcrumb\",\"itemListElement\":[{\"@type\":\"ListItem\",\"position\":1,\"name\":\"Home\",\"item\":\"https:\/\/d-identify.be\/de\/home-2\/\"},{\"@type\":\"ListItem\",\"position\":2,\"name\":\"Shop\",\"item\":\"https:\/\/d-identify.be\/shop-2\/\"},{\"@type\":\"ListItem\",\"position\":3,\"name\":\"Printronix Auto ID T6000e-RFID\"}]},{\"@type\":\"WebSite\",\"@id\":\"https:\/\/d-identify.be\/de\/#website\",\"url\":\"https:\/\/d-identify.be\/de\/\",\"name\":\"d-identify\",\"description\":\"Industrial identification - Lockout - Tagout - Floor marking\",\"potentialAction\":[{\"@type\":\"SearchAction\",\"target\":{\"@type\":\"EntryPoint\",\"urlTemplate\":\"https:\/\/d-identify.be\/de\/?s={search_term_string}\"},\"query-input\":{\"@type\":\"PropertyValueSpecification\",\"valueRequired\":true,\"valueName\":\"search_term_string\"}}],\"inLanguage\":\"de\"}]}<\/script>\n<!-- \/ Yoast SEO Premium plugin. -->","yoast_head_json":{"title":"Printronix Industriedrucker T6000e","description":"Der Printronix-Industriedrucker T6000e ist einer der vielseitigsten Drucker auf dem Markt und kann 10.000 Etiketten pro Tag drucken ...","robots":{"index":"index","follow":"follow","max-snippet":"max-snippet:-1","max-image-preview":"max-image-preview:large","max-video-preview":"max-video-preview:-1"},"canonical":"https:\/\/d-identify.be\/de\/produkt\/printronix-auto-id-t6000e-rfid\/","og_locale":"de_DE","og_type":"article","og_title":"Printronix Auto ID T6000e-RFID","og_description":"Der Printronix-Industriedrucker T6000e ist einer der vielseitigsten Drucker auf dem Markt und kann 10.000 Etiketten pro Tag drucken ...","og_url":"https:\/\/d-identify.be\/de\/produkt\/printronix-auto-id-t6000e-rfid\/","og_site_name":"d-identify","og_image":[{"width":500,"height":500,"url":"https:\/\/d-identify.be\/wp-content\/uploads\/2022\/07\/t6000e_4.png","type":"image\/png"}],"twitter_card":"summary_large_image","twitter_misc":{"Gesch\u00e4tzte Lesezeit":"1\u00a0Minute"},"schema":{"@context":"https:\/\/schema.org","@graph":[{"@type":"WebPage","@id":"https:\/\/d-identify.be\/de\/produkt\/printronix-auto-id-t6000e-rfid\/","url":"https:\/\/d-identify.be\/de\/produkt\/printronix-auto-id-t6000e-rfid\/","name":"Printronix Industriedrucker T6000e","isPartOf":{"@id":"https:\/\/d-identify.be\/de\/#website"},"primaryImageOfPage":{"@id":"https:\/\/d-identify.be\/de\/produkt\/printronix-auto-id-t6000e-rfid\/#primaryimage"},"image":{"@id":"https:\/\/d-identify.be\/de\/produkt\/printronix-auto-id-t6000e-rfid\/#primaryimage"},"thumbnailUrl":"https:\/\/d-identify.be\/wp-content\/uploads\/2022\/07\/t6000e_4.png","datePublished":"2022-07-11T09:12:46+00:00","description":"Der Printronix-Industriedrucker T6000e ist einer der vielseitigsten Drucker auf dem Markt und kann 10.000 Etiketten pro Tag drucken ...","breadcrumb":{"@id":"https:\/\/d-identify.be\/de\/produkt\/printronix-auto-id-t6000e-rfid\/#breadcrumb"},"inLanguage":"de","potentialAction":[{"@type":"ReadAction","target":["https:\/\/d-identify.be\/de\/produkt\/printronix-auto-id-t6000e-rfid\/"]}]},{"@type":"ImageObject","inLanguage":"de","@id":"https:\/\/d-identify.be\/de\/produkt\/printronix-auto-id-t6000e-rfid\/#primaryimage","url":"https:\/\/d-identify.be\/wp-content\/uploads\/2022\/07\/t6000e_4.png","contentUrl":"https:\/\/d-identify.be\/wp-content\/uploads\/2022\/07\/t6000e_4.png","width":500,"height":500,"caption":"Printronix T6E3X4 RFID Industrie Etikettendrucker | D-identify"},{"@type":"BreadcrumbList","@id":"https:\/\/d-identify.be\/de\/produkt\/printronix-auto-id-t6000e-rfid\/#breadcrumb","itemListElement":[{"@type":"ListItem","position":1,"name":"Home","item":"https:\/\/d-identify.be\/de\/home-2\/"},{"@type":"ListItem","position":2,"name":"Shop","item":"https:\/\/d-identify.be\/shop-2\/"},{"@type":"ListItem","position":3,"name":"Printronix Auto ID T6000e-RFID"}]},{"@type":"WebSite","@id":"https:\/\/d-identify.be\/de\/#website","url":"https:\/\/d-identify.be\/de\/","name":"d-identify","description":"Industrial identification - Lockout - Tagout - Floor marking","potentialAction":[{"@type":"SearchAction","target":{"@type":"EntryPoint","urlTemplate":"https:\/\/d-identify.be\/de\/?s={search_term_string}"},"query-input":{"@type":"PropertyValueSpecification","valueRequired":true,"valueName":"search_term_string"}}],"inLanguage":"de"}]}},"_links":{"self":[{"href":"https:\/\/d-identify.be\/de\/wp-json\/wp\/v2\/product\/53669","targetHints":{"allow":["GET"]}}],"collection":[{"href":"https:\/\/d-identify.be\/de\/wp-json\/wp\/v2\/product"}],"about":[{"href":"https:\/\/d-identify.be\/de\/wp-json\/wp\/v2\/types\/product"}],"replies":[{"embeddable":true,"href":"https:\/\/d-identify.be\/de\/wp-json\/wp\/v2\/comments?post=53669"}],"wp:featuredmedia":[{"embeddable":true,"href":"https:\/\/d-identify.be\/de\/wp-json\/wp\/v2\/media\/25996"}],"wp:attachment":[{"href":"https:\/\/d-identify.be\/de\/wp-json\/wp\/v2\/media?parent=53669"}],"wp:term":[{"taxonomy":"product_brand","embeddable":true,"href":"https:\/\/d-identify.be\/de\/wp-json\/wp\/v2\/product_brand?post=53669"},{"taxonomy":"product_cat","embeddable":true,"href":"https:\/\/d-identify.be\/de\/wp-json\/wp\/v2\/product_cat?post=53669"},{"taxonomy":"product_tag","embeddable":true,"href":"https:\/\/d-identify.be\/de\/wp-json\/wp\/v2\/product_tag?post=53669"},{"taxonomy":"pa_connextion-shapes","embeddable":true,"href":"https:\/\/d-identify.be\/de\/wp-json\/wp\/v2\/pa_connextion-shapes?post=53669"}],"curies":[{"name":"wp","href":"https:\/\/api.w.org\/{rel}","templated":true}]}}