{"id":53604,"date":"2025-02-18T17:36:07","date_gmt":"2025-02-18T15:36:07","guid":{"rendered":"https:\/\/d-identify.be\/product\/dt2x-godex-desktop-drucker\/"},"modified":"2025-04-23T12:18:45","modified_gmt":"2025-04-23T10:18:45","slug":"dt2x-godex-desktop-drucker","status":"publish","type":"product","link":"https:\/\/d-identify.be\/de\/produkt\/dt2x-godex-desktop-drucker\/","title":{"rendered":"DT2x Godex Desktop-Drucker"},"content":{"rendered":"<p>Der Desktop-Drucker DT2x von Godex ist ultraleicht und kompakt f\u00fcr optimale Raumausnutzung und unterst\u00fctzt mehrere Kommunikationsanschl\u00fcsse. Er ist effektiv und multitaskingf\u00e4hig f\u00fcr den Druck von Etiketten und Anh\u00e4ngern f\u00fcr den Einzelhandel, Lager, Logistik und Transport sowie das Gesundheitswesen.<\/p>\n<ul>\n<li>16 MB SDRAM und 4 MB Flash-Speicher \u2013 einschlie\u00dflich 2 MB benutzerverf\u00fcgbarem Speicherplatz f\u00fcr herunterladbare Objekte<\/li>\n<li>Druckgeschwindigkeit: Bis zu 7&#8243;\/177 mm pro Sekunde<\/li>\n<li>Unterst\u00fctzt Ethernet-, serielle und USB-Anschl\u00fcsse<\/li>\n<li>Verbesserter Etikettenzufuhrmechanismus und sofortige Etikettenerkennung<\/li>\n<li><strong><span style=\"color: #ff6600;\">Kostenlose Etikettendesign-Software GoLabel im Lieferumfang des Druckers enthalten! <\/span><\/strong><\/li>\n<\/ul>\n","protected":false},"excerpt":{"rendered":"<p>DT2x ist ultraleicht, kompakt f\u00fcr optimale Raumausnutzung und unterst\u00fctzt mehrere Kommunikationsanschl\u00fcsse; sie sind effektiv und multitaskingf\u00e4hig f\u00fcr den Druck von Etiketten und Anh\u00e4ngern f\u00fcr den Einzelhandel, Lager, Logistik und Transport sowie das Gesundheitswesen.<\/p>\n<p>&nbsp;<\/p>\n<h4><span style=\"color: #ff0000;\"><strong>3 Jahre Garantie<\/strong> <\/span><\/h4>\n<ul>\n<li>16 MB SDRAM und 4 MB Flash-Speicher \u2013 einschlie\u00dflich 2 MB benutzerverf\u00fcgbarem Speicherplatz f\u00fcr herunterladbare Objekte<\/li>\n<li>Druckgeschwindigkeit: Bis zu 7&#8243;\/177 mm pro Sekunde<\/li>\n<li>Unterst\u00fctzt Ethernet-, serielle und USB-Anschl\u00fcsse<\/li>\n<li>Verbesserter Etikettenzufuhrmechanismus und sofortige Etikettenerkennung<\/li>\n<li><strong><span style=\"color: #ff6600;\">Kostenlose Etikettendesign-Software GoLabel im Lieferumfang des Druckers enthalten! <\/span><\/strong><\/li>\n<\/ul>\n","protected":false},"featured_media":52190,"comment_status":"open","ping_status":"closed","template":"","meta":{"_acf_changed":false,"_et_pb_use_builder":"","_et_pb_old_content":"","_et_gb_content_width":""},"product_brand":[1227],"product_cat":[596,599],"product_tag":[],"pa_connextion-shapes":[],"class_list":{"0":"post-53604","1":"product","2":"type-product","3":"status-publish","4":"has-post-thumbnail","6":"product_brand-godex","7":"product_cat-industriedrucker","8":"product_cat-desktop-etikettendrucker","10":"first","11":"instock","12":"sale","13":"taxable","14":"shipping-taxable","15":"purchasable","16":"product-type-simple"},"exclude_global_add_ons":[],"addons":[],"acf":[],"yoast_head":"<!-- This site is optimized with the Yoast SEO Premium plugin v27.0 (Yoast SEO v27.1) - https:\/\/yoast.com\/product\/yoast-seo-premium-wordpress\/ -->\n<title>DT2x Godex Desktop-Drucker<\/title>\n<meta name=\"description\" content=\"Der Godex DT2x Desktop-Drucker ist ultraleicht, kompakt und unterst\u00fctzt mehrere Kommunikationsanschl\u00fcsse. Ideal f\u00fcr Einzelhandel, Lager, Logistik und Transport.\" \/>\n<meta name=\"robots\" content=\"index, follow, max-snippet:-1, max-image-preview:large, max-video-preview:-1\" \/>\n<link rel=\"canonical\" href=\"https:\/\/d-identify.be\/de\/produkt\/dt2x-godex-desktop-drucker\/\" \/>\n<meta property=\"og:locale\" content=\"de_DE\" \/>\n<meta property=\"og:type\" content=\"article\" \/>\n<meta property=\"og:title\" content=\"DT2x Godex Desktop-Drucker\" \/>\n<meta property=\"og:description\" content=\"Der Godex DT2x Desktop-Drucker ist ultraleicht, kompakt und unterst\u00fctzt mehrere Kommunikationsanschl\u00fcsse. Ideal f\u00fcr Einzelhandel, Lager, Logistik und Transport.\" \/>\n<meta property=\"og:url\" content=\"https:\/\/d-identify.be\/de\/produkt\/dt2x-godex-desktop-drucker\/\" \/>\n<meta property=\"og:site_name\" content=\"d-identify\" \/>\n<meta property=\"article:modified_time\" content=\"2025-04-23T10:18:45+00:00\" \/>\n<meta property=\"og:image\" content=\"https:\/\/d-identify.be\/wp-content\/uploads\/2025\/02\/DT2X.png\" \/>\n\t<meta property=\"og:image:width\" content=\"600\" \/>\n\t<meta property=\"og:image:height\" content=\"600\" \/>\n\t<meta property=\"og:image:type\" content=\"image\/png\" \/>\n<meta name=\"twitter:card\" content=\"summary_large_image\" \/>\n<script type=\"application\/ld+json\" class=\"yoast-schema-graph\">{\"@context\":\"https:\/\/schema.org\",\"@graph\":[{\"@type\":\"WebPage\",\"@id\":\"https:\/\/d-identify.be\/de\/produkt\/dt2x-godex-desktop-drucker\/\",\"url\":\"https:\/\/d-identify.be\/de\/produkt\/dt2x-godex-desktop-drucker\/\",\"name\":\"DT2x Godex Desktop-Drucker\",\"isPartOf\":{\"@id\":\"https:\/\/d-identify.be\/de\/#website\"},\"primaryImageOfPage\":{\"@id\":\"https:\/\/d-identify.be\/de\/produkt\/dt2x-godex-desktop-drucker\/#primaryimage\"},\"image\":{\"@id\":\"https:\/\/d-identify.be\/de\/produkt\/dt2x-godex-desktop-drucker\/#primaryimage\"},\"thumbnailUrl\":\"https:\/\/d-identify.be\/wp-content\/uploads\/2025\/02\/DT2X.png\",\"datePublished\":\"2025-02-18T15:36:07+00:00\",\"dateModified\":\"2025-04-23T10:18:45+00:00\",\"description\":\"Der Godex DT2x Desktop-Drucker ist ultraleicht, kompakt und unterst\u00fctzt mehrere Kommunikationsanschl\u00fcsse. Ideal f\u00fcr Einzelhandel, Lager, Logistik und Transport.\",\"breadcrumb\":{\"@id\":\"https:\/\/d-identify.be\/de\/produkt\/dt2x-godex-desktop-drucker\/#breadcrumb\"},\"inLanguage\":\"de\",\"potentialAction\":[{\"@type\":\"ReadAction\",\"target\":[\"https:\/\/d-identify.be\/de\/produkt\/dt2x-godex-desktop-drucker\/\"]}]},{\"@type\":\"ImageObject\",\"inLanguage\":\"de\",\"@id\":\"https:\/\/d-identify.be\/de\/produkt\/dt2x-godex-desktop-drucker\/#primaryimage\",\"url\":\"https:\/\/d-identify.be\/wp-content\/uploads\/2025\/02\/DT2X.png\",\"contentUrl\":\"https:\/\/d-identify.be\/wp-content\/uploads\/2025\/02\/DT2X.png\",\"width\":600,\"height\":600,\"caption\":\"DT2x - Godex Desktop printer\"},{\"@type\":\"BreadcrumbList\",\"@id\":\"https:\/\/d-identify.be\/de\/produkt\/dt2x-godex-desktop-drucker\/#breadcrumb\",\"itemListElement\":[{\"@type\":\"ListItem\",\"position\":1,\"name\":\"Home\",\"item\":\"https:\/\/d-identify.be\/de\/home-2\/\"},{\"@type\":\"ListItem\",\"position\":2,\"name\":\"Shop\",\"item\":\"https:\/\/d-identify.be\/shop-2\/\"},{\"@type\":\"ListItem\",\"position\":3,\"name\":\"DT2x Godex Desktop-Drucker\"}]},{\"@type\":\"WebSite\",\"@id\":\"https:\/\/d-identify.be\/de\/#website\",\"url\":\"https:\/\/d-identify.be\/de\/\",\"name\":\"d-identify\",\"description\":\"Industrial identification - Lockout - Tagout - Floor marking\",\"potentialAction\":[{\"@type\":\"SearchAction\",\"target\":{\"@type\":\"EntryPoint\",\"urlTemplate\":\"https:\/\/d-identify.be\/de\/?s={search_term_string}\"},\"query-input\":{\"@type\":\"PropertyValueSpecification\",\"valueRequired\":true,\"valueName\":\"search_term_string\"}}],\"inLanguage\":\"de\"}]}<\/script>\n<!-- \/ Yoast SEO Premium plugin. -->","yoast_head_json":{"title":"DT2x Godex Desktop-Drucker","description":"Der Godex DT2x Desktop-Drucker ist ultraleicht, kompakt und unterst\u00fctzt mehrere Kommunikationsanschl\u00fcsse. Ideal f\u00fcr Einzelhandel, Lager, Logistik und Transport.","robots":{"index":"index","follow":"follow","max-snippet":"max-snippet:-1","max-image-preview":"max-image-preview:large","max-video-preview":"max-video-preview:-1"},"canonical":"https:\/\/d-identify.be\/de\/produkt\/dt2x-godex-desktop-drucker\/","og_locale":"de_DE","og_type":"article","og_title":"DT2x Godex Desktop-Drucker","og_description":"Der Godex DT2x Desktop-Drucker ist ultraleicht, kompakt und unterst\u00fctzt mehrere Kommunikationsanschl\u00fcsse. Ideal f\u00fcr Einzelhandel, Lager, Logistik und Transport.","og_url":"https:\/\/d-identify.be\/de\/produkt\/dt2x-godex-desktop-drucker\/","og_site_name":"d-identify","article_modified_time":"2025-04-23T10:18:45+00:00","og_image":[{"width":600,"height":600,"url":"https:\/\/d-identify.be\/wp-content\/uploads\/2025\/02\/DT2X.png","type":"image\/png"}],"twitter_card":"summary_large_image","schema":{"@context":"https:\/\/schema.org","@graph":[{"@type":"WebPage","@id":"https:\/\/d-identify.be\/de\/produkt\/dt2x-godex-desktop-drucker\/","url":"https:\/\/d-identify.be\/de\/produkt\/dt2x-godex-desktop-drucker\/","name":"DT2x Godex Desktop-Drucker","isPartOf":{"@id":"https:\/\/d-identify.be\/de\/#website"},"primaryImageOfPage":{"@id":"https:\/\/d-identify.be\/de\/produkt\/dt2x-godex-desktop-drucker\/#primaryimage"},"image":{"@id":"https:\/\/d-identify.be\/de\/produkt\/dt2x-godex-desktop-drucker\/#primaryimage"},"thumbnailUrl":"https:\/\/d-identify.be\/wp-content\/uploads\/2025\/02\/DT2X.png","datePublished":"2025-02-18T15:36:07+00:00","dateModified":"2025-04-23T10:18:45+00:00","description":"Der Godex DT2x Desktop-Drucker ist ultraleicht, kompakt und unterst\u00fctzt mehrere Kommunikationsanschl\u00fcsse. Ideal f\u00fcr Einzelhandel, Lager, Logistik und Transport.","breadcrumb":{"@id":"https:\/\/d-identify.be\/de\/produkt\/dt2x-godex-desktop-drucker\/#breadcrumb"},"inLanguage":"de","potentialAction":[{"@type":"ReadAction","target":["https:\/\/d-identify.be\/de\/produkt\/dt2x-godex-desktop-drucker\/"]}]},{"@type":"ImageObject","inLanguage":"de","@id":"https:\/\/d-identify.be\/de\/produkt\/dt2x-godex-desktop-drucker\/#primaryimage","url":"https:\/\/d-identify.be\/wp-content\/uploads\/2025\/02\/DT2X.png","contentUrl":"https:\/\/d-identify.be\/wp-content\/uploads\/2025\/02\/DT2X.png","width":600,"height":600,"caption":"DT2x - Godex Desktop printer"},{"@type":"BreadcrumbList","@id":"https:\/\/d-identify.be\/de\/produkt\/dt2x-godex-desktop-drucker\/#breadcrumb","itemListElement":[{"@type":"ListItem","position":1,"name":"Home","item":"https:\/\/d-identify.be\/de\/home-2\/"},{"@type":"ListItem","position":2,"name":"Shop","item":"https:\/\/d-identify.be\/shop-2\/"},{"@type":"ListItem","position":3,"name":"DT2x Godex Desktop-Drucker"}]},{"@type":"WebSite","@id":"https:\/\/d-identify.be\/de\/#website","url":"https:\/\/d-identify.be\/de\/","name":"d-identify","description":"Industrial identification - Lockout - Tagout - Floor marking","potentialAction":[{"@type":"SearchAction","target":{"@type":"EntryPoint","urlTemplate":"https:\/\/d-identify.be\/de\/?s={search_term_string}"},"query-input":{"@type":"PropertyValueSpecification","valueRequired":true,"valueName":"search_term_string"}}],"inLanguage":"de"}]}},"_links":{"self":[{"href":"https:\/\/d-identify.be\/de\/wp-json\/wp\/v2\/product\/53604","targetHints":{"allow":["GET"]}}],"collection":[{"href":"https:\/\/d-identify.be\/de\/wp-json\/wp\/v2\/product"}],"about":[{"href":"https:\/\/d-identify.be\/de\/wp-json\/wp\/v2\/types\/product"}],"replies":[{"embeddable":true,"href":"https:\/\/d-identify.be\/de\/wp-json\/wp\/v2\/comments?post=53604"}],"wp:featuredmedia":[{"embeddable":true,"href":"https:\/\/d-identify.be\/de\/wp-json\/wp\/v2\/media\/52190"}],"wp:attachment":[{"href":"https:\/\/d-identify.be\/de\/wp-json\/wp\/v2\/media?parent=53604"}],"wp:term":[{"taxonomy":"product_brand","embeddable":true,"href":"https:\/\/d-identify.be\/de\/wp-json\/wp\/v2\/product_brand?post=53604"},{"taxonomy":"product_cat","embeddable":true,"href":"https:\/\/d-identify.be\/de\/wp-json\/wp\/v2\/product_cat?post=53604"},{"taxonomy":"product_tag","embeddable":true,"href":"https:\/\/d-identify.be\/de\/wp-json\/wp\/v2\/product_tag?post=53604"},{"taxonomy":"pa_connextion-shapes","embeddable":true,"href":"https:\/\/d-identify.be\/de\/wp-json\/wp\/v2\/pa_connextion-shapes?post=53604"}],"curies":[{"name":"wp","href":"https:\/\/api.w.org\/{rel}","templated":true}]}}