{"id":53599,"date":"2022-07-15T16:08:24","date_gmt":"2022-07-15T14:08:24","guid":{"rendered":"https:\/\/d-identify.be\/product\/l901-l901-plus-industrieller-farbetikettendrucker\/"},"modified":"2022-07-15T16:08:24","modified_gmt":"2022-07-15T14:08:24","slug":"l901-l901-plus-industrieller-farbetikettendrucker","status":"publish","type":"product","link":"https:\/\/d-identify.be\/de\/produkt\/l901-l901-plus-industrieller-farbetikettendrucker\/","title":{"rendered":"L901 \/ L901 Plus Industrieller Farbetikettendrucker"},"content":{"rendered":"<div class=\"product-highlights\"><\/div>\n<div class='et-learn-more clearfix'>\n\t\t\t\t\t<h3 class='heading-more'>  Afinia L901 Plus Label Printer with Watershield\u2122 Water-Resistant Inks<span class='et_learnmore_arrow'><span><\/span><\/span><\/h3>\n\t\t\t\t\t<div class='learn-more-content'><p><strong>Das Plus-Modell bietet eine erh\u00f6hte Wasser- und Feuchtigkeitsbest\u00e4ndigkeit.<\/strong><\/p>\n<p>Mit Watershield bedruckte Etiketten <strong>sind deutlich widerstandsf\u00e4higer gegen anhaltende Feuchtigkeitseinwirkung<\/strong> als herk\u00f6mmliche farbstoffbasierte Tintenstrahletiketten. Dadurch eignet sich der Afinia L901 Etikettendrucker ideal f\u00fcr Anwendungen wie gek\u00fchlte Getr\u00e4nke, Lebensmittel sowie chemische und pharmazeutische Produkte. <\/p>\n<p>Diese neue Technologie erzeugt au\u00dferdem tiefere Schwarzt\u00f6ne, verwendet Tinten aus verantwortungsvolleren Quellen und tr\u00e4gt dazu bei, die Lebensdauer des Druckkopfs zu verl\u00e4ngern.<\/p>\n<div class=\"product-highlights\">\n<div class='one_half'>\n\t\t\t\t\t<ul>\n<li style=\"list-style-type: none;\">\n<ul>\n<li>Inline- und Gro\u00dfseriendruck<\/li>\n<li>Hohe Druckgeschwindigkeiten (\u2264 12 IPS)<\/li>\n<li>Super niedrige Tintenkosten<\/li>\n<li>Wasserfeste Tinten erh\u00e4ltlich<\/li>\n<\/ul>\n<\/li>\n<\/ul>\n\t\t\t\t<\/div>\n<div class='one_half et_column_last'>\n\t\t\t\t\t<img loading=\"lazy\" decoding=\"async\" class=\"alignnone wp-image-6094\" src=\"https:\/\/d-identify.be\/wp-content\/uploads\/2022\/07\/Watershield-1000px-640x866-1-222x300.webp\" alt=\"\" width=\"110\" height=\"149\"><\/p>\n\t\t\t\t<\/div><div class='clear'><\/div>\n<\/div><\/div>\n\t\t\t\t<\/div>\n<div class='et-learn-more clearfix'>\n\t\t\t\t\t<h3 class='heading-more'>Roll-to-Roll Label Printing<span class='et_learnmore_arrow'><span><\/span><\/span><\/h3>\n\t\t\t\t\t<div class='learn-more-content'><p>Das XL-Ab-\/Aufwickelsystem ist perfekt auf den Afinia L901 Etikettendrucker abgestimmt und erm\u00f6glicht die kontinuierliche Rollenproduktion von Etiketten. Rollen mit einem Au\u00dfendurchmesser von bis zu 30 cm lassen sich problemlos verarbeiten \u2013 f\u00fcr hohe Auflagen und reduzierte Medienkosten. <\/p><\/div>\n\t\t\t\t<\/div>\n<div class='et-learn-more clearfix'>\n\t\t\t\t\t<h3 class='heading-more'>Designed for Inline Applications<span class='et_learnmore_arrow'><span><\/span><\/span><\/h3>\n\t\t\t\t\t<div class='learn-more-content'><p>Druckkopftechnologie des L901 erm\u00f6glicht eine Wartung im laufenden Betrieb, was eine perfekte Inline-Integration mit Spendern, Applikatoren, Etikettenfinishern und digitalen Etikettendruckkonfigurationen f\u00fcr hohe St\u00fcckzahlen erm\u00f6glicht.<\/p><\/div>\n\t\t\t\t<\/div>\n<div class='et-learn-more clearfix'>\n\t\t\t\t\t<h3 class='heading-more'>Ultra-low Ink Cost<span class='et_learnmore_arrow'><span><\/span><\/span><\/h3>\n\t\t\t\t\t<div class='learn-more-content'><p>F\u00fcnf Hochleistungs-Tintenpatronen (CMYKK) sorgen f\u00fcr extrem niedrige Tintenkosten pro Druck \u2013 ein wichtiger Faktor bei der Auswahl eines Druckers. Erfahren Sie die genauen Tintenkosten f\u00fcr Ihr Etikettendesign. <\/p><\/div>\n\t\t\t\t<\/div>\n<div class='et-learn-more clearfix'>\n\t\t\t\t\t<h3 class='heading-more'>High Speed &amp; High Resolution<span class='et_learnmore_arrow'><span><\/span><\/span><\/h3>\n\t\t\t\t\t<div class='learn-more-content'><p>Ein station\u00e4rer Druckkopf erm\u00f6glicht blitzschnelle Druckgeschwindigkeiten von bis zu 18 m pro Minute. Bew\u00e4ltigen Sie die meisten Gro\u00dfauftr\u00e4ge, egal ob im kontinuierlichen Rolle-zu-Rolle-Druck oder inline mit einer Digitaldruckmaschine. <\/p><\/div>\n\t\t\t\t<\/div>\n","protected":false},"excerpt":{"rendered":"<p>Der L901 vereint industrielles Design, herausragende Bildqualit\u00e4t und hohe Produktionsgeschwindigkeiten mit der neuen M\u00f6glichkeit, den Druckkopf im laufenden Betrieb zu warten. Dadurch eignet sich der L901 ideal f\u00fcr lange Rolle-zu-Rolle-Druckauftr\u00e4ge oder die Inline-Integration mit Etikettenfinishern, Applikatoren, Spendern und mehr. <\/p>\n<p>Erstellen Sie brillante Vollfarbdrucke in hoher Aufl\u00f6sung. Gro\u00dfe Druckvolumen sind jetzt wirtschaftlicher: F\u00fcnf 250-ml-CMYKK-Tintenpatronen mit hoher Kapazit\u00e4t sorgen f\u00fcr extrem niedrige Kosten pro Etikett. <\/p>\n","protected":false},"featured_media":25778,"comment_status":"open","ping_status":"closed","template":"","meta":{"_acf_changed":false,"_et_pb_use_builder":"","_et_pb_old_content":"","_et_gb_content_width":""},"product_brand":[],"product_cat":[644],"product_tag":[865],"pa_connextion-shapes":[],"class_list":{"0":"post-53599","1":"product","2":"type-product","3":"status-publish","4":"has-post-thumbnail","6":"product_cat-inkjet-etikettendrucker","7":"product_tag-afinia-de","9":"first","10":"instock","11":"taxable","12":"shipping-taxable","13":"purchasable","14":"product-type-variable","15":"has-default-attributes"},"exclude_global_add_ons":[],"addons":[],"acf":[],"yoast_head":"<!-- This site is optimized with the Yoast SEO Premium plugin v27.0 (Yoast SEO v27.1) - https:\/\/yoast.com\/product\/yoast-seo-premium-wordpress\/ -->\n<title>Afinia L901 Etikettendrucker | Industrieller Farbetikettendrucker<\/title>\n<meta name=\"description\" content=\"Der Etikettendrucker Afinia L901 vereint industrielles Design, au\u00dfergew\u00f6hnliche Bildqualit\u00e4t und hohe Produktionsgeschwindigkeiten. Geringe Tintenkosten pro Etikett.\" \/>\n<meta name=\"robots\" content=\"index, follow, max-snippet:-1, max-image-preview:large, max-video-preview:-1\" \/>\n<link rel=\"canonical\" href=\"https:\/\/d-identify.be\/de\/produkt\/l901-l901-plus-industrieller-farbetikettendrucker\/\" \/>\n<meta property=\"og:locale\" content=\"de_DE\" \/>\n<meta property=\"og:type\" content=\"article\" \/>\n<meta property=\"og:title\" content=\"L901 \/ L901 Plus Industrieller Farbetikettendrucker\" \/>\n<meta property=\"og:description\" content=\"Der Etikettendrucker Afinia L901 vereint industrielles Design, au\u00dfergew\u00f6hnliche Bildqualit\u00e4t und hohe Produktionsgeschwindigkeiten. Geringe Tintenkosten pro Etikett.\" \/>\n<meta property=\"og:url\" content=\"https:\/\/d-identify.be\/de\/produkt\/l901-l901-plus-industrieller-farbetikettendrucker\/\" \/>\n<meta property=\"og:site_name\" content=\"d-identify\" \/>\n<meta property=\"og:image\" content=\"https:\/\/d-identify.be\/wp-content\/uploads\/2022\/07\/l901-printer-640x527-1.webp\" \/>\n\t<meta property=\"og:image:width\" content=\"640\" \/>\n\t<meta property=\"og:image:height\" content=\"527\" \/>\n\t<meta property=\"og:image:type\" content=\"image\/webp\" \/>\n<meta name=\"twitter:card\" content=\"summary_large_image\" \/>\n<meta name=\"twitter:label1\" content=\"Gesch\u00e4tzte Lesezeit\" \/>\n\t<meta name=\"twitter:data1\" content=\"1\u00a0Minute\" \/>\n<script type=\"application\/ld+json\" class=\"yoast-schema-graph\">{\"@context\":\"https:\/\/schema.org\",\"@graph\":[{\"@type\":\"WebPage\",\"@id\":\"https:\/\/d-identify.be\/de\/produkt\/l901-l901-plus-industrieller-farbetikettendrucker\/\",\"url\":\"https:\/\/d-identify.be\/de\/produkt\/l901-l901-plus-industrieller-farbetikettendrucker\/\",\"name\":\"Afinia L901 Etikettendrucker | Industrieller Farbetikettendrucker\",\"isPartOf\":{\"@id\":\"https:\/\/d-identify.be\/de\/#website\"},\"primaryImageOfPage\":{\"@id\":\"https:\/\/d-identify.be\/de\/produkt\/l901-l901-plus-industrieller-farbetikettendrucker\/#primaryimage\"},\"image\":{\"@id\":\"https:\/\/d-identify.be\/de\/produkt\/l901-l901-plus-industrieller-farbetikettendrucker\/#primaryimage\"},\"thumbnailUrl\":\"https:\/\/d-identify.be\/wp-content\/uploads\/2022\/07\/l901-printer-640x527-1.webp\",\"datePublished\":\"2022-07-15T14:08:24+00:00\",\"description\":\"Der Etikettendrucker Afinia L901 vereint industrielles Design, au\u00dfergew\u00f6hnliche Bildqualit\u00e4t und hohe Produktionsgeschwindigkeiten. Geringe Tintenkosten pro Etikett.\",\"breadcrumb\":{\"@id\":\"https:\/\/d-identify.be\/de\/produkt\/l901-l901-plus-industrieller-farbetikettendrucker\/#breadcrumb\"},\"inLanguage\":\"de\",\"potentialAction\":[{\"@type\":\"ReadAction\",\"target\":[\"https:\/\/d-identify.be\/de\/produkt\/l901-l901-plus-industrieller-farbetikettendrucker\/\"]}]},{\"@type\":\"ImageObject\",\"inLanguage\":\"de\",\"@id\":\"https:\/\/d-identify.be\/de\/produkt\/l901-l901-plus-industrieller-farbetikettendrucker\/#primaryimage\",\"url\":\"https:\/\/d-identify.be\/wp-content\/uploads\/2022\/07\/l901-printer-640x527-1.webp\",\"contentUrl\":\"https:\/\/d-identify.be\/wp-content\/uploads\/2022\/07\/l901-printer-640x527-1.webp\",\"width\":640,\"height\":527,\"caption\":\"afinia L901\/901 plus printer\"},{\"@type\":\"BreadcrumbList\",\"@id\":\"https:\/\/d-identify.be\/de\/produkt\/l901-l901-plus-industrieller-farbetikettendrucker\/#breadcrumb\",\"itemListElement\":[{\"@type\":\"ListItem\",\"position\":1,\"name\":\"Home\",\"item\":\"https:\/\/d-identify.be\/de\/home-2\/\"},{\"@type\":\"ListItem\",\"position\":2,\"name\":\"Shop\",\"item\":\"https:\/\/d-identify.be\/shop-2\/\"},{\"@type\":\"ListItem\",\"position\":3,\"name\":\"L901 \/ L901 Plus Industrieller Farbetikettendrucker\"}]},{\"@type\":\"WebSite\",\"@id\":\"https:\/\/d-identify.be\/de\/#website\",\"url\":\"https:\/\/d-identify.be\/de\/\",\"name\":\"d-identify\",\"description\":\"Industrial identification - Lockout - Tagout - Floor marking\",\"potentialAction\":[{\"@type\":\"SearchAction\",\"target\":{\"@type\":\"EntryPoint\",\"urlTemplate\":\"https:\/\/d-identify.be\/de\/?s={search_term_string}\"},\"query-input\":{\"@type\":\"PropertyValueSpecification\",\"valueRequired\":true,\"valueName\":\"search_term_string\"}}],\"inLanguage\":\"de\"}]}<\/script>\n<!-- \/ Yoast SEO Premium plugin. -->","yoast_head_json":{"title":"Afinia L901 Etikettendrucker | Industrieller Farbetikettendrucker","description":"Der Etikettendrucker Afinia L901 vereint industrielles Design, au\u00dfergew\u00f6hnliche Bildqualit\u00e4t und hohe Produktionsgeschwindigkeiten. Geringe Tintenkosten pro Etikett.","robots":{"index":"index","follow":"follow","max-snippet":"max-snippet:-1","max-image-preview":"max-image-preview:large","max-video-preview":"max-video-preview:-1"},"canonical":"https:\/\/d-identify.be\/de\/produkt\/l901-l901-plus-industrieller-farbetikettendrucker\/","og_locale":"de_DE","og_type":"article","og_title":"L901 \/ L901 Plus Industrieller Farbetikettendrucker","og_description":"Der Etikettendrucker Afinia L901 vereint industrielles Design, au\u00dfergew\u00f6hnliche Bildqualit\u00e4t und hohe Produktionsgeschwindigkeiten. Geringe Tintenkosten pro Etikett.","og_url":"https:\/\/d-identify.be\/de\/produkt\/l901-l901-plus-industrieller-farbetikettendrucker\/","og_site_name":"d-identify","og_image":[{"width":640,"height":527,"url":"https:\/\/d-identify.be\/wp-content\/uploads\/2022\/07\/l901-printer-640x527-1.webp","type":"image\/webp"}],"twitter_card":"summary_large_image","twitter_misc":{"Gesch\u00e4tzte Lesezeit":"1\u00a0Minute"},"schema":{"@context":"https:\/\/schema.org","@graph":[{"@type":"WebPage","@id":"https:\/\/d-identify.be\/de\/produkt\/l901-l901-plus-industrieller-farbetikettendrucker\/","url":"https:\/\/d-identify.be\/de\/produkt\/l901-l901-plus-industrieller-farbetikettendrucker\/","name":"Afinia L901 Etikettendrucker | Industrieller Farbetikettendrucker","isPartOf":{"@id":"https:\/\/d-identify.be\/de\/#website"},"primaryImageOfPage":{"@id":"https:\/\/d-identify.be\/de\/produkt\/l901-l901-plus-industrieller-farbetikettendrucker\/#primaryimage"},"image":{"@id":"https:\/\/d-identify.be\/de\/produkt\/l901-l901-plus-industrieller-farbetikettendrucker\/#primaryimage"},"thumbnailUrl":"https:\/\/d-identify.be\/wp-content\/uploads\/2022\/07\/l901-printer-640x527-1.webp","datePublished":"2022-07-15T14:08:24+00:00","description":"Der Etikettendrucker Afinia L901 vereint industrielles Design, au\u00dfergew\u00f6hnliche Bildqualit\u00e4t und hohe Produktionsgeschwindigkeiten. Geringe Tintenkosten pro Etikett.","breadcrumb":{"@id":"https:\/\/d-identify.be\/de\/produkt\/l901-l901-plus-industrieller-farbetikettendrucker\/#breadcrumb"},"inLanguage":"de","potentialAction":[{"@type":"ReadAction","target":["https:\/\/d-identify.be\/de\/produkt\/l901-l901-plus-industrieller-farbetikettendrucker\/"]}]},{"@type":"ImageObject","inLanguage":"de","@id":"https:\/\/d-identify.be\/de\/produkt\/l901-l901-plus-industrieller-farbetikettendrucker\/#primaryimage","url":"https:\/\/d-identify.be\/wp-content\/uploads\/2022\/07\/l901-printer-640x527-1.webp","contentUrl":"https:\/\/d-identify.be\/wp-content\/uploads\/2022\/07\/l901-printer-640x527-1.webp","width":640,"height":527,"caption":"afinia L901\/901 plus printer"},{"@type":"BreadcrumbList","@id":"https:\/\/d-identify.be\/de\/produkt\/l901-l901-plus-industrieller-farbetikettendrucker\/#breadcrumb","itemListElement":[{"@type":"ListItem","position":1,"name":"Home","item":"https:\/\/d-identify.be\/de\/home-2\/"},{"@type":"ListItem","position":2,"name":"Shop","item":"https:\/\/d-identify.be\/shop-2\/"},{"@type":"ListItem","position":3,"name":"L901 \/ L901 Plus Industrieller Farbetikettendrucker"}]},{"@type":"WebSite","@id":"https:\/\/d-identify.be\/de\/#website","url":"https:\/\/d-identify.be\/de\/","name":"d-identify","description":"Industrial identification - Lockout - Tagout - Floor marking","potentialAction":[{"@type":"SearchAction","target":{"@type":"EntryPoint","urlTemplate":"https:\/\/d-identify.be\/de\/?s={search_term_string}"},"query-input":{"@type":"PropertyValueSpecification","valueRequired":true,"valueName":"search_term_string"}}],"inLanguage":"de"}]}},"_links":{"self":[{"href":"https:\/\/d-identify.be\/de\/wp-json\/wp\/v2\/product\/53599","targetHints":{"allow":["GET"]}}],"collection":[{"href":"https:\/\/d-identify.be\/de\/wp-json\/wp\/v2\/product"}],"about":[{"href":"https:\/\/d-identify.be\/de\/wp-json\/wp\/v2\/types\/product"}],"replies":[{"embeddable":true,"href":"https:\/\/d-identify.be\/de\/wp-json\/wp\/v2\/comments?post=53599"}],"wp:featuredmedia":[{"embeddable":true,"href":"https:\/\/d-identify.be\/de\/wp-json\/wp\/v2\/media\/25778"}],"wp:attachment":[{"href":"https:\/\/d-identify.be\/de\/wp-json\/wp\/v2\/media?parent=53599"}],"wp:term":[{"taxonomy":"product_brand","embeddable":true,"href":"https:\/\/d-identify.be\/de\/wp-json\/wp\/v2\/product_brand?post=53599"},{"taxonomy":"product_cat","embeddable":true,"href":"https:\/\/d-identify.be\/de\/wp-json\/wp\/v2\/product_cat?post=53599"},{"taxonomy":"product_tag","embeddable":true,"href":"https:\/\/d-identify.be\/de\/wp-json\/wp\/v2\/product_tag?post=53599"},{"taxonomy":"pa_connextion-shapes","embeddable":true,"href":"https:\/\/d-identify.be\/de\/wp-json\/wp\/v2\/pa_connextion-shapes?post=53599"}],"curies":[{"name":"wp","href":"https:\/\/api.w.org\/{rel}","templated":true}]}}