{"id":53589,"date":"2022-07-14T09:58:41","date_gmt":"2022-07-14T07:58:41","guid":{"rendered":"https:\/\/d-identify.be\/product\/afinia-l801-kommerzieller-farbetikettendrucker\/"},"modified":"2025-05-08T12:13:58","modified_gmt":"2025-05-08T10:13:58","slug":"afinia-l801-kommerzieller-farbetikettendrucker","status":"publish","type":"product","link":"https:\/\/d-identify.be\/de\/produkt\/afinia-l801-kommerzieller-farbetikettendrucker\/","title":{"rendered":"Afinia L801 Kommerzieller Farbetikettendrucker"},"content":{"rendered":"<div class=\"product-highlights\">\n<div class='et-learn-more clearfix'>\n\t\t\t\t\t<h3 class='heading-more'>Professional Print Quality at High Speeds<span class='et_learnmore_arrow'><span><\/span><\/span><\/h3>\n\t\t\t\t\t<div class='learn-more-content'><p>Die Kombination aus Druckqualit\u00e4t, Geschwindigkeit und Tintenkosten des L801 ist kaum zu \u00fcbertreffen.<\/p>\n<p>Der L801 ist ein industrieller Tintenstrahldrucker mit Memjet-Technologie, ideal f\u00fcr kleine bis mittlere Auflagen im Bereich der Prim\u00e4r- und Sekund\u00e4retikettierung. Er druckt Endlos- oder Stanzpapier von 5 bis 21,6 cm Breite in Vollfarbe und mit einer Geschwindigkeit von bis zu 18 Metern pro Minute. Die extrem hohe Aufl\u00f6sung sorgt f\u00fcr gestochen scharfe Texte und Barcodes, selbst bei kleinsten Gr\u00f6\u00dfen. Diese Detailgenauigkeit, kombiniert mit lebendigen Farben und sattem Schwarz, verleiht Etiketten ein gestochen scharfes und lebendiges Aussehen. Der kommerzielle Farbetikettendrucker L801 ist zudem mit einer Vielzahl von Etikettenmaterialien aus Papier, Polyester, Polypropylen und Vinyl kompatibel.    <\/p>\n<p>Hohe Druckvolumen\nHohe Druckgeschwindigkeiten (\u2264 12 IPS)\nSuperg\u00fcnstige Tintenkosten\nBestseller<\/p><\/div>\n\t\t\t\t<\/div>\n<div class='et-learn-more clearfix'>\n\t\t\t\t\t<h3 class='heading-more'>Minimize ongoing ink costs<span class='et_learnmore_arrow'><span><\/span><\/span><\/h3>\n\t\t\t\t\t<div class='learn-more-content'><p>Bei der Investition in einen Etikettendrucker sollten die Kosten pro Etikett ebenso wichtig sein wie die Druckerkosten. Diese laufenden Kosten werden durch die branchenf\u00fchrenden Tintenkosten des L801 minimiert, die sich mit der mitgelieferten Software einfach berechnen lassen. Der Drucker fasst 1,25 Liter Tinte f\u00fcr gro\u00dfe Auflagen und verf\u00fcgt \u00fcber leicht zug\u00e4ngliche Klappen f\u00fcr einen schnellen und einfachen Medien- und Tintenwechsel. Ein optionaler elektrischer Aufwickler vereinfacht das Bedrucken fertiger Rollen.   <\/p><\/div>\n\t\t\t\t<\/div>\n<div class='et-learn-more clearfix'>\n\t\t\t\t\t<h3 class='heading-more'>Integrated Rewinder<span class='et_learnmore_arrow'><span><\/span><\/span><\/h3>\n\t\t\t\t\t<div class='learn-more-content'><p>Der kommerzielle Farbetikettendrucker L801 verf\u00fcgt \u00fcber einen integrierten Aufwickler f\u00fcr Rollen mit einem Durchmesser von bis zu 203 mm (8 Zoll). Die Stahlabdeckung sch\u00fctzt Ihre Medien vor Staub und Schmutz. Dies reduziert das Risiko von Druckproblemen und verl\u00e4ngert die Lebensdauer des Druckkopfes. Rollenmedien werden dem Drucker gleichm\u00e4\u00dfig zugef\u00fchrt.   <\/p><\/div>\n\t\t\t\t<\/div>\n<div class='et-learn-more clearfix'>\n\t\t\t\t\t<h3 class='heading-more'>Roll-to-roll label printing<span class='et_learnmore_arrow'><span><\/span><\/span><\/h3>\n\t\t\t\t\t<div class='learn-more-content'><p>Der optionale Aufwickler ist perfekt auf den L801 abgestimmt und erm\u00f6glicht die kontinuierliche Rollen-zu-Rolle-Etikettenproduktion. Er verarbeitet problemlos Rollen mit einem Au\u00dfendurchmesser von bis zu 20 cm f\u00fcr hohe Auflagen und reduzierte Medienkosten. Er ist eine empfehlenswerte Erg\u00e4nzung f\u00fcr Unternehmen mit hoher Nutzung oder anspruchsvollen Auftr\u00e4gen.  <\/p>\n<p>Wie der kommerzielle Farbetikettendrucker L801 verarbeitet der Aufwickler Etikettengr\u00f6\u00dfen bis zu 8,5 Zoll Breite und Rollen mit einem Au\u00dfendurchmesser von bis zu 8,0 Zoll. Er erm\u00f6glicht die Wahl der Drehrichtung, um die Etiketten wahlweise mit der Vorderseite nach innen oder au\u00dfen auszurichten. <\/p>\n<p>Sobald das Aufwickeln abgeschlossen ist, entfernen Sie einfach den Kernhalter und rollen Sie die Rolle fertig.<\/p><\/div>\n\t\t\t\t<\/div>\n<div class='et-learn-more clearfix'>\n\t\t\t\t\t<h3 class='heading-more'>Memjet Waterfall Technology<span class='et_learnmore_arrow'><span><\/span><\/span><\/h3>\n\t\t\t\t\t<div class='learn-more-content'><p>Der L801 ist ein digitaler Etikettendrucker mit Memjet-Technologie, der Ihnen beeindruckende Vollfarbdrucke mit bis zu 18 m\/min erm\u00f6glicht. Die station\u00e4re \u201eWasserfall\u201c-Druckkopftechnologie von Memjet erm\u00f6glicht einen schnellen Papierdurchlauf bei gleichzeitig hervorragender Druckaufl\u00f6sung. <\/p><\/div>\n\t\t\t\t<\/div>\n<div class='et-learn-more clearfix'>\n\t\t\t\t\t<h3 class='heading-more'>High quality &amp; resolution<span class='et_learnmore_arrow'><span><\/span><\/span><\/h3>\n\t\t\t\t\t<div class='learn-more-content'><p>Mit dem L801 drucken Sie mit bis zu 1600 x 1600 dpi lebendige und auff\u00e4llige Etiketten. Dank CMYKK (zwei schwarze Tintenpatronen) bietet der L801 au\u00dfergew\u00f6hnliche Farben und satte Schwarzt\u00f6ne f\u00fcr kontrastreichere Drucke. <\/p><\/div>\n\t\t\t\t<\/div>\n<div class='et-learn-more clearfix'>\n\t\t\t\t\t<h3 class='heading-more'>Low cost of ownership<span class='et_learnmore_arrow'><span><\/span><\/span><\/h3>\n\t\t\t\t\t<div class='learn-more-content'><p>Mit den Etikettendruckern von Afinia Label Memjet sparen Sie Verbrauchsmaterial. Der L801 fasst 1,25 Liter Tinte f\u00fcr gro\u00dfe Auflagen und bietet branchenf\u00fchrend niedrige Tintenkosten. Fordern Sie ein kostenloses Muster an, um die genauen Kosten Ihrer Etiketten zu ermitteln und sich selbst von der Qualit\u00e4t zu \u00fcberzeugen.  <\/p><\/div>\n\t\t\t\t<\/div>\n<\/div>\n","protected":false},"excerpt":{"rendered":"<p>Der benutzerfreundliche industrielle Farbetikettendrucker L801 basiert auf der Memjet Waterfall Printhead Technology\u00ae. Dank seines station\u00e4ren Druckkopfs f\u00fcr h\u00f6chste Geschwindigkeit und einem Tintentank von 1,25 Litern f\u00fcr gro\u00dfe Auflagen spart der L801 Zeit und Geld. <\/p>\n<p><strong>Hauptfunktionen<\/strong><\/p>\n","protected":false},"featured_media":25830,"comment_status":"open","ping_status":"closed","template":"","meta":{"_acf_changed":false,"_et_pb_use_builder":"","_et_pb_old_content":"","_et_gb_content_width":""},"product_brand":[1268],"product_cat":[644],"product_tag":[865],"pa_connextion-shapes":[],"class_list":{"0":"post-53589","1":"product","2":"type-product","3":"status-publish","4":"has-post-thumbnail","6":"product_brand-afinia-label","7":"product_cat-inkjet-etikettendrucker","8":"product_tag-afinia-de","10":"first","11":"instock","12":"taxable","13":"shipping-taxable","14":"purchasable","15":"product-type-simple"},"exclude_global_add_ons":[],"addons":[],"acf":[],"yoast_head":"<!-- This site is optimized with the Yoast SEO Premium plugin v27.0 (Yoast SEO v27.1) - https:\/\/yoast.com\/product\/yoast-seo-premium-wordpress\/ -->\n<title>Demo: L801 Hochgeschwindigkeits-Farbetikettendrucker von Afinia Label<\/title>\n<meta name=\"description\" content=\"Der kommerzielle Farbetikettendrucker L801 ist eine industrielle Rollentintenstrahll\u00f6sung, die sich ideal f\u00fcr kleine bis mittlere Druckauflagen im Einzelhandel eignet.\" \/>\n<meta name=\"robots\" content=\"index, follow, max-snippet:-1, max-image-preview:large, max-video-preview:-1\" \/>\n<link rel=\"canonical\" href=\"https:\/\/d-identify.be\/de\/produkt\/afinia-l801-kommerzieller-farbetikettendrucker\/\" \/>\n<meta property=\"og:locale\" content=\"de_DE\" \/>\n<meta property=\"og:type\" content=\"article\" \/>\n<meta property=\"og:title\" content=\"Afinia L801 Kommerzieller Farbetikettendrucker\" \/>\n<meta property=\"og:description\" content=\"Der kommerzielle Farbetikettendrucker L801 ist eine industrielle Rollentintenstrahll\u00f6sung, die sich ideal f\u00fcr kleine bis mittlere Druckauflagen im Einzelhandel eignet.\" \/>\n<meta property=\"og:url\" content=\"https:\/\/d-identify.be\/de\/produkt\/afinia-l801-kommerzieller-farbetikettendrucker\/\" \/>\n<meta property=\"og:site_name\" content=\"d-identify\" \/>\n<meta property=\"article:modified_time\" content=\"2025-05-08T10:13:58+00:00\" \/>\n<meta property=\"og:image\" content=\"https:\/\/d-identify.be\/wp-content\/uploads\/2022\/07\/l801-printer-640x527-Copy.webp\" \/>\n\t<meta property=\"og:image:width\" content=\"640\" \/>\n\t<meta property=\"og:image:height\" content=\"527\" \/>\n\t<meta property=\"og:image:type\" content=\"image\/webp\" \/>\n<meta name=\"twitter:card\" content=\"summary_large_image\" \/>\n<meta name=\"twitter:label1\" content=\"Gesch\u00e4tzte Lesezeit\" \/>\n\t<meta name=\"twitter:data1\" content=\"3\u00a0Minuten\" \/>\n<script type=\"application\/ld+json\" class=\"yoast-schema-graph\">{\"@context\":\"https:\/\/schema.org\",\"@graph\":[{\"@type\":\"WebPage\",\"@id\":\"https:\/\/d-identify.be\/de\/produkt\/afinia-l801-kommerzieller-farbetikettendrucker\/\",\"url\":\"https:\/\/d-identify.be\/de\/produkt\/afinia-l801-kommerzieller-farbetikettendrucker\/\",\"name\":\"Demo: L801 Hochgeschwindigkeits-Farbetikettendrucker von Afinia Label\",\"isPartOf\":{\"@id\":\"https:\/\/d-identify.be\/de\/#website\"},\"primaryImageOfPage\":{\"@id\":\"https:\/\/d-identify.be\/de\/produkt\/afinia-l801-kommerzieller-farbetikettendrucker\/#primaryimage\"},\"image\":{\"@id\":\"https:\/\/d-identify.be\/de\/produkt\/afinia-l801-kommerzieller-farbetikettendrucker\/#primaryimage\"},\"thumbnailUrl\":\"https:\/\/d-identify.be\/wp-content\/uploads\/2022\/07\/l801-printer-640x527-Copy.webp\",\"datePublished\":\"2022-07-14T07:58:41+00:00\",\"dateModified\":\"2025-05-08T10:13:58+00:00\",\"description\":\"Der kommerzielle Farbetikettendrucker L801 ist eine industrielle Rollentintenstrahll\u00f6sung, die sich ideal f\u00fcr kleine bis mittlere Druckauflagen im Einzelhandel eignet.\",\"breadcrumb\":{\"@id\":\"https:\/\/d-identify.be\/de\/produkt\/afinia-l801-kommerzieller-farbetikettendrucker\/#breadcrumb\"},\"inLanguage\":\"de\",\"potentialAction\":[{\"@type\":\"ReadAction\",\"target\":[\"https:\/\/d-identify.be\/de\/produkt\/afinia-l801-kommerzieller-farbetikettendrucker\/\"]}]},{\"@type\":\"ImageObject\",\"inLanguage\":\"de\",\"@id\":\"https:\/\/d-identify.be\/de\/produkt\/afinia-l801-kommerzieller-farbetikettendrucker\/#primaryimage\",\"url\":\"https:\/\/d-identify.be\/wp-content\/uploads\/2022\/07\/l801-printer-640x527-Copy.webp\",\"contentUrl\":\"https:\/\/d-identify.be\/wp-content\/uploads\/2022\/07\/l801-printer-640x527-Copy.webp\",\"width\":640,\"height\":527,\"caption\":\"Alfinia L801 commercial color label printer\"},{\"@type\":\"BreadcrumbList\",\"@id\":\"https:\/\/d-identify.be\/de\/produkt\/afinia-l801-kommerzieller-farbetikettendrucker\/#breadcrumb\",\"itemListElement\":[{\"@type\":\"ListItem\",\"position\":1,\"name\":\"Home\",\"item\":\"https:\/\/d-identify.be\/de\/home-2\/\"},{\"@type\":\"ListItem\",\"position\":2,\"name\":\"Shop\",\"item\":\"https:\/\/d-identify.be\/shop-2\/\"},{\"@type\":\"ListItem\",\"position\":3,\"name\":\"Afinia L801 Kommerzieller Farbetikettendrucker\"}]},{\"@type\":\"WebSite\",\"@id\":\"https:\/\/d-identify.be\/de\/#website\",\"url\":\"https:\/\/d-identify.be\/de\/\",\"name\":\"d-identify\",\"description\":\"Industrial identification - Lockout - Tagout - Floor marking\",\"potentialAction\":[{\"@type\":\"SearchAction\",\"target\":{\"@type\":\"EntryPoint\",\"urlTemplate\":\"https:\/\/d-identify.be\/de\/?s={search_term_string}\"},\"query-input\":{\"@type\":\"PropertyValueSpecification\",\"valueRequired\":true,\"valueName\":\"search_term_string\"}}],\"inLanguage\":\"de\"}]}<\/script>\n<!-- \/ Yoast SEO Premium plugin. -->","yoast_head_json":{"title":"Demo: L801 Hochgeschwindigkeits-Farbetikettendrucker von Afinia Label","description":"Der kommerzielle Farbetikettendrucker L801 ist eine industrielle Rollentintenstrahll\u00f6sung, die sich ideal f\u00fcr kleine bis mittlere Druckauflagen im Einzelhandel eignet.","robots":{"index":"index","follow":"follow","max-snippet":"max-snippet:-1","max-image-preview":"max-image-preview:large","max-video-preview":"max-video-preview:-1"},"canonical":"https:\/\/d-identify.be\/de\/produkt\/afinia-l801-kommerzieller-farbetikettendrucker\/","og_locale":"de_DE","og_type":"article","og_title":"Afinia L801 Kommerzieller Farbetikettendrucker","og_description":"Der kommerzielle Farbetikettendrucker L801 ist eine industrielle Rollentintenstrahll\u00f6sung, die sich ideal f\u00fcr kleine bis mittlere Druckauflagen im Einzelhandel eignet.","og_url":"https:\/\/d-identify.be\/de\/produkt\/afinia-l801-kommerzieller-farbetikettendrucker\/","og_site_name":"d-identify","article_modified_time":"2025-05-08T10:13:58+00:00","og_image":[{"width":640,"height":527,"url":"https:\/\/d-identify.be\/wp-content\/uploads\/2022\/07\/l801-printer-640x527-Copy.webp","type":"image\/webp"}],"twitter_card":"summary_large_image","twitter_misc":{"Gesch\u00e4tzte Lesezeit":"3\u00a0Minuten"},"schema":{"@context":"https:\/\/schema.org","@graph":[{"@type":"WebPage","@id":"https:\/\/d-identify.be\/de\/produkt\/afinia-l801-kommerzieller-farbetikettendrucker\/","url":"https:\/\/d-identify.be\/de\/produkt\/afinia-l801-kommerzieller-farbetikettendrucker\/","name":"Demo: L801 Hochgeschwindigkeits-Farbetikettendrucker von Afinia Label","isPartOf":{"@id":"https:\/\/d-identify.be\/de\/#website"},"primaryImageOfPage":{"@id":"https:\/\/d-identify.be\/de\/produkt\/afinia-l801-kommerzieller-farbetikettendrucker\/#primaryimage"},"image":{"@id":"https:\/\/d-identify.be\/de\/produkt\/afinia-l801-kommerzieller-farbetikettendrucker\/#primaryimage"},"thumbnailUrl":"https:\/\/d-identify.be\/wp-content\/uploads\/2022\/07\/l801-printer-640x527-Copy.webp","datePublished":"2022-07-14T07:58:41+00:00","dateModified":"2025-05-08T10:13:58+00:00","description":"Der kommerzielle Farbetikettendrucker L801 ist eine industrielle Rollentintenstrahll\u00f6sung, die sich ideal f\u00fcr kleine bis mittlere Druckauflagen im Einzelhandel eignet.","breadcrumb":{"@id":"https:\/\/d-identify.be\/de\/produkt\/afinia-l801-kommerzieller-farbetikettendrucker\/#breadcrumb"},"inLanguage":"de","potentialAction":[{"@type":"ReadAction","target":["https:\/\/d-identify.be\/de\/produkt\/afinia-l801-kommerzieller-farbetikettendrucker\/"]}]},{"@type":"ImageObject","inLanguage":"de","@id":"https:\/\/d-identify.be\/de\/produkt\/afinia-l801-kommerzieller-farbetikettendrucker\/#primaryimage","url":"https:\/\/d-identify.be\/wp-content\/uploads\/2022\/07\/l801-printer-640x527-Copy.webp","contentUrl":"https:\/\/d-identify.be\/wp-content\/uploads\/2022\/07\/l801-printer-640x527-Copy.webp","width":640,"height":527,"caption":"Alfinia L801 commercial color label printer"},{"@type":"BreadcrumbList","@id":"https:\/\/d-identify.be\/de\/produkt\/afinia-l801-kommerzieller-farbetikettendrucker\/#breadcrumb","itemListElement":[{"@type":"ListItem","position":1,"name":"Home","item":"https:\/\/d-identify.be\/de\/home-2\/"},{"@type":"ListItem","position":2,"name":"Shop","item":"https:\/\/d-identify.be\/shop-2\/"},{"@type":"ListItem","position":3,"name":"Afinia L801 Kommerzieller Farbetikettendrucker"}]},{"@type":"WebSite","@id":"https:\/\/d-identify.be\/de\/#website","url":"https:\/\/d-identify.be\/de\/","name":"d-identify","description":"Industrial identification - Lockout - Tagout - Floor marking","potentialAction":[{"@type":"SearchAction","target":{"@type":"EntryPoint","urlTemplate":"https:\/\/d-identify.be\/de\/?s={search_term_string}"},"query-input":{"@type":"PropertyValueSpecification","valueRequired":true,"valueName":"search_term_string"}}],"inLanguage":"de"}]}},"_links":{"self":[{"href":"https:\/\/d-identify.be\/de\/wp-json\/wp\/v2\/product\/53589","targetHints":{"allow":["GET"]}}],"collection":[{"href":"https:\/\/d-identify.be\/de\/wp-json\/wp\/v2\/product"}],"about":[{"href":"https:\/\/d-identify.be\/de\/wp-json\/wp\/v2\/types\/product"}],"replies":[{"embeddable":true,"href":"https:\/\/d-identify.be\/de\/wp-json\/wp\/v2\/comments?post=53589"}],"wp:featuredmedia":[{"embeddable":true,"href":"https:\/\/d-identify.be\/de\/wp-json\/wp\/v2\/media\/25830"}],"wp:attachment":[{"href":"https:\/\/d-identify.be\/de\/wp-json\/wp\/v2\/media?parent=53589"}],"wp:term":[{"taxonomy":"product_brand","embeddable":true,"href":"https:\/\/d-identify.be\/de\/wp-json\/wp\/v2\/product_brand?post=53589"},{"taxonomy":"product_cat","embeddable":true,"href":"https:\/\/d-identify.be\/de\/wp-json\/wp\/v2\/product_cat?post=53589"},{"taxonomy":"product_tag","embeddable":true,"href":"https:\/\/d-identify.be\/de\/wp-json\/wp\/v2\/product_tag?post=53589"},{"taxonomy":"pa_connextion-shapes","embeddable":true,"href":"https:\/\/d-identify.be\/de\/wp-json\/wp\/v2\/pa_connextion-shapes?post=53589"}],"curies":[{"name":"wp","href":"https:\/\/api.w.org\/{rel}","templated":true}]}}