{"id":53583,"date":"2022-07-14T09:43:23","date_gmt":"2022-07-14T07:43:23","guid":{"rendered":"https:\/\/d-identify.be\/product\/afinia-l701-farbetikettendrucker\/"},"modified":"2025-05-08T10:58:01","modified_gmt":"2025-05-08T08:58:01","slug":"afinia-l701-farbetikettendrucker","status":"publish","type":"product","link":"https:\/\/d-identify.be\/de\/produkt\/afinia-l701-farbetikettendrucker\/","title":{"rendered":"Afinia L701 Farbetikettendrucker"},"content":{"rendered":"<div class='et-learn-more clearfix'>\n\t\t\t\t\t<h3 class='heading-more'>Affordability without compromise<span class='et_learnmore_arrow'><span><\/span><\/span><\/h3>\n\t\t\t\t\t<div class='learn-more-content'><p>Der Afinia L701 Farbetikettendrucker \u2013 unser g\u00fcnstigstes Angebot mit Memjet-Technologie \u2013 erm\u00f6glicht Ihnen den Druck hochwertiger Vollfarbetiketten, ohne Ihr Budget zu sprengen. Der L701 eignet sich hervorragend f\u00fcr Mehrfachdruckerinstallationen oder Anwendungen, bei denen hohe Leistung, geringe Anfangsinvestition und geringer Platzbedarf gefragt sind. <\/p>\n<p>Der intuitive digitale Farbetikettendrucker L701 ist eine hervorragende Option f\u00fcr kleine und mittlere Unternehmen, die ihre eigenen Farbetiketten im eigenen Haus drucken m\u00f6chten. Der station\u00e4re Druckkopf mit Memjet-Antrieb bietet Geschwindigkeit, industrielle Zuverl\u00e4ssigkeit und beeindruckende Bildqualit\u00e4t. F\u00fcnf gro\u00dfe (200 ml CYMKK) Tintenpatronen sorgen f\u00fcr niedrige Etikettenkosten und eine hohe Rentabilit\u00e4t. Damit eignet sich der L701 ideal f\u00fcr kleine bis mittlere Druckauflagen im Einzelhandel, bei der Lagerhaltung und bei Produktkennzeichnungen.  <\/p>\n<ul>\n<li>Druck mittlerer Auflagen<\/li>\n<li>Mittelschnelle Druckgeschwindigkeiten (\u2264 8 IPS)<\/li>\n<li>Niedrige Tintenkosten<\/li>\n<li>Memjet-Drucker mit den niedrigsten Anschaffungskosten<\/li>\n<\/ul><\/div>\n\t\t\t\t<\/div>\n<div class='et-learn-more clearfix'>\n\t\t\t\t\t<h3 class='heading-more'>High Quality &amp; Resolution<span class='et_learnmore_arrow'><span><\/span><\/span><\/h3>\n\t\t\t\t\t<div class='learn-more-content'><p>Profitieren Sie von allen Vorteilen von Memjet in einem kompakten Format. Die station\u00e4re \u201eWasserfall\u201c-Druckkopftechnologie von Memjet erm\u00f6glicht einen schnellen Durchlauf von Blanko-Etikettenmaterial bei gleichzeitig hervorragender Druckaufl\u00f6sung. Drucken Sie mit bis zu 1600 x 1600 dpi f\u00fcr brillante, auff\u00e4llige Etiketten. Durch die Verwendung von CMYKK bietet der L701 au\u00dfergew\u00f6hnliche Farben und satte Schwarzt\u00f6ne f\u00fcr exzellenten Kontrast.   <\/p><\/div>\n\t\t\t\t<\/div>\n<div class='et-learn-more clearfix'>\n\t\t\t\t\t<h3 class='heading-more'>Included Unwinder<span class='et_learnmore_arrow'><span><\/span><\/span><\/h3>\n\t\t\t\t\t<div class='learn-more-content'><p>Der Afinia L701 Farbetikettendrucker verf\u00fcgt \u00fcber einen Abwickler f\u00fcr Rollen mit einem Durchmesser von bis zu 150 mm. Rollenmedien werden dem Drucker gleichm\u00e4\u00dfig zugef\u00fchrt. <\/p><\/div>\n\t\t\t\t<\/div>\n<div class='et-learn-more clearfix'>\n\t\t\t\t\t<h3 class='heading-more'>Fanfold Media Support<span class='et_learnmore_arrow'><span><\/span><\/span><\/h3>\n\t\t\t\t\t<div class='learn-more-content'><div class='one_half'>\n\t\t\t\t\tDer L701 eignet sich perfekt f\u00fcr die Verwendung von Endlospapier. Entfernen Sie einfach den Rollenaufwickler und legen Sie einen Stapel oder eine Schachtel tintenstrahlkompatibler Endlosetiketten hinter den Drucker. F\u00fchren Sie die Etiketten wie gewohnt ein und drucken Sie. Sobald die ersten Etiketten an ihren Platz fallen, entsteht ein sauberer Stapel fertiger Etiketten.\n\t\t\t\t<\/div>\n<div class='one_half et_column_last'>\n\t\t\t\t\t<img loading=\"lazy\" decoding=\"async\" class=\"alignnone wp-image-6098\" src=\"https:\/\/d-identify.be\/wp-content\/uploads\/2022\/07\/L701-sLeft-FanFold-1000px-640x399-1-300x187.webp\" alt=\"\" width=\"221\" height=\"138\">\n\t\t\t\t<\/div><div class='clear'><\/div><\/div>\n\t\t\t\t<\/div>\n<div class='et-learn-more clearfix'>\n\t\t\t\t\t<h3 class='heading-more'>Low Label Costs<span class='et_learnmore_arrow'><span><\/span><\/span><\/h3>\n\t\t\t\t\t<div class='learn-more-content'><p>Der Afinia Label L701 verf\u00fcgt \u00fcber f\u00fcnf gro\u00dfe 200-ml-Tintenpatronen f\u00fcr mittlere bis gro\u00dfe Auflagen und reduziert gleichzeitig die Kosten pro Etikett. Senden Sie uns Ihre Vorlage, um zu sehen, wie viel Sie sparen k\u00f6nnen, oder \u00fcberzeugen Sie sich selbst von der hohen Rentabilit\u00e4t des digitalen Farbetikettendruckers L701. <\/p><\/div>\n\t\t\t\t<\/div>\n","protected":false},"excerpt":{"rendered":"<p>Der digitale Farbetikettendrucker L701 \u2013 unser g\u00fcnstigstes Angebot mit Memjet-Technologie \u2013 erm\u00f6glicht Ihnen den Druck hochwertiger Vollfarbetiketten, ohne Ihr Budget zu sprengen. Der L701 eignet sich hervorragend f\u00fcr Mehrfachdruckerinstallationen oder Anwendungen, bei denen hohe Leistung, geringe Anfangsinvestition und geringer Platzbedarf gefragt sind. <\/p>\n<p><strong>Hauptfunktionen<\/strong><\/p>\n","protected":false},"featured_media":25838,"comment_status":"open","ping_status":"closed","template":"","meta":{"_acf_changed":false,"_et_pb_use_builder":"","_et_pb_old_content":"","_et_gb_content_width":""},"product_brand":[1268],"product_cat":[644],"product_tag":[865],"pa_connextion-shapes":[],"class_list":{"0":"post-53583","1":"product","2":"type-product","3":"status-publish","4":"has-post-thumbnail","6":"product_brand-afinia-label","7":"product_cat-inkjet-etikettendrucker","8":"product_tag-afinia-de","10":"first","11":"instock","12":"taxable","13":"shipping-taxable","14":"purchasable","15":"product-type-simple"},"exclude_global_add_ons":[],"addons":[],"acf":[],"yoast_head":"<!-- This site is optimized with the Yoast SEO Premium plugin v27.0 (Yoast SEO v27.1) - https:\/\/yoast.com\/product\/yoast-seo-premium-wordpress\/ -->\n<title>Afinia L701 Farbdrucker | Drucken Sie leuchtende Farbetiketten<\/title>\n<meta name=\"description\" content=\"Der Farbetikettendrucker Afinia L701 ist ideal f\u00fcr kleine bis mittlere Druckauflagen im Einzelhandel und bei Produktkennzeichnungsanwendungen.\" \/>\n<meta name=\"robots\" content=\"index, follow, max-snippet:-1, max-image-preview:large, max-video-preview:-1\" \/>\n<link rel=\"canonical\" href=\"https:\/\/d-identify.be\/de\/produkt\/afinia-l701-farbetikettendrucker\/\" \/>\n<meta property=\"og:locale\" content=\"de_DE\" \/>\n<meta property=\"og:type\" content=\"article\" \/>\n<meta property=\"og:title\" content=\"Afinia L701 Farbetikettendrucker\" \/>\n<meta property=\"og:description\" content=\"Der Farbetikettendrucker Afinia L701 ist ideal f\u00fcr kleine bis mittlere Druckauflagen im Einzelhandel und bei Produktkennzeichnungsanwendungen.\" \/>\n<meta property=\"og:url\" content=\"https:\/\/d-identify.be\/de\/produkt\/afinia-l701-farbetikettendrucker\/\" \/>\n<meta property=\"og:site_name\" content=\"d-identify\" \/>\n<meta property=\"article:modified_time\" content=\"2025-05-08T08:58:01+00:00\" \/>\n<meta property=\"og:image\" content=\"https:\/\/d-identify.be\/wp-content\/uploads\/2022\/07\/l701-printer.webp\" \/>\n\t<meta property=\"og:image:width\" content=\"850\" \/>\n\t<meta property=\"og:image:height\" content=\"700\" \/>\n\t<meta property=\"og:image:type\" content=\"image\/webp\" \/>\n<meta name=\"twitter:card\" content=\"summary_large_image\" \/>\n<meta name=\"twitter:label1\" content=\"Gesch\u00e4tzte Lesezeit\" \/>\n\t<meta name=\"twitter:data1\" content=\"2\u00a0Minuten\" \/>\n<script type=\"application\/ld+json\" class=\"yoast-schema-graph\">{\"@context\":\"https:\/\/schema.org\",\"@graph\":[{\"@type\":\"WebPage\",\"@id\":\"https:\/\/d-identify.be\/de\/produkt\/afinia-l701-farbetikettendrucker\/\",\"url\":\"https:\/\/d-identify.be\/de\/produkt\/afinia-l701-farbetikettendrucker\/\",\"name\":\"Afinia L701 Farbdrucker | Drucken Sie leuchtende Farbetiketten\",\"isPartOf\":{\"@id\":\"https:\/\/d-identify.be\/de\/#website\"},\"primaryImageOfPage\":{\"@id\":\"https:\/\/d-identify.be\/de\/produkt\/afinia-l701-farbetikettendrucker\/#primaryimage\"},\"image\":{\"@id\":\"https:\/\/d-identify.be\/de\/produkt\/afinia-l701-farbetikettendrucker\/#primaryimage\"},\"thumbnailUrl\":\"https:\/\/d-identify.be\/wp-content\/uploads\/2022\/07\/l701-printer.webp\",\"datePublished\":\"2022-07-14T07:43:23+00:00\",\"dateModified\":\"2025-05-08T08:58:01+00:00\",\"description\":\"Der Farbetikettendrucker Afinia L701 ist ideal f\u00fcr kleine bis mittlere Druckauflagen im Einzelhandel und bei Produktkennzeichnungsanwendungen.\",\"breadcrumb\":{\"@id\":\"https:\/\/d-identify.be\/de\/produkt\/afinia-l701-farbetikettendrucker\/#breadcrumb\"},\"inLanguage\":\"de\",\"potentialAction\":[{\"@type\":\"ReadAction\",\"target\":[\"https:\/\/d-identify.be\/de\/produkt\/afinia-l701-farbetikettendrucker\/\"]}]},{\"@type\":\"ImageObject\",\"inLanguage\":\"de\",\"@id\":\"https:\/\/d-identify.be\/de\/produkt\/afinia-l701-farbetikettendrucker\/#primaryimage\",\"url\":\"https:\/\/d-identify.be\/wp-content\/uploads\/2022\/07\/l701-printer.webp\",\"contentUrl\":\"https:\/\/d-identify.be\/wp-content\/uploads\/2022\/07\/l701-printer.webp\",\"width\":850,\"height\":700,\"caption\":\"digital color label printer\"},{\"@type\":\"BreadcrumbList\",\"@id\":\"https:\/\/d-identify.be\/de\/produkt\/afinia-l701-farbetikettendrucker\/#breadcrumb\",\"itemListElement\":[{\"@type\":\"ListItem\",\"position\":1,\"name\":\"Home\",\"item\":\"https:\/\/d-identify.be\/de\/home-2\/\"},{\"@type\":\"ListItem\",\"position\":2,\"name\":\"Shop\",\"item\":\"https:\/\/d-identify.be\/shop-2\/\"},{\"@type\":\"ListItem\",\"position\":3,\"name\":\"Afinia L701 Farbetikettendrucker\"}]},{\"@type\":\"WebSite\",\"@id\":\"https:\/\/d-identify.be\/de\/#website\",\"url\":\"https:\/\/d-identify.be\/de\/\",\"name\":\"d-identify\",\"description\":\"Industrial identification - Lockout - Tagout - Floor marking\",\"potentialAction\":[{\"@type\":\"SearchAction\",\"target\":{\"@type\":\"EntryPoint\",\"urlTemplate\":\"https:\/\/d-identify.be\/de\/?s={search_term_string}\"},\"query-input\":{\"@type\":\"PropertyValueSpecification\",\"valueRequired\":true,\"valueName\":\"search_term_string\"}}],\"inLanguage\":\"de\"}]}<\/script>\n<!-- \/ Yoast SEO Premium plugin. -->","yoast_head_json":{"title":"Afinia L701 Farbdrucker | Drucken Sie leuchtende Farbetiketten","description":"Der Farbetikettendrucker Afinia L701 ist ideal f\u00fcr kleine bis mittlere Druckauflagen im Einzelhandel und bei Produktkennzeichnungsanwendungen.","robots":{"index":"index","follow":"follow","max-snippet":"max-snippet:-1","max-image-preview":"max-image-preview:large","max-video-preview":"max-video-preview:-1"},"canonical":"https:\/\/d-identify.be\/de\/produkt\/afinia-l701-farbetikettendrucker\/","og_locale":"de_DE","og_type":"article","og_title":"Afinia L701 Farbetikettendrucker","og_description":"Der Farbetikettendrucker Afinia L701 ist ideal f\u00fcr kleine bis mittlere Druckauflagen im Einzelhandel und bei Produktkennzeichnungsanwendungen.","og_url":"https:\/\/d-identify.be\/de\/produkt\/afinia-l701-farbetikettendrucker\/","og_site_name":"d-identify","article_modified_time":"2025-05-08T08:58:01+00:00","og_image":[{"width":850,"height":700,"url":"https:\/\/d-identify.be\/wp-content\/uploads\/2022\/07\/l701-printer.webp","type":"image\/webp"}],"twitter_card":"summary_large_image","twitter_misc":{"Gesch\u00e4tzte Lesezeit":"2\u00a0Minuten"},"schema":{"@context":"https:\/\/schema.org","@graph":[{"@type":"WebPage","@id":"https:\/\/d-identify.be\/de\/produkt\/afinia-l701-farbetikettendrucker\/","url":"https:\/\/d-identify.be\/de\/produkt\/afinia-l701-farbetikettendrucker\/","name":"Afinia L701 Farbdrucker | Drucken Sie leuchtende Farbetiketten","isPartOf":{"@id":"https:\/\/d-identify.be\/de\/#website"},"primaryImageOfPage":{"@id":"https:\/\/d-identify.be\/de\/produkt\/afinia-l701-farbetikettendrucker\/#primaryimage"},"image":{"@id":"https:\/\/d-identify.be\/de\/produkt\/afinia-l701-farbetikettendrucker\/#primaryimage"},"thumbnailUrl":"https:\/\/d-identify.be\/wp-content\/uploads\/2022\/07\/l701-printer.webp","datePublished":"2022-07-14T07:43:23+00:00","dateModified":"2025-05-08T08:58:01+00:00","description":"Der Farbetikettendrucker Afinia L701 ist ideal f\u00fcr kleine bis mittlere Druckauflagen im Einzelhandel und bei Produktkennzeichnungsanwendungen.","breadcrumb":{"@id":"https:\/\/d-identify.be\/de\/produkt\/afinia-l701-farbetikettendrucker\/#breadcrumb"},"inLanguage":"de","potentialAction":[{"@type":"ReadAction","target":["https:\/\/d-identify.be\/de\/produkt\/afinia-l701-farbetikettendrucker\/"]}]},{"@type":"ImageObject","inLanguage":"de","@id":"https:\/\/d-identify.be\/de\/produkt\/afinia-l701-farbetikettendrucker\/#primaryimage","url":"https:\/\/d-identify.be\/wp-content\/uploads\/2022\/07\/l701-printer.webp","contentUrl":"https:\/\/d-identify.be\/wp-content\/uploads\/2022\/07\/l701-printer.webp","width":850,"height":700,"caption":"digital color label printer"},{"@type":"BreadcrumbList","@id":"https:\/\/d-identify.be\/de\/produkt\/afinia-l701-farbetikettendrucker\/#breadcrumb","itemListElement":[{"@type":"ListItem","position":1,"name":"Home","item":"https:\/\/d-identify.be\/de\/home-2\/"},{"@type":"ListItem","position":2,"name":"Shop","item":"https:\/\/d-identify.be\/shop-2\/"},{"@type":"ListItem","position":3,"name":"Afinia L701 Farbetikettendrucker"}]},{"@type":"WebSite","@id":"https:\/\/d-identify.be\/de\/#website","url":"https:\/\/d-identify.be\/de\/","name":"d-identify","description":"Industrial identification - Lockout - Tagout - Floor marking","potentialAction":[{"@type":"SearchAction","target":{"@type":"EntryPoint","urlTemplate":"https:\/\/d-identify.be\/de\/?s={search_term_string}"},"query-input":{"@type":"PropertyValueSpecification","valueRequired":true,"valueName":"search_term_string"}}],"inLanguage":"de"}]}},"_links":{"self":[{"href":"https:\/\/d-identify.be\/de\/wp-json\/wp\/v2\/product\/53583","targetHints":{"allow":["GET"]}}],"collection":[{"href":"https:\/\/d-identify.be\/de\/wp-json\/wp\/v2\/product"}],"about":[{"href":"https:\/\/d-identify.be\/de\/wp-json\/wp\/v2\/types\/product"}],"replies":[{"embeddable":true,"href":"https:\/\/d-identify.be\/de\/wp-json\/wp\/v2\/comments?post=53583"}],"wp:featuredmedia":[{"embeddable":true,"href":"https:\/\/d-identify.be\/de\/wp-json\/wp\/v2\/media\/25838"}],"wp:attachment":[{"href":"https:\/\/d-identify.be\/de\/wp-json\/wp\/v2\/media?parent=53583"}],"wp:term":[{"taxonomy":"product_brand","embeddable":true,"href":"https:\/\/d-identify.be\/de\/wp-json\/wp\/v2\/product_brand?post=53583"},{"taxonomy":"product_cat","embeddable":true,"href":"https:\/\/d-identify.be\/de\/wp-json\/wp\/v2\/product_cat?post=53583"},{"taxonomy":"product_tag","embeddable":true,"href":"https:\/\/d-identify.be\/de\/wp-json\/wp\/v2\/product_tag?post=53583"},{"taxonomy":"pa_connextion-shapes","embeddable":true,"href":"https:\/\/d-identify.be\/de\/wp-json\/wp\/v2\/pa_connextion-shapes?post=53583"}],"curies":[{"name":"wp","href":"https:\/\/api.w.org\/{rel}","templated":true}]}}