{"id":53577,"date":"2022-07-14T09:56:58","date_gmt":"2022-07-14T07:56:58","guid":{"rendered":"https:\/\/d-identify.be\/product\/afinia-l502-tintenstrahl-etikettendrucker\/"},"modified":"2025-05-08T10:42:03","modified_gmt":"2025-05-08T08:42:03","slug":"afinia-l502-tintenstrahl-etikettendrucker","status":"publish","type":"product","link":"https:\/\/d-identify.be\/de\/produkt\/afinia-l502-tintenstrahl-etikettendrucker\/","title":{"rendered":"Afinia L502 Tintenstrahl-Etikettendrucker"},"content":{"rendered":"<div class=\"product-highlights\">\n<div class='et-learn-more clearfix'>\n\t\t\t\t\t<h3 class='heading-more'>Making your own labels just got easier<span class='et_learnmore_arrow'><span><\/span><\/span><\/h3>\n\t\t\t\t\t<div class='learn-more-content'><p>Ob wasserfeste, langlebige Etiketten oder ein Blickfang f\u00fcrs Regal: Der Afinia L502 Tintenstrahldrucker ist unser vielseitigster Drucker aller Zeiten. Pigment- und Farbstofftinten haben jeweils ihre Vorteile. Mit dem L502 profitieren Sie von beiden Vorteilen. Dank seines robusten Industriedesigns, der verbesserten Toolbox-Funktionalit\u00e4t, doppelt so schnellem Drucken* und langlebigen Pigmenttinten ist der Afinia L502 Tintenstrahldrucker extrem robust und vielseitig.    <\/p>\n<p><em>*Im Vergleich zum urspr\u00fcnglichen Farbetikettendrucker L501<\/em><\/p>\n<div class=\"product-highlights\">\n<ul>\n<li>Industrielle Verarbeitungsqualit\u00e4t<\/li>\n<li>Dual-Ink-F\u00e4higkeit (Farbstoff und Pigment)<\/li>\n<li>Separate CMYK-Tinten f\u00fcr mehr Wirtschaftlichkeit<\/li>\n<li>BS5609-zertifizierte Pigmenttinten<\/li>\n<\/ul>\n<\/div><\/div>\n\t\t\t\t<\/div>\n<div class='et-learn-more clearfix'>\n\t\t\t\t\t<h3 class='heading-more'>Pigment and Dye-based Labels<span class='et_learnmore_arrow'><span><\/span><\/span><\/h3>\n\t\t\t\t\t<div class='learn-more-content'><div class='one_half'>\n\t\t\t\t\tPigmentbasierte Drucke sind \u00e4u\u00dferst widerstandsf\u00e4hig gegen Feuchtigkeit, Abrieb, Ausbleichen durch Sonneneinstrahlung und extreme Temperaturen. Dadurch eignet sich der L502 ideal f\u00fcr Verpackungen, die GHS-konform sein m\u00fcssen. Auch f\u00fcr Verpackungen mit hoher Feuchtigkeitsbelastung, wie Getr\u00e4nke und Badezus\u00e4tze, ist der Druck ideal.<\/p>\n<p>\n\t\t\t\t<\/div>\n<div class='one_half et_column_last'>\n\t\t\t\t\t<strong><img loading=\"lazy\" decoding=\"async\" class=\"\" src=\"https:\/\/afinialabel.com\/wp-content\/uploads\/L501-pigment-vs-dye.png\" alt=\"DuraPrime\u2122 Duo Ink Technology\" width=\"388\" height=\"155\"><\/strong>\n\t\t\t\t<\/div><div class='clear'><\/div><\/div>\n\t\t\t\t<\/div>\n<div class='et-learn-more clearfix'>\n\t\t\t\t\t<h3 class='heading-more'>BS5609 Certified for Durable Labels<span class='et_learnmore_arrow'><span><\/span><\/span><\/h3>\n\t\t\t\t\t<div class='learn-more-content'><div class='one_half'>\n\t\t\t\t\tDer L502 Industrial Duo Ink-Drucker wurde f\u00fcr die Herstellung von BS 5609- und GHS-konformen Etiketten (Globally Harmonized System) getestet und zertifiziert. Dies unterst\u00fctzt Chemiehersteller bei der Einhaltung der Verpackungs- und Transportvorschriften. Die Pr\u00fcfung bewertet die Best\u00e4ndigkeit des Drucks bei Abrieb und Eintauchen in Salzwasser \u00fcber einen Zeitraum von 90 Tagen.\n\t\t\t\t<\/div>\n<div class='one_half et_column_last'>\n\t\t\t\t\t<img loading=\"lazy\" decoding=\"async\" class=\"alignnone size-medium wp-image-6082\" src=\"https:\/\/d-identify.be\/wp-content\/uploads\/2022\/07\/GHS-300x146.png\" alt=\"\" width=\"300\" height=\"146\" srcset=\"https:\/\/d-identify.be\/wp-content\/uploads\/2022\/07\/GHS-300x146.png 300w, https:\/\/d-identify.be\/wp-content\/uploads\/2022\/07\/GHS.png 339w\" sizes=\"(max-width: 300px) 100vw, 300px\" \/>\n\t\t\t\t<\/div><div class='clear'><\/div><\/div>\n\t\t\t\t<\/div>\n<div class='et-learn-more clearfix'>\n\t\t\t\t\t<h3 class='heading-more'>Built for Industrial Use<span class='et_learnmore_arrow'><span><\/span><\/span><\/h3>\n\t\t\t\t\t<div class='learn-more-content'><p>Die robuste Konstruktion des L502 Industrial Duo Ink-Druckers umfasst eine Ganzstahl-Industrieabdeckung mit Sichtfenster f\u00fcr Druckbett und Status\u00fcberwachung. Verbesserte Sensoren erm\u00f6glichen zudem eine bessere Kompatibilit\u00e4t mit Spezialmedien, wie beispielsweise reflektierendem Metallmaterial. Neben dem Standard-Rollendrucker ist der L502 auch als Leporello-kompatible Version (F502) mit gleicher Verarbeitungsqualit\u00e4t und gleichem Funktionsumfang erh\u00e4ltlich.  <\/p>\n<p>Die Verbesserungen erstrecken sich auch auf die Toolbox des L502 Industrial Duo Ink Printer und erm\u00f6glichen eine verbesserte Steuerung, einschlie\u00dflich der Funktionen \u201ePause\u201c und \u201eAusschneiden\u201c. Auch Firmware-Upgrades lassen sich nun einfacher durchf\u00fchren.<\/p><\/div>\n\t\t\t\t<\/div>\n<div class='et-learn-more clearfix'>\n\t\t\t\t\t<h3 class='heading-more'>Versatility Meets Economy<span class='et_learnmore_arrow'><span><\/span><\/span><\/h3>\n\t\t\t\t\t<div class='learn-more-content'><p>Der L502 ist nicht nur einer der vielseitigsten Etikettendrucker auf dem Markt, sondern bietet auch ein hervorragendes Preis-Leistungs-Verh\u00e4ltnis f\u00fcr kleine bis mittelgro\u00dfe Etikettenanwendungen. Separate CMYK-Tintenpatronen tragen zu niedrigeren Kosten pro Etikett bei, da nur leere Farben ausgetauscht werden m\u00fcssen. <\/p><\/div>\n\t\t\t\t<\/div>\n<\/div>\n","protected":false},"excerpt":{"rendered":"<p>Der L502 ist die Weiterentwicklung unseres beliebten Mittelklasse-Tintenstrahl-Etikettendruckers. Dank seines robusten Industriedesigns, der verbesserten Toolbox-Funktionalit\u00e4t, \u00fcber doppelt so schnellem Drucken und optionalen langlebigen Pigmenttinten ist der L502 extrem robust und vielseitig einsetzbar und druckt Etiketten mit einer Breite von bis zu 216 mm. <\/p>\n<p><strong>Hauptfunktionen<\/strong><\/p>\n","protected":false},"featured_media":25836,"comment_status":"open","ping_status":"closed","template":"","meta":{"_acf_changed":false,"_et_pb_use_builder":"","_et_pb_old_content":"","_et_gb_content_width":""},"product_brand":[1268],"product_cat":[644],"product_tag":[865],"pa_connextion-shapes":[],"class_list":{"0":"post-53577","1":"product","2":"type-product","3":"status-publish","4":"has-post-thumbnail","6":"product_brand-afinia-label","7":"product_cat-inkjet-etikettendrucker","8":"product_tag-afinia-de","10":"first","11":"instock","12":"taxable","13":"shipping-taxable","14":"purchasable","15":"product-type-variable","16":"has-default-attributes"},"exclude_global_add_ons":[],"addons":[],"acf":[],"yoast_head":"<!-- This site is optimized with the Yoast SEO Premium plugin v27.0 (Yoast SEO v27.1) - https:\/\/yoast.com\/product\/yoast-seo-premium-wordpress\/ -->\n<title>Afinia L502 Tintenstrahldrucker<\/title>\n<meta name=\"description\" content=\"Der Afinia L502 Tintenstrahldrucker kann sowohl mit Farbstoff- als auch mit Pigmenttinten drucken und erstellt langlebige, lebendige Produktetiketten\" \/>\n<meta name=\"robots\" content=\"index, follow, max-snippet:-1, max-image-preview:large, max-video-preview:-1\" \/>\n<link rel=\"canonical\" href=\"https:\/\/d-identify.be\/de\/produkt\/afinia-l502-tintenstrahl-etikettendrucker\/\" \/>\n<meta property=\"og:locale\" content=\"de_DE\" \/>\n<meta property=\"og:type\" content=\"article\" \/>\n<meta property=\"og:title\" content=\"Afinia L502 Tintenstrahl-Etikettendrucker\" \/>\n<meta property=\"og:description\" content=\"Der Afinia L502 Tintenstrahldrucker kann sowohl mit Farbstoff- als auch mit Pigmenttinten drucken und erstellt langlebige, lebendige Produktetiketten\" \/>\n<meta property=\"og:url\" content=\"https:\/\/d-identify.be\/de\/produkt\/afinia-l502-tintenstrahl-etikettendrucker\/\" \/>\n<meta property=\"og:site_name\" content=\"d-identify\" \/>\n<meta property=\"article:modified_time\" content=\"2025-05-08T08:42:03+00:00\" \/>\n<meta property=\"og:image\" content=\"https:\/\/d-identify.be\/wp-content\/uploads\/2022\/07\/afinia-l502-industrial-duo-ink-color-label-printer.png\" \/>\n\t<meta property=\"og:image:width\" content=\"544\" \/>\n\t<meta property=\"og:image:height\" content=\"366\" \/>\n\t<meta property=\"og:image:type\" content=\"image\/png\" \/>\n<meta name=\"twitter:card\" content=\"summary_large_image\" \/>\n<meta name=\"twitter:label1\" content=\"Gesch\u00e4tzte Lesezeit\" \/>\n\t<meta name=\"twitter:data1\" content=\"2\u00a0Minuten\" \/>\n<script type=\"application\/ld+json\" class=\"yoast-schema-graph\">{\"@context\":\"https:\/\/schema.org\",\"@graph\":[{\"@type\":\"WebPage\",\"@id\":\"https:\/\/d-identify.be\/de\/produkt\/afinia-l502-tintenstrahl-etikettendrucker\/\",\"url\":\"https:\/\/d-identify.be\/de\/produkt\/afinia-l502-tintenstrahl-etikettendrucker\/\",\"name\":\"Afinia L502 Tintenstrahldrucker\",\"isPartOf\":{\"@id\":\"https:\/\/d-identify.be\/de\/#website\"},\"primaryImageOfPage\":{\"@id\":\"https:\/\/d-identify.be\/de\/produkt\/afinia-l502-tintenstrahl-etikettendrucker\/#primaryimage\"},\"image\":{\"@id\":\"https:\/\/d-identify.be\/de\/produkt\/afinia-l502-tintenstrahl-etikettendrucker\/#primaryimage\"},\"thumbnailUrl\":\"https:\/\/d-identify.be\/wp-content\/uploads\/2022\/07\/afinia-l502-industrial-duo-ink-color-label-printer.png\",\"datePublished\":\"2022-07-14T07:56:58+00:00\",\"dateModified\":\"2025-05-08T08:42:03+00:00\",\"description\":\"Der Afinia L502 Tintenstrahldrucker kann sowohl mit Farbstoff- als auch mit Pigmenttinten drucken und erstellt langlebige, lebendige Produktetiketten\",\"breadcrumb\":{\"@id\":\"https:\/\/d-identify.be\/de\/produkt\/afinia-l502-tintenstrahl-etikettendrucker\/#breadcrumb\"},\"inLanguage\":\"de\",\"potentialAction\":[{\"@type\":\"ReadAction\",\"target\":[\"https:\/\/d-identify.be\/de\/produkt\/afinia-l502-tintenstrahl-etikettendrucker\/\"]}]},{\"@type\":\"ImageObject\",\"inLanguage\":\"de\",\"@id\":\"https:\/\/d-identify.be\/de\/produkt\/afinia-l502-tintenstrahl-etikettendrucker\/#primaryimage\",\"url\":\"https:\/\/d-identify.be\/wp-content\/uploads\/2022\/07\/afinia-l502-industrial-duo-ink-color-label-printer.png\",\"contentUrl\":\"https:\/\/d-identify.be\/wp-content\/uploads\/2022\/07\/afinia-l502-industrial-duo-ink-color-label-printer.png\",\"width\":544,\"height\":366,\"caption\":\"Afinia L502 Tintenstrahldrucker\"},{\"@type\":\"BreadcrumbList\",\"@id\":\"https:\/\/d-identify.be\/de\/produkt\/afinia-l502-tintenstrahl-etikettendrucker\/#breadcrumb\",\"itemListElement\":[{\"@type\":\"ListItem\",\"position\":1,\"name\":\"Home\",\"item\":\"https:\/\/d-identify.be\/de\/home-2\/\"},{\"@type\":\"ListItem\",\"position\":2,\"name\":\"Shop\",\"item\":\"https:\/\/d-identify.be\/shop-2\/\"},{\"@type\":\"ListItem\",\"position\":3,\"name\":\"Afinia L502 Tintenstrahl-Etikettendrucker\"}]},{\"@type\":\"WebSite\",\"@id\":\"https:\/\/d-identify.be\/de\/#website\",\"url\":\"https:\/\/d-identify.be\/de\/\",\"name\":\"d-identify\",\"description\":\"Industrial identification - Lockout - Tagout - Floor marking\",\"potentialAction\":[{\"@type\":\"SearchAction\",\"target\":{\"@type\":\"EntryPoint\",\"urlTemplate\":\"https:\/\/d-identify.be\/de\/?s={search_term_string}\"},\"query-input\":{\"@type\":\"PropertyValueSpecification\",\"valueRequired\":true,\"valueName\":\"search_term_string\"}}],\"inLanguage\":\"de\"}]}<\/script>\n<!-- \/ Yoast SEO Premium plugin. -->","yoast_head_json":{"title":"Afinia L502 Tintenstrahldrucker","description":"Der Afinia L502 Tintenstrahldrucker kann sowohl mit Farbstoff- als auch mit Pigmenttinten drucken und erstellt langlebige, lebendige Produktetiketten","robots":{"index":"index","follow":"follow","max-snippet":"max-snippet:-1","max-image-preview":"max-image-preview:large","max-video-preview":"max-video-preview:-1"},"canonical":"https:\/\/d-identify.be\/de\/produkt\/afinia-l502-tintenstrahl-etikettendrucker\/","og_locale":"de_DE","og_type":"article","og_title":"Afinia L502 Tintenstrahl-Etikettendrucker","og_description":"Der Afinia L502 Tintenstrahldrucker kann sowohl mit Farbstoff- als auch mit Pigmenttinten drucken und erstellt langlebige, lebendige Produktetiketten","og_url":"https:\/\/d-identify.be\/de\/produkt\/afinia-l502-tintenstrahl-etikettendrucker\/","og_site_name":"d-identify","article_modified_time":"2025-05-08T08:42:03+00:00","og_image":[{"width":544,"height":366,"url":"https:\/\/d-identify.be\/wp-content\/uploads\/2022\/07\/afinia-l502-industrial-duo-ink-color-label-printer.png","type":"image\/png"}],"twitter_card":"summary_large_image","twitter_misc":{"Gesch\u00e4tzte Lesezeit":"2\u00a0Minuten"},"schema":{"@context":"https:\/\/schema.org","@graph":[{"@type":"WebPage","@id":"https:\/\/d-identify.be\/de\/produkt\/afinia-l502-tintenstrahl-etikettendrucker\/","url":"https:\/\/d-identify.be\/de\/produkt\/afinia-l502-tintenstrahl-etikettendrucker\/","name":"Afinia L502 Tintenstrahldrucker","isPartOf":{"@id":"https:\/\/d-identify.be\/de\/#website"},"primaryImageOfPage":{"@id":"https:\/\/d-identify.be\/de\/produkt\/afinia-l502-tintenstrahl-etikettendrucker\/#primaryimage"},"image":{"@id":"https:\/\/d-identify.be\/de\/produkt\/afinia-l502-tintenstrahl-etikettendrucker\/#primaryimage"},"thumbnailUrl":"https:\/\/d-identify.be\/wp-content\/uploads\/2022\/07\/afinia-l502-industrial-duo-ink-color-label-printer.png","datePublished":"2022-07-14T07:56:58+00:00","dateModified":"2025-05-08T08:42:03+00:00","description":"Der Afinia L502 Tintenstrahldrucker kann sowohl mit Farbstoff- als auch mit Pigmenttinten drucken und erstellt langlebige, lebendige Produktetiketten","breadcrumb":{"@id":"https:\/\/d-identify.be\/de\/produkt\/afinia-l502-tintenstrahl-etikettendrucker\/#breadcrumb"},"inLanguage":"de","potentialAction":[{"@type":"ReadAction","target":["https:\/\/d-identify.be\/de\/produkt\/afinia-l502-tintenstrahl-etikettendrucker\/"]}]},{"@type":"ImageObject","inLanguage":"de","@id":"https:\/\/d-identify.be\/de\/produkt\/afinia-l502-tintenstrahl-etikettendrucker\/#primaryimage","url":"https:\/\/d-identify.be\/wp-content\/uploads\/2022\/07\/afinia-l502-industrial-duo-ink-color-label-printer.png","contentUrl":"https:\/\/d-identify.be\/wp-content\/uploads\/2022\/07\/afinia-l502-industrial-duo-ink-color-label-printer.png","width":544,"height":366,"caption":"Afinia L502 Tintenstrahldrucker"},{"@type":"BreadcrumbList","@id":"https:\/\/d-identify.be\/de\/produkt\/afinia-l502-tintenstrahl-etikettendrucker\/#breadcrumb","itemListElement":[{"@type":"ListItem","position":1,"name":"Home","item":"https:\/\/d-identify.be\/de\/home-2\/"},{"@type":"ListItem","position":2,"name":"Shop","item":"https:\/\/d-identify.be\/shop-2\/"},{"@type":"ListItem","position":3,"name":"Afinia L502 Tintenstrahl-Etikettendrucker"}]},{"@type":"WebSite","@id":"https:\/\/d-identify.be\/de\/#website","url":"https:\/\/d-identify.be\/de\/","name":"d-identify","description":"Industrial identification - Lockout - Tagout - Floor marking","potentialAction":[{"@type":"SearchAction","target":{"@type":"EntryPoint","urlTemplate":"https:\/\/d-identify.be\/de\/?s={search_term_string}"},"query-input":{"@type":"PropertyValueSpecification","valueRequired":true,"valueName":"search_term_string"}}],"inLanguage":"de"}]}},"_links":{"self":[{"href":"https:\/\/d-identify.be\/de\/wp-json\/wp\/v2\/product\/53577","targetHints":{"allow":["GET"]}}],"collection":[{"href":"https:\/\/d-identify.be\/de\/wp-json\/wp\/v2\/product"}],"about":[{"href":"https:\/\/d-identify.be\/de\/wp-json\/wp\/v2\/types\/product"}],"replies":[{"embeddable":true,"href":"https:\/\/d-identify.be\/de\/wp-json\/wp\/v2\/comments?post=53577"}],"wp:featuredmedia":[{"embeddable":true,"href":"https:\/\/d-identify.be\/de\/wp-json\/wp\/v2\/media\/25836"}],"wp:attachment":[{"href":"https:\/\/d-identify.be\/de\/wp-json\/wp\/v2\/media?parent=53577"}],"wp:term":[{"taxonomy":"product_brand","embeddable":true,"href":"https:\/\/d-identify.be\/de\/wp-json\/wp\/v2\/product_brand?post=53577"},{"taxonomy":"product_cat","embeddable":true,"href":"https:\/\/d-identify.be\/de\/wp-json\/wp\/v2\/product_cat?post=53577"},{"taxonomy":"product_tag","embeddable":true,"href":"https:\/\/d-identify.be\/de\/wp-json\/wp\/v2\/product_tag?post=53577"},{"taxonomy":"pa_connextion-shapes","embeddable":true,"href":"https:\/\/d-identify.be\/de\/wp-json\/wp\/v2\/pa_connextion-shapes?post=53577"}],"curies":[{"name":"wp","href":"https:\/\/api.w.org\/{rel}","templated":true}]}}