{"id":53565,"date":"2022-07-11T14:15:11","date_gmt":"2022-07-11T12:15:11","guid":{"rendered":"https:\/\/d-identify.be\/product\/zebra-zd621t-thermotransferdrucker\/"},"modified":"2022-07-11T14:15:11","modified_gmt":"2022-07-11T12:15:11","slug":"zebra-zd621t-thermotransferdrucker","status":"publish","type":"product","link":"https:\/\/d-identify.be\/de\/produkt\/zebra-zd621t-thermotransferdrucker\/","title":{"rendered":"Zebra ZD621t Thermotransferdrucker"},"content":{"rendered":"<p>Der Zebra ZD621t Thermotransferdrucker ist ein Qualit\u00e4tsdrucker, der Tag f\u00fcr Tag h\u00f6chste Zuverl\u00e4ssigkeit liefert. Verlassen Sie sich auf den Zebra ZD621t Thermotransferdrucker, der auf der beliebten GX-Serie aufbaut und um zahlreiche Funktionen erweitert. Seien Sie kompromisslos. Setzen Sie auf eine Erfolgsformel: neue Architektur, skalierbare Funktionen und modernste Software. Un\u00fcbertroffene Sicherheit, die sich st\u00e4ndig weiterentwickelt, um Ihre sensiblen Daten vor Cyberangriffen zu sch\u00fctzen. Erweiterte Funktionalit\u00e4t sowie Optionen f\u00fcr Kommunikation und Verbrauchsmaterialhandhabung, die Sie jederzeit installieren k\u00f6nnen. Ein optionaler 4,3-Zoll-LCD-Farb-Touchscreen mit intuitiver Men\u00fcf\u00fchrung. Und erweiterte Fernverwaltungsfunktionen. Diese Kombination sorgt f\u00fcr au\u00dfergew\u00f6hnliche Druckleistung \u00fcber viele Jahre hinweg, Zuverl\u00e4ssigkeit, beispiellose technologische Intelligenz und Sicherheit. Ein Drucker vereint alles, was Sie f\u00fcr reibungslose und kontinuierliche Arbeitsabl\u00e4ufe ben\u00f6tigen.         <\/p>\n","protected":false},"excerpt":{"rendered":"<p>Sie ben\u00f6tigen einen hochwertigen, langlebigen Drucker mit erstklassigen Funktionen, um Ihr Unternehmen voranzubringen. Entscheiden Sie sich f\u00fcr den Zebra Desktop-Drucker ZD621 \u2013 f\u00fcr einwandfreie Leistung \u2013 Tag f\u00fcr Tag. Er ist einfach zu bedienen und enth\u00e4lt die exklusive Print DNA-Software von Zebra, die die Einrichtung, Verwaltung und Sicherung vereinfacht \u2013 vor Ort oder per Fernzugriff. Und er ist f\u00fcr den jahrelangen Einsatz mit fortschrittlicher Technologie ausgelegt. Im Gegensatz zu anderen Marken bieten Ihnen Zebra-Drucker mit PrintSecure, Teil von Print DNA, beruhigende Sicherheit und beugen so Ausfallzeiten und kostspieligen Cyberangriffen vor. W\u00e4hlen Sie zwischen den Modellen f\u00fcr Thermodirekt, Thermotransfer, Gesundheitswesen und <a href=\"https:\/\/d-identify.be\/product\/zebra-zd621\/\" target=\"_blank\" rel=\"noopener\">RFID<\/a>.<\/p>\n<p><strong>F\u00fcr weitere Modelle mit Display, Touch-Display, Peeler und\/oder Bluetooth- und WLAN-Version fordern Sie gerne ein Angebot an.<\/strong><\/p>\n<p>&nbsp;<\/p>\n","protected":false},"featured_media":25976,"comment_status":"open","ping_status":"closed","template":"","meta":{"_acf_changed":false,"_et_pb_use_builder":"","_et_pb_old_content":"","_et_gb_content_width":""},"product_brand":[1258],"product_cat":[596,599],"product_tag":[1311,1310,1309],"pa_connextion-shapes":[],"class_list":{"0":"post-53565","1":"product","2":"type-product","3":"status-publish","4":"has-post-thumbnail","6":"product_brand-zebra","7":"product_cat-industriedrucker","8":"product_cat-desktop-etikettendrucker","9":"product_tag-203-dpi-de","10":"product_tag-4-inch-101mm-de","11":"product_tag-thermotransfer","13":"first","14":"instock","15":"sale","16":"taxable","17":"shipping-taxable","18":"purchasable","19":"product-type-variable","20":"has-default-attributes"},"exclude_global_add_ons":[],"addons":[],"acf":[],"yoast_head":"<!-- This site is optimized with the Yoast SEO Premium plugin v27.0 (Yoast SEO v27.1) - https:\/\/yoast.com\/product\/yoast-seo-premium-wordpress\/ -->\n<title>Zebra ZD621t Thermotransferdrucker<\/title>\n<meta name=\"description\" content=\"Der Zebra ZD621t Thermotransferdrucker ist f\u00fcr einwandfreie Leistung konzipiert \u2013 Tag f\u00fcr Tag. Er ist einfach zu bedienen und verf\u00fcgt \u00fcber die exklusive Zebra-Technologie...\" \/>\n<meta name=\"robots\" content=\"index, follow, max-snippet:-1, max-image-preview:large, max-video-preview:-1\" \/>\n<link rel=\"canonical\" href=\"https:\/\/d-identify.be\/de\/produkt\/zebra-zd621t-thermotransferdrucker\/\" \/>\n<meta property=\"og:locale\" content=\"de_DE\" \/>\n<meta property=\"og:type\" content=\"article\" \/>\n<meta property=\"og:title\" content=\"Zebra ZD621t Thermotransferdrucker\" \/>\n<meta property=\"og:description\" content=\"Der Zebra ZD621t Thermotransferdrucker ist f\u00fcr einwandfreie Leistung konzipiert \u2013 Tag f\u00fcr Tag. Er ist einfach zu bedienen und verf\u00fcgt \u00fcber die exklusive Zebra-Technologie...\" \/>\n<meta property=\"og:url\" content=\"https:\/\/d-identify.be\/de\/produkt\/zebra-zd621t-thermotransferdrucker\/\" \/>\n<meta property=\"og:site_name\" content=\"d-identify\" \/>\n<meta property=\"og:image\" content=\"https:\/\/d-identify.be\/wp-content\/uploads\/2022\/07\/zd600-1.jpg\" \/>\n\t<meta property=\"og:image:width\" content=\"324\" \/>\n\t<meta property=\"og:image:height\" content=\"256\" \/>\n\t<meta property=\"og:image:type\" content=\"image\/jpeg\" \/>\n<meta name=\"twitter:card\" content=\"summary_large_image\" \/>\n<meta name=\"twitter:label1\" content=\"Gesch\u00e4tzte Lesezeit\" \/>\n\t<meta name=\"twitter:data1\" content=\"1\u00a0Minute\" \/>\n<script type=\"application\/ld+json\" class=\"yoast-schema-graph\">{\"@context\":\"https:\/\/schema.org\",\"@graph\":[{\"@type\":\"WebPage\",\"@id\":\"https:\/\/d-identify.be\/de\/produkt\/zebra-zd621t-thermotransferdrucker\/\",\"url\":\"https:\/\/d-identify.be\/de\/produkt\/zebra-zd621t-thermotransferdrucker\/\",\"name\":\"Zebra ZD621t Thermotransferdrucker\",\"isPartOf\":{\"@id\":\"https:\/\/d-identify.be\/de\/#website\"},\"primaryImageOfPage\":{\"@id\":\"https:\/\/d-identify.be\/de\/produkt\/zebra-zd621t-thermotransferdrucker\/#primaryimage\"},\"image\":{\"@id\":\"https:\/\/d-identify.be\/de\/produkt\/zebra-zd621t-thermotransferdrucker\/#primaryimage\"},\"thumbnailUrl\":\"https:\/\/d-identify.be\/wp-content\/uploads\/2022\/07\/zd600-1.jpg\",\"datePublished\":\"2022-07-11T12:15:11+00:00\",\"description\":\"Der Zebra ZD621t Thermotransferdrucker ist f\u00fcr einwandfreie Leistung konzipiert \u2013 Tag f\u00fcr Tag. Er ist einfach zu bedienen und verf\u00fcgt \u00fcber die exklusive Zebra-Technologie...\",\"breadcrumb\":{\"@id\":\"https:\/\/d-identify.be\/de\/produkt\/zebra-zd621t-thermotransferdrucker\/#breadcrumb\"},\"inLanguage\":\"de\",\"potentialAction\":[{\"@type\":\"ReadAction\",\"target\":[\"https:\/\/d-identify.be\/de\/produkt\/zebra-zd621t-thermotransferdrucker\/\"]}]},{\"@type\":\"ImageObject\",\"inLanguage\":\"de\",\"@id\":\"https:\/\/d-identify.be\/de\/produkt\/zebra-zd621t-thermotransferdrucker\/#primaryimage\",\"url\":\"https:\/\/d-identify.be\/wp-content\/uploads\/2022\/07\/zd600-1.jpg\",\"contentUrl\":\"https:\/\/d-identify.be\/wp-content\/uploads\/2022\/07\/zd600-1.jpg\",\"width\":324,\"height\":256,\"caption\":\"Zebra ZD621d 300 dpi Etikettendrucker | D-Identify\"},{\"@type\":\"BreadcrumbList\",\"@id\":\"https:\/\/d-identify.be\/de\/produkt\/zebra-zd621t-thermotransferdrucker\/#breadcrumb\",\"itemListElement\":[{\"@type\":\"ListItem\",\"position\":1,\"name\":\"Home\",\"item\":\"https:\/\/d-identify.be\/de\/home-2\/\"},{\"@type\":\"ListItem\",\"position\":2,\"name\":\"Shop\",\"item\":\"https:\/\/d-identify.be\/shop-2\/\"},{\"@type\":\"ListItem\",\"position\":3,\"name\":\"Zebra ZD621t Thermotransferdrucker\"}]},{\"@type\":\"WebSite\",\"@id\":\"https:\/\/d-identify.be\/de\/#website\",\"url\":\"https:\/\/d-identify.be\/de\/\",\"name\":\"d-identify\",\"description\":\"Industrial identification - Lockout - Tagout - Floor marking\",\"potentialAction\":[{\"@type\":\"SearchAction\",\"target\":{\"@type\":\"EntryPoint\",\"urlTemplate\":\"https:\/\/d-identify.be\/de\/?s={search_term_string}\"},\"query-input\":{\"@type\":\"PropertyValueSpecification\",\"valueRequired\":true,\"valueName\":\"search_term_string\"}}],\"inLanguage\":\"de\"}]}<\/script>\n<!-- \/ Yoast SEO Premium plugin. -->","yoast_head_json":{"title":"Zebra ZD621t Thermotransferdrucker","description":"Der Zebra ZD621t Thermotransferdrucker ist f\u00fcr einwandfreie Leistung konzipiert \u2013 Tag f\u00fcr Tag. Er ist einfach zu bedienen und verf\u00fcgt \u00fcber die exklusive Zebra-Technologie...","robots":{"index":"index","follow":"follow","max-snippet":"max-snippet:-1","max-image-preview":"max-image-preview:large","max-video-preview":"max-video-preview:-1"},"canonical":"https:\/\/d-identify.be\/de\/produkt\/zebra-zd621t-thermotransferdrucker\/","og_locale":"de_DE","og_type":"article","og_title":"Zebra ZD621t Thermotransferdrucker","og_description":"Der Zebra ZD621t Thermotransferdrucker ist f\u00fcr einwandfreie Leistung konzipiert \u2013 Tag f\u00fcr Tag. Er ist einfach zu bedienen und verf\u00fcgt \u00fcber die exklusive Zebra-Technologie...","og_url":"https:\/\/d-identify.be\/de\/produkt\/zebra-zd621t-thermotransferdrucker\/","og_site_name":"d-identify","og_image":[{"width":324,"height":256,"url":"https:\/\/d-identify.be\/wp-content\/uploads\/2022\/07\/zd600-1.jpg","type":"image\/jpeg"}],"twitter_card":"summary_large_image","twitter_misc":{"Gesch\u00e4tzte Lesezeit":"1\u00a0Minute"},"schema":{"@context":"https:\/\/schema.org","@graph":[{"@type":"WebPage","@id":"https:\/\/d-identify.be\/de\/produkt\/zebra-zd621t-thermotransferdrucker\/","url":"https:\/\/d-identify.be\/de\/produkt\/zebra-zd621t-thermotransferdrucker\/","name":"Zebra ZD621t Thermotransferdrucker","isPartOf":{"@id":"https:\/\/d-identify.be\/de\/#website"},"primaryImageOfPage":{"@id":"https:\/\/d-identify.be\/de\/produkt\/zebra-zd621t-thermotransferdrucker\/#primaryimage"},"image":{"@id":"https:\/\/d-identify.be\/de\/produkt\/zebra-zd621t-thermotransferdrucker\/#primaryimage"},"thumbnailUrl":"https:\/\/d-identify.be\/wp-content\/uploads\/2022\/07\/zd600-1.jpg","datePublished":"2022-07-11T12:15:11+00:00","description":"Der Zebra ZD621t Thermotransferdrucker ist f\u00fcr einwandfreie Leistung konzipiert \u2013 Tag f\u00fcr Tag. Er ist einfach zu bedienen und verf\u00fcgt \u00fcber die exklusive Zebra-Technologie...","breadcrumb":{"@id":"https:\/\/d-identify.be\/de\/produkt\/zebra-zd621t-thermotransferdrucker\/#breadcrumb"},"inLanguage":"de","potentialAction":[{"@type":"ReadAction","target":["https:\/\/d-identify.be\/de\/produkt\/zebra-zd621t-thermotransferdrucker\/"]}]},{"@type":"ImageObject","inLanguage":"de","@id":"https:\/\/d-identify.be\/de\/produkt\/zebra-zd621t-thermotransferdrucker\/#primaryimage","url":"https:\/\/d-identify.be\/wp-content\/uploads\/2022\/07\/zd600-1.jpg","contentUrl":"https:\/\/d-identify.be\/wp-content\/uploads\/2022\/07\/zd600-1.jpg","width":324,"height":256,"caption":"Zebra ZD621d 300 dpi Etikettendrucker | D-Identify"},{"@type":"BreadcrumbList","@id":"https:\/\/d-identify.be\/de\/produkt\/zebra-zd621t-thermotransferdrucker\/#breadcrumb","itemListElement":[{"@type":"ListItem","position":1,"name":"Home","item":"https:\/\/d-identify.be\/de\/home-2\/"},{"@type":"ListItem","position":2,"name":"Shop","item":"https:\/\/d-identify.be\/shop-2\/"},{"@type":"ListItem","position":3,"name":"Zebra ZD621t Thermotransferdrucker"}]},{"@type":"WebSite","@id":"https:\/\/d-identify.be\/de\/#website","url":"https:\/\/d-identify.be\/de\/","name":"d-identify","description":"Industrial identification - Lockout - Tagout - Floor marking","potentialAction":[{"@type":"SearchAction","target":{"@type":"EntryPoint","urlTemplate":"https:\/\/d-identify.be\/de\/?s={search_term_string}"},"query-input":{"@type":"PropertyValueSpecification","valueRequired":true,"valueName":"search_term_string"}}],"inLanguage":"de"}]}},"_links":{"self":[{"href":"https:\/\/d-identify.be\/de\/wp-json\/wp\/v2\/product\/53565","targetHints":{"allow":["GET"]}}],"collection":[{"href":"https:\/\/d-identify.be\/de\/wp-json\/wp\/v2\/product"}],"about":[{"href":"https:\/\/d-identify.be\/de\/wp-json\/wp\/v2\/types\/product"}],"replies":[{"embeddable":true,"href":"https:\/\/d-identify.be\/de\/wp-json\/wp\/v2\/comments?post=53565"}],"wp:featuredmedia":[{"embeddable":true,"href":"https:\/\/d-identify.be\/de\/wp-json\/wp\/v2\/media\/25976"}],"wp:attachment":[{"href":"https:\/\/d-identify.be\/de\/wp-json\/wp\/v2\/media?parent=53565"}],"wp:term":[{"taxonomy":"product_brand","embeddable":true,"href":"https:\/\/d-identify.be\/de\/wp-json\/wp\/v2\/product_brand?post=53565"},{"taxonomy":"product_cat","embeddable":true,"href":"https:\/\/d-identify.be\/de\/wp-json\/wp\/v2\/product_cat?post=53565"},{"taxonomy":"product_tag","embeddable":true,"href":"https:\/\/d-identify.be\/de\/wp-json\/wp\/v2\/product_tag?post=53565"},{"taxonomy":"pa_connextion-shapes","embeddable":true,"href":"https:\/\/d-identify.be\/de\/wp-json\/wp\/v2\/pa_connextion-shapes?post=53565"}],"curies":[{"name":"wp","href":"https:\/\/api.w.org\/{rel}","templated":true}]}}