{"id":53521,"date":"2025-02-18T21:06:02","date_gmt":"2025-02-18T19:06:02","guid":{"rendered":"https:\/\/d-identify.be\/product\/dt200-230-godex-desktop-drucker\/"},"modified":"2025-04-30T11:45:50","modified_gmt":"2025-04-30T09:45:50","slug":"dt200-230-godex-desktop-drucker","status":"publish","type":"product","link":"https:\/\/d-identify.be\/de\/produkt\/dt200-230-godex-desktop-drucker\/","title":{"rendered":"DT200 Godex Desktop-Drucker"},"content":{"rendered":"<h3><span style=\"color: #ff0000;\"><strong>Klein in der Gr\u00f6\u00dfe. Leistungsstark in der Funktion! <\/strong><\/span><\/h3>\n<p>Die DT200-Serie vereint dank ihres ausgekl\u00fcgelten Designs mehrere Funktionen auf einer Plattform. Sie unterst\u00fctzt Druckaufl\u00f6sungen von 203 dpi oder 300 dpi. Umfangreiches optionales Zubeh\u00f6r ist erh\u00e4ltlich, und der DT200L unterst\u00fctzt den Druck auf tr\u00e4gerlosen Medien. Diese Serie erf\u00fcllt alle Ihre Anforderungen.   <\/p>\n<ul>\n<li>Unterst\u00fctzt eine Druckaufl\u00f6sung von 203 dpi<\/li>\n<li>Geringer Platzbedarf dank wandmontierbarem Design zur Platzoptimierung<\/li>\n<li>Die innovative, benutzerfreundliche Autokalibrierungstaste erleichtert die Medienerkennung und -positionierung<\/li>\n<li>Einstellbare TPH-Drucklinie zur Optimierung der Druckbarkeit<\/li>\n<li>Mehrere Verbindungsschnittstellen f\u00fcr mehrere Anwendungen<\/li>\n<li>Optionale drahtlose Konnektivit\u00e4t: Bluetooth- oder Wi-Fi-Modul<\/li>\n<li>Unterst\u00fctzt verschiedene Medientypen, einschlie\u00dflich tr\u00e4gerloser Medien mit den DT200L Linerless-Modellen.<\/li>\n<li>Externer Medienst\u00e4nder f\u00fcr gro\u00dfe Druckprojekte erh\u00e4ltlich (nicht kompatibel mit Linerless-Modellen)<\/li>\n<\/ul>\n<p>&nbsp;<\/p>\n","protected":false},"excerpt":{"rendered":"<h3><span style=\"color: #ff0000;\"><strong>Klein in der Gr\u00f6\u00dfe. Leistungsstark in der Funktion! <\/strong><\/span><\/h3>\n<p>Die DT200-Serie vereint dank ihres ausgekl\u00fcgelten Designs mehrere Funktionen auf einer Plattform. Sie unterst\u00fctzt Druckaufl\u00f6sungen von 203 dpi oder 300 dpi. Umfangreiches optionales Zubeh\u00f6r ist erh\u00e4ltlich, und der DT200L unterst\u00fctzt den Druck auf tr\u00e4gerlosen Medien. Diese Serie erf\u00fcllt alle Ihre Anforderungen.   <\/p>\n<h3><span style=\"color: #ff6600;\"> 3 Jahre Garantie<\/span><\/h3>\n<ul>\n<li>Unterst\u00fctzt eine Druckaufl\u00f6sung von 203 dpi \/ 300 dpi<\/li>\n<li>Geringer Platzbedarf dank wandmontierbarem Design zur Platzoptimierung<\/li>\n<li>Die innovative, benutzerfreundliche Autokalibrierungstaste erleichtert die Medienerkennung und -positionierung<\/li>\n<li><span style=\"color: #ff6600;\"><strong>Kostenlose Golabel-Software!<\/strong><\/span><\/li>\n<\/ul>\n","protected":false},"featured_media":52215,"comment_status":"open","ping_status":"closed","template":"","meta":{"_acf_changed":false,"_et_pb_use_builder":"","_et_pb_old_content":"","_et_gb_content_width":""},"product_brand":[1227],"product_cat":[596,599],"product_tag":[],"pa_connextion-shapes":[],"class_list":{"0":"post-53521","1":"product","2":"type-product","3":"status-publish","4":"has-post-thumbnail","6":"product_brand-godex","7":"product_cat-industriedrucker","8":"product_cat-desktop-etikettendrucker","10":"first","11":"instock","12":"sale","13":"taxable","14":"shipping-taxable","15":"purchasable","16":"product-type-simple"},"exclude_global_add_ons":[],"addons":[],"acf":[],"yoast_head":"<!-- This site is optimized with the Yoast SEO Premium plugin v27.0 (Yoast SEO v27.1) - https:\/\/yoast.com\/product\/yoast-seo-premium-wordpress\/ -->\n<title>DT200 Godex Desktop-Drucker<\/title>\n<meta name=\"description\" content=\"Der Godex DT200 Desktop-Drucker verf\u00fcgt \u00fcber ein ausgekl\u00fcgeltes Design, das mehrere Funktionen auf einer Plattform vereint. Er unterst\u00fctzt eine Druckaufl\u00f6sung von 203 dpi oder 300 dpi.\" \/>\n<meta name=\"robots\" content=\"index, follow, max-snippet:-1, max-image-preview:large, max-video-preview:-1\" \/>\n<link rel=\"canonical\" href=\"https:\/\/d-identify.be\/de\/produkt\/dt200-230-godex-desktop-drucker\/\" \/>\n<meta property=\"og:locale\" content=\"de_DE\" \/>\n<meta property=\"og:type\" content=\"article\" \/>\n<meta property=\"og:title\" content=\"DT200 Godex Desktop-Drucker\" \/>\n<meta property=\"og:description\" content=\"Der Godex DT200 Desktop-Drucker verf\u00fcgt \u00fcber ein ausgekl\u00fcgeltes Design, das mehrere Funktionen auf einer Plattform vereint. Er unterst\u00fctzt eine Druckaufl\u00f6sung von 203 dpi oder 300 dpi.\" \/>\n<meta property=\"og:url\" content=\"https:\/\/d-identify.be\/de\/produkt\/dt200-230-godex-desktop-drucker\/\" \/>\n<meta property=\"og:site_name\" content=\"d-identify\" \/>\n<meta property=\"article:modified_time\" content=\"2025-04-30T09:45:50+00:00\" \/>\n<meta property=\"og:image\" content=\"https:\/\/d-identify.be\/wp-content\/uploads\/2025\/02\/DT200-DT230.png\" \/>\n\t<meta property=\"og:image:width\" content=\"600\" \/>\n\t<meta property=\"og:image:height\" content=\"600\" \/>\n\t<meta property=\"og:image:type\" content=\"image\/png\" \/>\n<meta name=\"twitter:card\" content=\"summary_large_image\" \/>\n<meta name=\"twitter:label1\" content=\"Gesch\u00e4tzte Lesezeit\" \/>\n\t<meta name=\"twitter:data1\" content=\"1\u00a0Minute\" \/>\n<script type=\"application\/ld+json\" class=\"yoast-schema-graph\">{\"@context\":\"https:\/\/schema.org\",\"@graph\":[{\"@type\":\"WebPage\",\"@id\":\"https:\/\/d-identify.be\/de\/produkt\/dt200-230-godex-desktop-drucker\/\",\"url\":\"https:\/\/d-identify.be\/de\/produkt\/dt200-230-godex-desktop-drucker\/\",\"name\":\"DT200 Godex Desktop-Drucker\",\"isPartOf\":{\"@id\":\"https:\/\/d-identify.be\/de\/#website\"},\"primaryImageOfPage\":{\"@id\":\"https:\/\/d-identify.be\/de\/produkt\/dt200-230-godex-desktop-drucker\/#primaryimage\"},\"image\":{\"@id\":\"https:\/\/d-identify.be\/de\/produkt\/dt200-230-godex-desktop-drucker\/#primaryimage\"},\"thumbnailUrl\":\"https:\/\/d-identify.be\/wp-content\/uploads\/2025\/02\/DT200-DT230.png\",\"datePublished\":\"2025-02-18T19:06:02+00:00\",\"dateModified\":\"2025-04-30T09:45:50+00:00\",\"description\":\"Der Godex DT200 Desktop-Drucker verf\u00fcgt \u00fcber ein ausgekl\u00fcgeltes Design, das mehrere Funktionen auf einer Plattform vereint. Er unterst\u00fctzt eine Druckaufl\u00f6sung von 203 dpi oder 300 dpi.\",\"breadcrumb\":{\"@id\":\"https:\/\/d-identify.be\/de\/produkt\/dt200-230-godex-desktop-drucker\/#breadcrumb\"},\"inLanguage\":\"de\",\"potentialAction\":[{\"@type\":\"ReadAction\",\"target\":[\"https:\/\/d-identify.be\/de\/produkt\/dt200-230-godex-desktop-drucker\/\"]}]},{\"@type\":\"ImageObject\",\"inLanguage\":\"de\",\"@id\":\"https:\/\/d-identify.be\/de\/produkt\/dt200-230-godex-desktop-drucker\/#primaryimage\",\"url\":\"https:\/\/d-identify.be\/wp-content\/uploads\/2025\/02\/DT200-DT230.png\",\"contentUrl\":\"https:\/\/d-identify.be\/wp-content\/uploads\/2025\/02\/DT200-DT230.png\",\"width\":600,\"height\":600,\"caption\":\"DT200\/230 Godes desktop\"},{\"@type\":\"BreadcrumbList\",\"@id\":\"https:\/\/d-identify.be\/de\/produkt\/dt200-230-godex-desktop-drucker\/#breadcrumb\",\"itemListElement\":[{\"@type\":\"ListItem\",\"position\":1,\"name\":\"Home\",\"item\":\"https:\/\/d-identify.be\/de\/home-2\/\"},{\"@type\":\"ListItem\",\"position\":2,\"name\":\"Shop\",\"item\":\"https:\/\/d-identify.be\/shop-2\/\"},{\"@type\":\"ListItem\",\"position\":3,\"name\":\"DT200 Godex Desktop-Drucker\"}]},{\"@type\":\"WebSite\",\"@id\":\"https:\/\/d-identify.be\/de\/#website\",\"url\":\"https:\/\/d-identify.be\/de\/\",\"name\":\"d-identify\",\"description\":\"Industrial identification - Lockout - Tagout - Floor marking\",\"potentialAction\":[{\"@type\":\"SearchAction\",\"target\":{\"@type\":\"EntryPoint\",\"urlTemplate\":\"https:\/\/d-identify.be\/de\/?s={search_term_string}\"},\"query-input\":{\"@type\":\"PropertyValueSpecification\",\"valueRequired\":true,\"valueName\":\"search_term_string\"}}],\"inLanguage\":\"de\"}]}<\/script>\n<!-- \/ Yoast SEO Premium plugin. -->","yoast_head_json":{"title":"DT200 Godex Desktop-Drucker","description":"Der Godex DT200 Desktop-Drucker verf\u00fcgt \u00fcber ein ausgekl\u00fcgeltes Design, das mehrere Funktionen auf einer Plattform vereint. Er unterst\u00fctzt eine Druckaufl\u00f6sung von 203 dpi oder 300 dpi.","robots":{"index":"index","follow":"follow","max-snippet":"max-snippet:-1","max-image-preview":"max-image-preview:large","max-video-preview":"max-video-preview:-1"},"canonical":"https:\/\/d-identify.be\/de\/produkt\/dt200-230-godex-desktop-drucker\/","og_locale":"de_DE","og_type":"article","og_title":"DT200 Godex Desktop-Drucker","og_description":"Der Godex DT200 Desktop-Drucker verf\u00fcgt \u00fcber ein ausgekl\u00fcgeltes Design, das mehrere Funktionen auf einer Plattform vereint. Er unterst\u00fctzt eine Druckaufl\u00f6sung von 203 dpi oder 300 dpi.","og_url":"https:\/\/d-identify.be\/de\/produkt\/dt200-230-godex-desktop-drucker\/","og_site_name":"d-identify","article_modified_time":"2025-04-30T09:45:50+00:00","og_image":[{"width":600,"height":600,"url":"https:\/\/d-identify.be\/wp-content\/uploads\/2025\/02\/DT200-DT230.png","type":"image\/png"}],"twitter_card":"summary_large_image","twitter_misc":{"Gesch\u00e4tzte Lesezeit":"1\u00a0Minute"},"schema":{"@context":"https:\/\/schema.org","@graph":[{"@type":"WebPage","@id":"https:\/\/d-identify.be\/de\/produkt\/dt200-230-godex-desktop-drucker\/","url":"https:\/\/d-identify.be\/de\/produkt\/dt200-230-godex-desktop-drucker\/","name":"DT200 Godex Desktop-Drucker","isPartOf":{"@id":"https:\/\/d-identify.be\/de\/#website"},"primaryImageOfPage":{"@id":"https:\/\/d-identify.be\/de\/produkt\/dt200-230-godex-desktop-drucker\/#primaryimage"},"image":{"@id":"https:\/\/d-identify.be\/de\/produkt\/dt200-230-godex-desktop-drucker\/#primaryimage"},"thumbnailUrl":"https:\/\/d-identify.be\/wp-content\/uploads\/2025\/02\/DT200-DT230.png","datePublished":"2025-02-18T19:06:02+00:00","dateModified":"2025-04-30T09:45:50+00:00","description":"Der Godex DT200 Desktop-Drucker verf\u00fcgt \u00fcber ein ausgekl\u00fcgeltes Design, das mehrere Funktionen auf einer Plattform vereint. Er unterst\u00fctzt eine Druckaufl\u00f6sung von 203 dpi oder 300 dpi.","breadcrumb":{"@id":"https:\/\/d-identify.be\/de\/produkt\/dt200-230-godex-desktop-drucker\/#breadcrumb"},"inLanguage":"de","potentialAction":[{"@type":"ReadAction","target":["https:\/\/d-identify.be\/de\/produkt\/dt200-230-godex-desktop-drucker\/"]}]},{"@type":"ImageObject","inLanguage":"de","@id":"https:\/\/d-identify.be\/de\/produkt\/dt200-230-godex-desktop-drucker\/#primaryimage","url":"https:\/\/d-identify.be\/wp-content\/uploads\/2025\/02\/DT200-DT230.png","contentUrl":"https:\/\/d-identify.be\/wp-content\/uploads\/2025\/02\/DT200-DT230.png","width":600,"height":600,"caption":"DT200\/230 Godes desktop"},{"@type":"BreadcrumbList","@id":"https:\/\/d-identify.be\/de\/produkt\/dt200-230-godex-desktop-drucker\/#breadcrumb","itemListElement":[{"@type":"ListItem","position":1,"name":"Home","item":"https:\/\/d-identify.be\/de\/home-2\/"},{"@type":"ListItem","position":2,"name":"Shop","item":"https:\/\/d-identify.be\/shop-2\/"},{"@type":"ListItem","position":3,"name":"DT200 Godex Desktop-Drucker"}]},{"@type":"WebSite","@id":"https:\/\/d-identify.be\/de\/#website","url":"https:\/\/d-identify.be\/de\/","name":"d-identify","description":"Industrial identification - Lockout - Tagout - Floor marking","potentialAction":[{"@type":"SearchAction","target":{"@type":"EntryPoint","urlTemplate":"https:\/\/d-identify.be\/de\/?s={search_term_string}"},"query-input":{"@type":"PropertyValueSpecification","valueRequired":true,"valueName":"search_term_string"}}],"inLanguage":"de"}]}},"_links":{"self":[{"href":"https:\/\/d-identify.be\/de\/wp-json\/wp\/v2\/product\/53521","targetHints":{"allow":["GET"]}}],"collection":[{"href":"https:\/\/d-identify.be\/de\/wp-json\/wp\/v2\/product"}],"about":[{"href":"https:\/\/d-identify.be\/de\/wp-json\/wp\/v2\/types\/product"}],"replies":[{"embeddable":true,"href":"https:\/\/d-identify.be\/de\/wp-json\/wp\/v2\/comments?post=53521"}],"wp:featuredmedia":[{"embeddable":true,"href":"https:\/\/d-identify.be\/de\/wp-json\/wp\/v2\/media\/52215"}],"wp:attachment":[{"href":"https:\/\/d-identify.be\/de\/wp-json\/wp\/v2\/media?parent=53521"}],"wp:term":[{"taxonomy":"product_brand","embeddable":true,"href":"https:\/\/d-identify.be\/de\/wp-json\/wp\/v2\/product_brand?post=53521"},{"taxonomy":"product_cat","embeddable":true,"href":"https:\/\/d-identify.be\/de\/wp-json\/wp\/v2\/product_cat?post=53521"},{"taxonomy":"product_tag","embeddable":true,"href":"https:\/\/d-identify.be\/de\/wp-json\/wp\/v2\/product_tag?post=53521"},{"taxonomy":"pa_connextion-shapes","embeddable":true,"href":"https:\/\/d-identify.be\/de\/wp-json\/wp\/v2\/pa_connextion-shapes?post=53521"}],"curies":[{"name":"wp","href":"https:\/\/api.w.org\/{rel}","templated":true}]}}