{"id":52720,"date":"2025-02-15T21:14:11","date_gmt":"2025-02-15T19:14:11","guid":{"rendered":"https:\/\/d-identify.be\/product\/bodenmarkierung-gabelstapler-verboten\/"},"modified":"2025-02-15T21:14:11","modified_gmt":"2025-02-15T19:14:11","slug":"bodenmarkierung-gabelstapler-verboten","status":"publish","type":"product","link":"https:\/\/d-identify.be\/de\/produkt\/bodenmarkierung-gabelstapler-verboten\/","title":{"rendered":"Bodenmarkierung &#8211; Gabelstapler verboten"},"content":{"rendered":"<p>Steigern Sie die Sicherheit auf Ihrem Produktionsboden oder in Ihrem Lager mit unserer Bodenmarkierung &#8211; Gabelstapler verboten.<\/p>\n<ul>\n<li>Robuste und gut sichtbare Bodenmarkierung.<\/li>\n<li>Mit dieser Markierung werden Fahrer und Fu\u00dfg\u00e4nger in Ihrer Produktionshalle oder Ihrem Lager klar angewiesen, anzuhalten.<\/li>\n<li>Einfach anzubringen.<\/li>\n<li>Mit einer Antirutschbeschichtung f\u00fcr zus\u00e4tzliche Sicherheit ausgestattet.<\/li>\n<\/ul>\n","protected":false},"excerpt":{"rendered":"<p>Steigern Sie die Sicherheit auf Ihrem Produktionsboden oder in Ihrem Lager mit klaren und robusten Bodenstoppschildern.<\/p>\n<ul>\n<li>Robuste und gut sichtbare Bodenmarkierung.<\/li>\n<li>Mit dieser Markierung werden Fahrer und Fu\u00dfg\u00e4nger in Ihrer Produktionshalle oder Ihrem Lager klar angewiesen, anzuhalten.<\/li>\n<li>Einfach anzubringen.<\/li>\n<li>Mit einer Antirutschbeschichtung f\u00fcr zus\u00e4tzliche Sicherheit ausgestattet.<\/li>\n<\/ul>\n<p><img loading=\"lazy\" decoding=\"async\" class=\"alignnone wp-image-50228\" src=\"https:\/\/d-identify.be\/wp-content\/uploads\/2025\/01\/van-1.png\" alt=\"\" width=\"65\" height=\"27\"> Die typische Lieferzeit f\u00fcr dieses Produkt betr\u00e4gt <strong>4 bis 6 <\/strong>Werktage.<\/p>\n","protected":false},"featured_media":52179,"comment_status":"open","ping_status":"closed","template":"","meta":{"_acf_changed":false,"_et_pb_use_builder":"","_et_pb_old_content":"","_et_gb_content_width":""},"product_brand":[],"product_cat":[1241],"product_tag":[],"pa_connextion-shapes":[],"class_list":{"0":"post-52720","1":"product","2":"type-product","3":"status-publish","4":"has-post-thumbnail","6":"product_cat-bodensignalisierung","8":"first","9":"instock","10":"taxable","11":"shipping-taxable","12":"purchasable","13":"product-type-variable","14":"has-default-attributes"},"exclude_global_add_ons":[],"addons":[],"acf":[],"yoast_head":"<!-- This site is optimized with the Yoast SEO Premium plugin v27.0 (Yoast SEO v27.1) - https:\/\/yoast.com\/product\/yoast-seo-premium-wordpress\/ -->\n<title>Bodenmarkierung - Gabelstapler verboten<\/title>\n<meta name=\"description\" content=\"Bodenmarkierung - Gabelstapler verboten: Klare Markierung f\u00fcr die Sicherheit in Lagerr\u00e4umen und Werkst\u00e4tten. Jetzt einfach online bestellen!\" \/>\n<meta name=\"robots\" content=\"index, follow, max-snippet:-1, max-image-preview:large, max-video-preview:-1\" \/>\n<link rel=\"canonical\" href=\"https:\/\/d-identify.be\/de\/produkt\/bodenmarkierung-gabelstapler-verboten\/\" \/>\n<meta property=\"og:locale\" content=\"de_DE\" \/>\n<meta property=\"og:type\" content=\"article\" \/>\n<meta property=\"og:title\" content=\"Bodenmarkierung - Gabelstapler verboten\" \/>\n<meta property=\"og:description\" content=\"Bodenmarkierung - Gabelstapler verboten: Klare Markierung f\u00fcr die Sicherheit in Lagerr\u00e4umen und Werkst\u00e4tten. Jetzt einfach online bestellen!\" \/>\n<meta property=\"og:url\" content=\"https:\/\/d-identify.be\/de\/produkt\/bodenmarkierung-gabelstapler-verboten\/\" \/>\n<meta property=\"og:site_name\" content=\"d-identify\" \/>\n<meta property=\"og:image\" content=\"https:\/\/d-identify.be\/wp-content\/uploads\/2025\/02\/VERBOD-Vorklift.jpg\" \/>\n\t<meta property=\"og:image:width\" content=\"520\" \/>\n\t<meta property=\"og:image:height\" content=\"505\" \/>\n\t<meta property=\"og:image:type\" content=\"image\/jpeg\" \/>\n<meta name=\"twitter:card\" content=\"summary_large_image\" \/>\n<script type=\"application\/ld+json\" class=\"yoast-schema-graph\">{\"@context\":\"https:\/\/schema.org\",\"@graph\":[{\"@type\":\"WebPage\",\"@id\":\"https:\/\/d-identify.be\/de\/produkt\/bodenmarkierung-gabelstapler-verboten\/\",\"url\":\"https:\/\/d-identify.be\/de\/produkt\/bodenmarkierung-gabelstapler-verboten\/\",\"name\":\"Bodenmarkierung - Gabelstapler verboten\",\"isPartOf\":{\"@id\":\"https:\/\/d-identify.be\/de\/#website\"},\"primaryImageOfPage\":{\"@id\":\"https:\/\/d-identify.be\/de\/produkt\/bodenmarkierung-gabelstapler-verboten\/#primaryimage\"},\"image\":{\"@id\":\"https:\/\/d-identify.be\/de\/produkt\/bodenmarkierung-gabelstapler-verboten\/#primaryimage\"},\"thumbnailUrl\":\"https:\/\/d-identify.be\/wp-content\/uploads\/2025\/02\/VERBOD-Vorklift.jpg\",\"datePublished\":\"2025-02-15T19:14:11+00:00\",\"description\":\"Bodenmarkierung - Gabelstapler verboten: Klare Markierung f\u00fcr die Sicherheit in Lagerr\u00e4umen und Werkst\u00e4tten. Jetzt einfach online bestellen!\",\"breadcrumb\":{\"@id\":\"https:\/\/d-identify.be\/de\/produkt\/bodenmarkierung-gabelstapler-verboten\/#breadcrumb\"},\"inLanguage\":\"de\",\"potentialAction\":[{\"@type\":\"ReadAction\",\"target\":[\"https:\/\/d-identify.be\/de\/produkt\/bodenmarkierung-gabelstapler-verboten\/\"]}]},{\"@type\":\"ImageObject\",\"inLanguage\":\"de\",\"@id\":\"https:\/\/d-identify.be\/de\/produkt\/bodenmarkierung-gabelstapler-verboten\/#primaryimage\",\"url\":\"https:\/\/d-identify.be\/wp-content\/uploads\/2025\/02\/VERBOD-Vorklift.jpg\",\"contentUrl\":\"https:\/\/d-identify.be\/wp-content\/uploads\/2025\/02\/VERBOD-Vorklift.jpg\",\"width\":520,\"height\":505,\"caption\":\"Bodenmarkierung - Gabelstapler verboten\"},{\"@type\":\"BreadcrumbList\",\"@id\":\"https:\/\/d-identify.be\/de\/produkt\/bodenmarkierung-gabelstapler-verboten\/#breadcrumb\",\"itemListElement\":[{\"@type\":\"ListItem\",\"position\":1,\"name\":\"Home\",\"item\":\"https:\/\/d-identify.be\/de\/home-2\/\"},{\"@type\":\"ListItem\",\"position\":2,\"name\":\"Shop\",\"item\":\"https:\/\/d-identify.be\/shop-2\/\"},{\"@type\":\"ListItem\",\"position\":3,\"name\":\"Bodenmarkierung &#8211; Gabelstapler verboten\"}]},{\"@type\":\"WebSite\",\"@id\":\"https:\/\/d-identify.be\/de\/#website\",\"url\":\"https:\/\/d-identify.be\/de\/\",\"name\":\"d-identify\",\"description\":\"Industrial identification - Lockout - Tagout - Floor marking\",\"potentialAction\":[{\"@type\":\"SearchAction\",\"target\":{\"@type\":\"EntryPoint\",\"urlTemplate\":\"https:\/\/d-identify.be\/de\/?s={search_term_string}\"},\"query-input\":{\"@type\":\"PropertyValueSpecification\",\"valueRequired\":true,\"valueName\":\"search_term_string\"}}],\"inLanguage\":\"de\"}]}<\/script>\n<!-- \/ Yoast SEO Premium plugin. -->","yoast_head_json":{"title":"Bodenmarkierung - Gabelstapler verboten","description":"Bodenmarkierung - Gabelstapler verboten: Klare Markierung f\u00fcr die Sicherheit in Lagerr\u00e4umen und Werkst\u00e4tten. Jetzt einfach online bestellen!","robots":{"index":"index","follow":"follow","max-snippet":"max-snippet:-1","max-image-preview":"max-image-preview:large","max-video-preview":"max-video-preview:-1"},"canonical":"https:\/\/d-identify.be\/de\/produkt\/bodenmarkierung-gabelstapler-verboten\/","og_locale":"de_DE","og_type":"article","og_title":"Bodenmarkierung - Gabelstapler verboten","og_description":"Bodenmarkierung - Gabelstapler verboten: Klare Markierung f\u00fcr die Sicherheit in Lagerr\u00e4umen und Werkst\u00e4tten. Jetzt einfach online bestellen!","og_url":"https:\/\/d-identify.be\/de\/produkt\/bodenmarkierung-gabelstapler-verboten\/","og_site_name":"d-identify","og_image":[{"width":520,"height":505,"url":"https:\/\/d-identify.be\/wp-content\/uploads\/2025\/02\/VERBOD-Vorklift.jpg","type":"image\/jpeg"}],"twitter_card":"summary_large_image","schema":{"@context":"https:\/\/schema.org","@graph":[{"@type":"WebPage","@id":"https:\/\/d-identify.be\/de\/produkt\/bodenmarkierung-gabelstapler-verboten\/","url":"https:\/\/d-identify.be\/de\/produkt\/bodenmarkierung-gabelstapler-verboten\/","name":"Bodenmarkierung - Gabelstapler verboten","isPartOf":{"@id":"https:\/\/d-identify.be\/de\/#website"},"primaryImageOfPage":{"@id":"https:\/\/d-identify.be\/de\/produkt\/bodenmarkierung-gabelstapler-verboten\/#primaryimage"},"image":{"@id":"https:\/\/d-identify.be\/de\/produkt\/bodenmarkierung-gabelstapler-verboten\/#primaryimage"},"thumbnailUrl":"https:\/\/d-identify.be\/wp-content\/uploads\/2025\/02\/VERBOD-Vorklift.jpg","datePublished":"2025-02-15T19:14:11+00:00","description":"Bodenmarkierung - Gabelstapler verboten: Klare Markierung f\u00fcr die Sicherheit in Lagerr\u00e4umen und Werkst\u00e4tten. Jetzt einfach online bestellen!","breadcrumb":{"@id":"https:\/\/d-identify.be\/de\/produkt\/bodenmarkierung-gabelstapler-verboten\/#breadcrumb"},"inLanguage":"de","potentialAction":[{"@type":"ReadAction","target":["https:\/\/d-identify.be\/de\/produkt\/bodenmarkierung-gabelstapler-verboten\/"]}]},{"@type":"ImageObject","inLanguage":"de","@id":"https:\/\/d-identify.be\/de\/produkt\/bodenmarkierung-gabelstapler-verboten\/#primaryimage","url":"https:\/\/d-identify.be\/wp-content\/uploads\/2025\/02\/VERBOD-Vorklift.jpg","contentUrl":"https:\/\/d-identify.be\/wp-content\/uploads\/2025\/02\/VERBOD-Vorklift.jpg","width":520,"height":505,"caption":"Bodenmarkierung - Gabelstapler verboten"},{"@type":"BreadcrumbList","@id":"https:\/\/d-identify.be\/de\/produkt\/bodenmarkierung-gabelstapler-verboten\/#breadcrumb","itemListElement":[{"@type":"ListItem","position":1,"name":"Home","item":"https:\/\/d-identify.be\/de\/home-2\/"},{"@type":"ListItem","position":2,"name":"Shop","item":"https:\/\/d-identify.be\/shop-2\/"},{"@type":"ListItem","position":3,"name":"Bodenmarkierung &#8211; Gabelstapler verboten"}]},{"@type":"WebSite","@id":"https:\/\/d-identify.be\/de\/#website","url":"https:\/\/d-identify.be\/de\/","name":"d-identify","description":"Industrial identification - Lockout - Tagout - Floor marking","potentialAction":[{"@type":"SearchAction","target":{"@type":"EntryPoint","urlTemplate":"https:\/\/d-identify.be\/de\/?s={search_term_string}"},"query-input":{"@type":"PropertyValueSpecification","valueRequired":true,"valueName":"search_term_string"}}],"inLanguage":"de"}]}},"_links":{"self":[{"href":"https:\/\/d-identify.be\/de\/wp-json\/wp\/v2\/product\/52720","targetHints":{"allow":["GET"]}}],"collection":[{"href":"https:\/\/d-identify.be\/de\/wp-json\/wp\/v2\/product"}],"about":[{"href":"https:\/\/d-identify.be\/de\/wp-json\/wp\/v2\/types\/product"}],"replies":[{"embeddable":true,"href":"https:\/\/d-identify.be\/de\/wp-json\/wp\/v2\/comments?post=52720"}],"wp:featuredmedia":[{"embeddable":true,"href":"https:\/\/d-identify.be\/de\/wp-json\/wp\/v2\/media\/52179"}],"wp:attachment":[{"href":"https:\/\/d-identify.be\/de\/wp-json\/wp\/v2\/media?parent=52720"}],"wp:term":[{"taxonomy":"product_brand","embeddable":true,"href":"https:\/\/d-identify.be\/de\/wp-json\/wp\/v2\/product_brand?post=52720"},{"taxonomy":"product_cat","embeddable":true,"href":"https:\/\/d-identify.be\/de\/wp-json\/wp\/v2\/product_cat?post=52720"},{"taxonomy":"product_tag","embeddable":true,"href":"https:\/\/d-identify.be\/de\/wp-json\/wp\/v2\/product_tag?post=52720"},{"taxonomy":"pa_connextion-shapes","embeddable":true,"href":"https:\/\/d-identify.be\/de\/wp-json\/wp\/v2\/pa_connextion-shapes?post=52720"}],"curies":[{"name":"wp","href":"https:\/\/api.w.org\/{rel}","templated":true}]}}