{"id":52709,"date":"2025-03-07T16:28:49","date_gmt":"2025-03-07T14:28:49","guid":{"rendered":"https:\/\/d-identify.be\/product\/feuerloescher-zone-freihalten-nachleuchtende-bodenmarkierung\/"},"modified":"2025-03-13T18:01:55","modified_gmt":"2025-03-13T16:01:55","slug":"feuerloescher-zone-freihalten-nachleuchtende-bodenmarkierung","status":"publish","type":"product","link":"https:\/\/d-identify.be\/de\/produkt\/feuerloescher-zone-freihalten-nachleuchtende-bodenmarkierung\/","title":{"rendered":"Feuerl\u00f6scher &#8211; Zone freihalten &#8211; Nachleuchtend"},"content":{"rendered":"<p data-start=\"524\" data-end=\"957\">Stellen Sie sicher, dass Feuerl\u00f6scher immer gut sichtbar und zug\u00e4nglich bleiben mit dieser <strong data-start=\"609\" data-end=\"627\">Glow-in-the-Dark<\/strong> <strong data-start=\"632\" data-end=\"664\">Vinyl-Bodenmarkierung<\/strong>. Das <strong data-start=\"676\" data-end=\"705\">phosphoreszierende Material<\/strong> sorgt daf\u00fcr, dass die Markierung auch bei schwachem Licht auff\u00e4llt und erf\u00fcllt die <strong data-start=\"804\" data-end=\"819\">DIN 67510-1<\/strong> Normen f\u00fcr <strong data-start=\"832\" data-end=\"852\">Nachleuchtleistung<\/strong>. Es ist ideal f\u00fcr industrielle Umgebungen, in denen die Sicherheit der Mitarbeiter entscheidend ist.<\/p>\n<p data-start=\"959\" data-end=\"1428\">Die Markierung ist <strong data-start=\"975\" data-end=\"988\">abriebfest<\/strong>, <strong data-start=\"990\" data-end=\"1007\">wetterbest\u00e4ndig<\/strong> und <strong data-start=\"1011\" data-end=\"1027\">UV-best\u00e4ndig<\/strong>, sodass Sichtbarkeit und Schutz langfristig gew\u00e4hrleistet bleiben. Dank des <strong data-start=\"1110\" data-end=\"1131\">rutschfesten Laminats<\/strong> bietet die Markierung zus\u00e4tzlichen Halt und minimiert das Risiko von Ausrutschern in nassen oder glatten Umgebungen. Dies macht sie ideal f\u00fcr den Einsatz in Lagerh\u00e4usern, Fabriken, Parkh\u00e4usern und anderen industriellen Umgebungen, in denen <strong data-start=\"1372\" data-end=\"1392\">Sicherheitszonen<\/strong> rund um Feuerl\u00f6scher essenziell sind.<\/p>\n","protected":false},"excerpt":{"rendered":"<p style=\"text-align: left;\"><span data-start=\"29\" data-end=\"47\">Unsere<\/span> <strong data-start=\"29\" data-end=\"47\">Bodenmarkierung<\/strong> zum <strong data-start=\"57\" data-end=\"89\">Freihalten von Feuerl\u00f6schern<\/strong> besteht aus <strong data-start=\"105\" data-end=\"137\">Glow-in-the-Dark Vinyl<\/strong>, das den <strong data-start=\"164\" data-end=\"179\">DIN 67510-1<\/strong> Normen f\u00fcr phosphoreszierende Materialien entspricht. Das Material ist <strong data-start=\"237\" data-end=\"249\">langlebig<\/strong>, <strong data-start=\"251\" data-end=\"264\">abriebfes<\/strong>t und <strong data-start=\"274\" data-end=\"315\">bietet hervorragende UV- sowie Wetterbest\u00e4ndigkeit<\/strong>. In Kombination mit einem <strong data-start=\"338\" data-end=\"359\">rutschfesten Laminat<\/strong> sorgt es f\u00fcr sichere und gut sichtbare Markierungen, selbst im Dunkeln. Ideal f\u00fcr industrielle Umgebungen, in denen Sicherheit oberste Priorit\u00e4t hat.<\/p>\n<p><img loading=\"lazy\" decoding=\"async\" class=\"alignnone wp-image-50228\" src=\"https:\/\/d-identify.be\/wp-content\/uploads\/2025\/01\/van-1.png\" alt=\"\" width=\"65\" height=\"27\" \/> Die typische Lieferzeit f\u00fcr dieses Produkt betr\u00e4gt <strong>4 bis 6 <\/strong>Werktage.<\/p>\n","protected":false},"featured_media":52710,"comment_status":"open","ping_status":"closed","template":"","meta":{"_acf_changed":false,"_et_pb_use_builder":"","_et_pb_old_content":"","_et_gb_content_width":""},"product_brand":[],"product_cat":[1241],"product_tag":[],"pa_connextion-shapes":[],"class_list":{"0":"post-52709","1":"product","2":"type-product","3":"status-publish","4":"has-post-thumbnail","6":"product_cat-bodensignalisierung","8":"first","9":"instock","10":"taxable","11":"shipping-taxable","12":"purchasable","13":"product-type-simple"},"exclude_global_add_ons":[],"addons":[],"acf":[],"yoast_head":"<!-- This site is optimized with the Yoast SEO Premium plugin v27.0 (Yoast SEO v27.1) - https:\/\/yoast.com\/product\/yoast-seo-premium-wordpress\/ -->\n<title>Feuerl\u00f6scher - Zone freihalten - Nachleuchtende Bodenmarkierung<\/title>\n<meta name=\"description\" content=\"Sorgen Sie f\u00fcr sichere Markierungen rund um Feuerl\u00f6scher mit unserer Glow-in-the-dark Bodenmarkierung. Rutschfest, langlebig und perfekt f\u00fcr industrielle Umgebungen.\" \/>\n<meta name=\"robots\" content=\"index, follow, max-snippet:-1, max-image-preview:large, max-video-preview:-1\" \/>\n<link rel=\"canonical\" href=\"https:\/\/d-identify.be\/de\/produkt\/feuerloescher-zone-freihalten-nachleuchtende-bodenmarkierung\/\" \/>\n<meta property=\"og:locale\" content=\"de_DE\" \/>\n<meta property=\"og:type\" content=\"article\" \/>\n<meta property=\"og:title\" content=\"Feuerl\u00f6scher - Zone freihalten - Nachleuchtend\" \/>\n<meta property=\"og:description\" content=\"Sorgen Sie f\u00fcr sichere Markierungen rund um Feuerl\u00f6scher mit unserer Glow-in-the-dark Bodenmarkierung. Rutschfest, langlebig und perfekt f\u00fcr industrielle Umgebungen.\" \/>\n<meta property=\"og:url\" content=\"https:\/\/d-identify.be\/de\/produkt\/feuerloescher-zone-freihalten-nachleuchtende-bodenmarkierung\/\" \/>\n<meta property=\"og:site_name\" content=\"d-identify\" \/>\n<meta property=\"article:modified_time\" content=\"2025-03-13T16:01:55+00:00\" \/>\n<meta property=\"og:image\" content=\"https:\/\/d-identify.be\/wp-content\/uploads\/2025\/03\/Fuerlosherzone-Frei-Halten-700x350mm-glow.jpg\" \/>\n\t<meta property=\"og:image:width\" content=\"903\" \/>\n\t<meta property=\"og:image:height\" content=\"727\" \/>\n\t<meta property=\"og:image:type\" content=\"image\/jpeg\" \/>\n<meta name=\"twitter:card\" content=\"summary_large_image\" \/>\n<meta name=\"twitter:label1\" content=\"Gesch\u00e4tzte Lesezeit\" \/>\n\t<meta name=\"twitter:data1\" content=\"1\u00a0Minute\" \/>\n<script type=\"application\/ld+json\" class=\"yoast-schema-graph\">{\"@context\":\"https:\/\/schema.org\",\"@graph\":[{\"@type\":\"WebPage\",\"@id\":\"https:\/\/d-identify.be\/de\/produkt\/feuerloescher-zone-freihalten-nachleuchtende-bodenmarkierung\/\",\"url\":\"https:\/\/d-identify.be\/de\/produkt\/feuerloescher-zone-freihalten-nachleuchtende-bodenmarkierung\/\",\"name\":\"Feuerl\u00f6scher - Zone freihalten - Nachleuchtende Bodenmarkierung\",\"isPartOf\":{\"@id\":\"https:\/\/d-identify.be\/de\/#website\"},\"primaryImageOfPage\":{\"@id\":\"https:\/\/d-identify.be\/de\/produkt\/feuerloescher-zone-freihalten-nachleuchtende-bodenmarkierung\/#primaryimage\"},\"image\":{\"@id\":\"https:\/\/d-identify.be\/de\/produkt\/feuerloescher-zone-freihalten-nachleuchtende-bodenmarkierung\/#primaryimage\"},\"thumbnailUrl\":\"https:\/\/d-identify.be\/wp-content\/uploads\/2025\/03\/Fuerlosherzone-Frei-Halten-700x350mm-glow.jpg\",\"datePublished\":\"2025-03-07T14:28:49+00:00\",\"dateModified\":\"2025-03-13T16:01:55+00:00\",\"description\":\"Sorgen Sie f\u00fcr sichere Markierungen rund um Feuerl\u00f6scher mit unserer Glow-in-the-dark Bodenmarkierung. Rutschfest, langlebig und perfekt f\u00fcr industrielle Umgebungen.\",\"breadcrumb\":{\"@id\":\"https:\/\/d-identify.be\/de\/produkt\/feuerloescher-zone-freihalten-nachleuchtende-bodenmarkierung\/#breadcrumb\"},\"inLanguage\":\"de\",\"potentialAction\":[{\"@type\":\"ReadAction\",\"target\":[\"https:\/\/d-identify.be\/de\/produkt\/feuerloescher-zone-freihalten-nachleuchtende-bodenmarkierung\/\"]}]},{\"@type\":\"ImageObject\",\"inLanguage\":\"de\",\"@id\":\"https:\/\/d-identify.be\/de\/produkt\/feuerloescher-zone-freihalten-nachleuchtende-bodenmarkierung\/#primaryimage\",\"url\":\"https:\/\/d-identify.be\/wp-content\/uploads\/2025\/03\/Fuerlosherzone-Frei-Halten-700x350mm-glow.jpg\",\"contentUrl\":\"https:\/\/d-identify.be\/wp-content\/uploads\/2025\/03\/Fuerlosherzone-Frei-Halten-700x350mm-glow.jpg\",\"width\":903,\"height\":727,\"caption\":\"Fuerlosherzone - Frei Halten 700x350mm glow\"},{\"@type\":\"BreadcrumbList\",\"@id\":\"https:\/\/d-identify.be\/de\/produkt\/feuerloescher-zone-freihalten-nachleuchtende-bodenmarkierung\/#breadcrumb\",\"itemListElement\":[{\"@type\":\"ListItem\",\"position\":1,\"name\":\"Home\",\"item\":\"https:\/\/d-identify.be\/de\/home-2\/\"},{\"@type\":\"ListItem\",\"position\":2,\"name\":\"Shop\",\"item\":\"https:\/\/d-identify.be\/shop-2\/\"},{\"@type\":\"ListItem\",\"position\":3,\"name\":\"Feuerl\u00f6scher &#8211; Zone freihalten &#8211; Nachleuchtend\"}]},{\"@type\":\"WebSite\",\"@id\":\"https:\/\/d-identify.be\/de\/#website\",\"url\":\"https:\/\/d-identify.be\/de\/\",\"name\":\"d-identify\",\"description\":\"Industrial identification - Lockout - Tagout - Floor marking\",\"potentialAction\":[{\"@type\":\"SearchAction\",\"target\":{\"@type\":\"EntryPoint\",\"urlTemplate\":\"https:\/\/d-identify.be\/de\/?s={search_term_string}\"},\"query-input\":{\"@type\":\"PropertyValueSpecification\",\"valueRequired\":true,\"valueName\":\"search_term_string\"}}],\"inLanguage\":\"de\"}]}<\/script>\n<!-- \/ Yoast SEO Premium plugin. -->","yoast_head_json":{"title":"Feuerl\u00f6scher - Zone freihalten - Nachleuchtende Bodenmarkierung","description":"Sorgen Sie f\u00fcr sichere Markierungen rund um Feuerl\u00f6scher mit unserer Glow-in-the-dark Bodenmarkierung. Rutschfest, langlebig und perfekt f\u00fcr industrielle Umgebungen.","robots":{"index":"index","follow":"follow","max-snippet":"max-snippet:-1","max-image-preview":"max-image-preview:large","max-video-preview":"max-video-preview:-1"},"canonical":"https:\/\/d-identify.be\/de\/produkt\/feuerloescher-zone-freihalten-nachleuchtende-bodenmarkierung\/","og_locale":"de_DE","og_type":"article","og_title":"Feuerl\u00f6scher - Zone freihalten - Nachleuchtend","og_description":"Sorgen Sie f\u00fcr sichere Markierungen rund um Feuerl\u00f6scher mit unserer Glow-in-the-dark Bodenmarkierung. Rutschfest, langlebig und perfekt f\u00fcr industrielle Umgebungen.","og_url":"https:\/\/d-identify.be\/de\/produkt\/feuerloescher-zone-freihalten-nachleuchtende-bodenmarkierung\/","og_site_name":"d-identify","article_modified_time":"2025-03-13T16:01:55+00:00","og_image":[{"width":903,"height":727,"url":"https:\/\/d-identify.be\/wp-content\/uploads\/2025\/03\/Fuerlosherzone-Frei-Halten-700x350mm-glow.jpg","type":"image\/jpeg"}],"twitter_card":"summary_large_image","twitter_misc":{"Gesch\u00e4tzte Lesezeit":"1\u00a0Minute"},"schema":{"@context":"https:\/\/schema.org","@graph":[{"@type":"WebPage","@id":"https:\/\/d-identify.be\/de\/produkt\/feuerloescher-zone-freihalten-nachleuchtende-bodenmarkierung\/","url":"https:\/\/d-identify.be\/de\/produkt\/feuerloescher-zone-freihalten-nachleuchtende-bodenmarkierung\/","name":"Feuerl\u00f6scher - Zone freihalten - Nachleuchtende Bodenmarkierung","isPartOf":{"@id":"https:\/\/d-identify.be\/de\/#website"},"primaryImageOfPage":{"@id":"https:\/\/d-identify.be\/de\/produkt\/feuerloescher-zone-freihalten-nachleuchtende-bodenmarkierung\/#primaryimage"},"image":{"@id":"https:\/\/d-identify.be\/de\/produkt\/feuerloescher-zone-freihalten-nachleuchtende-bodenmarkierung\/#primaryimage"},"thumbnailUrl":"https:\/\/d-identify.be\/wp-content\/uploads\/2025\/03\/Fuerlosherzone-Frei-Halten-700x350mm-glow.jpg","datePublished":"2025-03-07T14:28:49+00:00","dateModified":"2025-03-13T16:01:55+00:00","description":"Sorgen Sie f\u00fcr sichere Markierungen rund um Feuerl\u00f6scher mit unserer Glow-in-the-dark Bodenmarkierung. Rutschfest, langlebig und perfekt f\u00fcr industrielle Umgebungen.","breadcrumb":{"@id":"https:\/\/d-identify.be\/de\/produkt\/feuerloescher-zone-freihalten-nachleuchtende-bodenmarkierung\/#breadcrumb"},"inLanguage":"de","potentialAction":[{"@type":"ReadAction","target":["https:\/\/d-identify.be\/de\/produkt\/feuerloescher-zone-freihalten-nachleuchtende-bodenmarkierung\/"]}]},{"@type":"ImageObject","inLanguage":"de","@id":"https:\/\/d-identify.be\/de\/produkt\/feuerloescher-zone-freihalten-nachleuchtende-bodenmarkierung\/#primaryimage","url":"https:\/\/d-identify.be\/wp-content\/uploads\/2025\/03\/Fuerlosherzone-Frei-Halten-700x350mm-glow.jpg","contentUrl":"https:\/\/d-identify.be\/wp-content\/uploads\/2025\/03\/Fuerlosherzone-Frei-Halten-700x350mm-glow.jpg","width":903,"height":727,"caption":"Fuerlosherzone - Frei Halten 700x350mm glow"},{"@type":"BreadcrumbList","@id":"https:\/\/d-identify.be\/de\/produkt\/feuerloescher-zone-freihalten-nachleuchtende-bodenmarkierung\/#breadcrumb","itemListElement":[{"@type":"ListItem","position":1,"name":"Home","item":"https:\/\/d-identify.be\/de\/home-2\/"},{"@type":"ListItem","position":2,"name":"Shop","item":"https:\/\/d-identify.be\/shop-2\/"},{"@type":"ListItem","position":3,"name":"Feuerl\u00f6scher &#8211; Zone freihalten &#8211; Nachleuchtend"}]},{"@type":"WebSite","@id":"https:\/\/d-identify.be\/de\/#website","url":"https:\/\/d-identify.be\/de\/","name":"d-identify","description":"Industrial identification - Lockout - Tagout - Floor marking","potentialAction":[{"@type":"SearchAction","target":{"@type":"EntryPoint","urlTemplate":"https:\/\/d-identify.be\/de\/?s={search_term_string}"},"query-input":{"@type":"PropertyValueSpecification","valueRequired":true,"valueName":"search_term_string"}}],"inLanguage":"de"}]}},"_links":{"self":[{"href":"https:\/\/d-identify.be\/de\/wp-json\/wp\/v2\/product\/52709","targetHints":{"allow":["GET"]}}],"collection":[{"href":"https:\/\/d-identify.be\/de\/wp-json\/wp\/v2\/product"}],"about":[{"href":"https:\/\/d-identify.be\/de\/wp-json\/wp\/v2\/types\/product"}],"replies":[{"embeddable":true,"href":"https:\/\/d-identify.be\/de\/wp-json\/wp\/v2\/comments?post=52709"}],"wp:featuredmedia":[{"embeddable":true,"href":"https:\/\/d-identify.be\/de\/wp-json\/wp\/v2\/media\/52710"}],"wp:attachment":[{"href":"https:\/\/d-identify.be\/de\/wp-json\/wp\/v2\/media?parent=52709"}],"wp:term":[{"taxonomy":"product_brand","embeddable":true,"href":"https:\/\/d-identify.be\/de\/wp-json\/wp\/v2\/product_brand?post=52709"},{"taxonomy":"product_cat","embeddable":true,"href":"https:\/\/d-identify.be\/de\/wp-json\/wp\/v2\/product_cat?post=52709"},{"taxonomy":"product_tag","embeddable":true,"href":"https:\/\/d-identify.be\/de\/wp-json\/wp\/v2\/product_tag?post=52709"},{"taxonomy":"pa_connextion-shapes","embeddable":true,"href":"https:\/\/d-identify.be\/de\/wp-json\/wp\/v2\/pa_connextion-shapes?post=52709"}],"curies":[{"name":"wp","href":"https:\/\/api.w.org\/{rel}","templated":true}]}}