{"id":52597,"date":"2025-03-12T08:46:30","date_gmt":"2025-03-12T06:46:30","guid":{"rendered":"https:\/\/d-identify.be\/?post_type=product&#038;p=52597"},"modified":"2025-05-14T07:47:27","modified_gmt":"2025-05-14T05:47:27","slug":"bronco-max-lagerkennzeichnung-kit-copy","status":"publish","type":"product","link":"https:\/\/d-identify.be\/de\/produkt\/bronco-max-lagerkennzeichnung-kit-copy\/","title":{"rendered":"Toro Max Lagerkennzeichnungsset"},"content":{"rendered":"<div class=\"product-features\">\n<p data-start=\"0\" data-end=\"83\"><strong data-start=\"0\" data-end=\"42\">Toro Max Lageretikettendrucker-Kit<\/strong> \u2013 Flexible &amp; langlebige Kennzeichnungsl\u00f6sung<\/p>\n<p data-start=\"85\" data-end=\"331\"><strong data-start=\"89\" data-end=\"115\">Das Toro Max Drucker-Kit <\/strong>wurde f\u00fcr eine effiziente Lagerkennzeichnung entwickelt und sorgt f\u00fcr eine klare Identifikation und Organisation. Dieses Kit enth\u00e4lt leistungsstarke Software und bietet drei Etikettenmaterialoptionen, die jeweils f\u00fcr unterschiedliche Lageranforderungen geeignet sind. Der Drucker verf\u00fcgt \u00fcber einen Akku und kann kabellos im Lager eingesetzt werden, sodass Regaletiketten direkt vor Ort gedruckt werden k\u00f6nnen. <\/p>\n<p data-start=\"333\" data-end=\"387\">\u2705 <strong data-start=\"335\" data-end=\"360\">Vinyl Haftetiketten <\/strong>\u2013 Strapazierf\u00e4hig &amp; Langlebig<\/p>\n<ul data-start=\"388\" data-end=\"544\">\n<li data-start=\"388\" data-end=\"433\">Starker Kleber f\u00fcr dauerhafte Anwendung<\/li>\n<li data-start=\"434\" data-end=\"480\">widerstandsf\u00e4hig gegen Feuchtigkeit, Chemikalien und Abnutzung<\/li>\n<li data-start=\"481\" data-end=\"544\">ideal f\u00fcr Regalbeschriftungen, Aufbewahrungsboxen und Ger\u00e4temarkierungen.<\/li>\n<\/ul>\n<p data-start=\"546\" data-end=\"602\">\u2705 <strong data-start=\"548\" data-end=\"569\">Reflektierende Etiketten<\/strong> \u2013 Verbesserte Barcode-Lesbarkeit<\/p>\n<ul data-start=\"603\" data-end=\"761\">\n<li data-start=\"603\" data-end=\"657\">Verbessert die Scan-Genauigkeit bei schwachem Licht<\/li>\n<li data-start=\"658\" data-end=\"710\">ideal f\u00fcr Hochregallager und Gabelstapler-Scanning<\/li>\n<li data-start=\"711\" data-end=\"761\">Garantiert eine schnelle und fehlerfreie Bestandsverfolgung.<\/li>\n<\/ul>\n<p data-start=\"763\" data-end=\"818\">\u2705 <strong data-start=\"765\" data-end=\"794\">Bedruckbare Magnetetiketten<\/strong> \u2013 Flexibel &amp; Wiederverwendbar<\/p>\n<ul data-start=\"819\" data-end=\"989\">\n<li data-start=\"819\" data-end=\"875\">Einfach repositionierbar f\u00fcr sich \u00e4ndernde Lagerorte<\/li>\n<li data-start=\"876\" data-end=\"921\">keine Kleber\u00fcckst\u00e4nde oder Besch\u00e4digungen von Oberfl\u00e4chen<\/li>\n<li data-start=\"922\" data-end=\"989\">perfekt f\u00fcr Metallregale in Lagern und dynamische Bestandsverwaltungssysteme.<\/li>\n<\/ul>\n<p data-start=\"991\" data-end=\"1142\" data-is-last-node=\"\" data-is-only-node=\"\">Mit dem <strong data-start=\"1000\" data-end=\"1026\">Bronco Max Printer Kit<\/strong> erhalten Sie eine vollst\u00e4ndige L\u00f6sung f\u00fcr professionelle Lagerkennzeichnung, die Effizienz, Genauigkeit und Organisation verbessert.<\/p>\n<\/div>\n","protected":false},"excerpt":{"rendered":"<ul>\n<li>\n<p data-start=\"46\" data-end=\"206\"><strong data-start=\"50\" data-end=\"76\">Das Toro Max Drucker-Kit<\/strong> ist die ideale Kennzeichnungsl\u00f6sung f\u00fcr Lager. Es enth\u00e4lt leistungsstarke Software und eine Auswahl an Etikettenmaterialien, die Ihren Anforderungen entsprechen. <\/p>\n<ul data-start=\"208\" data-end=\"447\">\n<li data-start=\"208\" data-end=\"286\"><strong data-start=\"210\" data-end=\"235\">Vinyl Haftetiketten <\/strong>\u2013 strapazierf\u00e4hig und zuverl\u00e4ssig f\u00fcr den allgemeinen Lagergebrauch<\/li>\n<li data-start=\"287\" data-end=\"360\"><strong data-start=\"289\" data-end=\"310\">Reflektierende Etiketten<\/strong> \u2013 verbessern die Barcode-Lesbarkeit f\u00fcr einfaches Scannen<\/li>\n<li data-start=\"361\" data-end=\"447\"><strong data-start=\"363\" data-end=\"392\">Bedruckbare Magnetetiketten<\/strong> \u2013 perfekt f\u00fcr flexible Lagerregalidentifikation<\/li>\n<\/ul>\n<p data-start=\"449\" data-end=\"530\" data-is-last-node=\"\" data-is-only-node=\"\">Stellen Sie klare, langlebige Etiketten sicher, um Ihr Lager organisiert und effizient zu halten.<\/p>\n<\/li>\n<\/ul>\n<p>Ben\u00f6tigen Sie andere <a href=\"https:\/\/d-identify.be\/de\/produktkategorien\/etiketten-und-baender-de\/duralabel-verbrauchsmaterialien\/bronco-max-verbrauchsmaterialien-de\/\" target=\"_blank\" rel=\"noopener\"><strong>Etiketten oder kontinuierliche Vinylmaterialien<\/strong><\/a> f\u00fcr Ihren Bronco Max-Drucker?<\/p>\n","protected":false},"featured_media":48958,"comment_status":"open","ping_status":"closed","template":"","meta":{"_acf_changed":false,"_et_pb_use_builder":"","_et_pb_old_content":"","_et_gb_content_width":""},"product_brand":[],"product_cat":[1063],"product_tag":[930],"pa_connextion-shapes":[],"class_list":{"0":"post-52597","1":"product","2":"type-product","3":"status-publish","4":"has-post-thumbnail","6":"product_cat-duralabel-starter-kits","7":"product_tag-duralabel-de","9":"first","10":"instock","11":"sale","12":"featured","13":"taxable","14":"shipping-taxable","15":"purchasable","16":"product-type-woosg"},"exclude_global_add_ons":[],"addons":[],"acf":[],"yoast_head":"<!-- This site is optimized with the Yoast SEO Premium plugin v27.0 (Yoast SEO v27.1) - https:\/\/yoast.com\/product\/yoast-seo-premium-wordpress\/ -->\n<title>Toro Max Warehouse-Kit- Duralabel<\/title>\n<meta name=\"description\" content=\"Optimieren Sie Ihre Lagerorganisation mit dem Bronco Max Warehouse Kit. Enth\u00e4lt Etiketten, Farbb\u00e4nder und Software f\u00fcr effiziente Regal- und Gangmarkierungen.\" \/>\n<meta name=\"robots\" content=\"index, follow, max-snippet:-1, max-image-preview:large, max-video-preview:-1\" \/>\n<link rel=\"canonical\" href=\"https:\/\/d-identify.be\/de\/produkt\/bronco-max-lagerkennzeichnung-kit-copy\/\" \/>\n<meta property=\"og:locale\" content=\"de_DE\" \/>\n<meta property=\"og:type\" content=\"article\" \/>\n<meta property=\"og:title\" content=\"Toro Max Lagerkennzeichnungsset\" \/>\n<meta property=\"og:description\" content=\"Optimieren Sie Ihre Lagerorganisation mit dem Bronco Max Warehouse Kit. Enth\u00e4lt Etiketten, Farbb\u00e4nder und Software f\u00fcr effiziente Regal- und Gangmarkierungen.\" \/>\n<meta property=\"og:url\" content=\"https:\/\/d-identify.be\/de\/produkt\/bronco-max-lagerkennzeichnung-kit-copy\/\" \/>\n<meta property=\"og:site_name\" content=\"d-identify\" \/>\n<meta property=\"article:modified_time\" content=\"2025-05-14T05:47:27+00:00\" \/>\n<meta property=\"og:image\" content=\"https:\/\/d-identify.be\/wp-content\/uploads\/2024\/01\/TORO-Max-Starter-kit.png\" \/>\n\t<meta property=\"og:image:width\" content=\"489\" \/>\n\t<meta property=\"og:image:height\" content=\"445\" \/>\n\t<meta property=\"og:image:type\" content=\"image\/png\" \/>\n<meta name=\"twitter:card\" content=\"summary_large_image\" \/>\n<meta name=\"twitter:label1\" content=\"Gesch\u00e4tzte Lesezeit\" \/>\n\t<meta name=\"twitter:data1\" content=\"1\u00a0Minute\" \/>\n<script type=\"application\/ld+json\" class=\"yoast-schema-graph\">{\"@context\":\"https:\/\/schema.org\",\"@graph\":[{\"@type\":\"WebPage\",\"@id\":\"https:\/\/d-identify.be\/de\/produkt\/bronco-max-lagerkennzeichnung-kit-copy\/\",\"url\":\"https:\/\/d-identify.be\/de\/produkt\/bronco-max-lagerkennzeichnung-kit-copy\/\",\"name\":\"Toro Max Warehouse-Kit- Duralabel\",\"isPartOf\":{\"@id\":\"https:\/\/d-identify.be\/de\/#website\"},\"primaryImageOfPage\":{\"@id\":\"https:\/\/d-identify.be\/de\/produkt\/bronco-max-lagerkennzeichnung-kit-copy\/#primaryimage\"},\"image\":{\"@id\":\"https:\/\/d-identify.be\/de\/produkt\/bronco-max-lagerkennzeichnung-kit-copy\/#primaryimage\"},\"thumbnailUrl\":\"https:\/\/d-identify.be\/wp-content\/uploads\/2024\/01\/TORO-Max-Starter-kit.png\",\"datePublished\":\"2025-03-12T06:46:30+00:00\",\"dateModified\":\"2025-05-14T05:47:27+00:00\",\"description\":\"Optimieren Sie Ihre Lagerorganisation mit dem Bronco Max Warehouse Kit. Enth\u00e4lt Etiketten, Farbb\u00e4nder und Software f\u00fcr effiziente Regal- und Gangmarkierungen.\",\"breadcrumb\":{\"@id\":\"https:\/\/d-identify.be\/de\/produkt\/bronco-max-lagerkennzeichnung-kit-copy\/#breadcrumb\"},\"inLanguage\":\"de\",\"potentialAction\":[{\"@type\":\"ReadAction\",\"target\":[\"https:\/\/d-identify.be\/de\/produkt\/bronco-max-lagerkennzeichnung-kit-copy\/\"]}]},{\"@type\":\"ImageObject\",\"inLanguage\":\"de\",\"@id\":\"https:\/\/d-identify.be\/de\/produkt\/bronco-max-lagerkennzeichnung-kit-copy\/#primaryimage\",\"url\":\"https:\/\/d-identify.be\/wp-content\/uploads\/2024\/01\/TORO-Max-Starter-kit.png\",\"contentUrl\":\"https:\/\/d-identify.be\/wp-content\/uploads\/2024\/01\/TORO-Max-Starter-kit.png\",\"width\":489,\"height\":445,\"caption\":\"Toro Max Lagerkennzeichnungs-Kit\"},{\"@type\":\"BreadcrumbList\",\"@id\":\"https:\/\/d-identify.be\/de\/produkt\/bronco-max-lagerkennzeichnung-kit-copy\/#breadcrumb\",\"itemListElement\":[{\"@type\":\"ListItem\",\"position\":1,\"name\":\"Home\",\"item\":\"https:\/\/d-identify.be\/de\/home-2\/\"},{\"@type\":\"ListItem\",\"position\":2,\"name\":\"Shop\",\"item\":\"https:\/\/d-identify.be\/shop-2\/\"},{\"@type\":\"ListItem\",\"position\":3,\"name\":\"Toro Max Lagerkennzeichnungsset\"}]},{\"@type\":\"WebSite\",\"@id\":\"https:\/\/d-identify.be\/de\/#website\",\"url\":\"https:\/\/d-identify.be\/de\/\",\"name\":\"d-identify\",\"description\":\"Industrial identification - Lockout - Tagout - Floor marking\",\"potentialAction\":[{\"@type\":\"SearchAction\",\"target\":{\"@type\":\"EntryPoint\",\"urlTemplate\":\"https:\/\/d-identify.be\/de\/?s={search_term_string}\"},\"query-input\":{\"@type\":\"PropertyValueSpecification\",\"valueRequired\":true,\"valueName\":\"search_term_string\"}}],\"inLanguage\":\"de\"}]}<\/script>\n<!-- \/ Yoast SEO Premium plugin. -->","yoast_head_json":{"title":"Toro Max Warehouse-Kit- Duralabel","description":"Optimieren Sie Ihre Lagerorganisation mit dem Bronco Max Warehouse Kit. Enth\u00e4lt Etiketten, Farbb\u00e4nder und Software f\u00fcr effiziente Regal- und Gangmarkierungen.","robots":{"index":"index","follow":"follow","max-snippet":"max-snippet:-1","max-image-preview":"max-image-preview:large","max-video-preview":"max-video-preview:-1"},"canonical":"https:\/\/d-identify.be\/de\/produkt\/bronco-max-lagerkennzeichnung-kit-copy\/","og_locale":"de_DE","og_type":"article","og_title":"Toro Max Lagerkennzeichnungsset","og_description":"Optimieren Sie Ihre Lagerorganisation mit dem Bronco Max Warehouse Kit. Enth\u00e4lt Etiketten, Farbb\u00e4nder und Software f\u00fcr effiziente Regal- und Gangmarkierungen.","og_url":"https:\/\/d-identify.be\/de\/produkt\/bronco-max-lagerkennzeichnung-kit-copy\/","og_site_name":"d-identify","article_modified_time":"2025-05-14T05:47:27+00:00","og_image":[{"width":489,"height":445,"url":"https:\/\/d-identify.be\/wp-content\/uploads\/2024\/01\/TORO-Max-Starter-kit.png","type":"image\/png"}],"twitter_card":"summary_large_image","twitter_misc":{"Gesch\u00e4tzte Lesezeit":"1\u00a0Minute"},"schema":{"@context":"https:\/\/schema.org","@graph":[{"@type":"WebPage","@id":"https:\/\/d-identify.be\/de\/produkt\/bronco-max-lagerkennzeichnung-kit-copy\/","url":"https:\/\/d-identify.be\/de\/produkt\/bronco-max-lagerkennzeichnung-kit-copy\/","name":"Toro Max Warehouse-Kit- Duralabel","isPartOf":{"@id":"https:\/\/d-identify.be\/de\/#website"},"primaryImageOfPage":{"@id":"https:\/\/d-identify.be\/de\/produkt\/bronco-max-lagerkennzeichnung-kit-copy\/#primaryimage"},"image":{"@id":"https:\/\/d-identify.be\/de\/produkt\/bronco-max-lagerkennzeichnung-kit-copy\/#primaryimage"},"thumbnailUrl":"https:\/\/d-identify.be\/wp-content\/uploads\/2024\/01\/TORO-Max-Starter-kit.png","datePublished":"2025-03-12T06:46:30+00:00","dateModified":"2025-05-14T05:47:27+00:00","description":"Optimieren Sie Ihre Lagerorganisation mit dem Bronco Max Warehouse Kit. Enth\u00e4lt Etiketten, Farbb\u00e4nder und Software f\u00fcr effiziente Regal- und Gangmarkierungen.","breadcrumb":{"@id":"https:\/\/d-identify.be\/de\/produkt\/bronco-max-lagerkennzeichnung-kit-copy\/#breadcrumb"},"inLanguage":"de","potentialAction":[{"@type":"ReadAction","target":["https:\/\/d-identify.be\/de\/produkt\/bronco-max-lagerkennzeichnung-kit-copy\/"]}]},{"@type":"ImageObject","inLanguage":"de","@id":"https:\/\/d-identify.be\/de\/produkt\/bronco-max-lagerkennzeichnung-kit-copy\/#primaryimage","url":"https:\/\/d-identify.be\/wp-content\/uploads\/2024\/01\/TORO-Max-Starter-kit.png","contentUrl":"https:\/\/d-identify.be\/wp-content\/uploads\/2024\/01\/TORO-Max-Starter-kit.png","width":489,"height":445,"caption":"Toro Max Lagerkennzeichnungs-Kit"},{"@type":"BreadcrumbList","@id":"https:\/\/d-identify.be\/de\/produkt\/bronco-max-lagerkennzeichnung-kit-copy\/#breadcrumb","itemListElement":[{"@type":"ListItem","position":1,"name":"Home","item":"https:\/\/d-identify.be\/de\/home-2\/"},{"@type":"ListItem","position":2,"name":"Shop","item":"https:\/\/d-identify.be\/shop-2\/"},{"@type":"ListItem","position":3,"name":"Toro Max Lagerkennzeichnungsset"}]},{"@type":"WebSite","@id":"https:\/\/d-identify.be\/de\/#website","url":"https:\/\/d-identify.be\/de\/","name":"d-identify","description":"Industrial identification - Lockout - Tagout - Floor marking","potentialAction":[{"@type":"SearchAction","target":{"@type":"EntryPoint","urlTemplate":"https:\/\/d-identify.be\/de\/?s={search_term_string}"},"query-input":{"@type":"PropertyValueSpecification","valueRequired":true,"valueName":"search_term_string"}}],"inLanguage":"de"}]}},"_links":{"self":[{"href":"https:\/\/d-identify.be\/de\/wp-json\/wp\/v2\/product\/52597","targetHints":{"allow":["GET"]}}],"collection":[{"href":"https:\/\/d-identify.be\/de\/wp-json\/wp\/v2\/product"}],"about":[{"href":"https:\/\/d-identify.be\/de\/wp-json\/wp\/v2\/types\/product"}],"replies":[{"embeddable":true,"href":"https:\/\/d-identify.be\/de\/wp-json\/wp\/v2\/comments?post=52597"}],"wp:featuredmedia":[{"embeddable":true,"href":"https:\/\/d-identify.be\/de\/wp-json\/wp\/v2\/media\/48958"}],"wp:attachment":[{"href":"https:\/\/d-identify.be\/de\/wp-json\/wp\/v2\/media?parent=52597"}],"wp:term":[{"taxonomy":"product_brand","embeddable":true,"href":"https:\/\/d-identify.be\/de\/wp-json\/wp\/v2\/product_brand?post=52597"},{"taxonomy":"product_cat","embeddable":true,"href":"https:\/\/d-identify.be\/de\/wp-json\/wp\/v2\/product_cat?post=52597"},{"taxonomy":"product_tag","embeddable":true,"href":"https:\/\/d-identify.be\/de\/wp-json\/wp\/v2\/product_tag?post=52597"},{"taxonomy":"pa_connextion-shapes","embeddable":true,"href":"https:\/\/d-identify.be\/de\/wp-json\/wp\/v2\/pa_connextion-shapes?post=52597"}],"curies":[{"name":"wp","href":"https:\/\/api.w.org\/{rel}","templated":true}]}}