{"id":52589,"date":"2025-03-11T16:12:09","date_gmt":"2025-03-11T14:12:09","guid":{"rendered":"https:\/\/d-identify.be\/product\/antirutsch-stufenkanten-aus-gfk\/"},"modified":"2025-03-11T16:12:09","modified_gmt":"2025-03-11T14:12:09","slug":"antirutsch-stufenkanten-aus-gfk","status":"publish","type":"product","link":"https:\/\/d-identify.be\/de\/produkt\/antirutsch-stufenkanten-aus-gfk\/","title":{"rendered":"Antirutsch-Stufenkanten aus GFK"},"content":{"rendered":"<p data-start=\"55\" data-end=\"232\">Sorgen Sie f\u00fcr eine sichere Arbeitsumgebung mit den D-identify Antirutsch-Stufenkanten. Diese langlebige L\u00f6sung bedeckt die Kante Ihrer Stufen und verhindert das Ausrutschen von Mitarbeitern und Besuchern. <\/p>\n<p data-start=\"234\" data-end=\"443\">\u2705<strong data-start=\"236\" data-end=\"283\"> Geeignet f\u00fcr Innen- und Au\u00dfenanwendungen<br data-start=\"283\" data-end=\"286\"><\/strong>\u2705 <strong data-start=\"288\" data-end=\"366\">Hergestellt aus glasfaserverst\u00e4rktem Kunststoff (GFK) \u2013 stark, leicht und langlebig<br data-start=\"366\" data-end=\"369\"><\/strong>\u2705 <strong data-start=\"371\" data-end=\"441\">Ausgezeichnete Antirutschwirkung, selbst bei schmutzigen oder nassen Bedingungen<\/strong><\/p>\n<h4 data-start=\"445\" data-end=\"472\"><strong data-start=\"449\" data-end=\"470\">Vorteile von GFK<\/strong><\/h4>\n<ul data-start=\"473\" data-end=\"898\">\n<li data-start=\"473\" data-end=\"542\"><strong data-start=\"475\" data-end=\"493\">Leicht &amp; Stark \u2013<\/strong> 40% leichter als Metall und dennoch extrem stark<\/li>\n<li data-start=\"543\" data-end=\"665\"><strong data-start=\"545\" data-end=\"576\">Wetter- und chemikalienbest\u00e4ndig <\/strong>\u2013 rostfrei, nicht leitend und best\u00e4ndig gegen UV-Strahlen, Wasser und extreme Temperaturen<\/li>\n<li data-start=\"666\" data-end=\"753\"><strong data-start=\"668\" data-end=\"686\">Langlebige Farbe<\/strong> \u2013 kein Farbabblassen oder abl\u00f6sende Partikel dank der Massenf\u00e4rbung<\/li>\n<li data-start=\"754\" data-end=\"821\"><strong data-start=\"756\" data-end=\"782\">Einfache Installation<\/strong> \u2013 anwendbar auf Beton, Stahl und Holz<\/li>\n<li data-start=\"822\" data-end=\"898\"><strong data-start=\"824\" data-end=\"849\">Pflegeleicht <\/strong>\u2013 reinigbar mit Hochdruck, Dampf oder B\u00fcrsten<\/li>\n<\/ul>\n","protected":false},"excerpt":{"rendered":"<p data-start=\"0\" data-end=\"235\">Eine kompakte und effektive L\u00f6sung, um Treppen sicher zu machen.<br data-start=\"71\" data-end=\"74\">Anti-Rutsch-Stufenkanten sorgen f\u00fcr zus\u00e4tzlichen Halt und verringern das Risiko des Ausrutschens auf gef\u00e4hrlichen Treppen.<br data-start=\"180\" data-end=\"183\">Hergestellt aus langlebigem glasfaserverst\u00e4rktem Kunststoff.<\/p>\n<p data-start=\"237\" data-end=\"400\" data-is-only-node=\"\" data-is-last-node=\"\"><strong data-start=\"237\" data-end=\"251\">Vorteile:<\/strong><br data-start=\"251\" data-end=\"254\">\u2714 Wetterbest\u00e4ndig und ideal f\u00fcr Au\u00dfentreppen<br data-start=\"298\" data-end=\"301\">\u2714 Abriebfest und pflegeleicht<br data-start=\"329\" data-end=\"332\">\u2714 Einfach zu montieren<br data-start=\"355\" data-end=\"358\">\u2714 Erh\u00f6ht die Sichtbarkeit der Treppenstufen<\/p>\n<p data-start=\"237\" data-end=\"400\" data-is-only-node=\"\" data-is-last-node=\"\">Ma\u00dfanfertigungen bis zu einer L\u00e4nge von 3 Metern m\u00f6glich<\/p>\n<p data-start=\"237\" data-end=\"400\" data-is-only-node=\"\" data-is-last-node=\"\">\n","protected":false},"featured_media":52511,"comment_status":"open","ping_status":"closed","template":"","meta":{"_acf_changed":false,"_et_pb_use_builder":"","_et_pb_old_content":"","_et_gb_content_width":""},"product_brand":[],"product_cat":[1239],"product_tag":[],"pa_connextion-shapes":[],"class_list":{"0":"post-52589","1":"product","2":"type-product","3":"status-publish","4":"has-post-thumbnail","6":"product_cat-antirutsch-treppensicherheit","8":"first","9":"instock","10":"taxable","11":"shipping-taxable","12":"purchasable","13":"product-type-variable","14":"has-default-attributes"},"exclude_global_add_ons":[],"addons":[],"acf":[],"yoast_head":"<!-- This site is optimized with the Yoast SEO Premium plugin v27.0 (Yoast SEO v27.1) - https:\/\/yoast.com\/product\/yoast-seo-premium-wordpress\/ -->\n<title>Antirutsch-Stufenkanten aus GFK - d-identify<\/title>\n<meta name=\"robots\" content=\"index, follow, max-snippet:-1, max-image-preview:large, max-video-preview:-1\" \/>\n<link rel=\"canonical\" href=\"https:\/\/d-identify.be\/de\/produkt\/antirutsch-stufenkanten-aus-gfk\/\" \/>\n<meta property=\"og:locale\" content=\"de_DE\" \/>\n<meta property=\"og:type\" content=\"article\" \/>\n<meta property=\"og:title\" content=\"Antirutsch-Stufenkanten aus GFK\" \/>\n<meta property=\"og:description\" content=\"Eine kompakte und effektive L\u00f6sung, um Treppen sicher zu machen.Anti-Rutsch-Stufenkanten sorgen f\u00fcr zus\u00e4tzlichen Halt und verringern das Risiko des Ausrutschens auf gef\u00e4hrlichen Treppen.Hergestellt aus langlebigem glasfaserverst\u00e4rktem Kunststoff. Vorteile:\u2714 Wetterbest\u00e4ndig und ideal f\u00fcr Au\u00dfentreppen\u2714 Abriebfest und pflegeleicht\u2714 Einfach zu montieren\u2714 Erh\u00f6ht die Sichtbarkeit der Treppenstufen Ma\u00dfanfertigungen bis zu einer L\u00e4nge von 3 Metern m\u00f6glich\" \/>\n<meta property=\"og:url\" content=\"https:\/\/d-identify.be\/de\/produkt\/antirutsch-stufenkanten-aus-gfk\/\" \/>\n<meta property=\"og:site_name\" content=\"d-identify\" \/>\n<meta property=\"og:image\" content=\"https:\/\/d-identify.be\/wp-content\/uploads\/2025\/03\/frp_anti_skid_stair_noses_yellow_462048-1-scaled.jpg\" \/>\n\t<meta property=\"og:image:width\" content=\"2560\" \/>\n\t<meta property=\"og:image:height\" content=\"2560\" \/>\n\t<meta property=\"og:image:type\" content=\"image\/jpeg\" \/>\n<meta name=\"twitter:card\" content=\"summary_large_image\" \/>\n<meta name=\"twitter:label1\" content=\"Gesch\u00e4tzte Lesezeit\" \/>\n\t<meta name=\"twitter:data1\" content=\"1\u00a0Minute\" \/>\n<script type=\"application\/ld+json\" class=\"yoast-schema-graph\">{\"@context\":\"https:\/\/schema.org\",\"@graph\":[{\"@type\":\"WebPage\",\"@id\":\"https:\/\/d-identify.be\/de\/produkt\/antirutsch-stufenkanten-aus-gfk\/\",\"url\":\"https:\/\/d-identify.be\/de\/produkt\/antirutsch-stufenkanten-aus-gfk\/\",\"name\":\"Antirutsch-Stufenkanten aus GFK - d-identify\",\"isPartOf\":{\"@id\":\"https:\/\/d-identify.be\/de\/#website\"},\"primaryImageOfPage\":{\"@id\":\"https:\/\/d-identify.be\/de\/produkt\/antirutsch-stufenkanten-aus-gfk\/#primaryimage\"},\"image\":{\"@id\":\"https:\/\/d-identify.be\/de\/produkt\/antirutsch-stufenkanten-aus-gfk\/#primaryimage\"},\"thumbnailUrl\":\"https:\/\/d-identify.be\/wp-content\/uploads\/2025\/03\/frp_anti_skid_stair_noses_yellow_462048-1-scaled.jpg\",\"datePublished\":\"2025-03-11T14:12:09+00:00\",\"breadcrumb\":{\"@id\":\"https:\/\/d-identify.be\/de\/produkt\/antirutsch-stufenkanten-aus-gfk\/#breadcrumb\"},\"inLanguage\":\"de\",\"potentialAction\":[{\"@type\":\"ReadAction\",\"target\":[\"https:\/\/d-identify.be\/de\/produkt\/antirutsch-stufenkanten-aus-gfk\/\"]}]},{\"@type\":\"ImageObject\",\"inLanguage\":\"de\",\"@id\":\"https:\/\/d-identify.be\/de\/produkt\/antirutsch-stufenkanten-aus-gfk\/#primaryimage\",\"url\":\"https:\/\/d-identify.be\/wp-content\/uploads\/2025\/03\/frp_anti_skid_stair_noses_yellow_462048-1-scaled.jpg\",\"contentUrl\":\"https:\/\/d-identify.be\/wp-content\/uploads\/2025\/03\/frp_anti_skid_stair_noses_yellow_462048-1-scaled.jpg\",\"width\":2560,\"height\":2560,\"caption\":\"GFRP Anti-Slip Stair Nosings\"},{\"@type\":\"BreadcrumbList\",\"@id\":\"https:\/\/d-identify.be\/de\/produkt\/antirutsch-stufenkanten-aus-gfk\/#breadcrumb\",\"itemListElement\":[{\"@type\":\"ListItem\",\"position\":1,\"name\":\"Home\",\"item\":\"https:\/\/d-identify.be\/de\/home-2\/\"},{\"@type\":\"ListItem\",\"position\":2,\"name\":\"Shop\",\"item\":\"https:\/\/d-identify.be\/shop-2\/\"},{\"@type\":\"ListItem\",\"position\":3,\"name\":\"Antirutsch-Stufenkanten aus GFK\"}]},{\"@type\":\"WebSite\",\"@id\":\"https:\/\/d-identify.be\/de\/#website\",\"url\":\"https:\/\/d-identify.be\/de\/\",\"name\":\"d-identify\",\"description\":\"Industrial identification - Lockout - Tagout - Floor marking\",\"potentialAction\":[{\"@type\":\"SearchAction\",\"target\":{\"@type\":\"EntryPoint\",\"urlTemplate\":\"https:\/\/d-identify.be\/de\/?s={search_term_string}\"},\"query-input\":{\"@type\":\"PropertyValueSpecification\",\"valueRequired\":true,\"valueName\":\"search_term_string\"}}],\"inLanguage\":\"de\"}]}<\/script>\n<!-- \/ Yoast SEO Premium plugin. -->","yoast_head_json":{"title":"Antirutsch-Stufenkanten aus GFK - d-identify","robots":{"index":"index","follow":"follow","max-snippet":"max-snippet:-1","max-image-preview":"max-image-preview:large","max-video-preview":"max-video-preview:-1"},"canonical":"https:\/\/d-identify.be\/de\/produkt\/antirutsch-stufenkanten-aus-gfk\/","og_locale":"de_DE","og_type":"article","og_title":"Antirutsch-Stufenkanten aus GFK","og_description":"Eine kompakte und effektive L\u00f6sung, um Treppen sicher zu machen.Anti-Rutsch-Stufenkanten sorgen f\u00fcr zus\u00e4tzlichen Halt und verringern das Risiko des Ausrutschens auf gef\u00e4hrlichen Treppen.Hergestellt aus langlebigem glasfaserverst\u00e4rktem Kunststoff. Vorteile:\u2714 Wetterbest\u00e4ndig und ideal f\u00fcr Au\u00dfentreppen\u2714 Abriebfest und pflegeleicht\u2714 Einfach zu montieren\u2714 Erh\u00f6ht die Sichtbarkeit der Treppenstufen Ma\u00dfanfertigungen bis zu einer L\u00e4nge von 3 Metern m\u00f6glich","og_url":"https:\/\/d-identify.be\/de\/produkt\/antirutsch-stufenkanten-aus-gfk\/","og_site_name":"d-identify","og_image":[{"width":2560,"height":2560,"url":"https:\/\/d-identify.be\/wp-content\/uploads\/2025\/03\/frp_anti_skid_stair_noses_yellow_462048-1-scaled.jpg","type":"image\/jpeg"}],"twitter_card":"summary_large_image","twitter_misc":{"Gesch\u00e4tzte Lesezeit":"1\u00a0Minute"},"schema":{"@context":"https:\/\/schema.org","@graph":[{"@type":"WebPage","@id":"https:\/\/d-identify.be\/de\/produkt\/antirutsch-stufenkanten-aus-gfk\/","url":"https:\/\/d-identify.be\/de\/produkt\/antirutsch-stufenkanten-aus-gfk\/","name":"Antirutsch-Stufenkanten aus GFK - d-identify","isPartOf":{"@id":"https:\/\/d-identify.be\/de\/#website"},"primaryImageOfPage":{"@id":"https:\/\/d-identify.be\/de\/produkt\/antirutsch-stufenkanten-aus-gfk\/#primaryimage"},"image":{"@id":"https:\/\/d-identify.be\/de\/produkt\/antirutsch-stufenkanten-aus-gfk\/#primaryimage"},"thumbnailUrl":"https:\/\/d-identify.be\/wp-content\/uploads\/2025\/03\/frp_anti_skid_stair_noses_yellow_462048-1-scaled.jpg","datePublished":"2025-03-11T14:12:09+00:00","breadcrumb":{"@id":"https:\/\/d-identify.be\/de\/produkt\/antirutsch-stufenkanten-aus-gfk\/#breadcrumb"},"inLanguage":"de","potentialAction":[{"@type":"ReadAction","target":["https:\/\/d-identify.be\/de\/produkt\/antirutsch-stufenkanten-aus-gfk\/"]}]},{"@type":"ImageObject","inLanguage":"de","@id":"https:\/\/d-identify.be\/de\/produkt\/antirutsch-stufenkanten-aus-gfk\/#primaryimage","url":"https:\/\/d-identify.be\/wp-content\/uploads\/2025\/03\/frp_anti_skid_stair_noses_yellow_462048-1-scaled.jpg","contentUrl":"https:\/\/d-identify.be\/wp-content\/uploads\/2025\/03\/frp_anti_skid_stair_noses_yellow_462048-1-scaled.jpg","width":2560,"height":2560,"caption":"GFRP Anti-Slip Stair Nosings"},{"@type":"BreadcrumbList","@id":"https:\/\/d-identify.be\/de\/produkt\/antirutsch-stufenkanten-aus-gfk\/#breadcrumb","itemListElement":[{"@type":"ListItem","position":1,"name":"Home","item":"https:\/\/d-identify.be\/de\/home-2\/"},{"@type":"ListItem","position":2,"name":"Shop","item":"https:\/\/d-identify.be\/shop-2\/"},{"@type":"ListItem","position":3,"name":"Antirutsch-Stufenkanten aus GFK"}]},{"@type":"WebSite","@id":"https:\/\/d-identify.be\/de\/#website","url":"https:\/\/d-identify.be\/de\/","name":"d-identify","description":"Industrial identification - Lockout - Tagout - Floor marking","potentialAction":[{"@type":"SearchAction","target":{"@type":"EntryPoint","urlTemplate":"https:\/\/d-identify.be\/de\/?s={search_term_string}"},"query-input":{"@type":"PropertyValueSpecification","valueRequired":true,"valueName":"search_term_string"}}],"inLanguage":"de"}]}},"_links":{"self":[{"href":"https:\/\/d-identify.be\/de\/wp-json\/wp\/v2\/product\/52589","targetHints":{"allow":["GET"]}}],"collection":[{"href":"https:\/\/d-identify.be\/de\/wp-json\/wp\/v2\/product"}],"about":[{"href":"https:\/\/d-identify.be\/de\/wp-json\/wp\/v2\/types\/product"}],"replies":[{"embeddable":true,"href":"https:\/\/d-identify.be\/de\/wp-json\/wp\/v2\/comments?post=52589"}],"wp:featuredmedia":[{"embeddable":true,"href":"https:\/\/d-identify.be\/de\/wp-json\/wp\/v2\/media\/52511"}],"wp:attachment":[{"href":"https:\/\/d-identify.be\/de\/wp-json\/wp\/v2\/media?parent=52589"}],"wp:term":[{"taxonomy":"product_brand","embeddable":true,"href":"https:\/\/d-identify.be\/de\/wp-json\/wp\/v2\/product_brand?post=52589"},{"taxonomy":"product_cat","embeddable":true,"href":"https:\/\/d-identify.be\/de\/wp-json\/wp\/v2\/product_cat?post=52589"},{"taxonomy":"product_tag","embeddable":true,"href":"https:\/\/d-identify.be\/de\/wp-json\/wp\/v2\/product_tag?post=52589"},{"taxonomy":"pa_connextion-shapes","embeddable":true,"href":"https:\/\/d-identify.be\/de\/wp-json\/wp\/v2\/pa_connextion-shapes?post=52589"}],"curies":[{"name":"wp","href":"https:\/\/api.w.org\/{rel}","templated":true}]}}