{"id":51910,"date":"2024-01-12T15:08:03","date_gmt":"2024-01-12T13:08:03","guid":{"rendered":"https:\/\/d-identify.be\/product\/premium-wachsband-godex-450-m-auf-254-mm-kern\/"},"modified":"2024-01-12T15:08:03","modified_gmt":"2024-01-12T13:08:03","slug":"premium-wachsband-godex-450-m-auf-254-mm-kern","status":"publish","type":"product","link":"https:\/\/d-identify.be\/de\/produkt\/premium-wachsband-godex-450-m-auf-254-mm-kern\/","title":{"rendered":"Premium-Wachsband GODEX 450 m auf 25,4 mm Kern"},"content":{"rendered":"","protected":false},"excerpt":{"rendered":"<p><strong>GODEX GWR 765 Premium-Wachs-Harz-Farbband<\/strong><\/p>\n<p>Diese Wachs-Harz-Qualit\u00e4t enth\u00e4lt mehr Harz als unser GWR 745, ben\u00f6tigt etwas mehr W\u00e4rme und druckt perfekt bis zu 10 ips. Empfohlene Untergr\u00fcnde sind u.a. Hochglanzpapier, vorgef\u00e4rbte Etiketten und synthetisches Etikettenmaterial, einschlie\u00dflich der \u201eschwierigeren\u201c Etiketten. Dank seiner perfekten Dichte, Wisch- und Kratzfestigkeit  <\/p>\n","protected":false},"featured_media":25090,"comment_status":"open","ping_status":"closed","template":"","meta":{"_acf_changed":false,"_et_pb_use_builder":"","_et_pb_old_content":"","_et_gb_content_width":""},"product_brand":[],"product_cat":[721],"product_tag":[947],"pa_connextion-shapes":[],"class_list":{"0":"post-51910","1":"product","2":"type-product","3":"status-publish","4":"has-post-thumbnail","6":"product_cat-thermotransfer-farbbaender","7":"product_tag-godex-de","9":"first","10":"instock","11":"taxable","12":"shipping-taxable","13":"purchasable","14":"product-type-variable","15":"has-default-attributes"},"exclude_global_add_ons":[],"addons":[],"acf":[],"yoast_head":"<!-- This site is optimized with the Yoast SEO Premium plugin v27.0 (Yoast SEO v27.1) - https:\/\/yoast.com\/product\/yoast-seo-premium-wordpress\/ -->\n<title>Premium-Wachsband GODEX 450 m auf 25,4 mm Kern - d-identify<\/title>\n<meta name=\"robots\" content=\"index, follow, max-snippet:-1, max-image-preview:large, max-video-preview:-1\" \/>\n<link rel=\"canonical\" href=\"https:\/\/d-identify.be\/de\/produkt\/premium-wachsband-godex-450-m-auf-254-mm-kern\/\" \/>\n<meta property=\"og:locale\" content=\"de_DE\" \/>\n<meta property=\"og:type\" content=\"article\" \/>\n<meta property=\"og:title\" content=\"Premium-Wachsband GODEX 450 m auf 25,4 mm Kern\" \/>\n<meta property=\"og:description\" content=\"GODEX GWR 765 Premium-Wachs-Harz-Farbband Diese Wachs-Harz-Qualit\u00e4t enth\u00e4lt mehr Harz als unser GWR 745, ben\u00f6tigt etwas mehr W\u00e4rme und druckt perfekt bis zu 10 ips. Empfohlene Untergr\u00fcnde sind u.a. Hochglanzpapier, vorgef\u00e4rbte Etiketten und synthetisches Etikettenmaterial, einschlie\u00dflich der \u201eschwierigeren\u201c Etiketten. Dank seiner perfekten Dichte, Wisch- und Kratzfestigkeit\" \/>\n<meta property=\"og:url\" content=\"https:\/\/d-identify.be\/de\/produkt\/premium-wachsband-godex-450-m-auf-254-mm-kern\/\" \/>\n<meta property=\"og:site_name\" content=\"d-identify\" \/>\n<meta property=\"og:image\" content=\"https:\/\/d-identify.be\/wp-content\/uploads\/2024\/01\/godex-ribbon_3.jpg\" \/>\n\t<meta property=\"og:image:width\" content=\"600\" \/>\n\t<meta property=\"og:image:height\" content=\"600\" \/>\n\t<meta property=\"og:image:type\" content=\"image\/jpeg\" \/>\n<meta name=\"twitter:card\" content=\"summary_large_image\" \/>\n<script type=\"application\/ld+json\" class=\"yoast-schema-graph\">{\"@context\":\"https:\/\/schema.org\",\"@graph\":[{\"@type\":\"WebPage\",\"@id\":\"https:\/\/d-identify.be\/de\/produkt\/premium-wachsband-godex-450-m-auf-254-mm-kern\/\",\"url\":\"https:\/\/d-identify.be\/de\/produkt\/premium-wachsband-godex-450-m-auf-254-mm-kern\/\",\"name\":\"Premium-Wachsband GODEX 450 m auf 25,4 mm Kern - d-identify\",\"isPartOf\":{\"@id\":\"https:\/\/d-identify.be\/de\/#website\"},\"primaryImageOfPage\":{\"@id\":\"https:\/\/d-identify.be\/de\/produkt\/premium-wachsband-godex-450-m-auf-254-mm-kern\/#primaryimage\"},\"image\":{\"@id\":\"https:\/\/d-identify.be\/de\/produkt\/premium-wachsband-godex-450-m-auf-254-mm-kern\/#primaryimage\"},\"thumbnailUrl\":\"https:\/\/d-identify.be\/wp-content\/uploads\/2024\/01\/godex-ribbon_3.jpg\",\"datePublished\":\"2024-01-12T13:08:03+00:00\",\"breadcrumb\":{\"@id\":\"https:\/\/d-identify.be\/de\/produkt\/premium-wachsband-godex-450-m-auf-254-mm-kern\/#breadcrumb\"},\"inLanguage\":\"de\",\"potentialAction\":[{\"@type\":\"ReadAction\",\"target\":[\"https:\/\/d-identify.be\/de\/produkt\/premium-wachsband-godex-450-m-auf-254-mm-kern\/\"]}]},{\"@type\":\"ImageObject\",\"inLanguage\":\"de\",\"@id\":\"https:\/\/d-identify.be\/de\/produkt\/premium-wachsband-godex-450-m-auf-254-mm-kern\/#primaryimage\",\"url\":\"https:\/\/d-identify.be\/wp-content\/uploads\/2024\/01\/godex-ribbon_3.jpg\",\"contentUrl\":\"https:\/\/d-identify.be\/wp-content\/uploads\/2024\/01\/godex-ribbon_3.jpg\",\"width\":600,\"height\":600,\"caption\":\"GRS 945 Farbband 84mm 74m | Standard Harz Farbband\"},{\"@type\":\"BreadcrumbList\",\"@id\":\"https:\/\/d-identify.be\/de\/produkt\/premium-wachsband-godex-450-m-auf-254-mm-kern\/#breadcrumb\",\"itemListElement\":[{\"@type\":\"ListItem\",\"position\":1,\"name\":\"Home\",\"item\":\"https:\/\/d-identify.be\/de\/home-2\/\"},{\"@type\":\"ListItem\",\"position\":2,\"name\":\"Shop\",\"item\":\"https:\/\/d-identify.be\/shop-2\/\"},{\"@type\":\"ListItem\",\"position\":3,\"name\":\"Premium-Wachsband GODEX 450 m auf 25,4 mm Kern\"}]},{\"@type\":\"WebSite\",\"@id\":\"https:\/\/d-identify.be\/de\/#website\",\"url\":\"https:\/\/d-identify.be\/de\/\",\"name\":\"d-identify\",\"description\":\"Industrial identification - Lockout - Tagout - Floor marking\",\"potentialAction\":[{\"@type\":\"SearchAction\",\"target\":{\"@type\":\"EntryPoint\",\"urlTemplate\":\"https:\/\/d-identify.be\/de\/?s={search_term_string}\"},\"query-input\":{\"@type\":\"PropertyValueSpecification\",\"valueRequired\":true,\"valueName\":\"search_term_string\"}}],\"inLanguage\":\"de\"}]}<\/script>\n<!-- \/ Yoast SEO Premium plugin. -->","yoast_head_json":{"title":"Premium-Wachsband GODEX 450 m auf 25,4 mm Kern - d-identify","robots":{"index":"index","follow":"follow","max-snippet":"max-snippet:-1","max-image-preview":"max-image-preview:large","max-video-preview":"max-video-preview:-1"},"canonical":"https:\/\/d-identify.be\/de\/produkt\/premium-wachsband-godex-450-m-auf-254-mm-kern\/","og_locale":"de_DE","og_type":"article","og_title":"Premium-Wachsband GODEX 450 m auf 25,4 mm Kern","og_description":"GODEX GWR 765 Premium-Wachs-Harz-Farbband Diese Wachs-Harz-Qualit\u00e4t enth\u00e4lt mehr Harz als unser GWR 745, ben\u00f6tigt etwas mehr W\u00e4rme und druckt perfekt bis zu 10 ips. Empfohlene Untergr\u00fcnde sind u.a. Hochglanzpapier, vorgef\u00e4rbte Etiketten und synthetisches Etikettenmaterial, einschlie\u00dflich der \u201eschwierigeren\u201c Etiketten. Dank seiner perfekten Dichte, Wisch- und Kratzfestigkeit","og_url":"https:\/\/d-identify.be\/de\/produkt\/premium-wachsband-godex-450-m-auf-254-mm-kern\/","og_site_name":"d-identify","og_image":[{"width":600,"height":600,"url":"https:\/\/d-identify.be\/wp-content\/uploads\/2024\/01\/godex-ribbon_3.jpg","type":"image\/jpeg"}],"twitter_card":"summary_large_image","schema":{"@context":"https:\/\/schema.org","@graph":[{"@type":"WebPage","@id":"https:\/\/d-identify.be\/de\/produkt\/premium-wachsband-godex-450-m-auf-254-mm-kern\/","url":"https:\/\/d-identify.be\/de\/produkt\/premium-wachsband-godex-450-m-auf-254-mm-kern\/","name":"Premium-Wachsband GODEX 450 m auf 25,4 mm Kern - d-identify","isPartOf":{"@id":"https:\/\/d-identify.be\/de\/#website"},"primaryImageOfPage":{"@id":"https:\/\/d-identify.be\/de\/produkt\/premium-wachsband-godex-450-m-auf-254-mm-kern\/#primaryimage"},"image":{"@id":"https:\/\/d-identify.be\/de\/produkt\/premium-wachsband-godex-450-m-auf-254-mm-kern\/#primaryimage"},"thumbnailUrl":"https:\/\/d-identify.be\/wp-content\/uploads\/2024\/01\/godex-ribbon_3.jpg","datePublished":"2024-01-12T13:08:03+00:00","breadcrumb":{"@id":"https:\/\/d-identify.be\/de\/produkt\/premium-wachsband-godex-450-m-auf-254-mm-kern\/#breadcrumb"},"inLanguage":"de","potentialAction":[{"@type":"ReadAction","target":["https:\/\/d-identify.be\/de\/produkt\/premium-wachsband-godex-450-m-auf-254-mm-kern\/"]}]},{"@type":"ImageObject","inLanguage":"de","@id":"https:\/\/d-identify.be\/de\/produkt\/premium-wachsband-godex-450-m-auf-254-mm-kern\/#primaryimage","url":"https:\/\/d-identify.be\/wp-content\/uploads\/2024\/01\/godex-ribbon_3.jpg","contentUrl":"https:\/\/d-identify.be\/wp-content\/uploads\/2024\/01\/godex-ribbon_3.jpg","width":600,"height":600,"caption":"GRS 945 Farbband 84mm 74m | Standard Harz Farbband"},{"@type":"BreadcrumbList","@id":"https:\/\/d-identify.be\/de\/produkt\/premium-wachsband-godex-450-m-auf-254-mm-kern\/#breadcrumb","itemListElement":[{"@type":"ListItem","position":1,"name":"Home","item":"https:\/\/d-identify.be\/de\/home-2\/"},{"@type":"ListItem","position":2,"name":"Shop","item":"https:\/\/d-identify.be\/shop-2\/"},{"@type":"ListItem","position":3,"name":"Premium-Wachsband GODEX 450 m auf 25,4 mm Kern"}]},{"@type":"WebSite","@id":"https:\/\/d-identify.be\/de\/#website","url":"https:\/\/d-identify.be\/de\/","name":"d-identify","description":"Industrial identification - Lockout - Tagout - Floor marking","potentialAction":[{"@type":"SearchAction","target":{"@type":"EntryPoint","urlTemplate":"https:\/\/d-identify.be\/de\/?s={search_term_string}"},"query-input":{"@type":"PropertyValueSpecification","valueRequired":true,"valueName":"search_term_string"}}],"inLanguage":"de"}]}},"_links":{"self":[{"href":"https:\/\/d-identify.be\/de\/wp-json\/wp\/v2\/product\/51910","targetHints":{"allow":["GET"]}}],"collection":[{"href":"https:\/\/d-identify.be\/de\/wp-json\/wp\/v2\/product"}],"about":[{"href":"https:\/\/d-identify.be\/de\/wp-json\/wp\/v2\/types\/product"}],"replies":[{"embeddable":true,"href":"https:\/\/d-identify.be\/de\/wp-json\/wp\/v2\/comments?post=51910"}],"wp:featuredmedia":[{"embeddable":true,"href":"https:\/\/d-identify.be\/de\/wp-json\/wp\/v2\/media\/25090"}],"wp:attachment":[{"href":"https:\/\/d-identify.be\/de\/wp-json\/wp\/v2\/media?parent=51910"}],"wp:term":[{"taxonomy":"product_brand","embeddable":true,"href":"https:\/\/d-identify.be\/de\/wp-json\/wp\/v2\/product_brand?post=51910"},{"taxonomy":"product_cat","embeddable":true,"href":"https:\/\/d-identify.be\/de\/wp-json\/wp\/v2\/product_cat?post=51910"},{"taxonomy":"product_tag","embeddable":true,"href":"https:\/\/d-identify.be\/de\/wp-json\/wp\/v2\/product_tag?post=51910"},{"taxonomy":"pa_connextion-shapes","embeddable":true,"href":"https:\/\/d-identify.be\/de\/wp-json\/wp\/v2\/pa_connextion-shapes?post=51910"}],"curies":[{"name":"wp","href":"https:\/\/api.w.org\/{rel}","templated":true}]}}