{"id":51887,"date":"2024-01-12T16:10:46","date_gmt":"2024-01-12T14:10:46","guid":{"rendered":"https:\/\/d-identify.be\/product\/harzband-godex-300-m-auf-254-mm-kern\/"},"modified":"2024-01-12T16:10:46","modified_gmt":"2024-01-12T14:10:46","slug":"harzband-godex-300-m-auf-254-mm-kern","status":"publish","type":"product","link":"https:\/\/d-identify.be\/de\/produkt\/harzband-godex-300-m-auf-254-mm-kern\/","title":{"rendered":"Harzband GODEX 300 m auf 25,4 mm Kern"},"content":{"rendered":"","protected":false},"excerpt":{"rendered":"<p><strong>GODEX GRS 945 Mehrzweck-Harzband<\/strong><\/p>\n<p>GoDEX GRS 945 bietet eine hohe Druckempfindlichkeit und ist gleichzeitig \u00e4u\u00dferst widerstandsf\u00e4hig gegen mechanischen Abrieb, Hitze und Feuchtigkeit. Es widersteht auch den am h\u00e4ufigsten verwendeten Chemikalien. Diese Eigenschaften machen GRS 945 zum perfekten Farbband zum Drucken von 2D-Barcodes auf winzige Etiketten in der Elektronikindustrie, zum Hinzuf\u00fcgen variabler Informationen zu Teilen in der Automobil- und Flugzeugindustrie sowie zum Drucken von Bewertungsetiketten  <\/p>\n","protected":false},"featured_media":25090,"comment_status":"open","ping_status":"closed","template":"","meta":{"_acf_changed":false,"_et_pb_use_builder":"","_et_pb_old_content":"","_et_gb_content_width":""},"product_brand":[],"product_cat":[721],"product_tag":[947],"pa_connextion-shapes":[],"class_list":{"0":"post-51887","1":"product","2":"type-product","3":"status-publish","4":"has-post-thumbnail","6":"product_cat-thermotransfer-farbbaender","7":"product_tag-godex-de","9":"first","10":"instock","11":"sale","12":"taxable","13":"shipping-taxable","14":"purchasable","15":"product-type-variable","16":"has-default-attributes"},"exclude_global_add_ons":[],"addons":[],"acf":[],"yoast_head":"<!-- This site is optimized with the Yoast SEO Premium plugin v27.0 (Yoast SEO v27.1) - https:\/\/yoast.com\/product\/yoast-seo-premium-wordpress\/ -->\n<title>Harzband GODEX 300 m auf 25,4 mm Kern - d-identify<\/title>\n<meta name=\"robots\" content=\"index, follow, max-snippet:-1, max-image-preview:large, max-video-preview:-1\" \/>\n<link rel=\"canonical\" href=\"https:\/\/d-identify.be\/de\/produkt\/harzband-godex-300-m-auf-254-mm-kern\/\" \/>\n<meta property=\"og:locale\" content=\"de_DE\" \/>\n<meta property=\"og:type\" content=\"article\" \/>\n<meta property=\"og:title\" content=\"Harzband GODEX 300 m auf 25,4 mm Kern\" \/>\n<meta property=\"og:description\" content=\"GODEX GRS 945 Mehrzweck-Harzband GoDEX GRS 945 bietet eine hohe Druckempfindlichkeit und ist gleichzeitig \u00e4u\u00dferst widerstandsf\u00e4hig gegen mechanischen Abrieb, Hitze und Feuchtigkeit. Es widersteht auch den am h\u00e4ufigsten verwendeten Chemikalien. Diese Eigenschaften machen GRS 945 zum perfekten Farbband zum Drucken von 2D-Barcodes auf winzige Etiketten in der Elektronikindustrie, zum Hinzuf\u00fcgen variabler Informationen zu Teilen in der Automobil- und Flugzeugindustrie sowie zum Drucken von Bewertungsetiketten\" \/>\n<meta property=\"og:url\" content=\"https:\/\/d-identify.be\/de\/produkt\/harzband-godex-300-m-auf-254-mm-kern\/\" \/>\n<meta property=\"og:site_name\" content=\"d-identify\" \/>\n<meta property=\"og:image\" content=\"https:\/\/d-identify.be\/wp-content\/uploads\/2024\/01\/godex-ribbon_3.jpg\" \/>\n\t<meta property=\"og:image:width\" content=\"600\" \/>\n\t<meta property=\"og:image:height\" content=\"600\" \/>\n\t<meta property=\"og:image:type\" content=\"image\/jpeg\" \/>\n<meta name=\"twitter:card\" content=\"summary_large_image\" \/>\n<script type=\"application\/ld+json\" class=\"yoast-schema-graph\">{\"@context\":\"https:\/\/schema.org\",\"@graph\":[{\"@type\":\"WebPage\",\"@id\":\"https:\/\/d-identify.be\/de\/produkt\/harzband-godex-300-m-auf-254-mm-kern\/\",\"url\":\"https:\/\/d-identify.be\/de\/produkt\/harzband-godex-300-m-auf-254-mm-kern\/\",\"name\":\"Harzband GODEX 300 m auf 25,4 mm Kern - d-identify\",\"isPartOf\":{\"@id\":\"https:\/\/d-identify.be\/de\/#website\"},\"primaryImageOfPage\":{\"@id\":\"https:\/\/d-identify.be\/de\/produkt\/harzband-godex-300-m-auf-254-mm-kern\/#primaryimage\"},\"image\":{\"@id\":\"https:\/\/d-identify.be\/de\/produkt\/harzband-godex-300-m-auf-254-mm-kern\/#primaryimage\"},\"thumbnailUrl\":\"https:\/\/d-identify.be\/wp-content\/uploads\/2024\/01\/godex-ribbon_3.jpg\",\"datePublished\":\"2024-01-12T14:10:46+00:00\",\"breadcrumb\":{\"@id\":\"https:\/\/d-identify.be\/de\/produkt\/harzband-godex-300-m-auf-254-mm-kern\/#breadcrumb\"},\"inLanguage\":\"de\",\"potentialAction\":[{\"@type\":\"ReadAction\",\"target\":[\"https:\/\/d-identify.be\/de\/produkt\/harzband-godex-300-m-auf-254-mm-kern\/\"]}]},{\"@type\":\"ImageObject\",\"inLanguage\":\"de\",\"@id\":\"https:\/\/d-identify.be\/de\/produkt\/harzband-godex-300-m-auf-254-mm-kern\/#primaryimage\",\"url\":\"https:\/\/d-identify.be\/wp-content\/uploads\/2024\/01\/godex-ribbon_3.jpg\",\"contentUrl\":\"https:\/\/d-identify.be\/wp-content\/uploads\/2024\/01\/godex-ribbon_3.jpg\",\"width\":600,\"height\":600,\"caption\":\"GRS 945 Farbband 84mm 74m | Standard Harz Farbband\"},{\"@type\":\"BreadcrumbList\",\"@id\":\"https:\/\/d-identify.be\/de\/produkt\/harzband-godex-300-m-auf-254-mm-kern\/#breadcrumb\",\"itemListElement\":[{\"@type\":\"ListItem\",\"position\":1,\"name\":\"Home\",\"item\":\"https:\/\/d-identify.be\/de\/home-2\/\"},{\"@type\":\"ListItem\",\"position\":2,\"name\":\"Shop\",\"item\":\"https:\/\/d-identify.be\/shop-2\/\"},{\"@type\":\"ListItem\",\"position\":3,\"name\":\"Harzband GODEX 300 m auf 25,4 mm Kern\"}]},{\"@type\":\"WebSite\",\"@id\":\"https:\/\/d-identify.be\/de\/#website\",\"url\":\"https:\/\/d-identify.be\/de\/\",\"name\":\"d-identify\",\"description\":\"Industrial identification - Lockout - Tagout - Floor marking\",\"potentialAction\":[{\"@type\":\"SearchAction\",\"target\":{\"@type\":\"EntryPoint\",\"urlTemplate\":\"https:\/\/d-identify.be\/de\/?s={search_term_string}\"},\"query-input\":{\"@type\":\"PropertyValueSpecification\",\"valueRequired\":true,\"valueName\":\"search_term_string\"}}],\"inLanguage\":\"de\"}]}<\/script>\n<!-- \/ Yoast SEO Premium plugin. -->","yoast_head_json":{"title":"Harzband GODEX 300 m auf 25,4 mm Kern - d-identify","robots":{"index":"index","follow":"follow","max-snippet":"max-snippet:-1","max-image-preview":"max-image-preview:large","max-video-preview":"max-video-preview:-1"},"canonical":"https:\/\/d-identify.be\/de\/produkt\/harzband-godex-300-m-auf-254-mm-kern\/","og_locale":"de_DE","og_type":"article","og_title":"Harzband GODEX 300 m auf 25,4 mm Kern","og_description":"GODEX GRS 945 Mehrzweck-Harzband GoDEX GRS 945 bietet eine hohe Druckempfindlichkeit und ist gleichzeitig \u00e4u\u00dferst widerstandsf\u00e4hig gegen mechanischen Abrieb, Hitze und Feuchtigkeit. Es widersteht auch den am h\u00e4ufigsten verwendeten Chemikalien. Diese Eigenschaften machen GRS 945 zum perfekten Farbband zum Drucken von 2D-Barcodes auf winzige Etiketten in der Elektronikindustrie, zum Hinzuf\u00fcgen variabler Informationen zu Teilen in der Automobil- und Flugzeugindustrie sowie zum Drucken von Bewertungsetiketten","og_url":"https:\/\/d-identify.be\/de\/produkt\/harzband-godex-300-m-auf-254-mm-kern\/","og_site_name":"d-identify","og_image":[{"width":600,"height":600,"url":"https:\/\/d-identify.be\/wp-content\/uploads\/2024\/01\/godex-ribbon_3.jpg","type":"image\/jpeg"}],"twitter_card":"summary_large_image","schema":{"@context":"https:\/\/schema.org","@graph":[{"@type":"WebPage","@id":"https:\/\/d-identify.be\/de\/produkt\/harzband-godex-300-m-auf-254-mm-kern\/","url":"https:\/\/d-identify.be\/de\/produkt\/harzband-godex-300-m-auf-254-mm-kern\/","name":"Harzband GODEX 300 m auf 25,4 mm Kern - d-identify","isPartOf":{"@id":"https:\/\/d-identify.be\/de\/#website"},"primaryImageOfPage":{"@id":"https:\/\/d-identify.be\/de\/produkt\/harzband-godex-300-m-auf-254-mm-kern\/#primaryimage"},"image":{"@id":"https:\/\/d-identify.be\/de\/produkt\/harzband-godex-300-m-auf-254-mm-kern\/#primaryimage"},"thumbnailUrl":"https:\/\/d-identify.be\/wp-content\/uploads\/2024\/01\/godex-ribbon_3.jpg","datePublished":"2024-01-12T14:10:46+00:00","breadcrumb":{"@id":"https:\/\/d-identify.be\/de\/produkt\/harzband-godex-300-m-auf-254-mm-kern\/#breadcrumb"},"inLanguage":"de","potentialAction":[{"@type":"ReadAction","target":["https:\/\/d-identify.be\/de\/produkt\/harzband-godex-300-m-auf-254-mm-kern\/"]}]},{"@type":"ImageObject","inLanguage":"de","@id":"https:\/\/d-identify.be\/de\/produkt\/harzband-godex-300-m-auf-254-mm-kern\/#primaryimage","url":"https:\/\/d-identify.be\/wp-content\/uploads\/2024\/01\/godex-ribbon_3.jpg","contentUrl":"https:\/\/d-identify.be\/wp-content\/uploads\/2024\/01\/godex-ribbon_3.jpg","width":600,"height":600,"caption":"GRS 945 Farbband 84mm 74m | Standard Harz Farbband"},{"@type":"BreadcrumbList","@id":"https:\/\/d-identify.be\/de\/produkt\/harzband-godex-300-m-auf-254-mm-kern\/#breadcrumb","itemListElement":[{"@type":"ListItem","position":1,"name":"Home","item":"https:\/\/d-identify.be\/de\/home-2\/"},{"@type":"ListItem","position":2,"name":"Shop","item":"https:\/\/d-identify.be\/shop-2\/"},{"@type":"ListItem","position":3,"name":"Harzband GODEX 300 m auf 25,4 mm Kern"}]},{"@type":"WebSite","@id":"https:\/\/d-identify.be\/de\/#website","url":"https:\/\/d-identify.be\/de\/","name":"d-identify","description":"Industrial identification - Lockout - Tagout - Floor marking","potentialAction":[{"@type":"SearchAction","target":{"@type":"EntryPoint","urlTemplate":"https:\/\/d-identify.be\/de\/?s={search_term_string}"},"query-input":{"@type":"PropertyValueSpecification","valueRequired":true,"valueName":"search_term_string"}}],"inLanguage":"de"}]}},"_links":{"self":[{"href":"https:\/\/d-identify.be\/de\/wp-json\/wp\/v2\/product\/51887","targetHints":{"allow":["GET"]}}],"collection":[{"href":"https:\/\/d-identify.be\/de\/wp-json\/wp\/v2\/product"}],"about":[{"href":"https:\/\/d-identify.be\/de\/wp-json\/wp\/v2\/types\/product"}],"replies":[{"embeddable":true,"href":"https:\/\/d-identify.be\/de\/wp-json\/wp\/v2\/comments?post=51887"}],"wp:featuredmedia":[{"embeddable":true,"href":"https:\/\/d-identify.be\/de\/wp-json\/wp\/v2\/media\/25090"}],"wp:attachment":[{"href":"https:\/\/d-identify.be\/de\/wp-json\/wp\/v2\/media?parent=51887"}],"wp:term":[{"taxonomy":"product_brand","embeddable":true,"href":"https:\/\/d-identify.be\/de\/wp-json\/wp\/v2\/product_brand?post=51887"},{"taxonomy":"product_cat","embeddable":true,"href":"https:\/\/d-identify.be\/de\/wp-json\/wp\/v2\/product_cat?post=51887"},{"taxonomy":"product_tag","embeddable":true,"href":"https:\/\/d-identify.be\/de\/wp-json\/wp\/v2\/product_tag?post=51887"},{"taxonomy":"pa_connextion-shapes","embeddable":true,"href":"https:\/\/d-identify.be\/de\/wp-json\/wp\/v2\/pa_connextion-shapes?post=51887"}],"curies":[{"name":"wp","href":"https:\/\/api.w.org\/{rel}","templated":true}]}}