{"id":51580,"date":"2021-07-26T12:40:31","date_gmt":"2021-07-26T10:40:31","guid":{"rendered":"https:\/\/d-identify.be\/product\/etikett-aus-metallisiertem-polyester-38-mm-x-125-mm\/"},"modified":"2021-07-26T12:40:31","modified_gmt":"2021-07-26T10:40:31","slug":"etikett-aus-metallisiertem-polyester-38-mm-x-125-mm","status":"publish","type":"product","link":"https:\/\/d-identify.be\/de\/produkt\/etikett-aus-metallisiertem-polyester-38-mm-x-125-mm\/","title":{"rendered":"Etikett aus metallisiertem Polyester, 38 mm x 12,5 mm"},"content":{"rendered":"<p>Selbstklebende Silberetiketten aus metallisiertem Polyester (PET ME) sind die beliebteste Kennzeichnung von Industrieprodukten. Die Oberfl\u00e4che des Etiketts ist matt, gl\u00e4nzend, spiegelnd und \u201eEdelstahl\u201c. Klebstoffe (Klebeschicht) sind standardm\u00e4\u00dfig oder verst\u00e4rkt und haften gut auf rauen, \u00f6ligen und anderen schwer zu klebenden Oberfl\u00e4chen. Langlebig. Best\u00e4ndig gegen Feuchtigkeit, L\u00f6sungsmittel, Reibung, Flecken und Verdunkelung, bildet sich nicht bei konstanten Temperaturen von -40 bis +160 \u00b0C und h\u00e4lt kurzzeitiger Erw\u00e4rmung stand. Beh\u00e4lt einen tollen \u00dcberblick \u00fcber die langfristige Nutzung von Ger\u00e4ten und Anlagen.    <\/p>\n<div class='et-learn-more clearfix'>\n\t\t\t\t\t<h3 class='heading-more'>STANDARD<span class='et_learnmore_arrow'><span><\/span><\/span><\/h3>\n\t\t\t\t\t<div class='learn-more-content'><strong>Etikett aus metallisiertem Polyester f\u00fcr Standardanwendungen <\/strong><\/p>\n<ul>\n<li><strong>Gr\u00f6\u00dfe: <\/strong>38 mm x 12,5 mm<\/li>\n<li><strong>Beschriftungen quer:<\/strong> 1<\/li>\n<li><strong>Farben: <\/strong>Silber<\/li>\n<li><strong>Etiketten\/Rolle:<\/strong> 1000<\/li>\n<li><strong>Kern:<\/strong> 40mm oder 76mm<\/li>\n<li><strong>Perforation:<\/strong> Nein<\/li>\n<li><strong>Erkennung:<\/strong> L\u00fccke<\/li>\n<li><strong>Material: <\/strong>Polyester<\/li>\n<li><strong>Klebstoff:<\/strong> Permanentes Acryl<\/li>\n<li><strong>Anwendung: <\/strong>F\u00fcr glatte Oberfl\u00e4chen im Innen- und Au\u00dfenbereich<\/li>\n<\/ul><\/div>\n\t\t\t\t<\/div>\n<div class='et-learn-more clearfix'>\n\t\t\t\t\t<h3 class='heading-more'>EXTREME<span class='et_learnmore_arrow'><span><\/span><\/span><\/h3>\n\t\t\t\t\t<div class='learn-more-content'><strong>Etikett aus metallisiertem Polyester f\u00fcr Standardanwendungen <\/strong><\/p>\n<ul>\n<li><strong>Gr\u00f6\u00dfe: <\/strong>38 mm x 12,5 mm<\/li>\n<li><strong>Beschriftungen quer:<\/strong> 1<\/li>\n<li><strong>Farben: <\/strong>Silber<\/li>\n<li><strong>Etiketten\/Rolle:<\/strong> 1000<\/li>\n<li><strong>Kern:<\/strong> 40mm oder 76mm<\/li>\n<li><strong>Perforation:<\/strong> Nein<\/li>\n<li><strong>Erkennung:<\/strong> L\u00fccke<\/li>\n<li><strong>Material: <\/strong>Polyester<\/li>\n<li><strong>Kleber: <\/strong>Permanentes Acryl (super Klebekraft)<\/li>\n<li><strong>Anwendung: <\/strong>F\u00fcr glatte und <strong>raue<\/strong> (pulverbeschichtete) Oberfl\u00e4chen im Innen- und Au\u00dfenbereich<\/li>\n<\/ul><\/div>\n\t\t\t\t<\/div>\n","protected":false},"excerpt":{"rendered":"<p>Selbstklebende Silberetiketten aus metallisiertem Polyester (PET ME) sind die beliebteste Kennzeichnung von Industrieprodukten. Die Oberfl\u00e4che des Etiketts ist matt, gl\u00e4nzend, spiegelnd und \u201eEdelstahl\u201c. Klebstoffe (Klebeschicht) sind standardm\u00e4\u00dfig oder verst\u00e4rkt und haften gut auf rauen, \u00f6ligen und anderen schwer zu klebenden Oberfl\u00e4chen. Langlebig. Best\u00e4ndig gegen Feuchtigkeit, L\u00f6sungsmittel, Reibung, Flecken und Verdunkelung, bildet sich nicht bei konstanten Temperaturen von -40 bis +160 \u00b0C und h\u00e4lt kurzzeitiger Erw\u00e4rmung stand. Beh\u00e4lt einen tollen \u00dcberblick \u00fcber die langfristige Nutzung von Ger\u00e4ten und Anlagen.    <\/p>\n","protected":false},"featured_media":26962,"comment_status":"open","ping_status":"closed","template":"","meta":{"_acf_changed":false,"_et_pb_use_builder":"","_et_pb_old_content":"","_et_gb_content_width":""},"product_brand":[],"product_cat":[662,705,708],"product_tag":[962],"pa_connextion-shapes":[],"class_list":{"0":"post-51580","1":"product","2":"type-product","3":"status-publish","4":"has-post-thumbnail","6":"product_cat-kabelmarkierung","7":"product_cat-polyesteretiketten","8":"product_cat-metallisierte-etiketten","9":"product_tag-d-identify-de","11":"first","12":"instock","13":"taxable","14":"shipping-taxable","15":"purchasable","16":"product-type-variable","17":"has-default-attributes"},"exclude_global_add_ons":[],"addons":[],"acf":[],"yoast_head":"<!-- This site is optimized with the Yoast SEO Premium plugin v27.0 (Yoast SEO v27.1) - https:\/\/yoast.com\/product\/yoast-seo-premium-wordpress\/ -->\n<title>Etikett aus metallisiertem Polyester, 38 mm x 12,5 mm - d-identify<\/title>\n<meta name=\"description\" content=\"Selbstklebende Silberetiketten aus metallisiertem Polyester (PET ME) sind die beliebteste Kennzeichnung von Industrieprodukten. Die Oberfl\u00e4che des Etiketts ist matt, gl\u00e4nzend, ...\" \/>\n<meta name=\"robots\" content=\"index, follow, max-snippet:-1, max-image-preview:large, max-video-preview:-1\" \/>\n<link rel=\"canonical\" href=\"https:\/\/d-identify.be\/de\/produkt\/etikett-aus-metallisiertem-polyester-38-mm-x-125-mm\/\" \/>\n<meta property=\"og:locale\" content=\"de_DE\" \/>\n<meta property=\"og:type\" content=\"article\" \/>\n<meta property=\"og:title\" content=\"Etikett aus metallisiertem Polyester, 38 mm x 12,5 mm\" \/>\n<meta property=\"og:description\" content=\"Selbstklebende Silberetiketten aus metallisiertem Polyester (PET ME) sind die beliebteste Kennzeichnung von Industrieprodukten. Die Oberfl\u00e4che des Etiketts ist matt, gl\u00e4nzend, ...\" \/>\n<meta property=\"og:url\" content=\"https:\/\/d-identify.be\/de\/produkt\/etikett-aus-metallisiertem-polyester-38-mm-x-125-mm\/\" \/>\n<meta property=\"og:site_name\" content=\"d-identify\" \/>\n<meta property=\"og:image\" content=\"https:\/\/d-identify.be\/wp-content\/uploads\/2021\/07\/MPS-38x12.5-SV.png\" \/>\n\t<meta property=\"og:image:width\" content=\"1058\" \/>\n\t<meta property=\"og:image:height\" content=\"1058\" \/>\n\t<meta property=\"og:image:type\" content=\"image\/png\" \/>\n<meta name=\"twitter:card\" content=\"summary_large_image\" \/>\n<meta name=\"twitter:label1\" content=\"Gesch\u00e4tzte Lesezeit\" \/>\n\t<meta name=\"twitter:data1\" content=\"1\u00a0Minute\" \/>\n<script type=\"application\/ld+json\" class=\"yoast-schema-graph\">{\"@context\":\"https:\/\/schema.org\",\"@graph\":[{\"@type\":\"WebPage\",\"@id\":\"https:\/\/d-identify.be\/de\/produkt\/etikett-aus-metallisiertem-polyester-38-mm-x-125-mm\/\",\"url\":\"https:\/\/d-identify.be\/de\/produkt\/etikett-aus-metallisiertem-polyester-38-mm-x-125-mm\/\",\"name\":\"Etikett aus metallisiertem Polyester, 38 mm x 12,5 mm - d-identify\",\"isPartOf\":{\"@id\":\"https:\/\/d-identify.be\/de\/#website\"},\"primaryImageOfPage\":{\"@id\":\"https:\/\/d-identify.be\/de\/produkt\/etikett-aus-metallisiertem-polyester-38-mm-x-125-mm\/#primaryimage\"},\"image\":{\"@id\":\"https:\/\/d-identify.be\/de\/produkt\/etikett-aus-metallisiertem-polyester-38-mm-x-125-mm\/#primaryimage\"},\"thumbnailUrl\":\"https:\/\/d-identify.be\/wp-content\/uploads\/2021\/07\/MPS-38x12.5-SV.png\",\"datePublished\":\"2021-07-26T10:40:31+00:00\",\"description\":\"Selbstklebende Silberetiketten aus metallisiertem Polyester (PET ME) sind die beliebteste Kennzeichnung von Industrieprodukten. Die Oberfl\u00e4che des Etiketts ist matt, gl\u00e4nzend, ...\",\"breadcrumb\":{\"@id\":\"https:\/\/d-identify.be\/de\/produkt\/etikett-aus-metallisiertem-polyester-38-mm-x-125-mm\/#breadcrumb\"},\"inLanguage\":\"de\",\"potentialAction\":[{\"@type\":\"ReadAction\",\"target\":[\"https:\/\/d-identify.be\/de\/produkt\/etikett-aus-metallisiertem-polyester-38-mm-x-125-mm\/\"]}]},{\"@type\":\"ImageObject\",\"inLanguage\":\"de\",\"@id\":\"https:\/\/d-identify.be\/de\/produkt\/etikett-aus-metallisiertem-polyester-38-mm-x-125-mm\/#primaryimage\",\"url\":\"https:\/\/d-identify.be\/wp-content\/uploads\/2021\/07\/MPS-38x12.5-SV.png\",\"contentUrl\":\"https:\/\/d-identify.be\/wp-content\/uploads\/2021\/07\/MPS-38x12.5-SV.png\",\"width\":1058,\"height\":1058,\"caption\":\"Metallised Polyester label 38mm x 12.5mm\"},{\"@type\":\"BreadcrumbList\",\"@id\":\"https:\/\/d-identify.be\/de\/produkt\/etikett-aus-metallisiertem-polyester-38-mm-x-125-mm\/#breadcrumb\",\"itemListElement\":[{\"@type\":\"ListItem\",\"position\":1,\"name\":\"Home\",\"item\":\"https:\/\/d-identify.be\/de\/home-2\/\"},{\"@type\":\"ListItem\",\"position\":2,\"name\":\"Shop\",\"item\":\"https:\/\/d-identify.be\/shop-2\/\"},{\"@type\":\"ListItem\",\"position\":3,\"name\":\"Etikett aus metallisiertem Polyester, 38 mm x 12,5 mm\"}]},{\"@type\":\"WebSite\",\"@id\":\"https:\/\/d-identify.be\/de\/#website\",\"url\":\"https:\/\/d-identify.be\/de\/\",\"name\":\"d-identify\",\"description\":\"Industrial identification - Lockout - Tagout - Floor marking\",\"potentialAction\":[{\"@type\":\"SearchAction\",\"target\":{\"@type\":\"EntryPoint\",\"urlTemplate\":\"https:\/\/d-identify.be\/de\/?s={search_term_string}\"},\"query-input\":{\"@type\":\"PropertyValueSpecification\",\"valueRequired\":true,\"valueName\":\"search_term_string\"}}],\"inLanguage\":\"de\"}]}<\/script>\n<!-- \/ Yoast SEO Premium plugin. -->","yoast_head_json":{"title":"Etikett aus metallisiertem Polyester, 38 mm x 12,5 mm - d-identify","description":"Selbstklebende Silberetiketten aus metallisiertem Polyester (PET ME) sind die beliebteste Kennzeichnung von Industrieprodukten. Die Oberfl\u00e4che des Etiketts ist matt, gl\u00e4nzend, ...","robots":{"index":"index","follow":"follow","max-snippet":"max-snippet:-1","max-image-preview":"max-image-preview:large","max-video-preview":"max-video-preview:-1"},"canonical":"https:\/\/d-identify.be\/de\/produkt\/etikett-aus-metallisiertem-polyester-38-mm-x-125-mm\/","og_locale":"de_DE","og_type":"article","og_title":"Etikett aus metallisiertem Polyester, 38 mm x 12,5 mm","og_description":"Selbstklebende Silberetiketten aus metallisiertem Polyester (PET ME) sind die beliebteste Kennzeichnung von Industrieprodukten. Die Oberfl\u00e4che des Etiketts ist matt, gl\u00e4nzend, ...","og_url":"https:\/\/d-identify.be\/de\/produkt\/etikett-aus-metallisiertem-polyester-38-mm-x-125-mm\/","og_site_name":"d-identify","og_image":[{"width":1058,"height":1058,"url":"https:\/\/d-identify.be\/wp-content\/uploads\/2021\/07\/MPS-38x12.5-SV.png","type":"image\/png"}],"twitter_card":"summary_large_image","twitter_misc":{"Gesch\u00e4tzte Lesezeit":"1\u00a0Minute"},"schema":{"@context":"https:\/\/schema.org","@graph":[{"@type":"WebPage","@id":"https:\/\/d-identify.be\/de\/produkt\/etikett-aus-metallisiertem-polyester-38-mm-x-125-mm\/","url":"https:\/\/d-identify.be\/de\/produkt\/etikett-aus-metallisiertem-polyester-38-mm-x-125-mm\/","name":"Etikett aus metallisiertem Polyester, 38 mm x 12,5 mm - d-identify","isPartOf":{"@id":"https:\/\/d-identify.be\/de\/#website"},"primaryImageOfPage":{"@id":"https:\/\/d-identify.be\/de\/produkt\/etikett-aus-metallisiertem-polyester-38-mm-x-125-mm\/#primaryimage"},"image":{"@id":"https:\/\/d-identify.be\/de\/produkt\/etikett-aus-metallisiertem-polyester-38-mm-x-125-mm\/#primaryimage"},"thumbnailUrl":"https:\/\/d-identify.be\/wp-content\/uploads\/2021\/07\/MPS-38x12.5-SV.png","datePublished":"2021-07-26T10:40:31+00:00","description":"Selbstklebende Silberetiketten aus metallisiertem Polyester (PET ME) sind die beliebteste Kennzeichnung von Industrieprodukten. Die Oberfl\u00e4che des Etiketts ist matt, gl\u00e4nzend, ...","breadcrumb":{"@id":"https:\/\/d-identify.be\/de\/produkt\/etikett-aus-metallisiertem-polyester-38-mm-x-125-mm\/#breadcrumb"},"inLanguage":"de","potentialAction":[{"@type":"ReadAction","target":["https:\/\/d-identify.be\/de\/produkt\/etikett-aus-metallisiertem-polyester-38-mm-x-125-mm\/"]}]},{"@type":"ImageObject","inLanguage":"de","@id":"https:\/\/d-identify.be\/de\/produkt\/etikett-aus-metallisiertem-polyester-38-mm-x-125-mm\/#primaryimage","url":"https:\/\/d-identify.be\/wp-content\/uploads\/2021\/07\/MPS-38x12.5-SV.png","contentUrl":"https:\/\/d-identify.be\/wp-content\/uploads\/2021\/07\/MPS-38x12.5-SV.png","width":1058,"height":1058,"caption":"Metallised Polyester label 38mm x 12.5mm"},{"@type":"BreadcrumbList","@id":"https:\/\/d-identify.be\/de\/produkt\/etikett-aus-metallisiertem-polyester-38-mm-x-125-mm\/#breadcrumb","itemListElement":[{"@type":"ListItem","position":1,"name":"Home","item":"https:\/\/d-identify.be\/de\/home-2\/"},{"@type":"ListItem","position":2,"name":"Shop","item":"https:\/\/d-identify.be\/shop-2\/"},{"@type":"ListItem","position":3,"name":"Etikett aus metallisiertem Polyester, 38 mm x 12,5 mm"}]},{"@type":"WebSite","@id":"https:\/\/d-identify.be\/de\/#website","url":"https:\/\/d-identify.be\/de\/","name":"d-identify","description":"Industrial identification - Lockout - Tagout - Floor marking","potentialAction":[{"@type":"SearchAction","target":{"@type":"EntryPoint","urlTemplate":"https:\/\/d-identify.be\/de\/?s={search_term_string}"},"query-input":{"@type":"PropertyValueSpecification","valueRequired":true,"valueName":"search_term_string"}}],"inLanguage":"de"}]}},"_links":{"self":[{"href":"https:\/\/d-identify.be\/de\/wp-json\/wp\/v2\/product\/51580","targetHints":{"allow":["GET"]}}],"collection":[{"href":"https:\/\/d-identify.be\/de\/wp-json\/wp\/v2\/product"}],"about":[{"href":"https:\/\/d-identify.be\/de\/wp-json\/wp\/v2\/types\/product"}],"replies":[{"embeddable":true,"href":"https:\/\/d-identify.be\/de\/wp-json\/wp\/v2\/comments?post=51580"}],"wp:featuredmedia":[{"embeddable":true,"href":"https:\/\/d-identify.be\/de\/wp-json\/wp\/v2\/media\/26962"}],"wp:attachment":[{"href":"https:\/\/d-identify.be\/de\/wp-json\/wp\/v2\/media?parent=51580"}],"wp:term":[{"taxonomy":"product_brand","embeddable":true,"href":"https:\/\/d-identify.be\/de\/wp-json\/wp\/v2\/product_brand?post=51580"},{"taxonomy":"product_cat","embeddable":true,"href":"https:\/\/d-identify.be\/de\/wp-json\/wp\/v2\/product_cat?post=51580"},{"taxonomy":"product_tag","embeddable":true,"href":"https:\/\/d-identify.be\/de\/wp-json\/wp\/v2\/product_tag?post=51580"},{"taxonomy":"pa_connextion-shapes","embeddable":true,"href":"https:\/\/d-identify.be\/de\/wp-json\/wp\/v2\/pa_connextion-shapes?post=51580"}],"curies":[{"name":"wp","href":"https:\/\/api.w.org\/{rel}","templated":true}]}}