{"id":51432,"date":"2021-07-26T12:39:12","date_gmt":"2021-07-26T10:39:12","guid":{"rendered":"https:\/\/d-identify.be\/product\/gravurplattenetikett-22-mm-x-22-mm\/"},"modified":"2021-07-26T12:39:12","modified_gmt":"2021-07-26T10:39:12","slug":"gravurplattenetikett-22-mm-x-22-mm","status":"publish","type":"product","link":"https:\/\/d-identify.be\/de\/produkt\/gravurplattenetikett-22-mm-x-22-mm\/","title":{"rendered":"Gravurplattenetikett 22 mm x 22 mm"},"content":{"rendered":"","protected":false},"excerpt":{"rendered":"<p>Diese Gravurplatten-Drucktastenetiketten sind speziell f\u00fcr die Beschriftung von Drucktasten auf Bedienfeldern oder Patchfeldern konzipiert. Sie sind in den praktischen Farben Silber, Rot, Gr\u00fcn, Gelb und Wei\u00df erh\u00e4ltlich. Sie k\u00f6nnen herk\u00f6mmliche gravierte Trafolyte-Etiketten ersetzen.  <\/p>\n","protected":false},"featured_media":27365,"comment_status":"open","ping_status":"closed","template":"","meta":{"_acf_changed":false,"_et_pb_use_builder":"","_et_pb_old_content":"","_et_gb_content_width":""},"product_brand":[],"product_cat":[662,674],"product_tag":[962],"pa_connextion-shapes":[],"class_list":{"0":"post-51432","1":"product","2":"type-product","3":"status-publish","4":"has-post-thumbnail","6":"product_cat-kabelmarkierung","7":"product_cat-resopal-etiketten-gravurschild-ersatzetiketten","8":"product_tag-d-identify-de","10":"first","11":"instock","12":"taxable","13":"shipping-taxable","14":"purchasable","15":"product-type-variable","16":"has-default-attributes"},"exclude_global_add_ons":[],"addons":[],"acf":[],"yoast_head":"<!-- This site is optimized with the Yoast SEO Premium plugin v27.0 (Yoast SEO v27.1) - https:\/\/yoast.com\/product\/yoast-seo-premium-wordpress\/ -->\n<title>Gravurplattenetikett 22 mm x 22 mm - d-identify<\/title>\n<meta name=\"description\" content=\"Diese Etiketten dienen zur Identifizierung von Patchpanels, externen Drucktasten, Schaltern und internen Verbindungspunkten.\" \/>\n<meta name=\"robots\" content=\"index, follow, max-snippet:-1, max-image-preview:large, max-video-preview:-1\" \/>\n<link rel=\"canonical\" href=\"https:\/\/d-identify.be\/de\/produkt\/gravurplattenetikett-22-mm-x-22-mm\/\" \/>\n<meta property=\"og:locale\" content=\"de_DE\" \/>\n<meta property=\"og:type\" content=\"article\" \/>\n<meta property=\"og:title\" content=\"Gravurplattenetikett 22 mm x 22 mm\" \/>\n<meta property=\"og:description\" content=\"Diese Etiketten dienen zur Identifizierung von Patchpanels, externen Drucktasten, Schaltern und internen Verbindungspunkten.\" \/>\n<meta property=\"og:url\" content=\"https:\/\/d-identify.be\/de\/produkt\/gravurplattenetikett-22-mm-x-22-mm\/\" \/>\n<meta property=\"og:site_name\" content=\"d-identify\" \/>\n<meta property=\"og:image\" content=\"https:\/\/d-identify.be\/wp-content\/uploads\/2021\/07\/EPL-22x22-SR.png\" \/>\n\t<meta property=\"og:image:width\" content=\"1058\" \/>\n\t<meta property=\"og:image:height\" content=\"1058\" \/>\n\t<meta property=\"og:image:type\" content=\"image\/png\" \/>\n<meta name=\"twitter:card\" content=\"summary_large_image\" \/>\n<script type=\"application\/ld+json\" class=\"yoast-schema-graph\">{\"@context\":\"https:\/\/schema.org\",\"@graph\":[{\"@type\":\"WebPage\",\"@id\":\"https:\/\/d-identify.be\/de\/produkt\/gravurplattenetikett-22-mm-x-22-mm\/\",\"url\":\"https:\/\/d-identify.be\/de\/produkt\/gravurplattenetikett-22-mm-x-22-mm\/\",\"name\":\"Gravurplattenetikett 22 mm x 22 mm - d-identify\",\"isPartOf\":{\"@id\":\"https:\/\/d-identify.be\/de\/#website\"},\"primaryImageOfPage\":{\"@id\":\"https:\/\/d-identify.be\/de\/produkt\/gravurplattenetikett-22-mm-x-22-mm\/#primaryimage\"},\"image\":{\"@id\":\"https:\/\/d-identify.be\/de\/produkt\/gravurplattenetikett-22-mm-x-22-mm\/#primaryimage\"},\"thumbnailUrl\":\"https:\/\/d-identify.be\/wp-content\/uploads\/2021\/07\/EPL-22x22-SR.png\",\"datePublished\":\"2021-07-26T10:39:12+00:00\",\"description\":\"Diese Etiketten dienen zur Identifizierung von Patchpanels, externen Drucktasten, Schaltern und internen Verbindungspunkten.\",\"breadcrumb\":{\"@id\":\"https:\/\/d-identify.be\/de\/produkt\/gravurplattenetikett-22-mm-x-22-mm\/#breadcrumb\"},\"inLanguage\":\"de\",\"potentialAction\":[{\"@type\":\"ReadAction\",\"target\":[\"https:\/\/d-identify.be\/de\/produkt\/gravurplattenetikett-22-mm-x-22-mm\/\"]}]},{\"@type\":\"ImageObject\",\"inLanguage\":\"de\",\"@id\":\"https:\/\/d-identify.be\/de\/produkt\/gravurplattenetikett-22-mm-x-22-mm\/#primaryimage\",\"url\":\"https:\/\/d-identify.be\/wp-content\/uploads\/2021\/07\/EPL-22x22-SR.png\",\"contentUrl\":\"https:\/\/d-identify.be\/wp-content\/uploads\/2021\/07\/EPL-22x22-SR.png\",\"width\":1058,\"height\":1058,\"caption\":\"Engraving plate label 22mm x 22mm\"},{\"@type\":\"BreadcrumbList\",\"@id\":\"https:\/\/d-identify.be\/de\/produkt\/gravurplattenetikett-22-mm-x-22-mm\/#breadcrumb\",\"itemListElement\":[{\"@type\":\"ListItem\",\"position\":1,\"name\":\"Home\",\"item\":\"https:\/\/d-identify.be\/de\/home-2\/\"},{\"@type\":\"ListItem\",\"position\":2,\"name\":\"Shop\",\"item\":\"https:\/\/d-identify.be\/shop-2\/\"},{\"@type\":\"ListItem\",\"position\":3,\"name\":\"Gravurplattenetikett 22 mm x 22 mm\"}]},{\"@type\":\"WebSite\",\"@id\":\"https:\/\/d-identify.be\/de\/#website\",\"url\":\"https:\/\/d-identify.be\/de\/\",\"name\":\"d-identify\",\"description\":\"Industrial identification - Lockout - Tagout - Floor marking\",\"potentialAction\":[{\"@type\":\"SearchAction\",\"target\":{\"@type\":\"EntryPoint\",\"urlTemplate\":\"https:\/\/d-identify.be\/de\/?s={search_term_string}\"},\"query-input\":{\"@type\":\"PropertyValueSpecification\",\"valueRequired\":true,\"valueName\":\"search_term_string\"}}],\"inLanguage\":\"de\"}]}<\/script>\n<!-- \/ Yoast SEO Premium plugin. -->","yoast_head_json":{"title":"Gravurplattenetikett 22 mm x 22 mm - d-identify","description":"Diese Etiketten dienen zur Identifizierung von Patchpanels, externen Drucktasten, Schaltern und internen Verbindungspunkten.","robots":{"index":"index","follow":"follow","max-snippet":"max-snippet:-1","max-image-preview":"max-image-preview:large","max-video-preview":"max-video-preview:-1"},"canonical":"https:\/\/d-identify.be\/de\/produkt\/gravurplattenetikett-22-mm-x-22-mm\/","og_locale":"de_DE","og_type":"article","og_title":"Gravurplattenetikett 22 mm x 22 mm","og_description":"Diese Etiketten dienen zur Identifizierung von Patchpanels, externen Drucktasten, Schaltern und internen Verbindungspunkten.","og_url":"https:\/\/d-identify.be\/de\/produkt\/gravurplattenetikett-22-mm-x-22-mm\/","og_site_name":"d-identify","og_image":[{"width":1058,"height":1058,"url":"https:\/\/d-identify.be\/wp-content\/uploads\/2021\/07\/EPL-22x22-SR.png","type":"image\/png"}],"twitter_card":"summary_large_image","schema":{"@context":"https:\/\/schema.org","@graph":[{"@type":"WebPage","@id":"https:\/\/d-identify.be\/de\/produkt\/gravurplattenetikett-22-mm-x-22-mm\/","url":"https:\/\/d-identify.be\/de\/produkt\/gravurplattenetikett-22-mm-x-22-mm\/","name":"Gravurplattenetikett 22 mm x 22 mm - d-identify","isPartOf":{"@id":"https:\/\/d-identify.be\/de\/#website"},"primaryImageOfPage":{"@id":"https:\/\/d-identify.be\/de\/produkt\/gravurplattenetikett-22-mm-x-22-mm\/#primaryimage"},"image":{"@id":"https:\/\/d-identify.be\/de\/produkt\/gravurplattenetikett-22-mm-x-22-mm\/#primaryimage"},"thumbnailUrl":"https:\/\/d-identify.be\/wp-content\/uploads\/2021\/07\/EPL-22x22-SR.png","datePublished":"2021-07-26T10:39:12+00:00","description":"Diese Etiketten dienen zur Identifizierung von Patchpanels, externen Drucktasten, Schaltern und internen Verbindungspunkten.","breadcrumb":{"@id":"https:\/\/d-identify.be\/de\/produkt\/gravurplattenetikett-22-mm-x-22-mm\/#breadcrumb"},"inLanguage":"de","potentialAction":[{"@type":"ReadAction","target":["https:\/\/d-identify.be\/de\/produkt\/gravurplattenetikett-22-mm-x-22-mm\/"]}]},{"@type":"ImageObject","inLanguage":"de","@id":"https:\/\/d-identify.be\/de\/produkt\/gravurplattenetikett-22-mm-x-22-mm\/#primaryimage","url":"https:\/\/d-identify.be\/wp-content\/uploads\/2021\/07\/EPL-22x22-SR.png","contentUrl":"https:\/\/d-identify.be\/wp-content\/uploads\/2021\/07\/EPL-22x22-SR.png","width":1058,"height":1058,"caption":"Engraving plate label 22mm x 22mm"},{"@type":"BreadcrumbList","@id":"https:\/\/d-identify.be\/de\/produkt\/gravurplattenetikett-22-mm-x-22-mm\/#breadcrumb","itemListElement":[{"@type":"ListItem","position":1,"name":"Home","item":"https:\/\/d-identify.be\/de\/home-2\/"},{"@type":"ListItem","position":2,"name":"Shop","item":"https:\/\/d-identify.be\/shop-2\/"},{"@type":"ListItem","position":3,"name":"Gravurplattenetikett 22 mm x 22 mm"}]},{"@type":"WebSite","@id":"https:\/\/d-identify.be\/de\/#website","url":"https:\/\/d-identify.be\/de\/","name":"d-identify","description":"Industrial identification - Lockout - Tagout - Floor marking","potentialAction":[{"@type":"SearchAction","target":{"@type":"EntryPoint","urlTemplate":"https:\/\/d-identify.be\/de\/?s={search_term_string}"},"query-input":{"@type":"PropertyValueSpecification","valueRequired":true,"valueName":"search_term_string"}}],"inLanguage":"de"}]}},"_links":{"self":[{"href":"https:\/\/d-identify.be\/de\/wp-json\/wp\/v2\/product\/51432","targetHints":{"allow":["GET"]}}],"collection":[{"href":"https:\/\/d-identify.be\/de\/wp-json\/wp\/v2\/product"}],"about":[{"href":"https:\/\/d-identify.be\/de\/wp-json\/wp\/v2\/types\/product"}],"replies":[{"embeddable":true,"href":"https:\/\/d-identify.be\/de\/wp-json\/wp\/v2\/comments?post=51432"}],"wp:featuredmedia":[{"embeddable":true,"href":"https:\/\/d-identify.be\/de\/wp-json\/wp\/v2\/media\/27365"}],"wp:attachment":[{"href":"https:\/\/d-identify.be\/de\/wp-json\/wp\/v2\/media?parent=51432"}],"wp:term":[{"taxonomy":"product_brand","embeddable":true,"href":"https:\/\/d-identify.be\/de\/wp-json\/wp\/v2\/product_brand?post=51432"},{"taxonomy":"product_cat","embeddable":true,"href":"https:\/\/d-identify.be\/de\/wp-json\/wp\/v2\/product_cat?post=51432"},{"taxonomy":"product_tag","embeddable":true,"href":"https:\/\/d-identify.be\/de\/wp-json\/wp\/v2\/product_tag?post=51432"},{"taxonomy":"pa_connextion-shapes","embeddable":true,"href":"https:\/\/d-identify.be\/de\/wp-json\/wp\/v2\/pa_connextion-shapes?post=51432"}],"curies":[{"name":"wp","href":"https:\/\/api.w.org\/{rel}","templated":true}]}}