{"id":51178,"date":"2021-07-26T12:38:49","date_gmt":"2021-07-26T10:38:49","guid":{"rendered":"https:\/\/d-identify.be\/product\/cryo-laser-36x14mm\/"},"modified":"2021-07-26T12:38:49","modified_gmt":"2021-07-26T10:38:49","slug":"cryo-laser-36x14mm","status":"publish","type":"product","link":"https:\/\/d-identify.be\/de\/produkt\/cryo-laser-36x14mm\/","title":{"rendered":"Cryo Laser 36x14mm"},"content":{"rendered":"<p>Kryo-Etiketten werden im A4-Blattformat zum Drucken mit Desktop-Laserdruckern bereitgestellt. Es ist mit einem einzigartigen Kryo-Klebstoff beschichtet.  Die wasserdichten Thermoplast-Etiketten wurden speziell f\u00fcr die dauerhafte Haftung auf Fl\u00e4schchen, Tuben und Gefrierboxen entwickelt. Sowie Kryoboxen aus Polycarbonat und andere Beh\u00e4lter, die einer langfristigen Tiefk\u00fchllagerung oder dem Versand auf Trockeneis unterzogen werden.  Die kryogenen Etiketten sind verschlei\u00dffest; keine Druckerstaus verursachen; best\u00e4ndig gegen UV- und Gammastrahlung.<\/p>\n","protected":false},"excerpt":{"rendered":"<p>Kryo-Etiketten werden im A4-Blattformat zum Drucken mit Desktop-Laserdruckern bereitgestellt. Es ist mit einem einzigartigen Kryo-Klebstoff beschichtet.  Die wasserdichten Thermoplast-Etiketten wurden speziell f\u00fcr die dauerhafte Haftung auf Fl\u00e4schchen, Tuben und Gefrierboxen entwickelt. Sowie Kryoboxen aus Polycarbonat und andere Beh\u00e4lter, die einer langfristigen Tiefk\u00fchllagerung oder dem Versand auf Trockeneis unterzogen werden.  Die kryogenen Etiketten sind verschlei\u00dffest; keine Druckerstaus verursachen; best\u00e4ndig gegen UV- und Gammastrahlung.<\/p>\n","protected":false},"featured_media":27467,"comment_status":"open","ping_status":"closed","template":"","meta":{"_acf_changed":false,"_et_pb_use_builder":"","_et_pb_old_content":"","_et_gb_content_width":""},"product_brand":[],"product_cat":[684,702],"product_tag":[],"pa_connextion-shapes":[],"class_list":{"0":"post-51178","1":"product","2":"type-product","3":"status-publish","4":"has-post-thumbnail","6":"product_cat-laboratoriumsetiketten","7":"product_cat-laser-a4-blattetiketten","9":"first","10":"instock","11":"taxable","12":"shipping-taxable","13":"purchasable","14":"product-type-simple"},"exclude_global_add_ons":[],"addons":[],"acf":[],"yoast_head":"<!-- This site is optimized with the Yoast SEO Premium plugin v27.0 (Yoast SEO v27.1) - https:\/\/yoast.com\/product\/yoast-seo-premium-wordpress\/ -->\n<title>Cryo Laser 36x14mm - d-identify<\/title>\n<meta name=\"description\" content=\"Kryo-Etiketten werden im A4-Blattformat zum Drucken mit Desktop-Laserdruckern bereitgestellt. Es ist mit einem einzigartigen Kryo-Klebstoff beschichtet.\" \/>\n<meta name=\"robots\" content=\"index, follow, max-snippet:-1, max-image-preview:large, max-video-preview:-1\" \/>\n<link rel=\"canonical\" href=\"https:\/\/d-identify.be\/de\/produkt\/cryo-laser-36x14mm\/\" \/>\n<meta property=\"og:locale\" content=\"de_DE\" \/>\n<meta property=\"og:type\" content=\"article\" \/>\n<meta property=\"og:title\" content=\"Cryo Laser 36x14mm\" \/>\n<meta property=\"og:description\" content=\"Kryo-Etiketten werden im A4-Blattformat zum Drucken mit Desktop-Laserdruckern bereitgestellt. Es ist mit einem einzigartigen Kryo-Klebstoff beschichtet.\" \/>\n<meta property=\"og:url\" content=\"https:\/\/d-identify.be\/de\/produkt\/cryo-laser-36x14mm\/\" \/>\n<meta property=\"og:site_name\" content=\"d-identify\" \/>\n<meta property=\"og:image\" content=\"https:\/\/d-identify.be\/wp-content\/uploads\/2021\/07\/Templ_1.png\" \/>\n\t<meta property=\"og:image:width\" content=\"360\" \/>\n\t<meta property=\"og:image:height\" content=\"504\" \/>\n\t<meta property=\"og:image:type\" content=\"image\/png\" \/>\n<meta name=\"twitter:card\" content=\"summary_large_image\" \/>\n<script type=\"application\/ld+json\" class=\"yoast-schema-graph\">{\"@context\":\"https:\/\/schema.org\",\"@graph\":[{\"@type\":\"WebPage\",\"@id\":\"https:\/\/d-identify.be\/de\/produkt\/cryo-laser-36x14mm\/\",\"url\":\"https:\/\/d-identify.be\/de\/produkt\/cryo-laser-36x14mm\/\",\"name\":\"Cryo Laser 36x14mm - d-identify\",\"isPartOf\":{\"@id\":\"https:\/\/d-identify.be\/de\/#website\"},\"primaryImageOfPage\":{\"@id\":\"https:\/\/d-identify.be\/de\/produkt\/cryo-laser-36x14mm\/#primaryimage\"},\"image\":{\"@id\":\"https:\/\/d-identify.be\/de\/produkt\/cryo-laser-36x14mm\/#primaryimage\"},\"thumbnailUrl\":\"https:\/\/d-identify.be\/wp-content\/uploads\/2021\/07\/Templ_1.png\",\"datePublished\":\"2021-07-26T10:38:49+00:00\",\"description\":\"Kryo-Etiketten werden im A4-Blattformat zum Drucken mit Desktop-Laserdruckern bereitgestellt. Es ist mit einem einzigartigen Kryo-Klebstoff beschichtet.\",\"breadcrumb\":{\"@id\":\"https:\/\/d-identify.be\/de\/produkt\/cryo-laser-36x14mm\/#breadcrumb\"},\"inLanguage\":\"de\",\"potentialAction\":[{\"@type\":\"ReadAction\",\"target\":[\"https:\/\/d-identify.be\/de\/produkt\/cryo-laser-36x14mm\/\"]}]},{\"@type\":\"ImageObject\",\"inLanguage\":\"de\",\"@id\":\"https:\/\/d-identify.be\/de\/produkt\/cryo-laser-36x14mm\/#primaryimage\",\"url\":\"https:\/\/d-identify.be\/wp-content\/uploads\/2021\/07\/Templ_1.png\",\"contentUrl\":\"https:\/\/d-identify.be\/wp-content\/uploads\/2021\/07\/Templ_1.png\",\"width\":360,\"height\":504,\"caption\":\"Cryo Laser 36x14mm\"},{\"@type\":\"BreadcrumbList\",\"@id\":\"https:\/\/d-identify.be\/de\/produkt\/cryo-laser-36x14mm\/#breadcrumb\",\"itemListElement\":[{\"@type\":\"ListItem\",\"position\":1,\"name\":\"Home\",\"item\":\"https:\/\/d-identify.be\/de\/home-2\/\"},{\"@type\":\"ListItem\",\"position\":2,\"name\":\"Shop\",\"item\":\"https:\/\/d-identify.be\/shop-2\/\"},{\"@type\":\"ListItem\",\"position\":3,\"name\":\"Cryo Laser 36x14mm\"}]},{\"@type\":\"WebSite\",\"@id\":\"https:\/\/d-identify.be\/de\/#website\",\"url\":\"https:\/\/d-identify.be\/de\/\",\"name\":\"d-identify\",\"description\":\"Industrial identification - Lockout - Tagout - Floor marking\",\"potentialAction\":[{\"@type\":\"SearchAction\",\"target\":{\"@type\":\"EntryPoint\",\"urlTemplate\":\"https:\/\/d-identify.be\/de\/?s={search_term_string}\"},\"query-input\":{\"@type\":\"PropertyValueSpecification\",\"valueRequired\":true,\"valueName\":\"search_term_string\"}}],\"inLanguage\":\"de\"}]}<\/script>\n<!-- \/ Yoast SEO Premium plugin. -->","yoast_head_json":{"title":"Cryo Laser 36x14mm - d-identify","description":"Kryo-Etiketten werden im A4-Blattformat zum Drucken mit Desktop-Laserdruckern bereitgestellt. Es ist mit einem einzigartigen Kryo-Klebstoff beschichtet.","robots":{"index":"index","follow":"follow","max-snippet":"max-snippet:-1","max-image-preview":"max-image-preview:large","max-video-preview":"max-video-preview:-1"},"canonical":"https:\/\/d-identify.be\/de\/produkt\/cryo-laser-36x14mm\/","og_locale":"de_DE","og_type":"article","og_title":"Cryo Laser 36x14mm","og_description":"Kryo-Etiketten werden im A4-Blattformat zum Drucken mit Desktop-Laserdruckern bereitgestellt. Es ist mit einem einzigartigen Kryo-Klebstoff beschichtet.","og_url":"https:\/\/d-identify.be\/de\/produkt\/cryo-laser-36x14mm\/","og_site_name":"d-identify","og_image":[{"width":360,"height":504,"url":"https:\/\/d-identify.be\/wp-content\/uploads\/2021\/07\/Templ_1.png","type":"image\/png"}],"twitter_card":"summary_large_image","schema":{"@context":"https:\/\/schema.org","@graph":[{"@type":"WebPage","@id":"https:\/\/d-identify.be\/de\/produkt\/cryo-laser-36x14mm\/","url":"https:\/\/d-identify.be\/de\/produkt\/cryo-laser-36x14mm\/","name":"Cryo Laser 36x14mm - d-identify","isPartOf":{"@id":"https:\/\/d-identify.be\/de\/#website"},"primaryImageOfPage":{"@id":"https:\/\/d-identify.be\/de\/produkt\/cryo-laser-36x14mm\/#primaryimage"},"image":{"@id":"https:\/\/d-identify.be\/de\/produkt\/cryo-laser-36x14mm\/#primaryimage"},"thumbnailUrl":"https:\/\/d-identify.be\/wp-content\/uploads\/2021\/07\/Templ_1.png","datePublished":"2021-07-26T10:38:49+00:00","description":"Kryo-Etiketten werden im A4-Blattformat zum Drucken mit Desktop-Laserdruckern bereitgestellt. Es ist mit einem einzigartigen Kryo-Klebstoff beschichtet.","breadcrumb":{"@id":"https:\/\/d-identify.be\/de\/produkt\/cryo-laser-36x14mm\/#breadcrumb"},"inLanguage":"de","potentialAction":[{"@type":"ReadAction","target":["https:\/\/d-identify.be\/de\/produkt\/cryo-laser-36x14mm\/"]}]},{"@type":"ImageObject","inLanguage":"de","@id":"https:\/\/d-identify.be\/de\/produkt\/cryo-laser-36x14mm\/#primaryimage","url":"https:\/\/d-identify.be\/wp-content\/uploads\/2021\/07\/Templ_1.png","contentUrl":"https:\/\/d-identify.be\/wp-content\/uploads\/2021\/07\/Templ_1.png","width":360,"height":504,"caption":"Cryo Laser 36x14mm"},{"@type":"BreadcrumbList","@id":"https:\/\/d-identify.be\/de\/produkt\/cryo-laser-36x14mm\/#breadcrumb","itemListElement":[{"@type":"ListItem","position":1,"name":"Home","item":"https:\/\/d-identify.be\/de\/home-2\/"},{"@type":"ListItem","position":2,"name":"Shop","item":"https:\/\/d-identify.be\/shop-2\/"},{"@type":"ListItem","position":3,"name":"Cryo Laser 36x14mm"}]},{"@type":"WebSite","@id":"https:\/\/d-identify.be\/de\/#website","url":"https:\/\/d-identify.be\/de\/","name":"d-identify","description":"Industrial identification - Lockout - Tagout - Floor marking","potentialAction":[{"@type":"SearchAction","target":{"@type":"EntryPoint","urlTemplate":"https:\/\/d-identify.be\/de\/?s={search_term_string}"},"query-input":{"@type":"PropertyValueSpecification","valueRequired":true,"valueName":"search_term_string"}}],"inLanguage":"de"}]}},"_links":{"self":[{"href":"https:\/\/d-identify.be\/de\/wp-json\/wp\/v2\/product\/51178","targetHints":{"allow":["GET"]}}],"collection":[{"href":"https:\/\/d-identify.be\/de\/wp-json\/wp\/v2\/product"}],"about":[{"href":"https:\/\/d-identify.be\/de\/wp-json\/wp\/v2\/types\/product"}],"replies":[{"embeddable":true,"href":"https:\/\/d-identify.be\/de\/wp-json\/wp\/v2\/comments?post=51178"}],"wp:featuredmedia":[{"embeddable":true,"href":"https:\/\/d-identify.be\/de\/wp-json\/wp\/v2\/media\/27467"}],"wp:attachment":[{"href":"https:\/\/d-identify.be\/de\/wp-json\/wp\/v2\/media?parent=51178"}],"wp:term":[{"taxonomy":"product_brand","embeddable":true,"href":"https:\/\/d-identify.be\/de\/wp-json\/wp\/v2\/product_brand?post=51178"},{"taxonomy":"product_cat","embeddable":true,"href":"https:\/\/d-identify.be\/de\/wp-json\/wp\/v2\/product_cat?post=51178"},{"taxonomy":"product_tag","embeddable":true,"href":"https:\/\/d-identify.be\/de\/wp-json\/wp\/v2\/product_tag?post=51178"},{"taxonomy":"pa_connextion-shapes","embeddable":true,"href":"https:\/\/d-identify.be\/de\/wp-json\/wp\/v2\/pa_connextion-shapes?post=51178"}],"curies":[{"name":"wp","href":"https:\/\/api.w.org\/{rel}","templated":true}]}}