{"id":51134,"date":"2021-07-26T12:41:34","date_gmt":"2021-07-26T10:41:34","guid":{"rendered":"https:\/\/d-identify.be\/product\/selbstlaminierendes-etikett-228-mm-x-127-mm-127-mm\/"},"modified":"2021-07-26T12:41:34","modified_gmt":"2021-07-26T10:41:34","slug":"selbstlaminierendes-etikett-228-mm-x-127-mm-127-mm","status":"publish","type":"product","link":"https:\/\/d-identify.be\/de\/produkt\/selbstlaminierendes-etikett-228-mm-x-127-mm-127-mm\/","title":{"rendered":"Selbstlaminierendes Etikett 22,8 mm x 12,7 mm + 12,7 mm"},"content":{"rendered":"<h5><strong>Spezifikationen<\/strong><\/h5>\n<h3>Kryogene Thermotransfer-Wickeletiketten<\/h3>\n<p><strong>Gr\u00f6\u00dfe:<\/strong> 22,86 mm x 12,7 mm + 12,7 mm Ummantelung<br \/>\n<strong>Beschriftung quer: <\/strong>1<br \/>\n<strong>Farbe:<\/strong> Wei\u00df + transparent<br \/>\n<strong>Etiketten\/Rolle: <\/strong>2.000<br \/>\n<strong>Kerndurchmesser: <\/strong>25 mm<br \/>\n<strong>Perforation:<\/strong> Nein<br \/>\n<strong>Markierung:<\/strong> Kerbe, Schlitz hinten<br \/>\n<strong>Temperaturbereich:<\/strong> -196 \u00b0C bis +100 \u00b0C<\/p>\n","protected":false},"excerpt":{"rendered":"<p>Kryokompatible, selbstlaminierende Etiketten sch\u00fctzen die gedruckten Informationen vor Alkohol, Bleichmittel, DMSO und Reinigungsmitteln. Dadurch soll die sichere Identifizierung von R\u00f6hrchen, Kryor\u00f6hrchen und Verschl\u00fcssen gew\u00e4hrleistet werden. Etiketten k\u00f6nnen mit Kryomarkern beschrieben und mit Thermotransferdruckern aller g\u00e4ngigen Marken bedruckt werden.  <\/p>\n","protected":false},"featured_media":26614,"comment_status":"open","ping_status":"closed","template":"","meta":{"_acf_changed":false,"_et_pb_use_builder":"","_et_pb_old_content":"","_et_gb_content_width":""},"product_brand":[],"product_cat":[684,699],"product_tag":[],"pa_connextion-shapes":[],"class_list":{"0":"post-51134","1":"product","2":"type-product","3":"status-publish","4":"has-post-thumbnail","6":"product_cat-laboratoriumsetiketten","7":"product_cat-selbstlaminierende-cryo-etiketten","9":"first","10":"instock","11":"taxable","12":"shipping-taxable","13":"purchasable","14":"product-type-variable","15":"has-default-attributes"},"exclude_global_add_ons":[],"addons":[],"acf":[],"yoast_head":"<!-- This site is optimized with the Yoast SEO Premium plugin v27.0 (Yoast SEO v27.1) - https:\/\/yoast.com\/product\/yoast-seo-premium-wordpress\/ -->\n<title>Selbstlaminierendes Etikett 22,8 x 12,7 mm + 12,7 mm<\/title>\n<meta name=\"description\" content=\"Kryokompatible, selbstlaminierende Etiketten sch\u00fctzen die gedruckten Informationen vor Alkohol, Bleichmittel, DMSO und Reinigungsmitteln. Dies soll die Sicherheit gew\u00e4hrleisten...\" \/>\n<meta name=\"robots\" content=\"index, follow, max-snippet:-1, max-image-preview:large, max-video-preview:-1\" \/>\n<link rel=\"canonical\" href=\"https:\/\/d-identify.be\/de\/produkt\/selbstlaminierendes-etikett-228-mm-x-127-mm-127-mm\/\" \/>\n<meta property=\"og:locale\" content=\"de_DE\" \/>\n<meta property=\"og:type\" content=\"article\" \/>\n<meta property=\"og:title\" content=\"Selbstlaminierendes Etikett 22,8 mm x 12,7 mm + 12,7 mm\" \/>\n<meta property=\"og:description\" content=\"Kryokompatible, selbstlaminierende Etiketten sch\u00fctzen die gedruckten Informationen vor Alkohol, Bleichmittel, DMSO und Reinigungsmitteln. Dies soll die Sicherheit gew\u00e4hrleisten...\" \/>\n<meta property=\"og:url\" content=\"https:\/\/d-identify.be\/de\/produkt\/selbstlaminierendes-etikett-228-mm-x-127-mm-127-mm\/\" \/>\n<meta property=\"og:site_name\" content=\"d-identify\" \/>\n<meta property=\"og:image\" content=\"https:\/\/d-identify.be\/wp-content\/uploads\/2021\/07\/CRWR-22.8x12.7_12.7-1K-WH.png\" \/>\n\t<meta property=\"og:image:width\" content=\"907\" \/>\n\t<meta property=\"og:image:height\" content=\"907\" \/>\n\t<meta property=\"og:image:type\" content=\"image\/png\" \/>\n<meta name=\"twitter:card\" content=\"summary_large_image\" \/>\n<script type=\"application\/ld+json\" class=\"yoast-schema-graph\">{\"@context\":\"https:\/\/schema.org\",\"@graph\":[{\"@type\":\"WebPage\",\"@id\":\"https:\/\/d-identify.be\/de\/produkt\/selbstlaminierendes-etikett-228-mm-x-127-mm-127-mm\/\",\"url\":\"https:\/\/d-identify.be\/de\/produkt\/selbstlaminierendes-etikett-228-mm-x-127-mm-127-mm\/\",\"name\":\"Selbstlaminierendes Etikett 22,8 x 12,7 mm + 12,7 mm\",\"isPartOf\":{\"@id\":\"https:\/\/d-identify.be\/de\/#website\"},\"primaryImageOfPage\":{\"@id\":\"https:\/\/d-identify.be\/de\/produkt\/selbstlaminierendes-etikett-228-mm-x-127-mm-127-mm\/#primaryimage\"},\"image\":{\"@id\":\"https:\/\/d-identify.be\/de\/produkt\/selbstlaminierendes-etikett-228-mm-x-127-mm-127-mm\/#primaryimage\"},\"thumbnailUrl\":\"https:\/\/d-identify.be\/wp-content\/uploads\/2021\/07\/CRWR-22.8x12.7_12.7-1K-WH.png\",\"datePublished\":\"2021-07-26T10:41:34+00:00\",\"description\":\"Kryokompatible, selbstlaminierende Etiketten sch\u00fctzen die gedruckten Informationen vor Alkohol, Bleichmittel, DMSO und Reinigungsmitteln. Dies soll die Sicherheit gew\u00e4hrleisten...\",\"breadcrumb\":{\"@id\":\"https:\/\/d-identify.be\/de\/produkt\/selbstlaminierendes-etikett-228-mm-x-127-mm-127-mm\/#breadcrumb\"},\"inLanguage\":\"de\",\"potentialAction\":[{\"@type\":\"ReadAction\",\"target\":[\"https:\/\/d-identify.be\/de\/produkt\/selbstlaminierendes-etikett-228-mm-x-127-mm-127-mm\/\"]}]},{\"@type\":\"ImageObject\",\"inLanguage\":\"de\",\"@id\":\"https:\/\/d-identify.be\/de\/produkt\/selbstlaminierendes-etikett-228-mm-x-127-mm-127-mm\/#primaryimage\",\"url\":\"https:\/\/d-identify.be\/wp-content\/uploads\/2021\/07\/CRWR-22.8x12.7_12.7-1K-WH.png\",\"contentUrl\":\"https:\/\/d-identify.be\/wp-content\/uploads\/2021\/07\/CRWR-22.8x12.7_12.7-1K-WH.png\",\"width\":907,\"height\":907,\"caption\":\"Self Laminating label 22.8mm x 12.7mm +12.7mm\"},{\"@type\":\"BreadcrumbList\",\"@id\":\"https:\/\/d-identify.be\/de\/produkt\/selbstlaminierendes-etikett-228-mm-x-127-mm-127-mm\/#breadcrumb\",\"itemListElement\":[{\"@type\":\"ListItem\",\"position\":1,\"name\":\"Home\",\"item\":\"https:\/\/d-identify.be\/de\/home-2\/\"},{\"@type\":\"ListItem\",\"position\":2,\"name\":\"Shop\",\"item\":\"https:\/\/d-identify.be\/shop-2\/\"},{\"@type\":\"ListItem\",\"position\":3,\"name\":\"Selbstlaminierendes Etikett 22,8 mm x 12,7 mm + 12,7 mm\"}]},{\"@type\":\"WebSite\",\"@id\":\"https:\/\/d-identify.be\/de\/#website\",\"url\":\"https:\/\/d-identify.be\/de\/\",\"name\":\"d-identify\",\"description\":\"Industrial identification - Lockout - Tagout - Floor marking\",\"potentialAction\":[{\"@type\":\"SearchAction\",\"target\":{\"@type\":\"EntryPoint\",\"urlTemplate\":\"https:\/\/d-identify.be\/de\/?s={search_term_string}\"},\"query-input\":{\"@type\":\"PropertyValueSpecification\",\"valueRequired\":true,\"valueName\":\"search_term_string\"}}],\"inLanguage\":\"de\"}]}<\/script>\n<!-- \/ Yoast SEO Premium plugin. -->","yoast_head_json":{"title":"Selbstlaminierendes Etikett 22,8 x 12,7 mm + 12,7 mm","description":"Kryokompatible, selbstlaminierende Etiketten sch\u00fctzen die gedruckten Informationen vor Alkohol, Bleichmittel, DMSO und Reinigungsmitteln. Dies soll die Sicherheit gew\u00e4hrleisten...","robots":{"index":"index","follow":"follow","max-snippet":"max-snippet:-1","max-image-preview":"max-image-preview:large","max-video-preview":"max-video-preview:-1"},"canonical":"https:\/\/d-identify.be\/de\/produkt\/selbstlaminierendes-etikett-228-mm-x-127-mm-127-mm\/","og_locale":"de_DE","og_type":"article","og_title":"Selbstlaminierendes Etikett 22,8 mm x 12,7 mm + 12,7 mm","og_description":"Kryokompatible, selbstlaminierende Etiketten sch\u00fctzen die gedruckten Informationen vor Alkohol, Bleichmittel, DMSO und Reinigungsmitteln. Dies soll die Sicherheit gew\u00e4hrleisten...","og_url":"https:\/\/d-identify.be\/de\/produkt\/selbstlaminierendes-etikett-228-mm-x-127-mm-127-mm\/","og_site_name":"d-identify","og_image":[{"width":907,"height":907,"url":"https:\/\/d-identify.be\/wp-content\/uploads\/2021\/07\/CRWR-22.8x12.7_12.7-1K-WH.png","type":"image\/png"}],"twitter_card":"summary_large_image","schema":{"@context":"https:\/\/schema.org","@graph":[{"@type":"WebPage","@id":"https:\/\/d-identify.be\/de\/produkt\/selbstlaminierendes-etikett-228-mm-x-127-mm-127-mm\/","url":"https:\/\/d-identify.be\/de\/produkt\/selbstlaminierendes-etikett-228-mm-x-127-mm-127-mm\/","name":"Selbstlaminierendes Etikett 22,8 x 12,7 mm + 12,7 mm","isPartOf":{"@id":"https:\/\/d-identify.be\/de\/#website"},"primaryImageOfPage":{"@id":"https:\/\/d-identify.be\/de\/produkt\/selbstlaminierendes-etikett-228-mm-x-127-mm-127-mm\/#primaryimage"},"image":{"@id":"https:\/\/d-identify.be\/de\/produkt\/selbstlaminierendes-etikett-228-mm-x-127-mm-127-mm\/#primaryimage"},"thumbnailUrl":"https:\/\/d-identify.be\/wp-content\/uploads\/2021\/07\/CRWR-22.8x12.7_12.7-1K-WH.png","datePublished":"2021-07-26T10:41:34+00:00","description":"Kryokompatible, selbstlaminierende Etiketten sch\u00fctzen die gedruckten Informationen vor Alkohol, Bleichmittel, DMSO und Reinigungsmitteln. Dies soll die Sicherheit gew\u00e4hrleisten...","breadcrumb":{"@id":"https:\/\/d-identify.be\/de\/produkt\/selbstlaminierendes-etikett-228-mm-x-127-mm-127-mm\/#breadcrumb"},"inLanguage":"de","potentialAction":[{"@type":"ReadAction","target":["https:\/\/d-identify.be\/de\/produkt\/selbstlaminierendes-etikett-228-mm-x-127-mm-127-mm\/"]}]},{"@type":"ImageObject","inLanguage":"de","@id":"https:\/\/d-identify.be\/de\/produkt\/selbstlaminierendes-etikett-228-mm-x-127-mm-127-mm\/#primaryimage","url":"https:\/\/d-identify.be\/wp-content\/uploads\/2021\/07\/CRWR-22.8x12.7_12.7-1K-WH.png","contentUrl":"https:\/\/d-identify.be\/wp-content\/uploads\/2021\/07\/CRWR-22.8x12.7_12.7-1K-WH.png","width":907,"height":907,"caption":"Self Laminating label 22.8mm x 12.7mm +12.7mm"},{"@type":"BreadcrumbList","@id":"https:\/\/d-identify.be\/de\/produkt\/selbstlaminierendes-etikett-228-mm-x-127-mm-127-mm\/#breadcrumb","itemListElement":[{"@type":"ListItem","position":1,"name":"Home","item":"https:\/\/d-identify.be\/de\/home-2\/"},{"@type":"ListItem","position":2,"name":"Shop","item":"https:\/\/d-identify.be\/shop-2\/"},{"@type":"ListItem","position":3,"name":"Selbstlaminierendes Etikett 22,8 mm x 12,7 mm + 12,7 mm"}]},{"@type":"WebSite","@id":"https:\/\/d-identify.be\/de\/#website","url":"https:\/\/d-identify.be\/de\/","name":"d-identify","description":"Industrial identification - Lockout - Tagout - Floor marking","potentialAction":[{"@type":"SearchAction","target":{"@type":"EntryPoint","urlTemplate":"https:\/\/d-identify.be\/de\/?s={search_term_string}"},"query-input":{"@type":"PropertyValueSpecification","valueRequired":true,"valueName":"search_term_string"}}],"inLanguage":"de"}]}},"_links":{"self":[{"href":"https:\/\/d-identify.be\/de\/wp-json\/wp\/v2\/product\/51134","targetHints":{"allow":["GET"]}}],"collection":[{"href":"https:\/\/d-identify.be\/de\/wp-json\/wp\/v2\/product"}],"about":[{"href":"https:\/\/d-identify.be\/de\/wp-json\/wp\/v2\/types\/product"}],"replies":[{"embeddable":true,"href":"https:\/\/d-identify.be\/de\/wp-json\/wp\/v2\/comments?post=51134"}],"wp:featuredmedia":[{"embeddable":true,"href":"https:\/\/d-identify.be\/de\/wp-json\/wp\/v2\/media\/26614"}],"wp:attachment":[{"href":"https:\/\/d-identify.be\/de\/wp-json\/wp\/v2\/media?parent=51134"}],"wp:term":[{"taxonomy":"product_brand","embeddable":true,"href":"https:\/\/d-identify.be\/de\/wp-json\/wp\/v2\/product_brand?post=51134"},{"taxonomy":"product_cat","embeddable":true,"href":"https:\/\/d-identify.be\/de\/wp-json\/wp\/v2\/product_cat?post=51134"},{"taxonomy":"product_tag","embeddable":true,"href":"https:\/\/d-identify.be\/de\/wp-json\/wp\/v2\/product_tag?post=51134"},{"taxonomy":"pa_connextion-shapes","embeddable":true,"href":"https:\/\/d-identify.be\/de\/wp-json\/wp\/v2\/pa_connextion-shapes?post=51134"}],"curies":[{"name":"wp","href":"https:\/\/api.w.org\/{rel}","templated":true}]}}