{"id":50964,"date":"2021-07-26T12:38:51","date_gmt":"2021-07-26T10:38:51","guid":{"rendered":"https:\/\/d-identify.be\/product\/kryo-metallregaletikett-445-mm-x-127-mm\/"},"modified":"2021-07-26T12:38:51","modified_gmt":"2021-07-26T10:38:51","slug":"kryo-metallregaletikett-445-mm-x-127-mm","status":"publish","type":"product","link":"https:\/\/d-identify.be\/de\/produkt\/kryo-metallregaletikett-445-mm-x-127-mm\/","title":{"rendered":"Kryo-Metallregaletikett 44,5 mm x 12,7 mm"},"content":{"rendered":"<p>Kryogene Thermotransferetiketten zur Kennzeichnung von Metallgestellen, Aluminiumkassetten, R\u00f6ntgenfilmkassetten, Filmdosen, Aluminiumfl\u00e4schchen und anderen Metallgegenst\u00e4nden. Sie eignen sich auch ideal zum Beschriften von Kryoboxen aus Polycarbonat. F\u00fcr die Langzeitlagerung in fl\u00fcssiger Phase vorgesehen. Auch f\u00fcr fl\u00fcssigen Stickstoff in der Dampfphase (-196 \u00b0C), Gefrierkammern und andere raue Kryoumgebungen.   <\/p>\n<p>Unsere MetaliTAG\u2122-Etiketten sind in mehreren Abmessungen und Farben erh\u00e4ltlich. Kann oben und an den Seiten von Regalen angebracht werden, um diese und ihren Inhalt leicht zu identifizieren. Bedruckbar mit Thermotransferdruckern aller gro\u00dfen Marken.  <\/p>\n","protected":false},"excerpt":{"rendered":"<p>Kryogene Thermotransferetiketten zur Kennzeichnung von Metallgestellen, Aluminiumkassetten, R\u00f6ntgenfilmkassetten, Filmdosen, Aluminiumfl\u00e4schchen und anderen Metallgegenst\u00e4nden. Sie eignen sich auch ideal zum Beschriften von Kryoboxen aus Polycarbonat. F\u00fcr die Langzeitlagerung in fl\u00fcssiger Phase vorgesehen. Auch f\u00fcr fl\u00fcssigen Stickstoff in der Dampfphase (-196 \u00b0C), Gefrierkammern und andere raue Kryoumgebungen.   <\/p>\n","protected":false},"featured_media":27455,"comment_status":"open","ping_status":"closed","template":"","meta":{"_acf_changed":false,"_et_pb_use_builder":"","_et_pb_old_content":"","_et_gb_content_width":""},"product_brand":[],"product_cat":[684,696],"product_tag":[],"pa_connextion-shapes":[],"class_list":{"0":"post-50964","1":"product","2":"type-product","3":"status-publish","4":"has-post-thumbnail","6":"product_cat-laboratoriumsetiketten","7":"product_cat-cryo-etiketten-fuer-metallgestelle","9":"first","10":"instock","11":"taxable","12":"shipping-taxable","13":"purchasable","14":"product-type-variable","15":"has-default-attributes"},"exclude_global_add_ons":[],"addons":[],"acf":[],"yoast_head":"<!-- This site is optimized with the Yoast SEO Premium plugin v27.0 (Yoast SEO v27.1) - https:\/\/yoast.com\/product\/yoast-seo-premium-wordpress\/ -->\n<title>Kryo-Metallregaletikett 44,5 mm x 12,7 mm - d-identify<\/title>\n<meta name=\"description\" content=\"Kryogene Thermotransferetiketten zur Kennzeichnung von Metallgestellen, Aluminiumkassetten, R\u00f6ntgenfilmkassetten, Filmdosen, Aluminiumfl\u00e4schchen und ...\" \/>\n<meta name=\"robots\" content=\"index, follow, max-snippet:-1, max-image-preview:large, max-video-preview:-1\" \/>\n<link rel=\"canonical\" href=\"https:\/\/d-identify.be\/de\/produkt\/kryo-metallregaletikett-445-mm-x-127-mm\/\" \/>\n<meta property=\"og:locale\" content=\"de_DE\" \/>\n<meta property=\"og:type\" content=\"article\" \/>\n<meta property=\"og:title\" content=\"Kryo-Metallregaletikett 44,5 mm x 12,7 mm\" \/>\n<meta property=\"og:description\" content=\"Kryogene Thermotransferetiketten zur Kennzeichnung von Metallgestellen, Aluminiumkassetten, R\u00f6ntgenfilmkassetten, Filmdosen, Aluminiumfl\u00e4schchen und ...\" \/>\n<meta property=\"og:url\" content=\"https:\/\/d-identify.be\/de\/produkt\/kryo-metallregaletikett-445-mm-x-127-mm\/\" \/>\n<meta property=\"og:site_name\" content=\"d-identify\" \/>\n<meta property=\"og:image\" content=\"https:\/\/d-identify.be\/wp-content\/uploads\/2021\/07\/CRMR-44.5x12.7-WH.png\" \/>\n\t<meta property=\"og:image:width\" content=\"907\" \/>\n\t<meta property=\"og:image:height\" content=\"907\" \/>\n\t<meta property=\"og:image:type\" content=\"image\/png\" \/>\n<meta name=\"twitter:card\" content=\"summary_large_image\" \/>\n<script type=\"application\/ld+json\" class=\"yoast-schema-graph\">{\"@context\":\"https:\/\/schema.org\",\"@graph\":[{\"@type\":\"WebPage\",\"@id\":\"https:\/\/d-identify.be\/de\/produkt\/kryo-metallregaletikett-445-mm-x-127-mm\/\",\"url\":\"https:\/\/d-identify.be\/de\/produkt\/kryo-metallregaletikett-445-mm-x-127-mm\/\",\"name\":\"Kryo-Metallregaletikett 44,5 mm x 12,7 mm - d-identify\",\"isPartOf\":{\"@id\":\"https:\/\/d-identify.be\/de\/#website\"},\"primaryImageOfPage\":{\"@id\":\"https:\/\/d-identify.be\/de\/produkt\/kryo-metallregaletikett-445-mm-x-127-mm\/#primaryimage\"},\"image\":{\"@id\":\"https:\/\/d-identify.be\/de\/produkt\/kryo-metallregaletikett-445-mm-x-127-mm\/#primaryimage\"},\"thumbnailUrl\":\"https:\/\/d-identify.be\/wp-content\/uploads\/2021\/07\/CRMR-44.5x12.7-WH.png\",\"datePublished\":\"2021-07-26T10:38:51+00:00\",\"description\":\"Kryogene Thermotransferetiketten zur Kennzeichnung von Metallgestellen, Aluminiumkassetten, R\u00f6ntgenfilmkassetten, Filmdosen, Aluminiumfl\u00e4schchen und ...\",\"breadcrumb\":{\"@id\":\"https:\/\/d-identify.be\/de\/produkt\/kryo-metallregaletikett-445-mm-x-127-mm\/#breadcrumb\"},\"inLanguage\":\"de\",\"potentialAction\":[{\"@type\":\"ReadAction\",\"target\":[\"https:\/\/d-identify.be\/de\/produkt\/kryo-metallregaletikett-445-mm-x-127-mm\/\"]}]},{\"@type\":\"ImageObject\",\"inLanguage\":\"de\",\"@id\":\"https:\/\/d-identify.be\/de\/produkt\/kryo-metallregaletikett-445-mm-x-127-mm\/#primaryimage\",\"url\":\"https:\/\/d-identify.be\/wp-content\/uploads\/2021\/07\/CRMR-44.5x12.7-WH.png\",\"contentUrl\":\"https:\/\/d-identify.be\/wp-content\/uploads\/2021\/07\/CRMR-44.5x12.7-WH.png\",\"width\":907,\"height\":907,\"caption\":\"Cryo Metal rack label 44.5mm x 12.7mm\"},{\"@type\":\"BreadcrumbList\",\"@id\":\"https:\/\/d-identify.be\/de\/produkt\/kryo-metallregaletikett-445-mm-x-127-mm\/#breadcrumb\",\"itemListElement\":[{\"@type\":\"ListItem\",\"position\":1,\"name\":\"Home\",\"item\":\"https:\/\/d-identify.be\/de\/home-2\/\"},{\"@type\":\"ListItem\",\"position\":2,\"name\":\"Shop\",\"item\":\"https:\/\/d-identify.be\/shop-2\/\"},{\"@type\":\"ListItem\",\"position\":3,\"name\":\"Kryo-Metallregaletikett 44,5 mm x 12,7 mm\"}]},{\"@type\":\"WebSite\",\"@id\":\"https:\/\/d-identify.be\/de\/#website\",\"url\":\"https:\/\/d-identify.be\/de\/\",\"name\":\"d-identify\",\"description\":\"Industrial identification - Lockout - Tagout - Floor marking\",\"potentialAction\":[{\"@type\":\"SearchAction\",\"target\":{\"@type\":\"EntryPoint\",\"urlTemplate\":\"https:\/\/d-identify.be\/de\/?s={search_term_string}\"},\"query-input\":{\"@type\":\"PropertyValueSpecification\",\"valueRequired\":true,\"valueName\":\"search_term_string\"}}],\"inLanguage\":\"de\"}]}<\/script>\n<!-- \/ Yoast SEO Premium plugin. -->","yoast_head_json":{"title":"Kryo-Metallregaletikett 44,5 mm x 12,7 mm - d-identify","description":"Kryogene Thermotransferetiketten zur Kennzeichnung von Metallgestellen, Aluminiumkassetten, R\u00f6ntgenfilmkassetten, Filmdosen, Aluminiumfl\u00e4schchen und ...","robots":{"index":"index","follow":"follow","max-snippet":"max-snippet:-1","max-image-preview":"max-image-preview:large","max-video-preview":"max-video-preview:-1"},"canonical":"https:\/\/d-identify.be\/de\/produkt\/kryo-metallregaletikett-445-mm-x-127-mm\/","og_locale":"de_DE","og_type":"article","og_title":"Kryo-Metallregaletikett 44,5 mm x 12,7 mm","og_description":"Kryogene Thermotransferetiketten zur Kennzeichnung von Metallgestellen, Aluminiumkassetten, R\u00f6ntgenfilmkassetten, Filmdosen, Aluminiumfl\u00e4schchen und ...","og_url":"https:\/\/d-identify.be\/de\/produkt\/kryo-metallregaletikett-445-mm-x-127-mm\/","og_site_name":"d-identify","og_image":[{"width":907,"height":907,"url":"https:\/\/d-identify.be\/wp-content\/uploads\/2021\/07\/CRMR-44.5x12.7-WH.png","type":"image\/png"}],"twitter_card":"summary_large_image","schema":{"@context":"https:\/\/schema.org","@graph":[{"@type":"WebPage","@id":"https:\/\/d-identify.be\/de\/produkt\/kryo-metallregaletikett-445-mm-x-127-mm\/","url":"https:\/\/d-identify.be\/de\/produkt\/kryo-metallregaletikett-445-mm-x-127-mm\/","name":"Kryo-Metallregaletikett 44,5 mm x 12,7 mm - d-identify","isPartOf":{"@id":"https:\/\/d-identify.be\/de\/#website"},"primaryImageOfPage":{"@id":"https:\/\/d-identify.be\/de\/produkt\/kryo-metallregaletikett-445-mm-x-127-mm\/#primaryimage"},"image":{"@id":"https:\/\/d-identify.be\/de\/produkt\/kryo-metallregaletikett-445-mm-x-127-mm\/#primaryimage"},"thumbnailUrl":"https:\/\/d-identify.be\/wp-content\/uploads\/2021\/07\/CRMR-44.5x12.7-WH.png","datePublished":"2021-07-26T10:38:51+00:00","description":"Kryogene Thermotransferetiketten zur Kennzeichnung von Metallgestellen, Aluminiumkassetten, R\u00f6ntgenfilmkassetten, Filmdosen, Aluminiumfl\u00e4schchen und ...","breadcrumb":{"@id":"https:\/\/d-identify.be\/de\/produkt\/kryo-metallregaletikett-445-mm-x-127-mm\/#breadcrumb"},"inLanguage":"de","potentialAction":[{"@type":"ReadAction","target":["https:\/\/d-identify.be\/de\/produkt\/kryo-metallregaletikett-445-mm-x-127-mm\/"]}]},{"@type":"ImageObject","inLanguage":"de","@id":"https:\/\/d-identify.be\/de\/produkt\/kryo-metallregaletikett-445-mm-x-127-mm\/#primaryimage","url":"https:\/\/d-identify.be\/wp-content\/uploads\/2021\/07\/CRMR-44.5x12.7-WH.png","contentUrl":"https:\/\/d-identify.be\/wp-content\/uploads\/2021\/07\/CRMR-44.5x12.7-WH.png","width":907,"height":907,"caption":"Cryo Metal rack label 44.5mm x 12.7mm"},{"@type":"BreadcrumbList","@id":"https:\/\/d-identify.be\/de\/produkt\/kryo-metallregaletikett-445-mm-x-127-mm\/#breadcrumb","itemListElement":[{"@type":"ListItem","position":1,"name":"Home","item":"https:\/\/d-identify.be\/de\/home-2\/"},{"@type":"ListItem","position":2,"name":"Shop","item":"https:\/\/d-identify.be\/shop-2\/"},{"@type":"ListItem","position":3,"name":"Kryo-Metallregaletikett 44,5 mm x 12,7 mm"}]},{"@type":"WebSite","@id":"https:\/\/d-identify.be\/de\/#website","url":"https:\/\/d-identify.be\/de\/","name":"d-identify","description":"Industrial identification - Lockout - Tagout - Floor marking","potentialAction":[{"@type":"SearchAction","target":{"@type":"EntryPoint","urlTemplate":"https:\/\/d-identify.be\/de\/?s={search_term_string}"},"query-input":{"@type":"PropertyValueSpecification","valueRequired":true,"valueName":"search_term_string"}}],"inLanguage":"de"}]}},"_links":{"self":[{"href":"https:\/\/d-identify.be\/de\/wp-json\/wp\/v2\/product\/50964","targetHints":{"allow":["GET"]}}],"collection":[{"href":"https:\/\/d-identify.be\/de\/wp-json\/wp\/v2\/product"}],"about":[{"href":"https:\/\/d-identify.be\/de\/wp-json\/wp\/v2\/types\/product"}],"replies":[{"embeddable":true,"href":"https:\/\/d-identify.be\/de\/wp-json\/wp\/v2\/comments?post=50964"}],"wp:featuredmedia":[{"embeddable":true,"href":"https:\/\/d-identify.be\/de\/wp-json\/wp\/v2\/media\/27455"}],"wp:attachment":[{"href":"https:\/\/d-identify.be\/de\/wp-json\/wp\/v2\/media?parent=50964"}],"wp:term":[{"taxonomy":"product_brand","embeddable":true,"href":"https:\/\/d-identify.be\/de\/wp-json\/wp\/v2\/product_brand?post=50964"},{"taxonomy":"product_cat","embeddable":true,"href":"https:\/\/d-identify.be\/de\/wp-json\/wp\/v2\/product_cat?post=50964"},{"taxonomy":"product_tag","embeddable":true,"href":"https:\/\/d-identify.be\/de\/wp-json\/wp\/v2\/product_tag?post=50964"},{"taxonomy":"pa_connextion-shapes","embeddable":true,"href":"https:\/\/d-identify.be\/de\/wp-json\/wp\/v2\/pa_connextion-shapes?post=50964"}],"curies":[{"name":"wp","href":"https:\/\/api.w.org\/{rel}","templated":true}]}}