{"id":50865,"date":"2021-07-26T12:39:26","date_gmt":"2021-07-26T10:39:26","guid":{"rendered":"https:\/\/d-identify.be\/product\/etikett-fuer-flaeschchen-mit-gefrorener-oberflaeche-318-mm-x-222-mm\/"},"modified":"2021-07-26T12:39:26","modified_gmt":"2021-07-26T10:39:26","slug":"etikett-fuer-flaeschchen-mit-gefrorener-oberflaeche-318-mm-x-222-mm","status":"publish","type":"product","link":"https:\/\/d-identify.be\/de\/produkt\/etikett-fuer-flaeschchen-mit-gefrorener-oberflaeche-318-mm-x-222-mm\/","title":{"rendered":"Etikett f\u00fcr Fl\u00e4schchen mit gefrorener Oberfl\u00e4che, 31,8 mm x 22,2 mm"},"content":{"rendered":"<p>Kryo-Etiketten mit klarem \u00dcberlappungsbereich. Es ist so konzipiert, dass es direkt aufgetragen werden kann und schnell auf gefrorenem Kunststoff, Kryor\u00f6hrchen aus Glas und R\u00f6hrchen haftet.  Die unter Tiefk\u00fchlbedingungen (-80 \u00b0C \/ -112 \u00b0F) schwer zu kennzeichnen sind. Entwickelt f\u00fcr die Langzeitkonservierung in fl\u00fcssigem Stickstoff (-196 \u00b0C \/ -320,8 \u00b0F), in Gefrierschr\u00e4nken mit -80 \u00b0C (-112 \u00b0F) und f\u00fcr den Trockeneistransport. Und h\u00e4lt Temperaturen bis zu +100 \u00b0C (212 \u00b0F) stand. Etiketten k\u00f6nnen mit Thermotransferdruckern aller g\u00e4ngigen Marken bedruckt werden, um einen scharfen, wischfesten Ausdruck zu erhalten, der auch gegen die meisten g\u00e4ngigen Laborchemikalien und Reinigungsmittel best\u00e4ndig ist. Sie k\u00f6nnen auch mit unseren Kryomarkern beschrieben werden. Auf Fl\u00e4schchen und R\u00f6hrchen wird empfohlen, diese CryoSTUCK\u00ae-Etiketten mit einer \u00dcberlappung von mindestens 0,25 Zoll anzubringen, um eine ordnungsgem\u00e4\u00dfe Haftung auf der gefrorenen Oberfl\u00e4che zu gew\u00e4hrleisten.     <\/p>\n<p><strong>Vorteile:<\/strong><\/p>\n<ul>\n<li>Die Etiketten k\u00f6nnen schnell auf bereits gefrorenen Fl\u00e4schchen und R\u00f6hrchen haften (kein Auftauen erforderlich)<\/li>\n<li>Ideal f\u00fcr die Langzeitlagerung unter kryogenen Bedingungen (-196 \u00b0C)<\/li>\n<li>Bedruckbar mit allen g\u00e4ngigen Thermotransferdrucker-Marken<\/li>\n<\/ul>\n","protected":false},"excerpt":{"rendered":"<p>Kryo-Etiketten mit klarem \u00dcberlappungsbereich sind f\u00fcr die direkte Anbringung konzipiert und haften schnell auf gefrorenen Kunststoff- und Glas-Kryor\u00f6hrchen und -R\u00f6hrchen, die unter Tiefk\u00fchlbedingungen (-80 \u00b0C) schwer zu etikettieren sind. Entwickelt f\u00fcr die Langzeitkonservierung in fl\u00fcssigem Stickstoff (-196 \u00b0C), in Gefrierschr\u00e4nken mit -80 \u00b0C und f\u00fcr den Trockeneistransport und h\u00e4lt Temperaturen bis zu +100 \u00b0C stand. <\/p>\n","protected":false},"featured_media":27209,"comment_status":"open","ping_status":"closed","template":"","meta":{"_acf_changed":false,"_et_pb_use_builder":"","_et_pb_old_content":"","_et_gb_content_width":""},"product_brand":[],"product_cat":[684,693],"product_tag":[962],"pa_connextion-shapes":[],"class_list":{"0":"post-50865","1":"product","2":"type-product","3":"status-publish","4":"has-post-thumbnail","6":"product_cat-laboratoriumsetiketten","7":"product_cat-cryo-etiketten-fuer-gefrorene-flaeschchen","8":"product_tag-d-identify-de","10":"first","11":"instock","12":"taxable","13":"shipping-taxable","14":"purchasable","15":"product-type-variable","16":"has-default-attributes"},"exclude_global_add_ons":[],"addons":[],"acf":[],"yoast_head":"<!-- This site is optimized with the Yoast SEO Premium plugin v27.0 (Yoast SEO v27.1) - https:\/\/yoast.com\/product\/yoast-seo-premium-wordpress\/ -->\n<title>Etikett f\u00fcr Fl\u00e4schchen mit gefrorener Oberfl\u00e4che, 31,8 mm x 22,2 mm - d-identify<\/title>\n<meta name=\"description\" content=\"Kryo-Etiketten mit klarem \u00dcberlappungsbereich sind f\u00fcr die direkte Anbringung konzipiert und haften schnell auf gefrorenen Kunststoff- und Glas-Kryor\u00f6hrchen und -R\u00f6hrchen\" \/>\n<meta name=\"robots\" content=\"index, follow, max-snippet:-1, max-image-preview:large, max-video-preview:-1\" \/>\n<link rel=\"canonical\" href=\"https:\/\/d-identify.be\/de\/produkt\/etikett-fuer-flaeschchen-mit-gefrorener-oberflaeche-318-mm-x-222-mm\/\" \/>\n<meta property=\"og:locale\" content=\"de_DE\" \/>\n<meta property=\"og:type\" content=\"article\" \/>\n<meta property=\"og:title\" content=\"Etikett f\u00fcr Fl\u00e4schchen mit gefrorener Oberfl\u00e4che, 31,8 mm x 22,2 mm\" \/>\n<meta property=\"og:description\" content=\"Kryo-Etiketten mit klarem \u00dcberlappungsbereich sind f\u00fcr die direkte Anbringung konzipiert und haften schnell auf gefrorenen Kunststoff- und Glas-Kryor\u00f6hrchen und -R\u00f6hrchen\" \/>\n<meta property=\"og:url\" content=\"https:\/\/d-identify.be\/de\/produkt\/etikett-fuer-flaeschchen-mit-gefrorener-oberflaeche-318-mm-x-222-mm\/\" \/>\n<meta property=\"og:site_name\" content=\"d-identify\" \/>\n<meta property=\"og:image\" content=\"https:\/\/d-identify.be\/wp-content\/uploads\/2021\/07\/FS-31.75x22.3-WH.png\" \/>\n\t<meta property=\"og:image:width\" content=\"907\" \/>\n\t<meta property=\"og:image:height\" content=\"907\" \/>\n\t<meta property=\"og:image:type\" content=\"image\/png\" \/>\n<meta name=\"twitter:card\" content=\"summary_large_image\" \/>\n<meta name=\"twitter:label1\" content=\"Gesch\u00e4tzte Lesezeit\" \/>\n\t<meta name=\"twitter:data1\" content=\"1\u00a0Minute\" \/>\n<script type=\"application\/ld+json\" class=\"yoast-schema-graph\">{\"@context\":\"https:\/\/schema.org\",\"@graph\":[{\"@type\":\"WebPage\",\"@id\":\"https:\/\/d-identify.be\/de\/produkt\/etikett-fuer-flaeschchen-mit-gefrorener-oberflaeche-318-mm-x-222-mm\/\",\"url\":\"https:\/\/d-identify.be\/de\/produkt\/etikett-fuer-flaeschchen-mit-gefrorener-oberflaeche-318-mm-x-222-mm\/\",\"name\":\"Etikett f\u00fcr Fl\u00e4schchen mit gefrorener Oberfl\u00e4che, 31,8 mm x 22,2 mm - d-identify\",\"isPartOf\":{\"@id\":\"https:\/\/d-identify.be\/de\/#website\"},\"primaryImageOfPage\":{\"@id\":\"https:\/\/d-identify.be\/de\/produkt\/etikett-fuer-flaeschchen-mit-gefrorener-oberflaeche-318-mm-x-222-mm\/#primaryimage\"},\"image\":{\"@id\":\"https:\/\/d-identify.be\/de\/produkt\/etikett-fuer-flaeschchen-mit-gefrorener-oberflaeche-318-mm-x-222-mm\/#primaryimage\"},\"thumbnailUrl\":\"https:\/\/d-identify.be\/wp-content\/uploads\/2021\/07\/FS-31.75x22.3-WH.png\",\"datePublished\":\"2021-07-26T10:39:26+00:00\",\"description\":\"Kryo-Etiketten mit klarem \u00dcberlappungsbereich sind f\u00fcr die direkte Anbringung konzipiert und haften schnell auf gefrorenen Kunststoff- und Glas-Kryor\u00f6hrchen und -R\u00f6hrchen\",\"breadcrumb\":{\"@id\":\"https:\/\/d-identify.be\/de\/produkt\/etikett-fuer-flaeschchen-mit-gefrorener-oberflaeche-318-mm-x-222-mm\/#breadcrumb\"},\"inLanguage\":\"de\",\"potentialAction\":[{\"@type\":\"ReadAction\",\"target\":[\"https:\/\/d-identify.be\/de\/produkt\/etikett-fuer-flaeschchen-mit-gefrorener-oberflaeche-318-mm-x-222-mm\/\"]}]},{\"@type\":\"ImageObject\",\"inLanguage\":\"de\",\"@id\":\"https:\/\/d-identify.be\/de\/produkt\/etikett-fuer-flaeschchen-mit-gefrorener-oberflaeche-318-mm-x-222-mm\/#primaryimage\",\"url\":\"https:\/\/d-identify.be\/wp-content\/uploads\/2021\/07\/FS-31.75x22.3-WH.png\",\"contentUrl\":\"https:\/\/d-identify.be\/wp-content\/uploads\/2021\/07\/FS-31.75x22.3-WH.png\",\"width\":907,\"height\":907,\"caption\":\"Frozen Surface label 31.8mm x 22.2mm\"},{\"@type\":\"BreadcrumbList\",\"@id\":\"https:\/\/d-identify.be\/de\/produkt\/etikett-fuer-flaeschchen-mit-gefrorener-oberflaeche-318-mm-x-222-mm\/#breadcrumb\",\"itemListElement\":[{\"@type\":\"ListItem\",\"position\":1,\"name\":\"Home\",\"item\":\"https:\/\/d-identify.be\/de\/home-2\/\"},{\"@type\":\"ListItem\",\"position\":2,\"name\":\"Shop\",\"item\":\"https:\/\/d-identify.be\/shop-2\/\"},{\"@type\":\"ListItem\",\"position\":3,\"name\":\"Etikett f\u00fcr Fl\u00e4schchen mit gefrorener Oberfl\u00e4che, 31,8 mm x 22,2 mm\"}]},{\"@type\":\"WebSite\",\"@id\":\"https:\/\/d-identify.be\/de\/#website\",\"url\":\"https:\/\/d-identify.be\/de\/\",\"name\":\"d-identify\",\"description\":\"Industrial identification - Lockout - Tagout - Floor marking\",\"potentialAction\":[{\"@type\":\"SearchAction\",\"target\":{\"@type\":\"EntryPoint\",\"urlTemplate\":\"https:\/\/d-identify.be\/de\/?s={search_term_string}\"},\"query-input\":{\"@type\":\"PropertyValueSpecification\",\"valueRequired\":true,\"valueName\":\"search_term_string\"}}],\"inLanguage\":\"de\"}]}<\/script>\n<!-- \/ Yoast SEO Premium plugin. -->","yoast_head_json":{"title":"Etikett f\u00fcr Fl\u00e4schchen mit gefrorener Oberfl\u00e4che, 31,8 mm x 22,2 mm - d-identify","description":"Kryo-Etiketten mit klarem \u00dcberlappungsbereich sind f\u00fcr die direkte Anbringung konzipiert und haften schnell auf gefrorenen Kunststoff- und Glas-Kryor\u00f6hrchen und -R\u00f6hrchen","robots":{"index":"index","follow":"follow","max-snippet":"max-snippet:-1","max-image-preview":"max-image-preview:large","max-video-preview":"max-video-preview:-1"},"canonical":"https:\/\/d-identify.be\/de\/produkt\/etikett-fuer-flaeschchen-mit-gefrorener-oberflaeche-318-mm-x-222-mm\/","og_locale":"de_DE","og_type":"article","og_title":"Etikett f\u00fcr Fl\u00e4schchen mit gefrorener Oberfl\u00e4che, 31,8 mm x 22,2 mm","og_description":"Kryo-Etiketten mit klarem \u00dcberlappungsbereich sind f\u00fcr die direkte Anbringung konzipiert und haften schnell auf gefrorenen Kunststoff- und Glas-Kryor\u00f6hrchen und -R\u00f6hrchen","og_url":"https:\/\/d-identify.be\/de\/produkt\/etikett-fuer-flaeschchen-mit-gefrorener-oberflaeche-318-mm-x-222-mm\/","og_site_name":"d-identify","og_image":[{"width":907,"height":907,"url":"https:\/\/d-identify.be\/wp-content\/uploads\/2021\/07\/FS-31.75x22.3-WH.png","type":"image\/png"}],"twitter_card":"summary_large_image","twitter_misc":{"Gesch\u00e4tzte Lesezeit":"1\u00a0Minute"},"schema":{"@context":"https:\/\/schema.org","@graph":[{"@type":"WebPage","@id":"https:\/\/d-identify.be\/de\/produkt\/etikett-fuer-flaeschchen-mit-gefrorener-oberflaeche-318-mm-x-222-mm\/","url":"https:\/\/d-identify.be\/de\/produkt\/etikett-fuer-flaeschchen-mit-gefrorener-oberflaeche-318-mm-x-222-mm\/","name":"Etikett f\u00fcr Fl\u00e4schchen mit gefrorener Oberfl\u00e4che, 31,8 mm x 22,2 mm - d-identify","isPartOf":{"@id":"https:\/\/d-identify.be\/de\/#website"},"primaryImageOfPage":{"@id":"https:\/\/d-identify.be\/de\/produkt\/etikett-fuer-flaeschchen-mit-gefrorener-oberflaeche-318-mm-x-222-mm\/#primaryimage"},"image":{"@id":"https:\/\/d-identify.be\/de\/produkt\/etikett-fuer-flaeschchen-mit-gefrorener-oberflaeche-318-mm-x-222-mm\/#primaryimage"},"thumbnailUrl":"https:\/\/d-identify.be\/wp-content\/uploads\/2021\/07\/FS-31.75x22.3-WH.png","datePublished":"2021-07-26T10:39:26+00:00","description":"Kryo-Etiketten mit klarem \u00dcberlappungsbereich sind f\u00fcr die direkte Anbringung konzipiert und haften schnell auf gefrorenen Kunststoff- und Glas-Kryor\u00f6hrchen und -R\u00f6hrchen","breadcrumb":{"@id":"https:\/\/d-identify.be\/de\/produkt\/etikett-fuer-flaeschchen-mit-gefrorener-oberflaeche-318-mm-x-222-mm\/#breadcrumb"},"inLanguage":"de","potentialAction":[{"@type":"ReadAction","target":["https:\/\/d-identify.be\/de\/produkt\/etikett-fuer-flaeschchen-mit-gefrorener-oberflaeche-318-mm-x-222-mm\/"]}]},{"@type":"ImageObject","inLanguage":"de","@id":"https:\/\/d-identify.be\/de\/produkt\/etikett-fuer-flaeschchen-mit-gefrorener-oberflaeche-318-mm-x-222-mm\/#primaryimage","url":"https:\/\/d-identify.be\/wp-content\/uploads\/2021\/07\/FS-31.75x22.3-WH.png","contentUrl":"https:\/\/d-identify.be\/wp-content\/uploads\/2021\/07\/FS-31.75x22.3-WH.png","width":907,"height":907,"caption":"Frozen Surface label 31.8mm x 22.2mm"},{"@type":"BreadcrumbList","@id":"https:\/\/d-identify.be\/de\/produkt\/etikett-fuer-flaeschchen-mit-gefrorener-oberflaeche-318-mm-x-222-mm\/#breadcrumb","itemListElement":[{"@type":"ListItem","position":1,"name":"Home","item":"https:\/\/d-identify.be\/de\/home-2\/"},{"@type":"ListItem","position":2,"name":"Shop","item":"https:\/\/d-identify.be\/shop-2\/"},{"@type":"ListItem","position":3,"name":"Etikett f\u00fcr Fl\u00e4schchen mit gefrorener Oberfl\u00e4che, 31,8 mm x 22,2 mm"}]},{"@type":"WebSite","@id":"https:\/\/d-identify.be\/de\/#website","url":"https:\/\/d-identify.be\/de\/","name":"d-identify","description":"Industrial identification - Lockout - Tagout - Floor marking","potentialAction":[{"@type":"SearchAction","target":{"@type":"EntryPoint","urlTemplate":"https:\/\/d-identify.be\/de\/?s={search_term_string}"},"query-input":{"@type":"PropertyValueSpecification","valueRequired":true,"valueName":"search_term_string"}}],"inLanguage":"de"}]}},"_links":{"self":[{"href":"https:\/\/d-identify.be\/de\/wp-json\/wp\/v2\/product\/50865","targetHints":{"allow":["GET"]}}],"collection":[{"href":"https:\/\/d-identify.be\/de\/wp-json\/wp\/v2\/product"}],"about":[{"href":"https:\/\/d-identify.be\/de\/wp-json\/wp\/v2\/types\/product"}],"replies":[{"embeddable":true,"href":"https:\/\/d-identify.be\/de\/wp-json\/wp\/v2\/comments?post=50865"}],"wp:featuredmedia":[{"embeddable":true,"href":"https:\/\/d-identify.be\/de\/wp-json\/wp\/v2\/media\/27209"}],"wp:attachment":[{"href":"https:\/\/d-identify.be\/de\/wp-json\/wp\/v2\/media?parent=50865"}],"wp:term":[{"taxonomy":"product_brand","embeddable":true,"href":"https:\/\/d-identify.be\/de\/wp-json\/wp\/v2\/product_brand?post=50865"},{"taxonomy":"product_cat","embeddable":true,"href":"https:\/\/d-identify.be\/de\/wp-json\/wp\/v2\/product_cat?post=50865"},{"taxonomy":"product_tag","embeddable":true,"href":"https:\/\/d-identify.be\/de\/wp-json\/wp\/v2\/product_tag?post=50865"},{"taxonomy":"pa_connextion-shapes","embeddable":true,"href":"https:\/\/d-identify.be\/de\/wp-json\/wp\/v2\/pa_connextion-shapes?post=50865"}],"curies":[{"name":"wp","href":"https:\/\/api.w.org\/{rel}","templated":true}]}}