{"id":50811,"date":"2021-07-26T12:38:27","date_gmt":"2021-07-26T10:38:27","guid":{"rendered":"https:\/\/d-identify.be\/product\/05-ml-ivf-strohhalmetikett-254-x-254-mm\/"},"modified":"2021-07-26T12:38:27","modified_gmt":"2021-07-26T10:38:27","slug":"05-ml-ivf-strohhalmetikett-254-x-254-mm","status":"publish","type":"product","link":"https:\/\/d-identify.be\/de\/produkt\/05-ml-ivf-strohhalmetikett-254-x-254-mm\/","title":{"rendered":"0,5 ml IVF-Strohhalmetikett 25,4 x 25,4 mm"},"content":{"rendered":"<p>Selbstlaminierende kryogene Etiketten f\u00fcr 0,25-ml- und 0,5-ml-IVF-Trinkhalme, die in Kliniken und Labors f\u00fcr assistierte Reproduktionstechnologie sowie in Tierzucht- und Biotechnologieunternehmen verwendet werden. Entwickelt f\u00fcr die kurz- und langfristige Kryokonservierung unter kryogenen Laborbedingungen, einschlie\u00dflich Gefrierger\u00e4ten f\u00fcr fl\u00fcssigen und dampff\u00f6rmigen fl\u00fcssigen Stickstoff (-196 \u00b0C, -80 \u00b0C) und Trockeneistransport. Bedruckbar mit Thermotransfer-Barcodedruckern zur sicheren Probenidentifizierung und R\u00fcckverfolgbarkeit.  <\/p>\n<p><strong>Vorteile<\/strong>:<\/p>\n<ul>\n<li>Ideal f\u00fcr die kurz- und langfristige Lagerung unter kryogenen Bedingungen, einschlie\u00dflich fl\u00fcssigem Stickstoff (-196 \u00b0C).<\/li>\n<li>Speziell f\u00fcr die Identifizierung von Kryokonservierungsstrohhalmen (0,25 ml und 0,5 ml) entwickelt, die in IVF-Labors verwendet werden<\/li>\n<li>Bedruckbar mit allen g\u00e4ngigen Thermotransferdrucker-Marken<\/li>\n<li>Best\u00e4ndig gegen Gammastrahlung (getestet bis 50 kGy)<\/li>\n<\/ul>\n","protected":false},"excerpt":{"rendered":"<p>Selbstlaminierende kryogene Etiketten f\u00fcr 0,25-ml- und 0,5-ml-IVF-Trinkhalme, die in Kliniken und Labors f\u00fcr assistierte Reproduktionstechnologie sowie in Tierzucht- und Biotechnologieunternehmen verwendet werden. Entwickelt f\u00fcr die kurz- und langfristige Kryokonservierung unter kryogenen Laborbedingungen, einschlie\u00dflich Gefrierger\u00e4ten f\u00fcr fl\u00fcssigen und dampff\u00f6rmigen fl\u00fcssigen Stickstoff (-196 \u00b0C, -80 \u00b0C) und Trockeneistransport. Bedruckbar mit Thermotransfer-Barcodedruckern zur sicheren Probenidentifizierung und R\u00fcckverfolgbarkeit.  <\/p>\n","protected":false},"featured_media":27695,"comment_status":"open","ping_status":"closed","template":"","meta":{"_acf_changed":false,"_et_pb_use_builder":"","_et_pb_old_content":"","_et_gb_content_width":""},"product_brand":[],"product_cat":[684,690],"product_tag":[962],"pa_connextion-shapes":[],"class_list":{"0":"post-50811","1":"product","2":"type-product","3":"status-publish","4":"has-post-thumbnail","6":"product_cat-laboratoriumsetiketten","7":"product_cat-cryo-ivf-etiketten-de","8":"product_tag-d-identify-de","10":"first","11":"instock","12":"taxable","13":"shipping-taxable","14":"purchasable","15":"product-type-variable","16":"has-default-attributes"},"exclude_global_add_ons":[],"addons":[],"acf":[],"yoast_head":"<!-- This site is optimized with the Yoast SEO Premium plugin v27.0 (Yoast SEO v27.1) - https:\/\/yoast.com\/product\/yoast-seo-premium-wordpress\/ -->\n<title>0,5 ml IVF-Strohhalmetikett 25,4 x 25,4 mm - d-identify<\/title>\n<meta name=\"description\" content=\"Selbstlaminierende Kryo-Etiketten f\u00fcr 0,25-ml- und 0,5-ml-IVF-Trinkhalme, die in Kliniken und Labors f\u00fcr assistierte Reproduktionstechnik sowie in der Tiermedizin verwendet werden.\" \/>\n<meta name=\"robots\" content=\"index, follow, max-snippet:-1, max-image-preview:large, max-video-preview:-1\" \/>\n<link rel=\"canonical\" href=\"https:\/\/d-identify.be\/de\/produkt\/05-ml-ivf-strohhalmetikett-254-x-254-mm\/\" \/>\n<meta property=\"og:locale\" content=\"de_DE\" \/>\n<meta property=\"og:type\" content=\"article\" \/>\n<meta property=\"og:title\" content=\"0,5 ml IVF-Strohhalmetikett 25,4 x 25,4 mm\" \/>\n<meta property=\"og:description\" content=\"Selbstlaminierende Kryo-Etiketten f\u00fcr 0,25-ml- und 0,5-ml-IVF-Trinkhalme, die in Kliniken und Labors f\u00fcr assistierte Reproduktionstechnik sowie in der Tiermedizin verwendet werden.\" \/>\n<meta property=\"og:url\" content=\"https:\/\/d-identify.be\/de\/produkt\/05-ml-ivf-strohhalmetikett-254-x-254-mm\/\" \/>\n<meta property=\"og:site_name\" content=\"d-identify\" \/>\n<meta property=\"og:image\" content=\"https:\/\/d-identify.be\/wp-content\/uploads\/2021\/07\/IVF-25.4x25.4-C1-.5-1K-WH.png\" \/>\n\t<meta property=\"og:image:width\" content=\"360\" \/>\n\t<meta property=\"og:image:height\" content=\"504\" \/>\n\t<meta property=\"og:image:type\" content=\"image\/png\" \/>\n<meta name=\"twitter:card\" content=\"summary_large_image\" \/>\n<meta name=\"twitter:label1\" content=\"Gesch\u00e4tzte Lesezeit\" \/>\n\t<meta name=\"twitter:data1\" content=\"1\u00a0Minute\" \/>\n<script type=\"application\/ld+json\" class=\"yoast-schema-graph\">{\"@context\":\"https:\/\/schema.org\",\"@graph\":[{\"@type\":\"WebPage\",\"@id\":\"https:\/\/d-identify.be\/de\/produkt\/05-ml-ivf-strohhalmetikett-254-x-254-mm\/\",\"url\":\"https:\/\/d-identify.be\/de\/produkt\/05-ml-ivf-strohhalmetikett-254-x-254-mm\/\",\"name\":\"0,5 ml IVF-Strohhalmetikett 25,4 x 25,4 mm - d-identify\",\"isPartOf\":{\"@id\":\"https:\/\/d-identify.be\/de\/#website\"},\"primaryImageOfPage\":{\"@id\":\"https:\/\/d-identify.be\/de\/produkt\/05-ml-ivf-strohhalmetikett-254-x-254-mm\/#primaryimage\"},\"image\":{\"@id\":\"https:\/\/d-identify.be\/de\/produkt\/05-ml-ivf-strohhalmetikett-254-x-254-mm\/#primaryimage\"},\"thumbnailUrl\":\"https:\/\/d-identify.be\/wp-content\/uploads\/2021\/07\/IVF-25.4x25.4-C1-.5-1K-WH.png\",\"datePublished\":\"2021-07-26T10:38:27+00:00\",\"description\":\"Selbstlaminierende Kryo-Etiketten f\u00fcr 0,25-ml- und 0,5-ml-IVF-Trinkhalme, die in Kliniken und Labors f\u00fcr assistierte Reproduktionstechnik sowie in der Tiermedizin verwendet werden.\",\"breadcrumb\":{\"@id\":\"https:\/\/d-identify.be\/de\/produkt\/05-ml-ivf-strohhalmetikett-254-x-254-mm\/#breadcrumb\"},\"inLanguage\":\"de\",\"potentialAction\":[{\"@type\":\"ReadAction\",\"target\":[\"https:\/\/d-identify.be\/de\/produkt\/05-ml-ivf-strohhalmetikett-254-x-254-mm\/\"]}]},{\"@type\":\"ImageObject\",\"inLanguage\":\"de\",\"@id\":\"https:\/\/d-identify.be\/de\/produkt\/05-ml-ivf-strohhalmetikett-254-x-254-mm\/#primaryimage\",\"url\":\"https:\/\/d-identify.be\/wp-content\/uploads\/2021\/07\/IVF-25.4x25.4-C1-.5-1K-WH.png\",\"contentUrl\":\"https:\/\/d-identify.be\/wp-content\/uploads\/2021\/07\/IVF-25.4x25.4-C1-.5-1K-WH.png\",\"width\":360,\"height\":504,\"caption\":\".5ml straw label 25.4 X 25.4mm\"},{\"@type\":\"BreadcrumbList\",\"@id\":\"https:\/\/d-identify.be\/de\/produkt\/05-ml-ivf-strohhalmetikett-254-x-254-mm\/#breadcrumb\",\"itemListElement\":[{\"@type\":\"ListItem\",\"position\":1,\"name\":\"Home\",\"item\":\"https:\/\/d-identify.be\/de\/home-2\/\"},{\"@type\":\"ListItem\",\"position\":2,\"name\":\"Shop\",\"item\":\"https:\/\/d-identify.be\/shop-2\/\"},{\"@type\":\"ListItem\",\"position\":3,\"name\":\"0,5 ml IVF-Strohhalmetikett 25,4 x 25,4 mm\"}]},{\"@type\":\"WebSite\",\"@id\":\"https:\/\/d-identify.be\/de\/#website\",\"url\":\"https:\/\/d-identify.be\/de\/\",\"name\":\"d-identify\",\"description\":\"Industrial identification - Lockout - Tagout - Floor marking\",\"potentialAction\":[{\"@type\":\"SearchAction\",\"target\":{\"@type\":\"EntryPoint\",\"urlTemplate\":\"https:\/\/d-identify.be\/de\/?s={search_term_string}\"},\"query-input\":{\"@type\":\"PropertyValueSpecification\",\"valueRequired\":true,\"valueName\":\"search_term_string\"}}],\"inLanguage\":\"de\"}]}<\/script>\n<!-- \/ Yoast SEO Premium plugin. -->","yoast_head_json":{"title":"0,5 ml IVF-Strohhalmetikett 25,4 x 25,4 mm - d-identify","description":"Selbstlaminierende Kryo-Etiketten f\u00fcr 0,25-ml- und 0,5-ml-IVF-Trinkhalme, die in Kliniken und Labors f\u00fcr assistierte Reproduktionstechnik sowie in der Tiermedizin verwendet werden.","robots":{"index":"index","follow":"follow","max-snippet":"max-snippet:-1","max-image-preview":"max-image-preview:large","max-video-preview":"max-video-preview:-1"},"canonical":"https:\/\/d-identify.be\/de\/produkt\/05-ml-ivf-strohhalmetikett-254-x-254-mm\/","og_locale":"de_DE","og_type":"article","og_title":"0,5 ml IVF-Strohhalmetikett 25,4 x 25,4 mm","og_description":"Selbstlaminierende Kryo-Etiketten f\u00fcr 0,25-ml- und 0,5-ml-IVF-Trinkhalme, die in Kliniken und Labors f\u00fcr assistierte Reproduktionstechnik sowie in der Tiermedizin verwendet werden.","og_url":"https:\/\/d-identify.be\/de\/produkt\/05-ml-ivf-strohhalmetikett-254-x-254-mm\/","og_site_name":"d-identify","og_image":[{"width":360,"height":504,"url":"https:\/\/d-identify.be\/wp-content\/uploads\/2021\/07\/IVF-25.4x25.4-C1-.5-1K-WH.png","type":"image\/png"}],"twitter_card":"summary_large_image","twitter_misc":{"Gesch\u00e4tzte Lesezeit":"1\u00a0Minute"},"schema":{"@context":"https:\/\/schema.org","@graph":[{"@type":"WebPage","@id":"https:\/\/d-identify.be\/de\/produkt\/05-ml-ivf-strohhalmetikett-254-x-254-mm\/","url":"https:\/\/d-identify.be\/de\/produkt\/05-ml-ivf-strohhalmetikett-254-x-254-mm\/","name":"0,5 ml IVF-Strohhalmetikett 25,4 x 25,4 mm - d-identify","isPartOf":{"@id":"https:\/\/d-identify.be\/de\/#website"},"primaryImageOfPage":{"@id":"https:\/\/d-identify.be\/de\/produkt\/05-ml-ivf-strohhalmetikett-254-x-254-mm\/#primaryimage"},"image":{"@id":"https:\/\/d-identify.be\/de\/produkt\/05-ml-ivf-strohhalmetikett-254-x-254-mm\/#primaryimage"},"thumbnailUrl":"https:\/\/d-identify.be\/wp-content\/uploads\/2021\/07\/IVF-25.4x25.4-C1-.5-1K-WH.png","datePublished":"2021-07-26T10:38:27+00:00","description":"Selbstlaminierende Kryo-Etiketten f\u00fcr 0,25-ml- und 0,5-ml-IVF-Trinkhalme, die in Kliniken und Labors f\u00fcr assistierte Reproduktionstechnik sowie in der Tiermedizin verwendet werden.","breadcrumb":{"@id":"https:\/\/d-identify.be\/de\/produkt\/05-ml-ivf-strohhalmetikett-254-x-254-mm\/#breadcrumb"},"inLanguage":"de","potentialAction":[{"@type":"ReadAction","target":["https:\/\/d-identify.be\/de\/produkt\/05-ml-ivf-strohhalmetikett-254-x-254-mm\/"]}]},{"@type":"ImageObject","inLanguage":"de","@id":"https:\/\/d-identify.be\/de\/produkt\/05-ml-ivf-strohhalmetikett-254-x-254-mm\/#primaryimage","url":"https:\/\/d-identify.be\/wp-content\/uploads\/2021\/07\/IVF-25.4x25.4-C1-.5-1K-WH.png","contentUrl":"https:\/\/d-identify.be\/wp-content\/uploads\/2021\/07\/IVF-25.4x25.4-C1-.5-1K-WH.png","width":360,"height":504,"caption":".5ml straw label 25.4 X 25.4mm"},{"@type":"BreadcrumbList","@id":"https:\/\/d-identify.be\/de\/produkt\/05-ml-ivf-strohhalmetikett-254-x-254-mm\/#breadcrumb","itemListElement":[{"@type":"ListItem","position":1,"name":"Home","item":"https:\/\/d-identify.be\/de\/home-2\/"},{"@type":"ListItem","position":2,"name":"Shop","item":"https:\/\/d-identify.be\/shop-2\/"},{"@type":"ListItem","position":3,"name":"0,5 ml IVF-Strohhalmetikett 25,4 x 25,4 mm"}]},{"@type":"WebSite","@id":"https:\/\/d-identify.be\/de\/#website","url":"https:\/\/d-identify.be\/de\/","name":"d-identify","description":"Industrial identification - Lockout - Tagout - Floor marking","potentialAction":[{"@type":"SearchAction","target":{"@type":"EntryPoint","urlTemplate":"https:\/\/d-identify.be\/de\/?s={search_term_string}"},"query-input":{"@type":"PropertyValueSpecification","valueRequired":true,"valueName":"search_term_string"}}],"inLanguage":"de"}]}},"_links":{"self":[{"href":"https:\/\/d-identify.be\/de\/wp-json\/wp\/v2\/product\/50811","targetHints":{"allow":["GET"]}}],"collection":[{"href":"https:\/\/d-identify.be\/de\/wp-json\/wp\/v2\/product"}],"about":[{"href":"https:\/\/d-identify.be\/de\/wp-json\/wp\/v2\/types\/product"}],"replies":[{"embeddable":true,"href":"https:\/\/d-identify.be\/de\/wp-json\/wp\/v2\/comments?post=50811"}],"wp:featuredmedia":[{"embeddable":true,"href":"https:\/\/d-identify.be\/de\/wp-json\/wp\/v2\/media\/27695"}],"wp:attachment":[{"href":"https:\/\/d-identify.be\/de\/wp-json\/wp\/v2\/media?parent=50811"}],"wp:term":[{"taxonomy":"product_brand","embeddable":true,"href":"https:\/\/d-identify.be\/de\/wp-json\/wp\/v2\/product_brand?post=50811"},{"taxonomy":"product_cat","embeddable":true,"href":"https:\/\/d-identify.be\/de\/wp-json\/wp\/v2\/product_cat?post=50811"},{"taxonomy":"product_tag","embeddable":true,"href":"https:\/\/d-identify.be\/de\/wp-json\/wp\/v2\/product_tag?post=50811"},{"taxonomy":"pa_connextion-shapes","embeddable":true,"href":"https:\/\/d-identify.be\/de\/wp-json\/wp\/v2\/pa_connextion-shapes?post=50811"}],"curies":[{"name":"wp","href":"https:\/\/api.w.org\/{rel}","templated":true}]}}