{"id":50732,"date":"2021-07-26T12:40:53","date_gmt":"2021-07-26T10:40:53","guid":{"rendered":"https:\/\/d-identify.be\/product\/permanentes-autoklav-thermotransferetikett-508-mm-x-101-mm\/"},"modified":"2021-07-26T12:40:53","modified_gmt":"2021-07-26T10:40:53","slug":"permanentes-autoklav-thermotransferetikett-508-mm-x-101-mm","status":"publish","type":"product","link":"https:\/\/d-identify.be\/de\/produkt\/permanentes-autoklav-thermotransferetikett-508-mm-x-101-mm\/","title":{"rendered":"Permanentes Autoklav-Thermotransferetikett 50,8 mm x 101 mm"},"content":{"rendered":"<p>Hochtemperaturbest\u00e4ndige permanente Etiketten zur Kennzeichnung verschiedener Beh\u00e4lter und Oberfl\u00e4chen, die einer Autoklavierung und Trockenhitzesterilisation unterzogen werden. Der Temperaturbereich liegt zwischen -60 \u00b0C und +150 \u00b0C. Die Etiketten k\u00f6nnen auf Metall-, Kunststoff- und Glasoberfl\u00e4chen angebracht werden. Sie halten 20 Sterilisationszyklen im Autoklaven bei 121 \u00b0C und einem Druck von 16,5 psi stand. Die Etiketten und der Ausdruck halten hohen Temperaturen sowie Gammabestrahlung (bis zu 50 KGy) und Ethylenoxid-Sterilisation stand. Ideal zur Identifizierung von Beh\u00e4ltern und Oberfl\u00e4chen, die in Autoklaven, Trockenhitze-Sterilisationsger\u00e4ten und Gammabestrahlungsger\u00e4ten sterilisiert werden m\u00fcssen. Wasserfest, wetterfest, per Thermotransfer bedruckbar.     <\/p>\n<p><strong>Vorteile:<\/strong><\/p>\n<ul>\n<li>Die vielseitigen Etiketten k\u00f6nnen dauerhaft auf einer Vielzahl von Oberfl\u00e4chen wie Metall, Kunststoff und Glas haften<\/li>\n<li>Kann hohen Temperaturen standhalten, ideal f\u00fcr mehrere Autoklav-Sterilisationszyklen bei 121 \u00b0C und 16,5 psi Druck f\u00fcr 20 Minuten, Gammabestrahlung (bis zu 50 kgy) und Ethylenoxid-Sterilisation<\/li>\n<li>Bedruckbar mit allen g\u00e4ngigen Thermotransferdrucker-Marken<\/li>\n<\/ul>\n<h3><\/h3>\n<p>&nbsp;<\/p>\n","protected":false},"excerpt":{"rendered":"<p>Hochtemperaturbest\u00e4ndige permanente Etiketten zur Kennzeichnung verschiedener Beh\u00e4lter und Oberfl\u00e4chen, die einer Autoklavierung und Trockenhitzesterilisation unterzogen werden. Der Temperaturbereich liegt zwischen -60 \u00b0C und +150 \u00b0C. Die Etiketten k\u00f6nnen auf Metall-, Kunststoff- und Glasoberfl\u00e4chen angebracht werden und \u00fcberstehen 20 Sterilisationszyklen im Autoklaven bei 121 \u00b0C und 16,5 psi Druck. <\/p>\n","protected":false},"featured_media":26764,"comment_status":"open","ping_status":"closed","template":"","meta":{"_acf_changed":false,"_et_pb_use_builder":"","_et_pb_old_content":"","_et_gb_content_width":""},"product_brand":[],"product_cat":[684,687],"product_tag":[],"pa_connextion-shapes":[],"class_list":{"0":"post-50732","1":"product","2":"type-product","3":"status-publish","4":"has-post-thumbnail","6":"product_cat-laboratoriumsetiketten","7":"product_cat-autoklaven-etiketten","9":"first","10":"instock","11":"taxable","12":"shipping-taxable","13":"purchasable","14":"product-type-variable","15":"has-default-attributes"},"exclude_global_add_ons":[],"addons":[],"acf":[],"yoast_head":"<!-- This site is optimized with the Yoast SEO Premium plugin v27.0 (Yoast SEO v27.1) - https:\/\/yoast.com\/product\/yoast-seo-premium-wordpress\/ -->\n<title>Permanentes Autoklav-Thermotransferetikett 50,8 mm x 101 mm - d-identify<\/title>\n<meta name=\"description\" content=\"Hochtemperaturbest\u00e4ndige permanente Etiketten zur Kennzeichnung verschiedener Beh\u00e4lter und Oberfl\u00e4chen, die einer Autoklavierung und Trockenhitzesterilisation unterzogen werden.\" \/>\n<meta name=\"robots\" content=\"index, follow, max-snippet:-1, max-image-preview:large, max-video-preview:-1\" \/>\n<link rel=\"canonical\" href=\"https:\/\/d-identify.be\/de\/produkt\/permanentes-autoklav-thermotransferetikett-508-mm-x-101-mm\/\" \/>\n<meta property=\"og:locale\" content=\"de_DE\" \/>\n<meta property=\"og:type\" content=\"article\" \/>\n<meta property=\"og:title\" content=\"Permanentes Autoklav-Thermotransferetikett 50,8 mm x 101 mm\" \/>\n<meta property=\"og:description\" content=\"Hochtemperaturbest\u00e4ndige permanente Etiketten zur Kennzeichnung verschiedener Beh\u00e4lter und Oberfl\u00e4chen, die einer Autoklavierung und Trockenhitzesterilisation unterzogen werden.\" \/>\n<meta property=\"og:url\" content=\"https:\/\/d-identify.be\/de\/produkt\/permanentes-autoklav-thermotransferetikett-508-mm-x-101-mm\/\" \/>\n<meta property=\"og:site_name\" content=\"d-identify\" \/>\n<meta property=\"og:image\" content=\"https:\/\/d-identify.be\/wp-content\/uploads\/2021\/07\/AC-50.8x101-P-C1-1K-YL.png\" \/>\n\t<meta property=\"og:image:width\" content=\"907\" \/>\n\t<meta property=\"og:image:height\" content=\"907\" \/>\n\t<meta property=\"og:image:type\" content=\"image\/png\" \/>\n<meta name=\"twitter:card\" content=\"summary_large_image\" \/>\n<meta name=\"twitter:label1\" content=\"Gesch\u00e4tzte Lesezeit\" \/>\n\t<meta name=\"twitter:data1\" content=\"1\u00a0Minute\" \/>\n<script type=\"application\/ld+json\" class=\"yoast-schema-graph\">{\"@context\":\"https:\/\/schema.org\",\"@graph\":[{\"@type\":\"WebPage\",\"@id\":\"https:\/\/d-identify.be\/de\/produkt\/permanentes-autoklav-thermotransferetikett-508-mm-x-101-mm\/\",\"url\":\"https:\/\/d-identify.be\/de\/produkt\/permanentes-autoklav-thermotransferetikett-508-mm-x-101-mm\/\",\"name\":\"Permanentes Autoklav-Thermotransferetikett 50,8 mm x 101 mm - d-identify\",\"isPartOf\":{\"@id\":\"https:\/\/d-identify.be\/de\/#website\"},\"primaryImageOfPage\":{\"@id\":\"https:\/\/d-identify.be\/de\/produkt\/permanentes-autoklav-thermotransferetikett-508-mm-x-101-mm\/#primaryimage\"},\"image\":{\"@id\":\"https:\/\/d-identify.be\/de\/produkt\/permanentes-autoklav-thermotransferetikett-508-mm-x-101-mm\/#primaryimage\"},\"thumbnailUrl\":\"https:\/\/d-identify.be\/wp-content\/uploads\/2021\/07\/AC-50.8x101-P-C1-1K-YL.png\",\"datePublished\":\"2021-07-26T10:40:53+00:00\",\"description\":\"Hochtemperaturbest\u00e4ndige permanente Etiketten zur Kennzeichnung verschiedener Beh\u00e4lter und Oberfl\u00e4chen, die einer Autoklavierung und Trockenhitzesterilisation unterzogen werden.\",\"breadcrumb\":{\"@id\":\"https:\/\/d-identify.be\/de\/produkt\/permanentes-autoklav-thermotransferetikett-508-mm-x-101-mm\/#breadcrumb\"},\"inLanguage\":\"de\",\"potentialAction\":[{\"@type\":\"ReadAction\",\"target\":[\"https:\/\/d-identify.be\/de\/produkt\/permanentes-autoklav-thermotransferetikett-508-mm-x-101-mm\/\"]}]},{\"@type\":\"ImageObject\",\"inLanguage\":\"de\",\"@id\":\"https:\/\/d-identify.be\/de\/produkt\/permanentes-autoklav-thermotransferetikett-508-mm-x-101-mm\/#primaryimage\",\"url\":\"https:\/\/d-identify.be\/wp-content\/uploads\/2021\/07\/AC-50.8x101-P-C1-1K-YL.png\",\"contentUrl\":\"https:\/\/d-identify.be\/wp-content\/uploads\/2021\/07\/AC-50.8x101-P-C1-1K-YL.png\",\"width\":907,\"height\":907,\"caption\":\"Permanent Autoclave Thermal transfer label 50.8mm x 101mm\"},{\"@type\":\"BreadcrumbList\",\"@id\":\"https:\/\/d-identify.be\/de\/produkt\/permanentes-autoklav-thermotransferetikett-508-mm-x-101-mm\/#breadcrumb\",\"itemListElement\":[{\"@type\":\"ListItem\",\"position\":1,\"name\":\"Home\",\"item\":\"https:\/\/d-identify.be\/de\/home-2\/\"},{\"@type\":\"ListItem\",\"position\":2,\"name\":\"Shop\",\"item\":\"https:\/\/d-identify.be\/shop-2\/\"},{\"@type\":\"ListItem\",\"position\":3,\"name\":\"Permanentes Autoklav-Thermotransferetikett 50,8 mm x 101 mm\"}]},{\"@type\":\"WebSite\",\"@id\":\"https:\/\/d-identify.be\/de\/#website\",\"url\":\"https:\/\/d-identify.be\/de\/\",\"name\":\"d-identify\",\"description\":\"Industrial identification - Lockout - Tagout - Floor marking\",\"potentialAction\":[{\"@type\":\"SearchAction\",\"target\":{\"@type\":\"EntryPoint\",\"urlTemplate\":\"https:\/\/d-identify.be\/de\/?s={search_term_string}\"},\"query-input\":{\"@type\":\"PropertyValueSpecification\",\"valueRequired\":true,\"valueName\":\"search_term_string\"}}],\"inLanguage\":\"de\"}]}<\/script>\n<!-- \/ Yoast SEO Premium plugin. -->","yoast_head_json":{"title":"Permanentes Autoklav-Thermotransferetikett 50,8 mm x 101 mm - d-identify","description":"Hochtemperaturbest\u00e4ndige permanente Etiketten zur Kennzeichnung verschiedener Beh\u00e4lter und Oberfl\u00e4chen, die einer Autoklavierung und Trockenhitzesterilisation unterzogen werden.","robots":{"index":"index","follow":"follow","max-snippet":"max-snippet:-1","max-image-preview":"max-image-preview:large","max-video-preview":"max-video-preview:-1"},"canonical":"https:\/\/d-identify.be\/de\/produkt\/permanentes-autoklav-thermotransferetikett-508-mm-x-101-mm\/","og_locale":"de_DE","og_type":"article","og_title":"Permanentes Autoklav-Thermotransferetikett 50,8 mm x 101 mm","og_description":"Hochtemperaturbest\u00e4ndige permanente Etiketten zur Kennzeichnung verschiedener Beh\u00e4lter und Oberfl\u00e4chen, die einer Autoklavierung und Trockenhitzesterilisation unterzogen werden.","og_url":"https:\/\/d-identify.be\/de\/produkt\/permanentes-autoklav-thermotransferetikett-508-mm-x-101-mm\/","og_site_name":"d-identify","og_image":[{"width":907,"height":907,"url":"https:\/\/d-identify.be\/wp-content\/uploads\/2021\/07\/AC-50.8x101-P-C1-1K-YL.png","type":"image\/png"}],"twitter_card":"summary_large_image","twitter_misc":{"Gesch\u00e4tzte Lesezeit":"1\u00a0Minute"},"schema":{"@context":"https:\/\/schema.org","@graph":[{"@type":"WebPage","@id":"https:\/\/d-identify.be\/de\/produkt\/permanentes-autoklav-thermotransferetikett-508-mm-x-101-mm\/","url":"https:\/\/d-identify.be\/de\/produkt\/permanentes-autoklav-thermotransferetikett-508-mm-x-101-mm\/","name":"Permanentes Autoklav-Thermotransferetikett 50,8 mm x 101 mm - d-identify","isPartOf":{"@id":"https:\/\/d-identify.be\/de\/#website"},"primaryImageOfPage":{"@id":"https:\/\/d-identify.be\/de\/produkt\/permanentes-autoklav-thermotransferetikett-508-mm-x-101-mm\/#primaryimage"},"image":{"@id":"https:\/\/d-identify.be\/de\/produkt\/permanentes-autoklav-thermotransferetikett-508-mm-x-101-mm\/#primaryimage"},"thumbnailUrl":"https:\/\/d-identify.be\/wp-content\/uploads\/2021\/07\/AC-50.8x101-P-C1-1K-YL.png","datePublished":"2021-07-26T10:40:53+00:00","description":"Hochtemperaturbest\u00e4ndige permanente Etiketten zur Kennzeichnung verschiedener Beh\u00e4lter und Oberfl\u00e4chen, die einer Autoklavierung und Trockenhitzesterilisation unterzogen werden.","breadcrumb":{"@id":"https:\/\/d-identify.be\/de\/produkt\/permanentes-autoklav-thermotransferetikett-508-mm-x-101-mm\/#breadcrumb"},"inLanguage":"de","potentialAction":[{"@type":"ReadAction","target":["https:\/\/d-identify.be\/de\/produkt\/permanentes-autoklav-thermotransferetikett-508-mm-x-101-mm\/"]}]},{"@type":"ImageObject","inLanguage":"de","@id":"https:\/\/d-identify.be\/de\/produkt\/permanentes-autoklav-thermotransferetikett-508-mm-x-101-mm\/#primaryimage","url":"https:\/\/d-identify.be\/wp-content\/uploads\/2021\/07\/AC-50.8x101-P-C1-1K-YL.png","contentUrl":"https:\/\/d-identify.be\/wp-content\/uploads\/2021\/07\/AC-50.8x101-P-C1-1K-YL.png","width":907,"height":907,"caption":"Permanent Autoclave Thermal transfer label 50.8mm x 101mm"},{"@type":"BreadcrumbList","@id":"https:\/\/d-identify.be\/de\/produkt\/permanentes-autoklav-thermotransferetikett-508-mm-x-101-mm\/#breadcrumb","itemListElement":[{"@type":"ListItem","position":1,"name":"Home","item":"https:\/\/d-identify.be\/de\/home-2\/"},{"@type":"ListItem","position":2,"name":"Shop","item":"https:\/\/d-identify.be\/shop-2\/"},{"@type":"ListItem","position":3,"name":"Permanentes Autoklav-Thermotransferetikett 50,8 mm x 101 mm"}]},{"@type":"WebSite","@id":"https:\/\/d-identify.be\/de\/#website","url":"https:\/\/d-identify.be\/de\/","name":"d-identify","description":"Industrial identification - Lockout - Tagout - Floor marking","potentialAction":[{"@type":"SearchAction","target":{"@type":"EntryPoint","urlTemplate":"https:\/\/d-identify.be\/de\/?s={search_term_string}"},"query-input":{"@type":"PropertyValueSpecification","valueRequired":true,"valueName":"search_term_string"}}],"inLanguage":"de"}]}},"_links":{"self":[{"href":"https:\/\/d-identify.be\/de\/wp-json\/wp\/v2\/product\/50732","targetHints":{"allow":["GET"]}}],"collection":[{"href":"https:\/\/d-identify.be\/de\/wp-json\/wp\/v2\/product"}],"about":[{"href":"https:\/\/d-identify.be\/de\/wp-json\/wp\/v2\/types\/product"}],"replies":[{"embeddable":true,"href":"https:\/\/d-identify.be\/de\/wp-json\/wp\/v2\/comments?post=50732"}],"wp:featuredmedia":[{"embeddable":true,"href":"https:\/\/d-identify.be\/de\/wp-json\/wp\/v2\/media\/26764"}],"wp:attachment":[{"href":"https:\/\/d-identify.be\/de\/wp-json\/wp\/v2\/media?parent=50732"}],"wp:term":[{"taxonomy":"product_brand","embeddable":true,"href":"https:\/\/d-identify.be\/de\/wp-json\/wp\/v2\/product_brand?post=50732"},{"taxonomy":"product_cat","embeddable":true,"href":"https:\/\/d-identify.be\/de\/wp-json\/wp\/v2\/product_cat?post=50732"},{"taxonomy":"product_tag","embeddable":true,"href":"https:\/\/d-identify.be\/de\/wp-json\/wp\/v2\/product_tag?post=50732"},{"taxonomy":"pa_connextion-shapes","embeddable":true,"href":"https:\/\/d-identify.be\/de\/wp-json\/wp\/v2\/pa_connextion-shapes?post=50732"}],"curies":[{"name":"wp","href":"https:\/\/api.w.org\/{rel}","templated":true}]}}