{"id":50695,"date":"2021-07-26T12:41:21","date_gmt":"2021-07-26T10:41:21","guid":{"rendered":"https:\/\/d-identify.be\/product\/abnehmbares-autoklav-thermotransferetikett-76-mm-x-508-mm\/"},"modified":"2021-07-26T12:41:21","modified_gmt":"2021-07-26T10:41:21","slug":"abnehmbares-autoklav-thermotransferetikett-76-mm-x-508-mm","status":"publish","type":"product","link":"https:\/\/d-identify.be\/de\/produkt\/abnehmbares-autoklav-thermotransferetikett-76-mm-x-508-mm\/","title":{"rendered":"Abnehmbares Autoklav-Thermotransferetikett 76 mm x 50,8 mm"},"content":{"rendered":"<p>Abnehmbare, autoklavbest\u00e4ndige Etiketten sind ideal f\u00fcr Metall-, Kunststoff- und Glasoberfl\u00e4chen. Auch f\u00fcr chirurgische Instrumente, Glaswaren, Tabletts, Blisterpackungen und andere Artikel, die f\u00fcr den Einsatz in Dampfautoklaven, \u00d6fen, Gammabestrahlungsger\u00e4ten und der Ethylenoxid-Sterilisation vorgesehen sind. Unsere haltbaren Autoklav-Thermotransferetiketten hinterlassen nach dem Entfernen keine Kleber\u00fcckst\u00e4nde. Sie sind Wetter &amp; wasserfest, alkoholbest\u00e4ndig und auf bis zu 20 Autoklavenzyklen getestet. (bei 121 \u00b0C, 16,5 psi f\u00fcr 20 Minuten). Kompatibel mit allen gro\u00dfen Marken von Thermotransferdruckern.     <\/p>\n<p><strong>Vorteile:<\/strong><\/p>\n<ul>\n<li>Der handschuhfreundliche Klebstoff klebt nicht an Ihren Handschuhen und sorgt daf\u00fcr, dass sich die Etiketten leicht entfernen lassen, ohne dass Klebstoffr\u00fcckst\u00e4nde zur\u00fcckbleiben<\/li>\n<li>Kann erh\u00f6hten Temperaturen standhalten, ideal f\u00fcr Autoklav-Sterilisationszyklen, ideal f\u00fcr mehrere Autoklav-Sterilisationszyklen bei 121 \u00b0C und 16,5 psi Druck f\u00fcr 20 Minuten, Gammabestrahlung (bis zu 50 kgy) und Ethylenoxid-Sterilisation<\/li>\n<li>Bedruckbar mit allen g\u00e4ngigen Thermotransferdrucker-Marken<\/li>\n<\/ul>\n","protected":false},"excerpt":{"rendered":"<p>Abnehmbare, autoklavbest\u00e4ndige Etiketten sind ideal f\u00fcr Metall-, Kunststoff- und Glasoberfl\u00e4chen. Auch f\u00fcr chirurgische Instrumente, Glaswaren, Tabletts, Blisterpackungen und andere Artikel, die f\u00fcr den Einsatz in Dampfautoklaven, \u00d6fen, Gammabestrahlungsger\u00e4ten und der Ethylenoxid-Sterilisation vorgesehen sind. Unsere haltbaren Autoklav-Thermotransferetiketten hinterlassen nach dem Entfernen keine Kleber\u00fcckst\u00e4nde. Sie sind Wetter &amp; wasserfest, alkoholbest\u00e4ndig und auf bis zu 20 Autoklavenzyklen getestet. (bei 121 \u00b0C, 16,5 psi f\u00fcr 20 Minuten). Kompatibel mit allen gro\u00dfen Marken von Thermotransferdruckern.     <\/p>\n","protected":false},"featured_media":26668,"comment_status":"open","ping_status":"closed","template":"","meta":{"_acf_changed":false,"_et_pb_use_builder":"","_et_pb_old_content":"","_et_gb_content_width":""},"product_brand":[],"product_cat":[684,687],"product_tag":[],"pa_connextion-shapes":[],"class_list":{"0":"post-50695","1":"product","2":"type-product","3":"status-publish","4":"has-post-thumbnail","6":"product_cat-laboratoriumsetiketten","7":"product_cat-autoklaven-etiketten","9":"first","10":"instock","11":"taxable","12":"shipping-taxable","13":"purchasable","14":"product-type-variable","15":"has-default-attributes"},"exclude_global_add_ons":[],"addons":[],"acf":[],"yoast_head":"<!-- This site is optimized with the Yoast SEO Premium plugin v27.0 (Yoast SEO v27.1) - https:\/\/yoast.com\/product\/yoast-seo-premium-wordpress\/ -->\n<title>Abnehmbares Autoklav-Thermotransferetikett 76 mm x 50,8 mm<\/title>\n<meta name=\"description\" content=\"Abnehmbare, autoklavbest\u00e4ndige Etiketten, ideal f\u00fcr Metall-, Kunststoff- und Glasoberfl\u00e4chen, einschlie\u00dflich chirurgischer Instrumente, Glaswaren, Tabletts, Blisterpackungen usw.\" \/>\n<meta name=\"robots\" content=\"index, follow, max-snippet:-1, max-image-preview:large, max-video-preview:-1\" \/>\n<link rel=\"canonical\" href=\"https:\/\/d-identify.be\/de\/produkt\/abnehmbares-autoklav-thermotransferetikett-76-mm-x-508-mm\/\" \/>\n<meta property=\"og:locale\" content=\"de_DE\" \/>\n<meta property=\"og:type\" content=\"article\" \/>\n<meta property=\"og:title\" content=\"Abnehmbares Autoklav-Thermotransferetikett 76 mm x 50,8 mm\" \/>\n<meta property=\"og:description\" content=\"Abnehmbare, autoklavbest\u00e4ndige Etiketten, ideal f\u00fcr Metall-, Kunststoff- und Glasoberfl\u00e4chen, einschlie\u00dflich chirurgischer Instrumente, Glaswaren, Tabletts, Blisterpackungen usw.\" \/>\n<meta property=\"og:url\" content=\"https:\/\/d-identify.be\/de\/produkt\/abnehmbares-autoklav-thermotransferetikett-76-mm-x-508-mm\/\" \/>\n<meta property=\"og:site_name\" content=\"d-identify\" \/>\n<meta property=\"og:image\" content=\"https:\/\/d-identify.be\/wp-content\/uploads\/2021\/07\/AC-76x50.8-R-C1-1K-WH.png\" \/>\n\t<meta property=\"og:image:width\" content=\"907\" \/>\n\t<meta property=\"og:image:height\" content=\"907\" \/>\n\t<meta property=\"og:image:type\" content=\"image\/png\" \/>\n<meta name=\"twitter:card\" content=\"summary_large_image\" \/>\n<meta name=\"twitter:label1\" content=\"Gesch\u00e4tzte Lesezeit\" \/>\n\t<meta name=\"twitter:data1\" content=\"1\u00a0Minute\" \/>\n<script type=\"application\/ld+json\" class=\"yoast-schema-graph\">{\"@context\":\"https:\/\/schema.org\",\"@graph\":[{\"@type\":\"WebPage\",\"@id\":\"https:\/\/d-identify.be\/de\/produkt\/abnehmbares-autoklav-thermotransferetikett-76-mm-x-508-mm\/\",\"url\":\"https:\/\/d-identify.be\/de\/produkt\/abnehmbares-autoklav-thermotransferetikett-76-mm-x-508-mm\/\",\"name\":\"Abnehmbares Autoklav-Thermotransferetikett 76 mm x 50,8 mm\",\"isPartOf\":{\"@id\":\"https:\/\/d-identify.be\/de\/#website\"},\"primaryImageOfPage\":{\"@id\":\"https:\/\/d-identify.be\/de\/produkt\/abnehmbares-autoklav-thermotransferetikett-76-mm-x-508-mm\/#primaryimage\"},\"image\":{\"@id\":\"https:\/\/d-identify.be\/de\/produkt\/abnehmbares-autoklav-thermotransferetikett-76-mm-x-508-mm\/#primaryimage\"},\"thumbnailUrl\":\"https:\/\/d-identify.be\/wp-content\/uploads\/2021\/07\/AC-76x50.8-R-C1-1K-WH.png\",\"datePublished\":\"2021-07-26T10:41:21+00:00\",\"description\":\"Abnehmbare, autoklavbest\u00e4ndige Etiketten, ideal f\u00fcr Metall-, Kunststoff- und Glasoberfl\u00e4chen, einschlie\u00dflich chirurgischer Instrumente, Glaswaren, Tabletts, Blisterpackungen usw.\",\"breadcrumb\":{\"@id\":\"https:\/\/d-identify.be\/de\/produkt\/abnehmbares-autoklav-thermotransferetikett-76-mm-x-508-mm\/#breadcrumb\"},\"inLanguage\":\"de\",\"potentialAction\":[{\"@type\":\"ReadAction\",\"target\":[\"https:\/\/d-identify.be\/de\/produkt\/abnehmbares-autoklav-thermotransferetikett-76-mm-x-508-mm\/\"]}]},{\"@type\":\"ImageObject\",\"inLanguage\":\"de\",\"@id\":\"https:\/\/d-identify.be\/de\/produkt\/abnehmbares-autoklav-thermotransferetikett-76-mm-x-508-mm\/#primaryimage\",\"url\":\"https:\/\/d-identify.be\/wp-content\/uploads\/2021\/07\/AC-76x50.8-R-C1-1K-WH.png\",\"contentUrl\":\"https:\/\/d-identify.be\/wp-content\/uploads\/2021\/07\/AC-76x50.8-R-C1-1K-WH.png\",\"width\":907,\"height\":907,\"caption\":\"Removable Autoclave Thermal transfer label 76mm x 50.8mm\"},{\"@type\":\"BreadcrumbList\",\"@id\":\"https:\/\/d-identify.be\/de\/produkt\/abnehmbares-autoklav-thermotransferetikett-76-mm-x-508-mm\/#breadcrumb\",\"itemListElement\":[{\"@type\":\"ListItem\",\"position\":1,\"name\":\"Home\",\"item\":\"https:\/\/d-identify.be\/de\/home-2\/\"},{\"@type\":\"ListItem\",\"position\":2,\"name\":\"Shop\",\"item\":\"https:\/\/d-identify.be\/shop-2\/\"},{\"@type\":\"ListItem\",\"position\":3,\"name\":\"Abnehmbares Autoklav-Thermotransferetikett 76 mm x 50,8 mm\"}]},{\"@type\":\"WebSite\",\"@id\":\"https:\/\/d-identify.be\/de\/#website\",\"url\":\"https:\/\/d-identify.be\/de\/\",\"name\":\"d-identify\",\"description\":\"Industrial identification - Lockout - Tagout - Floor marking\",\"potentialAction\":[{\"@type\":\"SearchAction\",\"target\":{\"@type\":\"EntryPoint\",\"urlTemplate\":\"https:\/\/d-identify.be\/de\/?s={search_term_string}\"},\"query-input\":{\"@type\":\"PropertyValueSpecification\",\"valueRequired\":true,\"valueName\":\"search_term_string\"}}],\"inLanguage\":\"de\"}]}<\/script>\n<!-- \/ Yoast SEO Premium plugin. -->","yoast_head_json":{"title":"Abnehmbares Autoklav-Thermotransferetikett 76 mm x 50,8 mm","description":"Abnehmbare, autoklavbest\u00e4ndige Etiketten, ideal f\u00fcr Metall-, Kunststoff- und Glasoberfl\u00e4chen, einschlie\u00dflich chirurgischer Instrumente, Glaswaren, Tabletts, Blisterpackungen usw.","robots":{"index":"index","follow":"follow","max-snippet":"max-snippet:-1","max-image-preview":"max-image-preview:large","max-video-preview":"max-video-preview:-1"},"canonical":"https:\/\/d-identify.be\/de\/produkt\/abnehmbares-autoklav-thermotransferetikett-76-mm-x-508-mm\/","og_locale":"de_DE","og_type":"article","og_title":"Abnehmbares Autoklav-Thermotransferetikett 76 mm x 50,8 mm","og_description":"Abnehmbare, autoklavbest\u00e4ndige Etiketten, ideal f\u00fcr Metall-, Kunststoff- und Glasoberfl\u00e4chen, einschlie\u00dflich chirurgischer Instrumente, Glaswaren, Tabletts, Blisterpackungen usw.","og_url":"https:\/\/d-identify.be\/de\/produkt\/abnehmbares-autoklav-thermotransferetikett-76-mm-x-508-mm\/","og_site_name":"d-identify","og_image":[{"width":907,"height":907,"url":"https:\/\/d-identify.be\/wp-content\/uploads\/2021\/07\/AC-76x50.8-R-C1-1K-WH.png","type":"image\/png"}],"twitter_card":"summary_large_image","twitter_misc":{"Gesch\u00e4tzte Lesezeit":"1\u00a0Minute"},"schema":{"@context":"https:\/\/schema.org","@graph":[{"@type":"WebPage","@id":"https:\/\/d-identify.be\/de\/produkt\/abnehmbares-autoklav-thermotransferetikett-76-mm-x-508-mm\/","url":"https:\/\/d-identify.be\/de\/produkt\/abnehmbares-autoklav-thermotransferetikett-76-mm-x-508-mm\/","name":"Abnehmbares Autoklav-Thermotransferetikett 76 mm x 50,8 mm","isPartOf":{"@id":"https:\/\/d-identify.be\/de\/#website"},"primaryImageOfPage":{"@id":"https:\/\/d-identify.be\/de\/produkt\/abnehmbares-autoklav-thermotransferetikett-76-mm-x-508-mm\/#primaryimage"},"image":{"@id":"https:\/\/d-identify.be\/de\/produkt\/abnehmbares-autoklav-thermotransferetikett-76-mm-x-508-mm\/#primaryimage"},"thumbnailUrl":"https:\/\/d-identify.be\/wp-content\/uploads\/2021\/07\/AC-76x50.8-R-C1-1K-WH.png","datePublished":"2021-07-26T10:41:21+00:00","description":"Abnehmbare, autoklavbest\u00e4ndige Etiketten, ideal f\u00fcr Metall-, Kunststoff- und Glasoberfl\u00e4chen, einschlie\u00dflich chirurgischer Instrumente, Glaswaren, Tabletts, Blisterpackungen usw.","breadcrumb":{"@id":"https:\/\/d-identify.be\/de\/produkt\/abnehmbares-autoklav-thermotransferetikett-76-mm-x-508-mm\/#breadcrumb"},"inLanguage":"de","potentialAction":[{"@type":"ReadAction","target":["https:\/\/d-identify.be\/de\/produkt\/abnehmbares-autoklav-thermotransferetikett-76-mm-x-508-mm\/"]}]},{"@type":"ImageObject","inLanguage":"de","@id":"https:\/\/d-identify.be\/de\/produkt\/abnehmbares-autoklav-thermotransferetikett-76-mm-x-508-mm\/#primaryimage","url":"https:\/\/d-identify.be\/wp-content\/uploads\/2021\/07\/AC-76x50.8-R-C1-1K-WH.png","contentUrl":"https:\/\/d-identify.be\/wp-content\/uploads\/2021\/07\/AC-76x50.8-R-C1-1K-WH.png","width":907,"height":907,"caption":"Removable Autoclave Thermal transfer label 76mm x 50.8mm"},{"@type":"BreadcrumbList","@id":"https:\/\/d-identify.be\/de\/produkt\/abnehmbares-autoklav-thermotransferetikett-76-mm-x-508-mm\/#breadcrumb","itemListElement":[{"@type":"ListItem","position":1,"name":"Home","item":"https:\/\/d-identify.be\/de\/home-2\/"},{"@type":"ListItem","position":2,"name":"Shop","item":"https:\/\/d-identify.be\/shop-2\/"},{"@type":"ListItem","position":3,"name":"Abnehmbares Autoklav-Thermotransferetikett 76 mm x 50,8 mm"}]},{"@type":"WebSite","@id":"https:\/\/d-identify.be\/de\/#website","url":"https:\/\/d-identify.be\/de\/","name":"d-identify","description":"Industrial identification - Lockout - Tagout - Floor marking","potentialAction":[{"@type":"SearchAction","target":{"@type":"EntryPoint","urlTemplate":"https:\/\/d-identify.be\/de\/?s={search_term_string}"},"query-input":{"@type":"PropertyValueSpecification","valueRequired":true,"valueName":"search_term_string"}}],"inLanguage":"de"}]}},"_links":{"self":[{"href":"https:\/\/d-identify.be\/de\/wp-json\/wp\/v2\/product\/50695","targetHints":{"allow":["GET"]}}],"collection":[{"href":"https:\/\/d-identify.be\/de\/wp-json\/wp\/v2\/product"}],"about":[{"href":"https:\/\/d-identify.be\/de\/wp-json\/wp\/v2\/types\/product"}],"replies":[{"embeddable":true,"href":"https:\/\/d-identify.be\/de\/wp-json\/wp\/v2\/comments?post=50695"}],"wp:featuredmedia":[{"embeddable":true,"href":"https:\/\/d-identify.be\/de\/wp-json\/wp\/v2\/media\/26668"}],"wp:attachment":[{"href":"https:\/\/d-identify.be\/de\/wp-json\/wp\/v2\/media?parent=50695"}],"wp:term":[{"taxonomy":"product_brand","embeddable":true,"href":"https:\/\/d-identify.be\/de\/wp-json\/wp\/v2\/product_brand?post=50695"},{"taxonomy":"product_cat","embeddable":true,"href":"https:\/\/d-identify.be\/de\/wp-json\/wp\/v2\/product_cat?post=50695"},{"taxonomy":"product_tag","embeddable":true,"href":"https:\/\/d-identify.be\/de\/wp-json\/wp\/v2\/product_tag?post=50695"},{"taxonomy":"pa_connextion-shapes","embeddable":true,"href":"https:\/\/d-identify.be\/de\/wp-json\/wp\/v2\/pa_connextion-shapes?post=50695"}],"curies":[{"name":"wp","href":"https:\/\/api.w.org\/{rel}","templated":true}]}}