{"id":50689,"date":"2021-07-26T12:41:48","date_gmt":"2021-07-26T10:41:48","guid":{"rendered":"https:\/\/d-identify.be\/product\/dampfsterilisationsindikator-thermotransferetikett-76-mm-x-508-mm\/"},"modified":"2021-07-26T12:41:48","modified_gmt":"2021-07-26T10:41:48","slug":"dampfsterilisationsindikator-thermotransferetikett-76-mm-x-508-mm","status":"publish","type":"product","link":"https:\/\/d-identify.be\/de\/produkt\/dampfsterilisationsindikator-thermotransferetikett-76-mm-x-508-mm\/","title":{"rendered":"Dampfsterilisationsindikator Thermotransferetikett 76 mm x 50,8 mm"},"content":{"rendered":"<h3>Dampfsterilisationsindikator-Thermotransferetikett<\/h3>\n<p>Diese dauerhaft autoklavfesten Etiketten k\u00f6nnen per Thermotransfer mit scharfem, wischfestem, serialisiertem Text und Barcodes bedruckt werden. Sie sind mit einem Indikatorstreifen beschichtet, der nach dem Autoklavieren der Etiketten merklich seine Farbe \u00e4ndert. Ideal zur Kennzeichnung von Kunststoff-, Glas- und Metalloberfl\u00e4chen. Der Dampfsterilisationsindikator kann zum Etikettieren von Kunststoffwaren, Glaswaren, chirurgischen Instrumenten und Tabletts, Blisterpackungen, Sterilisationsbeuteln, Genesis\u2122\ufe0f-Sterilisationsbeh\u00e4ltern und mehr verwendet werden. Gammastrahlung (bis zu 50 KGy) sowie Ethylenoxidbest\u00e4ndigkeit. Perfekt geeignet f\u00fcr den Einsatz im Temperaturbereich von -60 \u00b0C bis +150 \u00b0C.     <\/p>\n<p><strong>Vorteile:<\/strong><\/p>\n<ul>\n<li>Mithilfe von Autoklav-Indikatorstreifen k\u00f6nnen Sie schnell und einfach erkennen, ob das Material tats\u00e4chlich autoklaviert wurde. Ohne die Notwendigkeit, zus\u00e4tzliches Autoklav-Sterilisationsband zu verwenden. <\/li>\n<li>Bedruckbar mit allen g\u00e4ngigen Marken von Thermotransferdruckern.<\/li>\n<li>Kann hohen Temperaturen und Sattdampf standhalten. Ideal f\u00fcr Autoklav-Sterilisationszyklen bei 121 \u00b0C (250 \u00b0F) und 16,5 psi Druck. <\/li>\n<\/ul>\n<p><strong><span style=\"color: #ff6600;\">*<\/span><\/strong>Etiketten mit Dampfsterilisationsindikatoren sind nicht als Sterilit\u00e4tsindikatoren gedacht, sondern eher zur Identifizierung von Gegenst\u00e4nden, die einen Autoklavenzyklus durchlaufen haben. Zur \u00dcberwachung der Belastung durch Dampfsterilisationsverfahren wird ein Indikatorstreifen verwendet. <span style=\"color: #ff6600;\">*<\/span>Etiketten sind nicht f\u00fcr den Kontakt mit Chemikalien geeignet, da die Indikatorstreifen durch Reiben mit aggressiven Chemikalien und L\u00f6sungsmitteln entfernt werden k\u00f6nnten. <\/p>\n<p>&nbsp;<\/p>\n","protected":false},"excerpt":{"rendered":"<p>Diese permanenten, autoklavbest\u00e4ndigen Etiketten vereinen zwei einzigartige Eigenschaften und sind per Thermotransfer mit scharfen, wischfesten, serialisierten Texten und Barcodes bedruckbar. Sie sind mit einem Indikatorstreifen beschichtet, der die Farbe (von Wei\u00df zu Anthrazit) deutlich \u00e4ndert, wenn die Etiketten entfernt wurden autoklaviert. Sie eignen sich ideal zur Kennzeichnung von Kunststoff-, Glas- und Metalloberfl\u00e4chen und k\u00f6nnen zum Etikettieren von Kunststoffwaren, Glaswaren, chirurgischen Instrumenten und Tabletts, Blisterpackungen, Sterilisationsbeuteln, Genesis\u2122\ufe0f-Sterilisationsbeh\u00e4ltern und mehr verwendet werden. Gammastrahlung (bis zu 50 KGy) sowie Ethylenoxidbest\u00e4ndigkeit. Perfekt geeignet f\u00fcr den Einsatz im Temperaturbereich von -60 \u00b0C bis +150 \u00b0C.   <\/p>\n","protected":false},"featured_media":26522,"comment_status":"open","ping_status":"closed","template":"","meta":{"_acf_changed":false,"_et_pb_use_builder":"","_et_pb_old_content":"","_et_gb_content_width":""},"product_brand":[],"product_cat":[684,687],"product_tag":[962],"pa_connextion-shapes":[],"class_list":{"0":"post-50689","1":"product","2":"type-product","3":"status-publish","4":"has-post-thumbnail","6":"product_cat-laboratoriumsetiketten","7":"product_cat-autoklaven-etiketten","8":"product_tag-d-identify-de","10":"first","11":"instock","12":"taxable","13":"shipping-taxable","14":"purchasable","15":"product-type-variable","16":"has-default-attributes"},"exclude_global_add_ons":[],"addons":[],"acf":[],"yoast_head":"<!-- This site is optimized with the Yoast SEO Premium plugin v27.0 (Yoast SEO v27.1) - https:\/\/yoast.com\/product\/yoast-seo-premium-wordpress\/ -->\n<title>Dampfsterilisationsindikator Thermotransfer<\/title>\n<meta name=\"description\" content=\"Diese permanenten, autoklavbest\u00e4ndigen Etiketten vereinen zwei einzigartige Eigenschaften und sind per Thermotransfer mit scharfem, wischfestem, serialisiertem Text bedruckbar und ...\" \/>\n<meta name=\"robots\" content=\"index, follow, max-snippet:-1, max-image-preview:large, max-video-preview:-1\" \/>\n<link rel=\"canonical\" href=\"https:\/\/d-identify.be\/de\/produkt\/dampfsterilisationsindikator-thermotransferetikett-76-mm-x-508-mm\/\" \/>\n<meta property=\"og:locale\" content=\"de_DE\" \/>\n<meta property=\"og:type\" content=\"article\" \/>\n<meta property=\"og:title\" content=\"Dampfsterilisationsindikator Thermotransferetikett 76 mm x 50,8 mm\" \/>\n<meta property=\"og:description\" content=\"Diese permanenten, autoklavbest\u00e4ndigen Etiketten vereinen zwei einzigartige Eigenschaften und sind per Thermotransfer mit scharfem, wischfestem, serialisiertem Text bedruckbar und ...\" \/>\n<meta property=\"og:url\" content=\"https:\/\/d-identify.be\/de\/produkt\/dampfsterilisationsindikator-thermotransferetikett-76-mm-x-508-mm\/\" \/>\n<meta property=\"og:site_name\" content=\"d-identify\" \/>\n<meta property=\"og:image\" content=\"https:\/\/d-identify.be\/wp-content\/uploads\/2021\/07\/ACI-76x50.8-R-C1-1K-WH.png\" \/>\n\t<meta property=\"og:image:width\" content=\"1058\" \/>\n\t<meta property=\"og:image:height\" content=\"1058\" \/>\n\t<meta property=\"og:image:type\" content=\"image\/png\" \/>\n<meta name=\"twitter:card\" content=\"summary_large_image\" \/>\n<meta name=\"twitter:label1\" content=\"Gesch\u00e4tzte Lesezeit\" \/>\n\t<meta name=\"twitter:data1\" content=\"1\u00a0Minute\" \/>\n<script type=\"application\/ld+json\" class=\"yoast-schema-graph\">{\"@context\":\"https:\/\/schema.org\",\"@graph\":[{\"@type\":\"WebPage\",\"@id\":\"https:\/\/d-identify.be\/de\/produkt\/dampfsterilisationsindikator-thermotransferetikett-76-mm-x-508-mm\/\",\"url\":\"https:\/\/d-identify.be\/de\/produkt\/dampfsterilisationsindikator-thermotransferetikett-76-mm-x-508-mm\/\",\"name\":\"Dampfsterilisationsindikator Thermotransfer\",\"isPartOf\":{\"@id\":\"https:\/\/d-identify.be\/de\/#website\"},\"primaryImageOfPage\":{\"@id\":\"https:\/\/d-identify.be\/de\/produkt\/dampfsterilisationsindikator-thermotransferetikett-76-mm-x-508-mm\/#primaryimage\"},\"image\":{\"@id\":\"https:\/\/d-identify.be\/de\/produkt\/dampfsterilisationsindikator-thermotransferetikett-76-mm-x-508-mm\/#primaryimage\"},\"thumbnailUrl\":\"https:\/\/d-identify.be\/wp-content\/uploads\/2021\/07\/ACI-76x50.8-R-C1-1K-WH.png\",\"datePublished\":\"2021-07-26T10:41:48+00:00\",\"description\":\"Diese permanenten, autoklavbest\u00e4ndigen Etiketten vereinen zwei einzigartige Eigenschaften und sind per Thermotransfer mit scharfem, wischfestem, serialisiertem Text bedruckbar und ...\",\"breadcrumb\":{\"@id\":\"https:\/\/d-identify.be\/de\/produkt\/dampfsterilisationsindikator-thermotransferetikett-76-mm-x-508-mm\/#breadcrumb\"},\"inLanguage\":\"de\",\"potentialAction\":[{\"@type\":\"ReadAction\",\"target\":[\"https:\/\/d-identify.be\/de\/produkt\/dampfsterilisationsindikator-thermotransferetikett-76-mm-x-508-mm\/\"]}]},{\"@type\":\"ImageObject\",\"inLanguage\":\"de\",\"@id\":\"https:\/\/d-identify.be\/de\/produkt\/dampfsterilisationsindikator-thermotransferetikett-76-mm-x-508-mm\/#primaryimage\",\"url\":\"https:\/\/d-identify.be\/wp-content\/uploads\/2021\/07\/ACI-76x50.8-R-C1-1K-WH.png\",\"contentUrl\":\"https:\/\/d-identify.be\/wp-content\/uploads\/2021\/07\/ACI-76x50.8-R-C1-1K-WH.png\",\"width\":1058,\"height\":1058,\"caption\":\"Steam Sterilization Indicator Thermal transfer label 76mm x 50.8mm\"},{\"@type\":\"BreadcrumbList\",\"@id\":\"https:\/\/d-identify.be\/de\/produkt\/dampfsterilisationsindikator-thermotransferetikett-76-mm-x-508-mm\/#breadcrumb\",\"itemListElement\":[{\"@type\":\"ListItem\",\"position\":1,\"name\":\"Home\",\"item\":\"https:\/\/d-identify.be\/de\/home-2\/\"},{\"@type\":\"ListItem\",\"position\":2,\"name\":\"Shop\",\"item\":\"https:\/\/d-identify.be\/shop-2\/\"},{\"@type\":\"ListItem\",\"position\":3,\"name\":\"Dampfsterilisationsindikator Thermotransferetikett 76 mm x 50,8 mm\"}]},{\"@type\":\"WebSite\",\"@id\":\"https:\/\/d-identify.be\/de\/#website\",\"url\":\"https:\/\/d-identify.be\/de\/\",\"name\":\"d-identify\",\"description\":\"Industrial identification - Lockout - Tagout - Floor marking\",\"potentialAction\":[{\"@type\":\"SearchAction\",\"target\":{\"@type\":\"EntryPoint\",\"urlTemplate\":\"https:\/\/d-identify.be\/de\/?s={search_term_string}\"},\"query-input\":{\"@type\":\"PropertyValueSpecification\",\"valueRequired\":true,\"valueName\":\"search_term_string\"}}],\"inLanguage\":\"de\"}]}<\/script>\n<!-- \/ Yoast SEO Premium plugin. -->","yoast_head_json":{"title":"Dampfsterilisationsindikator Thermotransfer","description":"Diese permanenten, autoklavbest\u00e4ndigen Etiketten vereinen zwei einzigartige Eigenschaften und sind per Thermotransfer mit scharfem, wischfestem, serialisiertem Text bedruckbar und ...","robots":{"index":"index","follow":"follow","max-snippet":"max-snippet:-1","max-image-preview":"max-image-preview:large","max-video-preview":"max-video-preview:-1"},"canonical":"https:\/\/d-identify.be\/de\/produkt\/dampfsterilisationsindikator-thermotransferetikett-76-mm-x-508-mm\/","og_locale":"de_DE","og_type":"article","og_title":"Dampfsterilisationsindikator Thermotransferetikett 76 mm x 50,8 mm","og_description":"Diese permanenten, autoklavbest\u00e4ndigen Etiketten vereinen zwei einzigartige Eigenschaften und sind per Thermotransfer mit scharfem, wischfestem, serialisiertem Text bedruckbar und ...","og_url":"https:\/\/d-identify.be\/de\/produkt\/dampfsterilisationsindikator-thermotransferetikett-76-mm-x-508-mm\/","og_site_name":"d-identify","og_image":[{"width":1058,"height":1058,"url":"https:\/\/d-identify.be\/wp-content\/uploads\/2021\/07\/ACI-76x50.8-R-C1-1K-WH.png","type":"image\/png"}],"twitter_card":"summary_large_image","twitter_misc":{"Gesch\u00e4tzte Lesezeit":"1\u00a0Minute"},"schema":{"@context":"https:\/\/schema.org","@graph":[{"@type":"WebPage","@id":"https:\/\/d-identify.be\/de\/produkt\/dampfsterilisationsindikator-thermotransferetikett-76-mm-x-508-mm\/","url":"https:\/\/d-identify.be\/de\/produkt\/dampfsterilisationsindikator-thermotransferetikett-76-mm-x-508-mm\/","name":"Dampfsterilisationsindikator Thermotransfer","isPartOf":{"@id":"https:\/\/d-identify.be\/de\/#website"},"primaryImageOfPage":{"@id":"https:\/\/d-identify.be\/de\/produkt\/dampfsterilisationsindikator-thermotransferetikett-76-mm-x-508-mm\/#primaryimage"},"image":{"@id":"https:\/\/d-identify.be\/de\/produkt\/dampfsterilisationsindikator-thermotransferetikett-76-mm-x-508-mm\/#primaryimage"},"thumbnailUrl":"https:\/\/d-identify.be\/wp-content\/uploads\/2021\/07\/ACI-76x50.8-R-C1-1K-WH.png","datePublished":"2021-07-26T10:41:48+00:00","description":"Diese permanenten, autoklavbest\u00e4ndigen Etiketten vereinen zwei einzigartige Eigenschaften und sind per Thermotransfer mit scharfem, wischfestem, serialisiertem Text bedruckbar und ...","breadcrumb":{"@id":"https:\/\/d-identify.be\/de\/produkt\/dampfsterilisationsindikator-thermotransferetikett-76-mm-x-508-mm\/#breadcrumb"},"inLanguage":"de","potentialAction":[{"@type":"ReadAction","target":["https:\/\/d-identify.be\/de\/produkt\/dampfsterilisationsindikator-thermotransferetikett-76-mm-x-508-mm\/"]}]},{"@type":"ImageObject","inLanguage":"de","@id":"https:\/\/d-identify.be\/de\/produkt\/dampfsterilisationsindikator-thermotransferetikett-76-mm-x-508-mm\/#primaryimage","url":"https:\/\/d-identify.be\/wp-content\/uploads\/2021\/07\/ACI-76x50.8-R-C1-1K-WH.png","contentUrl":"https:\/\/d-identify.be\/wp-content\/uploads\/2021\/07\/ACI-76x50.8-R-C1-1K-WH.png","width":1058,"height":1058,"caption":"Steam Sterilization Indicator Thermal transfer label 76mm x 50.8mm"},{"@type":"BreadcrumbList","@id":"https:\/\/d-identify.be\/de\/produkt\/dampfsterilisationsindikator-thermotransferetikett-76-mm-x-508-mm\/#breadcrumb","itemListElement":[{"@type":"ListItem","position":1,"name":"Home","item":"https:\/\/d-identify.be\/de\/home-2\/"},{"@type":"ListItem","position":2,"name":"Shop","item":"https:\/\/d-identify.be\/shop-2\/"},{"@type":"ListItem","position":3,"name":"Dampfsterilisationsindikator Thermotransferetikett 76 mm x 50,8 mm"}]},{"@type":"WebSite","@id":"https:\/\/d-identify.be\/de\/#website","url":"https:\/\/d-identify.be\/de\/","name":"d-identify","description":"Industrial identification - Lockout - Tagout - Floor marking","potentialAction":[{"@type":"SearchAction","target":{"@type":"EntryPoint","urlTemplate":"https:\/\/d-identify.be\/de\/?s={search_term_string}"},"query-input":{"@type":"PropertyValueSpecification","valueRequired":true,"valueName":"search_term_string"}}],"inLanguage":"de"}]}},"_links":{"self":[{"href":"https:\/\/d-identify.be\/de\/wp-json\/wp\/v2\/product\/50689","targetHints":{"allow":["GET"]}}],"collection":[{"href":"https:\/\/d-identify.be\/de\/wp-json\/wp\/v2\/product"}],"about":[{"href":"https:\/\/d-identify.be\/de\/wp-json\/wp\/v2\/types\/product"}],"replies":[{"embeddable":true,"href":"https:\/\/d-identify.be\/de\/wp-json\/wp\/v2\/comments?post=50689"}],"wp:featuredmedia":[{"embeddable":true,"href":"https:\/\/d-identify.be\/de\/wp-json\/wp\/v2\/media\/26522"}],"wp:attachment":[{"href":"https:\/\/d-identify.be\/de\/wp-json\/wp\/v2\/media?parent=50689"}],"wp:term":[{"taxonomy":"product_brand","embeddable":true,"href":"https:\/\/d-identify.be\/de\/wp-json\/wp\/v2\/product_brand?post=50689"},{"taxonomy":"product_cat","embeddable":true,"href":"https:\/\/d-identify.be\/de\/wp-json\/wp\/v2\/product_cat?post=50689"},{"taxonomy":"product_tag","embeddable":true,"href":"https:\/\/d-identify.be\/de\/wp-json\/wp\/v2\/product_tag?post=50689"},{"taxonomy":"pa_connextion-shapes","embeddable":true,"href":"https:\/\/d-identify.be\/de\/wp-json\/wp\/v2\/pa_connextion-shapes?post=50689"}],"curies":[{"name":"wp","href":"https:\/\/api.w.org\/{rel}","templated":true}]}}