{"id":50683,"date":"2022-03-02T20:29:37","date_gmt":"2022-03-02T18:29:37","guid":{"rendered":"https:\/\/d-identify.be\/product\/permanentes-autoklav-rfid-thermotransferetikett-508-x-254-mm\/"},"modified":"2022-03-02T20:29:37","modified_gmt":"2022-03-02T18:29:37","slug":"permanentes-autoklav-rfid-thermotransferetikett-508-x-254-mm","status":"publish","type":"product","link":"https:\/\/d-identify.be\/de\/produkt\/permanentes-autoklav-rfid-thermotransferetikett-508-x-254-mm\/","title":{"rendered":"Permanentes Autoklav-RFID-Thermotransferetikett 50,8 x 25,4 mm"},"content":{"rendered":"<p>Zur Herstellung eines UHF-RFID-Etiketts wurde die RFID-Technologie in autoklavbest\u00e4ndige Thermotransferetiketten integriert. Es eignet sich zur Identifizierung verschiedener Beh\u00e4lter und Oberfl\u00e4chen, die einer Dampf- und Trockenhitzesterilisation unterzogen werden. RFID-Steri-ThermoTAG\u2122-Etiketten sind robuste UHF-RFID-Etiketten, die f\u00fcr Autoklavenverfahren entwickelt wurden. Sie kombinieren gedruckte visuelle Informationen mit codierten RFID-Daten und sind damit eine attraktive L\u00f6sung f\u00fcr die RFID-Identifizierung. Und auch zur Nachverfolgung sterilisierter Verbrauchsmaterialien, Ger\u00e4te und Beh\u00e4lter. Diese flexiblen RFID-Etiketten verf\u00fcgen \u00fcber einen permanenten Kleber und eignen sich f\u00fcr die direkte Anbringung auf gebogenen oder flachen Kunststoff- und Glasoberfl\u00e4chen. Sie halten mehreren Sterilisationszyklen im Autoklaven stand (+121 \u00b0C\/+250 \u00b0F, 16,5 psi Druck, 20 Minuten). Sie eignen sich gut zur Identifizierung von Einweg-Medizinprodukten oder chirurgischen und zahnmedizinischen Instrumenten, die in Sterilisationsbeuteln untergebracht sind, sowie von Laborutensilien. Ideal f\u00fcr GMP- und GLP-Vorg\u00e4nge, die Sterilisation von Medikamenten und Reagenzien und \u00fcberall dort, wo eine Protokollierung im Autoklaven zur Einhaltung von Vorschriften erforderlich ist.    <\/p>\n","protected":false},"excerpt":{"rendered":"<p>Hochtemperaturbest\u00e4ndige permanente Etiketten zur Kennzeichnung verschiedener Beh\u00e4lter und Oberfl\u00e4chen, die einer Autoklavierung und Trockenhitzesterilisation unterzogen werden. Der Temperaturbereich liegt zwischen -60 \u00b0C und +150 \u00b0C. Die Etiketten k\u00f6nnen auf Metall-, Kunststoff- und Glasoberfl\u00e4chen angebracht werden und \u00fcberstehen 20 Sterilisationszyklen im Autoklaven bei 121 \u00b0C und 16,5 psi Druck. Die Etiketten und der Ausdruck halten hohen Temperaturen sowie Gammabestrahlung (bis zu 50 KGy) und Ethylenoxid-Sterilisation stand. Ideal zur Identifizierung von Beh\u00e4ltern und Oberfl\u00e4chen, die in Autoklaven, Trockenhitze-Sterilisationsger\u00e4ten und Gammabestrahlungsger\u00e4ten sterilisiert werden m\u00fcssen. Wasserfest, wetterfest, per Thermotransfer bedruckbar.     <\/p>\n","protected":false},"featured_media":26766,"comment_status":"open","ping_status":"closed","template":"","meta":{"_acf_changed":false,"_et_pb_use_builder":"","_et_pb_old_content":"","_et_gb_content_width":""},"product_brand":[],"product_cat":[684,687],"product_tag":[],"pa_connextion-shapes":[],"class_list":{"0":"post-50683","1":"product","2":"type-product","3":"status-publish","4":"has-post-thumbnail","6":"product_cat-laboratoriumsetiketten","7":"product_cat-autoklaven-etiketten","9":"first","10":"instock","11":"taxable","12":"shipping-taxable","13":"purchasable","14":"product-type-variable","15":"has-default-attributes"},"exclude_global_add_ons":[],"addons":[],"acf":[],"yoast_head":"<!-- This site is optimized with the Yoast SEO Premium plugin v27.0 (Yoast SEO v27.1) - https:\/\/yoast.com\/product\/yoast-seo-premium-wordpress\/ -->\n<title>Permanentes Autoklav-RFID-Thermotransferetikett 50,8 x 25,4 mm<\/title>\n<meta name=\"description\" content=\"Die RFID-Technologie wurde in autoklavenbest\u00e4ndige Thermotransferetiketten integriert, um ein UHF-RFID-Etikett f\u00fcr die Identifizierung von... geeignet zu machen.\" \/>\n<meta name=\"robots\" content=\"index, follow, max-snippet:-1, max-image-preview:large, max-video-preview:-1\" \/>\n<link rel=\"canonical\" href=\"https:\/\/d-identify.be\/de\/produkt\/permanentes-autoklav-rfid-thermotransferetikett-508-x-254-mm\/\" \/>\n<meta property=\"og:locale\" content=\"de_DE\" \/>\n<meta property=\"og:type\" content=\"article\" \/>\n<meta property=\"og:title\" content=\"Permanentes Autoklav-RFID-Thermotransferetikett 50,8 x 25,4 mm\" \/>\n<meta property=\"og:description\" content=\"Die RFID-Technologie wurde in autoklavenbest\u00e4ndige Thermotransferetiketten integriert, um ein UHF-RFID-Etikett f\u00fcr die Identifizierung von... geeignet zu machen.\" \/>\n<meta property=\"og:url\" content=\"https:\/\/d-identify.be\/de\/produkt\/permanentes-autoklav-rfid-thermotransferetikett-508-x-254-mm\/\" \/>\n<meta property=\"og:site_name\" content=\"d-identify\" \/>\n<meta property=\"og:image\" content=\"https:\/\/d-identify.be\/wp-content\/uploads\/2021\/07\/AC-50.8x25.4-P-C1-1K-WH.png\" \/>\n\t<meta property=\"og:image:width\" content=\"907\" \/>\n\t<meta property=\"og:image:height\" content=\"907\" \/>\n\t<meta property=\"og:image:type\" content=\"image\/png\" \/>\n<meta name=\"twitter:card\" content=\"summary_large_image\" \/>\n<meta name=\"twitter:label1\" content=\"Gesch\u00e4tzte Lesezeit\" \/>\n\t<meta name=\"twitter:data1\" content=\"1\u00a0Minute\" \/>\n<script type=\"application\/ld+json\" class=\"yoast-schema-graph\">{\"@context\":\"https:\/\/schema.org\",\"@graph\":[{\"@type\":\"WebPage\",\"@id\":\"https:\/\/d-identify.be\/de\/produkt\/permanentes-autoklav-rfid-thermotransferetikett-508-x-254-mm\/\",\"url\":\"https:\/\/d-identify.be\/de\/produkt\/permanentes-autoklav-rfid-thermotransferetikett-508-x-254-mm\/\",\"name\":\"Permanentes Autoklav-RFID-Thermotransferetikett 50,8 x 25,4 mm\",\"isPartOf\":{\"@id\":\"https:\/\/d-identify.be\/de\/#website\"},\"primaryImageOfPage\":{\"@id\":\"https:\/\/d-identify.be\/de\/produkt\/permanentes-autoklav-rfid-thermotransferetikett-508-x-254-mm\/#primaryimage\"},\"image\":{\"@id\":\"https:\/\/d-identify.be\/de\/produkt\/permanentes-autoklav-rfid-thermotransferetikett-508-x-254-mm\/#primaryimage\"},\"thumbnailUrl\":\"https:\/\/d-identify.be\/wp-content\/uploads\/2021\/07\/AC-50.8x25.4-P-C1-1K-WH.png\",\"datePublished\":\"2022-03-02T18:29:37+00:00\",\"description\":\"Die RFID-Technologie wurde in autoklavenbest\u00e4ndige Thermotransferetiketten integriert, um ein UHF-RFID-Etikett f\u00fcr die Identifizierung von... geeignet zu machen.\",\"breadcrumb\":{\"@id\":\"https:\/\/d-identify.be\/de\/produkt\/permanentes-autoklav-rfid-thermotransferetikett-508-x-254-mm\/#breadcrumb\"},\"inLanguage\":\"de\",\"potentialAction\":[{\"@type\":\"ReadAction\",\"target\":[\"https:\/\/d-identify.be\/de\/produkt\/permanentes-autoklav-rfid-thermotransferetikett-508-x-254-mm\/\"]}]},{\"@type\":\"ImageObject\",\"inLanguage\":\"de\",\"@id\":\"https:\/\/d-identify.be\/de\/produkt\/permanentes-autoklav-rfid-thermotransferetikett-508-x-254-mm\/#primaryimage\",\"url\":\"https:\/\/d-identify.be\/wp-content\/uploads\/2021\/07\/AC-50.8x25.4-P-C1-1K-WH.png\",\"contentUrl\":\"https:\/\/d-identify.be\/wp-content\/uploads\/2021\/07\/AC-50.8x25.4-P-C1-1K-WH.png\",\"width\":907,\"height\":907,\"caption\":\"Permanent Autoclave Thermal transfer label 50.8 x 25.4mm\"},{\"@type\":\"BreadcrumbList\",\"@id\":\"https:\/\/d-identify.be\/de\/produkt\/permanentes-autoklav-rfid-thermotransferetikett-508-x-254-mm\/#breadcrumb\",\"itemListElement\":[{\"@type\":\"ListItem\",\"position\":1,\"name\":\"Home\",\"item\":\"https:\/\/d-identify.be\/de\/home-2\/\"},{\"@type\":\"ListItem\",\"position\":2,\"name\":\"Shop\",\"item\":\"https:\/\/d-identify.be\/shop-2\/\"},{\"@type\":\"ListItem\",\"position\":3,\"name\":\"Permanentes Autoklav-RFID-Thermotransferetikett 50,8 x 25,4 mm\"}]},{\"@type\":\"WebSite\",\"@id\":\"https:\/\/d-identify.be\/de\/#website\",\"url\":\"https:\/\/d-identify.be\/de\/\",\"name\":\"d-identify\",\"description\":\"Industrial identification - Lockout - Tagout - Floor marking\",\"potentialAction\":[{\"@type\":\"SearchAction\",\"target\":{\"@type\":\"EntryPoint\",\"urlTemplate\":\"https:\/\/d-identify.be\/de\/?s={search_term_string}\"},\"query-input\":{\"@type\":\"PropertyValueSpecification\",\"valueRequired\":true,\"valueName\":\"search_term_string\"}}],\"inLanguage\":\"de\"}]}<\/script>\n<!-- \/ Yoast SEO Premium plugin. -->","yoast_head_json":{"title":"Permanentes Autoklav-RFID-Thermotransferetikett 50,8 x 25,4 mm","description":"Die RFID-Technologie wurde in autoklavenbest\u00e4ndige Thermotransferetiketten integriert, um ein UHF-RFID-Etikett f\u00fcr die Identifizierung von... geeignet zu machen.","robots":{"index":"index","follow":"follow","max-snippet":"max-snippet:-1","max-image-preview":"max-image-preview:large","max-video-preview":"max-video-preview:-1"},"canonical":"https:\/\/d-identify.be\/de\/produkt\/permanentes-autoklav-rfid-thermotransferetikett-508-x-254-mm\/","og_locale":"de_DE","og_type":"article","og_title":"Permanentes Autoklav-RFID-Thermotransferetikett 50,8 x 25,4 mm","og_description":"Die RFID-Technologie wurde in autoklavenbest\u00e4ndige Thermotransferetiketten integriert, um ein UHF-RFID-Etikett f\u00fcr die Identifizierung von... geeignet zu machen.","og_url":"https:\/\/d-identify.be\/de\/produkt\/permanentes-autoklav-rfid-thermotransferetikett-508-x-254-mm\/","og_site_name":"d-identify","og_image":[{"width":907,"height":907,"url":"https:\/\/d-identify.be\/wp-content\/uploads\/2021\/07\/AC-50.8x25.4-P-C1-1K-WH.png","type":"image\/png"}],"twitter_card":"summary_large_image","twitter_misc":{"Gesch\u00e4tzte Lesezeit":"1\u00a0Minute"},"schema":{"@context":"https:\/\/schema.org","@graph":[{"@type":"WebPage","@id":"https:\/\/d-identify.be\/de\/produkt\/permanentes-autoklav-rfid-thermotransferetikett-508-x-254-mm\/","url":"https:\/\/d-identify.be\/de\/produkt\/permanentes-autoklav-rfid-thermotransferetikett-508-x-254-mm\/","name":"Permanentes Autoklav-RFID-Thermotransferetikett 50,8 x 25,4 mm","isPartOf":{"@id":"https:\/\/d-identify.be\/de\/#website"},"primaryImageOfPage":{"@id":"https:\/\/d-identify.be\/de\/produkt\/permanentes-autoklav-rfid-thermotransferetikett-508-x-254-mm\/#primaryimage"},"image":{"@id":"https:\/\/d-identify.be\/de\/produkt\/permanentes-autoklav-rfid-thermotransferetikett-508-x-254-mm\/#primaryimage"},"thumbnailUrl":"https:\/\/d-identify.be\/wp-content\/uploads\/2021\/07\/AC-50.8x25.4-P-C1-1K-WH.png","datePublished":"2022-03-02T18:29:37+00:00","description":"Die RFID-Technologie wurde in autoklavenbest\u00e4ndige Thermotransferetiketten integriert, um ein UHF-RFID-Etikett f\u00fcr die Identifizierung von... geeignet zu machen.","breadcrumb":{"@id":"https:\/\/d-identify.be\/de\/produkt\/permanentes-autoklav-rfid-thermotransferetikett-508-x-254-mm\/#breadcrumb"},"inLanguage":"de","potentialAction":[{"@type":"ReadAction","target":["https:\/\/d-identify.be\/de\/produkt\/permanentes-autoklav-rfid-thermotransferetikett-508-x-254-mm\/"]}]},{"@type":"ImageObject","inLanguage":"de","@id":"https:\/\/d-identify.be\/de\/produkt\/permanentes-autoklav-rfid-thermotransferetikett-508-x-254-mm\/#primaryimage","url":"https:\/\/d-identify.be\/wp-content\/uploads\/2021\/07\/AC-50.8x25.4-P-C1-1K-WH.png","contentUrl":"https:\/\/d-identify.be\/wp-content\/uploads\/2021\/07\/AC-50.8x25.4-P-C1-1K-WH.png","width":907,"height":907,"caption":"Permanent Autoclave Thermal transfer label 50.8 x 25.4mm"},{"@type":"BreadcrumbList","@id":"https:\/\/d-identify.be\/de\/produkt\/permanentes-autoklav-rfid-thermotransferetikett-508-x-254-mm\/#breadcrumb","itemListElement":[{"@type":"ListItem","position":1,"name":"Home","item":"https:\/\/d-identify.be\/de\/home-2\/"},{"@type":"ListItem","position":2,"name":"Shop","item":"https:\/\/d-identify.be\/shop-2\/"},{"@type":"ListItem","position":3,"name":"Permanentes Autoklav-RFID-Thermotransferetikett 50,8 x 25,4 mm"}]},{"@type":"WebSite","@id":"https:\/\/d-identify.be\/de\/#website","url":"https:\/\/d-identify.be\/de\/","name":"d-identify","description":"Industrial identification - Lockout - Tagout - Floor marking","potentialAction":[{"@type":"SearchAction","target":{"@type":"EntryPoint","urlTemplate":"https:\/\/d-identify.be\/de\/?s={search_term_string}"},"query-input":{"@type":"PropertyValueSpecification","valueRequired":true,"valueName":"search_term_string"}}],"inLanguage":"de"}]}},"_links":{"self":[{"href":"https:\/\/d-identify.be\/de\/wp-json\/wp\/v2\/product\/50683","targetHints":{"allow":["GET"]}}],"collection":[{"href":"https:\/\/d-identify.be\/de\/wp-json\/wp\/v2\/product"}],"about":[{"href":"https:\/\/d-identify.be\/de\/wp-json\/wp\/v2\/types\/product"}],"replies":[{"embeddable":true,"href":"https:\/\/d-identify.be\/de\/wp-json\/wp\/v2\/comments?post=50683"}],"wp:featuredmedia":[{"embeddable":true,"href":"https:\/\/d-identify.be\/de\/wp-json\/wp\/v2\/media\/26766"}],"wp:attachment":[{"href":"https:\/\/d-identify.be\/de\/wp-json\/wp\/v2\/media?parent=50683"}],"wp:term":[{"taxonomy":"product_brand","embeddable":true,"href":"https:\/\/d-identify.be\/de\/wp-json\/wp\/v2\/product_brand?post=50683"},{"taxonomy":"product_cat","embeddable":true,"href":"https:\/\/d-identify.be\/de\/wp-json\/wp\/v2\/product_cat?post=50683"},{"taxonomy":"product_tag","embeddable":true,"href":"https:\/\/d-identify.be\/de\/wp-json\/wp\/v2\/product_tag?post=50683"},{"taxonomy":"pa_connextion-shapes","embeddable":true,"href":"https:\/\/d-identify.be\/de\/wp-json\/wp\/v2\/pa_connextion-shapes?post=50683"}],"curies":[{"name":"wp","href":"https:\/\/api.w.org\/{rel}","templated":true}]}}