{"id":50478,"date":"2021-07-26T12:38:46","date_gmt":"2021-07-26T10:38:46","guid":{"rendered":"https:\/\/d-identify.be\/product\/abschliessbare-abdeckung-fuer-begrenzte-raeume-xl-von-91-bis-101-cm\/"},"modified":"2026-01-08T14:03:18","modified_gmt":"2026-01-08T12:03:18","slug":"abschliessbare-mannlochabdeckung-xl","status":"publish","type":"product","link":"https:\/\/d-identify.be\/de\/produkt\/abschliessbare-mannlochabdeckung-xl\/","title":{"rendered":"Abschlie\u00dfbare Mannlochabdeckung (XL)"},"content":{"rendered":"<p data-start=\"365\" data-end=\"696\">Die <strong data-start=\"369\" data-end=\"409\">abschlie\u00dfbare Mannlochabdeckung (XL)<\/strong> bietet eine sichere und zuverl\u00e4ssige L\u00f6sung zum Schutz offener Mannl\u00f6cher bei Arbeiten in engen R\u00e4umen. Die Abdeckung besteht aus <strong data-start=\"540\" data-end=\"603\">industriellem, robustem und UV-best\u00e4ndigem PVC-Netzmaterial<\/strong> und eignet sich f\u00fcr den dauerhaften Einsatz im Au\u00dfenbereich und in industriellen Umgebungen.<\/p>\n<p data-start=\"698\" data-end=\"917\">Sie legen die Abdeckung einfach \u00fcber den Mannlochrand. Anschlie\u00dfend sichern Sie sie mit einer <strong data-start=\"792\" data-end=\"830\">Master Lock Kabelverriegelung S806<\/strong>. Dadurch verriegeln Sie den Zugang und verhindern unbefugtes Betreten des engen Raums.<\/p>\n<p data-start=\"919\" data-end=\"1196\">Die abschlie\u00dfbare Mannlochabdeckung passt auf Standard-Mannl\u00f6cher mit einem <strong data-start=\"995\" data-end=\"1066\">Gesamtdurchmesser inklusive Rand von 91 bis 101 cm (36 bis 40 Zoll)<\/strong>. Das offene Netz erm\u00f6glicht eine gute Luftzirkulation und bildet gleichzeitig eine stabile und gut sichtbare Sicherheitsbarriere.<\/p>\n","protected":false},"excerpt":{"rendered":"<p>Abschlie\u00dfbare Mannlochabdeckung aus UV-best\u00e4ndigem PVC-Netzmaterial. Geeignet f\u00fcr Mannl\u00f6cher \u00d8 91\u2013101 cm (36\u201340 Zoll) und mit Kabelverriegelung sicherbar.<\/p>\n<p><img loading=\"lazy\" decoding=\"async\" class=\"alignnone wp-image-50228\" src=\"https:\/\/d-identify.be\/wp-content\/uploads\/2025\/01\/van-1.png\" alt=\"\" width=\"65\" height=\"27\" \/> Abdeckungen werden nach Bestellung gefertigt und in der Regel innerhalb von <strong>10 Werktagen<\/strong> versandt.<\/p>\n","protected":false},"featured_media":27515,"comment_status":"open","ping_status":"closed","template":"","meta":{"_acf_changed":false,"_et_pb_use_builder":"","_et_pb_old_content":"","_et_gb_content_width":""},"product_brand":[],"product_cat":[461,622],"product_tag":[962],"pa_connextion-shapes":[],"class_list":{"0":"post-50478","1":"product","2":"type-product","3":"status-publish","4":"has-post-thumbnail","6":"product_cat-lockout-tagout-de","7":"product_cat-confined-space-covers","8":"product_tag-d-identify-de","10":"first","11":"instock","12":"taxable","13":"shipping-taxable","14":"purchasable","15":"product-type-simple"},"exclude_global_add_ons":[],"addons":[],"acf":[],"yoast_head":"<!-- This site is optimized with the Yoast SEO Premium plugin v27.0 (Yoast SEO v27.1) - https:\/\/yoast.com\/product\/yoast-seo-premium-wordpress\/ -->\n<title>Abschlie\u00dfbare Mannlochabdeckung (XL)- Lockout Tagout<\/title>\n<meta name=\"description\" content=\"Die abschlie\u00dfbare Mannlochabdeckung (XL) besteht aus industriellem, UV-stabilem,starkem PVC-Netz und l\u00e4sst sich einfach \u00fcber dem Schachtdeckel installieren.\" \/>\n<meta name=\"robots\" content=\"index, follow, max-snippet:-1, max-image-preview:large, max-video-preview:-1\" \/>\n<link rel=\"canonical\" href=\"https:\/\/d-identify.be\/de\/produkt\/abschliessbare-mannlochabdeckung-xl\/\" \/>\n<meta property=\"og:locale\" content=\"de_DE\" \/>\n<meta property=\"og:type\" content=\"article\" \/>\n<meta property=\"og:title\" content=\"Abschlie\u00dfbare Mannlochabdeckung (XL)\" \/>\n<meta property=\"og:description\" content=\"Die abschlie\u00dfbare Mannlochabdeckung (XL) besteht aus industriellem, UV-stabilem,starkem PVC-Netz und l\u00e4sst sich einfach \u00fcber dem Schachtdeckel installieren.\" \/>\n<meta property=\"og:url\" content=\"https:\/\/d-identify.be\/de\/produkt\/abschliessbare-mannlochabdeckung-xl\/\" \/>\n<meta property=\"og:site_name\" content=\"d-identify\" \/>\n<meta property=\"article:modified_time\" content=\"2026-01-08T12:03:18+00:00\" \/>\n<meta property=\"og:image\" content=\"https:\/\/d-identify.be\/wp-content\/uploads\/2021\/07\/D501CS_8a6831ea-0862-4e44-9567-49e7dd5d188b.png\" \/>\n\t<meta property=\"og:image:width\" content=\"510\" \/>\n\t<meta property=\"og:image:height\" content=\"510\" \/>\n\t<meta property=\"og:image:type\" content=\"image\/png\" \/>\n<meta name=\"twitter:card\" content=\"summary_large_image\" \/>\n<meta name=\"twitter:label1\" content=\"Gesch\u00e4tzte Lesezeit\" \/>\n\t<meta name=\"twitter:data1\" content=\"1\u00a0Minute\" \/>\n<script type=\"application\/ld+json\" class=\"yoast-schema-graph\">{\"@context\":\"https:\/\/schema.org\",\"@graph\":[{\"@type\":\"WebPage\",\"@id\":\"https:\/\/d-identify.be\/de\/produkt\/abschliessbare-mannlochabdeckung-xl\/\",\"url\":\"https:\/\/d-identify.be\/de\/produkt\/abschliessbare-mannlochabdeckung-xl\/\",\"name\":\"Abschlie\u00dfbare Mannlochabdeckung (XL)- Lockout Tagout\",\"isPartOf\":{\"@id\":\"https:\/\/d-identify.be\/de\/#website\"},\"primaryImageOfPage\":{\"@id\":\"https:\/\/d-identify.be\/de\/produkt\/abschliessbare-mannlochabdeckung-xl\/#primaryimage\"},\"image\":{\"@id\":\"https:\/\/d-identify.be\/de\/produkt\/abschliessbare-mannlochabdeckung-xl\/#primaryimage\"},\"thumbnailUrl\":\"https:\/\/d-identify.be\/wp-content\/uploads\/2021\/07\/D501CS_8a6831ea-0862-4e44-9567-49e7dd5d188b.png\",\"datePublished\":\"2021-07-26T10:38:46+00:00\",\"dateModified\":\"2026-01-08T12:03:18+00:00\",\"description\":\"Die abschlie\u00dfbare Mannlochabdeckung (XL) besteht aus industriellem, UV-stabilem,starkem PVC-Netz und l\u00e4sst sich einfach \u00fcber dem Schachtdeckel installieren.\",\"breadcrumb\":{\"@id\":\"https:\/\/d-identify.be\/de\/produkt\/abschliessbare-mannlochabdeckung-xl\/#breadcrumb\"},\"inLanguage\":\"de\",\"potentialAction\":[{\"@type\":\"ReadAction\",\"target\":[\"https:\/\/d-identify.be\/de\/produkt\/abschliessbare-mannlochabdeckung-xl\/\"]}]},{\"@type\":\"ImageObject\",\"inLanguage\":\"de\",\"@id\":\"https:\/\/d-identify.be\/de\/produkt\/abschliessbare-mannlochabdeckung-xl\/#primaryimage\",\"url\":\"https:\/\/d-identify.be\/wp-content\/uploads\/2021\/07\/D501CS_8a6831ea-0862-4e44-9567-49e7dd5d188b.png\",\"contentUrl\":\"https:\/\/d-identify.be\/wp-content\/uploads\/2021\/07\/D501CS_8a6831ea-0862-4e44-9567-49e7dd5d188b.png\",\"width\":510,\"height\":510,\"caption\":\"Abschlie\u00dfbare Mannlochabdeckung (XL)- Lockout Tagout\"},{\"@type\":\"BreadcrumbList\",\"@id\":\"https:\/\/d-identify.be\/de\/produkt\/abschliessbare-mannlochabdeckung-xl\/#breadcrumb\",\"itemListElement\":[{\"@type\":\"ListItem\",\"position\":1,\"name\":\"Home\",\"item\":\"https:\/\/d-identify.be\/de\/home-2\/\"},{\"@type\":\"ListItem\",\"position\":2,\"name\":\"Shop\",\"item\":\"https:\/\/d-identify.be\/shop-2\/\"},{\"@type\":\"ListItem\",\"position\":3,\"name\":\"Abschlie\u00dfbare Mannlochabdeckung (XL)\"}]},{\"@type\":\"WebSite\",\"@id\":\"https:\/\/d-identify.be\/de\/#website\",\"url\":\"https:\/\/d-identify.be\/de\/\",\"name\":\"d-identify\",\"description\":\"Industrial identification - Lockout - Tagout - Floor marking\",\"potentialAction\":[{\"@type\":\"SearchAction\",\"target\":{\"@type\":\"EntryPoint\",\"urlTemplate\":\"https:\/\/d-identify.be\/de\/?s={search_term_string}\"},\"query-input\":{\"@type\":\"PropertyValueSpecification\",\"valueRequired\":true,\"valueName\":\"search_term_string\"}}],\"inLanguage\":\"de\"}]}<\/script>\n<!-- \/ Yoast SEO Premium plugin. -->","yoast_head_json":{"title":"Abschlie\u00dfbare Mannlochabdeckung (XL)- Lockout Tagout","description":"Die abschlie\u00dfbare Mannlochabdeckung (XL) besteht aus industriellem, UV-stabilem,starkem PVC-Netz und l\u00e4sst sich einfach \u00fcber dem Schachtdeckel installieren.","robots":{"index":"index","follow":"follow","max-snippet":"max-snippet:-1","max-image-preview":"max-image-preview:large","max-video-preview":"max-video-preview:-1"},"canonical":"https:\/\/d-identify.be\/de\/produkt\/abschliessbare-mannlochabdeckung-xl\/","og_locale":"de_DE","og_type":"article","og_title":"Abschlie\u00dfbare Mannlochabdeckung (XL)","og_description":"Die abschlie\u00dfbare Mannlochabdeckung (XL) besteht aus industriellem, UV-stabilem,starkem PVC-Netz und l\u00e4sst sich einfach \u00fcber dem Schachtdeckel installieren.","og_url":"https:\/\/d-identify.be\/de\/produkt\/abschliessbare-mannlochabdeckung-xl\/","og_site_name":"d-identify","article_modified_time":"2026-01-08T12:03:18+00:00","og_image":[{"width":510,"height":510,"url":"https:\/\/d-identify.be\/wp-content\/uploads\/2021\/07\/D501CS_8a6831ea-0862-4e44-9567-49e7dd5d188b.png","type":"image\/png"}],"twitter_card":"summary_large_image","twitter_misc":{"Gesch\u00e4tzte Lesezeit":"1\u00a0Minute"},"schema":{"@context":"https:\/\/schema.org","@graph":[{"@type":"WebPage","@id":"https:\/\/d-identify.be\/de\/produkt\/abschliessbare-mannlochabdeckung-xl\/","url":"https:\/\/d-identify.be\/de\/produkt\/abschliessbare-mannlochabdeckung-xl\/","name":"Abschlie\u00dfbare Mannlochabdeckung (XL)- Lockout Tagout","isPartOf":{"@id":"https:\/\/d-identify.be\/de\/#website"},"primaryImageOfPage":{"@id":"https:\/\/d-identify.be\/de\/produkt\/abschliessbare-mannlochabdeckung-xl\/#primaryimage"},"image":{"@id":"https:\/\/d-identify.be\/de\/produkt\/abschliessbare-mannlochabdeckung-xl\/#primaryimage"},"thumbnailUrl":"https:\/\/d-identify.be\/wp-content\/uploads\/2021\/07\/D501CS_8a6831ea-0862-4e44-9567-49e7dd5d188b.png","datePublished":"2021-07-26T10:38:46+00:00","dateModified":"2026-01-08T12:03:18+00:00","description":"Die abschlie\u00dfbare Mannlochabdeckung (XL) besteht aus industriellem, UV-stabilem,starkem PVC-Netz und l\u00e4sst sich einfach \u00fcber dem Schachtdeckel installieren.","breadcrumb":{"@id":"https:\/\/d-identify.be\/de\/produkt\/abschliessbare-mannlochabdeckung-xl\/#breadcrumb"},"inLanguage":"de","potentialAction":[{"@type":"ReadAction","target":["https:\/\/d-identify.be\/de\/produkt\/abschliessbare-mannlochabdeckung-xl\/"]}]},{"@type":"ImageObject","inLanguage":"de","@id":"https:\/\/d-identify.be\/de\/produkt\/abschliessbare-mannlochabdeckung-xl\/#primaryimage","url":"https:\/\/d-identify.be\/wp-content\/uploads\/2021\/07\/D501CS_8a6831ea-0862-4e44-9567-49e7dd5d188b.png","contentUrl":"https:\/\/d-identify.be\/wp-content\/uploads\/2021\/07\/D501CS_8a6831ea-0862-4e44-9567-49e7dd5d188b.png","width":510,"height":510,"caption":"Abschlie\u00dfbare Mannlochabdeckung (XL)- Lockout Tagout"},{"@type":"BreadcrumbList","@id":"https:\/\/d-identify.be\/de\/produkt\/abschliessbare-mannlochabdeckung-xl\/#breadcrumb","itemListElement":[{"@type":"ListItem","position":1,"name":"Home","item":"https:\/\/d-identify.be\/de\/home-2\/"},{"@type":"ListItem","position":2,"name":"Shop","item":"https:\/\/d-identify.be\/shop-2\/"},{"@type":"ListItem","position":3,"name":"Abschlie\u00dfbare Mannlochabdeckung (XL)"}]},{"@type":"WebSite","@id":"https:\/\/d-identify.be\/de\/#website","url":"https:\/\/d-identify.be\/de\/","name":"d-identify","description":"Industrial identification - Lockout - Tagout - Floor marking","potentialAction":[{"@type":"SearchAction","target":{"@type":"EntryPoint","urlTemplate":"https:\/\/d-identify.be\/de\/?s={search_term_string}"},"query-input":{"@type":"PropertyValueSpecification","valueRequired":true,"valueName":"search_term_string"}}],"inLanguage":"de"}]}},"_links":{"self":[{"href":"https:\/\/d-identify.be\/de\/wp-json\/wp\/v2\/product\/50478","targetHints":{"allow":["GET"]}}],"collection":[{"href":"https:\/\/d-identify.be\/de\/wp-json\/wp\/v2\/product"}],"about":[{"href":"https:\/\/d-identify.be\/de\/wp-json\/wp\/v2\/types\/product"}],"replies":[{"embeddable":true,"href":"https:\/\/d-identify.be\/de\/wp-json\/wp\/v2\/comments?post=50478"}],"wp:featuredmedia":[{"embeddable":true,"href":"https:\/\/d-identify.be\/de\/wp-json\/wp\/v2\/media\/27515"}],"wp:attachment":[{"href":"https:\/\/d-identify.be\/de\/wp-json\/wp\/v2\/media?parent=50478"}],"wp:term":[{"taxonomy":"product_brand","embeddable":true,"href":"https:\/\/d-identify.be\/de\/wp-json\/wp\/v2\/product_brand?post=50478"},{"taxonomy":"product_cat","embeddable":true,"href":"https:\/\/d-identify.be\/de\/wp-json\/wp\/v2\/product_cat?post=50478"},{"taxonomy":"product_tag","embeddable":true,"href":"https:\/\/d-identify.be\/de\/wp-json\/wp\/v2\/product_tag?post=50478"},{"taxonomy":"pa_connextion-shapes","embeddable":true,"href":"https:\/\/d-identify.be\/de\/wp-json\/wp\/v2\/pa_connextion-shapes?post=50478"}],"curies":[{"name":"wp","href":"https:\/\/api.w.org\/{rel}","templated":true}]}}