{"id":50461,"date":"2021-07-26T12:38:47","date_gmt":"2021-07-26T10:38:47","guid":{"rendered":"https:\/\/d-identify.be\/product\/nicht-abschliessbare-abdeckung-fuer-begrenzte-raeume-l-von-29-bis-32-zoll-74-bis-81-cm\/"},"modified":"2025-12-24T13:56:55","modified_gmt":"2025-12-24T11:56:55","slug":"nicht-abschliessbare-abdeckung-fuer-enge-raeume-l","status":"publish","type":"product","link":"https:\/\/d-identify.be\/de\/produkt\/nicht-abschliessbare-abdeckung-fuer-enge-raeume-l\/","title":{"rendered":"nicht abschlie\u00dfbare Abdeckung f\u00fcr enge R\u00e4ume (L)"},"content":{"rendered":"<p data-start=\"5342\" data-end=\"5637\">Die <strong data-start=\"5346\" data-end=\"5398\">nicht abschlie\u00dfbare Abdeckung f\u00fcr enge R\u00e4ume (L)<\/strong> bietet eine einfache und zuverl\u00e4ssige L\u00f6sung zum Abdecken offener Mannl\u00f6cher bei Arbeiten in engen R\u00e4umen. Diese <strong data-start=\"5512\" data-end=\"5533\">Mannlochabdeckung<\/strong> besteht aus industrietauglichem, UV-best\u00e4ndigem PVC-Netz und h\u00e4lt t\u00e4glichen Industriebedingungen stand.<\/p>\n<p data-start=\"5639\" data-end=\"5879\">Die Montage erfolgt schnell und werkzeuglos. Der integrierte Gummizug wird \u00fcber den Flansch gespannt und h\u00e4lt die Abdeckung sicher an Ort und Stelle. Dadurch eignet sich die Abdeckung ideal f\u00fcr tempor\u00e4re Absperrungen und visuelle Sicherung.<\/p>\n<p data-start=\"5881\" data-end=\"6153\">Die <strong data-start=\"5885\" data-end=\"5937\">nicht abschlie\u00dfbare Abdeckung f\u00fcr enge R\u00e4ume (L)<\/strong> ist f\u00fcr Standard-Mannl\u00f6cher mit einem Gesamtdurchmesser einschlie\u00dflich Flansch von <strong data-start=\"6021\" data-end=\"6058\">810 bis 910 mm (32 bis 35,8 Zoll)<\/strong> ausgelegt. Die Netzstruktur erm\u00f6glicht Luftzirkulation und verhindert unbeabsichtigten Zugang.<\/p>\n","protected":false},"excerpt":{"rendered":"<p>Die <strong data-start=\"5087\" data-end=\"5139\">nicht abschlie\u00dfbare Abdeckung f\u00fcr enge R\u00e4ume (L)<\/strong> ist eine flexible Mannlochabdeckung aus UV-best\u00e4ndigem PVC-Netz. Sie passt auf Mannl\u00f6cher \u00d8 <strong data-start=\"5232\" data-end=\"5261\">810\u2013910 mm (32\u201335,8 Zoll)<\/strong> und l\u00e4sst sich schnell mit einem Gummizug montieren.<\/p>\n<p><img loading=\"lazy\" decoding=\"async\" class=\"alignnone wp-image-50228\" src=\"https:\/\/d-identify.be\/wp-content\/uploads\/2025\/01\/van-1.png\" alt=\"\" width=\"65\" height=\"27\" \/> Abdeckungen werden nach Bestellung gefertigt und in der Regel innerhalb von <strong>10 Werktagen<\/strong> versandt.<\/p>\n","protected":false},"featured_media":27499,"comment_status":"open","ping_status":"closed","template":"","meta":{"_acf_changed":false,"_et_pb_use_builder":"","_et_pb_old_content":"","_et_gb_content_width":""},"product_brand":[],"product_cat":[461,622],"product_tag":[962],"pa_connextion-shapes":[],"class_list":{"0":"post-50461","1":"product","2":"type-product","3":"status-publish","4":"has-post-thumbnail","6":"product_cat-lockout-tagout-de","7":"product_cat-confined-space-covers","8":"product_tag-d-identify-de","10":"first","11":"instock","12":"taxable","13":"shipping-taxable","14":"purchasable","15":"product-type-simple"},"exclude_global_add_ons":[],"addons":[],"acf":[],"yoast_head":"<!-- This site is optimized with the Yoast SEO Premium plugin v27.0 (Yoast SEO v27.1) - https:\/\/yoast.com\/product\/yoast-seo-premium-wordpress\/ -->\n<title>nicht abschlie\u00dfbare Abdeckung f\u00fcr enge R\u00e4ume (L)<\/title>\n<meta name=\"description\" content=\"Nicht abschlie\u00dfbare Abdeckung f\u00fcr enge R\u00e4ume (L). UV-best\u00e4ndiges PVC-Netz mit Gummizug, f\u00fcr Mannl\u00f6cher \u00d8 810\u2013910 mm (32\u201335,8 Zoll).\" \/>\n<meta name=\"robots\" content=\"index, follow, max-snippet:-1, max-image-preview:large, max-video-preview:-1\" \/>\n<link rel=\"canonical\" href=\"https:\/\/d-identify.be\/de\/produkt\/nicht-abschliessbare-abdeckung-fuer-enge-raeume-l\/\" \/>\n<meta property=\"og:locale\" content=\"de_DE\" \/>\n<meta property=\"og:type\" content=\"article\" \/>\n<meta property=\"og:title\" content=\"nicht abschlie\u00dfbare Abdeckung f\u00fcr enge R\u00e4ume (L)\" \/>\n<meta property=\"og:description\" content=\"Nicht abschlie\u00dfbare Abdeckung f\u00fcr enge R\u00e4ume (L). UV-best\u00e4ndiges PVC-Netz mit Gummizug, f\u00fcr Mannl\u00f6cher \u00d8 810\u2013910 mm (32\u201335,8 Zoll).\" \/>\n<meta property=\"og:url\" content=\"https:\/\/d-identify.be\/de\/produkt\/nicht-abschliessbare-abdeckung-fuer-enge-raeume-l\/\" \/>\n<meta property=\"og:site_name\" content=\"d-identify\" \/>\n<meta property=\"article:modified_time\" content=\"2025-12-24T11:56:55+00:00\" \/>\n<meta property=\"og:image\" content=\"https:\/\/d-identify.be\/wp-content\/uploads\/2021\/07\/D500CSFRONT_b6360076-687a-4120-bbe8-6328f28de5c9.png\" \/>\n\t<meta property=\"og:image:width\" content=\"510\" \/>\n\t<meta property=\"og:image:height\" content=\"510\" \/>\n\t<meta property=\"og:image:type\" content=\"image\/png\" \/>\n<meta name=\"twitter:card\" content=\"summary_large_image\" \/>\n<meta name=\"twitter:label1\" content=\"Gesch\u00e4tzte Lesezeit\" \/>\n\t<meta name=\"twitter:data1\" content=\"1\u00a0Minute\" \/>\n<script type=\"application\/ld+json\" class=\"yoast-schema-graph\">{\"@context\":\"https:\/\/schema.org\",\"@graph\":[{\"@type\":\"WebPage\",\"@id\":\"https:\/\/d-identify.be\/de\/produkt\/nicht-abschliessbare-abdeckung-fuer-enge-raeume-l\/\",\"url\":\"https:\/\/d-identify.be\/de\/produkt\/nicht-abschliessbare-abdeckung-fuer-enge-raeume-l\/\",\"name\":\"nicht abschlie\u00dfbare Abdeckung f\u00fcr enge R\u00e4ume (L)\",\"isPartOf\":{\"@id\":\"https:\/\/d-identify.be\/de\/#website\"},\"primaryImageOfPage\":{\"@id\":\"https:\/\/d-identify.be\/de\/produkt\/nicht-abschliessbare-abdeckung-fuer-enge-raeume-l\/#primaryimage\"},\"image\":{\"@id\":\"https:\/\/d-identify.be\/de\/produkt\/nicht-abschliessbare-abdeckung-fuer-enge-raeume-l\/#primaryimage\"},\"thumbnailUrl\":\"https:\/\/d-identify.be\/wp-content\/uploads\/2021\/07\/D500CSFRONT_b6360076-687a-4120-bbe8-6328f28de5c9.png\",\"datePublished\":\"2021-07-26T10:38:47+00:00\",\"dateModified\":\"2025-12-24T11:56:55+00:00\",\"description\":\"Nicht abschlie\u00dfbare Abdeckung f\u00fcr enge R\u00e4ume (L). UV-best\u00e4ndiges PVC-Netz mit Gummizug, f\u00fcr Mannl\u00f6cher \u00d8 810\u2013910 mm (32\u201335,8 Zoll).\",\"breadcrumb\":{\"@id\":\"https:\/\/d-identify.be\/de\/produkt\/nicht-abschliessbare-abdeckung-fuer-enge-raeume-l\/#breadcrumb\"},\"inLanguage\":\"de\",\"potentialAction\":[{\"@type\":\"ReadAction\",\"target\":[\"https:\/\/d-identify.be\/de\/produkt\/nicht-abschliessbare-abdeckung-fuer-enge-raeume-l\/\"]}]},{\"@type\":\"ImageObject\",\"inLanguage\":\"de\",\"@id\":\"https:\/\/d-identify.be\/de\/produkt\/nicht-abschliessbare-abdeckung-fuer-enge-raeume-l\/#primaryimage\",\"url\":\"https:\/\/d-identify.be\/wp-content\/uploads\/2021\/07\/D500CSFRONT_b6360076-687a-4120-bbe8-6328f28de5c9.png\",\"contentUrl\":\"https:\/\/d-identify.be\/wp-content\/uploads\/2021\/07\/D500CSFRONT_b6360076-687a-4120-bbe8-6328f28de5c9.png\",\"width\":510,\"height\":510,\"caption\":\"nicht abschlie\u00dfbare Abdeckung f\u00fcr enge R\u00e4ume (L)\"},{\"@type\":\"BreadcrumbList\",\"@id\":\"https:\/\/d-identify.be\/de\/produkt\/nicht-abschliessbare-abdeckung-fuer-enge-raeume-l\/#breadcrumb\",\"itemListElement\":[{\"@type\":\"ListItem\",\"position\":1,\"name\":\"Home\",\"item\":\"https:\/\/d-identify.be\/de\/home-2\/\"},{\"@type\":\"ListItem\",\"position\":2,\"name\":\"Shop\",\"item\":\"https:\/\/d-identify.be\/shop-2\/\"},{\"@type\":\"ListItem\",\"position\":3,\"name\":\"nicht abschlie\u00dfbare Abdeckung f\u00fcr enge R\u00e4ume (L)\"}]},{\"@type\":\"WebSite\",\"@id\":\"https:\/\/d-identify.be\/de\/#website\",\"url\":\"https:\/\/d-identify.be\/de\/\",\"name\":\"d-identify\",\"description\":\"Industrial identification - Lockout - Tagout - Floor marking\",\"potentialAction\":[{\"@type\":\"SearchAction\",\"target\":{\"@type\":\"EntryPoint\",\"urlTemplate\":\"https:\/\/d-identify.be\/de\/?s={search_term_string}\"},\"query-input\":{\"@type\":\"PropertyValueSpecification\",\"valueRequired\":true,\"valueName\":\"search_term_string\"}}],\"inLanguage\":\"de\"}]}<\/script>\n<!-- \/ Yoast SEO Premium plugin. -->","yoast_head_json":{"title":"nicht abschlie\u00dfbare Abdeckung f\u00fcr enge R\u00e4ume (L)","description":"Nicht abschlie\u00dfbare Abdeckung f\u00fcr enge R\u00e4ume (L). UV-best\u00e4ndiges PVC-Netz mit Gummizug, f\u00fcr Mannl\u00f6cher \u00d8 810\u2013910 mm (32\u201335,8 Zoll).","robots":{"index":"index","follow":"follow","max-snippet":"max-snippet:-1","max-image-preview":"max-image-preview:large","max-video-preview":"max-video-preview:-1"},"canonical":"https:\/\/d-identify.be\/de\/produkt\/nicht-abschliessbare-abdeckung-fuer-enge-raeume-l\/","og_locale":"de_DE","og_type":"article","og_title":"nicht abschlie\u00dfbare Abdeckung f\u00fcr enge R\u00e4ume (L)","og_description":"Nicht abschlie\u00dfbare Abdeckung f\u00fcr enge R\u00e4ume (L). UV-best\u00e4ndiges PVC-Netz mit Gummizug, f\u00fcr Mannl\u00f6cher \u00d8 810\u2013910 mm (32\u201335,8 Zoll).","og_url":"https:\/\/d-identify.be\/de\/produkt\/nicht-abschliessbare-abdeckung-fuer-enge-raeume-l\/","og_site_name":"d-identify","article_modified_time":"2025-12-24T11:56:55+00:00","og_image":[{"width":510,"height":510,"url":"https:\/\/d-identify.be\/wp-content\/uploads\/2021\/07\/D500CSFRONT_b6360076-687a-4120-bbe8-6328f28de5c9.png","type":"image\/png"}],"twitter_card":"summary_large_image","twitter_misc":{"Gesch\u00e4tzte Lesezeit":"1\u00a0Minute"},"schema":{"@context":"https:\/\/schema.org","@graph":[{"@type":"WebPage","@id":"https:\/\/d-identify.be\/de\/produkt\/nicht-abschliessbare-abdeckung-fuer-enge-raeume-l\/","url":"https:\/\/d-identify.be\/de\/produkt\/nicht-abschliessbare-abdeckung-fuer-enge-raeume-l\/","name":"nicht abschlie\u00dfbare Abdeckung f\u00fcr enge R\u00e4ume (L)","isPartOf":{"@id":"https:\/\/d-identify.be\/de\/#website"},"primaryImageOfPage":{"@id":"https:\/\/d-identify.be\/de\/produkt\/nicht-abschliessbare-abdeckung-fuer-enge-raeume-l\/#primaryimage"},"image":{"@id":"https:\/\/d-identify.be\/de\/produkt\/nicht-abschliessbare-abdeckung-fuer-enge-raeume-l\/#primaryimage"},"thumbnailUrl":"https:\/\/d-identify.be\/wp-content\/uploads\/2021\/07\/D500CSFRONT_b6360076-687a-4120-bbe8-6328f28de5c9.png","datePublished":"2021-07-26T10:38:47+00:00","dateModified":"2025-12-24T11:56:55+00:00","description":"Nicht abschlie\u00dfbare Abdeckung f\u00fcr enge R\u00e4ume (L). UV-best\u00e4ndiges PVC-Netz mit Gummizug, f\u00fcr Mannl\u00f6cher \u00d8 810\u2013910 mm (32\u201335,8 Zoll).","breadcrumb":{"@id":"https:\/\/d-identify.be\/de\/produkt\/nicht-abschliessbare-abdeckung-fuer-enge-raeume-l\/#breadcrumb"},"inLanguage":"de","potentialAction":[{"@type":"ReadAction","target":["https:\/\/d-identify.be\/de\/produkt\/nicht-abschliessbare-abdeckung-fuer-enge-raeume-l\/"]}]},{"@type":"ImageObject","inLanguage":"de","@id":"https:\/\/d-identify.be\/de\/produkt\/nicht-abschliessbare-abdeckung-fuer-enge-raeume-l\/#primaryimage","url":"https:\/\/d-identify.be\/wp-content\/uploads\/2021\/07\/D500CSFRONT_b6360076-687a-4120-bbe8-6328f28de5c9.png","contentUrl":"https:\/\/d-identify.be\/wp-content\/uploads\/2021\/07\/D500CSFRONT_b6360076-687a-4120-bbe8-6328f28de5c9.png","width":510,"height":510,"caption":"nicht abschlie\u00dfbare Abdeckung f\u00fcr enge R\u00e4ume (L)"},{"@type":"BreadcrumbList","@id":"https:\/\/d-identify.be\/de\/produkt\/nicht-abschliessbare-abdeckung-fuer-enge-raeume-l\/#breadcrumb","itemListElement":[{"@type":"ListItem","position":1,"name":"Home","item":"https:\/\/d-identify.be\/de\/home-2\/"},{"@type":"ListItem","position":2,"name":"Shop","item":"https:\/\/d-identify.be\/shop-2\/"},{"@type":"ListItem","position":3,"name":"nicht abschlie\u00dfbare Abdeckung f\u00fcr enge R\u00e4ume (L)"}]},{"@type":"WebSite","@id":"https:\/\/d-identify.be\/de\/#website","url":"https:\/\/d-identify.be\/de\/","name":"d-identify","description":"Industrial identification - Lockout - Tagout - Floor marking","potentialAction":[{"@type":"SearchAction","target":{"@type":"EntryPoint","urlTemplate":"https:\/\/d-identify.be\/de\/?s={search_term_string}"},"query-input":{"@type":"PropertyValueSpecification","valueRequired":true,"valueName":"search_term_string"}}],"inLanguage":"de"}]}},"_links":{"self":[{"href":"https:\/\/d-identify.be\/de\/wp-json\/wp\/v2\/product\/50461","targetHints":{"allow":["GET"]}}],"collection":[{"href":"https:\/\/d-identify.be\/de\/wp-json\/wp\/v2\/product"}],"about":[{"href":"https:\/\/d-identify.be\/de\/wp-json\/wp\/v2\/types\/product"}],"replies":[{"embeddable":true,"href":"https:\/\/d-identify.be\/de\/wp-json\/wp\/v2\/comments?post=50461"}],"wp:featuredmedia":[{"embeddable":true,"href":"https:\/\/d-identify.be\/de\/wp-json\/wp\/v2\/media\/27499"}],"wp:attachment":[{"href":"https:\/\/d-identify.be\/de\/wp-json\/wp\/v2\/media?parent=50461"}],"wp:term":[{"taxonomy":"product_brand","embeddable":true,"href":"https:\/\/d-identify.be\/de\/wp-json\/wp\/v2\/product_brand?post=50461"},{"taxonomy":"product_cat","embeddable":true,"href":"https:\/\/d-identify.be\/de\/wp-json\/wp\/v2\/product_cat?post=50461"},{"taxonomy":"product_tag","embeddable":true,"href":"https:\/\/d-identify.be\/de\/wp-json\/wp\/v2\/product_tag?post=50461"},{"taxonomy":"pa_connextion-shapes","embeddable":true,"href":"https:\/\/d-identify.be\/de\/wp-json\/wp\/v2\/pa_connextion-shapes?post=50461"}],"curies":[{"name":"wp","href":"https:\/\/api.w.org\/{rel}","templated":true}]}}