{"id":50447,"date":"2021-07-26T12:38:47","date_gmt":"2021-07-26T10:38:47","guid":{"rendered":"https:\/\/d-identify.be\/product\/abdeckung-fuer-begrenzte-raeume-xl-nicht-abschliessbar-von-33-bis-36-zoll-84-bis-91-cm\/"},"modified":"2025-12-23T17:14:14","modified_gmt":"2025-12-23T15:14:14","slug":"nicht-verriegelbare-mannlochabdeckung-xl","status":"publish","type":"product","link":"https:\/\/d-identify.be\/de\/produkt\/nicht-verriegelbare-mannlochabdeckung-xl\/","title":{"rendered":"Nicht verriegelbare Mannlochabdeckung (XL)"},"content":{"rendered":"<p data-start=\"917\" data-end=\"1202\">Die <strong data-start=\"921\" data-end=\"967\">nicht verriegelbare Mannlochabdeckung (XL)<\/strong> bietet eine einfache L\u00f6sung zum Abdecken offener Mannl\u00f6cher bei Arbeiten in engen R\u00e4umen. Diese Mannlochabdeckung besteht aus industrietauglichem, UV-best\u00e4ndigem PVC-Netz. Das Material widersteht Witterung und t\u00e4glicher Beanspruchung.<\/p>\n<p data-start=\"1204\" data-end=\"1441\">Ein integrierter elastischer Gummizug erm\u00f6glicht eine schnelle Montage \u00fcber den Mannlochflansch. Anwender platzieren und entfernen die Abdeckung ohne Werkzeug. Dadurch eignet sie sich ideal f\u00fcr tempor\u00e4re Absicherung und visuelle Warnung.<\/p>\n<p data-start=\"1443\" data-end=\"1725\">Mit der <strong data-start=\"1451\" data-end=\"1498\">nicht verriegelbaren Mannlochabdeckung (XL)<\/strong> lassen sich Standard-Mannl\u00f6cher mit einem Gesamtdurchmesser inklusive Flansch von <strong data-start=\"1581\" data-end=\"1619\">889 bis 1008 mm (35 bis 39,7 Zoll)<\/strong> abdecken. Die Netzstruktur sorgt f\u00fcr Luftzirkulation und verhindert gleichzeitig unbeabsichtigten Zugang.<\/p>\n","protected":false},"excerpt":{"rendered":"<p>Die <strong data-start=\"664\" data-end=\"710\">nicht verriegelbare Mannlochabdeckung (XL)<\/strong> ist eine flexible Mannlochabdeckung aus UV-best\u00e4ndigem PVC-Netz. Sie passt auf Mannl\u00f6cher \u00d8 <strong data-start=\"803\" data-end=\"833\">889\u20131008 mm (35\u201339,7 Zoll)<\/strong> und l\u00e4sst sich schnell mit einem Gummizug montieren.<\/p>\n<p><img loading=\"lazy\" decoding=\"async\" class=\"alignnone wp-image-50228\" src=\"https:\/\/d-identify.be\/wp-content\/uploads\/2025\/01\/van-1.png\" alt=\"\" width=\"65\" height=\"27\" \/> Abdeckungen werden nach Bestellung gefertigt und in der Regel innerhalb von <strong>10 Werktagen<\/strong> versandt.<\/p>\n","protected":false},"featured_media":27509,"comment_status":"open","ping_status":"closed","template":"","meta":{"_acf_changed":false,"_et_pb_use_builder":"","_et_pb_old_content":"","_et_gb_content_width":""},"product_brand":[],"product_cat":[461,622],"product_tag":[962],"pa_connextion-shapes":[],"class_list":{"0":"post-50447","1":"product","2":"type-product","3":"status-publish","4":"has-post-thumbnail","6":"product_cat-lockout-tagout-de","7":"product_cat-confined-space-covers","8":"product_tag-d-identify-de","10":"first","11":"instock","12":"taxable","13":"shipping-taxable","14":"purchasable","15":"product-type-simple"},"exclude_global_add_ons":[],"addons":[],"acf":[],"yoast_head":"<!-- This site is optimized with the Yoast SEO Premium plugin v27.0 (Yoast SEO v27.1) - https:\/\/yoast.com\/product\/yoast-seo-premium-wordpress\/ -->\n<title>Nicht verriegelbare Mannlochabdeckung (XL)<\/title>\n<meta name=\"description\" content=\"Nicht verriegelbare Mannlochabdeckung (XL) aus UV-best\u00e4ndigem PVC-Netz. Elastische Montage. F\u00fcr Mannl\u00f6cher \u00d8 889\u20131008 mm (35\u201339,7 Zoll).\" \/>\n<meta name=\"robots\" content=\"index, follow, max-snippet:-1, max-image-preview:large, max-video-preview:-1\" \/>\n<link rel=\"canonical\" href=\"https:\/\/d-identify.be\/de\/produkt\/nicht-verriegelbare-mannlochabdeckung-xl\/\" \/>\n<meta property=\"og:locale\" content=\"de_DE\" \/>\n<meta property=\"og:type\" content=\"article\" \/>\n<meta property=\"og:title\" content=\"Nicht verriegelbare Mannlochabdeckung (XL)\" \/>\n<meta property=\"og:description\" content=\"Nicht verriegelbare Mannlochabdeckung (XL) aus UV-best\u00e4ndigem PVC-Netz. Elastische Montage. F\u00fcr Mannl\u00f6cher \u00d8 889\u20131008 mm (35\u201339,7 Zoll).\" \/>\n<meta property=\"og:url\" content=\"https:\/\/d-identify.be\/de\/produkt\/nicht-verriegelbare-mannlochabdeckung-xl\/\" \/>\n<meta property=\"og:site_name\" content=\"d-identify\" \/>\n<meta property=\"article:modified_time\" content=\"2025-12-23T15:14:14+00:00\" \/>\n<meta property=\"og:image\" content=\"https:\/\/d-identify.be\/wp-content\/uploads\/2021\/07\/D500CSFRONT_d47a3ebb-94d0-4a04-b29a-ca649a563d0b.png\" \/>\n\t<meta property=\"og:image:width\" content=\"510\" \/>\n\t<meta property=\"og:image:height\" content=\"510\" \/>\n\t<meta property=\"og:image:type\" content=\"image\/png\" \/>\n<meta name=\"twitter:card\" content=\"summary_large_image\" \/>\n<meta name=\"twitter:label1\" content=\"Gesch\u00e4tzte Lesezeit\" \/>\n\t<meta name=\"twitter:data1\" content=\"1\u00a0Minute\" \/>\n<script type=\"application\/ld+json\" class=\"yoast-schema-graph\">{\"@context\":\"https:\/\/schema.org\",\"@graph\":[{\"@type\":\"WebPage\",\"@id\":\"https:\/\/d-identify.be\/de\/produkt\/nicht-verriegelbare-mannlochabdeckung-xl\/\",\"url\":\"https:\/\/d-identify.be\/de\/produkt\/nicht-verriegelbare-mannlochabdeckung-xl\/\",\"name\":\"Nicht verriegelbare Mannlochabdeckung (XL)\",\"isPartOf\":{\"@id\":\"https:\/\/d-identify.be\/de\/#website\"},\"primaryImageOfPage\":{\"@id\":\"https:\/\/d-identify.be\/de\/produkt\/nicht-verriegelbare-mannlochabdeckung-xl\/#primaryimage\"},\"image\":{\"@id\":\"https:\/\/d-identify.be\/de\/produkt\/nicht-verriegelbare-mannlochabdeckung-xl\/#primaryimage\"},\"thumbnailUrl\":\"https:\/\/d-identify.be\/wp-content\/uploads\/2021\/07\/D500CSFRONT_d47a3ebb-94d0-4a04-b29a-ca649a563d0b.png\",\"datePublished\":\"2021-07-26T10:38:47+00:00\",\"dateModified\":\"2025-12-23T15:14:14+00:00\",\"description\":\"Nicht verriegelbare Mannlochabdeckung (XL) aus UV-best\u00e4ndigem PVC-Netz. Elastische Montage. F\u00fcr Mannl\u00f6cher \u00d8 889\u20131008 mm (35\u201339,7 Zoll).\",\"breadcrumb\":{\"@id\":\"https:\/\/d-identify.be\/de\/produkt\/nicht-verriegelbare-mannlochabdeckung-xl\/#breadcrumb\"},\"inLanguage\":\"de\",\"potentialAction\":[{\"@type\":\"ReadAction\",\"target\":[\"https:\/\/d-identify.be\/de\/produkt\/nicht-verriegelbare-mannlochabdeckung-xl\/\"]}]},{\"@type\":\"ImageObject\",\"inLanguage\":\"de\",\"@id\":\"https:\/\/d-identify.be\/de\/produkt\/nicht-verriegelbare-mannlochabdeckung-xl\/#primaryimage\",\"url\":\"https:\/\/d-identify.be\/wp-content\/uploads\/2021\/07\/D500CSFRONT_d47a3ebb-94d0-4a04-b29a-ca649a563d0b.png\",\"contentUrl\":\"https:\/\/d-identify.be\/wp-content\/uploads\/2021\/07\/D500CSFRONT_d47a3ebb-94d0-4a04-b29a-ca649a563d0b.png\",\"width\":510,\"height\":510,\"caption\":\"Nicht verriegelbare Mannlochabdeckung (XL)\"},{\"@type\":\"BreadcrumbList\",\"@id\":\"https:\/\/d-identify.be\/de\/produkt\/nicht-verriegelbare-mannlochabdeckung-xl\/#breadcrumb\",\"itemListElement\":[{\"@type\":\"ListItem\",\"position\":1,\"name\":\"Home\",\"item\":\"https:\/\/d-identify.be\/de\/home-2\/\"},{\"@type\":\"ListItem\",\"position\":2,\"name\":\"Shop\",\"item\":\"https:\/\/d-identify.be\/shop-2\/\"},{\"@type\":\"ListItem\",\"position\":3,\"name\":\"Nicht verriegelbare Mannlochabdeckung (XL)\"}]},{\"@type\":\"WebSite\",\"@id\":\"https:\/\/d-identify.be\/de\/#website\",\"url\":\"https:\/\/d-identify.be\/de\/\",\"name\":\"d-identify\",\"description\":\"Industrial identification - Lockout - Tagout - Floor marking\",\"potentialAction\":[{\"@type\":\"SearchAction\",\"target\":{\"@type\":\"EntryPoint\",\"urlTemplate\":\"https:\/\/d-identify.be\/de\/?s={search_term_string}\"},\"query-input\":{\"@type\":\"PropertyValueSpecification\",\"valueRequired\":true,\"valueName\":\"search_term_string\"}}],\"inLanguage\":\"de\"}]}<\/script>\n<!-- \/ Yoast SEO Premium plugin. -->","yoast_head_json":{"title":"Nicht verriegelbare Mannlochabdeckung (XL)","description":"Nicht verriegelbare Mannlochabdeckung (XL) aus UV-best\u00e4ndigem PVC-Netz. Elastische Montage. F\u00fcr Mannl\u00f6cher \u00d8 889\u20131008 mm (35\u201339,7 Zoll).","robots":{"index":"index","follow":"follow","max-snippet":"max-snippet:-1","max-image-preview":"max-image-preview:large","max-video-preview":"max-video-preview:-1"},"canonical":"https:\/\/d-identify.be\/de\/produkt\/nicht-verriegelbare-mannlochabdeckung-xl\/","og_locale":"de_DE","og_type":"article","og_title":"Nicht verriegelbare Mannlochabdeckung (XL)","og_description":"Nicht verriegelbare Mannlochabdeckung (XL) aus UV-best\u00e4ndigem PVC-Netz. Elastische Montage. F\u00fcr Mannl\u00f6cher \u00d8 889\u20131008 mm (35\u201339,7 Zoll).","og_url":"https:\/\/d-identify.be\/de\/produkt\/nicht-verriegelbare-mannlochabdeckung-xl\/","og_site_name":"d-identify","article_modified_time":"2025-12-23T15:14:14+00:00","og_image":[{"width":510,"height":510,"url":"https:\/\/d-identify.be\/wp-content\/uploads\/2021\/07\/D500CSFRONT_d47a3ebb-94d0-4a04-b29a-ca649a563d0b.png","type":"image\/png"}],"twitter_card":"summary_large_image","twitter_misc":{"Gesch\u00e4tzte Lesezeit":"1\u00a0Minute"},"schema":{"@context":"https:\/\/schema.org","@graph":[{"@type":"WebPage","@id":"https:\/\/d-identify.be\/de\/produkt\/nicht-verriegelbare-mannlochabdeckung-xl\/","url":"https:\/\/d-identify.be\/de\/produkt\/nicht-verriegelbare-mannlochabdeckung-xl\/","name":"Nicht verriegelbare Mannlochabdeckung (XL)","isPartOf":{"@id":"https:\/\/d-identify.be\/de\/#website"},"primaryImageOfPage":{"@id":"https:\/\/d-identify.be\/de\/produkt\/nicht-verriegelbare-mannlochabdeckung-xl\/#primaryimage"},"image":{"@id":"https:\/\/d-identify.be\/de\/produkt\/nicht-verriegelbare-mannlochabdeckung-xl\/#primaryimage"},"thumbnailUrl":"https:\/\/d-identify.be\/wp-content\/uploads\/2021\/07\/D500CSFRONT_d47a3ebb-94d0-4a04-b29a-ca649a563d0b.png","datePublished":"2021-07-26T10:38:47+00:00","dateModified":"2025-12-23T15:14:14+00:00","description":"Nicht verriegelbare Mannlochabdeckung (XL) aus UV-best\u00e4ndigem PVC-Netz. Elastische Montage. F\u00fcr Mannl\u00f6cher \u00d8 889\u20131008 mm (35\u201339,7 Zoll).","breadcrumb":{"@id":"https:\/\/d-identify.be\/de\/produkt\/nicht-verriegelbare-mannlochabdeckung-xl\/#breadcrumb"},"inLanguage":"de","potentialAction":[{"@type":"ReadAction","target":["https:\/\/d-identify.be\/de\/produkt\/nicht-verriegelbare-mannlochabdeckung-xl\/"]}]},{"@type":"ImageObject","inLanguage":"de","@id":"https:\/\/d-identify.be\/de\/produkt\/nicht-verriegelbare-mannlochabdeckung-xl\/#primaryimage","url":"https:\/\/d-identify.be\/wp-content\/uploads\/2021\/07\/D500CSFRONT_d47a3ebb-94d0-4a04-b29a-ca649a563d0b.png","contentUrl":"https:\/\/d-identify.be\/wp-content\/uploads\/2021\/07\/D500CSFRONT_d47a3ebb-94d0-4a04-b29a-ca649a563d0b.png","width":510,"height":510,"caption":"Nicht verriegelbare Mannlochabdeckung (XL)"},{"@type":"BreadcrumbList","@id":"https:\/\/d-identify.be\/de\/produkt\/nicht-verriegelbare-mannlochabdeckung-xl\/#breadcrumb","itemListElement":[{"@type":"ListItem","position":1,"name":"Home","item":"https:\/\/d-identify.be\/de\/home-2\/"},{"@type":"ListItem","position":2,"name":"Shop","item":"https:\/\/d-identify.be\/shop-2\/"},{"@type":"ListItem","position":3,"name":"Nicht verriegelbare Mannlochabdeckung (XL)"}]},{"@type":"WebSite","@id":"https:\/\/d-identify.be\/de\/#website","url":"https:\/\/d-identify.be\/de\/","name":"d-identify","description":"Industrial identification - Lockout - Tagout - Floor marking","potentialAction":[{"@type":"SearchAction","target":{"@type":"EntryPoint","urlTemplate":"https:\/\/d-identify.be\/de\/?s={search_term_string}"},"query-input":{"@type":"PropertyValueSpecification","valueRequired":true,"valueName":"search_term_string"}}],"inLanguage":"de"}]}},"_links":{"self":[{"href":"https:\/\/d-identify.be\/de\/wp-json\/wp\/v2\/product\/50447","targetHints":{"allow":["GET"]}}],"collection":[{"href":"https:\/\/d-identify.be\/de\/wp-json\/wp\/v2\/product"}],"about":[{"href":"https:\/\/d-identify.be\/de\/wp-json\/wp\/v2\/types\/product"}],"replies":[{"embeddable":true,"href":"https:\/\/d-identify.be\/de\/wp-json\/wp\/v2\/comments?post=50447"}],"wp:featuredmedia":[{"embeddable":true,"href":"https:\/\/d-identify.be\/de\/wp-json\/wp\/v2\/media\/27509"}],"wp:attachment":[{"href":"https:\/\/d-identify.be\/de\/wp-json\/wp\/v2\/media?parent=50447"}],"wp:term":[{"taxonomy":"product_brand","embeddable":true,"href":"https:\/\/d-identify.be\/de\/wp-json\/wp\/v2\/product_brand?post=50447"},{"taxonomy":"product_cat","embeddable":true,"href":"https:\/\/d-identify.be\/de\/wp-json\/wp\/v2\/product_cat?post=50447"},{"taxonomy":"product_tag","embeddable":true,"href":"https:\/\/d-identify.be\/de\/wp-json\/wp\/v2\/product_tag?post=50447"},{"taxonomy":"pa_connextion-shapes","embeddable":true,"href":"https:\/\/d-identify.be\/de\/wp-json\/wp\/v2\/pa_connextion-shapes?post=50447"}],"curies":[{"name":"wp","href":"https:\/\/api.w.org\/{rel}","templated":true}]}}