{"id":50285,"date":"2021-07-26T12:38:35","date_gmt":"2021-07-26T11:38:35","guid":{"rendered":"https:\/\/d-identify.be\/product\/biometrisches-fingerabdruck-vorhaengeschloss-4901eurdlhcc\/"},"modified":"2021-07-26T12:38:35","modified_gmt":"2021-07-26T10:38:35","slug":"biometrisches-fingerabdruck-vorhaengeschloss-4901eurdlhcc","status":"publish","type":"product","link":"https:\/\/d-identify.be\/de\/produkt\/biometrisches-fingerabdruck-vorhaengeschloss-4901eurdlhcc\/","title":{"rendered":"Biometrisches Fingerabdruck-Vorh\u00e4ngeschloss 4901EURDLHCC"},"content":{"rendered":"<p>Das biometrische Fingerabdruck-Vorh\u00e4ngeschloss 4901EURDLHCC verf\u00fcgt \u00fcber ein 56 mm breites Metallgeh\u00e4use f\u00fcr Langlebigkeit. Der B\u00fcgel hat einen Durchmesser von 9 mm, bietet eine vertikale Freigabe von 51 mm und besteht aus Borlegierung, die maximale Schnitt- und S\u00e4gewiderstandsf\u00e4higkeit bietet. Die biometrische Benutzeroberfl\u00e4che bietet h\u00f6chsten Bedienkomfort: keine Schl\u00fcssel, die verloren gehen k\u00f6nnten, oder Kombinationen, die man sich merken muss \u2013 Ihr Fingerabdruck ist der Schl\u00fcssel. Das Vorh\u00e4ngeschloss unterst\u00fctzt mehrere Fingerabdr\u00fccke f\u00fcr Multi-User-Zugriff und ist einfach einzurichten. Die 2-j\u00e4hrige eingeschr\u00e4nkte Garantie bietet Ihnen Sicherheit von einer Marke, der Sie vertrauen k\u00f6nnen.    <\/p>\n","protected":false},"excerpt":{"rendered":"<p>Das biometrische Fingerabdruck-Vorh\u00e4ngeschloss 4901EURDLHCC verf\u00fcgt \u00fcber ein 56 mm breites Metallgeh\u00e4use f\u00fcr Langlebigkeit. Der B\u00fcgel hat einen Durchmesser von 9 mm, bietet eine vertikale Freigabe von 51 mm und besteht aus Borlegierung, die maximale Schnitt- und S\u00e4gewiderstandsf\u00e4higkeit bietet. Die biometrische Benutzeroberfl\u00e4che bietet h\u00f6chsten Bedienkomfort: keine Schl\u00fcssel, die verloren gehen k\u00f6nnten, oder Kombinationen, die man sich merken muss \u2013 Ihr Fingerabdruck ist der Schl\u00fcssel. Das Vorh\u00e4ngeschloss unterst\u00fctzt mehrere Fingerabdr\u00fccke f\u00fcr Multi-User-Zugriff und ist einfach einzurichten. Die 2-j\u00e4hrige eingeschr\u00e4nkte Garantie bietet Ihnen Sicherheit von einer Marke, der Sie vertrauen k\u00f6nnen.    <\/p>\n","protected":false},"featured_media":27683,"comment_status":"open","ping_status":"closed","template":"","meta":{"_acf_changed":false,"_et_pb_use_builder":"","_et_pb_old_content":"","_et_gb_content_width":""},"product_brand":[],"product_cat":[643],"product_tag":[935],"pa_connextion-shapes":[],"class_list":{"0":"post-50285","1":"product","2":"type-product","3":"status-publish","4":"has-post-thumbnail","6":"product_cat-bluetooth-vorhaengeschloesser-master-lock","7":"product_tag-master-lock-de","9":"first","10":"instock","11":"sale","12":"taxable","13":"shipping-taxable","14":"purchasable","15":"product-type-simple"},"exclude_global_add_ons":[],"addons":[],"acf":[],"yoast_head":"<!-- This site is optimized with the Yoast SEO Premium plugin v27.0 (Yoast SEO v27.1) - https:\/\/yoast.com\/product\/yoast-seo-premium-wordpress\/ -->\n<title>Biometrisches Fingerabdruck-Vorh\u00e4ngeschloss 4901EURDLHCC<\/title>\n<meta name=\"description\" content=\"Das biometrische Fingerabdruck-Vorh\u00e4ngeschloss 4901EURDLHCC bietet sicheren Zugang per Fingerabdruck, eine robuste Konstruktion und zuverl\u00e4ssigen Schutz f\u00fcr Ihre Wertsachen.\" \/>\n<meta name=\"robots\" content=\"index, follow, max-snippet:-1, max-image-preview:large, max-video-preview:-1\" \/>\n<link rel=\"canonical\" href=\"https:\/\/d-identify.be\/de\/produkt\/biometrisches-fingerabdruck-vorhaengeschloss-4901eurdlhcc\/\" \/>\n<meta property=\"og:locale\" content=\"de_DE\" \/>\n<meta property=\"og:type\" content=\"article\" \/>\n<meta property=\"og:title\" content=\"Biometrisches Fingerabdruck-Vorh\u00e4ngeschloss 4901EURDLHCC\" \/>\n<meta property=\"og:description\" content=\"Das biometrische Fingerabdruck-Vorh\u00e4ngeschloss 4901EURDLHCC bietet sicheren Zugang per Fingerabdruck, eine robuste Konstruktion und zuverl\u00e4ssigen Schutz f\u00fcr Ihre Wertsachen.\" \/>\n<meta property=\"og:url\" content=\"https:\/\/d-identify.be\/de\/produkt\/biometrisches-fingerabdruck-vorhaengeschloss-4901eurdlhcc\/\" \/>\n<meta property=\"og:site_name\" content=\"d-identify\" \/>\n<meta property=\"og:image\" content=\"https:\/\/d-identify.be\/wp-content\/uploads\/2021\/07\/MLEU_PRODUCT_4901DLH.jpg\" \/>\n\t<meta property=\"og:image:width\" content=\"285\" \/>\n\t<meta property=\"og:image:height\" content=\"285\" \/>\n\t<meta property=\"og:image:type\" content=\"image\/jpeg\" \/>\n<meta name=\"twitter:card\" content=\"summary_large_image\" \/>\n<meta name=\"twitter:label1\" content=\"Gesch\u00e4tzte Lesezeit\" \/>\n\t<meta name=\"twitter:data1\" content=\"1\u00a0Minute\" \/>\n<script type=\"application\/ld+json\" class=\"yoast-schema-graph\">{\"@context\":\"https:\/\/schema.org\",\"@graph\":[{\"@type\":\"WebPage\",\"@id\":\"https:\/\/d-identify.be\/de\/produkt\/biometrisches-fingerabdruck-vorhaengeschloss-4901eurdlhcc\/\",\"url\":\"https:\/\/d-identify.be\/de\/produkt\/biometrisches-fingerabdruck-vorhaengeschloss-4901eurdlhcc\/\",\"name\":\"Biometrisches Fingerabdruck-Vorh\u00e4ngeschloss 4901EURDLHCC\",\"isPartOf\":{\"@id\":\"https:\/\/d-identify.be\/de\/#website\"},\"primaryImageOfPage\":{\"@id\":\"https:\/\/d-identify.be\/de\/produkt\/biometrisches-fingerabdruck-vorhaengeschloss-4901eurdlhcc\/#primaryimage\"},\"image\":{\"@id\":\"https:\/\/d-identify.be\/de\/produkt\/biometrisches-fingerabdruck-vorhaengeschloss-4901eurdlhcc\/#primaryimage\"},\"thumbnailUrl\":\"https:\/\/d-identify.be\/wp-content\/uploads\/2021\/07\/MLEU_PRODUCT_4901DLH.jpg\",\"datePublished\":\"2021-07-26T11:38:35+00:00\",\"description\":\"Das biometrische Fingerabdruck-Vorh\u00e4ngeschloss 4901EURDLHCC bietet sicheren Zugang per Fingerabdruck, eine robuste Konstruktion und zuverl\u00e4ssigen Schutz f\u00fcr Ihre Wertsachen.\",\"breadcrumb\":{\"@id\":\"https:\/\/d-identify.be\/de\/produkt\/biometrisches-fingerabdruck-vorhaengeschloss-4901eurdlhcc\/#breadcrumb\"},\"inLanguage\":\"de\",\"potentialAction\":[{\"@type\":\"ReadAction\",\"target\":[\"https:\/\/d-identify.be\/de\/produkt\/biometrisches-fingerabdruck-vorhaengeschloss-4901eurdlhcc\/\"]}]},{\"@type\":\"ImageObject\",\"inLanguage\":\"de\",\"@id\":\"https:\/\/d-identify.be\/de\/produkt\/biometrisches-fingerabdruck-vorhaengeschloss-4901eurdlhcc\/#primaryimage\",\"url\":\"https:\/\/d-identify.be\/wp-content\/uploads\/2021\/07\/MLEU_PRODUCT_4901DLH.jpg\",\"contentUrl\":\"https:\/\/d-identify.be\/wp-content\/uploads\/2021\/07\/MLEU_PRODUCT_4901DLH.jpg\",\"width\":285,\"height\":285,\"caption\":\"Biometrisches Fingerabdruck-Vorh\u00e4ngeschloss 4901EURDLHCC\"},{\"@type\":\"BreadcrumbList\",\"@id\":\"https:\/\/d-identify.be\/de\/produkt\/biometrisches-fingerabdruck-vorhaengeschloss-4901eurdlhcc\/#breadcrumb\",\"itemListElement\":[{\"@type\":\"ListItem\",\"position\":1,\"name\":\"Home\",\"item\":\"https:\/\/d-identify.be\/de\/home-2\/\"},{\"@type\":\"ListItem\",\"position\":2,\"name\":\"Shop\",\"item\":\"https:\/\/d-identify.be\/shop-2\/\"},{\"@type\":\"ListItem\",\"position\":3,\"name\":\"Biometrisches Fingerabdruck-Vorh\u00e4ngeschloss 4901EURDLHCC\"}]},{\"@type\":\"WebSite\",\"@id\":\"https:\/\/d-identify.be\/de\/#website\",\"url\":\"https:\/\/d-identify.be\/de\/\",\"name\":\"d-identify\",\"description\":\"Industrial identification - Lockout - Tagout - Floor marking\",\"potentialAction\":[{\"@type\":\"SearchAction\",\"target\":{\"@type\":\"EntryPoint\",\"urlTemplate\":\"https:\/\/d-identify.be\/de\/?s={search_term_string}\"},\"query-input\":{\"@type\":\"PropertyValueSpecification\",\"valueRequired\":true,\"valueName\":\"search_term_string\"}}],\"inLanguage\":\"de\"}]}<\/script>\n<!-- \/ Yoast SEO Premium plugin. -->","yoast_head_json":{"title":"Biometrisches Fingerabdruck-Vorh\u00e4ngeschloss 4901EURDLHCC","description":"Das biometrische Fingerabdruck-Vorh\u00e4ngeschloss 4901EURDLHCC bietet sicheren Zugang per Fingerabdruck, eine robuste Konstruktion und zuverl\u00e4ssigen Schutz f\u00fcr Ihre Wertsachen.","robots":{"index":"index","follow":"follow","max-snippet":"max-snippet:-1","max-image-preview":"max-image-preview:large","max-video-preview":"max-video-preview:-1"},"canonical":"https:\/\/d-identify.be\/de\/produkt\/biometrisches-fingerabdruck-vorhaengeschloss-4901eurdlhcc\/","og_locale":"de_DE","og_type":"article","og_title":"Biometrisches Fingerabdruck-Vorh\u00e4ngeschloss 4901EURDLHCC","og_description":"Das biometrische Fingerabdruck-Vorh\u00e4ngeschloss 4901EURDLHCC bietet sicheren Zugang per Fingerabdruck, eine robuste Konstruktion und zuverl\u00e4ssigen Schutz f\u00fcr Ihre Wertsachen.","og_url":"https:\/\/d-identify.be\/de\/produkt\/biometrisches-fingerabdruck-vorhaengeschloss-4901eurdlhcc\/","og_site_name":"d-identify","og_image":[{"width":285,"height":285,"url":"https:\/\/d-identify.be\/wp-content\/uploads\/2021\/07\/MLEU_PRODUCT_4901DLH.jpg","type":"image\/jpeg"}],"twitter_card":"summary_large_image","twitter_misc":{"Gesch\u00e4tzte Lesezeit":"1\u00a0Minute"},"schema":{"@context":"https:\/\/schema.org","@graph":[{"@type":"WebPage","@id":"https:\/\/d-identify.be\/de\/produkt\/biometrisches-fingerabdruck-vorhaengeschloss-4901eurdlhcc\/","url":"https:\/\/d-identify.be\/de\/produkt\/biometrisches-fingerabdruck-vorhaengeschloss-4901eurdlhcc\/","name":"Biometrisches Fingerabdruck-Vorh\u00e4ngeschloss 4901EURDLHCC","isPartOf":{"@id":"https:\/\/d-identify.be\/de\/#website"},"primaryImageOfPage":{"@id":"https:\/\/d-identify.be\/de\/produkt\/biometrisches-fingerabdruck-vorhaengeschloss-4901eurdlhcc\/#primaryimage"},"image":{"@id":"https:\/\/d-identify.be\/de\/produkt\/biometrisches-fingerabdruck-vorhaengeschloss-4901eurdlhcc\/#primaryimage"},"thumbnailUrl":"https:\/\/d-identify.be\/wp-content\/uploads\/2021\/07\/MLEU_PRODUCT_4901DLH.jpg","datePublished":"2021-07-26T11:38:35+00:00","description":"Das biometrische Fingerabdruck-Vorh\u00e4ngeschloss 4901EURDLHCC bietet sicheren Zugang per Fingerabdruck, eine robuste Konstruktion und zuverl\u00e4ssigen Schutz f\u00fcr Ihre Wertsachen.","breadcrumb":{"@id":"https:\/\/d-identify.be\/de\/produkt\/biometrisches-fingerabdruck-vorhaengeschloss-4901eurdlhcc\/#breadcrumb"},"inLanguage":"de","potentialAction":[{"@type":"ReadAction","target":["https:\/\/d-identify.be\/de\/produkt\/biometrisches-fingerabdruck-vorhaengeschloss-4901eurdlhcc\/"]}]},{"@type":"ImageObject","inLanguage":"de","@id":"https:\/\/d-identify.be\/de\/produkt\/biometrisches-fingerabdruck-vorhaengeschloss-4901eurdlhcc\/#primaryimage","url":"https:\/\/d-identify.be\/wp-content\/uploads\/2021\/07\/MLEU_PRODUCT_4901DLH.jpg","contentUrl":"https:\/\/d-identify.be\/wp-content\/uploads\/2021\/07\/MLEU_PRODUCT_4901DLH.jpg","width":285,"height":285,"caption":"Biometrisches Fingerabdruck-Vorh\u00e4ngeschloss 4901EURDLHCC"},{"@type":"BreadcrumbList","@id":"https:\/\/d-identify.be\/de\/produkt\/biometrisches-fingerabdruck-vorhaengeschloss-4901eurdlhcc\/#breadcrumb","itemListElement":[{"@type":"ListItem","position":1,"name":"Home","item":"https:\/\/d-identify.be\/de\/home-2\/"},{"@type":"ListItem","position":2,"name":"Shop","item":"https:\/\/d-identify.be\/shop-2\/"},{"@type":"ListItem","position":3,"name":"Biometrisches Fingerabdruck-Vorh\u00e4ngeschloss 4901EURDLHCC"}]},{"@type":"WebSite","@id":"https:\/\/d-identify.be\/de\/#website","url":"https:\/\/d-identify.be\/de\/","name":"d-identify","description":"Industrial identification - Lockout - Tagout - Floor marking","potentialAction":[{"@type":"SearchAction","target":{"@type":"EntryPoint","urlTemplate":"https:\/\/d-identify.be\/de\/?s={search_term_string}"},"query-input":{"@type":"PropertyValueSpecification","valueRequired":true,"valueName":"search_term_string"}}],"inLanguage":"de"}]}},"_links":{"self":[{"href":"https:\/\/d-identify.be\/de\/wp-json\/wp\/v2\/product\/50285","targetHints":{"allow":["GET"]}}],"collection":[{"href":"https:\/\/d-identify.be\/de\/wp-json\/wp\/v2\/product"}],"about":[{"href":"https:\/\/d-identify.be\/de\/wp-json\/wp\/v2\/types\/product"}],"replies":[{"embeddable":true,"href":"https:\/\/d-identify.be\/de\/wp-json\/wp\/v2\/comments?post=50285"}],"wp:featuredmedia":[{"embeddable":true,"href":"https:\/\/d-identify.be\/de\/wp-json\/wp\/v2\/media\/27683"}],"wp:attachment":[{"href":"https:\/\/d-identify.be\/de\/wp-json\/wp\/v2\/media?parent=50285"}],"wp:term":[{"taxonomy":"product_brand","embeddable":true,"href":"https:\/\/d-identify.be\/de\/wp-json\/wp\/v2\/product_brand?post=50285"},{"taxonomy":"product_cat","embeddable":true,"href":"https:\/\/d-identify.be\/de\/wp-json\/wp\/v2\/product_cat?post=50285"},{"taxonomy":"product_tag","embeddable":true,"href":"https:\/\/d-identify.be\/de\/wp-json\/wp\/v2\/product_tag?post=50285"},{"taxonomy":"pa_connextion-shapes","embeddable":true,"href":"https:\/\/d-identify.be\/de\/wp-json\/wp\/v2\/pa_connextion-shapes?post=50285"}],"curies":[{"name":"wp","href":"https:\/\/api.w.org\/{rel}","templated":true}]}}