{"id":49855,"date":"2021-07-26T12:39:24","date_gmt":"2021-07-26T10:39:24","guid":{"rendered":"https:\/\/d-identify.be\/product\/premium-permastripe-starre-bodenmarkierung\/"},"modified":"2021-07-26T12:39:24","modified_gmt":"2021-07-26T10:39:24","slug":"premium-permastripe-starre-bodenmarkierung","status":"publish","type":"product","link":"https:\/\/d-identify.be\/de\/produkt\/premium-permastripe-starre-bodenmarkierung\/","title":{"rendered":"Premium Permastripe Starre Bodenmarkierung"},"content":{"rendered":"<ul>\n<li>Die Installation k\u00f6nnte nicht einfacher sein: Ziehen Sie einfach die Schutzfolie ab und kleben Sie das Band auf. Heskins hat zudem einen eigenen Applikator entwickelt, der eine schnelle Installation des PermaStripe-Bodenmarkierungsbands erm\u00f6glicht.<\/li>\n<li>Keine detaillierte Vorbereitung erforderlich: Im Gegensatz zu Farben und Harzen werden keine D\u00e4mpfe oder L\u00f6sungsmittel freigesetzt; der Arbeitsbereich kann w\u00e4hrend der Anwendung genutzt werden, sogar in Lebensmittelzubereitungsbereichen.<\/li>\n<li>Keine Aush\u00e4rtezeit \u2013 Sie erhalten sofort die gew\u00fcnschte Markierung!<\/li>\n<li>Die einfarbigen Varianten bestehen aus einer homogenen, soliden Konstruktion; Kratzer beeintr\u00e4chtigen die Farbe nicht.<\/li>\n<li>Dank seiner extremen Festigkeit rei\u00dft das Band beim Entfernen nicht, was einfache Anpassungen der 5S-Bodenmarkierung am Arbeitsplatz erm\u00f6glicht \u2013 im Gegensatz zu Farbe oder Harz.<\/li>\n<li>PermaStripe ist in Rollenbreiten von 50 mm, 75 mm oder 100 mm und in 30-m-Rollen f\u00fcr Langzeitanwendungen erh\u00e4ltlich.<\/li>\n<li>Erh\u00e4ltlich in einer Vielzahl von Formaten: Rollen, Formen, Zahlen, Buchstaben, Pfeile und Scheiben. Wir k\u00f6nnen sogar PermaStripe-Gangmarkierungen nach Ihren individuellen Anforderungen herstellen.<\/li>\n<\/ul>\n","protected":false},"excerpt":{"rendered":"<p>Das PermaStripe-Bodenmarkierungsband ist die moderne Alternative zu Harz- und Farblinienmarkierungen in Lagerh\u00e4usern und hilft zukunftsorientierten Unternehmen, den 5S-Bodenmarkierungsstatus zu erreichen. Mit dem PermaStripe-Industrieband k\u00f6nnen Sie klar definierte Wege schaffen, damit Mitarbeiter ihre Aufgaben erledigen und Besucher Arbeitsbereiche sicher und effizient durchqueren k\u00f6nnen.<br \/>PermaStripe ist unser strapazierf\u00e4higstes Bodenmarkierungsband, das Gabelstaplerverkehr und rauen Umgebungen problemlos standh\u00e4lt.<br \/>M\u00fcssen Sie eine Verbindung zwischen den Markierungslinien herstellen? Erstellen Sie <a href=\"https:\/\/d-identify.be\/product\/premium-permastripe-rigid-corners\/\">perfekte 90<b>\u00b0<\/b>-Ecken<\/a>, <a href=\"https:\/\/d-identify.be\/product\/premium-permastripe-rigid-corners\/\">45<b>\u00b0<\/b>-Ecken<\/a>, <a href=\"https:\/\/d-identify.be\/product\/premium-permastripe-rigid-corners\/\">T-Verbindungen<\/a> oder <a href=\"https:\/\/d-identify.be\/product\/premium-permastripe-rigid-corners\/\">Br\u00fccken<\/a>. <\/p>\n","protected":false},"featured_media":25388,"comment_status":"open","ping_status":"closed","template":"","meta":{"_acf_changed":false,"_et_pb_use_builder":"","_et_pb_old_content":"","_et_gb_content_width":""},"product_brand":[],"product_cat":[712],"product_tag":[962],"pa_connextion-shapes":[],"class_list":{"0":"post-49855","1":"product","2":"type-product","3":"status-publish","4":"has-post-thumbnail","6":"product_cat-bodenmarkierungsband","7":"product_tag-d-identify-de","9":"first","10":"instock","11":"featured","12":"taxable","13":"shipping-taxable","14":"purchasable","15":"product-type-variable","16":"has-default-attributes"},"exclude_global_add_ons":[],"addons":[],"acf":[],"yoast_head":"<!-- This site is optimized with the Yoast SEO Premium plugin v27.0 (Yoast SEO v27.1) - https:\/\/yoast.com\/product\/yoast-seo-premium-wordpress\/ -->\n<title>Premium Permastripe Starre Bodenmarkierung - d-identify<\/title>\n<meta name=\"robots\" content=\"index, follow, max-snippet:-1, max-image-preview:large, max-video-preview:-1\" \/>\n<link rel=\"canonical\" href=\"https:\/\/d-identify.be\/de\/produkt\/premium-permastripe-starre-bodenmarkierung\/\" \/>\n<meta property=\"og:locale\" content=\"de_DE\" \/>\n<meta property=\"og:type\" content=\"article\" \/>\n<meta property=\"og:title\" content=\"Premium Permastripe Starre Bodenmarkierung\" \/>\n<meta property=\"og:description\" content=\"Das PermaStripe-Bodenmarkierungsband ist die moderne Alternative zu Harz- und Farblinienmarkierungen in Lagerh\u00e4usern und hilft zukunftsorientierten Unternehmen, den 5S-Bodenmarkierungsstatus zu erreichen. Mit dem PermaStripe-Industrieband k\u00f6nnen Sie klar definierte Wege schaffen, damit Mitarbeiter ihre Aufgaben erledigen und Besucher Arbeitsbereiche sicher und effizient durchqueren k\u00f6nnen.PermaStripe ist unser strapazierf\u00e4higstes Bodenmarkierungsband, das Gabelstaplerverkehr und rauen Umgebungen problemlos standh\u00e4lt.M\u00fcssen Sie eine Verbindung zwischen den Markierungslinien herstellen? Erstellen Sie perfekte 90\u00b0-Ecken, 45\u00b0-Ecken, T-Verbindungen oder Br\u00fccken.\" \/>\n<meta property=\"og:url\" content=\"https:\/\/d-identify.be\/de\/produkt\/premium-permastripe-starre-bodenmarkierung\/\" \/>\n<meta property=\"og:site_name\" content=\"d-identify\" \/>\n<meta property=\"og:image\" content=\"https:\/\/d-identify.be\/wp-content\/uploads\/2021\/07\/FMO3009.png\" \/>\n\t<meta property=\"og:image:width\" content=\"1000\" \/>\n\t<meta property=\"og:image:height\" content=\"1000\" \/>\n\t<meta property=\"og:image:type\" content=\"image\/png\" \/>\n<meta name=\"twitter:card\" content=\"summary_large_image\" \/>\n<meta name=\"twitter:label1\" content=\"Gesch\u00e4tzte Lesezeit\" \/>\n\t<meta name=\"twitter:data1\" content=\"1\u00a0Minute\" \/>\n<script type=\"application\/ld+json\" class=\"yoast-schema-graph\">{\"@context\":\"https:\/\/schema.org\",\"@graph\":[{\"@type\":\"WebPage\",\"@id\":\"https:\/\/d-identify.be\/de\/produkt\/premium-permastripe-starre-bodenmarkierung\/\",\"url\":\"https:\/\/d-identify.be\/de\/produkt\/premium-permastripe-starre-bodenmarkierung\/\",\"name\":\"Premium Permastripe Starre Bodenmarkierung - d-identify\",\"isPartOf\":{\"@id\":\"https:\/\/d-identify.be\/de\/#website\"},\"primaryImageOfPage\":{\"@id\":\"https:\/\/d-identify.be\/de\/produkt\/premium-permastripe-starre-bodenmarkierung\/#primaryimage\"},\"image\":{\"@id\":\"https:\/\/d-identify.be\/de\/produkt\/premium-permastripe-starre-bodenmarkierung\/#primaryimage\"},\"thumbnailUrl\":\"https:\/\/d-identify.be\/wp-content\/uploads\/2021\/07\/FMO3009.png\",\"datePublished\":\"2021-07-26T10:39:24+00:00\",\"breadcrumb\":{\"@id\":\"https:\/\/d-identify.be\/de\/produkt\/premium-permastripe-starre-bodenmarkierung\/#breadcrumb\"},\"inLanguage\":\"de\",\"potentialAction\":[{\"@type\":\"ReadAction\",\"target\":[\"https:\/\/d-identify.be\/de\/produkt\/premium-permastripe-starre-bodenmarkierung\/\"]}]},{\"@type\":\"ImageObject\",\"inLanguage\":\"de\",\"@id\":\"https:\/\/d-identify.be\/de\/produkt\/premium-permastripe-starre-bodenmarkierung\/#primaryimage\",\"url\":\"https:\/\/d-identify.be\/wp-content\/uploads\/2021\/07\/FMO3009.png\",\"contentUrl\":\"https:\/\/d-identify.be\/wp-content\/uploads\/2021\/07\/FMO3009.png\",\"width\":1000,\"height\":1000},{\"@type\":\"BreadcrumbList\",\"@id\":\"https:\/\/d-identify.be\/de\/produkt\/premium-permastripe-starre-bodenmarkierung\/#breadcrumb\",\"itemListElement\":[{\"@type\":\"ListItem\",\"position\":1,\"name\":\"Home\",\"item\":\"https:\/\/d-identify.be\/de\/home-2\/\"},{\"@type\":\"ListItem\",\"position\":2,\"name\":\"Shop\",\"item\":\"https:\/\/d-identify.be\/shop-2\/\"},{\"@type\":\"ListItem\",\"position\":3,\"name\":\"Premium Permastripe Starre Bodenmarkierung\"}]},{\"@type\":\"WebSite\",\"@id\":\"https:\/\/d-identify.be\/de\/#website\",\"url\":\"https:\/\/d-identify.be\/de\/\",\"name\":\"d-identify\",\"description\":\"Industrial identification - Lockout - Tagout - Floor marking\",\"potentialAction\":[{\"@type\":\"SearchAction\",\"target\":{\"@type\":\"EntryPoint\",\"urlTemplate\":\"https:\/\/d-identify.be\/de\/?s={search_term_string}\"},\"query-input\":{\"@type\":\"PropertyValueSpecification\",\"valueRequired\":true,\"valueName\":\"search_term_string\"}}],\"inLanguage\":\"de\"}]}<\/script>\n<!-- \/ Yoast SEO Premium plugin. -->","yoast_head_json":{"title":"Premium Permastripe Starre Bodenmarkierung - d-identify","robots":{"index":"index","follow":"follow","max-snippet":"max-snippet:-1","max-image-preview":"max-image-preview:large","max-video-preview":"max-video-preview:-1"},"canonical":"https:\/\/d-identify.be\/de\/produkt\/premium-permastripe-starre-bodenmarkierung\/","og_locale":"de_DE","og_type":"article","og_title":"Premium Permastripe Starre Bodenmarkierung","og_description":"Das PermaStripe-Bodenmarkierungsband ist die moderne Alternative zu Harz- und Farblinienmarkierungen in Lagerh\u00e4usern und hilft zukunftsorientierten Unternehmen, den 5S-Bodenmarkierungsstatus zu erreichen. Mit dem PermaStripe-Industrieband k\u00f6nnen Sie klar definierte Wege schaffen, damit Mitarbeiter ihre Aufgaben erledigen und Besucher Arbeitsbereiche sicher und effizient durchqueren k\u00f6nnen.PermaStripe ist unser strapazierf\u00e4higstes Bodenmarkierungsband, das Gabelstaplerverkehr und rauen Umgebungen problemlos standh\u00e4lt.M\u00fcssen Sie eine Verbindung zwischen den Markierungslinien herstellen? Erstellen Sie perfekte 90\u00b0-Ecken, 45\u00b0-Ecken, T-Verbindungen oder Br\u00fccken.","og_url":"https:\/\/d-identify.be\/de\/produkt\/premium-permastripe-starre-bodenmarkierung\/","og_site_name":"d-identify","og_image":[{"width":1000,"height":1000,"url":"https:\/\/d-identify.be\/wp-content\/uploads\/2021\/07\/FMO3009.png","type":"image\/png"}],"twitter_card":"summary_large_image","twitter_misc":{"Gesch\u00e4tzte Lesezeit":"1\u00a0Minute"},"schema":{"@context":"https:\/\/schema.org","@graph":[{"@type":"WebPage","@id":"https:\/\/d-identify.be\/de\/produkt\/premium-permastripe-starre-bodenmarkierung\/","url":"https:\/\/d-identify.be\/de\/produkt\/premium-permastripe-starre-bodenmarkierung\/","name":"Premium Permastripe Starre Bodenmarkierung - d-identify","isPartOf":{"@id":"https:\/\/d-identify.be\/de\/#website"},"primaryImageOfPage":{"@id":"https:\/\/d-identify.be\/de\/produkt\/premium-permastripe-starre-bodenmarkierung\/#primaryimage"},"image":{"@id":"https:\/\/d-identify.be\/de\/produkt\/premium-permastripe-starre-bodenmarkierung\/#primaryimage"},"thumbnailUrl":"https:\/\/d-identify.be\/wp-content\/uploads\/2021\/07\/FMO3009.png","datePublished":"2021-07-26T10:39:24+00:00","breadcrumb":{"@id":"https:\/\/d-identify.be\/de\/produkt\/premium-permastripe-starre-bodenmarkierung\/#breadcrumb"},"inLanguage":"de","potentialAction":[{"@type":"ReadAction","target":["https:\/\/d-identify.be\/de\/produkt\/premium-permastripe-starre-bodenmarkierung\/"]}]},{"@type":"ImageObject","inLanguage":"de","@id":"https:\/\/d-identify.be\/de\/produkt\/premium-permastripe-starre-bodenmarkierung\/#primaryimage","url":"https:\/\/d-identify.be\/wp-content\/uploads\/2021\/07\/FMO3009.png","contentUrl":"https:\/\/d-identify.be\/wp-content\/uploads\/2021\/07\/FMO3009.png","width":1000,"height":1000},{"@type":"BreadcrumbList","@id":"https:\/\/d-identify.be\/de\/produkt\/premium-permastripe-starre-bodenmarkierung\/#breadcrumb","itemListElement":[{"@type":"ListItem","position":1,"name":"Home","item":"https:\/\/d-identify.be\/de\/home-2\/"},{"@type":"ListItem","position":2,"name":"Shop","item":"https:\/\/d-identify.be\/shop-2\/"},{"@type":"ListItem","position":3,"name":"Premium Permastripe Starre Bodenmarkierung"}]},{"@type":"WebSite","@id":"https:\/\/d-identify.be\/de\/#website","url":"https:\/\/d-identify.be\/de\/","name":"d-identify","description":"Industrial identification - Lockout - Tagout - Floor marking","potentialAction":[{"@type":"SearchAction","target":{"@type":"EntryPoint","urlTemplate":"https:\/\/d-identify.be\/de\/?s={search_term_string}"},"query-input":{"@type":"PropertyValueSpecification","valueRequired":true,"valueName":"search_term_string"}}],"inLanguage":"de"}]}},"_links":{"self":[{"href":"https:\/\/d-identify.be\/de\/wp-json\/wp\/v2\/product\/49855","targetHints":{"allow":["GET"]}}],"collection":[{"href":"https:\/\/d-identify.be\/de\/wp-json\/wp\/v2\/product"}],"about":[{"href":"https:\/\/d-identify.be\/de\/wp-json\/wp\/v2\/types\/product"}],"replies":[{"embeddable":true,"href":"https:\/\/d-identify.be\/de\/wp-json\/wp\/v2\/comments?post=49855"}],"wp:featuredmedia":[{"embeddable":true,"href":"https:\/\/d-identify.be\/de\/wp-json\/wp\/v2\/media\/25388"}],"wp:attachment":[{"href":"https:\/\/d-identify.be\/de\/wp-json\/wp\/v2\/media?parent=49855"}],"wp:term":[{"taxonomy":"product_brand","embeddable":true,"href":"https:\/\/d-identify.be\/de\/wp-json\/wp\/v2\/product_brand?post=49855"},{"taxonomy":"product_cat","embeddable":true,"href":"https:\/\/d-identify.be\/de\/wp-json\/wp\/v2\/product_cat?post=49855"},{"taxonomy":"product_tag","embeddable":true,"href":"https:\/\/d-identify.be\/de\/wp-json\/wp\/v2\/product_tag?post=49855"},{"taxonomy":"pa_connextion-shapes","embeddable":true,"href":"https:\/\/d-identify.be\/de\/wp-json\/wp\/v2\/pa_connextion-shapes?post=49855"}],"curies":[{"name":"wp","href":"https:\/\/api.w.org\/{rel}","templated":true}]}}