{"id":49780,"date":"2024-09-25T14:14:48","date_gmt":"2024-09-25T12:14:48","guid":{"rendered":"https:\/\/d-identify.be\/product\/loftware-lms-pro\/"},"modified":"2024-09-25T14:14:48","modified_gmt":"2024-09-25T12:14:48","slug":"loftware-lms-pro","status":"publish","type":"product","link":"https:\/\/d-identify.be\/de\/produkt\/loftware-lms-pro\/","title":{"rendered":"Loftware LMS Pro"},"content":{"rendered":"<div class=\"flex-shrink-0 flex flex-col relative items-end\">\n<div>\n<div class=\"pt-0\">\n<div class=\"gizmo-bot-avatar flex h-8 w-8 items-center justify-center overflow-hidden rounded-full\">\n<div class=\"relative p-1 rounded-sm flex items-center justify-center bg-token-main-surface-primary text-token-text-primary h-8 w-8\"><strong>Loftware LMS Pro<\/strong> ist eine leistungsstarke und skalierbare Enterprise-L\u00f6sung f\u00fcr Etikettierungs- und Artwork-Management, die darauf ausgelegt ist, komplexe Etikettierungsprozesse f\u00fcr Unternehmen in verschiedenen Branchen zu optimieren. Durch die Bereitstellung einer <strong>zentralisierten Plattform<\/strong> f\u00fcr die Verwaltung von Etikettendesign, Druck und Compliance gew\u00e4hrleistet LMS Pro Konsistenz, <strong>Genauigkeit und die Einhaltung gesetzlicher Vorschriften<\/strong>.<br \/>Diese L\u00f6sung ist besonders wertvoll f\u00fcr Unternehmen, die in stark regulierten Umgebungen wie Pharmazeutik, Gesundheitswesen, Lebensmittel- und Getr\u00e4nkeindustrie sowie Fertigung t\u00e4tig sind, wo Etikettierungsfehler zu kostspieligen R\u00fcckrufen oder Strafen wegen Nichteinhaltung f\u00fchren k\u00f6nnen.  <\/div>\n<\/div>\n<\/div>\n<\/div>\n<\/div>\n<div class=\"group\/conversation-turn relative flex w-full min-w-0 flex-col agent-turn\">\n<div class=\"flex-col gap-1 md:gap-3\">\n<div class=\"flex max-w-full flex-col flex-grow\">\n<div class=\"min-h-8 text-message flex w-full flex-col items-end gap-2 whitespace-normal break-words [.text-message+&amp;]:mt-5\" dir=\"auto\" data-message-author-role=\"assistant\" data-message-id=\"39e59ad0-d946-4d6a-b1c7-c037f07dad93\">\n<div class=\"flex w-full flex-col gap-1 empty:hidden first:pt-[3px]\">\n<div class=\"markdown prose w-full break-words dark:prose-invert light\">\n<p><strong>LMS Pro bietet nahtlose Integration mit f\u00fchrenden Gesch\u00e4ftssystemen<\/strong> wie ERP-, MES- und WMS-Plattformen, einschlie\u00dflich <strong>SAP und Oracle<\/strong>, und erm\u00f6glicht automatisierte Workflows sowie den <strong>Echtzeit-Datenaustausch<\/strong> f\u00fcr effizientere Etikettierungsprozesse. Dank seiner intuitiven und benutzerfreundlichen Oberfl\u00e4che k\u00f6nnen Anwender Etikettenvorlagen erstellen und verwalten, ohne tiefgehende technische Kenntnisse zu ben\u00f6tigen.<br \/>Die skalierbare Architektur des Systems unterst\u00fctzt Unternehmen jeder Gr\u00f6\u00dfe und erm\u00f6glicht das Drucken an mehreren Standorten, um Konsistenz an verschiedenen Standorten zu gew\u00e4hrleisten. Zus\u00e4tzliche Funktionen wie Versionskontrolle, r<strong>ollenbasierter Zugriff und Unterst\u00fctzung f\u00fcr mehrere Sprachen<\/strong> sorgen f\u00fcr Sicherheit, Flexibilit\u00e4t und globale Einsatzm\u00f6glichkeiten.<br \/>LMS Pro umfasst au\u00dferdem fortschrittliche Tools f\u00fcr das Artwork-Management und ist somit eine umfassende L\u00f6sung f\u00fcr die Verwaltung von Etiketten und Verpackungen. Insgesamt bietet Loftware LMS Pro Funktionen auf Enterprise-Niveau, die die Produktivit\u00e4t steigern, Etikettierungsfehler reduzieren und die Einhaltung von Industriestandards sicherstellen.<\/p>\n<p>4o  <\/p>\n<\/div>\n<\/div>\n<\/div>\n<\/div>\n<\/div>\n<\/div>\n","protected":false},"excerpt":{"rendered":"<div class=\"flex-shrink-0 flex flex-col relative items-end\">\n<div>\n<div class=\"pt-0\">\n<div class=\"gizmo-bot-avatar flex h-8 w-8 items-center justify-center overflow-hidden rounded-full\">\n<div class=\"relative p-1 rounded-sm flex items-center justify-center bg-token-main-surface-primary text-token-text-primary h-8 w-8\"> <strong>Loftware LMS Pro<\/strong> ist eine umfassende, unternehmensweite L\u00f6sung f\u00fcr Etikettierungs- und Artwork-Management, die darauf ausgelegt ist, Etikettierungsprozesse f\u00fcr Unternehmen zu optimieren und zu vereinfachen. Es ist Teil des umfassenderen <strong>Loftware Label Management Systems (LMS)<\/strong>, das erweiterte Funktionen f\u00fcr das Entwerfen, Verwalten und Drucken von Etiketten bietet und gleichzeitig die Einhaltung von Branchenvorschriften sicherstellt.<br \/>Wenn Sie bereit sind, Ihre Druckprozesse in die Cloud zu verlagern, k\u00f6nnten Sie an <a href=\"https:\/\/d-identify.be\/product\/loftware-cloud-essentials\/\" target=\"_blank\" rel=\"noopener\">Loftware Cloud Essentials<\/a> interessiert sein, das dieselben Funktionen bietet.  <\/div>\n<\/div>\n<\/div>\n<\/div>\n<\/div>\n","protected":false},"featured_media":40170,"comment_status":"open","ping_status":"closed","template":"","meta":{"_acf_changed":false,"_et_pb_use_builder":"","_et_pb_old_content":"","_et_gb_content_width":""},"product_brand":[],"product_cat":[737],"product_tag":[1102],"pa_connextion-shapes":[],"class_list":{"0":"post-49780","1":"product","2":"type-product","3":"status-publish","4":"has-post-thumbnail","6":"product_cat-etikettensoftware","7":"product_tag-loftware-de","9":"first","10":"instock","11":"virtual","12":"taxable","13":"purchasable","14":"product-type-simple"},"exclude_global_add_ons":false,"addons":[{"name":"Printer Add On - NSLPAX001M","type":"multiple_choice","position":0,"required":true,"title_format":"label","default":"","description_enable":true,"description":"Das Einstiegsmodell unterst\u00fctzt bis zu 3 Drucker. Jeder zus\u00e4tzliche Drucker kostet 276 EUR. Dieses Produkt erfordert ein j\u00e4hrliches Abonnement.<br><br> ","placeholder_enable":false,"placeholder":"","display":"select","restrictions_type":"any_text","adjust_price":false,"price":"","price_type":"flat_fee","restrictions":false,"min":"0","max":"0","options":[{"label":"3 Drucker","price":"","price_type":"flat_fee","image":0,"visibility":true},{"label":"4 Drucker","price":"276","price_type":"flat_fee","image":0,"visibility":true},{"label":"5 Drucker","price":"552","price_type":"flat_fee","image":0,"visibility":true},{"label":"6 Drucker","price":"828","price_type":"flat_fee","image":0,"visibility":true},{"label":"7 Drucker","price":"1104","price_type":"flat_fee","image":0,"visibility":true},{"label":"8 Drucker","price":"1380","price_type":"flat_fee","image":0,"visibility":true},{"label":"9 Drucker","price":"1656","price_type":"flat_fee","image":0,"visibility":true},{"label":"10 Drucker","price":"1932","price_type":"flat_fee","image":0,"visibility":true}],"id":1727272746}],"acf":[],"yoast_head":"<!-- This site is optimized with the Yoast SEO Premium plugin v27.0 (Yoast SEO v27.1) - https:\/\/yoast.com\/product\/yoast-seo-premium-wordpress\/ -->\n<title>Loftware LMS Pro | Enterrprise labelmanagement Software<\/title>\n<meta name=\"description\" content=\"Loftware Nicelabel LMS Pro (On-Premise): Wenn Sie noch nicht bereit sind, Ihre Etikettierung in die Cloud zu verlagern, k\u00f6nnen Sie dennoch Zugriff auf dieselbe leistungsstarke Etikettierungsplattform erhalten.\" \/>\n<meta name=\"robots\" content=\"index, follow, max-snippet:-1, max-image-preview:large, max-video-preview:-1\" \/>\n<link rel=\"canonical\" href=\"https:\/\/d-identify.be\/de\/produkt\/loftware-lms-pro\/\" \/>\n<meta property=\"og:locale\" content=\"de_DE\" \/>\n<meta property=\"og:type\" content=\"article\" \/>\n<meta property=\"og:title\" content=\"Loftware LMS Pro\" \/>\n<meta property=\"og:description\" content=\"Loftware Nicelabel LMS Pro (On-Premise): Wenn Sie noch nicht bereit sind, Ihre Etikettierung in die Cloud zu verlagern, k\u00f6nnen Sie dennoch Zugriff auf dieselbe leistungsstarke Etikettierungsplattform erhalten.\" \/>\n<meta property=\"og:url\" content=\"https:\/\/d-identify.be\/de\/produkt\/loftware-lms-pro\/\" \/>\n<meta property=\"og:site_name\" content=\"d-identify\" \/>\n<meta property=\"og:image\" content=\"https:\/\/d-identify.be\/wp-content\/uploads\/2024\/09\/Loftware-LMS-Pro.png\" \/>\n\t<meta property=\"og:image:width\" content=\"1184\" \/>\n\t<meta property=\"og:image:height\" content=\"1184\" \/>\n\t<meta property=\"og:image:type\" content=\"image\/png\" \/>\n<meta name=\"twitter:card\" content=\"summary_large_image\" \/>\n<meta name=\"twitter:label1\" content=\"Gesch\u00e4tzte Lesezeit\" \/>\n\t<meta name=\"twitter:data1\" content=\"1\u00a0Minute\" \/>\n<script type=\"application\/ld+json\" class=\"yoast-schema-graph\">{\"@context\":\"https:\/\/schema.org\",\"@graph\":[{\"@type\":\"WebPage\",\"@id\":\"https:\/\/d-identify.be\/de\/produkt\/loftware-lms-pro\/\",\"url\":\"https:\/\/d-identify.be\/de\/produkt\/loftware-lms-pro\/\",\"name\":\"Loftware LMS Pro | Enterrprise labelmanagement Software\",\"isPartOf\":{\"@id\":\"https:\/\/d-identify.be\/de\/#website\"},\"primaryImageOfPage\":{\"@id\":\"https:\/\/d-identify.be\/de\/produkt\/loftware-lms-pro\/#primaryimage\"},\"image\":{\"@id\":\"https:\/\/d-identify.be\/de\/produkt\/loftware-lms-pro\/#primaryimage\"},\"thumbnailUrl\":\"https:\/\/d-identify.be\/wp-content\/uploads\/2024\/09\/Loftware-LMS-Pro.png\",\"datePublished\":\"2024-09-25T12:14:48+00:00\",\"description\":\"Loftware Nicelabel LMS Pro (On-Premise): Wenn Sie noch nicht bereit sind, Ihre Etikettierung in die Cloud zu verlagern, k\u00f6nnen Sie dennoch Zugriff auf dieselbe leistungsstarke Etikettierungsplattform erhalten.\",\"breadcrumb\":{\"@id\":\"https:\/\/d-identify.be\/de\/produkt\/loftware-lms-pro\/#breadcrumb\"},\"inLanguage\":\"de\",\"potentialAction\":[{\"@type\":\"ReadAction\",\"target\":[\"https:\/\/d-identify.be\/de\/produkt\/loftware-lms-pro\/\"]}]},{\"@type\":\"ImageObject\",\"inLanguage\":\"de\",\"@id\":\"https:\/\/d-identify.be\/de\/produkt\/loftware-lms-pro\/#primaryimage\",\"url\":\"https:\/\/d-identify.be\/wp-content\/uploads\/2024\/09\/Loftware-LMS-Pro.png\",\"contentUrl\":\"https:\/\/d-identify.be\/wp-content\/uploads\/2024\/09\/Loftware-LMS-Pro.png\",\"width\":1184,\"height\":1184,\"caption\":\"Loftware LMS Pro\"},{\"@type\":\"BreadcrumbList\",\"@id\":\"https:\/\/d-identify.be\/de\/produkt\/loftware-lms-pro\/#breadcrumb\",\"itemListElement\":[{\"@type\":\"ListItem\",\"position\":1,\"name\":\"Home\",\"item\":\"https:\/\/d-identify.be\/de\/home-2\/\"},{\"@type\":\"ListItem\",\"position\":2,\"name\":\"Shop\",\"item\":\"https:\/\/d-identify.be\/shop-2\/\"},{\"@type\":\"ListItem\",\"position\":3,\"name\":\"Loftware LMS Pro\"}]},{\"@type\":\"WebSite\",\"@id\":\"https:\/\/d-identify.be\/de\/#website\",\"url\":\"https:\/\/d-identify.be\/de\/\",\"name\":\"d-identify\",\"description\":\"Industrial identification - Lockout - Tagout - Floor marking\",\"potentialAction\":[{\"@type\":\"SearchAction\",\"target\":{\"@type\":\"EntryPoint\",\"urlTemplate\":\"https:\/\/d-identify.be\/de\/?s={search_term_string}\"},\"query-input\":{\"@type\":\"PropertyValueSpecification\",\"valueRequired\":true,\"valueName\":\"search_term_string\"}}],\"inLanguage\":\"de\"}]}<\/script>\n<!-- \/ Yoast SEO Premium plugin. -->","yoast_head_json":{"title":"Loftware LMS Pro | Enterrprise labelmanagement Software","description":"Loftware Nicelabel LMS Pro (On-Premise): Wenn Sie noch nicht bereit sind, Ihre Etikettierung in die Cloud zu verlagern, k\u00f6nnen Sie dennoch Zugriff auf dieselbe leistungsstarke Etikettierungsplattform erhalten.","robots":{"index":"index","follow":"follow","max-snippet":"max-snippet:-1","max-image-preview":"max-image-preview:large","max-video-preview":"max-video-preview:-1"},"canonical":"https:\/\/d-identify.be\/de\/produkt\/loftware-lms-pro\/","og_locale":"de_DE","og_type":"article","og_title":"Loftware LMS Pro","og_description":"Loftware Nicelabel LMS Pro (On-Premise): Wenn Sie noch nicht bereit sind, Ihre Etikettierung in die Cloud zu verlagern, k\u00f6nnen Sie dennoch Zugriff auf dieselbe leistungsstarke Etikettierungsplattform erhalten.","og_url":"https:\/\/d-identify.be\/de\/produkt\/loftware-lms-pro\/","og_site_name":"d-identify","og_image":[{"width":1184,"height":1184,"url":"https:\/\/d-identify.be\/wp-content\/uploads\/2024\/09\/Loftware-LMS-Pro.png","type":"image\/png"}],"twitter_card":"summary_large_image","twitter_misc":{"Gesch\u00e4tzte Lesezeit":"1\u00a0Minute"},"schema":{"@context":"https:\/\/schema.org","@graph":[{"@type":"WebPage","@id":"https:\/\/d-identify.be\/de\/produkt\/loftware-lms-pro\/","url":"https:\/\/d-identify.be\/de\/produkt\/loftware-lms-pro\/","name":"Loftware LMS Pro | Enterrprise labelmanagement Software","isPartOf":{"@id":"https:\/\/d-identify.be\/de\/#website"},"primaryImageOfPage":{"@id":"https:\/\/d-identify.be\/de\/produkt\/loftware-lms-pro\/#primaryimage"},"image":{"@id":"https:\/\/d-identify.be\/de\/produkt\/loftware-lms-pro\/#primaryimage"},"thumbnailUrl":"https:\/\/d-identify.be\/wp-content\/uploads\/2024\/09\/Loftware-LMS-Pro.png","datePublished":"2024-09-25T12:14:48+00:00","description":"Loftware Nicelabel LMS Pro (On-Premise): Wenn Sie noch nicht bereit sind, Ihre Etikettierung in die Cloud zu verlagern, k\u00f6nnen Sie dennoch Zugriff auf dieselbe leistungsstarke Etikettierungsplattform erhalten.","breadcrumb":{"@id":"https:\/\/d-identify.be\/de\/produkt\/loftware-lms-pro\/#breadcrumb"},"inLanguage":"de","potentialAction":[{"@type":"ReadAction","target":["https:\/\/d-identify.be\/de\/produkt\/loftware-lms-pro\/"]}]},{"@type":"ImageObject","inLanguage":"de","@id":"https:\/\/d-identify.be\/de\/produkt\/loftware-lms-pro\/#primaryimage","url":"https:\/\/d-identify.be\/wp-content\/uploads\/2024\/09\/Loftware-LMS-Pro.png","contentUrl":"https:\/\/d-identify.be\/wp-content\/uploads\/2024\/09\/Loftware-LMS-Pro.png","width":1184,"height":1184,"caption":"Loftware LMS Pro"},{"@type":"BreadcrumbList","@id":"https:\/\/d-identify.be\/de\/produkt\/loftware-lms-pro\/#breadcrumb","itemListElement":[{"@type":"ListItem","position":1,"name":"Home","item":"https:\/\/d-identify.be\/de\/home-2\/"},{"@type":"ListItem","position":2,"name":"Shop","item":"https:\/\/d-identify.be\/shop-2\/"},{"@type":"ListItem","position":3,"name":"Loftware LMS Pro"}]},{"@type":"WebSite","@id":"https:\/\/d-identify.be\/de\/#website","url":"https:\/\/d-identify.be\/de\/","name":"d-identify","description":"Industrial identification - Lockout - Tagout - Floor marking","potentialAction":[{"@type":"SearchAction","target":{"@type":"EntryPoint","urlTemplate":"https:\/\/d-identify.be\/de\/?s={search_term_string}"},"query-input":{"@type":"PropertyValueSpecification","valueRequired":true,"valueName":"search_term_string"}}],"inLanguage":"de"}]}},"_links":{"self":[{"href":"https:\/\/d-identify.be\/de\/wp-json\/wp\/v2\/product\/49780","targetHints":{"allow":["GET"]}}],"collection":[{"href":"https:\/\/d-identify.be\/de\/wp-json\/wp\/v2\/product"}],"about":[{"href":"https:\/\/d-identify.be\/de\/wp-json\/wp\/v2\/types\/product"}],"replies":[{"embeddable":true,"href":"https:\/\/d-identify.be\/de\/wp-json\/wp\/v2\/comments?post=49780"}],"wp:featuredmedia":[{"embeddable":true,"href":"https:\/\/d-identify.be\/de\/wp-json\/wp\/v2\/media\/40170"}],"wp:attachment":[{"href":"https:\/\/d-identify.be\/de\/wp-json\/wp\/v2\/media?parent=49780"}],"wp:term":[{"taxonomy":"product_brand","embeddable":true,"href":"https:\/\/d-identify.be\/de\/wp-json\/wp\/v2\/product_brand?post=49780"},{"taxonomy":"product_cat","embeddable":true,"href":"https:\/\/d-identify.be\/de\/wp-json\/wp\/v2\/product_cat?post=49780"},{"taxonomy":"product_tag","embeddable":true,"href":"https:\/\/d-identify.be\/de\/wp-json\/wp\/v2\/product_tag?post=49780"},{"taxonomy":"pa_connextion-shapes","embeddable":true,"href":"https:\/\/d-identify.be\/de\/wp-json\/wp\/v2\/pa_connextion-shapes?post=49780"}],"curies":[{"name":"wp","href":"https:\/\/api.w.org\/{rel}","templated":true}]}}