{"id":49773,"date":"2021-07-26T12:41:47","date_gmt":"2021-07-26T10:41:47","guid":{"rendered":"https:\/\/d-identify.be\/product\/standard-etikettenspender-bis-a4-max-218-mm\/"},"modified":"2021-07-26T12:41:47","modified_gmt":"2021-07-26T10:41:47","slug":"standard-etikettenspender-bis-a4-max-218-mm","status":"publish","type":"product","link":"https:\/\/d-identify.be\/de\/produkt\/standard-etikettenspender-bis-a4-max-218-mm\/","title":{"rendered":"Standard-Etikettenspender bis A4 (max. 218 mm)"},"content":{"rendered":"<p><span class=\"fontstyle0\">Die <strong>LD-RS Typ Automatischen Etikettenspender<\/strong> sind f\u00fcr alle regul\u00e4ren Etiketten geeignet <strong>(nicht f\u00fcr transparente oder schwarze Etiketten)<\/strong>.<\/span><\/p>\n<p><span class=\"fontstyle0\"><br \/>\n<\/span><span class=\"fontstyle2\">Die LD-100\/200\/300-RS Etikettenspender bieten modernsten Komfort und Langlebigkeit. Dank der neuesten optoelektronischen Technologie sind sie unglaublich <strong>einfach einzurichten<\/strong>! Ein spezieller Reflexsensor befindet sich unter dem Etikett und erkennt zuverl\u00e4ssig und pr\u00e4zise die Vorderkante Ihres Etiketts. Sobald Sie ein Etikett entnehmen, wird das n\u00e4chste automatisch und sofort weitertransportiert. Das moderne Design pr\u00e4sentiert das Etikett direkt an der Vorderseite der Maschine und bietet optimalen Komfort f\u00fcr sowohl Links- als auch Rechtsh\u00e4nder.<\/p>\n<p>    <\/span><\/p>\n<p><span class=\"fontstyle2\">Ein \u201c<strong>HIGH-LOW<\/strong>\u201d Geschwindigkeitsregler erm\u00f6glicht die Anpassung an die Etikettenl\u00e4nge oder die Vorlieben des Benutzers. Da keine mechanischen Positionsschalter vorhanden sind, die Einstellungs- oder Betriebsprobleme verursachen k\u00f6nnten, h\u00e4lt das robuste Design selbst den anspruchsvollsten Umgebungen stand. <\/span><\/p>\n","protected":false},"excerpt":{"rendered":"<p><span class=\"fontstyle2\">Die LD-100\/200\/300-RS Etikettenspender bieten modernsten Komfort und Langlebigkeit. Dank der neuesten optoelektronischen Technologie sind sie unglaublich <strong>einfach einzurichten<\/strong>! Ein spezieller Reflexsensor befindet sich unter dem Etikett und erkennt zuverl\u00e4ssig und pr\u00e4zise die Vorderkante Ihres Etiketts. Sobald Sie ein Etikett entnehmen, wird das n\u00e4chste automatisch und sofort weitertransportiert. Das moderne Design pr\u00e4sentiert das Etikett direkt an der Vorderseite der Maschine und bietet optimalen Komfort f\u00fcr sowohl Links- als auch Rechtsh\u00e4nder.<\/p>\n<p>   <\/span><\/p>\n","protected":false},"featured_media":26534,"comment_status":"open","ping_status":"closed","template":"","meta":{"_acf_changed":false,"_et_pb_use_builder":"","_et_pb_old_content":"","_et_gb_content_width":""},"product_brand":[],"product_cat":[718],"product_tag":[968],"pa_connextion-shapes":[],"class_list":{"0":"post-49773","1":"product","2":"type-product","3":"status-publish","4":"has-post-thumbnail","6":"product_cat-etikettiergerate","7":"product_tag-labelmate-de","9":"first","10":"instock","11":"taxable","12":"shipping-taxable","13":"purchasable","14":"product-type-variable","15":"has-default-attributes"},"exclude_global_add_ons":[],"addons":[],"acf":[],"yoast_head":"<!-- This site is optimized with the Yoast SEO Premium plugin v27.0 (Yoast SEO v27.1) - https:\/\/yoast.com\/product\/yoast-seo-premium-wordpress\/ -->\n<title>Standard-Etikettenspender bis A4 (max. 218 mm) - d-identify<\/title>\n<meta name=\"description\" content=\"Die LD-100\/200\/300-RS Etikettenspender bieten modernsten Komfort und Langlebigkeit. Dank der neuesten optoelektronischen Technologie sind sie unglaublich einfach einzurichten.\" \/>\n<meta name=\"robots\" content=\"index, follow, max-snippet:-1, max-image-preview:large, max-video-preview:-1\" \/>\n<link rel=\"canonical\" href=\"https:\/\/d-identify.be\/de\/produkt\/standard-etikettenspender-bis-a4-max-218-mm\/\" \/>\n<meta property=\"og:locale\" content=\"de_DE\" \/>\n<meta property=\"og:type\" content=\"article\" \/>\n<meta property=\"og:title\" content=\"Standard-Etikettenspender bis A4 (max. 218 mm)\" \/>\n<meta property=\"og:description\" content=\"Die LD-100\/200\/300-RS Etikettenspender bieten modernsten Komfort und Langlebigkeit. Dank der neuesten optoelektronischen Technologie sind sie unglaublich einfach einzurichten.\" \/>\n<meta property=\"og:url\" content=\"https:\/\/d-identify.be\/de\/produkt\/standard-etikettenspender-bis-a4-max-218-mm\/\" \/>\n<meta property=\"og:site_name\" content=\"d-identify\" \/>\n<meta property=\"og:image\" content=\"https:\/\/d-identify.be\/wp-content\/uploads\/2021\/07\/LD-300-RS-Front-3YW-1024x967.png\" \/>\n\t<meta property=\"og:image:width\" content=\"1024\" \/>\n\t<meta property=\"og:image:height\" content=\"967\" \/>\n\t<meta property=\"og:image:type\" content=\"image\/png\" \/>\n<meta name=\"twitter:card\" content=\"summary_large_image\" \/>\n<meta name=\"twitter:label1\" content=\"Gesch\u00e4tzte Lesezeit\" \/>\n\t<meta name=\"twitter:data1\" content=\"1\u00a0Minute\" \/>\n<script type=\"application\/ld+json\" class=\"yoast-schema-graph\">{\"@context\":\"https:\/\/schema.org\",\"@graph\":[{\"@type\":\"WebPage\",\"@id\":\"https:\/\/d-identify.be\/de\/produkt\/standard-etikettenspender-bis-a4-max-218-mm\/\",\"url\":\"https:\/\/d-identify.be\/de\/produkt\/standard-etikettenspender-bis-a4-max-218-mm\/\",\"name\":\"Standard-Etikettenspender bis A4 (max. 218 mm) - d-identify\",\"isPartOf\":{\"@id\":\"https:\/\/d-identify.be\/de\/#website\"},\"primaryImageOfPage\":{\"@id\":\"https:\/\/d-identify.be\/de\/produkt\/standard-etikettenspender-bis-a4-max-218-mm\/#primaryimage\"},\"image\":{\"@id\":\"https:\/\/d-identify.be\/de\/produkt\/standard-etikettenspender-bis-a4-max-218-mm\/#primaryimage\"},\"thumbnailUrl\":\"https:\/\/d-identify.be\/wp-content\/uploads\/2021\/07\/LD-300-RS-Front-3YW.png\",\"datePublished\":\"2021-07-26T10:41:47+00:00\",\"description\":\"Die LD-100\/200\/300-RS Etikettenspender bieten modernsten Komfort und Langlebigkeit. Dank der neuesten optoelektronischen Technologie sind sie unglaublich einfach einzurichten.\",\"breadcrumb\":{\"@id\":\"https:\/\/d-identify.be\/de\/produkt\/standard-etikettenspender-bis-a4-max-218-mm\/#breadcrumb\"},\"inLanguage\":\"de\",\"potentialAction\":[{\"@type\":\"ReadAction\",\"target\":[\"https:\/\/d-identify.be\/de\/produkt\/standard-etikettenspender-bis-a4-max-218-mm\/\"]}]},{\"@type\":\"ImageObject\",\"inLanguage\":\"de\",\"@id\":\"https:\/\/d-identify.be\/de\/produkt\/standard-etikettenspender-bis-a4-max-218-mm\/#primaryimage\",\"url\":\"https:\/\/d-identify.be\/wp-content\/uploads\/2021\/07\/LD-300-RS-Front-3YW.png\",\"contentUrl\":\"https:\/\/d-identify.be\/wp-content\/uploads\/2021\/07\/LD-300-RS-Front-3YW.png\",\"width\":3024,\"height\":2856,\"caption\":\"Standard Label Dispenser upto A4 (max218mm)\"},{\"@type\":\"BreadcrumbList\",\"@id\":\"https:\/\/d-identify.be\/de\/produkt\/standard-etikettenspender-bis-a4-max-218-mm\/#breadcrumb\",\"itemListElement\":[{\"@type\":\"ListItem\",\"position\":1,\"name\":\"Home\",\"item\":\"https:\/\/d-identify.be\/de\/home-2\/\"},{\"@type\":\"ListItem\",\"position\":2,\"name\":\"Shop\",\"item\":\"https:\/\/d-identify.be\/shop-2\/\"},{\"@type\":\"ListItem\",\"position\":3,\"name\":\"Standard-Etikettenspender bis A4 (max. 218 mm)\"}]},{\"@type\":\"WebSite\",\"@id\":\"https:\/\/d-identify.be\/de\/#website\",\"url\":\"https:\/\/d-identify.be\/de\/\",\"name\":\"d-identify\",\"description\":\"Industrial identification - Lockout - Tagout - Floor marking\",\"potentialAction\":[{\"@type\":\"SearchAction\",\"target\":{\"@type\":\"EntryPoint\",\"urlTemplate\":\"https:\/\/d-identify.be\/de\/?s={search_term_string}\"},\"query-input\":{\"@type\":\"PropertyValueSpecification\",\"valueRequired\":true,\"valueName\":\"search_term_string\"}}],\"inLanguage\":\"de\"}]}<\/script>\n<!-- \/ Yoast SEO Premium plugin. -->","yoast_head_json":{"title":"Standard-Etikettenspender bis A4 (max. 218 mm) - d-identify","description":"Die LD-100\/200\/300-RS Etikettenspender bieten modernsten Komfort und Langlebigkeit. Dank der neuesten optoelektronischen Technologie sind sie unglaublich einfach einzurichten.","robots":{"index":"index","follow":"follow","max-snippet":"max-snippet:-1","max-image-preview":"max-image-preview:large","max-video-preview":"max-video-preview:-1"},"canonical":"https:\/\/d-identify.be\/de\/produkt\/standard-etikettenspender-bis-a4-max-218-mm\/","og_locale":"de_DE","og_type":"article","og_title":"Standard-Etikettenspender bis A4 (max. 218 mm)","og_description":"Die LD-100\/200\/300-RS Etikettenspender bieten modernsten Komfort und Langlebigkeit. Dank der neuesten optoelektronischen Technologie sind sie unglaublich einfach einzurichten.","og_url":"https:\/\/d-identify.be\/de\/produkt\/standard-etikettenspender-bis-a4-max-218-mm\/","og_site_name":"d-identify","og_image":[{"width":1024,"height":967,"url":"https:\/\/d-identify.be\/wp-content\/uploads\/2021\/07\/LD-300-RS-Front-3YW-1024x967.png","type":"image\/png"}],"twitter_card":"summary_large_image","twitter_misc":{"Gesch\u00e4tzte Lesezeit":"1\u00a0Minute"},"schema":{"@context":"https:\/\/schema.org","@graph":[{"@type":"WebPage","@id":"https:\/\/d-identify.be\/de\/produkt\/standard-etikettenspender-bis-a4-max-218-mm\/","url":"https:\/\/d-identify.be\/de\/produkt\/standard-etikettenspender-bis-a4-max-218-mm\/","name":"Standard-Etikettenspender bis A4 (max. 218 mm) - d-identify","isPartOf":{"@id":"https:\/\/d-identify.be\/de\/#website"},"primaryImageOfPage":{"@id":"https:\/\/d-identify.be\/de\/produkt\/standard-etikettenspender-bis-a4-max-218-mm\/#primaryimage"},"image":{"@id":"https:\/\/d-identify.be\/de\/produkt\/standard-etikettenspender-bis-a4-max-218-mm\/#primaryimage"},"thumbnailUrl":"https:\/\/d-identify.be\/wp-content\/uploads\/2021\/07\/LD-300-RS-Front-3YW.png","datePublished":"2021-07-26T10:41:47+00:00","description":"Die LD-100\/200\/300-RS Etikettenspender bieten modernsten Komfort und Langlebigkeit. Dank der neuesten optoelektronischen Technologie sind sie unglaublich einfach einzurichten.","breadcrumb":{"@id":"https:\/\/d-identify.be\/de\/produkt\/standard-etikettenspender-bis-a4-max-218-mm\/#breadcrumb"},"inLanguage":"de","potentialAction":[{"@type":"ReadAction","target":["https:\/\/d-identify.be\/de\/produkt\/standard-etikettenspender-bis-a4-max-218-mm\/"]}]},{"@type":"ImageObject","inLanguage":"de","@id":"https:\/\/d-identify.be\/de\/produkt\/standard-etikettenspender-bis-a4-max-218-mm\/#primaryimage","url":"https:\/\/d-identify.be\/wp-content\/uploads\/2021\/07\/LD-300-RS-Front-3YW.png","contentUrl":"https:\/\/d-identify.be\/wp-content\/uploads\/2021\/07\/LD-300-RS-Front-3YW.png","width":3024,"height":2856,"caption":"Standard Label Dispenser upto A4 (max218mm)"},{"@type":"BreadcrumbList","@id":"https:\/\/d-identify.be\/de\/produkt\/standard-etikettenspender-bis-a4-max-218-mm\/#breadcrumb","itemListElement":[{"@type":"ListItem","position":1,"name":"Home","item":"https:\/\/d-identify.be\/de\/home-2\/"},{"@type":"ListItem","position":2,"name":"Shop","item":"https:\/\/d-identify.be\/shop-2\/"},{"@type":"ListItem","position":3,"name":"Standard-Etikettenspender bis A4 (max. 218 mm)"}]},{"@type":"WebSite","@id":"https:\/\/d-identify.be\/de\/#website","url":"https:\/\/d-identify.be\/de\/","name":"d-identify","description":"Industrial identification - Lockout - Tagout - Floor marking","potentialAction":[{"@type":"SearchAction","target":{"@type":"EntryPoint","urlTemplate":"https:\/\/d-identify.be\/de\/?s={search_term_string}"},"query-input":{"@type":"PropertyValueSpecification","valueRequired":true,"valueName":"search_term_string"}}],"inLanguage":"de"}]}},"_links":{"self":[{"href":"https:\/\/d-identify.be\/de\/wp-json\/wp\/v2\/product\/49773","targetHints":{"allow":["GET"]}}],"collection":[{"href":"https:\/\/d-identify.be\/de\/wp-json\/wp\/v2\/product"}],"about":[{"href":"https:\/\/d-identify.be\/de\/wp-json\/wp\/v2\/types\/product"}],"replies":[{"embeddable":true,"href":"https:\/\/d-identify.be\/de\/wp-json\/wp\/v2\/comments?post=49773"}],"wp:featuredmedia":[{"embeddable":true,"href":"https:\/\/d-identify.be\/de\/wp-json\/wp\/v2\/media\/26534"}],"wp:attachment":[{"href":"https:\/\/d-identify.be\/de\/wp-json\/wp\/v2\/media?parent=49773"}],"wp:term":[{"taxonomy":"product_brand","embeddable":true,"href":"https:\/\/d-identify.be\/de\/wp-json\/wp\/v2\/product_brand?post=49773"},{"taxonomy":"product_cat","embeddable":true,"href":"https:\/\/d-identify.be\/de\/wp-json\/wp\/v2\/product_cat?post=49773"},{"taxonomy":"product_tag","embeddable":true,"href":"https:\/\/d-identify.be\/de\/wp-json\/wp\/v2\/product_tag?post=49773"},{"taxonomy":"pa_connextion-shapes","embeddable":true,"href":"https:\/\/d-identify.be\/de\/wp-json\/wp\/v2\/pa_connextion-shapes?post=49773"}],"curies":[{"name":"wp","href":"https:\/\/api.w.org\/{rel}","templated":true}]}}