{"id":49757,"date":"2023-12-24T15:34:00","date_gmt":"2023-12-24T13:34:00","guid":{"rendered":"https:\/\/d-identify.be\/product\/t10-t20-godex-aufwickler\/"},"modified":"2023-12-24T15:34:00","modified_gmt":"2023-12-24T13:34:00","slug":"t10-t20-godex-aufwickler","status":"publish","type":"product","link":"https:\/\/d-identify.be\/de\/produkt\/t10-t20-godex-aufwickler\/","title":{"rendered":"T10 \/ T20 Godex Aufwickler"},"content":{"rendered":"","protected":false},"excerpt":{"rendered":"<div class=\"product__brief\" data-v-47def444=\"\">Der Aufwickler f\u00fcr Jeden<\/div>\n<div class=\"product__detail editor\" data-v-47def444=\"\">\n<p>Der T10-Aufwickler verf\u00fcgt \u00fcber einen Umlenkarm, der so positioniert werden kann, dass Etiketten von beiden Seiten des Druckers aufgewickelt werden k\u00f6nnen. Je nach Benutzeranforderungen kann der T10 Etikettenrollen &#8218;innen oder au\u00dfen&#8216; aufwickeln. <\/p>\n<ul>\n<li>Kann mit allen Godex-Druckern verwendet werden.<\/li>\n<li>Unterst\u00fctzt das Innen- und Au\u00dfenaufwickeln von Etiketten.<\/li>\n<li>Stilvolles Erscheinungsbild und robustes Design f\u00fcr langfristige Zuverl\u00e4ssigkeit.<\/li>\n<li>Die farbige LED-Anzeige zeigt den Betriebsstatus des Aufwicklers an.<\/li>\n<li>Unterst\u00fctzt drei Kernma\u00dfe: 1\u201d (25,2 mm \u2013 25,6 mm), 1,5\u201d (40 mm \u2013 40,6 mm) und 3\u201d (76 mm \u2013 76,6 mm); Sets mit und ohne Kern sind enthalten.<\/li>\n<\/ul>\n<\/div>\n","protected":false},"featured_media":25112,"comment_status":"open","ping_status":"closed","template":"","meta":{"_acf_changed":false,"_et_pb_use_builder":"","_et_pb_old_content":"","_et_gb_content_width":""},"product_brand":[],"product_cat":[718],"product_tag":[947],"pa_connextion-shapes":[],"class_list":{"0":"post-49757","1":"product","2":"type-product","3":"status-publish","4":"has-post-thumbnail","6":"product_cat-etikettiergerate","7":"product_tag-godex-de","9":"first","10":"instock","11":"taxable","12":"shipping-taxable","13":"purchasable","14":"product-type-variable","15":"has-default-attributes"},"exclude_global_add_ons":[],"addons":[],"acf":[],"yoast_head":"<!-- This site is optimized with the Yoast SEO Premium plugin v27.0 (Yoast SEO v27.1) - https:\/\/yoast.com\/product\/yoast-seo-premium-wordpress\/ -->\n<title>T10 \/ T20 Godex Aufwickler - d-identify<\/title>\n<meta name=\"robots\" content=\"index, follow, max-snippet:-1, max-image-preview:large, max-video-preview:-1\" \/>\n<link rel=\"canonical\" href=\"https:\/\/d-identify.be\/de\/produkt\/t10-t20-godex-aufwickler\/\" \/>\n<meta property=\"og:locale\" content=\"de_DE\" \/>\n<meta property=\"og:type\" content=\"article\" \/>\n<meta property=\"og:title\" content=\"T10 \/ T20 Godex Aufwickler\" \/>\n<meta property=\"og:description\" content=\"Der Aufwickler f\u00fcr Jeden  Der T10-Aufwickler verf\u00fcgt \u00fcber einen Umlenkarm, der so positioniert werden kann, dass Etiketten von beiden Seiten des Druckers aufgewickelt werden k\u00f6nnen. Je nach Benutzeranforderungen kann der T10 Etikettenrollen &#039;innen oder au\u00dfen&#039; aufwickeln.   Kann mit allen Godex-Druckern verwendet werden.  Unterst\u00fctzt das Innen- und Au\u00dfenaufwickeln von Etiketten.  Stilvolles Erscheinungsbild und robustes Design f\u00fcr langfristige Zuverl\u00e4ssigkeit.  Die farbige LED-Anzeige zeigt den Betriebsstatus des Aufwicklers an.  Unterst\u00fctzt drei Kernma\u00dfe: 1\u201d (25,2 mm \u2013 25,6 mm), 1,5\u201d (40 mm \u2013 40,6 mm) und 3\u201d (76 mm \u2013 76,6 mm); Sets mit und ohne Kern sind enthalten.\" \/>\n<meta property=\"og:url\" content=\"https:\/\/d-identify.be\/de\/produkt\/t10-t20-godex-aufwickler\/\" \/>\n<meta property=\"og:site_name\" content=\"d-identify\" \/>\n<meta property=\"og:image\" content=\"https:\/\/d-identify.be\/wp-content\/uploads\/2023\/12\/T10-T20-rewinder.png\" \/>\n\t<meta property=\"og:image:width\" content=\"600\" \/>\n\t<meta property=\"og:image:height\" content=\"600\" \/>\n\t<meta property=\"og:image:type\" content=\"image\/png\" \/>\n<meta name=\"twitter:card\" content=\"summary_large_image\" \/>\n<script type=\"application\/ld+json\" class=\"yoast-schema-graph\">{\"@context\":\"https:\/\/schema.org\",\"@graph\":[{\"@type\":\"WebPage\",\"@id\":\"https:\/\/d-identify.be\/de\/produkt\/t10-t20-godex-aufwickler\/\",\"url\":\"https:\/\/d-identify.be\/de\/produkt\/t10-t20-godex-aufwickler\/\",\"name\":\"T10 \/ T20 Godex Aufwickler - d-identify\",\"isPartOf\":{\"@id\":\"https:\/\/d-identify.be\/de\/#website\"},\"primaryImageOfPage\":{\"@id\":\"https:\/\/d-identify.be\/de\/produkt\/t10-t20-godex-aufwickler\/#primaryimage\"},\"image\":{\"@id\":\"https:\/\/d-identify.be\/de\/produkt\/t10-t20-godex-aufwickler\/#primaryimage\"},\"thumbnailUrl\":\"https:\/\/d-identify.be\/wp-content\/uploads\/2023\/12\/T10-T20-rewinder.png\",\"datePublished\":\"2023-12-24T13:34:00+00:00\",\"breadcrumb\":{\"@id\":\"https:\/\/d-identify.be\/de\/produkt\/t10-t20-godex-aufwickler\/#breadcrumb\"},\"inLanguage\":\"de\",\"potentialAction\":[{\"@type\":\"ReadAction\",\"target\":[\"https:\/\/d-identify.be\/de\/produkt\/t10-t20-godex-aufwickler\/\"]}]},{\"@type\":\"ImageObject\",\"inLanguage\":\"de\",\"@id\":\"https:\/\/d-identify.be\/de\/produkt\/t10-t20-godex-aufwickler\/#primaryimage\",\"url\":\"https:\/\/d-identify.be\/wp-content\/uploads\/2023\/12\/T10-T20-rewinder.png\",\"contentUrl\":\"https:\/\/d-identify.be\/wp-content\/uploads\/2023\/12\/T10-T20-rewinder.png\",\"width\":600,\"height\":600},{\"@type\":\"BreadcrumbList\",\"@id\":\"https:\/\/d-identify.be\/de\/produkt\/t10-t20-godex-aufwickler\/#breadcrumb\",\"itemListElement\":[{\"@type\":\"ListItem\",\"position\":1,\"name\":\"Home\",\"item\":\"https:\/\/d-identify.be\/de\/home-2\/\"},{\"@type\":\"ListItem\",\"position\":2,\"name\":\"Shop\",\"item\":\"https:\/\/d-identify.be\/shop-2\/\"},{\"@type\":\"ListItem\",\"position\":3,\"name\":\"T10 \/ T20 Godex Aufwickler\"}]},{\"@type\":\"WebSite\",\"@id\":\"https:\/\/d-identify.be\/de\/#website\",\"url\":\"https:\/\/d-identify.be\/de\/\",\"name\":\"d-identify\",\"description\":\"Industrial identification - Lockout - Tagout - Floor marking\",\"potentialAction\":[{\"@type\":\"SearchAction\",\"target\":{\"@type\":\"EntryPoint\",\"urlTemplate\":\"https:\/\/d-identify.be\/de\/?s={search_term_string}\"},\"query-input\":{\"@type\":\"PropertyValueSpecification\",\"valueRequired\":true,\"valueName\":\"search_term_string\"}}],\"inLanguage\":\"de\"}]}<\/script>\n<!-- \/ Yoast SEO Premium plugin. -->","yoast_head_json":{"title":"T10 \/ T20 Godex Aufwickler - d-identify","robots":{"index":"index","follow":"follow","max-snippet":"max-snippet:-1","max-image-preview":"max-image-preview:large","max-video-preview":"max-video-preview:-1"},"canonical":"https:\/\/d-identify.be\/de\/produkt\/t10-t20-godex-aufwickler\/","og_locale":"de_DE","og_type":"article","og_title":"T10 \/ T20 Godex Aufwickler","og_description":"Der Aufwickler f\u00fcr Jeden  Der T10-Aufwickler verf\u00fcgt \u00fcber einen Umlenkarm, der so positioniert werden kann, dass Etiketten von beiden Seiten des Druckers aufgewickelt werden k\u00f6nnen. Je nach Benutzeranforderungen kann der T10 Etikettenrollen 'innen oder au\u00dfen' aufwickeln.   Kann mit allen Godex-Druckern verwendet werden.  Unterst\u00fctzt das Innen- und Au\u00dfenaufwickeln von Etiketten.  Stilvolles Erscheinungsbild und robustes Design f\u00fcr langfristige Zuverl\u00e4ssigkeit.  Die farbige LED-Anzeige zeigt den Betriebsstatus des Aufwicklers an.  Unterst\u00fctzt drei Kernma\u00dfe: 1\u201d (25,2 mm \u2013 25,6 mm), 1,5\u201d (40 mm \u2013 40,6 mm) und 3\u201d (76 mm \u2013 76,6 mm); Sets mit und ohne Kern sind enthalten.","og_url":"https:\/\/d-identify.be\/de\/produkt\/t10-t20-godex-aufwickler\/","og_site_name":"d-identify","og_image":[{"width":600,"height":600,"url":"https:\/\/d-identify.be\/wp-content\/uploads\/2023\/12\/T10-T20-rewinder.png","type":"image\/png"}],"twitter_card":"summary_large_image","schema":{"@context":"https:\/\/schema.org","@graph":[{"@type":"WebPage","@id":"https:\/\/d-identify.be\/de\/produkt\/t10-t20-godex-aufwickler\/","url":"https:\/\/d-identify.be\/de\/produkt\/t10-t20-godex-aufwickler\/","name":"T10 \/ T20 Godex Aufwickler - d-identify","isPartOf":{"@id":"https:\/\/d-identify.be\/de\/#website"},"primaryImageOfPage":{"@id":"https:\/\/d-identify.be\/de\/produkt\/t10-t20-godex-aufwickler\/#primaryimage"},"image":{"@id":"https:\/\/d-identify.be\/de\/produkt\/t10-t20-godex-aufwickler\/#primaryimage"},"thumbnailUrl":"https:\/\/d-identify.be\/wp-content\/uploads\/2023\/12\/T10-T20-rewinder.png","datePublished":"2023-12-24T13:34:00+00:00","breadcrumb":{"@id":"https:\/\/d-identify.be\/de\/produkt\/t10-t20-godex-aufwickler\/#breadcrumb"},"inLanguage":"de","potentialAction":[{"@type":"ReadAction","target":["https:\/\/d-identify.be\/de\/produkt\/t10-t20-godex-aufwickler\/"]}]},{"@type":"ImageObject","inLanguage":"de","@id":"https:\/\/d-identify.be\/de\/produkt\/t10-t20-godex-aufwickler\/#primaryimage","url":"https:\/\/d-identify.be\/wp-content\/uploads\/2023\/12\/T10-T20-rewinder.png","contentUrl":"https:\/\/d-identify.be\/wp-content\/uploads\/2023\/12\/T10-T20-rewinder.png","width":600,"height":600},{"@type":"BreadcrumbList","@id":"https:\/\/d-identify.be\/de\/produkt\/t10-t20-godex-aufwickler\/#breadcrumb","itemListElement":[{"@type":"ListItem","position":1,"name":"Home","item":"https:\/\/d-identify.be\/de\/home-2\/"},{"@type":"ListItem","position":2,"name":"Shop","item":"https:\/\/d-identify.be\/shop-2\/"},{"@type":"ListItem","position":3,"name":"T10 \/ T20 Godex Aufwickler"}]},{"@type":"WebSite","@id":"https:\/\/d-identify.be\/de\/#website","url":"https:\/\/d-identify.be\/de\/","name":"d-identify","description":"Industrial identification - Lockout - Tagout - Floor marking","potentialAction":[{"@type":"SearchAction","target":{"@type":"EntryPoint","urlTemplate":"https:\/\/d-identify.be\/de\/?s={search_term_string}"},"query-input":{"@type":"PropertyValueSpecification","valueRequired":true,"valueName":"search_term_string"}}],"inLanguage":"de"}]}},"_links":{"self":[{"href":"https:\/\/d-identify.be\/de\/wp-json\/wp\/v2\/product\/49757","targetHints":{"allow":["GET"]}}],"collection":[{"href":"https:\/\/d-identify.be\/de\/wp-json\/wp\/v2\/product"}],"about":[{"href":"https:\/\/d-identify.be\/de\/wp-json\/wp\/v2\/types\/product"}],"replies":[{"embeddable":true,"href":"https:\/\/d-identify.be\/de\/wp-json\/wp\/v2\/comments?post=49757"}],"wp:featuredmedia":[{"embeddable":true,"href":"https:\/\/d-identify.be\/de\/wp-json\/wp\/v2\/media\/25112"}],"wp:attachment":[{"href":"https:\/\/d-identify.be\/de\/wp-json\/wp\/v2\/media?parent=49757"}],"wp:term":[{"taxonomy":"product_brand","embeddable":true,"href":"https:\/\/d-identify.be\/de\/wp-json\/wp\/v2\/product_brand?post=49757"},{"taxonomy":"product_cat","embeddable":true,"href":"https:\/\/d-identify.be\/de\/wp-json\/wp\/v2\/product_cat?post=49757"},{"taxonomy":"product_tag","embeddable":true,"href":"https:\/\/d-identify.be\/de\/wp-json\/wp\/v2\/product_tag?post=49757"},{"taxonomy":"pa_connextion-shapes","embeddable":true,"href":"https:\/\/d-identify.be\/de\/wp-json\/wp\/v2\/pa_connextion-shapes?post=49757"}],"curies":[{"name":"wp","href":"https:\/\/api.w.org\/{rel}","templated":true}]}}