{"id":49512,"date":"2025-01-10T17:16:02","date_gmt":"2025-01-10T15:16:02","guid":{"rendered":"https:\/\/d-identify.be\/product\/master-lock-6400eurljent-bluetooth-elektronisches-schloss\/"},"modified":"2025-03-31T19:16:11","modified_gmt":"2025-03-31T17:16:11","slug":"master-lock-6400eurljent-bluetooth-elektronisches-schloss","status":"publish","type":"product","link":"https:\/\/d-identify.be\/de\/produkt\/master-lock-6400eurljent-bluetooth-elektronisches-schloss\/","title":{"rendered":"Master Lock 6400EURLJENT Bluetooth\u00ae Elektronisches Schloss"},"content":{"rendered":"<p>Das Master Lock No. 6400EURLJENT Bluetooth\u00ae Extended Shackle Vorh\u00e4ngeschloss verf\u00fcgt \u00fcber einen 62 mm breiten Metallk\u00f6rper f\u00fcr Haltbarkeit und Sicherheit. Der 9 mm Durchmesser Schlie\u00dfzylinder bietet einen vertikalen Spielraum von 60 mm und ist aus Boronlegierung gefertigt, was maximalen Widerstand gegen Schneiden und S\u00e4gen bietet. Die Wetterabdeckung sorgt f\u00fcr verbesserte Wetterbest\u00e4ndigkeit gegen Schnee, Regen und extreme Temperaturen. Das Master Lock Vault Enterprise-System ist darauf ausgelegt, viele Schl\u00f6sser und viele Benutzer mit unvergleichlicher Sicherheit, Einfachheit und Verantwortlichkeit zu unterst\u00fctzen. Administratoren steuern den Zugang zu einzelnen oder systemweiten Schl\u00f6ssern \u00fcber unsere bequeme Weboberfl\u00e4che, w\u00e4hrend Benutzer einfachen und sicheren Zugang zu zugewiesenen Schl\u00f6ssern oder Schlie\u00dff\u00e4chern genie\u00dfen.    <\/p>\n","protected":false},"excerpt":{"rendered":"<p>Das Master Lock No. 6400EURLJENT Bluetooth\u00ae Extended Shackle Vorh\u00e4ngeschloss verf\u00fcgt \u00fcber einen 62 mm breiten Metallk\u00f6rper f\u00fcr Haltbarkeit und Sicherheit. Der 9 mm Durchmesser Schlie\u00dfzylinder bietet einen vertikalen Spielraum von 60 mm und ist aus Boronlegierung gefertigt, was maximalen Widerstand gegen Schneiden und S\u00e4gen bietet. Die Wetterabdeckung sorgt f\u00fcr verbesserte Wetterbest\u00e4ndigkeit gegen Schnee, Regen und extreme Temperaturen. Das Master Lock Vault Enterprise-System ist darauf ausgelegt, viele Schl\u00f6sser und viele Benutzer mit unvergleichlicher Sicherheit, Einfachheit und Verantwortlichkeit zu unterst\u00fctzen. Administratoren steuern den Zugang zu einzelnen oder systemweiten Schl\u00f6ssern \u00fcber unsere bequeme Weboberfl\u00e4che, w\u00e4hrend Benutzer einfachen und sicheren Zugang zu zugewiesenen Schl\u00f6ssern oder Schlie\u00dff\u00e4chern genie\u00dfen.    <\/p>\n","protected":false},"featured_media":49488,"comment_status":"open","ping_status":"closed","template":"","meta":{"_acf_changed":false,"_et_pb_use_builder":"","_et_pb_old_content":"","_et_gb_content_width":""},"product_brand":[],"product_cat":[643],"product_tag":[935],"pa_connextion-shapes":[],"class_list":{"0":"post-49512","1":"product","2":"type-product","3":"status-publish","4":"has-post-thumbnail","6":"product_cat-bluetooth-vorhaengeschloesser-master-lock","7":"product_tag-master-lock-de","9":"first","10":"instock","11":"taxable","12":"shipping-taxable","13":"purchasable","14":"product-type-simple"},"exclude_global_add_ons":[],"addons":[],"acf":[],"yoast_head":"<!-- This site is optimized with the Yoast SEO Premium plugin v27.0 (Yoast SEO v27.1) - https:\/\/yoast.com\/product\/yoast-seo-premium-wordpress\/ -->\n<title>Master Lock 6400EURLJENT Bluetooth\u00ae Elektronisches Schloss<\/title>\n<meta name=\"description\" content=\"Das Bluetooth\u00ae-Vorh\u00e4ngeschloss Master Lock 6400EURLJENT bietet Haltbarkeit, einen Schlie\u00dfzylinder aus Boronlegierung, wetterfestes Design und eine sichere webbasierte Verwaltung.\" \/>\n<meta name=\"robots\" content=\"index, follow, max-snippet:-1, max-image-preview:large, max-video-preview:-1\" \/>\n<link rel=\"canonical\" href=\"https:\/\/d-identify.be\/de\/produkt\/master-lock-6400eurljent-bluetooth-elektronisches-schloss\/\" \/>\n<meta property=\"og:locale\" content=\"de_DE\" \/>\n<meta property=\"og:type\" content=\"article\" \/>\n<meta property=\"og:title\" content=\"Master Lock 6400EURLJENT Bluetooth\u00ae Elektronisches Schloss\" \/>\n<meta property=\"og:description\" content=\"Das Bluetooth\u00ae-Vorh\u00e4ngeschloss Master Lock 6400EURLJENT bietet Haltbarkeit, einen Schlie\u00dfzylinder aus Boronlegierung, wetterfestes Design und eine sichere webbasierte Verwaltung.\" \/>\n<meta property=\"og:url\" content=\"https:\/\/d-identify.be\/de\/produkt\/master-lock-6400eurljent-bluetooth-elektronisches-schloss\/\" \/>\n<meta property=\"og:site_name\" content=\"d-identify\" \/>\n<meta property=\"article:modified_time\" content=\"2025-03-31T17:16:11+00:00\" \/>\n<meta property=\"og:image\" content=\"https:\/\/d-identify.be\/wp-content\/uploads\/2025\/01\/6400EURLJENT.jpg\" \/>\n\t<meta property=\"og:image:width\" content=\"750\" \/>\n\t<meta property=\"og:image:height\" content=\"750\" \/>\n\t<meta property=\"og:image:type\" content=\"image\/jpeg\" \/>\n<meta name=\"twitter:card\" content=\"summary_large_image\" \/>\n<meta name=\"twitter:label1\" content=\"Gesch\u00e4tzte Lesezeit\" \/>\n\t<meta name=\"twitter:data1\" content=\"1\u00a0Minute\" \/>\n<script type=\"application\/ld+json\" class=\"yoast-schema-graph\">{\"@context\":\"https:\/\/schema.org\",\"@graph\":[{\"@type\":\"WebPage\",\"@id\":\"https:\/\/d-identify.be\/de\/produkt\/master-lock-6400eurljent-bluetooth-elektronisches-schloss\/\",\"url\":\"https:\/\/d-identify.be\/de\/produkt\/master-lock-6400eurljent-bluetooth-elektronisches-schloss\/\",\"name\":\"Master Lock 6400EURLJENT Bluetooth\u00ae Elektronisches Schloss\",\"isPartOf\":{\"@id\":\"https:\/\/d-identify.be\/de\/#website\"},\"primaryImageOfPage\":{\"@id\":\"https:\/\/d-identify.be\/de\/produkt\/master-lock-6400eurljent-bluetooth-elektronisches-schloss\/#primaryimage\"},\"image\":{\"@id\":\"https:\/\/d-identify.be\/de\/produkt\/master-lock-6400eurljent-bluetooth-elektronisches-schloss\/#primaryimage\"},\"thumbnailUrl\":\"https:\/\/d-identify.be\/wp-content\/uploads\/2025\/01\/6400EURLJENT.jpg\",\"datePublished\":\"2025-01-10T15:16:02+00:00\",\"dateModified\":\"2025-03-31T17:16:11+00:00\",\"description\":\"Das Bluetooth\u00ae-Vorh\u00e4ngeschloss Master Lock 6400EURLJENT bietet Haltbarkeit, einen Schlie\u00dfzylinder aus Boronlegierung, wetterfestes Design und eine sichere webbasierte Verwaltung.\",\"breadcrumb\":{\"@id\":\"https:\/\/d-identify.be\/de\/produkt\/master-lock-6400eurljent-bluetooth-elektronisches-schloss\/#breadcrumb\"},\"inLanguage\":\"de\",\"potentialAction\":[{\"@type\":\"ReadAction\",\"target\":[\"https:\/\/d-identify.be\/de\/produkt\/master-lock-6400eurljent-bluetooth-elektronisches-schloss\/\"]}]},{\"@type\":\"ImageObject\",\"inLanguage\":\"de\",\"@id\":\"https:\/\/d-identify.be\/de\/produkt\/master-lock-6400eurljent-bluetooth-elektronisches-schloss\/#primaryimage\",\"url\":\"https:\/\/d-identify.be\/wp-content\/uploads\/2025\/01\/6400EURLJENT.jpg\",\"contentUrl\":\"https:\/\/d-identify.be\/wp-content\/uploads\/2025\/01\/6400EURLJENT.jpg\",\"width\":750,\"height\":750,\"caption\":\"Master Lock 6400EURLJENT\"},{\"@type\":\"BreadcrumbList\",\"@id\":\"https:\/\/d-identify.be\/de\/produkt\/master-lock-6400eurljent-bluetooth-elektronisches-schloss\/#breadcrumb\",\"itemListElement\":[{\"@type\":\"ListItem\",\"position\":1,\"name\":\"Home\",\"item\":\"https:\/\/d-identify.be\/de\/home-2\/\"},{\"@type\":\"ListItem\",\"position\":2,\"name\":\"Shop\",\"item\":\"https:\/\/d-identify.be\/shop-2\/\"},{\"@type\":\"ListItem\",\"position\":3,\"name\":\"Master Lock 6400EURLJENT Bluetooth\u00ae Elektronisches Schloss\"}]},{\"@type\":\"WebSite\",\"@id\":\"https:\/\/d-identify.be\/de\/#website\",\"url\":\"https:\/\/d-identify.be\/de\/\",\"name\":\"d-identify\",\"description\":\"Industrial identification - Lockout - Tagout - Floor marking\",\"potentialAction\":[{\"@type\":\"SearchAction\",\"target\":{\"@type\":\"EntryPoint\",\"urlTemplate\":\"https:\/\/d-identify.be\/de\/?s={search_term_string}\"},\"query-input\":{\"@type\":\"PropertyValueSpecification\",\"valueRequired\":true,\"valueName\":\"search_term_string\"}}],\"inLanguage\":\"de\"}]}<\/script>\n<!-- \/ Yoast SEO Premium plugin. -->","yoast_head_json":{"title":"Master Lock 6400EURLJENT Bluetooth\u00ae Elektronisches Schloss","description":"Das Bluetooth\u00ae-Vorh\u00e4ngeschloss Master Lock 6400EURLJENT bietet Haltbarkeit, einen Schlie\u00dfzylinder aus Boronlegierung, wetterfestes Design und eine sichere webbasierte Verwaltung.","robots":{"index":"index","follow":"follow","max-snippet":"max-snippet:-1","max-image-preview":"max-image-preview:large","max-video-preview":"max-video-preview:-1"},"canonical":"https:\/\/d-identify.be\/de\/produkt\/master-lock-6400eurljent-bluetooth-elektronisches-schloss\/","og_locale":"de_DE","og_type":"article","og_title":"Master Lock 6400EURLJENT Bluetooth\u00ae Elektronisches Schloss","og_description":"Das Bluetooth\u00ae-Vorh\u00e4ngeschloss Master Lock 6400EURLJENT bietet Haltbarkeit, einen Schlie\u00dfzylinder aus Boronlegierung, wetterfestes Design und eine sichere webbasierte Verwaltung.","og_url":"https:\/\/d-identify.be\/de\/produkt\/master-lock-6400eurljent-bluetooth-elektronisches-schloss\/","og_site_name":"d-identify","article_modified_time":"2025-03-31T17:16:11+00:00","og_image":[{"width":750,"height":750,"url":"https:\/\/d-identify.be\/wp-content\/uploads\/2025\/01\/6400EURLJENT.jpg","type":"image\/jpeg"}],"twitter_card":"summary_large_image","twitter_misc":{"Gesch\u00e4tzte Lesezeit":"1\u00a0Minute"},"schema":{"@context":"https:\/\/schema.org","@graph":[{"@type":"WebPage","@id":"https:\/\/d-identify.be\/de\/produkt\/master-lock-6400eurljent-bluetooth-elektronisches-schloss\/","url":"https:\/\/d-identify.be\/de\/produkt\/master-lock-6400eurljent-bluetooth-elektronisches-schloss\/","name":"Master Lock 6400EURLJENT Bluetooth\u00ae Elektronisches Schloss","isPartOf":{"@id":"https:\/\/d-identify.be\/de\/#website"},"primaryImageOfPage":{"@id":"https:\/\/d-identify.be\/de\/produkt\/master-lock-6400eurljent-bluetooth-elektronisches-schloss\/#primaryimage"},"image":{"@id":"https:\/\/d-identify.be\/de\/produkt\/master-lock-6400eurljent-bluetooth-elektronisches-schloss\/#primaryimage"},"thumbnailUrl":"https:\/\/d-identify.be\/wp-content\/uploads\/2025\/01\/6400EURLJENT.jpg","datePublished":"2025-01-10T15:16:02+00:00","dateModified":"2025-03-31T17:16:11+00:00","description":"Das Bluetooth\u00ae-Vorh\u00e4ngeschloss Master Lock 6400EURLJENT bietet Haltbarkeit, einen Schlie\u00dfzylinder aus Boronlegierung, wetterfestes Design und eine sichere webbasierte Verwaltung.","breadcrumb":{"@id":"https:\/\/d-identify.be\/de\/produkt\/master-lock-6400eurljent-bluetooth-elektronisches-schloss\/#breadcrumb"},"inLanguage":"de","potentialAction":[{"@type":"ReadAction","target":["https:\/\/d-identify.be\/de\/produkt\/master-lock-6400eurljent-bluetooth-elektronisches-schloss\/"]}]},{"@type":"ImageObject","inLanguage":"de","@id":"https:\/\/d-identify.be\/de\/produkt\/master-lock-6400eurljent-bluetooth-elektronisches-schloss\/#primaryimage","url":"https:\/\/d-identify.be\/wp-content\/uploads\/2025\/01\/6400EURLJENT.jpg","contentUrl":"https:\/\/d-identify.be\/wp-content\/uploads\/2025\/01\/6400EURLJENT.jpg","width":750,"height":750,"caption":"Master Lock 6400EURLJENT"},{"@type":"BreadcrumbList","@id":"https:\/\/d-identify.be\/de\/produkt\/master-lock-6400eurljent-bluetooth-elektronisches-schloss\/#breadcrumb","itemListElement":[{"@type":"ListItem","position":1,"name":"Home","item":"https:\/\/d-identify.be\/de\/home-2\/"},{"@type":"ListItem","position":2,"name":"Shop","item":"https:\/\/d-identify.be\/shop-2\/"},{"@type":"ListItem","position":3,"name":"Master Lock 6400EURLJENT Bluetooth\u00ae Elektronisches Schloss"}]},{"@type":"WebSite","@id":"https:\/\/d-identify.be\/de\/#website","url":"https:\/\/d-identify.be\/de\/","name":"d-identify","description":"Industrial identification - Lockout - Tagout - Floor marking","potentialAction":[{"@type":"SearchAction","target":{"@type":"EntryPoint","urlTemplate":"https:\/\/d-identify.be\/de\/?s={search_term_string}"},"query-input":{"@type":"PropertyValueSpecification","valueRequired":true,"valueName":"search_term_string"}}],"inLanguage":"de"}]}},"_links":{"self":[{"href":"https:\/\/d-identify.be\/de\/wp-json\/wp\/v2\/product\/49512","targetHints":{"allow":["GET"]}}],"collection":[{"href":"https:\/\/d-identify.be\/de\/wp-json\/wp\/v2\/product"}],"about":[{"href":"https:\/\/d-identify.be\/de\/wp-json\/wp\/v2\/types\/product"}],"replies":[{"embeddable":true,"href":"https:\/\/d-identify.be\/de\/wp-json\/wp\/v2\/comments?post=49512"}],"wp:featuredmedia":[{"embeddable":true,"href":"https:\/\/d-identify.be\/de\/wp-json\/wp\/v2\/media\/49488"}],"wp:attachment":[{"href":"https:\/\/d-identify.be\/de\/wp-json\/wp\/v2\/media?parent=49512"}],"wp:term":[{"taxonomy":"product_brand","embeddable":true,"href":"https:\/\/d-identify.be\/de\/wp-json\/wp\/v2\/product_brand?post=49512"},{"taxonomy":"product_cat","embeddable":true,"href":"https:\/\/d-identify.be\/de\/wp-json\/wp\/v2\/product_cat?post=49512"},{"taxonomy":"product_tag","embeddable":true,"href":"https:\/\/d-identify.be\/de\/wp-json\/wp\/v2\/product_tag?post=49512"},{"taxonomy":"pa_connextion-shapes","embeddable":true,"href":"https:\/\/d-identify.be\/de\/wp-json\/wp\/v2\/pa_connextion-shapes?post=49512"}],"curies":[{"name":"wp","href":"https:\/\/api.w.org\/{rel}","templated":true}]}}