{"id":49478,"date":"2021-07-26T12:38:41","date_gmt":"2021-07-26T10:38:41","guid":{"rendered":"https:\/\/d-identify.be\/product\/4401eurlhec-bluetooth-vorhaengeschloss-master-lock\/"},"modified":"2021-07-26T12:38:41","modified_gmt":"2021-07-26T10:38:41","slug":"4401eurlhec-bluetooth-vorhaengeschloss-master-lock","status":"publish","type":"product","link":"https:\/\/d-identify.be\/de\/produkt\/4401eurlhec-bluetooth-vorhaengeschloss-master-lock\/","title":{"rendered":"4401EURLHEC Bluetooth\u00ae Vorh\u00e4ngeschloss Master Lock"},"content":{"rendered":"<section id=\"overview-features\" class=\"tab-content overview-features flex-cols\">\n<div class=\"section-content row accordion-products-content\">\n<div class=\"col col-count product-details md-6\">\n<p>Das Master Lock Nr. 56EURLHEC Bluetooth\u00ae-Vorh\u00e4ngeschloss verf\u00fcgt \u00fcber ein 56 mm breites, robustes Metallgeh\u00e4use. Der B\u00fcgel mit einem Durchmesser von 9 mm verf\u00fcgt \u00fcber einen vertikalen Abstand von 51 mm und besteht aus einer Borlegierung, die sich nur sehr schwer durchschneiden oder -s\u00e4gen l\u00e4sst. Sichern Sie Ihr Zuhause oder Ihr Gesch\u00e4ft mit dem Master Lock Vault System f\u00fcr un\u00fcbertroffene Sicherheit, Einfachheit und Nachvollziehbarkeit mit der neuesten Bluetooth-Schloss-Technologie von Master Lock. Diese Schl\u00f6sser widerstehen k\u00f6rperlichen Angriffen und Hacks und sch\u00fctzen Ihr Eigentum mit milit\u00e4rtauglichen Verschl\u00fcsselungs- und Hochsicherheitsfunktionen. Administratoren steuern den Zugang zu einzelnen oder systemweiten Schl\u00f6ssern mit unseren praktischen App- und Webinterface-Optionen, w\u00e4hrend die Benutzer einfachen und sicheren Zugang zu zugewiesenen Schl\u00f6ssern oder Schlie\u00dff\u00e4chern haben.    <\/p>\n<\/div>\n<\/div>\n<\/section>\n","protected":false},"excerpt":{"rendered":"<section id=\"overview-features\" class=\"tab-content overview-features flex-cols\">\n<div class=\"section-content row accordion-products-content\">\n<div class=\"col col-count product-details md-6\">\n<p>Das Master Lock Nr. 56EURLHEC Bluetooth\u00ae-Vorh\u00e4ngeschloss verf\u00fcgt \u00fcber ein 56 mm breites, robustes Metallgeh\u00e4use. Der B\u00fcgel mit einem Durchmesser von 9 mm verf\u00fcgt \u00fcber einen vertikalen Abstand von 51 mm und besteht aus einer Borlegierung, die sich nur sehr schwer durchschneiden oder -s\u00e4gen l\u00e4sst. Sichern Sie Ihr Zuhause oder Ihr Gesch\u00e4ft mit dem Master Lock Vault System f\u00fcr un\u00fcbertroffene Sicherheit, Einfachheit und Nachvollziehbarkeit mit der neuesten Bluetooth-Schloss-Technologie von Master Lock. Diese Schl\u00f6sser widerstehen k\u00f6rperlichen Angriffen und Hacks und sch\u00fctzen Ihr Eigentum mit milit\u00e4rtauglichen Verschl\u00fcsselungs- und Hochsicherheitsfunktionen. Administratoren steuern den Zugang zu einzelnen oder systemweiten Schl\u00f6ssern mit unseren praktischen App- und Webinterface-Optionen, w\u00e4hrend die Benutzer einfachen und sicheren Zugang zu zugewiesenen Schl\u00f6ssern oder Schlie\u00dff\u00e4chern haben.    <\/p>\n<\/div>\n<\/div>\n<\/section>\n","protected":false},"featured_media":27571,"comment_status":"open","ping_status":"closed","template":"","meta":{"_acf_changed":false,"_et_pb_use_builder":"","_et_pb_old_content":"","_et_gb_content_width":""},"product_brand":[],"product_cat":[643],"product_tag":[935],"pa_connextion-shapes":[],"class_list":{"0":"post-49478","1":"product","2":"type-product","3":"status-publish","4":"has-post-thumbnail","6":"product_cat-bluetooth-vorhaengeschloesser-master-lock","7":"product_tag-master-lock-de","9":"first","10":"instock","11":"taxable","12":"shipping-taxable","13":"purchasable","14":"product-type-simple"},"exclude_global_add_ons":[],"addons":[],"acf":[],"yoast_head":"<!-- This site is optimized with the Yoast SEO Premium plugin v27.0 (Yoast SEO v27.1) - https:\/\/yoast.com\/product\/yoast-seo-premium-wordpress\/ -->\n<title>4401EURLHEC Bluetooth\u00ae Vorh\u00e4ngeschloss Master Lock<\/title>\n<meta name=\"description\" content=\"Das Master Lock Nr. 56EURLHEC Bluetooth\u00ae-Vorh\u00e4ngeschloss verf\u00fcgt \u00fcber ein 56 mm breites, robustes Metallgeh\u00e4use.Diese Schl\u00f6sser widerstehen k\u00f6rperlichen Angriffen und Hacks\" \/>\n<meta name=\"robots\" content=\"index, follow, max-snippet:-1, max-image-preview:large, max-video-preview:-1\" \/>\n<link rel=\"canonical\" href=\"https:\/\/d-identify.be\/de\/produkt\/4401eurlhec-bluetooth-vorhaengeschloss-master-lock\/\" \/>\n<meta property=\"og:locale\" content=\"de_DE\" \/>\n<meta property=\"og:type\" content=\"article\" \/>\n<meta property=\"og:title\" content=\"4401EURLHEC Bluetooth\u00ae Vorh\u00e4ngeschloss Master Lock\" \/>\n<meta property=\"og:description\" content=\"Das Master Lock Nr. 56EURLHEC Bluetooth\u00ae-Vorh\u00e4ngeschloss verf\u00fcgt \u00fcber ein 56 mm breites, robustes Metallgeh\u00e4use.Diese Schl\u00f6sser widerstehen k\u00f6rperlichen Angriffen und Hacks\" \/>\n<meta property=\"og:url\" content=\"https:\/\/d-identify.be\/de\/produkt\/4401eurlhec-bluetooth-vorhaengeschloss-master-lock\/\" \/>\n<meta property=\"og:site_name\" content=\"d-identify\" \/>\n<meta property=\"og:image\" content=\"https:\/\/d-identify.be\/wp-content\/uploads\/2021\/07\/MLEU_PRODUCT_4401DLH-EURLHENT_front_a89c5354-bcaa-449e-a302-5566c72d6e52.jpg\" \/>\n\t<meta property=\"og:image:width\" content=\"208\" \/>\n\t<meta property=\"og:image:height\" content=\"285\" \/>\n\t<meta property=\"og:image:type\" content=\"image\/jpeg\" \/>\n<meta name=\"twitter:card\" content=\"summary_large_image\" \/>\n<meta name=\"twitter:label1\" content=\"Gesch\u00e4tzte Lesezeit\" \/>\n\t<meta name=\"twitter:data1\" content=\"1\u00a0Minute\" \/>\n<script type=\"application\/ld+json\" class=\"yoast-schema-graph\">{\"@context\":\"https:\/\/schema.org\",\"@graph\":[{\"@type\":\"WebPage\",\"@id\":\"https:\/\/d-identify.be\/de\/produkt\/4401eurlhec-bluetooth-vorhaengeschloss-master-lock\/\",\"url\":\"https:\/\/d-identify.be\/de\/produkt\/4401eurlhec-bluetooth-vorhaengeschloss-master-lock\/\",\"name\":\"4401EURLHEC Bluetooth\u00ae Vorh\u00e4ngeschloss Master Lock\",\"isPartOf\":{\"@id\":\"https:\/\/d-identify.be\/de\/#website\"},\"primaryImageOfPage\":{\"@id\":\"https:\/\/d-identify.be\/de\/produkt\/4401eurlhec-bluetooth-vorhaengeschloss-master-lock\/#primaryimage\"},\"image\":{\"@id\":\"https:\/\/d-identify.be\/de\/produkt\/4401eurlhec-bluetooth-vorhaengeschloss-master-lock\/#primaryimage\"},\"thumbnailUrl\":\"https:\/\/d-identify.be\/wp-content\/uploads\/2021\/07\/MLEU_PRODUCT_4401DLH-EURLHENT_front_a89c5354-bcaa-449e-a302-5566c72d6e52.jpg\",\"datePublished\":\"2021-07-26T10:38:41+00:00\",\"description\":\"Das Master Lock Nr. 56EURLHEC Bluetooth\u00ae-Vorh\u00e4ngeschloss verf\u00fcgt \u00fcber ein 56 mm breites, robustes Metallgeh\u00e4use.Diese Schl\u00f6sser widerstehen k\u00f6rperlichen Angriffen und Hacks\",\"breadcrumb\":{\"@id\":\"https:\/\/d-identify.be\/de\/produkt\/4401eurlhec-bluetooth-vorhaengeschloss-master-lock\/#breadcrumb\"},\"inLanguage\":\"de\",\"potentialAction\":[{\"@type\":\"ReadAction\",\"target\":[\"https:\/\/d-identify.be\/de\/produkt\/4401eurlhec-bluetooth-vorhaengeschloss-master-lock\/\"]}]},{\"@type\":\"ImageObject\",\"inLanguage\":\"de\",\"@id\":\"https:\/\/d-identify.be\/de\/produkt\/4401eurlhec-bluetooth-vorhaengeschloss-master-lock\/#primaryimage\",\"url\":\"https:\/\/d-identify.be\/wp-content\/uploads\/2021\/07\/MLEU_PRODUCT_4401DLH-EURLHENT_front_a89c5354-bcaa-449e-a302-5566c72d6e52.jpg\",\"contentUrl\":\"https:\/\/d-identify.be\/wp-content\/uploads\/2021\/07\/MLEU_PRODUCT_4401DLH-EURLHENT_front_a89c5354-bcaa-449e-a302-5566c72d6e52.jpg\",\"width\":208,\"height\":285,\"caption\":\"4401EURLHEC Bluetooth\u00ae Vorh\u00e4ngeschloss Master Lock\"},{\"@type\":\"BreadcrumbList\",\"@id\":\"https:\/\/d-identify.be\/de\/produkt\/4401eurlhec-bluetooth-vorhaengeschloss-master-lock\/#breadcrumb\",\"itemListElement\":[{\"@type\":\"ListItem\",\"position\":1,\"name\":\"Home\",\"item\":\"https:\/\/d-identify.be\/de\/home-2\/\"},{\"@type\":\"ListItem\",\"position\":2,\"name\":\"Shop\",\"item\":\"https:\/\/d-identify.be\/shop-2\/\"},{\"@type\":\"ListItem\",\"position\":3,\"name\":\"4401EURLHEC Bluetooth\u00ae Vorh\u00e4ngeschloss Master Lock\"}]},{\"@type\":\"WebSite\",\"@id\":\"https:\/\/d-identify.be\/de\/#website\",\"url\":\"https:\/\/d-identify.be\/de\/\",\"name\":\"d-identify\",\"description\":\"Industrial identification - Lockout - Tagout - Floor marking\",\"potentialAction\":[{\"@type\":\"SearchAction\",\"target\":{\"@type\":\"EntryPoint\",\"urlTemplate\":\"https:\/\/d-identify.be\/de\/?s={search_term_string}\"},\"query-input\":{\"@type\":\"PropertyValueSpecification\",\"valueRequired\":true,\"valueName\":\"search_term_string\"}}],\"inLanguage\":\"de\"}]}<\/script>\n<!-- \/ Yoast SEO Premium plugin. -->","yoast_head_json":{"title":"4401EURLHEC Bluetooth\u00ae Vorh\u00e4ngeschloss Master Lock","description":"Das Master Lock Nr. 56EURLHEC Bluetooth\u00ae-Vorh\u00e4ngeschloss verf\u00fcgt \u00fcber ein 56 mm breites, robustes Metallgeh\u00e4use.Diese Schl\u00f6sser widerstehen k\u00f6rperlichen Angriffen und Hacks","robots":{"index":"index","follow":"follow","max-snippet":"max-snippet:-1","max-image-preview":"max-image-preview:large","max-video-preview":"max-video-preview:-1"},"canonical":"https:\/\/d-identify.be\/de\/produkt\/4401eurlhec-bluetooth-vorhaengeschloss-master-lock\/","og_locale":"de_DE","og_type":"article","og_title":"4401EURLHEC Bluetooth\u00ae Vorh\u00e4ngeschloss Master Lock","og_description":"Das Master Lock Nr. 56EURLHEC Bluetooth\u00ae-Vorh\u00e4ngeschloss verf\u00fcgt \u00fcber ein 56 mm breites, robustes Metallgeh\u00e4use.Diese Schl\u00f6sser widerstehen k\u00f6rperlichen Angriffen und Hacks","og_url":"https:\/\/d-identify.be\/de\/produkt\/4401eurlhec-bluetooth-vorhaengeschloss-master-lock\/","og_site_name":"d-identify","og_image":[{"width":208,"height":285,"url":"https:\/\/d-identify.be\/wp-content\/uploads\/2021\/07\/MLEU_PRODUCT_4401DLH-EURLHENT_front_a89c5354-bcaa-449e-a302-5566c72d6e52.jpg","type":"image\/jpeg"}],"twitter_card":"summary_large_image","twitter_misc":{"Gesch\u00e4tzte Lesezeit":"1\u00a0Minute"},"schema":{"@context":"https:\/\/schema.org","@graph":[{"@type":"WebPage","@id":"https:\/\/d-identify.be\/de\/produkt\/4401eurlhec-bluetooth-vorhaengeschloss-master-lock\/","url":"https:\/\/d-identify.be\/de\/produkt\/4401eurlhec-bluetooth-vorhaengeschloss-master-lock\/","name":"4401EURLHEC Bluetooth\u00ae Vorh\u00e4ngeschloss Master Lock","isPartOf":{"@id":"https:\/\/d-identify.be\/de\/#website"},"primaryImageOfPage":{"@id":"https:\/\/d-identify.be\/de\/produkt\/4401eurlhec-bluetooth-vorhaengeschloss-master-lock\/#primaryimage"},"image":{"@id":"https:\/\/d-identify.be\/de\/produkt\/4401eurlhec-bluetooth-vorhaengeschloss-master-lock\/#primaryimage"},"thumbnailUrl":"https:\/\/d-identify.be\/wp-content\/uploads\/2021\/07\/MLEU_PRODUCT_4401DLH-EURLHENT_front_a89c5354-bcaa-449e-a302-5566c72d6e52.jpg","datePublished":"2021-07-26T10:38:41+00:00","description":"Das Master Lock Nr. 56EURLHEC Bluetooth\u00ae-Vorh\u00e4ngeschloss verf\u00fcgt \u00fcber ein 56 mm breites, robustes Metallgeh\u00e4use.Diese Schl\u00f6sser widerstehen k\u00f6rperlichen Angriffen und Hacks","breadcrumb":{"@id":"https:\/\/d-identify.be\/de\/produkt\/4401eurlhec-bluetooth-vorhaengeschloss-master-lock\/#breadcrumb"},"inLanguage":"de","potentialAction":[{"@type":"ReadAction","target":["https:\/\/d-identify.be\/de\/produkt\/4401eurlhec-bluetooth-vorhaengeschloss-master-lock\/"]}]},{"@type":"ImageObject","inLanguage":"de","@id":"https:\/\/d-identify.be\/de\/produkt\/4401eurlhec-bluetooth-vorhaengeschloss-master-lock\/#primaryimage","url":"https:\/\/d-identify.be\/wp-content\/uploads\/2021\/07\/MLEU_PRODUCT_4401DLH-EURLHENT_front_a89c5354-bcaa-449e-a302-5566c72d6e52.jpg","contentUrl":"https:\/\/d-identify.be\/wp-content\/uploads\/2021\/07\/MLEU_PRODUCT_4401DLH-EURLHENT_front_a89c5354-bcaa-449e-a302-5566c72d6e52.jpg","width":208,"height":285,"caption":"4401EURLHEC Bluetooth\u00ae Vorh\u00e4ngeschloss Master Lock"},{"@type":"BreadcrumbList","@id":"https:\/\/d-identify.be\/de\/produkt\/4401eurlhec-bluetooth-vorhaengeschloss-master-lock\/#breadcrumb","itemListElement":[{"@type":"ListItem","position":1,"name":"Home","item":"https:\/\/d-identify.be\/de\/home-2\/"},{"@type":"ListItem","position":2,"name":"Shop","item":"https:\/\/d-identify.be\/shop-2\/"},{"@type":"ListItem","position":3,"name":"4401EURLHEC Bluetooth\u00ae Vorh\u00e4ngeschloss Master Lock"}]},{"@type":"WebSite","@id":"https:\/\/d-identify.be\/de\/#website","url":"https:\/\/d-identify.be\/de\/","name":"d-identify","description":"Industrial identification - Lockout - Tagout - Floor marking","potentialAction":[{"@type":"SearchAction","target":{"@type":"EntryPoint","urlTemplate":"https:\/\/d-identify.be\/de\/?s={search_term_string}"},"query-input":{"@type":"PropertyValueSpecification","valueRequired":true,"valueName":"search_term_string"}}],"inLanguage":"de"}]}},"_links":{"self":[{"href":"https:\/\/d-identify.be\/de\/wp-json\/wp\/v2\/product\/49478","targetHints":{"allow":["GET"]}}],"collection":[{"href":"https:\/\/d-identify.be\/de\/wp-json\/wp\/v2\/product"}],"about":[{"href":"https:\/\/d-identify.be\/de\/wp-json\/wp\/v2\/types\/product"}],"replies":[{"embeddable":true,"href":"https:\/\/d-identify.be\/de\/wp-json\/wp\/v2\/comments?post=49478"}],"wp:featuredmedia":[{"embeddable":true,"href":"https:\/\/d-identify.be\/de\/wp-json\/wp\/v2\/media\/27571"}],"wp:attachment":[{"href":"https:\/\/d-identify.be\/de\/wp-json\/wp\/v2\/media?parent=49478"}],"wp:term":[{"taxonomy":"product_brand","embeddable":true,"href":"https:\/\/d-identify.be\/de\/wp-json\/wp\/v2\/product_brand?post=49478"},{"taxonomy":"product_cat","embeddable":true,"href":"https:\/\/d-identify.be\/de\/wp-json\/wp\/v2\/product_cat?post=49478"},{"taxonomy":"product_tag","embeddable":true,"href":"https:\/\/d-identify.be\/de\/wp-json\/wp\/v2\/product_tag?post=49478"},{"taxonomy":"pa_connextion-shapes","embeddable":true,"href":"https:\/\/d-identify.be\/de\/wp-json\/wp\/v2\/pa_connextion-shapes?post=49478"}],"curies":[{"name":"wp","href":"https:\/\/api.w.org\/{rel}","templated":true}]}}