{"id":49422,"date":"2021-07-26T12:38:41","date_gmt":"2021-07-26T10:38:41","guid":{"rendered":"https:\/\/d-identify.be\/product\/bluetooth-schluesselkasten-select-access174-smart-buegel\/"},"modified":"2025-01-09T14:01:02","modified_gmt":"2025-01-09T12:01:02","slug":"bluetooth-schluesselkasten-5440eurd","status":"publish","type":"product","link":"https:\/\/d-identify.be\/de\/produkt\/bluetooth-schluesselkasten-5440eurd\/","title":{"rendered":"Bluetooth-Schl\u00fcsselkasten 5440EURD-Select Access; Smart-B\u00fcgel"},"content":{"rendered":"<p>Das Master Lock Nr. 5440EURD abnehmbare Bluetooth Select Access\u00ae Smart ist die perfekte L\u00f6sung, um den Zugang zu Ihren Schl\u00fcsseln zu teilen: Verstecken Sie Ihre Schl\u00fcssel nicht l\u00e4nger unter der Fu\u00dfmatte oder unter einem Blumentopf. Kann durch das mobile Design an verschiedenen Orten angebracht werden. \u00d6ffnen und verwalten Sie Select Access Smart mit Ihrem Smartphone mit tempor\u00e4ren oder permanenten Codes. Sie k\u00f6nnen den Zugang f\u00fcr 15 G\u00e4ste sofort freigeben. \u00dcberwachen Sie durch die App und Benachrichtigungen, von wem und wann Sie besucht werden. Dank der gro\u00dfen Kapazit\u00e4t k\u00f6nnen Keycards oder herk\u00f6mmliche Schl\u00fcssel aufbewahrt werden. Batterie mit langer Lebensdauer und einfach austauschbar. Robustes, langlebiges Geh\u00e4use mit beschichteter Oberfl\u00e4che, um die Hardware und und das Finish der Klappe zu sch\u00fctzen. Funktioniert mit der kostenlosen Master Lock Vault Home App. Die beschr\u00e4nkte 2-Jahres-Garantie von der Marke Ihres Vertrauens sorgt f\u00fcr ein gutes Sicherheitsgef\u00fchl.<\/p>\n","protected":false},"excerpt":{"rendered":"<p>Das Master Lock Nr. 5440EURD abnehmbare Bluetooth Select Access\u00ae Smart ist die perfekte L\u00f6sung, um den Zugang zu Ihren Schl\u00fcsseln zu teilen: Verstecken Sie Ihre Schl\u00fcssel nicht l\u00e4nger unter der Fu\u00dfmatte oder unter einem Blumentopf. Kann durch das mobile Design an verschiedenen Orten angebracht werden. \u00d6ffnen und verwalten Sie Select Access Smart mit Ihrem Smartphone mit tempor\u00e4ren oder permanenten Codes. Sie k\u00f6nnen den Zugang f\u00fcr 15 G\u00e4ste sofort freigeben. \u00dcberwachen Sie durch die App und Benachrichtigungen, von wem und wann Sie besucht werden. Dank der gro\u00dfen Kapazit\u00e4t k\u00f6nnen Keycards oder herk\u00f6mmliche Schl\u00fcssel aufbewahrt werden. Batterie mit langer Lebensdauer und einfach austauschbar. Robustes, langlebiges Geh\u00e4use mit beschichteter Oberfl\u00e4che, um die Hardware und und das Finish der Klappe zu sch\u00fctzen. Funktioniert mit der kostenlosen Master Lock Vault Home App. Die beschr\u00e4nkte 2-Jahres-Garantie von der Marke Ihres Vertrauens sorgt f\u00fcr ein gutes Sicherheitsgef\u00fchl.<\/p>\n","protected":false},"featured_media":27587,"comment_status":"open","ping_status":"closed","template":"","meta":{"_acf_changed":false,"_et_pb_use_builder":"","_et_pb_old_content":"","_et_gb_content_width":""},"product_brand":[],"product_cat":[643],"product_tag":[935],"pa_connextion-shapes":[],"class_list":{"0":"post-49422","1":"product","2":"type-product","3":"status-publish","4":"has-post-thumbnail","6":"product_cat-bluetooth-vorhaengeschloesser-master-lock","7":"product_tag-master-lock-de","9":"first","10":"instock","11":"taxable","12":"shipping-taxable","13":"purchasable","14":"product-type-simple"},"exclude_global_add_ons":[],"addons":[],"acf":[],"yoast_head":"<!-- This site is optimized with the Yoast SEO Premium plugin v27.0 (Yoast SEO v27.1) - https:\/\/yoast.com\/product\/yoast-seo-premium-wordpress\/ -->\n<title>Bluetooth-Schl\u00fcsselkasten 5440EURD-Select Access; Smart-B\u00fcgel - d-identify<\/title>\n<meta name=\"description\" content=\"Bluetooth-Schl\u00fcsselkasten 5440EURD von Master Lock abnehmbare Bluetooth Select Access\u00ae Smart ist die perfekte L\u00f6sung, um den Zugang zu Ihren Schl\u00fcsseln zu teilen\" \/>\n<meta name=\"robots\" content=\"index, follow, max-snippet:-1, max-image-preview:large, max-video-preview:-1\" \/>\n<link rel=\"canonical\" href=\"https:\/\/d-identify.be\/de\/produkt\/bluetooth-schluesselkasten-5440eurd\/\" \/>\n<meta property=\"og:locale\" content=\"de_DE\" \/>\n<meta property=\"og:type\" content=\"article\" \/>\n<meta property=\"og:title\" content=\"Bluetooth-Schl\u00fcsselkasten 5440EURD-Select Access; Smart-B\u00fcgel\" \/>\n<meta property=\"og:description\" content=\"Bluetooth-Schl\u00fcsselkasten 5440EURD von Master Lock abnehmbare Bluetooth Select Access\u00ae Smart ist die perfekte L\u00f6sung, um den Zugang zu Ihren Schl\u00fcsseln zu teilen\" \/>\n<meta property=\"og:url\" content=\"https:\/\/d-identify.be\/de\/produkt\/bluetooth-schluesselkasten-5440eurd\/\" \/>\n<meta property=\"og:site_name\" content=\"d-identify\" \/>\n<meta property=\"article:modified_time\" content=\"2025-01-09T12:01:02+00:00\" \/>\n<meta property=\"og:image\" content=\"https:\/\/d-identify.be\/wp-content\/uploads\/2021\/07\/MLEU_PRODUCT_5440EURD.jpg\" \/>\n\t<meta property=\"og:image:width\" content=\"285\" \/>\n\t<meta property=\"og:image:height\" content=\"285\" \/>\n\t<meta property=\"og:image:type\" content=\"image\/jpeg\" \/>\n<meta name=\"twitter:card\" content=\"summary_large_image\" \/>\n<meta name=\"twitter:label1\" content=\"Gesch\u00e4tzte Lesezeit\" \/>\n\t<meta name=\"twitter:data1\" content=\"1\u00a0Minute\" \/>\n<script type=\"application\/ld+json\" class=\"yoast-schema-graph\">{\"@context\":\"https:\/\/schema.org\",\"@graph\":[{\"@type\":\"WebPage\",\"@id\":\"https:\/\/d-identify.be\/de\/produkt\/bluetooth-schluesselkasten-5440eurd\/\",\"url\":\"https:\/\/d-identify.be\/de\/produkt\/bluetooth-schluesselkasten-5440eurd\/\",\"name\":\"Bluetooth-Schl\u00fcsselkasten 5440EURD-Select Access; Smart-B\u00fcgel - d-identify\",\"isPartOf\":{\"@id\":\"https:\/\/d-identify.be\/de\/#website\"},\"primaryImageOfPage\":{\"@id\":\"https:\/\/d-identify.be\/de\/produkt\/bluetooth-schluesselkasten-5440eurd\/#primaryimage\"},\"image\":{\"@id\":\"https:\/\/d-identify.be\/de\/produkt\/bluetooth-schluesselkasten-5440eurd\/#primaryimage\"},\"thumbnailUrl\":\"https:\/\/d-identify.be\/wp-content\/uploads\/2021\/07\/MLEU_PRODUCT_5440EURD.jpg\",\"datePublished\":\"2021-07-26T10:38:41+00:00\",\"dateModified\":\"2025-01-09T12:01:02+00:00\",\"description\":\"Bluetooth-Schl\u00fcsselkasten 5440EURD von Master Lock abnehmbare Bluetooth Select Access\u00ae Smart ist die perfekte L\u00f6sung, um den Zugang zu Ihren Schl\u00fcsseln zu teilen\",\"breadcrumb\":{\"@id\":\"https:\/\/d-identify.be\/de\/produkt\/bluetooth-schluesselkasten-5440eurd\/#breadcrumb\"},\"inLanguage\":\"de\",\"potentialAction\":[{\"@type\":\"ReadAction\",\"target\":[\"https:\/\/d-identify.be\/de\/produkt\/bluetooth-schluesselkasten-5440eurd\/\"]}]},{\"@type\":\"ImageObject\",\"inLanguage\":\"de\",\"@id\":\"https:\/\/d-identify.be\/de\/produkt\/bluetooth-schluesselkasten-5440eurd\/#primaryimage\",\"url\":\"https:\/\/d-identify.be\/wp-content\/uploads\/2021\/07\/MLEU_PRODUCT_5440EURD.jpg\",\"contentUrl\":\"https:\/\/d-identify.be\/wp-content\/uploads\/2021\/07\/MLEU_PRODUCT_5440EURD.jpg\",\"width\":285,\"height\":285,\"caption\":\"Bluetooth-Schl\u00fcsselkasten 5440EURD\"},{\"@type\":\"BreadcrumbList\",\"@id\":\"https:\/\/d-identify.be\/de\/produkt\/bluetooth-schluesselkasten-5440eurd\/#breadcrumb\",\"itemListElement\":[{\"@type\":\"ListItem\",\"position\":1,\"name\":\"Home\",\"item\":\"https:\/\/d-identify.be\/de\/home-2\/\"},{\"@type\":\"ListItem\",\"position\":2,\"name\":\"Shop\",\"item\":\"https:\/\/d-identify.be\/shop-2\/\"},{\"@type\":\"ListItem\",\"position\":3,\"name\":\"Bluetooth-Schl\u00fcsselkasten 5440EURD-Select Access; Smart-B\u00fcgel\"}]},{\"@type\":\"WebSite\",\"@id\":\"https:\/\/d-identify.be\/de\/#website\",\"url\":\"https:\/\/d-identify.be\/de\/\",\"name\":\"d-identify\",\"description\":\"Industrial identification - Lockout - Tagout - Floor marking\",\"potentialAction\":[{\"@type\":\"SearchAction\",\"target\":{\"@type\":\"EntryPoint\",\"urlTemplate\":\"https:\/\/d-identify.be\/de\/?s={search_term_string}\"},\"query-input\":{\"@type\":\"PropertyValueSpecification\",\"valueRequired\":true,\"valueName\":\"search_term_string\"}}],\"inLanguage\":\"de\"}]}<\/script>\n<!-- \/ Yoast SEO Premium plugin. -->","yoast_head_json":{"title":"Bluetooth-Schl\u00fcsselkasten 5440EURD-Select Access; Smart-B\u00fcgel - d-identify","description":"Bluetooth-Schl\u00fcsselkasten 5440EURD von Master Lock abnehmbare Bluetooth Select Access\u00ae Smart ist die perfekte L\u00f6sung, um den Zugang zu Ihren Schl\u00fcsseln zu teilen","robots":{"index":"index","follow":"follow","max-snippet":"max-snippet:-1","max-image-preview":"max-image-preview:large","max-video-preview":"max-video-preview:-1"},"canonical":"https:\/\/d-identify.be\/de\/produkt\/bluetooth-schluesselkasten-5440eurd\/","og_locale":"de_DE","og_type":"article","og_title":"Bluetooth-Schl\u00fcsselkasten 5440EURD-Select Access; Smart-B\u00fcgel","og_description":"Bluetooth-Schl\u00fcsselkasten 5440EURD von Master Lock abnehmbare Bluetooth Select Access\u00ae Smart ist die perfekte L\u00f6sung, um den Zugang zu Ihren Schl\u00fcsseln zu teilen","og_url":"https:\/\/d-identify.be\/de\/produkt\/bluetooth-schluesselkasten-5440eurd\/","og_site_name":"d-identify","article_modified_time":"2025-01-09T12:01:02+00:00","og_image":[{"width":285,"height":285,"url":"https:\/\/d-identify.be\/wp-content\/uploads\/2021\/07\/MLEU_PRODUCT_5440EURD.jpg","type":"image\/jpeg"}],"twitter_card":"summary_large_image","twitter_misc":{"Gesch\u00e4tzte Lesezeit":"1\u00a0Minute"},"schema":{"@context":"https:\/\/schema.org","@graph":[{"@type":"WebPage","@id":"https:\/\/d-identify.be\/de\/produkt\/bluetooth-schluesselkasten-5440eurd\/","url":"https:\/\/d-identify.be\/de\/produkt\/bluetooth-schluesselkasten-5440eurd\/","name":"Bluetooth-Schl\u00fcsselkasten 5440EURD-Select Access; Smart-B\u00fcgel - d-identify","isPartOf":{"@id":"https:\/\/d-identify.be\/de\/#website"},"primaryImageOfPage":{"@id":"https:\/\/d-identify.be\/de\/produkt\/bluetooth-schluesselkasten-5440eurd\/#primaryimage"},"image":{"@id":"https:\/\/d-identify.be\/de\/produkt\/bluetooth-schluesselkasten-5440eurd\/#primaryimage"},"thumbnailUrl":"https:\/\/d-identify.be\/wp-content\/uploads\/2021\/07\/MLEU_PRODUCT_5440EURD.jpg","datePublished":"2021-07-26T10:38:41+00:00","dateModified":"2025-01-09T12:01:02+00:00","description":"Bluetooth-Schl\u00fcsselkasten 5440EURD von Master Lock abnehmbare Bluetooth Select Access\u00ae Smart ist die perfekte L\u00f6sung, um den Zugang zu Ihren Schl\u00fcsseln zu teilen","breadcrumb":{"@id":"https:\/\/d-identify.be\/de\/produkt\/bluetooth-schluesselkasten-5440eurd\/#breadcrumb"},"inLanguage":"de","potentialAction":[{"@type":"ReadAction","target":["https:\/\/d-identify.be\/de\/produkt\/bluetooth-schluesselkasten-5440eurd\/"]}]},{"@type":"ImageObject","inLanguage":"de","@id":"https:\/\/d-identify.be\/de\/produkt\/bluetooth-schluesselkasten-5440eurd\/#primaryimage","url":"https:\/\/d-identify.be\/wp-content\/uploads\/2021\/07\/MLEU_PRODUCT_5440EURD.jpg","contentUrl":"https:\/\/d-identify.be\/wp-content\/uploads\/2021\/07\/MLEU_PRODUCT_5440EURD.jpg","width":285,"height":285,"caption":"Bluetooth-Schl\u00fcsselkasten 5440EURD"},{"@type":"BreadcrumbList","@id":"https:\/\/d-identify.be\/de\/produkt\/bluetooth-schluesselkasten-5440eurd\/#breadcrumb","itemListElement":[{"@type":"ListItem","position":1,"name":"Home","item":"https:\/\/d-identify.be\/de\/home-2\/"},{"@type":"ListItem","position":2,"name":"Shop","item":"https:\/\/d-identify.be\/shop-2\/"},{"@type":"ListItem","position":3,"name":"Bluetooth-Schl\u00fcsselkasten 5440EURD-Select Access; Smart-B\u00fcgel"}]},{"@type":"WebSite","@id":"https:\/\/d-identify.be\/de\/#website","url":"https:\/\/d-identify.be\/de\/","name":"d-identify","description":"Industrial identification - Lockout - Tagout - Floor marking","potentialAction":[{"@type":"SearchAction","target":{"@type":"EntryPoint","urlTemplate":"https:\/\/d-identify.be\/de\/?s={search_term_string}"},"query-input":{"@type":"PropertyValueSpecification","valueRequired":true,"valueName":"search_term_string"}}],"inLanguage":"de"}]}},"_links":{"self":[{"href":"https:\/\/d-identify.be\/de\/wp-json\/wp\/v2\/product\/49422","targetHints":{"allow":["GET"]}}],"collection":[{"href":"https:\/\/d-identify.be\/de\/wp-json\/wp\/v2\/product"}],"about":[{"href":"https:\/\/d-identify.be\/de\/wp-json\/wp\/v2\/types\/product"}],"replies":[{"embeddable":true,"href":"https:\/\/d-identify.be\/de\/wp-json\/wp\/v2\/comments?post=49422"}],"wp:featuredmedia":[{"embeddable":true,"href":"https:\/\/d-identify.be\/de\/wp-json\/wp\/v2\/media\/27587"}],"wp:attachment":[{"href":"https:\/\/d-identify.be\/de\/wp-json\/wp\/v2\/media?parent=49422"}],"wp:term":[{"taxonomy":"product_brand","embeddable":true,"href":"https:\/\/d-identify.be\/de\/wp-json\/wp\/v2\/product_brand?post=49422"},{"taxonomy":"product_cat","embeddable":true,"href":"https:\/\/d-identify.be\/de\/wp-json\/wp\/v2\/product_cat?post=49422"},{"taxonomy":"product_tag","embeddable":true,"href":"https:\/\/d-identify.be\/de\/wp-json\/wp\/v2\/product_tag?post=49422"},{"taxonomy":"pa_connextion-shapes","embeddable":true,"href":"https:\/\/d-identify.be\/de\/wp-json\/wp\/v2\/pa_connextion-shapes?post=49422"}],"curies":[{"name":"wp","href":"https:\/\/api.w.org\/{rel}","templated":true}]}}