{"id":49418,"date":"2021-07-26T12:38:42","date_gmt":"2021-07-26T11:38:42","guid":{"rendered":"https:\/\/d-identify.be\/product\/master-lock-5441eurec-bluetooth-wandmontierte-schluesselsafe\/"},"modified":"2021-07-26T12:38:42","modified_gmt":"2021-07-26T10:38:42","slug":"master-lock-5441eurec-bluetooth-wandmontierte-schluesselsafe","status":"publish","type":"product","link":"https:\/\/d-identify.be\/de\/produkt\/master-lock-5441eurec-bluetooth-wandmontierte-schluesselsafe\/","title":{"rendered":"Master Lock 5441EUREC Bluetooth\u00ae Wandmontierte Schl\u00fcsselsafe"},"content":{"rendered":"<p>Master Lock 5441EUREC Bluetooth\u00ae Wandmontierte Schl\u00fcsselsafe f\u00fcr gesch\u00e4ftliche Anwendungen verf\u00fcgt \u00fcber ein 83 mm breites Metallgeh\u00e4use f\u00fcr Langlebigkeit. Das Master Lock Vault Enterprise-System wurde entwickelt, <b>um viele Schl\u00f6sser und Benutzer<\/b> mit unvergleichlicher Sicherheit, Einfachheit und Verantwortlichkeit zu unterst\u00fctzen. Administratoren steuern den individuellen oder systemweiten Zugriff \u00fcber unsere benutzerfreundliche Weboberfl\u00e4che, w\u00e4hrend Benutzer einfachen und sicheren Zugang zu den zugewiesenen Schl\u00f6ssern oder Safes genie\u00dfen.  <\/p>\n","protected":false},"excerpt":{"rendered":"<p>Master Lock 5441EUREC Bluetooth\u00ae Wandmontierte Schl\u00fcsselsafe f\u00fcr gesch\u00e4ftliche Anwendungen verf\u00fcgt \u00fcber ein 83 mm breites Metallgeh\u00e4use f\u00fcr Langlebigkeit. Das Master Lock Vault Enterprise-System wurde entwickelt, <b>um viele Schl\u00f6sser und Benutzer<\/b> mit unvergleichlicher Sicherheit, Einfachheit und Verantwortlichkeit zu unterst\u00fctzen. Administratoren steuern den individuellen oder systemweiten Zugriff \u00fcber unsere benutzerfreundliche Weboberfl\u00e4che, w\u00e4hrend Benutzer einfachen und sicheren Zugang zu den zugewiesenen Schl\u00f6ssern oder Safes genie\u00dfen. Enth\u00e4lt die Master Lock Vault Enterprise-App f\u00fcr iOS und Android sowie eine Weboberfl\u00e4che, die speziell f\u00fcr gesch\u00e4ftliche Anwendungen mit vielen Schl\u00f6ssern und Benutzern entwickelt wurde.  <\/p>\n<p>&nbsp;<\/p>\n","protected":false},"featured_media":27567,"comment_status":"open","ping_status":"closed","template":"","meta":{"_acf_changed":false,"_et_pb_use_builder":"","_et_pb_old_content":"","_et_gb_content_width":""},"product_brand":[],"product_cat":[643],"product_tag":[935],"pa_connextion-shapes":[],"class_list":{"0":"post-49418","1":"product","2":"type-product","3":"status-publish","4":"has-post-thumbnail","6":"product_cat-bluetooth-vorhaengeschloesser-master-lock","7":"product_tag-master-lock-de","9":"first","10":"instock","11":"featured","12":"taxable","13":"shipping-taxable","14":"purchasable","15":"product-type-simple"},"exclude_global_add_ons":[],"addons":[],"acf":[],"yoast_head":"<!-- This site is optimized with the Yoast SEO Premium plugin v27.0 (Yoast SEO v27.1) - https:\/\/yoast.com\/product\/yoast-seo-premium-wordpress\/ -->\n<title>Master Lock 5441EUREC Bluetooth\u00ae Wandmontierte Schl\u00fcsselsafe<\/title>\n<meta name=\"description\" content=\"Master Lock 5441EUREC Bluetooth\u00ae Wandmontierte Schl\u00fcsselsafe f\u00fcr gesch\u00e4ftliche Anwendungen verf\u00fcgt \u00fcber ein 83 mm breites Metallgeh\u00e4use f\u00fcr Langlebigkeit.\" \/>\n<meta name=\"robots\" content=\"index, follow, max-snippet:-1, max-image-preview:large, max-video-preview:-1\" \/>\n<link rel=\"canonical\" href=\"https:\/\/d-identify.be\/de\/produkt\/master-lock-5441eurec-bluetooth-wandmontierte-schluesselsafe\/\" \/>\n<meta property=\"og:locale\" content=\"de_DE\" \/>\n<meta property=\"og:type\" content=\"article\" \/>\n<meta property=\"og:title\" content=\"Master Lock 5441EUREC Bluetooth\u00ae Wandmontierte Schl\u00fcsselsafe\" \/>\n<meta property=\"og:description\" content=\"Master Lock 5441EUREC Bluetooth\u00ae Wandmontierte Schl\u00fcsselsafe f\u00fcr gesch\u00e4ftliche Anwendungen verf\u00fcgt \u00fcber ein 83 mm breites Metallgeh\u00e4use f\u00fcr Langlebigkeit.\" \/>\n<meta property=\"og:url\" content=\"https:\/\/d-identify.be\/de\/produkt\/master-lock-5441eurec-bluetooth-wandmontierte-schluesselsafe\/\" \/>\n<meta property=\"og:site_name\" content=\"d-identify\" \/>\n<meta property=\"og:image\" content=\"https:\/\/d-identify.be\/wp-content\/uploads\/2021\/07\/MLEU_PRODUCT_5441EURD-EURENT.jpg\" \/>\n\t<meta property=\"og:image:width\" content=\"285\" \/>\n\t<meta property=\"og:image:height\" content=\"285\" \/>\n\t<meta property=\"og:image:type\" content=\"image\/jpeg\" \/>\n<meta name=\"twitter:card\" content=\"summary_large_image\" \/>\n<script type=\"application\/ld+json\" class=\"yoast-schema-graph\">{\"@context\":\"https:\/\/schema.org\",\"@graph\":[{\"@type\":\"WebPage\",\"@id\":\"https:\/\/d-identify.be\/de\/produkt\/master-lock-5441eurec-bluetooth-wandmontierte-schluesselsafe\/\",\"url\":\"https:\/\/d-identify.be\/de\/produkt\/master-lock-5441eurec-bluetooth-wandmontierte-schluesselsafe\/\",\"name\":\"Master Lock 5441EUREC Bluetooth\u00ae Wandmontierte Schl\u00fcsselsafe\",\"isPartOf\":{\"@id\":\"https:\/\/d-identify.be\/de\/#website\"},\"primaryImageOfPage\":{\"@id\":\"https:\/\/d-identify.be\/de\/produkt\/master-lock-5441eurec-bluetooth-wandmontierte-schluesselsafe\/#primaryimage\"},\"image\":{\"@id\":\"https:\/\/d-identify.be\/de\/produkt\/master-lock-5441eurec-bluetooth-wandmontierte-schluesselsafe\/#primaryimage\"},\"thumbnailUrl\":\"https:\/\/d-identify.be\/wp-content\/uploads\/2021\/07\/MLEU_PRODUCT_5441EURD-EURENT.jpg\",\"datePublished\":\"2021-07-26T11:38:42+00:00\",\"description\":\"Master Lock 5441EUREC Bluetooth\u00ae Wandmontierte Schl\u00fcsselsafe f\u00fcr gesch\u00e4ftliche Anwendungen verf\u00fcgt \u00fcber ein 83 mm breites Metallgeh\u00e4use f\u00fcr Langlebigkeit.\",\"breadcrumb\":{\"@id\":\"https:\/\/d-identify.be\/de\/produkt\/master-lock-5441eurec-bluetooth-wandmontierte-schluesselsafe\/#breadcrumb\"},\"inLanguage\":\"de\",\"potentialAction\":[{\"@type\":\"ReadAction\",\"target\":[\"https:\/\/d-identify.be\/de\/produkt\/master-lock-5441eurec-bluetooth-wandmontierte-schluesselsafe\/\"]}]},{\"@type\":\"ImageObject\",\"inLanguage\":\"de\",\"@id\":\"https:\/\/d-identify.be\/de\/produkt\/master-lock-5441eurec-bluetooth-wandmontierte-schluesselsafe\/#primaryimage\",\"url\":\"https:\/\/d-identify.be\/wp-content\/uploads\/2021\/07\/MLEU_PRODUCT_5441EURD-EURENT.jpg\",\"contentUrl\":\"https:\/\/d-identify.be\/wp-content\/uploads\/2021\/07\/MLEU_PRODUCT_5441EURD-EURENT.jpg\",\"width\":285,\"height\":285,\"caption\":\"Master Lock 5441EUREC wall mounted Lock box\"},{\"@type\":\"BreadcrumbList\",\"@id\":\"https:\/\/d-identify.be\/de\/produkt\/master-lock-5441eurec-bluetooth-wandmontierte-schluesselsafe\/#breadcrumb\",\"itemListElement\":[{\"@type\":\"ListItem\",\"position\":1,\"name\":\"Home\",\"item\":\"https:\/\/d-identify.be\/de\/home-2\/\"},{\"@type\":\"ListItem\",\"position\":2,\"name\":\"Shop\",\"item\":\"https:\/\/d-identify.be\/shop-2\/\"},{\"@type\":\"ListItem\",\"position\":3,\"name\":\"Master Lock 5441EUREC Bluetooth\u00ae Wandmontierte Schl\u00fcsselsafe\"}]},{\"@type\":\"WebSite\",\"@id\":\"https:\/\/d-identify.be\/de\/#website\",\"url\":\"https:\/\/d-identify.be\/de\/\",\"name\":\"d-identify\",\"description\":\"Industrial identification - Lockout - Tagout - Floor marking\",\"potentialAction\":[{\"@type\":\"SearchAction\",\"target\":{\"@type\":\"EntryPoint\",\"urlTemplate\":\"https:\/\/d-identify.be\/de\/?s={search_term_string}\"},\"query-input\":{\"@type\":\"PropertyValueSpecification\",\"valueRequired\":true,\"valueName\":\"search_term_string\"}}],\"inLanguage\":\"de\"}]}<\/script>\n<!-- \/ Yoast SEO Premium plugin. -->","yoast_head_json":{"title":"Master Lock 5441EUREC Bluetooth\u00ae Wandmontierte Schl\u00fcsselsafe","description":"Master Lock 5441EUREC Bluetooth\u00ae Wandmontierte Schl\u00fcsselsafe f\u00fcr gesch\u00e4ftliche Anwendungen verf\u00fcgt \u00fcber ein 83 mm breites Metallgeh\u00e4use f\u00fcr Langlebigkeit.","robots":{"index":"index","follow":"follow","max-snippet":"max-snippet:-1","max-image-preview":"max-image-preview:large","max-video-preview":"max-video-preview:-1"},"canonical":"https:\/\/d-identify.be\/de\/produkt\/master-lock-5441eurec-bluetooth-wandmontierte-schluesselsafe\/","og_locale":"de_DE","og_type":"article","og_title":"Master Lock 5441EUREC Bluetooth\u00ae Wandmontierte Schl\u00fcsselsafe","og_description":"Master Lock 5441EUREC Bluetooth\u00ae Wandmontierte Schl\u00fcsselsafe f\u00fcr gesch\u00e4ftliche Anwendungen verf\u00fcgt \u00fcber ein 83 mm breites Metallgeh\u00e4use f\u00fcr Langlebigkeit.","og_url":"https:\/\/d-identify.be\/de\/produkt\/master-lock-5441eurec-bluetooth-wandmontierte-schluesselsafe\/","og_site_name":"d-identify","og_image":[{"width":285,"height":285,"url":"https:\/\/d-identify.be\/wp-content\/uploads\/2021\/07\/MLEU_PRODUCT_5441EURD-EURENT.jpg","type":"image\/jpeg"}],"twitter_card":"summary_large_image","schema":{"@context":"https:\/\/schema.org","@graph":[{"@type":"WebPage","@id":"https:\/\/d-identify.be\/de\/produkt\/master-lock-5441eurec-bluetooth-wandmontierte-schluesselsafe\/","url":"https:\/\/d-identify.be\/de\/produkt\/master-lock-5441eurec-bluetooth-wandmontierte-schluesselsafe\/","name":"Master Lock 5441EUREC Bluetooth\u00ae Wandmontierte Schl\u00fcsselsafe","isPartOf":{"@id":"https:\/\/d-identify.be\/de\/#website"},"primaryImageOfPage":{"@id":"https:\/\/d-identify.be\/de\/produkt\/master-lock-5441eurec-bluetooth-wandmontierte-schluesselsafe\/#primaryimage"},"image":{"@id":"https:\/\/d-identify.be\/de\/produkt\/master-lock-5441eurec-bluetooth-wandmontierte-schluesselsafe\/#primaryimage"},"thumbnailUrl":"https:\/\/d-identify.be\/wp-content\/uploads\/2021\/07\/MLEU_PRODUCT_5441EURD-EURENT.jpg","datePublished":"2021-07-26T11:38:42+00:00","description":"Master Lock 5441EUREC Bluetooth\u00ae Wandmontierte Schl\u00fcsselsafe f\u00fcr gesch\u00e4ftliche Anwendungen verf\u00fcgt \u00fcber ein 83 mm breites Metallgeh\u00e4use f\u00fcr Langlebigkeit.","breadcrumb":{"@id":"https:\/\/d-identify.be\/de\/produkt\/master-lock-5441eurec-bluetooth-wandmontierte-schluesselsafe\/#breadcrumb"},"inLanguage":"de","potentialAction":[{"@type":"ReadAction","target":["https:\/\/d-identify.be\/de\/produkt\/master-lock-5441eurec-bluetooth-wandmontierte-schluesselsafe\/"]}]},{"@type":"ImageObject","inLanguage":"de","@id":"https:\/\/d-identify.be\/de\/produkt\/master-lock-5441eurec-bluetooth-wandmontierte-schluesselsafe\/#primaryimage","url":"https:\/\/d-identify.be\/wp-content\/uploads\/2021\/07\/MLEU_PRODUCT_5441EURD-EURENT.jpg","contentUrl":"https:\/\/d-identify.be\/wp-content\/uploads\/2021\/07\/MLEU_PRODUCT_5441EURD-EURENT.jpg","width":285,"height":285,"caption":"Master Lock 5441EUREC wall mounted Lock box"},{"@type":"BreadcrumbList","@id":"https:\/\/d-identify.be\/de\/produkt\/master-lock-5441eurec-bluetooth-wandmontierte-schluesselsafe\/#breadcrumb","itemListElement":[{"@type":"ListItem","position":1,"name":"Home","item":"https:\/\/d-identify.be\/de\/home-2\/"},{"@type":"ListItem","position":2,"name":"Shop","item":"https:\/\/d-identify.be\/shop-2\/"},{"@type":"ListItem","position":3,"name":"Master Lock 5441EUREC Bluetooth\u00ae Wandmontierte Schl\u00fcsselsafe"}]},{"@type":"WebSite","@id":"https:\/\/d-identify.be\/de\/#website","url":"https:\/\/d-identify.be\/de\/","name":"d-identify","description":"Industrial identification - Lockout - Tagout - Floor marking","potentialAction":[{"@type":"SearchAction","target":{"@type":"EntryPoint","urlTemplate":"https:\/\/d-identify.be\/de\/?s={search_term_string}"},"query-input":{"@type":"PropertyValueSpecification","valueRequired":true,"valueName":"search_term_string"}}],"inLanguage":"de"}]}},"_links":{"self":[{"href":"https:\/\/d-identify.be\/de\/wp-json\/wp\/v2\/product\/49418","targetHints":{"allow":["GET"]}}],"collection":[{"href":"https:\/\/d-identify.be\/de\/wp-json\/wp\/v2\/product"}],"about":[{"href":"https:\/\/d-identify.be\/de\/wp-json\/wp\/v2\/types\/product"}],"replies":[{"embeddable":true,"href":"https:\/\/d-identify.be\/de\/wp-json\/wp\/v2\/comments?post=49418"}],"wp:featuredmedia":[{"embeddable":true,"href":"https:\/\/d-identify.be\/de\/wp-json\/wp\/v2\/media\/27567"}],"wp:attachment":[{"href":"https:\/\/d-identify.be\/de\/wp-json\/wp\/v2\/media?parent=49418"}],"wp:term":[{"taxonomy":"product_brand","embeddable":true,"href":"https:\/\/d-identify.be\/de\/wp-json\/wp\/v2\/product_brand?post=49418"},{"taxonomy":"product_cat","embeddable":true,"href":"https:\/\/d-identify.be\/de\/wp-json\/wp\/v2\/product_cat?post=49418"},{"taxonomy":"product_tag","embeddable":true,"href":"https:\/\/d-identify.be\/de\/wp-json\/wp\/v2\/product_tag?post=49418"},{"taxonomy":"pa_connextion-shapes","embeddable":true,"href":"https:\/\/d-identify.be\/de\/wp-json\/wp\/v2\/pa_connextion-shapes?post=49418"}],"curies":[{"name":"wp","href":"https:\/\/api.w.org\/{rel}","templated":true}]}}