{"id":49373,"date":"2021-07-26T12:38:36","date_gmt":"2021-07-26T10:38:36","guid":{"rendered":"https:\/\/d-identify.be\/product\/a200-flaschenetikettierer\/"},"modified":"2021-07-26T12:38:36","modified_gmt":"2021-07-26T10:38:36","slug":"a200-flaschenetikettierer","status":"publish","type":"product","link":"https:\/\/d-identify.be\/de\/produkt\/a200-flaschenetikettierer\/","title":{"rendered":"A200 Flaschenetikettierer"},"content":{"rendered":"<div>\n<h2>Einfach und gleichm\u00e4\u00dfig Etiketten auf zylindrische Objekte aufbringen.<\/h2>\n<p>Der A200 ist eine halbautomatische Etikettiermaschine, die f\u00fcr das Aufbringen von Etiketten von Rollen auf Flaschen, Dosen, Gl\u00e4ser und andere Arten von zylindrischen Beh\u00e4ltern konzipiert ist. Sowohl einzelne als auch Vorder- und R\u00fcckenetiketten k\u00f6nnen angebracht werden.<br \/>\nMit einem einfachen Knopfdruck oder dem mitgelieferten Fu\u00dfpedal. Der Ultraschallsensor f\u00fcr Medien l\u00e4sst sich leicht darauf einstellen, L\u00fccken in einer breiten Palette von Materialien zu erkennen. Dies erm\u00f6glicht dem A200, auch bei d\u00fcnnen Materialien konstant zu arbeiten. Die Etiketten werden gleichm\u00e4\u00dfig, effizient und mit gleichbleibender Genauigkeit angebracht.<\/p>\n<\/div>\n<div style=\"text-align: center;\"><\/div>\n<div style=\"text-align: left;\"><\/div>\n","protected":false},"excerpt":{"rendered":"<p>Der A200 ist eine halbautomatische Etikettiermaschine, die daf\u00fcr ausgelegt ist, Etiketten von Rollen auf Flaschen, Dosen, Gl\u00e4ser und andere zylindrische Beh\u00e4lter aufzubringen. Sowohl einzelne als auch Vorder- und R\u00fcckenetiketten k\u00f6nnen mit einem einfachen Knopfdruck oder mit dem mitgelieferten Fu\u00dfpedal angebracht werden. <\/p>\n","protected":false},"featured_media":25762,"comment_status":"open","ping_status":"closed","template":"","meta":{"_acf_changed":false,"_et_pb_use_builder":"","_et_pb_old_content":"","_et_gb_content_width":""},"product_brand":[],"product_cat":[718,644],"product_tag":[865],"pa_connextion-shapes":[],"class_list":{"0":"post-49373","1":"product","2":"type-product","3":"status-publish","4":"has-post-thumbnail","6":"product_cat-etikettiergerate","7":"product_cat-inkjet-etikettendrucker","8":"product_tag-afinia-de","10":"first","11":"instock","12":"taxable","13":"shipping-taxable","14":"purchasable","15":"product-type-simple"},"exclude_global_add_ons":[],"addons":[],"acf":[],"yoast_head":"<!-- This site is optimized with the Yoast SEO Premium plugin v27.0 (Yoast SEO v27.1) - https:\/\/yoast.com\/product\/yoast-seo-premium-wordpress\/ -->\n<title>Etikettiermaschine f\u00fcr Flaschen A200 - d-identify<\/title>\n<meta name=\"description\" content=\"Der Flaschenetikettierer A200 ist eine halbautomatische Etikettiermaschine, die f\u00fcr das Aufbringen von Etiketten auf zylindrische Beh\u00e4lter konzipiert ist.\" \/>\n<meta name=\"robots\" content=\"index, follow, max-snippet:-1, max-image-preview:large, max-video-preview:-1\" \/>\n<link rel=\"canonical\" href=\"https:\/\/d-identify.be\/de\/produkt\/a200-flaschenetikettierer\/\" \/>\n<meta property=\"og:locale\" content=\"de_DE\" \/>\n<meta property=\"og:type\" content=\"article\" \/>\n<meta property=\"og:title\" content=\"A200 Flaschenetikettierer\" \/>\n<meta property=\"og:description\" content=\"Der Flaschenetikettierer A200 ist eine halbautomatische Etikettiermaschine, die f\u00fcr das Aufbringen von Etiketten auf zylindrische Beh\u00e4lter konzipiert ist.\" \/>\n<meta property=\"og:url\" content=\"https:\/\/d-identify.be\/de\/produkt\/a200-flaschenetikettierer\/\" \/>\n<meta property=\"og:site_name\" content=\"d-identify\" \/>\n<meta property=\"og:image\" content=\"https:\/\/d-identify.be\/wp-content\/uploads\/2021\/07\/A200-3bottles-1000px.webp\" \/>\n\t<meta property=\"og:image:width\" content=\"1000\" \/>\n\t<meta property=\"og:image:height\" content=\"751\" \/>\n\t<meta property=\"og:image:type\" content=\"image\/webp\" \/>\n<meta name=\"twitter:card\" content=\"summary_large_image\" \/>\n<meta name=\"twitter:label1\" content=\"Gesch\u00e4tzte Lesezeit\" \/>\n\t<meta name=\"twitter:data1\" content=\"1\u00a0Minute\" \/>\n<script type=\"application\/ld+json\" class=\"yoast-schema-graph\">{\"@context\":\"https:\/\/schema.org\",\"@graph\":[{\"@type\":\"WebPage\",\"@id\":\"https:\/\/d-identify.be\/de\/produkt\/a200-flaschenetikettierer\/\",\"url\":\"https:\/\/d-identify.be\/de\/produkt\/a200-flaschenetikettierer\/\",\"name\":\"Etikettiermaschine f\u00fcr Flaschen A200 - d-identify\",\"isPartOf\":{\"@id\":\"https:\/\/d-identify.be\/de\/#website\"},\"primaryImageOfPage\":{\"@id\":\"https:\/\/d-identify.be\/de\/produkt\/a200-flaschenetikettierer\/#primaryimage\"},\"image\":{\"@id\":\"https:\/\/d-identify.be\/de\/produkt\/a200-flaschenetikettierer\/#primaryimage\"},\"thumbnailUrl\":\"https:\/\/d-identify.be\/wp-content\/uploads\/2021\/07\/A200-3bottles-1000px.webp\",\"datePublished\":\"2021-07-26T10:38:36+00:00\",\"description\":\"Der Flaschenetikettierer A200 ist eine halbautomatische Etikettiermaschine, die f\u00fcr das Aufbringen von Etiketten auf zylindrische Beh\u00e4lter konzipiert ist.\",\"breadcrumb\":{\"@id\":\"https:\/\/d-identify.be\/de\/produkt\/a200-flaschenetikettierer\/#breadcrumb\"},\"inLanguage\":\"de\",\"potentialAction\":[{\"@type\":\"ReadAction\",\"target\":[\"https:\/\/d-identify.be\/de\/produkt\/a200-flaschenetikettierer\/\"]}]},{\"@type\":\"ImageObject\",\"inLanguage\":\"de\",\"@id\":\"https:\/\/d-identify.be\/de\/produkt\/a200-flaschenetikettierer\/#primaryimage\",\"url\":\"https:\/\/d-identify.be\/wp-content\/uploads\/2021\/07\/A200-3bottles-1000px.webp\",\"contentUrl\":\"https:\/\/d-identify.be\/wp-content\/uploads\/2021\/07\/A200-3bottles-1000px.webp\",\"width\":1000,\"height\":751,\"caption\":\"Flaschenetikettierer\"},{\"@type\":\"BreadcrumbList\",\"@id\":\"https:\/\/d-identify.be\/de\/produkt\/a200-flaschenetikettierer\/#breadcrumb\",\"itemListElement\":[{\"@type\":\"ListItem\",\"position\":1,\"name\":\"Home\",\"item\":\"https:\/\/d-identify.be\/de\/home-2\/\"},{\"@type\":\"ListItem\",\"position\":2,\"name\":\"Shop\",\"item\":\"https:\/\/d-identify.be\/shop-2\/\"},{\"@type\":\"ListItem\",\"position\":3,\"name\":\"A200 Flaschenetikettierer\"}]},{\"@type\":\"WebSite\",\"@id\":\"https:\/\/d-identify.be\/de\/#website\",\"url\":\"https:\/\/d-identify.be\/de\/\",\"name\":\"d-identify\",\"description\":\"Industrial identification - Lockout - Tagout - Floor marking\",\"potentialAction\":[{\"@type\":\"SearchAction\",\"target\":{\"@type\":\"EntryPoint\",\"urlTemplate\":\"https:\/\/d-identify.be\/de\/?s={search_term_string}\"},\"query-input\":{\"@type\":\"PropertyValueSpecification\",\"valueRequired\":true,\"valueName\":\"search_term_string\"}}],\"inLanguage\":\"de\"}]}<\/script>\n<!-- \/ Yoast SEO Premium plugin. -->","yoast_head_json":{"title":"Etikettiermaschine f\u00fcr Flaschen A200 - d-identify","description":"Der Flaschenetikettierer A200 ist eine halbautomatische Etikettiermaschine, die f\u00fcr das Aufbringen von Etiketten auf zylindrische Beh\u00e4lter konzipiert ist.","robots":{"index":"index","follow":"follow","max-snippet":"max-snippet:-1","max-image-preview":"max-image-preview:large","max-video-preview":"max-video-preview:-1"},"canonical":"https:\/\/d-identify.be\/de\/produkt\/a200-flaschenetikettierer\/","og_locale":"de_DE","og_type":"article","og_title":"A200 Flaschenetikettierer","og_description":"Der Flaschenetikettierer A200 ist eine halbautomatische Etikettiermaschine, die f\u00fcr das Aufbringen von Etiketten auf zylindrische Beh\u00e4lter konzipiert ist.","og_url":"https:\/\/d-identify.be\/de\/produkt\/a200-flaschenetikettierer\/","og_site_name":"d-identify","og_image":[{"width":1000,"height":751,"url":"https:\/\/d-identify.be\/wp-content\/uploads\/2021\/07\/A200-3bottles-1000px.webp","type":"image\/webp"}],"twitter_card":"summary_large_image","twitter_misc":{"Gesch\u00e4tzte Lesezeit":"1\u00a0Minute"},"schema":{"@context":"https:\/\/schema.org","@graph":[{"@type":"WebPage","@id":"https:\/\/d-identify.be\/de\/produkt\/a200-flaschenetikettierer\/","url":"https:\/\/d-identify.be\/de\/produkt\/a200-flaschenetikettierer\/","name":"Etikettiermaschine f\u00fcr Flaschen A200 - d-identify","isPartOf":{"@id":"https:\/\/d-identify.be\/de\/#website"},"primaryImageOfPage":{"@id":"https:\/\/d-identify.be\/de\/produkt\/a200-flaschenetikettierer\/#primaryimage"},"image":{"@id":"https:\/\/d-identify.be\/de\/produkt\/a200-flaschenetikettierer\/#primaryimage"},"thumbnailUrl":"https:\/\/d-identify.be\/wp-content\/uploads\/2021\/07\/A200-3bottles-1000px.webp","datePublished":"2021-07-26T10:38:36+00:00","description":"Der Flaschenetikettierer A200 ist eine halbautomatische Etikettiermaschine, die f\u00fcr das Aufbringen von Etiketten auf zylindrische Beh\u00e4lter konzipiert ist.","breadcrumb":{"@id":"https:\/\/d-identify.be\/de\/produkt\/a200-flaschenetikettierer\/#breadcrumb"},"inLanguage":"de","potentialAction":[{"@type":"ReadAction","target":["https:\/\/d-identify.be\/de\/produkt\/a200-flaschenetikettierer\/"]}]},{"@type":"ImageObject","inLanguage":"de","@id":"https:\/\/d-identify.be\/de\/produkt\/a200-flaschenetikettierer\/#primaryimage","url":"https:\/\/d-identify.be\/wp-content\/uploads\/2021\/07\/A200-3bottles-1000px.webp","contentUrl":"https:\/\/d-identify.be\/wp-content\/uploads\/2021\/07\/A200-3bottles-1000px.webp","width":1000,"height":751,"caption":"Flaschenetikettierer"},{"@type":"BreadcrumbList","@id":"https:\/\/d-identify.be\/de\/produkt\/a200-flaschenetikettierer\/#breadcrumb","itemListElement":[{"@type":"ListItem","position":1,"name":"Home","item":"https:\/\/d-identify.be\/de\/home-2\/"},{"@type":"ListItem","position":2,"name":"Shop","item":"https:\/\/d-identify.be\/shop-2\/"},{"@type":"ListItem","position":3,"name":"A200 Flaschenetikettierer"}]},{"@type":"WebSite","@id":"https:\/\/d-identify.be\/de\/#website","url":"https:\/\/d-identify.be\/de\/","name":"d-identify","description":"Industrial identification - Lockout - Tagout - Floor marking","potentialAction":[{"@type":"SearchAction","target":{"@type":"EntryPoint","urlTemplate":"https:\/\/d-identify.be\/de\/?s={search_term_string}"},"query-input":{"@type":"PropertyValueSpecification","valueRequired":true,"valueName":"search_term_string"}}],"inLanguage":"de"}]}},"_links":{"self":[{"href":"https:\/\/d-identify.be\/de\/wp-json\/wp\/v2\/product\/49373","targetHints":{"allow":["GET"]}}],"collection":[{"href":"https:\/\/d-identify.be\/de\/wp-json\/wp\/v2\/product"}],"about":[{"href":"https:\/\/d-identify.be\/de\/wp-json\/wp\/v2\/types\/product"}],"replies":[{"embeddable":true,"href":"https:\/\/d-identify.be\/de\/wp-json\/wp\/v2\/comments?post=49373"}],"wp:featuredmedia":[{"embeddable":true,"href":"https:\/\/d-identify.be\/de\/wp-json\/wp\/v2\/media\/25762"}],"wp:attachment":[{"href":"https:\/\/d-identify.be\/de\/wp-json\/wp\/v2\/media?parent=49373"}],"wp:term":[{"taxonomy":"product_brand","embeddable":true,"href":"https:\/\/d-identify.be\/de\/wp-json\/wp\/v2\/product_brand?post=49373"},{"taxonomy":"product_cat","embeddable":true,"href":"https:\/\/d-identify.be\/de\/wp-json\/wp\/v2\/product_cat?post=49373"},{"taxonomy":"product_tag","embeddable":true,"href":"https:\/\/d-identify.be\/de\/wp-json\/wp\/v2\/product_tag?post=49373"},{"taxonomy":"pa_connextion-shapes","embeddable":true,"href":"https:\/\/d-identify.be\/de\/wp-json\/wp\/v2\/pa_connextion-shapes?post=49373"}],"curies":[{"name":"wp","href":"https:\/\/api.w.org\/{rel}","templated":true}]}}