{"id":49328,"date":"2021-07-26T12:41:58","date_gmt":"2021-07-26T10:41:58","guid":{"rendered":"https:\/\/d-identify.be\/product\/tze-tapes-12mm\/"},"modified":"2021-07-26T12:41:58","modified_gmt":"2021-07-26T10:41:58","slug":"tze-tapes-12mm","status":"publish","type":"product","link":"https:\/\/d-identify.be\/de\/produkt\/tze-tapes-12mm\/","title":{"rendered":"TZE TAPES 12mm"},"content":{"rendered":"<p>Diese selbstklebenden laminierten Etiketten wurden entwickelt, um extremen Temperaturen standzuhalten. Sie sind best\u00e4ndig gegen Chemikalien, Abrieb, Sonnenlicht und Eintauchen in Wasser. Dies macht sie sowohl f\u00fcr den Innen- als auch f\u00fcr den Au\u00dfenbereich geeignet.  <\/p>\n<p>TZe-Bandkassetten sind schnell und einfach zu installieren und sind in verschiedenen Bandbreiten, Farben und Materialien erh\u00e4ltlich, sodass Ihre P-touch-Maschine all Ihre Beschriftungsanforderungen erf\u00fcllt<\/p>\n","protected":false},"excerpt":{"rendered":"<p>Diese selbstklebenden laminierten Etiketten wurden entwickelt, um extremen Temperaturen standzuhalten. Sie sind best\u00e4ndig gegen Chemikalien, Abrieb, Sonnenlicht und Eintauchen in Wasser. Dies macht sie sowohl f\u00fcr den Innen- als auch f\u00fcr den Au\u00dfenbereich geeignet.  <\/p>\n","protected":false},"featured_media":26478,"comment_status":"open","ping_status":"closed","template":"","meta":{"_acf_changed":false,"_et_pb_use_builder":"","_et_pb_old_content":"","_et_gb_content_width":""},"product_brand":[],"product_cat":[747],"product_tag":[921],"pa_connextion-shapes":[],"class_list":{"0":"post-49328","1":"product","2":"type-product","3":"status-publish","4":"has-post-thumbnail","6":"product_cat-p-touch-e550w","7":"product_tag-brother-de","9":"first","10":"instock","11":"taxable","12":"shipping-taxable","13":"purchasable","14":"product-type-variable","15":"has-default-attributes"},"exclude_global_add_ons":[],"addons":[],"acf":[],"yoast_head":"<!-- This site is optimized with the Yoast SEO Premium plugin v27.0 (Yoast SEO v27.1) - https:\/\/yoast.com\/product\/yoast-seo-premium-wordpress\/ -->\n<title>TZE TAPES 12mm - d-identify<\/title>\n<meta name=\"description\" content=\"Diese selbstklebenden laminierten Etiketten wurden entwickelt, um extremen Temperaturen standzuhalten. Sie sind best\u00e4ndig gegen Chemikalien, Abrieb, Sonnenlicht, ...\" \/>\n<meta name=\"robots\" content=\"index, follow, max-snippet:-1, max-image-preview:large, max-video-preview:-1\" \/>\n<link rel=\"canonical\" href=\"https:\/\/d-identify.be\/de\/produkt\/tze-tapes-12mm\/\" \/>\n<meta property=\"og:locale\" content=\"de_DE\" \/>\n<meta property=\"og:type\" content=\"article\" \/>\n<meta property=\"og:title\" content=\"TZE TAPES 12mm\" \/>\n<meta property=\"og:description\" content=\"Diese selbstklebenden laminierten Etiketten wurden entwickelt, um extremen Temperaturen standzuhalten. Sie sind best\u00e4ndig gegen Chemikalien, Abrieb, Sonnenlicht, ...\" \/>\n<meta property=\"og:url\" content=\"https:\/\/d-identify.be\/de\/produkt\/tze-tapes-12mm\/\" \/>\n<meta property=\"og:site_name\" content=\"d-identify\" \/>\n<meta property=\"og:image\" content=\"https:\/\/d-identify.be\/wp-content\/uploads\/2021\/07\/TZe131S_1.png\" \/>\n\t<meta property=\"og:image:width\" content=\"960\" \/>\n\t<meta property=\"og:image:height\" content=\"960\" \/>\n\t<meta property=\"og:image:type\" content=\"image\/png\" \/>\n<meta name=\"twitter:card\" content=\"summary_large_image\" \/>\n<script type=\"application\/ld+json\" class=\"yoast-schema-graph\">{\"@context\":\"https:\/\/schema.org\",\"@graph\":[{\"@type\":\"WebPage\",\"@id\":\"https:\/\/d-identify.be\/de\/produkt\/tze-tapes-12mm\/\",\"url\":\"https:\/\/d-identify.be\/de\/produkt\/tze-tapes-12mm\/\",\"name\":\"TZE TAPES 12mm - d-identify\",\"isPartOf\":{\"@id\":\"https:\/\/d-identify.be\/de\/#website\"},\"primaryImageOfPage\":{\"@id\":\"https:\/\/d-identify.be\/de\/produkt\/tze-tapes-12mm\/#primaryimage\"},\"image\":{\"@id\":\"https:\/\/d-identify.be\/de\/produkt\/tze-tapes-12mm\/#primaryimage\"},\"thumbnailUrl\":\"https:\/\/d-identify.be\/wp-content\/uploads\/2021\/07\/TZe131S_1.png\",\"datePublished\":\"2021-07-26T10:41:58+00:00\",\"description\":\"Diese selbstklebenden laminierten Etiketten wurden entwickelt, um extremen Temperaturen standzuhalten. Sie sind best\u00e4ndig gegen Chemikalien, Abrieb, Sonnenlicht, ...\",\"breadcrumb\":{\"@id\":\"https:\/\/d-identify.be\/de\/produkt\/tze-tapes-12mm\/#breadcrumb\"},\"inLanguage\":\"de\",\"potentialAction\":[{\"@type\":\"ReadAction\",\"target\":[\"https:\/\/d-identify.be\/de\/produkt\/tze-tapes-12mm\/\"]}]},{\"@type\":\"ImageObject\",\"inLanguage\":\"de\",\"@id\":\"https:\/\/d-identify.be\/de\/produkt\/tze-tapes-12mm\/#primaryimage\",\"url\":\"https:\/\/d-identify.be\/wp-content\/uploads\/2021\/07\/TZe131S_1.png\",\"contentUrl\":\"https:\/\/d-identify.be\/wp-content\/uploads\/2021\/07\/TZe131S_1.png\",\"width\":960,\"height\":960,\"caption\":\"TZE TAPES 12mm\"},{\"@type\":\"BreadcrumbList\",\"@id\":\"https:\/\/d-identify.be\/de\/produkt\/tze-tapes-12mm\/#breadcrumb\",\"itemListElement\":[{\"@type\":\"ListItem\",\"position\":1,\"name\":\"Home\",\"item\":\"https:\/\/d-identify.be\/de\/home-2\/\"},{\"@type\":\"ListItem\",\"position\":2,\"name\":\"Shop\",\"item\":\"https:\/\/d-identify.be\/shop-2\/\"},{\"@type\":\"ListItem\",\"position\":3,\"name\":\"TZE TAPES 12mm\"}]},{\"@type\":\"WebSite\",\"@id\":\"https:\/\/d-identify.be\/de\/#website\",\"url\":\"https:\/\/d-identify.be\/de\/\",\"name\":\"d-identify\",\"description\":\"Industrial identification - Lockout - Tagout - Floor marking\",\"potentialAction\":[{\"@type\":\"SearchAction\",\"target\":{\"@type\":\"EntryPoint\",\"urlTemplate\":\"https:\/\/d-identify.be\/de\/?s={search_term_string}\"},\"query-input\":{\"@type\":\"PropertyValueSpecification\",\"valueRequired\":true,\"valueName\":\"search_term_string\"}}],\"inLanguage\":\"de\"}]}<\/script>\n<!-- \/ Yoast SEO Premium plugin. -->","yoast_head_json":{"title":"TZE TAPES 12mm - d-identify","description":"Diese selbstklebenden laminierten Etiketten wurden entwickelt, um extremen Temperaturen standzuhalten. Sie sind best\u00e4ndig gegen Chemikalien, Abrieb, Sonnenlicht, ...","robots":{"index":"index","follow":"follow","max-snippet":"max-snippet:-1","max-image-preview":"max-image-preview:large","max-video-preview":"max-video-preview:-1"},"canonical":"https:\/\/d-identify.be\/de\/produkt\/tze-tapes-12mm\/","og_locale":"de_DE","og_type":"article","og_title":"TZE TAPES 12mm","og_description":"Diese selbstklebenden laminierten Etiketten wurden entwickelt, um extremen Temperaturen standzuhalten. Sie sind best\u00e4ndig gegen Chemikalien, Abrieb, Sonnenlicht, ...","og_url":"https:\/\/d-identify.be\/de\/produkt\/tze-tapes-12mm\/","og_site_name":"d-identify","og_image":[{"width":960,"height":960,"url":"https:\/\/d-identify.be\/wp-content\/uploads\/2021\/07\/TZe131S_1.png","type":"image\/png"}],"twitter_card":"summary_large_image","schema":{"@context":"https:\/\/schema.org","@graph":[{"@type":"WebPage","@id":"https:\/\/d-identify.be\/de\/produkt\/tze-tapes-12mm\/","url":"https:\/\/d-identify.be\/de\/produkt\/tze-tapes-12mm\/","name":"TZE TAPES 12mm - d-identify","isPartOf":{"@id":"https:\/\/d-identify.be\/de\/#website"},"primaryImageOfPage":{"@id":"https:\/\/d-identify.be\/de\/produkt\/tze-tapes-12mm\/#primaryimage"},"image":{"@id":"https:\/\/d-identify.be\/de\/produkt\/tze-tapes-12mm\/#primaryimage"},"thumbnailUrl":"https:\/\/d-identify.be\/wp-content\/uploads\/2021\/07\/TZe131S_1.png","datePublished":"2021-07-26T10:41:58+00:00","description":"Diese selbstklebenden laminierten Etiketten wurden entwickelt, um extremen Temperaturen standzuhalten. Sie sind best\u00e4ndig gegen Chemikalien, Abrieb, Sonnenlicht, ...","breadcrumb":{"@id":"https:\/\/d-identify.be\/de\/produkt\/tze-tapes-12mm\/#breadcrumb"},"inLanguage":"de","potentialAction":[{"@type":"ReadAction","target":["https:\/\/d-identify.be\/de\/produkt\/tze-tapes-12mm\/"]}]},{"@type":"ImageObject","inLanguage":"de","@id":"https:\/\/d-identify.be\/de\/produkt\/tze-tapes-12mm\/#primaryimage","url":"https:\/\/d-identify.be\/wp-content\/uploads\/2021\/07\/TZe131S_1.png","contentUrl":"https:\/\/d-identify.be\/wp-content\/uploads\/2021\/07\/TZe131S_1.png","width":960,"height":960,"caption":"TZE TAPES 12mm"},{"@type":"BreadcrumbList","@id":"https:\/\/d-identify.be\/de\/produkt\/tze-tapes-12mm\/#breadcrumb","itemListElement":[{"@type":"ListItem","position":1,"name":"Home","item":"https:\/\/d-identify.be\/de\/home-2\/"},{"@type":"ListItem","position":2,"name":"Shop","item":"https:\/\/d-identify.be\/shop-2\/"},{"@type":"ListItem","position":3,"name":"TZE TAPES 12mm"}]},{"@type":"WebSite","@id":"https:\/\/d-identify.be\/de\/#website","url":"https:\/\/d-identify.be\/de\/","name":"d-identify","description":"Industrial identification - Lockout - Tagout - Floor marking","potentialAction":[{"@type":"SearchAction","target":{"@type":"EntryPoint","urlTemplate":"https:\/\/d-identify.be\/de\/?s={search_term_string}"},"query-input":{"@type":"PropertyValueSpecification","valueRequired":true,"valueName":"search_term_string"}}],"inLanguage":"de"}]}},"_links":{"self":[{"href":"https:\/\/d-identify.be\/de\/wp-json\/wp\/v2\/product\/49328","targetHints":{"allow":["GET"]}}],"collection":[{"href":"https:\/\/d-identify.be\/de\/wp-json\/wp\/v2\/product"}],"about":[{"href":"https:\/\/d-identify.be\/de\/wp-json\/wp\/v2\/types\/product"}],"replies":[{"embeddable":true,"href":"https:\/\/d-identify.be\/de\/wp-json\/wp\/v2\/comments?post=49328"}],"wp:featuredmedia":[{"embeddable":true,"href":"https:\/\/d-identify.be\/de\/wp-json\/wp\/v2\/media\/26478"}],"wp:attachment":[{"href":"https:\/\/d-identify.be\/de\/wp-json\/wp\/v2\/media?parent=49328"}],"wp:term":[{"taxonomy":"product_brand","embeddable":true,"href":"https:\/\/d-identify.be\/de\/wp-json\/wp\/v2\/product_brand?post=49328"},{"taxonomy":"product_cat","embeddable":true,"href":"https:\/\/d-identify.be\/de\/wp-json\/wp\/v2\/product_cat?post=49328"},{"taxonomy":"product_tag","embeddable":true,"href":"https:\/\/d-identify.be\/de\/wp-json\/wp\/v2\/product_tag?post=49328"},{"taxonomy":"pa_connextion-shapes","embeddable":true,"href":"https:\/\/d-identify.be\/de\/wp-json\/wp\/v2\/pa_connextion-shapes?post=49328"}],"curies":[{"name":"wp","href":"https:\/\/api.w.org\/{rel}","templated":true}]}}