{"id":49203,"date":"2021-07-26T12:42:02","date_gmt":"2021-07-26T10:42:02","guid":{"rendered":"https:\/\/d-identify.be\/product\/tze-fx-flexible-tapes-cable-identification\/"},"modified":"2021-07-26T12:42:02","modified_gmt":"2021-07-26T10:42:02","slug":"tze-fx-flexible-tapes-cable-identification","status":"publish","type":"product","link":"https:\/\/d-identify.be\/de\/produkt\/tze-fx-flexible-tapes-cable-identification\/","title":{"rendered":"TZE-FX Flexible TAPES (Cable Identification)"},"content":{"rendered":"<p>Dieses flexible-ID-Beschriftungsband verf\u00fcgt \u00fcber einen speziellen Klebstoff, der es ideal f\u00fcr die Kennzeichnung von Fasern und Kabeln macht. Das Band kann bei Bedarf mehrfach um die Oberfl\u00e4che gewickelt werden. Die klare Schwarz-auf-Gelb-Farbe stellt sicher, dass die Beschriftungen unter allen Bedingungen gut lesbar sind.  <\/p>\n","protected":false},"excerpt":{"rendered":"<p>Dieses flexible-ID-Beschriftungsband verf\u00fcgt \u00fcber einen speziellen Klebstoff, der es ideal f\u00fcr die Kennzeichnung von Fasern und Kabeln macht. Das Band kann bei Bedarf mehrfach um die Oberfl\u00e4che gewickelt werden, w\u00e4hrend die klare Schwarz-auf-Gelb-Farbe sicherstellt, dass die Beschriftung unter allen Bedingungen gut lesbar ist.<\/p>\n","protected":false},"featured_media":26406,"comment_status":"open","ping_status":"closed","template":"","meta":{"_acf_changed":false,"_et_pb_use_builder":"","_et_pb_old_content":"","_et_gb_content_width":""},"product_brand":[],"product_cat":[747],"product_tag":[921],"pa_connextion-shapes":[],"class_list":{"0":"post-49203","1":"product","2":"type-product","3":"status-publish","4":"has-post-thumbnail","6":"product_cat-p-touch-e550w","7":"product_tag-brother-de","9":"first","10":"onbackorder","11":"taxable","12":"shipping-taxable","13":"purchasable","14":"product-type-variable","15":"has-default-attributes"},"exclude_global_add_ons":[],"addons":[],"acf":[],"yoast_head":"<!-- This site is optimized with the Yoast SEO Premium plugin v27.0 (Yoast SEO v27.1) - https:\/\/yoast.com\/product\/yoast-seo-premium-wordpress\/ -->\n<title>TZE-FX Flexible TAPES (Cable Identification) - d-identify<\/title>\n<meta name=\"description\" content=\"Dieses flexible-ID-Beschriftungsband verf\u00fcgt \u00fcber einen speziellen Klebstoff, der es ideal f\u00fcr die Kennzeichnung von Fasern und Kabeln macht \u2013 das Band kann einfach um die Oberfl\u00e4che gewickelt werden...\" \/>\n<meta name=\"robots\" content=\"index, follow, max-snippet:-1, max-image-preview:large, max-video-preview:-1\" \/>\n<link rel=\"canonical\" href=\"https:\/\/d-identify.be\/de\/produkt\/tze-fx-flexible-tapes-cable-identification\/\" \/>\n<meta property=\"og:locale\" content=\"de_DE\" \/>\n<meta property=\"og:type\" content=\"article\" \/>\n<meta property=\"og:title\" content=\"TZE-FX Flexible TAPES (Cable Identification)\" \/>\n<meta property=\"og:description\" content=\"Dieses flexible-ID-Beschriftungsband verf\u00fcgt \u00fcber einen speziellen Klebstoff, der es ideal f\u00fcr die Kennzeichnung von Fasern und Kabeln macht \u2013 das Band kann einfach um die Oberfl\u00e4che gewickelt werden...\" \/>\n<meta property=\"og:url\" content=\"https:\/\/d-identify.be\/de\/produkt\/tze-fx-flexible-tapes-cable-identification\/\" \/>\n<meta property=\"og:site_name\" content=\"d-identify\" \/>\n<meta property=\"og:image\" content=\"https:\/\/d-identify.be\/wp-content\/uploads\/2021\/07\/TZeFX211_1.png\" \/>\n\t<meta property=\"og:image:width\" content=\"956\" \/>\n\t<meta property=\"og:image:height\" content=\"956\" \/>\n\t<meta property=\"og:image:type\" content=\"image\/png\" \/>\n<meta name=\"twitter:card\" content=\"summary_large_image\" \/>\n<script type=\"application\/ld+json\" class=\"yoast-schema-graph\">{\"@context\":\"https:\/\/schema.org\",\"@graph\":[{\"@type\":\"WebPage\",\"@id\":\"https:\/\/d-identify.be\/de\/produkt\/tze-fx-flexible-tapes-cable-identification\/\",\"url\":\"https:\/\/d-identify.be\/de\/produkt\/tze-fx-flexible-tapes-cable-identification\/\",\"name\":\"TZE-FX Flexible TAPES (Cable Identification) - d-identify\",\"isPartOf\":{\"@id\":\"https:\/\/d-identify.be\/de\/#website\"},\"primaryImageOfPage\":{\"@id\":\"https:\/\/d-identify.be\/de\/produkt\/tze-fx-flexible-tapes-cable-identification\/#primaryimage\"},\"image\":{\"@id\":\"https:\/\/d-identify.be\/de\/produkt\/tze-fx-flexible-tapes-cable-identification\/#primaryimage\"},\"thumbnailUrl\":\"https:\/\/d-identify.be\/wp-content\/uploads\/2021\/07\/TZeFX211_1.png\",\"datePublished\":\"2021-07-26T10:42:02+00:00\",\"description\":\"Dieses flexible-ID-Beschriftungsband verf\u00fcgt \u00fcber einen speziellen Klebstoff, der es ideal f\u00fcr die Kennzeichnung von Fasern und Kabeln macht \u2013 das Band kann einfach um die Oberfl\u00e4che gewickelt werden...\",\"breadcrumb\":{\"@id\":\"https:\/\/d-identify.be\/de\/produkt\/tze-fx-flexible-tapes-cable-identification\/#breadcrumb\"},\"inLanguage\":\"de\",\"potentialAction\":[{\"@type\":\"ReadAction\",\"target\":[\"https:\/\/d-identify.be\/de\/produkt\/tze-fx-flexible-tapes-cable-identification\/\"]}]},{\"@type\":\"ImageObject\",\"inLanguage\":\"de\",\"@id\":\"https:\/\/d-identify.be\/de\/produkt\/tze-fx-flexible-tapes-cable-identification\/#primaryimage\",\"url\":\"https:\/\/d-identify.be\/wp-content\/uploads\/2021\/07\/TZeFX211_1.png\",\"contentUrl\":\"https:\/\/d-identify.be\/wp-content\/uploads\/2021\/07\/TZeFX211_1.png\",\"width\":956,\"height\":956,\"caption\":\"TZE-FX Flexible TAPES (Cable Identification)\"},{\"@type\":\"BreadcrumbList\",\"@id\":\"https:\/\/d-identify.be\/de\/produkt\/tze-fx-flexible-tapes-cable-identification\/#breadcrumb\",\"itemListElement\":[{\"@type\":\"ListItem\",\"position\":1,\"name\":\"Home\",\"item\":\"https:\/\/d-identify.be\/de\/home-2\/\"},{\"@type\":\"ListItem\",\"position\":2,\"name\":\"Shop\",\"item\":\"https:\/\/d-identify.be\/shop-2\/\"},{\"@type\":\"ListItem\",\"position\":3,\"name\":\"TZE-FX Flexible TAPES (Cable Identification)\"}]},{\"@type\":\"WebSite\",\"@id\":\"https:\/\/d-identify.be\/de\/#website\",\"url\":\"https:\/\/d-identify.be\/de\/\",\"name\":\"d-identify\",\"description\":\"Industrial identification - Lockout - Tagout - Floor marking\",\"potentialAction\":[{\"@type\":\"SearchAction\",\"target\":{\"@type\":\"EntryPoint\",\"urlTemplate\":\"https:\/\/d-identify.be\/de\/?s={search_term_string}\"},\"query-input\":{\"@type\":\"PropertyValueSpecification\",\"valueRequired\":true,\"valueName\":\"search_term_string\"}}],\"inLanguage\":\"de\"}]}<\/script>\n<!-- \/ Yoast SEO Premium plugin. -->","yoast_head_json":{"title":"TZE-FX Flexible TAPES (Cable Identification) - d-identify","description":"Dieses flexible-ID-Beschriftungsband verf\u00fcgt \u00fcber einen speziellen Klebstoff, der es ideal f\u00fcr die Kennzeichnung von Fasern und Kabeln macht \u2013 das Band kann einfach um die Oberfl\u00e4che gewickelt werden...","robots":{"index":"index","follow":"follow","max-snippet":"max-snippet:-1","max-image-preview":"max-image-preview:large","max-video-preview":"max-video-preview:-1"},"canonical":"https:\/\/d-identify.be\/de\/produkt\/tze-fx-flexible-tapes-cable-identification\/","og_locale":"de_DE","og_type":"article","og_title":"TZE-FX Flexible TAPES (Cable Identification)","og_description":"Dieses flexible-ID-Beschriftungsband verf\u00fcgt \u00fcber einen speziellen Klebstoff, der es ideal f\u00fcr die Kennzeichnung von Fasern und Kabeln macht \u2013 das Band kann einfach um die Oberfl\u00e4che gewickelt werden...","og_url":"https:\/\/d-identify.be\/de\/produkt\/tze-fx-flexible-tapes-cable-identification\/","og_site_name":"d-identify","og_image":[{"width":956,"height":956,"url":"https:\/\/d-identify.be\/wp-content\/uploads\/2021\/07\/TZeFX211_1.png","type":"image\/png"}],"twitter_card":"summary_large_image","schema":{"@context":"https:\/\/schema.org","@graph":[{"@type":"WebPage","@id":"https:\/\/d-identify.be\/de\/produkt\/tze-fx-flexible-tapes-cable-identification\/","url":"https:\/\/d-identify.be\/de\/produkt\/tze-fx-flexible-tapes-cable-identification\/","name":"TZE-FX Flexible TAPES (Cable Identification) - d-identify","isPartOf":{"@id":"https:\/\/d-identify.be\/de\/#website"},"primaryImageOfPage":{"@id":"https:\/\/d-identify.be\/de\/produkt\/tze-fx-flexible-tapes-cable-identification\/#primaryimage"},"image":{"@id":"https:\/\/d-identify.be\/de\/produkt\/tze-fx-flexible-tapes-cable-identification\/#primaryimage"},"thumbnailUrl":"https:\/\/d-identify.be\/wp-content\/uploads\/2021\/07\/TZeFX211_1.png","datePublished":"2021-07-26T10:42:02+00:00","description":"Dieses flexible-ID-Beschriftungsband verf\u00fcgt \u00fcber einen speziellen Klebstoff, der es ideal f\u00fcr die Kennzeichnung von Fasern und Kabeln macht \u2013 das Band kann einfach um die Oberfl\u00e4che gewickelt werden...","breadcrumb":{"@id":"https:\/\/d-identify.be\/de\/produkt\/tze-fx-flexible-tapes-cable-identification\/#breadcrumb"},"inLanguage":"de","potentialAction":[{"@type":"ReadAction","target":["https:\/\/d-identify.be\/de\/produkt\/tze-fx-flexible-tapes-cable-identification\/"]}]},{"@type":"ImageObject","inLanguage":"de","@id":"https:\/\/d-identify.be\/de\/produkt\/tze-fx-flexible-tapes-cable-identification\/#primaryimage","url":"https:\/\/d-identify.be\/wp-content\/uploads\/2021\/07\/TZeFX211_1.png","contentUrl":"https:\/\/d-identify.be\/wp-content\/uploads\/2021\/07\/TZeFX211_1.png","width":956,"height":956,"caption":"TZE-FX Flexible TAPES (Cable Identification)"},{"@type":"BreadcrumbList","@id":"https:\/\/d-identify.be\/de\/produkt\/tze-fx-flexible-tapes-cable-identification\/#breadcrumb","itemListElement":[{"@type":"ListItem","position":1,"name":"Home","item":"https:\/\/d-identify.be\/de\/home-2\/"},{"@type":"ListItem","position":2,"name":"Shop","item":"https:\/\/d-identify.be\/shop-2\/"},{"@type":"ListItem","position":3,"name":"TZE-FX Flexible TAPES (Cable Identification)"}]},{"@type":"WebSite","@id":"https:\/\/d-identify.be\/de\/#website","url":"https:\/\/d-identify.be\/de\/","name":"d-identify","description":"Industrial identification - Lockout - Tagout - Floor marking","potentialAction":[{"@type":"SearchAction","target":{"@type":"EntryPoint","urlTemplate":"https:\/\/d-identify.be\/de\/?s={search_term_string}"},"query-input":{"@type":"PropertyValueSpecification","valueRequired":true,"valueName":"search_term_string"}}],"inLanguage":"de"}]}},"_links":{"self":[{"href":"https:\/\/d-identify.be\/de\/wp-json\/wp\/v2\/product\/49203","targetHints":{"allow":["GET"]}}],"collection":[{"href":"https:\/\/d-identify.be\/de\/wp-json\/wp\/v2\/product"}],"about":[{"href":"https:\/\/d-identify.be\/de\/wp-json\/wp\/v2\/types\/product"}],"replies":[{"embeddable":true,"href":"https:\/\/d-identify.be\/de\/wp-json\/wp\/v2\/comments?post=49203"}],"wp:featuredmedia":[{"embeddable":true,"href":"https:\/\/d-identify.be\/de\/wp-json\/wp\/v2\/media\/26406"}],"wp:attachment":[{"href":"https:\/\/d-identify.be\/de\/wp-json\/wp\/v2\/media?parent=49203"}],"wp:term":[{"taxonomy":"product_brand","embeddable":true,"href":"https:\/\/d-identify.be\/de\/wp-json\/wp\/v2\/product_brand?post=49203"},{"taxonomy":"product_cat","embeddable":true,"href":"https:\/\/d-identify.be\/de\/wp-json\/wp\/v2\/product_cat?post=49203"},{"taxonomy":"product_tag","embeddable":true,"href":"https:\/\/d-identify.be\/de\/wp-json\/wp\/v2\/product_tag?post=49203"},{"taxonomy":"pa_connextion-shapes","embeddable":true,"href":"https:\/\/d-identify.be\/de\/wp-json\/wp\/v2\/pa_connextion-shapes?post=49203"}],"curies":[{"name":"wp","href":"https:\/\/api.w.org\/{rel}","templated":true}]}}