{"id":48960,"date":"2024-11-27T16:14:39","date_gmt":"2024-11-27T14:14:39","guid":{"rendered":"https:\/\/d-identify.be\/?post_type=product&#038;p=48960"},"modified":"2025-01-10T17:01:35","modified_gmt":"2025-01-10T15:01:35","slug":"kodiak-max-ghs-starter-kit-copy-2","status":"publish","type":"product","link":"https:\/\/d-identify.be\/de\/produkt\/kodiak-max-ghs-starter-kit-copy-2\/","title":{"rendered":"KodiakMax Bogenblitz-Kit."},"content":{"rendered":"<p>F\u00fcr Kodiak gibt es keine Aufgabe, die zu gro\u00df oder zu klein w\u00e4re. Dieser Gro\u00dfformat-Multicolor-Drucker macht es einfach, hochwertige Schilder aller Gr\u00f6\u00dfen in einem System zu erstellen. Drucken Sie auf 100- 254mm breites Material und L\u00e4ngen bis zu 2.4m f\u00fcr endlose M\u00f6glichkeiten. Es ist perfekt f\u00fcr GHS\/HazCom 2012 Chemieetiketten, OSHA\/ANSI-Schilder mit \u00dcberschriften und Wegweiser. Online-Preise und Sonderangebote sind nur f\u00fcr Kunden in Nordamerika verf\u00fcgbar. Z\u00f6gern Sie nicht, Ihren Kundenbetreuer oder den Kundendienst f\u00fcr internationale Preise zu kontaktieren. <\/p>\n<ul>\n<li><strong>Eigenst\u00e4ndige Workstation:<\/strong> Der Kodiak ist sofort einsatzbereit, ohne dass eine Netzwerkverbindung erforderlich ist. Entwerfen und drucken Sie Etiketten \u00fcberall dort, wo es eine Steckdose gibt. Nutzen Sie dazu die kabellose Tastatur, den 9&#8243;-Vollfarb-Touchscreen, den Stift und die integrierte Etikettensoftware. Weitere Details und Vorteile finden Sie im Flyer zum DuraLabel Kodiak.  <\/li>\n<li><strong>Zweifarbiger Druck:<\/strong> Erweitern Sie Ihren Output mit mehr als 30 Arten von ein- und mehrfarbigen Verbrauchsmaterialien f\u00fcr eine Reihe von branchenspezifischen Anforderungen und Umgebungen.<\/li>\n<li><strong>Zwei Farbbandkassetten:<\/strong> Tauschen Sie einfach die Farbbandfarben aus, um Ausfallzeiten zu verringern und Ihren Output zu erh\u00f6hen.<\/li>\n<li><strong>Leistungsstarke Software:<\/strong> Mit LabelForge PRO k\u00f6nnen Sie mithilfe von Vorlagen standardisierte Etiketten erstellen, die den gesetzlichen Anforderungen entsprechen, oder Etiketten von Grund auf anpassen.<\/li>\n<\/ul>\n<p>&nbsp;<\/p>\n","protected":false},"excerpt":{"rendered":"<p>&#8222;DuraLabel Kodiak Max Arc Flash Kit ist eine umfassende L\u00f6sung f\u00fcr die Kennzeichnung von Bogenblitzen. Dieses industrielle Kennzeichnungskit enth\u00e4lt alle notwendigen Materialien zur Erstellung von NFPA 70E\/NEC Bogenblitz-Sicherheitsetiketten, um die Einhaltung der OSHA-Standards sicherzustellen.&#8220; <\/p>\n","protected":false},"featured_media":48966,"comment_status":"open","ping_status":"closed","template":"","meta":{"_acf_changed":false,"_et_pb_use_builder":"","_et_pb_old_content":"","_et_gb_content_width":""},"product_brand":[],"product_cat":[1063],"product_tag":[930],"pa_connextion-shapes":[],"class_list":{"0":"post-48960","1":"product","2":"type-product","3":"status-publish","4":"has-post-thumbnail","6":"product_cat-duralabel-starter-kits","7":"product_tag-duralabel-de","9":"first","10":"instock","11":"sale","12":"taxable","13":"shipping-taxable","14":"purchasable","15":"product-type-woosg"},"exclude_global_add_ons":[],"addons":[],"acf":[],"yoast_head":"<!-- This site is optimized with the Yoast SEO Premium plugin v27.0 (Yoast SEO v27.1) - https:\/\/yoast.com\/product\/yoast-seo-premium-wordpress\/ -->\n<title>KodiakMax Bogenblitz-Kit. - Duralabel<\/title>\n<meta name=\"description\" content=\"KodiakMax Arc Flash Kit ist eine umfassende L\u00f6sung f\u00fcr die Bogenblitzkennzeichnung. Dieses Kennzeichnungskit enth\u00e4lt Materialien zur Erstellung von NFPA 70E\/NEC Bogenblitzkennzeichnungen.\" \/>\n<meta name=\"robots\" content=\"index, follow, max-snippet:-1, max-image-preview:large, max-video-preview:-1\" \/>\n<link rel=\"canonical\" href=\"https:\/\/d-identify.be\/de\/produkt\/kodiak-max-ghs-starter-kit-copy-2\/\" \/>\n<meta property=\"og:locale\" content=\"de_DE\" \/>\n<meta property=\"og:type\" content=\"article\" \/>\n<meta property=\"og:title\" content=\"KodiakMax Bogenblitz-Kit.\" \/>\n<meta property=\"og:description\" content=\"KodiakMax Arc Flash Kit ist eine umfassende L\u00f6sung f\u00fcr die Bogenblitzkennzeichnung. Dieses Kennzeichnungskit enth\u00e4lt Materialien zur Erstellung von NFPA 70E\/NEC Bogenblitzkennzeichnungen.\" \/>\n<meta property=\"og:url\" content=\"https:\/\/d-identify.be\/de\/produkt\/kodiak-max-ghs-starter-kit-copy-2\/\" \/>\n<meta property=\"og:site_name\" content=\"d-identify\" \/>\n<meta property=\"article:modified_time\" content=\"2025-01-10T15:01:35+00:00\" \/>\n<meta property=\"og:image\" content=\"https:\/\/d-identify.be\/wp-content\/uploads\/2024\/11\/Kodiak-Max-ARC-Flash-Starter-kit.png\" \/>\n\t<meta property=\"og:image:width\" content=\"487\" \/>\n\t<meta property=\"og:image:height\" content=\"420\" \/>\n\t<meta property=\"og:image:type\" content=\"image\/png\" \/>\n<meta name=\"twitter:card\" content=\"summary_large_image\" \/>\n<meta name=\"twitter:label1\" content=\"Gesch\u00e4tzte Lesezeit\" \/>\n\t<meta name=\"twitter:data1\" content=\"2\u00a0Minuten\" \/>\n<script type=\"application\/ld+json\" class=\"yoast-schema-graph\">{\"@context\":\"https:\/\/schema.org\",\"@graph\":[{\"@type\":\"WebPage\",\"@id\":\"https:\/\/d-identify.be\/de\/produkt\/kodiak-max-ghs-starter-kit-copy-2\/\",\"url\":\"https:\/\/d-identify.be\/de\/produkt\/kodiak-max-ghs-starter-kit-copy-2\/\",\"name\":\"KodiakMax Bogenblitz-Kit. - Duralabel\",\"isPartOf\":{\"@id\":\"https:\/\/d-identify.be\/de\/#website\"},\"primaryImageOfPage\":{\"@id\":\"https:\/\/d-identify.be\/de\/produkt\/kodiak-max-ghs-starter-kit-copy-2\/#primaryimage\"},\"image\":{\"@id\":\"https:\/\/d-identify.be\/de\/produkt\/kodiak-max-ghs-starter-kit-copy-2\/#primaryimage\"},\"thumbnailUrl\":\"https:\/\/d-identify.be\/wp-content\/uploads\/2024\/11\/Kodiak-Max-ARC-Flash-Starter-kit.png\",\"datePublished\":\"2024-11-27T14:14:39+00:00\",\"dateModified\":\"2025-01-10T15:01:35+00:00\",\"description\":\"KodiakMax Arc Flash Kit ist eine umfassende L\u00f6sung f\u00fcr die Bogenblitzkennzeichnung. Dieses Kennzeichnungskit enth\u00e4lt Materialien zur Erstellung von NFPA 70E\/NEC Bogenblitzkennzeichnungen.\",\"breadcrumb\":{\"@id\":\"https:\/\/d-identify.be\/de\/produkt\/kodiak-max-ghs-starter-kit-copy-2\/#breadcrumb\"},\"inLanguage\":\"de\",\"potentialAction\":[{\"@type\":\"ReadAction\",\"target\":[\"https:\/\/d-identify.be\/de\/produkt\/kodiak-max-ghs-starter-kit-copy-2\/\"]}]},{\"@type\":\"ImageObject\",\"inLanguage\":\"de\",\"@id\":\"https:\/\/d-identify.be\/de\/produkt\/kodiak-max-ghs-starter-kit-copy-2\/#primaryimage\",\"url\":\"https:\/\/d-identify.be\/wp-content\/uploads\/2024\/11\/Kodiak-Max-ARC-Flash-Starter-kit.png\",\"contentUrl\":\"https:\/\/d-identify.be\/wp-content\/uploads\/2024\/11\/Kodiak-Max-ARC-Flash-Starter-kit.png\",\"width\":487,\"height\":420,\"caption\":\"Kodiak Max Bogenblitz-Starterkit.\"},{\"@type\":\"BreadcrumbList\",\"@id\":\"https:\/\/d-identify.be\/de\/produkt\/kodiak-max-ghs-starter-kit-copy-2\/#breadcrumb\",\"itemListElement\":[{\"@type\":\"ListItem\",\"position\":1,\"name\":\"Home\",\"item\":\"https:\/\/d-identify.be\/de\/home-2\/\"},{\"@type\":\"ListItem\",\"position\":2,\"name\":\"Shop\",\"item\":\"https:\/\/d-identify.be\/shop-2\/\"},{\"@type\":\"ListItem\",\"position\":3,\"name\":\"KodiakMax Bogenblitz-Kit.\"}]},{\"@type\":\"WebSite\",\"@id\":\"https:\/\/d-identify.be\/de\/#website\",\"url\":\"https:\/\/d-identify.be\/de\/\",\"name\":\"d-identify\",\"description\":\"Industrial identification - Lockout - Tagout - Floor marking\",\"potentialAction\":[{\"@type\":\"SearchAction\",\"target\":{\"@type\":\"EntryPoint\",\"urlTemplate\":\"https:\/\/d-identify.be\/de\/?s={search_term_string}\"},\"query-input\":{\"@type\":\"PropertyValueSpecification\",\"valueRequired\":true,\"valueName\":\"search_term_string\"}}],\"inLanguage\":\"de\"}]}<\/script>\n<!-- \/ Yoast SEO Premium plugin. -->","yoast_head_json":{"title":"KodiakMax Bogenblitz-Kit. - Duralabel","description":"KodiakMax Arc Flash Kit ist eine umfassende L\u00f6sung f\u00fcr die Bogenblitzkennzeichnung. Dieses Kennzeichnungskit enth\u00e4lt Materialien zur Erstellung von NFPA 70E\/NEC Bogenblitzkennzeichnungen.","robots":{"index":"index","follow":"follow","max-snippet":"max-snippet:-1","max-image-preview":"max-image-preview:large","max-video-preview":"max-video-preview:-1"},"canonical":"https:\/\/d-identify.be\/de\/produkt\/kodiak-max-ghs-starter-kit-copy-2\/","og_locale":"de_DE","og_type":"article","og_title":"KodiakMax Bogenblitz-Kit.","og_description":"KodiakMax Arc Flash Kit ist eine umfassende L\u00f6sung f\u00fcr die Bogenblitzkennzeichnung. Dieses Kennzeichnungskit enth\u00e4lt Materialien zur Erstellung von NFPA 70E\/NEC Bogenblitzkennzeichnungen.","og_url":"https:\/\/d-identify.be\/de\/produkt\/kodiak-max-ghs-starter-kit-copy-2\/","og_site_name":"d-identify","article_modified_time":"2025-01-10T15:01:35+00:00","og_image":[{"width":487,"height":420,"url":"https:\/\/d-identify.be\/wp-content\/uploads\/2024\/11\/Kodiak-Max-ARC-Flash-Starter-kit.png","type":"image\/png"}],"twitter_card":"summary_large_image","twitter_misc":{"Gesch\u00e4tzte Lesezeit":"2\u00a0Minuten"},"schema":{"@context":"https:\/\/schema.org","@graph":[{"@type":"WebPage","@id":"https:\/\/d-identify.be\/de\/produkt\/kodiak-max-ghs-starter-kit-copy-2\/","url":"https:\/\/d-identify.be\/de\/produkt\/kodiak-max-ghs-starter-kit-copy-2\/","name":"KodiakMax Bogenblitz-Kit. - Duralabel","isPartOf":{"@id":"https:\/\/d-identify.be\/de\/#website"},"primaryImageOfPage":{"@id":"https:\/\/d-identify.be\/de\/produkt\/kodiak-max-ghs-starter-kit-copy-2\/#primaryimage"},"image":{"@id":"https:\/\/d-identify.be\/de\/produkt\/kodiak-max-ghs-starter-kit-copy-2\/#primaryimage"},"thumbnailUrl":"https:\/\/d-identify.be\/wp-content\/uploads\/2024\/11\/Kodiak-Max-ARC-Flash-Starter-kit.png","datePublished":"2024-11-27T14:14:39+00:00","dateModified":"2025-01-10T15:01:35+00:00","description":"KodiakMax Arc Flash Kit ist eine umfassende L\u00f6sung f\u00fcr die Bogenblitzkennzeichnung. Dieses Kennzeichnungskit enth\u00e4lt Materialien zur Erstellung von NFPA 70E\/NEC Bogenblitzkennzeichnungen.","breadcrumb":{"@id":"https:\/\/d-identify.be\/de\/produkt\/kodiak-max-ghs-starter-kit-copy-2\/#breadcrumb"},"inLanguage":"de","potentialAction":[{"@type":"ReadAction","target":["https:\/\/d-identify.be\/de\/produkt\/kodiak-max-ghs-starter-kit-copy-2\/"]}]},{"@type":"ImageObject","inLanguage":"de","@id":"https:\/\/d-identify.be\/de\/produkt\/kodiak-max-ghs-starter-kit-copy-2\/#primaryimage","url":"https:\/\/d-identify.be\/wp-content\/uploads\/2024\/11\/Kodiak-Max-ARC-Flash-Starter-kit.png","contentUrl":"https:\/\/d-identify.be\/wp-content\/uploads\/2024\/11\/Kodiak-Max-ARC-Flash-Starter-kit.png","width":487,"height":420,"caption":"Kodiak Max Bogenblitz-Starterkit."},{"@type":"BreadcrumbList","@id":"https:\/\/d-identify.be\/de\/produkt\/kodiak-max-ghs-starter-kit-copy-2\/#breadcrumb","itemListElement":[{"@type":"ListItem","position":1,"name":"Home","item":"https:\/\/d-identify.be\/de\/home-2\/"},{"@type":"ListItem","position":2,"name":"Shop","item":"https:\/\/d-identify.be\/shop-2\/"},{"@type":"ListItem","position":3,"name":"KodiakMax Bogenblitz-Kit."}]},{"@type":"WebSite","@id":"https:\/\/d-identify.be\/de\/#website","url":"https:\/\/d-identify.be\/de\/","name":"d-identify","description":"Industrial identification - Lockout - Tagout - Floor marking","potentialAction":[{"@type":"SearchAction","target":{"@type":"EntryPoint","urlTemplate":"https:\/\/d-identify.be\/de\/?s={search_term_string}"},"query-input":{"@type":"PropertyValueSpecification","valueRequired":true,"valueName":"search_term_string"}}],"inLanguage":"de"}]}},"_links":{"self":[{"href":"https:\/\/d-identify.be\/de\/wp-json\/wp\/v2\/product\/48960","targetHints":{"allow":["GET"]}}],"collection":[{"href":"https:\/\/d-identify.be\/de\/wp-json\/wp\/v2\/product"}],"about":[{"href":"https:\/\/d-identify.be\/de\/wp-json\/wp\/v2\/types\/product"}],"replies":[{"embeddable":true,"href":"https:\/\/d-identify.be\/de\/wp-json\/wp\/v2\/comments?post=48960"}],"wp:featuredmedia":[{"embeddable":true,"href":"https:\/\/d-identify.be\/de\/wp-json\/wp\/v2\/media\/48966"}],"wp:attachment":[{"href":"https:\/\/d-identify.be\/de\/wp-json\/wp\/v2\/media?parent=48960"}],"wp:term":[{"taxonomy":"product_brand","embeddable":true,"href":"https:\/\/d-identify.be\/de\/wp-json\/wp\/v2\/product_brand?post=48960"},{"taxonomy":"product_cat","embeddable":true,"href":"https:\/\/d-identify.be\/de\/wp-json\/wp\/v2\/product_cat?post=48960"},{"taxonomy":"product_tag","embeddable":true,"href":"https:\/\/d-identify.be\/de\/wp-json\/wp\/v2\/product_tag?post=48960"},{"taxonomy":"pa_connextion-shapes","embeddable":true,"href":"https:\/\/d-identify.be\/de\/wp-json\/wp\/v2\/pa_connextion-shapes?post=48960"}],"curies":[{"name":"wp","href":"https:\/\/api.w.org\/{rel}","templated":true}]}}