{"id":43540,"date":"2021-07-26T12:38:56","date_gmt":"2021-07-26T11:38:56","guid":{"rendered":"https:\/\/d-identify.be\/product\/loftware-designer-pro\/"},"modified":"2021-07-26T12:38:56","modified_gmt":"2021-07-26T10:38:56","slug":"loftware-designer-pro","status":"publish","type":"product","link":"https:\/\/d-identify.be\/de\/produkt\/loftware-designer-pro\/","title":{"rendered":"Loftware Designer Pro"},"content":{"rendered":"<h2>Loftware Designer Pro f\u00fcr wachsende Unternehmen<\/h2>\n<p> W\u00e4hrend das Basisabonnement bis zu 3 Drucker unterst\u00fctzt, ist Loftware NiceLabel Designer Pro skalierbar und erm\u00f6glicht es Ihnen, weitere Drucker hinzuzuf\u00fcgen, wenn Ihr Unternehmen w\u00e4chst. Mit zus\u00e4tzlichen Printer-Add-Ons k\u00f6nnen Sie Ihr Abonnement erweitern, um bis zu 10 Drucker zu unterst\u00fctzen, was Ihnen die Flexibilit\u00e4t gibt, Ihre Etikettendruckprozesse nach Bedarf zu skalieren.  <\/p>\n<h2>Kostenlose Upgrades und Support<\/h2>\n<p> Dieses Jahresabonnement stellt sicher, dass Sie stets Zugriff auf die neuesten Funktionen und technischen Support haben. Kostenlose Upgrades halten Ihre Software auf dem neuesten Stand der Industriestandards, und fachkundige Unterst\u00fctzung ist nur einen Anruf entfernt, wann immer Sie Hilfe ben\u00f6tigen, um sicherzustellen, dass Ihr Etikettendruck das ganze Jahr \u00fcber reibungslos l\u00e4uft.  &nbsp;<\/p>\n","protected":false},"excerpt":{"rendered":"<p>Das j\u00e4hrliche Abonnement von <strong>Loftware NiceLabel Designer Pro<\/strong> bietet eine All-in-One-L\u00f6sung f\u00fcr professionelles Etikettendesign und -druck. Mit Unterst\u00fctzung f\u00fcr bis zu 3 Drucker ist diese Software ideal f\u00fcr kleine bis mittelgro\u00dfe Unternehmen, die effizient hochwertige Etiketten erstellen m\u00fcssen. Sie umfasst fortschrittliche Funktionen wie die Erstellung von Barcode- und RFID-Etiketten, Datenbankanbindung und die Verarbeitung variabler Daten, alles in einer intuitiven Designoberfl\u00e4che. Dieses Jahresabonnement stellt sicher, dass Sie immer die neuesten Software-Updates erhalten und vollen technischen Support genie\u00dfen, um eine gleichbleibende Produktivit\u00e4t und Einhaltung der Vorschriften zu gew\u00e4hrleisten.    <a href=\"https:\/\/d-identify.be\/product\/cloud-based-label-design-software\/\"><a href=\"https:\/\/d-identify.be\/product\/cloud-based-label-design-software\/\">Sind Sie an dem Loftware Cloud Designer interessiert?<\/a> <\/a><\/p>\n<p>&nbsp;<\/p>\n","protected":false},"featured_media":40150,"comment_status":"open","ping_status":"closed","template":"","meta":{"_acf_changed":false,"_et_pb_use_builder":"","_et_pb_old_content":"","_et_gb_content_width":""},"product_brand":[],"product_cat":[737],"product_tag":[972],"pa_connextion-shapes":[],"class_list":{"0":"post-43540","1":"product","2":"type-product","3":"status-publish","4":"has-post-thumbnail","6":"product_cat-etikettensoftware","7":"product_tag-nicelabel-de","9":"first","10":"instock","11":"virtual","12":"taxable","13":"purchasable","14":"product-type-simple"},"exclude_global_add_ons":false,"addons":[{"name":"Printer Add-On - NSDPAX001M","type":"multiple_choice","position":0,"required":true,"title_format":"label","default":"","description_enable":true,"description":"Loftware Designer Pro ist ein Produkt, das ein j\u00e4hrliches Abonnement erfordert.","placeholder_enable":false,"placeholder":"","display":"select","restrictions_type":"any_text","adjust_price":false,"price":"","price_type":"flat_fee","restrictions":false,"min":"0","max":"0","options":[{"label":"3 Drucker","price":"","price_type":"flat_fee","image":0,"visibility":true},{"label":"4 Drucker","price":"132","price_type":"flat_fee","image":0,"visibility":true},{"label":"5 Drucker","price":"264","price_type":"flat_fee","image":0,"visibility":true},{"label":"6 Drucker","price":"396","price_type":"flat_fee","image":0,"visibility":true},{"label":"7 Drucker","price":"528","price_type":"flat_fee","image":0,"visibility":true},{"label":"8 Drucker","price":"660","price_type":"flat_fee","image":0,"visibility":true},{"label":"9 Drucker","price":"792","price_type":"flat_fee","image":0,"visibility":true},{"label":"10 Drucker","price":"924","price_type":"flat_fee","image":0,"visibility":true}],"id":1727271093}],"acf":[],"yoast_head":"<!-- This site is optimized with the Yoast SEO Premium plugin v27.0 (Yoast SEO v27.1) - https:\/\/yoast.com\/product\/yoast-seo-premium-wordpress\/ -->\n<title>Loftware Designer Pro - Label design Software<\/title>\n<meta name=\"description\" content=\"Das j\u00e4hrliche Abonnement von Loftware Designer Pro bietet eine All-in-One-L\u00f6sung f\u00fcr professionelles Etikettendesign und -druck. Unterst\u00fctzt 3 Druckerpl\u00e4tze.\" \/>\n<meta name=\"robots\" content=\"index, follow, max-snippet:-1, max-image-preview:large, max-video-preview:-1\" \/>\n<link rel=\"canonical\" href=\"https:\/\/d-identify.be\/de\/produkt\/loftware-designer-pro\/\" \/>\n<meta property=\"og:locale\" content=\"de_DE\" \/>\n<meta property=\"og:type\" content=\"article\" \/>\n<meta property=\"og:title\" content=\"Loftware Designer Pro\" \/>\n<meta property=\"og:description\" content=\"Das j\u00e4hrliche Abonnement von Loftware Designer Pro bietet eine All-in-One-L\u00f6sung f\u00fcr professionelles Etikettendesign und -druck. Unterst\u00fctzt 3 Druckerpl\u00e4tze.\" \/>\n<meta property=\"og:url\" content=\"https:\/\/d-identify.be\/de\/produkt\/loftware-designer-pro\/\" \/>\n<meta property=\"og:site_name\" content=\"d-identify\" \/>\n<meta property=\"og:image\" content=\"https:\/\/d-identify.be\/wp-content\/uploads\/2021\/07\/Loftware-Designer-Pro-1.png\" \/>\n\t<meta property=\"og:image:width\" content=\"1184\" \/>\n\t<meta property=\"og:image:height\" content=\"1184\" \/>\n\t<meta property=\"og:image:type\" content=\"image\/png\" \/>\n<meta name=\"twitter:card\" content=\"summary_large_image\" \/>\n<meta name=\"twitter:label1\" content=\"Gesch\u00e4tzte Lesezeit\" \/>\n\t<meta name=\"twitter:data1\" content=\"1\u00a0Minute\" \/>\n<script type=\"application\/ld+json\" class=\"yoast-schema-graph\">{\"@context\":\"https:\/\/schema.org\",\"@graph\":[{\"@type\":\"WebPage\",\"@id\":\"https:\/\/d-identify.be\/de\/produkt\/loftware-designer-pro\/\",\"url\":\"https:\/\/d-identify.be\/de\/produkt\/loftware-designer-pro\/\",\"name\":\"Loftware Designer Pro - Label design Software\",\"isPartOf\":{\"@id\":\"https:\/\/d-identify.be\/de\/#website\"},\"primaryImageOfPage\":{\"@id\":\"https:\/\/d-identify.be\/de\/produkt\/loftware-designer-pro\/#primaryimage\"},\"image\":{\"@id\":\"https:\/\/d-identify.be\/de\/produkt\/loftware-designer-pro\/#primaryimage\"},\"thumbnailUrl\":\"https:\/\/d-identify.be\/wp-content\/uploads\/2021\/07\/Loftware-Designer-Pro-1.png\",\"datePublished\":\"2021-07-26T11:38:56+00:00\",\"description\":\"Das j\u00e4hrliche Abonnement von Loftware Designer Pro bietet eine All-in-One-L\u00f6sung f\u00fcr professionelles Etikettendesign und -druck. Unterst\u00fctzt 3 Druckerpl\u00e4tze.\",\"breadcrumb\":{\"@id\":\"https:\/\/d-identify.be\/de\/produkt\/loftware-designer-pro\/#breadcrumb\"},\"inLanguage\":\"de\",\"potentialAction\":[{\"@type\":\"ReadAction\",\"target\":[\"https:\/\/d-identify.be\/de\/produkt\/loftware-designer-pro\/\"]}]},{\"@type\":\"ImageObject\",\"inLanguage\":\"de\",\"@id\":\"https:\/\/d-identify.be\/de\/produkt\/loftware-designer-pro\/#primaryimage\",\"url\":\"https:\/\/d-identify.be\/wp-content\/uploads\/2021\/07\/Loftware-Designer-Pro-1.png\",\"contentUrl\":\"https:\/\/d-identify.be\/wp-content\/uploads\/2021\/07\/Loftware-Designer-Pro-1.png\",\"width\":1184,\"height\":1184,\"caption\":\"Loftware Designer Pro\"},{\"@type\":\"BreadcrumbList\",\"@id\":\"https:\/\/d-identify.be\/de\/produkt\/loftware-designer-pro\/#breadcrumb\",\"itemListElement\":[{\"@type\":\"ListItem\",\"position\":1,\"name\":\"Home\",\"item\":\"https:\/\/d-identify.be\/de\/home-2\/\"},{\"@type\":\"ListItem\",\"position\":2,\"name\":\"Shop\",\"item\":\"https:\/\/d-identify.be\/shop-2\/\"},{\"@type\":\"ListItem\",\"position\":3,\"name\":\"Loftware Designer Pro\"}]},{\"@type\":\"WebSite\",\"@id\":\"https:\/\/d-identify.be\/de\/#website\",\"url\":\"https:\/\/d-identify.be\/de\/\",\"name\":\"d-identify\",\"description\":\"Industrial identification - Lockout - Tagout - Floor marking\",\"potentialAction\":[{\"@type\":\"SearchAction\",\"target\":{\"@type\":\"EntryPoint\",\"urlTemplate\":\"https:\/\/d-identify.be\/de\/?s={search_term_string}\"},\"query-input\":{\"@type\":\"PropertyValueSpecification\",\"valueRequired\":true,\"valueName\":\"search_term_string\"}}],\"inLanguage\":\"de\"}]}<\/script>\n<!-- \/ Yoast SEO Premium plugin. -->","yoast_head_json":{"title":"Loftware Designer Pro - Label design Software","description":"Das j\u00e4hrliche Abonnement von Loftware Designer Pro bietet eine All-in-One-L\u00f6sung f\u00fcr professionelles Etikettendesign und -druck. Unterst\u00fctzt 3 Druckerpl\u00e4tze.","robots":{"index":"index","follow":"follow","max-snippet":"max-snippet:-1","max-image-preview":"max-image-preview:large","max-video-preview":"max-video-preview:-1"},"canonical":"https:\/\/d-identify.be\/de\/produkt\/loftware-designer-pro\/","og_locale":"de_DE","og_type":"article","og_title":"Loftware Designer Pro","og_description":"Das j\u00e4hrliche Abonnement von Loftware Designer Pro bietet eine All-in-One-L\u00f6sung f\u00fcr professionelles Etikettendesign und -druck. Unterst\u00fctzt 3 Druckerpl\u00e4tze.","og_url":"https:\/\/d-identify.be\/de\/produkt\/loftware-designer-pro\/","og_site_name":"d-identify","og_image":[{"width":1184,"height":1184,"url":"https:\/\/d-identify.be\/wp-content\/uploads\/2021\/07\/Loftware-Designer-Pro-1.png","type":"image\/png"}],"twitter_card":"summary_large_image","twitter_misc":{"Gesch\u00e4tzte Lesezeit":"1\u00a0Minute"},"schema":{"@context":"https:\/\/schema.org","@graph":[{"@type":"WebPage","@id":"https:\/\/d-identify.be\/de\/produkt\/loftware-designer-pro\/","url":"https:\/\/d-identify.be\/de\/produkt\/loftware-designer-pro\/","name":"Loftware Designer Pro - Label design Software","isPartOf":{"@id":"https:\/\/d-identify.be\/de\/#website"},"primaryImageOfPage":{"@id":"https:\/\/d-identify.be\/de\/produkt\/loftware-designer-pro\/#primaryimage"},"image":{"@id":"https:\/\/d-identify.be\/de\/produkt\/loftware-designer-pro\/#primaryimage"},"thumbnailUrl":"https:\/\/d-identify.be\/wp-content\/uploads\/2021\/07\/Loftware-Designer-Pro-1.png","datePublished":"2021-07-26T11:38:56+00:00","description":"Das j\u00e4hrliche Abonnement von Loftware Designer Pro bietet eine All-in-One-L\u00f6sung f\u00fcr professionelles Etikettendesign und -druck. Unterst\u00fctzt 3 Druckerpl\u00e4tze.","breadcrumb":{"@id":"https:\/\/d-identify.be\/de\/produkt\/loftware-designer-pro\/#breadcrumb"},"inLanguage":"de","potentialAction":[{"@type":"ReadAction","target":["https:\/\/d-identify.be\/de\/produkt\/loftware-designer-pro\/"]}]},{"@type":"ImageObject","inLanguage":"de","@id":"https:\/\/d-identify.be\/de\/produkt\/loftware-designer-pro\/#primaryimage","url":"https:\/\/d-identify.be\/wp-content\/uploads\/2021\/07\/Loftware-Designer-Pro-1.png","contentUrl":"https:\/\/d-identify.be\/wp-content\/uploads\/2021\/07\/Loftware-Designer-Pro-1.png","width":1184,"height":1184,"caption":"Loftware Designer Pro"},{"@type":"BreadcrumbList","@id":"https:\/\/d-identify.be\/de\/produkt\/loftware-designer-pro\/#breadcrumb","itemListElement":[{"@type":"ListItem","position":1,"name":"Home","item":"https:\/\/d-identify.be\/de\/home-2\/"},{"@type":"ListItem","position":2,"name":"Shop","item":"https:\/\/d-identify.be\/shop-2\/"},{"@type":"ListItem","position":3,"name":"Loftware Designer Pro"}]},{"@type":"WebSite","@id":"https:\/\/d-identify.be\/de\/#website","url":"https:\/\/d-identify.be\/de\/","name":"d-identify","description":"Industrial identification - Lockout - Tagout - Floor marking","potentialAction":[{"@type":"SearchAction","target":{"@type":"EntryPoint","urlTemplate":"https:\/\/d-identify.be\/de\/?s={search_term_string}"},"query-input":{"@type":"PropertyValueSpecification","valueRequired":true,"valueName":"search_term_string"}}],"inLanguage":"de"}]}},"_links":{"self":[{"href":"https:\/\/d-identify.be\/de\/wp-json\/wp\/v2\/product\/43540","targetHints":{"allow":["GET"]}}],"collection":[{"href":"https:\/\/d-identify.be\/de\/wp-json\/wp\/v2\/product"}],"about":[{"href":"https:\/\/d-identify.be\/de\/wp-json\/wp\/v2\/types\/product"}],"replies":[{"embeddable":true,"href":"https:\/\/d-identify.be\/de\/wp-json\/wp\/v2\/comments?post=43540"}],"wp:featuredmedia":[{"embeddable":true,"href":"https:\/\/d-identify.be\/de\/wp-json\/wp\/v2\/media\/40150"}],"wp:attachment":[{"href":"https:\/\/d-identify.be\/de\/wp-json\/wp\/v2\/media?parent=43540"}],"wp:term":[{"taxonomy":"product_brand","embeddable":true,"href":"https:\/\/d-identify.be\/de\/wp-json\/wp\/v2\/product_brand?post=43540"},{"taxonomy":"product_cat","embeddable":true,"href":"https:\/\/d-identify.be\/de\/wp-json\/wp\/v2\/product_cat?post=43540"},{"taxonomy":"product_tag","embeddable":true,"href":"https:\/\/d-identify.be\/de\/wp-json\/wp\/v2\/product_tag?post=43540"},{"taxonomy":"pa_connextion-shapes","embeddable":true,"href":"https:\/\/d-identify.be\/de\/wp-json\/wp\/v2\/pa_connextion-shapes?post=43540"}],"curies":[{"name":"wp","href":"https:\/\/api.w.org\/{rel}","templated":true}]}}