{"id":37879,"date":"2022-09-08T09:19:18","date_gmt":"2022-09-08T07:19:18","guid":{"rendered":"https:\/\/d-identify.be\/product\/polyolefin-weiss-kabelanhaenger-64x10mm\/"},"modified":"2025-07-11T13:35:21","modified_gmt":"2025-07-11T11:35:21","slug":"polyolefin-weiss-kabelanhaenger-64x10mm","status":"publish","type":"product","link":"https:\/\/d-identify.be\/de\/produkt\/polyolefin-weiss-kabelanhaenger-64x10mm\/","title":{"rendered":"Polyolefin-Kabelanh\u00e4nger 64 mm x 10 mm, wei\u00df"},"content":{"rendered":"<p class=\"ai-optimize-23 ai-optimize-introduction\" data-start=\"121\" data-end=\"201\"><strong data-start=\"121\" data-end=\"199\">Polyolefin-Kabelanh\u00e4nger \u2013 Langlebige Kennzeichnung f\u00fcr raue Umgebungen<\/strong><\/p>\n<p class=\"ai-optimize-24\" data-start=\"203\" data-end=\"530\">Unsere Polyolefin-Kabelanh\u00e4nger bieten eine langlebige und professionelle L\u00f6sung zur Kennzeichnung von Kabeln, Leitungen und Kabelb\u00e4umen in anspruchsvollen Industrie-, Elektro- und Au\u00dfenanwendungen. Die Anh\u00e4nger bestehen aus robustem, flexiblem Polyolefin und sind best\u00e4ndig gegen Chemikalien, UV-Strahlung, Feuchtigkeit und mechanische Beanspruchung. <\/p>\n<p class=\"ai-optimize-25\" data-start=\"532\" data-end=\"876\">Im Gegensatz zu Klebeetiketten werden <strong data-start=\"571\" data-end=\"617\">diese Schilder mit Standardkabelbindern sicher befestigt<\/strong>. Sie eignen sich daher ideal f\u00fcr Umgebungen, in denen der Klebstoff aufgrund von Staub, \u00d6l oder unebenen Oberfl\u00e4chen versagen k\u00f6nnte. Die glatte Oberfl\u00e4che des Schildes gew\u00e4hrleistet einen hochwertigen Druck mit Thermotransferdruckern und sorgt f\u00fcr scharfen, lesbaren Text, der auch nach l\u00e4ngerer Zeit gut lesbar bleibt. <\/p>\n<p class=\"ai-optimize-26\" data-start=\"878\" data-end=\"1138\">Polyolefin-Kabelanh\u00e4nger werden h\u00e4ufig in Schalttafeln, der Energieverteilung, im Schienenverkehr, in der Telekommunikationsinfrastruktur und in Automatisierungssystemen eingesetzt. Dank ihrer hervorragenden Best\u00e4ndigkeit gegen Chemikalien und Temperaturschwankungen eignen sie sich sowohl f\u00fcr den Innen- als auch f\u00fcr den Au\u00dfenbereich. <\/p>\n<p class=\"ai-optimize-27\" data-start=\"1140\" data-end=\"1157\"><strong data-start=\"1140\" data-end=\"1157\">Hauptmerkmale:<\/strong><\/p>\n<ul data-start=\"1158\" data-end=\"1455\">\n<li class=\"ai-optimize-28\" data-start=\"1158\" data-end=\"1200\">\n<p class=\"ai-optimize-29\" data-start=\"1160\" data-end=\"1200\">Hergestellt aus langlebigem, flexiblem Polyolefin<\/p>\n<\/li>\n<li class=\"ai-optimize-30\" data-start=\"1201\" data-end=\"1245\">\n<p class=\"ai-optimize-31\" data-start=\"1203\" data-end=\"1245\">Best\u00e4ndig gegen UV-Strahlung, Chemikalien und Abrieb<\/p>\n<\/li>\n<li class=\"ai-optimize-32\" data-start=\"1246\" data-end=\"1288\">\n<p class=\"ai-optimize-33\" data-start=\"1248\" data-end=\"1288\">Geeignet f\u00fcr Thermotransferdruck<\/p>\n<\/li>\n<li class=\"ai-optimize-34\" data-start=\"1289\" data-end=\"1349\">\n<p class=\"ai-optimize-35\" data-start=\"1291\" data-end=\"1349\">Mit Kabelbindern montierbar (kein Kleber oder Hitze erforderlich)<\/p>\n<\/li>\n<li class=\"ai-optimize-36\" data-start=\"1350\" data-end=\"1412\">\n<p class=\"ai-optimize-37\" data-start=\"1352\" data-end=\"1412\">Ideal f\u00fcr Industrie-, Elektro- und Telekommunikationsanwendungen<\/p>\n<\/li>\n<li class=\"ai-optimize-38\" data-start=\"1413\" data-end=\"1455\">\n<p class=\"ai-optimize-39\" data-start=\"1415\" data-end=\"1455\">In mehreren Gr\u00f6\u00dfen und Farben erh\u00e4ltlich<\/p>\n<\/li>\n<\/ul>\n<p class=\"ai-optimize-40\" data-start=\"1457\" data-end=\"1599\">W\u00e4hlen Sie Kabelanh\u00e4nger aus Polyolefin, <strong data-start=\"1500\" data-end=\"1544\">wenn Sie eine zuverl\u00e4ssige, langfristige Kabelkennzeichnung ben\u00f6tigen<\/strong>, die rauen Umgebungen ohne Kompromisse standh\u00e4lt.<\/p>\n","protected":false},"excerpt":{"rendered":"<p class=\"ai-optimize-18\"><strong data-start=\"152\" data-end=\"218\">Polyolefin-Kabelanh\u00e4nger \u2013 Langlebige und chemikalienbest\u00e4ndige Kennzeichnung<\/strong><br data-start=\"218\" data-end=\"221\">Diese robusten Polyolefin-Kabelanh\u00e4nger sind f\u00fcr die zuverl\u00e4ssige Kennzeichnung in rauen Industrie- und Elektroumgebungen konzipiert. Sie sind flexibel, chemikalien-, UV- und abriebbest\u00e4ndig und lassen sich einfach mit Kabelbindern befestigen. Ideal f\u00fcr die dauerhafte Kennzeichnung von Kabeln und Leitungen ohne Klebstoff oder Hitze.  <\/p>\n<p class=\"ai-optimize-41\"><strong>Hauptfunktionen <\/strong><\/p>\n","protected":false},"featured_media":25724,"comment_status":"open","ping_status":"closed","template":"","meta":{"_acf_changed":false,"_et_pb_use_builder":"","_et_pb_old_content":"","_et_gb_content_width":""},"product_brand":[],"product_cat":[637,662,668],"product_tag":[962],"pa_connextion-shapes":[],"class_list":{"0":"post-37879","1":"product","2":"type-product","3":"status-publish","4":"has-post-thumbnail","6":"product_cat-industrieetiketten","7":"product_cat-kabelmarkierung","8":"product_cat-pur-kabelidentifikation","9":"product_tag-d-identify-de","11":"first","12":"instock","13":"taxable","14":"shipping-taxable","15":"purchasable","16":"product-type-simple"},"exclude_global_add_ons":[],"addons":[],"acf":[],"yoast_head":"<!-- This site is optimized with the Yoast SEO Premium plugin v27.0 (Yoast SEO v27.1) - https:\/\/yoast.com\/product\/yoast-seo-premium-wordpress\/ -->\n<title>Wei\u00dfer Kabelanh\u00e4nger aus Polyolefin - 64x10mm<\/title>\n<meta name=\"description\" content=\"Der wei\u00dfe Polyolefin-Kabelanh\u00e4nger besteht aus umweltfreundlichem Polyolefinmaterial. Die Markierungen lassen sich leicht vom Tr\u00e4ger entfernen und wieder anbringen...\" \/>\n<meta name=\"robots\" content=\"index, follow, max-snippet:-1, max-image-preview:large, max-video-preview:-1\" \/>\n<link rel=\"canonical\" href=\"https:\/\/d-identify.be\/de\/produkt\/polyolefin-weiss-kabelanhaenger-64x10mm\/\" \/>\n<meta property=\"og:locale\" content=\"de_DE\" \/>\n<meta property=\"og:type\" content=\"article\" \/>\n<meta property=\"og:title\" content=\"Polyolefin-Kabelanh\u00e4nger 64 mm x 10 mm, wei\u00df\" \/>\n<meta property=\"og:description\" content=\"Der wei\u00dfe Polyolefin-Kabelanh\u00e4nger besteht aus umweltfreundlichem Polyolefinmaterial. Die Markierungen lassen sich leicht vom Tr\u00e4ger entfernen und wieder anbringen...\" \/>\n<meta property=\"og:url\" content=\"https:\/\/d-identify.be\/de\/produkt\/polyolefin-weiss-kabelanhaenger-64x10mm\/\" \/>\n<meta property=\"og:site_name\" content=\"d-identify\" \/>\n<meta property=\"article:modified_time\" content=\"2025-07-11T11:35:21+00:00\" \/>\n<meta property=\"og:image\" content=\"https:\/\/d-identify.be\/wp-content\/uploads\/2022\/09\/DPOL64-10-WH.png\" \/>\n\t<meta property=\"og:image:width\" content=\"400\" \/>\n\t<meta property=\"og:image:height\" content=\"400\" \/>\n\t<meta property=\"og:image:type\" content=\"image\/png\" \/>\n<meta name=\"twitter:card\" content=\"summary_large_image\" \/>\n<meta name=\"twitter:label1\" content=\"Gesch\u00e4tzte Lesezeit\" \/>\n\t<meta name=\"twitter:data1\" content=\"1\u00a0Minute\" \/>\n<script type=\"application\/ld+json\" class=\"yoast-schema-graph\">{\"@context\":\"https:\/\/schema.org\",\"@graph\":[{\"@type\":\"WebPage\",\"@id\":\"https:\/\/d-identify.be\/de\/produkt\/polyolefin-weiss-kabelanhaenger-64x10mm\/\",\"url\":\"https:\/\/d-identify.be\/de\/produkt\/polyolefin-weiss-kabelanhaenger-64x10mm\/\",\"name\":\"Wei\u00dfer Kabelanh\u00e4nger aus Polyolefin - 64x10mm\",\"isPartOf\":{\"@id\":\"https:\/\/d-identify.be\/de\/#website\"},\"primaryImageOfPage\":{\"@id\":\"https:\/\/d-identify.be\/de\/produkt\/polyolefin-weiss-kabelanhaenger-64x10mm\/#primaryimage\"},\"image\":{\"@id\":\"https:\/\/d-identify.be\/de\/produkt\/polyolefin-weiss-kabelanhaenger-64x10mm\/#primaryimage\"},\"thumbnailUrl\":\"https:\/\/d-identify.be\/wp-content\/uploads\/2022\/09\/DPOL64-10-WH.png\",\"datePublished\":\"2022-09-08T07:19:18+00:00\",\"dateModified\":\"2025-07-11T11:35:21+00:00\",\"description\":\"Der wei\u00dfe Polyolefin-Kabelanh\u00e4nger besteht aus umweltfreundlichem Polyolefinmaterial. Die Markierungen lassen sich leicht vom Tr\u00e4ger entfernen und wieder anbringen...\",\"breadcrumb\":{\"@id\":\"https:\/\/d-identify.be\/de\/produkt\/polyolefin-weiss-kabelanhaenger-64x10mm\/#breadcrumb\"},\"inLanguage\":\"de\",\"potentialAction\":[{\"@type\":\"ReadAction\",\"target\":[\"https:\/\/d-identify.be\/de\/produkt\/polyolefin-weiss-kabelanhaenger-64x10mm\/\"]}]},{\"@type\":\"ImageObject\",\"inLanguage\":\"de\",\"@id\":\"https:\/\/d-identify.be\/de\/produkt\/polyolefin-weiss-kabelanhaenger-64x10mm\/#primaryimage\",\"url\":\"https:\/\/d-identify.be\/wp-content\/uploads\/2022\/09\/DPOL64-10-WH.png\",\"contentUrl\":\"https:\/\/d-identify.be\/wp-content\/uploads\/2022\/09\/DPOL64-10-WH.png\",\"width\":400,\"height\":400,\"caption\":\"Polyolefin Wei\u00dfer Kabelanh\u00e4nger 64x10mm\"},{\"@type\":\"BreadcrumbList\",\"@id\":\"https:\/\/d-identify.be\/de\/produkt\/polyolefin-weiss-kabelanhaenger-64x10mm\/#breadcrumb\",\"itemListElement\":[{\"@type\":\"ListItem\",\"position\":1,\"name\":\"Home\",\"item\":\"https:\/\/d-identify.be\/de\/home-2\/\"},{\"@type\":\"ListItem\",\"position\":2,\"name\":\"Shop\",\"item\":\"https:\/\/d-identify.be\/shop-2\/\"},{\"@type\":\"ListItem\",\"position\":3,\"name\":\"Polyolefin-Kabelanh\u00e4nger 64 mm x 10 mm, wei\u00df\"}]},{\"@type\":\"WebSite\",\"@id\":\"https:\/\/d-identify.be\/de\/#website\",\"url\":\"https:\/\/d-identify.be\/de\/\",\"name\":\"d-identify\",\"description\":\"Industrial identification - Lockout - Tagout - Floor marking\",\"potentialAction\":[{\"@type\":\"SearchAction\",\"target\":{\"@type\":\"EntryPoint\",\"urlTemplate\":\"https:\/\/d-identify.be\/de\/?s={search_term_string}\"},\"query-input\":{\"@type\":\"PropertyValueSpecification\",\"valueRequired\":true,\"valueName\":\"search_term_string\"}}],\"inLanguage\":\"de\"}]}<\/script>\n<!-- \/ Yoast SEO Premium plugin. -->","yoast_head_json":{"title":"Wei\u00dfer Kabelanh\u00e4nger aus Polyolefin - 64x10mm","description":"Der wei\u00dfe Polyolefin-Kabelanh\u00e4nger besteht aus umweltfreundlichem Polyolefinmaterial. Die Markierungen lassen sich leicht vom Tr\u00e4ger entfernen und wieder anbringen...","robots":{"index":"index","follow":"follow","max-snippet":"max-snippet:-1","max-image-preview":"max-image-preview:large","max-video-preview":"max-video-preview:-1"},"canonical":"https:\/\/d-identify.be\/de\/produkt\/polyolefin-weiss-kabelanhaenger-64x10mm\/","og_locale":"de_DE","og_type":"article","og_title":"Polyolefin-Kabelanh\u00e4nger 64 mm x 10 mm, wei\u00df","og_description":"Der wei\u00dfe Polyolefin-Kabelanh\u00e4nger besteht aus umweltfreundlichem Polyolefinmaterial. Die Markierungen lassen sich leicht vom Tr\u00e4ger entfernen und wieder anbringen...","og_url":"https:\/\/d-identify.be\/de\/produkt\/polyolefin-weiss-kabelanhaenger-64x10mm\/","og_site_name":"d-identify","article_modified_time":"2025-07-11T11:35:21+00:00","og_image":[{"width":400,"height":400,"url":"https:\/\/d-identify.be\/wp-content\/uploads\/2022\/09\/DPOL64-10-WH.png","type":"image\/png"}],"twitter_card":"summary_large_image","twitter_misc":{"Gesch\u00e4tzte Lesezeit":"1\u00a0Minute"},"schema":{"@context":"https:\/\/schema.org","@graph":[{"@type":"WebPage","@id":"https:\/\/d-identify.be\/de\/produkt\/polyolefin-weiss-kabelanhaenger-64x10mm\/","url":"https:\/\/d-identify.be\/de\/produkt\/polyolefin-weiss-kabelanhaenger-64x10mm\/","name":"Wei\u00dfer Kabelanh\u00e4nger aus Polyolefin - 64x10mm","isPartOf":{"@id":"https:\/\/d-identify.be\/de\/#website"},"primaryImageOfPage":{"@id":"https:\/\/d-identify.be\/de\/produkt\/polyolefin-weiss-kabelanhaenger-64x10mm\/#primaryimage"},"image":{"@id":"https:\/\/d-identify.be\/de\/produkt\/polyolefin-weiss-kabelanhaenger-64x10mm\/#primaryimage"},"thumbnailUrl":"https:\/\/d-identify.be\/wp-content\/uploads\/2022\/09\/DPOL64-10-WH.png","datePublished":"2022-09-08T07:19:18+00:00","dateModified":"2025-07-11T11:35:21+00:00","description":"Der wei\u00dfe Polyolefin-Kabelanh\u00e4nger besteht aus umweltfreundlichem Polyolefinmaterial. Die Markierungen lassen sich leicht vom Tr\u00e4ger entfernen und wieder anbringen...","breadcrumb":{"@id":"https:\/\/d-identify.be\/de\/produkt\/polyolefin-weiss-kabelanhaenger-64x10mm\/#breadcrumb"},"inLanguage":"de","potentialAction":[{"@type":"ReadAction","target":["https:\/\/d-identify.be\/de\/produkt\/polyolefin-weiss-kabelanhaenger-64x10mm\/"]}]},{"@type":"ImageObject","inLanguage":"de","@id":"https:\/\/d-identify.be\/de\/produkt\/polyolefin-weiss-kabelanhaenger-64x10mm\/#primaryimage","url":"https:\/\/d-identify.be\/wp-content\/uploads\/2022\/09\/DPOL64-10-WH.png","contentUrl":"https:\/\/d-identify.be\/wp-content\/uploads\/2022\/09\/DPOL64-10-WH.png","width":400,"height":400,"caption":"Polyolefin Wei\u00dfer Kabelanh\u00e4nger 64x10mm"},{"@type":"BreadcrumbList","@id":"https:\/\/d-identify.be\/de\/produkt\/polyolefin-weiss-kabelanhaenger-64x10mm\/#breadcrumb","itemListElement":[{"@type":"ListItem","position":1,"name":"Home","item":"https:\/\/d-identify.be\/de\/home-2\/"},{"@type":"ListItem","position":2,"name":"Shop","item":"https:\/\/d-identify.be\/shop-2\/"},{"@type":"ListItem","position":3,"name":"Polyolefin-Kabelanh\u00e4nger 64 mm x 10 mm, wei\u00df"}]},{"@type":"WebSite","@id":"https:\/\/d-identify.be\/de\/#website","url":"https:\/\/d-identify.be\/de\/","name":"d-identify","description":"Industrial identification - Lockout - Tagout - Floor marking","potentialAction":[{"@type":"SearchAction","target":{"@type":"EntryPoint","urlTemplate":"https:\/\/d-identify.be\/de\/?s={search_term_string}"},"query-input":{"@type":"PropertyValueSpecification","valueRequired":true,"valueName":"search_term_string"}}],"inLanguage":"de"}]}},"_links":{"self":[{"href":"https:\/\/d-identify.be\/de\/wp-json\/wp\/v2\/product\/37879","targetHints":{"allow":["GET"]}}],"collection":[{"href":"https:\/\/d-identify.be\/de\/wp-json\/wp\/v2\/product"}],"about":[{"href":"https:\/\/d-identify.be\/de\/wp-json\/wp\/v2\/types\/product"}],"replies":[{"embeddable":true,"href":"https:\/\/d-identify.be\/de\/wp-json\/wp\/v2\/comments?post=37879"}],"wp:featuredmedia":[{"embeddable":true,"href":"https:\/\/d-identify.be\/de\/wp-json\/wp\/v2\/media\/25724"}],"wp:attachment":[{"href":"https:\/\/d-identify.be\/de\/wp-json\/wp\/v2\/media?parent=37879"}],"wp:term":[{"taxonomy":"product_brand","embeddable":true,"href":"https:\/\/d-identify.be\/de\/wp-json\/wp\/v2\/product_brand?post=37879"},{"taxonomy":"product_cat","embeddable":true,"href":"https:\/\/d-identify.be\/de\/wp-json\/wp\/v2\/product_cat?post=37879"},{"taxonomy":"product_tag","embeddable":true,"href":"https:\/\/d-identify.be\/de\/wp-json\/wp\/v2\/product_tag?post=37879"},{"taxonomy":"pa_connextion-shapes","embeddable":true,"href":"https:\/\/d-identify.be\/de\/wp-json\/wp\/v2\/pa_connextion-shapes?post=37879"}],"curies":[{"name":"wp","href":"https:\/\/api.w.org\/{rel}","templated":true}]}}