{"id":24348,"date":"2021-07-26T12:41:16","date_gmt":"2021-07-26T10:41:16","guid":{"rendered":"https:\/\/d-identify.be\/product\/pur-weises-kabelschild-60mm-x-10mm\/"},"modified":"2025-07-01T11:27:44","modified_gmt":"2025-07-01T09:27:44","slug":"pur-weises-kabelschild-60mm-x-10mm","status":"publish","type":"product","link":"https:\/\/d-identify.be\/de\/produkt\/pur-weises-kabelschild-60mm-x-10mm\/","title":{"rendered":"Kabelanh\u00e4nger PUR 60mm x 10mm, Wei\u00df"},"content":{"rendered":"<h2 class=\"ai-optimize-23\" data-start=\"196\" data-end=\"277\">Kabelanh\u00e4nger 60mmx10mm, wei\u00df \u2013 langlebiges, nicht klebendes Kabeletikett f\u00fcr enge R\u00e4ume<\/h2>\n<h3 class=\"ai-optimize-24\" data-start=\"284\" data-end=\"329\">Kompakte und zuverl\u00e4ssige Kabelidentifikation<\/h3>\n<p class=\"ai-optimize-25 ai-optimize-introduction\" data-start=\"331\" data-end=\"651\">Der <strong data-start=\"335\" data-end=\"364\">wei\u00dfe Kabelanh\u00e4nger 60mmx10mm<\/strong> ist eine robuste und dennoch kompakte Kennzeichnungsl\u00f6sung zur Kennzeichnung von Kabeln, B\u00fcndeln und Leitungen in anspruchsvollen Industrieumgebungen. Hergestellt aus robustem und flexiblem <strong data-start=\"521\" data-end=\"543\">PUR (Polyurethan)<\/strong> widersteht er Chemikalien, Hitze, UV-Strahlung und mechanischer Belastung, ohne an Klarheit oder Form zu verlieren. <\/p>\n<h3 class=\"ai-optimize-26\" data-start=\"658\" data-end=\"703\">Ideal f\u00fcr Installationen mit begrenztem Platzangebot<\/h3>\n<p class=\"ai-optimize-27\" data-start=\"705\" data-end=\"1089\">Dank seiner schlanken Gr\u00f6\u00dfe von 60mmx10mm eignet sich dieser Kabelanh\u00e4nger ideal f\u00fcr enge Installationen, in denen herk\u00f6mmliche Etiketten m\u00f6glicherweise nicht passen. Die saubere wei\u00dfe Oberfl\u00e4che bietet einen hervorragenden Kontrast und erleichtert das Erkennen und Lesen gedruckter Informationen bei Inspektionen, Wartungen oder der Einrichtung. Dadurch tr\u00e4gt der <strong data-start=\"1003\" data-end=\"1032\">wei\u00dfe Kabelanh\u00e4nger 60mmx10mm<\/strong> dazu bei, Fehler zu reduzieren und die Effizienz im Feld zu steigern.  <\/p>\n<h3 class=\"ai-optimize-28\" data-start=\"1096\" data-end=\"1146\">Nicht klebend und einfach mit Kabelbindern zu montieren<\/h3>\n<p class=\"ai-optimize-29\" data-start=\"1148\" data-end=\"1433\">Im Gegensatz zu Klebeetiketten verf\u00fcgt dieses <strong data-start=\"1177\" data-end=\"1197\">nicht klebende Etikett<\/strong> \u00fcber zwei Befestigungsl\u00f6cher. Sie k\u00f6nnen es mit <strong data-start=\"1270\" data-end=\"1290\">4,7-mm-Kabelbindern<\/strong> sicher an Kabeln befestigen. Diese Befestigungsmethode sorgt daf\u00fcr, dass das Etikett auch in staubigen, \u00f6ligen oder vibrationsreichen Umgebungen, in denen Aufkleberetiketten versagen k\u00f6nnen, an Ort und Stelle bleibt.  <\/p>\n<h3 class=\"ai-optimize-30\" data-start=\"1440\" data-end=\"1474\">Vertrauensw\u00fcrdig in kritischen Branchen<\/h3>\n<p class=\"ai-optimize-31\" data-start=\"1476\" data-end=\"1729\">Aufgrund seiner Langlebigkeit und Sichtbarkeit wird dieses Etikett h\u00e4ufig in der <strong data-start=\"1545\" data-end=\"1619\">Energieverteilung, Telekommunikation, Luft- und Raumfahrt, IKT, im Transportwesen<\/strong> und in der <strong data-start=\"1625\" data-end=\"1636\">Verteidigung<\/strong> eingesetzt. Es spielt eine Schl\u00fcsselrolle bei der Kabelr\u00fcckverfolgbarkeit, System\u00fcbersichtlichkeit und Arbeitssicherheit. <\/p>\n<h3 class=\"ai-optimize-32\" data-start=\"1736\" data-end=\"1780\">Flexibilit\u00e4t beim Drucken vor Ort oder im Haus<\/h3>\n<p class=\"ai-optimize-33\" data-start=\"1782\" data-end=\"2034\">Ein gro\u00dfer Vorteil dieses Kabeletiketts ist seine Kompatibilit\u00e4t sowohl mit <strong data-start=\"1851\" data-end=\"1889\">Thermotransfer-Tischdruckern<\/strong> als auch mit <strong data-start=\"1894\" data-end=\"1915\">tragbaren Druckern<\/strong>. Dadurch k\u00f6nnen Teams Etiketten direkt vor Ort oder im Haus drucken, was die Durchlaufzeiten verk\u00fcrzt und Ausfallzeiten reduziert. <\/p>\n<h3 class=\"ai-optimize-34\" data-start=\"2041\" data-end=\"2081\">Zertifiziert zur Erf\u00fcllung von Industriestandards<\/h3>\n<p class=\"ai-optimize-35\" data-start=\"2083\" data-end=\"2167\">Um Leistung und Sicherheit zu gew\u00e4hrleisten, entspricht dieses Etikett den folgenden Standards:<\/p>\n<ul data-start=\"2169\" data-end=\"2327\">\n<li class=\"ai-optimize-36\" data-start=\"2169\" data-end=\"2223\">\n<p class=\"ai-optimize-37\" data-start=\"2171\" data-end=\"2223\"><strong data-start=\"2171\" data-end=\"2187\">MIL-STD-202F<\/strong> \u2013 Chemikalien- und L\u00f6sungsmittelbest\u00e4ndigkeit<\/p>\n<\/li>\n<li class=\"ai-optimize-38\" data-start=\"2224\" data-end=\"2277\">\n<p class=\"ai-optimize-39\" data-start=\"2226\" data-end=\"2277\"><strong data-start=\"2226\" data-end=\"2241\">SAE AS81531<\/strong> \u2013 Druckbest\u00e4ndigkeit und Haltbarkeit<\/p>\n<\/li>\n<li class=\"ai-optimize-40\" data-start=\"2278\" data-end=\"2327\">\n<p class=\"ai-optimize-41\" data-start=\"2280\" data-end=\"2327\"><strong data-start=\"2280\" data-end=\"2292\">UL 94-V0<\/strong> \u2013 Flammhemmende Klassifizierung<\/p>\n<\/li>\n<\/ul>\n<h3 class=\"ai-optimize-42\" data-start=\"2334\" data-end=\"2361\">F\u00fcr den Langzeitgebrauch konzipiert<\/h3>\n<p class=\"ai-optimize-43\" data-start=\"2363\" data-end=\"2586\">Der <strong data-start=\"2367\" data-end=\"2396\">wei\u00dfe Kabelanh\u00e4nger 60mmx10mm)<\/strong> ist verschlei\u00dffest, UV-best\u00e4ndig und witterungsbest\u00e4ndig. Er passt sich zudem problemlos gew\u00f6lbten oder unebenen Oberfl\u00e4chen an, ohne abzubl\u00e4ttern, zu rei\u00dfen oder zu verblassen. So ist eine dauerhafte Kennzeichnung an den entscheidenden Stellen gew\u00e4hrleistet. <\/p>\n<h3 class=\"ai-optimize-44\" data-start=\"2593\" data-end=\"2607\">Abschluss<\/h3>\n<p class=\"ai-optimize-45\" data-start=\"2609\" data-end=\"2834\">Zusammenfassend l\u00e4sst sich sagen, dass der <strong data-start=\"2625\" data-end=\"2654\">wei\u00dfe Kabelanh\u00e4nger 60mmx10mm<\/strong> eine nicht klebende, gut sichtbare Kennzeichnungsl\u00f6sung f\u00fcr kompakte, industrielle Anwendungen ist. Er vereint Haltbarkeit, Flexibilit\u00e4t und Konformit\u00e4t in einem intelligenten, einsatzbereiten Anh\u00e4nger. <\/p>\n","protected":false},"excerpt":{"rendered":"<p class=\"ai-optimize-16 ai-optimize-introduction\"><span class=\"fontstyle2\">Diese leistungsstarken<\/span><span class=\"fontstyle2\"> PUR-Kabelanh\u00e4nger 60mmx10mm sind kosteng\u00fcnstig. Eine praktische L\u00f6sung zur Kennzeichnung dicker Kabel und Kabelb\u00fcndel in rauen Umgebungen. Der D-Identify-Kabelanh\u00e4nger ist vor Ort mit Hochleistungs-Tischdruckern und unterwegs mit mobilen Druckern bedruckbar und bietet Unternehmen aus den Bereichen Energie, Telekommunikation, IKT, Luft- und Raumfahrt, Nahverkehr und Verteidigung au\u00dfergew\u00f6hnliche Flexibilit\u00e4t.  <\/span><\/p>\n<p class=\"ai-optimize-17\"><strong>Funktionen<\/strong><\/p>\n","protected":false},"featured_media":24349,"comment_status":"open","ping_status":"closed","template":"","meta":{"_acf_changed":false,"_et_pb_use_builder":"","_et_pb_old_content":"","_et_gb_content_width":""},"product_brand":[],"product_cat":[637,662,668],"product_tag":[962],"pa_connextion-shapes":[],"class_list":{"0":"post-24348","1":"product","2":"type-product","3":"status-publish","4":"has-post-thumbnail","6":"product_cat-industrieetiketten","7":"product_cat-kabelmarkierung","8":"product_cat-pur-kabelidentifikation","9":"product_tag-d-identify-de","11":"first","12":"instock","13":"taxable","14":"shipping-taxable","15":"purchasable","16":"product-type-simple"},"exclude_global_add_ons":[],"addons":[],"acf":[],"yoast_head":"<!-- This site is optimized with the Yoast SEO Premium plugin v27.0 (Yoast SEO v27.1) - https:\/\/yoast.com\/product\/yoast-seo-premium-wordpress\/ -->\n<title>Kabelanh\u00e4nger 60mmx10mm Wei\u00df \u2013 Kompaktes Polyurethan-Etikett<\/title>\n<meta name=\"description\" content=\"Schlanker, 60mmx10mm gro\u00dfer, wei\u00dfer Kabelanh\u00e4nger aus PUR (Polyurethan), ideal f\u00fcr die dauerhafte Kabelkennzeichnung bei beengten Platzverh\u00e4ltnissen in industriellen Anwendungen.\" \/>\n<meta name=\"robots\" content=\"index, follow, max-snippet:-1, max-image-preview:large, max-video-preview:-1\" \/>\n<link rel=\"canonical\" href=\"https:\/\/d-identify.be\/de\/produkt\/pur-weises-kabelschild-60mm-x-10mm\/\" \/>\n<meta property=\"og:locale\" content=\"de_DE\" \/>\n<meta property=\"og:type\" content=\"article\" \/>\n<meta property=\"og:title\" content=\"Kabelanh\u00e4nger PUR 60mm x 10mm, Wei\u00df\" \/>\n<meta property=\"og:description\" content=\"Schlanker, 60mmx10mm gro\u00dfer, wei\u00dfer Kabelanh\u00e4nger aus PUR (Polyurethan), ideal f\u00fcr die dauerhafte Kabelkennzeichnung bei beengten Platzverh\u00e4ltnissen in industriellen Anwendungen.\" \/>\n<meta property=\"og:url\" content=\"https:\/\/d-identify.be\/de\/produkt\/pur-weises-kabelschild-60mm-x-10mm\/\" \/>\n<meta property=\"og:site_name\" content=\"d-identify\" \/>\n<meta property=\"article:modified_time\" content=\"2025-07-01T09:27:44+00:00\" \/>\n<meta property=\"og:image\" content=\"https:\/\/d-identify.be\/wp-content\/uploads\/2021\/07\/D-TAG-60x10-1K_White.png\" \/>\n\t<meta property=\"og:image:width\" content=\"869\" \/>\n\t<meta property=\"og:image:height\" content=\"794\" \/>\n\t<meta property=\"og:image:type\" content=\"image\/png\" \/>\n<meta name=\"twitter:card\" content=\"summary_large_image\" \/>\n<meta name=\"twitter:label1\" content=\"Gesch\u00e4tzte Lesezeit\" \/>\n\t<meta name=\"twitter:data1\" content=\"2\u00a0Minuten\" \/>\n<script type=\"application\/ld+json\" class=\"yoast-schema-graph\">{\"@context\":\"https:\/\/schema.org\",\"@graph\":[{\"@type\":\"WebPage\",\"@id\":\"https:\/\/d-identify.be\/de\/produkt\/pur-weises-kabelschild-60mm-x-10mm\/\",\"url\":\"https:\/\/d-identify.be\/de\/produkt\/pur-weises-kabelschild-60mm-x-10mm\/\",\"name\":\"Kabelanh\u00e4nger 60mmx10mm Wei\u00df \u2013 Kompaktes Polyurethan-Etikett\",\"isPartOf\":{\"@id\":\"https:\/\/d-identify.be\/de\/#website\"},\"primaryImageOfPage\":{\"@id\":\"https:\/\/d-identify.be\/de\/produkt\/pur-weises-kabelschild-60mm-x-10mm\/#primaryimage\"},\"image\":{\"@id\":\"https:\/\/d-identify.be\/de\/produkt\/pur-weises-kabelschild-60mm-x-10mm\/#primaryimage\"},\"thumbnailUrl\":\"https:\/\/d-identify.be\/wp-content\/uploads\/2021\/07\/D-TAG-60x10-1K_White.png\",\"datePublished\":\"2021-07-26T10:41:16+00:00\",\"dateModified\":\"2025-07-01T09:27:44+00:00\",\"description\":\"Schlanker, 60mmx10mm gro\u00dfer, wei\u00dfer Kabelanh\u00e4nger aus PUR (Polyurethan), ideal f\u00fcr die dauerhafte Kabelkennzeichnung bei beengten Platzverh\u00e4ltnissen in industriellen Anwendungen.\",\"breadcrumb\":{\"@id\":\"https:\/\/d-identify.be\/de\/produkt\/pur-weises-kabelschild-60mm-x-10mm\/#breadcrumb\"},\"inLanguage\":\"de\",\"potentialAction\":[{\"@type\":\"ReadAction\",\"target\":[\"https:\/\/d-identify.be\/de\/produkt\/pur-weises-kabelschild-60mm-x-10mm\/\"]}]},{\"@type\":\"ImageObject\",\"inLanguage\":\"de\",\"@id\":\"https:\/\/d-identify.be\/de\/produkt\/pur-weises-kabelschild-60mm-x-10mm\/#primaryimage\",\"url\":\"https:\/\/d-identify.be\/wp-content\/uploads\/2021\/07\/D-TAG-60x10-1K_White.png\",\"contentUrl\":\"https:\/\/d-identify.be\/wp-content\/uploads\/2021\/07\/D-TAG-60x10-1K_White.png\",\"width\":869,\"height\":794,\"caption\":\"PUR White Cable Tag 60mm x 10mm\"},{\"@type\":\"BreadcrumbList\",\"@id\":\"https:\/\/d-identify.be\/de\/produkt\/pur-weises-kabelschild-60mm-x-10mm\/#breadcrumb\",\"itemListElement\":[{\"@type\":\"ListItem\",\"position\":1,\"name\":\"Home\",\"item\":\"https:\/\/d-identify.be\/de\/home-2\/\"},{\"@type\":\"ListItem\",\"position\":2,\"name\":\"Shop\",\"item\":\"https:\/\/d-identify.be\/shop-2\/\"},{\"@type\":\"ListItem\",\"position\":3,\"name\":\"Kabelanh\u00e4nger PUR 60mm x 10mm, Wei\u00df\"}]},{\"@type\":\"WebSite\",\"@id\":\"https:\/\/d-identify.be\/de\/#website\",\"url\":\"https:\/\/d-identify.be\/de\/\",\"name\":\"d-identify\",\"description\":\"Industrial identification - Lockout - Tagout - Floor marking\",\"potentialAction\":[{\"@type\":\"SearchAction\",\"target\":{\"@type\":\"EntryPoint\",\"urlTemplate\":\"https:\/\/d-identify.be\/de\/?s={search_term_string}\"},\"query-input\":{\"@type\":\"PropertyValueSpecification\",\"valueRequired\":true,\"valueName\":\"search_term_string\"}}],\"inLanguage\":\"de\"}]}<\/script>\n<!-- \/ Yoast SEO Premium plugin. -->","yoast_head_json":{"title":"Kabelanh\u00e4nger 60mmx10mm Wei\u00df \u2013 Kompaktes Polyurethan-Etikett","description":"Schlanker, 60mmx10mm gro\u00dfer, wei\u00dfer Kabelanh\u00e4nger aus PUR (Polyurethan), ideal f\u00fcr die dauerhafte Kabelkennzeichnung bei beengten Platzverh\u00e4ltnissen in industriellen Anwendungen.","robots":{"index":"index","follow":"follow","max-snippet":"max-snippet:-1","max-image-preview":"max-image-preview:large","max-video-preview":"max-video-preview:-1"},"canonical":"https:\/\/d-identify.be\/de\/produkt\/pur-weises-kabelschild-60mm-x-10mm\/","og_locale":"de_DE","og_type":"article","og_title":"Kabelanh\u00e4nger PUR 60mm x 10mm, Wei\u00df","og_description":"Schlanker, 60mmx10mm gro\u00dfer, wei\u00dfer Kabelanh\u00e4nger aus PUR (Polyurethan), ideal f\u00fcr die dauerhafte Kabelkennzeichnung bei beengten Platzverh\u00e4ltnissen in industriellen Anwendungen.","og_url":"https:\/\/d-identify.be\/de\/produkt\/pur-weises-kabelschild-60mm-x-10mm\/","og_site_name":"d-identify","article_modified_time":"2025-07-01T09:27:44+00:00","og_image":[{"width":869,"height":794,"url":"https:\/\/d-identify.be\/wp-content\/uploads\/2021\/07\/D-TAG-60x10-1K_White.png","type":"image\/png"}],"twitter_card":"summary_large_image","twitter_misc":{"Gesch\u00e4tzte Lesezeit":"2\u00a0Minuten"},"schema":{"@context":"https:\/\/schema.org","@graph":[{"@type":"WebPage","@id":"https:\/\/d-identify.be\/de\/produkt\/pur-weises-kabelschild-60mm-x-10mm\/","url":"https:\/\/d-identify.be\/de\/produkt\/pur-weises-kabelschild-60mm-x-10mm\/","name":"Kabelanh\u00e4nger 60mmx10mm Wei\u00df \u2013 Kompaktes Polyurethan-Etikett","isPartOf":{"@id":"https:\/\/d-identify.be\/de\/#website"},"primaryImageOfPage":{"@id":"https:\/\/d-identify.be\/de\/produkt\/pur-weises-kabelschild-60mm-x-10mm\/#primaryimage"},"image":{"@id":"https:\/\/d-identify.be\/de\/produkt\/pur-weises-kabelschild-60mm-x-10mm\/#primaryimage"},"thumbnailUrl":"https:\/\/d-identify.be\/wp-content\/uploads\/2021\/07\/D-TAG-60x10-1K_White.png","datePublished":"2021-07-26T10:41:16+00:00","dateModified":"2025-07-01T09:27:44+00:00","description":"Schlanker, 60mmx10mm gro\u00dfer, wei\u00dfer Kabelanh\u00e4nger aus PUR (Polyurethan), ideal f\u00fcr die dauerhafte Kabelkennzeichnung bei beengten Platzverh\u00e4ltnissen in industriellen Anwendungen.","breadcrumb":{"@id":"https:\/\/d-identify.be\/de\/produkt\/pur-weises-kabelschild-60mm-x-10mm\/#breadcrumb"},"inLanguage":"de","potentialAction":[{"@type":"ReadAction","target":["https:\/\/d-identify.be\/de\/produkt\/pur-weises-kabelschild-60mm-x-10mm\/"]}]},{"@type":"ImageObject","inLanguage":"de","@id":"https:\/\/d-identify.be\/de\/produkt\/pur-weises-kabelschild-60mm-x-10mm\/#primaryimage","url":"https:\/\/d-identify.be\/wp-content\/uploads\/2021\/07\/D-TAG-60x10-1K_White.png","contentUrl":"https:\/\/d-identify.be\/wp-content\/uploads\/2021\/07\/D-TAG-60x10-1K_White.png","width":869,"height":794,"caption":"PUR White Cable Tag 60mm x 10mm"},{"@type":"BreadcrumbList","@id":"https:\/\/d-identify.be\/de\/produkt\/pur-weises-kabelschild-60mm-x-10mm\/#breadcrumb","itemListElement":[{"@type":"ListItem","position":1,"name":"Home","item":"https:\/\/d-identify.be\/de\/home-2\/"},{"@type":"ListItem","position":2,"name":"Shop","item":"https:\/\/d-identify.be\/shop-2\/"},{"@type":"ListItem","position":3,"name":"Kabelanh\u00e4nger PUR 60mm x 10mm, Wei\u00df"}]},{"@type":"WebSite","@id":"https:\/\/d-identify.be\/de\/#website","url":"https:\/\/d-identify.be\/de\/","name":"d-identify","description":"Industrial identification - Lockout - Tagout - Floor marking","potentialAction":[{"@type":"SearchAction","target":{"@type":"EntryPoint","urlTemplate":"https:\/\/d-identify.be\/de\/?s={search_term_string}"},"query-input":{"@type":"PropertyValueSpecification","valueRequired":true,"valueName":"search_term_string"}}],"inLanguage":"de"}]}},"_links":{"self":[{"href":"https:\/\/d-identify.be\/de\/wp-json\/wp\/v2\/product\/24348","targetHints":{"allow":["GET"]}}],"collection":[{"href":"https:\/\/d-identify.be\/de\/wp-json\/wp\/v2\/product"}],"about":[{"href":"https:\/\/d-identify.be\/de\/wp-json\/wp\/v2\/types\/product"}],"replies":[{"embeddable":true,"href":"https:\/\/d-identify.be\/de\/wp-json\/wp\/v2\/comments?post=24348"}],"wp:featuredmedia":[{"embeddable":true,"href":"https:\/\/d-identify.be\/de\/wp-json\/wp\/v2\/media\/24349"}],"wp:attachment":[{"href":"https:\/\/d-identify.be\/de\/wp-json\/wp\/v2\/media?parent=24348"}],"wp:term":[{"taxonomy":"product_brand","embeddable":true,"href":"https:\/\/d-identify.be\/de\/wp-json\/wp\/v2\/product_brand?post=24348"},{"taxonomy":"product_cat","embeddable":true,"href":"https:\/\/d-identify.be\/de\/wp-json\/wp\/v2\/product_cat?post=24348"},{"taxonomy":"product_tag","embeddable":true,"href":"https:\/\/d-identify.be\/de\/wp-json\/wp\/v2\/product_tag?post=24348"},{"taxonomy":"pa_connextion-shapes","embeddable":true,"href":"https:\/\/d-identify.be\/de\/wp-json\/wp\/v2\/pa_connextion-shapes?post=24348"}],"curies":[{"name":"wp","href":"https:\/\/api.w.org\/{rel}","templated":true}]}}