{"id":21812,"date":"2024-01-23T19:17:17","date_gmt":"2024-01-23T17:17:17","guid":{"rendered":"https:\/\/d-identify.be\/product\/wirtschaftliches-toro-max-outdoor-arc-flash-kit\/"},"modified":"2024-09-10T14:16:52","modified_gmt":"2024-09-10T12:16:52","slug":"wirtschaftliches-toro-max-outdoor-arc-flash-kit","status":"publish","type":"product","link":"https:\/\/d-identify.be\/de\/produkt\/wirtschaftliches-toro-max-outdoor-arc-flash-kit\/","title":{"rendered":"Wirtschaftliches Toro Max Outdoor-Arc-Flash-Kit"},"content":{"rendered":"<ul>\n<li><strong>All-inclusive:<\/strong> Toro Max ist sofort einsatzbereit, ohne dass ein Computer erforderlich ist. Entwerfen Sie Etiketten sofort mit dem 9-Zoll-Farb-Touchscreen, der herunterklappbaren Tastatur, der kabellosen Maus und der integrierten Etikettensoftware. Weitere Details und Vorteile finden Sie im DuraLabel Toro Max Flyer.<\/li>\n<li><strong>Vom Nullpunkt zum Druck:<\/strong> Laden Sie Verbrauchsmaterialien und starten Sie den Druck in Sekundenschnelle mit der Auto-Kalibrierungsfunktion.<\/li>\n<li><strong>Vollst\u00e4ndig tragbar:<\/strong> Drucken Sie optional stundenlang mobil vor Ort mit einem optionalen Akku.<\/li>\n<li><strong>Intelligente Software:<\/strong> Mit <a href=\"https:\/\/d-identify.be\/de\/labelforge-pro-page-2\/\" target=\"_blank\" rel=\"noopener\">LabelForge PRO<\/a> k\u00f6nnen Sie standardisierte Etiketten erstellen, um gesetzliche Anforderungen zu erf\u00fcllen, indem Sie Vorlagen verwenden oder Etiketten von Grund auf anpassen.<\/li>\n<li><strong>Robuste Materialien:<\/strong> W\u00e4hlen Sie <a href=\"https:\/\/d-identify.be\/de\/produktkategorien\/etiketten-und-baender-de\/duralabel-verbrauchsmaterialien\/toro-max-verbrauchsmaterialien-de\/\" target=\"_blank\" rel=\"noopener\">aus \u00fcber 40 Arten von Materialien<\/a>, die f\u00fcr eine Vielzahl von branchenspezifischen Anforderungen und Innen- \/ Au\u00dfenbereichen hergestellt wurden.<\/li>\n<li><strong>Backward compatible:<\/strong> Toro Max uses the same vinyl supplies as the DuraLabel Bronco and Toro, so you can do more and spend less.<\/li>\n<li><strong>Hergestellt in den USA:<\/strong> Alle DuraLabel-Drucker werden vollst\u00e4ndig intern von unseren erfahrenen Technikern montiert.<\/li>\n<li><strong>5-j\u00e4hrige Garantie:<\/strong> Alle DuraLabel-Drucker sind bis zu f\u00fcnf Jahre nach dem Kauf frei von Defekten und Ausf\u00e4llen.<\/li>\n<li><strong>Lebenslanger Support:<\/strong> Erhalten Sie kostenlosen technischen Support f\u00fcr die Lebensdauer Ihres Produkts.<\/li>\n<\/ul>\n","protected":false},"excerpt":{"rendered":"<p>Toro Max ist die perfekte, mittelgro\u00dfe All-in-One-Sicherheitsbeschriftungsl\u00f6sung f\u00fcr jede Branche. Entwerfen und drucken Sie standardisierte und komplett individuelle Etiketten und Schilder jederzeit und \u00fcberall. Drucken Sie auf Materialien von \u00bd\u201d (12mm) bis 4\u2019\u2019 (100mm) Breite, um eine Vielzahl von Etiketten und Schildern zu erstellen, von kleinen Lageretiketten und Tags bis hin zu OSHA-Sicherheitsschildern, Lichtbogenwarnungen und Rohrmarkierungen.<\/p>\n","protected":false},"featured_media":24920,"comment_status":"open","ping_status":"closed","template":"","meta":{"_acf_changed":false,"_et_pb_use_builder":"","_et_pb_old_content":"","_et_gb_content_width":""},"product_brand":[],"product_cat":[1063],"product_tag":[930],"pa_connextion-shapes":[],"class_list":{"0":"post-21812","1":"product","2":"type-product","3":"status-publish","4":"has-post-thumbnail","6":"product_cat-duralabel-starter-kits","7":"product_tag-duralabel-de","9":"first","10":"instock","11":"sale","12":"taxable","13":"shipping-taxable","14":"purchasable","15":"product-type-woosg"},"exclude_global_add_ons":[],"addons":[],"acf":[],"yoast_head":"<!-- This site is optimized with the Yoast SEO Premium plugin v27.0 (Yoast SEO v27.1) - https:\/\/yoast.com\/product\/yoast-seo-premium-wordpress\/ -->\n<title>Wirtschaftliches Toro Max Outdoor-Arc-Flash-Kit - d-identify<\/title>\n<meta name=\"description\" content=\"Toro Max ist die perfekte mittelgro\u00dfe All-in-One-Sicherheitskennzeichnungsl\u00f6sung f\u00fcr jede Branche. Entwerfen und drucken Sie standardisierte und...\" \/>\n<meta name=\"robots\" content=\"index, follow, max-snippet:-1, max-image-preview:large, max-video-preview:-1\" \/>\n<link rel=\"canonical\" href=\"https:\/\/d-identify.be\/de\/produkt\/wirtschaftliches-toro-max-outdoor-arc-flash-kit\/\" \/>\n<meta property=\"og:locale\" content=\"de_DE\" \/>\n<meta property=\"og:type\" content=\"article\" \/>\n<meta property=\"og:title\" content=\"Wirtschaftliches Toro Max Outdoor-Arc-Flash-Kit\" \/>\n<meta property=\"og:description\" content=\"Toro Max ist die perfekte mittelgro\u00dfe All-in-One-Sicherheitskennzeichnungsl\u00f6sung f\u00fcr jede Branche. Entwerfen und drucken Sie standardisierte und...\" \/>\n<meta property=\"og:url\" content=\"https:\/\/d-identify.be\/de\/produkt\/wirtschaftliches-toro-max-outdoor-arc-flash-kit\/\" \/>\n<meta property=\"og:site_name\" content=\"d-identify\" \/>\n<meta property=\"article:modified_time\" content=\"2024-09-10T12:16:52+00:00\" \/>\n<meta property=\"og:image\" content=\"https:\/\/d-identify.be\/wp-content\/uploads\/2024\/07\/DLTM-ARRKIT.png\" \/>\n\t<meta property=\"og:image:width\" content=\"876\" \/>\n\t<meta property=\"og:image:height\" content=\"873\" \/>\n\t<meta property=\"og:image:type\" content=\"image\/png\" \/>\n<meta name=\"twitter:card\" content=\"summary_large_image\" \/>\n<meta name=\"twitter:label1\" content=\"Gesch\u00e4tzte Lesezeit\" \/>\n\t<meta name=\"twitter:data1\" content=\"2\u00a0Minuten\" \/>\n<script type=\"application\/ld+json\" class=\"yoast-schema-graph\">{\"@context\":\"https:\/\/schema.org\",\"@graph\":[{\"@type\":\"WebPage\",\"@id\":\"https:\/\/d-identify.be\/de\/produkt\/wirtschaftliches-toro-max-outdoor-arc-flash-kit\/\",\"url\":\"https:\/\/d-identify.be\/de\/produkt\/wirtschaftliches-toro-max-outdoor-arc-flash-kit\/\",\"name\":\"Wirtschaftliches Toro Max Outdoor-Arc-Flash-Kit - d-identify\",\"isPartOf\":{\"@id\":\"https:\/\/d-identify.be\/de\/#website\"},\"primaryImageOfPage\":{\"@id\":\"https:\/\/d-identify.be\/de\/produkt\/wirtschaftliches-toro-max-outdoor-arc-flash-kit\/#primaryimage\"},\"image\":{\"@id\":\"https:\/\/d-identify.be\/de\/produkt\/wirtschaftliches-toro-max-outdoor-arc-flash-kit\/#primaryimage\"},\"thumbnailUrl\":\"https:\/\/d-identify.be\/wp-content\/uploads\/2024\/07\/DLTM-ARRKIT.png\",\"datePublished\":\"2024-01-23T17:17:17+00:00\",\"dateModified\":\"2024-09-10T12:16:52+00:00\",\"description\":\"Toro Max ist die perfekte mittelgro\u00dfe All-in-One-Sicherheitskennzeichnungsl\u00f6sung f\u00fcr jede Branche. Entwerfen und drucken Sie standardisierte und...\",\"breadcrumb\":{\"@id\":\"https:\/\/d-identify.be\/de\/produkt\/wirtschaftliches-toro-max-outdoor-arc-flash-kit\/#breadcrumb\"},\"inLanguage\":\"de\",\"potentialAction\":[{\"@type\":\"ReadAction\",\"target\":[\"https:\/\/d-identify.be\/de\/produkt\/wirtschaftliches-toro-max-outdoor-arc-flash-kit\/\"]}]},{\"@type\":\"ImageObject\",\"inLanguage\":\"de\",\"@id\":\"https:\/\/d-identify.be\/de\/produkt\/wirtschaftliches-toro-max-outdoor-arc-flash-kit\/#primaryimage\",\"url\":\"https:\/\/d-identify.be\/wp-content\/uploads\/2024\/07\/DLTM-ARRKIT.png\",\"contentUrl\":\"https:\/\/d-identify.be\/wp-content\/uploads\/2024\/07\/DLTM-ARRKIT.png\",\"width\":876,\"height\":873},{\"@type\":\"BreadcrumbList\",\"@id\":\"https:\/\/d-identify.be\/de\/produkt\/wirtschaftliches-toro-max-outdoor-arc-flash-kit\/#breadcrumb\",\"itemListElement\":[{\"@type\":\"ListItem\",\"position\":1,\"name\":\"Home\",\"item\":\"https:\/\/d-identify.be\/de\/home-2\/\"},{\"@type\":\"ListItem\",\"position\":2,\"name\":\"Shop\",\"item\":\"https:\/\/d-identify.be\/shop-2\/\"},{\"@type\":\"ListItem\",\"position\":3,\"name\":\"Wirtschaftliches Toro Max Outdoor-Arc-Flash-Kit\"}]},{\"@type\":\"WebSite\",\"@id\":\"https:\/\/d-identify.be\/de\/#website\",\"url\":\"https:\/\/d-identify.be\/de\/\",\"name\":\"d-identify\",\"description\":\"Industrial identification - Lockout - Tagout - Floor marking\",\"potentialAction\":[{\"@type\":\"SearchAction\",\"target\":{\"@type\":\"EntryPoint\",\"urlTemplate\":\"https:\/\/d-identify.be\/de\/?s={search_term_string}\"},\"query-input\":{\"@type\":\"PropertyValueSpecification\",\"valueRequired\":true,\"valueName\":\"search_term_string\"}}],\"inLanguage\":\"de\"}]}<\/script>\n<!-- \/ Yoast SEO Premium plugin. -->","yoast_head_json":{"title":"Wirtschaftliches Toro Max Outdoor-Arc-Flash-Kit - d-identify","description":"Toro Max ist die perfekte mittelgro\u00dfe All-in-One-Sicherheitskennzeichnungsl\u00f6sung f\u00fcr jede Branche. Entwerfen und drucken Sie standardisierte und...","robots":{"index":"index","follow":"follow","max-snippet":"max-snippet:-1","max-image-preview":"max-image-preview:large","max-video-preview":"max-video-preview:-1"},"canonical":"https:\/\/d-identify.be\/de\/produkt\/wirtschaftliches-toro-max-outdoor-arc-flash-kit\/","og_locale":"de_DE","og_type":"article","og_title":"Wirtschaftliches Toro Max Outdoor-Arc-Flash-Kit","og_description":"Toro Max ist die perfekte mittelgro\u00dfe All-in-One-Sicherheitskennzeichnungsl\u00f6sung f\u00fcr jede Branche. Entwerfen und drucken Sie standardisierte und...","og_url":"https:\/\/d-identify.be\/de\/produkt\/wirtschaftliches-toro-max-outdoor-arc-flash-kit\/","og_site_name":"d-identify","article_modified_time":"2024-09-10T12:16:52+00:00","og_image":[{"width":876,"height":873,"url":"https:\/\/d-identify.be\/wp-content\/uploads\/2024\/07\/DLTM-ARRKIT.png","type":"image\/png"}],"twitter_card":"summary_large_image","twitter_misc":{"Gesch\u00e4tzte Lesezeit":"2\u00a0Minuten"},"schema":{"@context":"https:\/\/schema.org","@graph":[{"@type":"WebPage","@id":"https:\/\/d-identify.be\/de\/produkt\/wirtschaftliches-toro-max-outdoor-arc-flash-kit\/","url":"https:\/\/d-identify.be\/de\/produkt\/wirtschaftliches-toro-max-outdoor-arc-flash-kit\/","name":"Wirtschaftliches Toro Max Outdoor-Arc-Flash-Kit - d-identify","isPartOf":{"@id":"https:\/\/d-identify.be\/de\/#website"},"primaryImageOfPage":{"@id":"https:\/\/d-identify.be\/de\/produkt\/wirtschaftliches-toro-max-outdoor-arc-flash-kit\/#primaryimage"},"image":{"@id":"https:\/\/d-identify.be\/de\/produkt\/wirtschaftliches-toro-max-outdoor-arc-flash-kit\/#primaryimage"},"thumbnailUrl":"https:\/\/d-identify.be\/wp-content\/uploads\/2024\/07\/DLTM-ARRKIT.png","datePublished":"2024-01-23T17:17:17+00:00","dateModified":"2024-09-10T12:16:52+00:00","description":"Toro Max ist die perfekte mittelgro\u00dfe All-in-One-Sicherheitskennzeichnungsl\u00f6sung f\u00fcr jede Branche. Entwerfen und drucken Sie standardisierte und...","breadcrumb":{"@id":"https:\/\/d-identify.be\/de\/produkt\/wirtschaftliches-toro-max-outdoor-arc-flash-kit\/#breadcrumb"},"inLanguage":"de","potentialAction":[{"@type":"ReadAction","target":["https:\/\/d-identify.be\/de\/produkt\/wirtschaftliches-toro-max-outdoor-arc-flash-kit\/"]}]},{"@type":"ImageObject","inLanguage":"de","@id":"https:\/\/d-identify.be\/de\/produkt\/wirtschaftliches-toro-max-outdoor-arc-flash-kit\/#primaryimage","url":"https:\/\/d-identify.be\/wp-content\/uploads\/2024\/07\/DLTM-ARRKIT.png","contentUrl":"https:\/\/d-identify.be\/wp-content\/uploads\/2024\/07\/DLTM-ARRKIT.png","width":876,"height":873},{"@type":"BreadcrumbList","@id":"https:\/\/d-identify.be\/de\/produkt\/wirtschaftliches-toro-max-outdoor-arc-flash-kit\/#breadcrumb","itemListElement":[{"@type":"ListItem","position":1,"name":"Home","item":"https:\/\/d-identify.be\/de\/home-2\/"},{"@type":"ListItem","position":2,"name":"Shop","item":"https:\/\/d-identify.be\/shop-2\/"},{"@type":"ListItem","position":3,"name":"Wirtschaftliches Toro Max Outdoor-Arc-Flash-Kit"}]},{"@type":"WebSite","@id":"https:\/\/d-identify.be\/de\/#website","url":"https:\/\/d-identify.be\/de\/","name":"d-identify","description":"Industrial identification - Lockout - Tagout - Floor marking","potentialAction":[{"@type":"SearchAction","target":{"@type":"EntryPoint","urlTemplate":"https:\/\/d-identify.be\/de\/?s={search_term_string}"},"query-input":{"@type":"PropertyValueSpecification","valueRequired":true,"valueName":"search_term_string"}}],"inLanguage":"de"}]}},"_links":{"self":[{"href":"https:\/\/d-identify.be\/de\/wp-json\/wp\/v2\/product\/21812","targetHints":{"allow":["GET"]}}],"collection":[{"href":"https:\/\/d-identify.be\/de\/wp-json\/wp\/v2\/product"}],"about":[{"href":"https:\/\/d-identify.be\/de\/wp-json\/wp\/v2\/types\/product"}],"replies":[{"embeddable":true,"href":"https:\/\/d-identify.be\/de\/wp-json\/wp\/v2\/comments?post=21812"}],"wp:featuredmedia":[{"embeddable":true,"href":"https:\/\/d-identify.be\/de\/wp-json\/wp\/v2\/media\/24920"}],"wp:attachment":[{"href":"https:\/\/d-identify.be\/de\/wp-json\/wp\/v2\/media?parent=21812"}],"wp:term":[{"taxonomy":"product_brand","embeddable":true,"href":"https:\/\/d-identify.be\/de\/wp-json\/wp\/v2\/product_brand?post=21812"},{"taxonomy":"product_cat","embeddable":true,"href":"https:\/\/d-identify.be\/de\/wp-json\/wp\/v2\/product_cat?post=21812"},{"taxonomy":"product_tag","embeddable":true,"href":"https:\/\/d-identify.be\/de\/wp-json\/wp\/v2\/product_tag?post=21812"},{"taxonomy":"pa_connextion-shapes","embeddable":true,"href":"https:\/\/d-identify.be\/de\/wp-json\/wp\/v2\/pa_connextion-shapes?post=21812"}],"curies":[{"name":"wp","href":"https:\/\/api.w.org\/{rel}","templated":true}]}}