{"id":21801,"date":"2021-07-26T12:39:08","date_gmt":"2021-07-26T10:39:08","guid":{"rendered":"https:\/\/d-identify.be\/product\/duralabel-pro300-2\/"},"modified":"2024-09-10T11:43:46","modified_gmt":"2024-09-10T09:43:46","slug":"duralabel-pro300-2","status":"publish","type":"product","link":"https:\/\/d-identify.be\/de\/produkt\/duralabel-pro300-2\/","title":{"rendered":"DuraLabel PRO300"},"content":{"rendered":"<ul>\n<li><strong>Auswahl der Etikettenbreite:<\/strong> Gestalten und drucken Sie Etiketten von 1\/2&#8243; (12mm) bis 4&#8243; (100mm) Breite.<\/li>\n<li><strong>Mobilit\u00e4tsf\u00e4higkeit:<\/strong> Entwerfen und drucken Sie Etiketten \u00fcberall, indem Sie den PRO 300 mit einem Laptop verbinden.<\/li>\n<li><strong>Leistungsstarke Software:<\/strong> Erstellen Sie standardisierte Etiketten, um gesetzliche Anforderungen zu erf\u00fcllen, indem Sie Vorlagen verwenden oder Etiketten von Grund auf anpassen.<\/li>\n<li><strong>Optionaler Ethernet-Anschluss: Teilen Sie den Drucker \u00fcber ein Netzwerk, damit mehrere Personen darauf drucken k\u00f6nnen.<\/strong><\/li>\n<li><strong>Robuste Materialien:<\/strong> W\u00e4hlen Sie aus \u00fcber 40 Arten von Materialien, die f\u00fcr eine Vielzahl von branchenspezifischen Anforderungen und Umgebungen hergestellt sind.<\/li>\n<\/ul>\n","protected":false},"excerpt":{"rendered":"<p>Der DuraLabel PRO300 bietet einen hochaufl\u00f6senden Druck mit 300 Punkten pro Zoll, so dass die Linien sch\u00e4rfer sind, das Kleingedruckte besser zu lesen ist und die Bilder satter sind als bei billigeren Druckern mit 200 dpi. Ganz gleich, ob Sie halbz\u00f6llige Etiketten, Drahtverpackungen oder gut sichtbare Schilder mit einer Breite von f\u00fcnf Zentimetern drucken, Ihre Botschaft ist chemikalienbest\u00e4ndig, abriebfest und wischfest.  <span style=\"text-decoration: underline;\"><span style=\"color: #ff9900;\"><strong><a style=\"color: #ff9900; text-decoration: underline;\" href=\"https:\/\/d-identify.be\/product-categorie\/labels\/duralabel-consumables\/dlp-300-consumables\/\" target=\"_blank\" rel=\"noopener\"><span style=\"color: #0093dd; text-decoration: underline;\">Kaufen Sie echte kompatible Zubeh\u00f6rteile f\u00fcr Ihren PRO300-Drucker <\/span><\/a><\/strong><\/span><\/span><\/p>\n","protected":false},"featured_media":21802,"comment_status":"open","ping_status":"closed","template":"","meta":{"_acf_changed":false,"_et_pb_use_builder":"","_et_pb_old_content":"","_et_gb_content_width":""},"product_brand":[],"product_cat":[601],"product_tag":[930],"pa_connextion-shapes":[],"class_list":{"0":"post-21801","1":"product","2":"type-product","3":"status-publish","4":"has-post-thumbnail","6":"product_cat-duralabel-drucker","7":"product_tag-duralabel-de","9":"first","10":"onbackorder","11":"taxable","12":"shipping-taxable","13":"purchasable","14":"product-type-simple"},"exclude_global_add_ons":[],"addons":[],"acf":[],"yoast_head":"<!-- This site is optimized with the Yoast SEO Premium plugin v27.0 (Yoast SEO v27.1) - https:\/\/yoast.com\/product\/yoast-seo-premium-wordpress\/ -->\n<title>DuraLabel PRO300<\/title>\n<meta name=\"description\" content=\"Der DuraLabel PRO300 bietet eine Druckaufl\u00f6sung von 300 Punkten pro Zoll in High-Definition, sodass Linien sch\u00e4rfer sind und kleine Schrift besser lesbar ist...\" \/>\n<meta name=\"robots\" content=\"index, follow, max-snippet:-1, max-image-preview:large, max-video-preview:-1\" \/>\n<link rel=\"canonical\" href=\"https:\/\/d-identify.be\/de\/produkt\/duralabel-pro300-2\/\" \/>\n<meta property=\"og:locale\" content=\"de_DE\" \/>\n<meta property=\"og:type\" content=\"article\" \/>\n<meta property=\"og:title\" content=\"DuraLabel PRO300\" \/>\n<meta property=\"og:description\" content=\"Der DuraLabel PRO300 bietet eine Druckaufl\u00f6sung von 300 Punkten pro Zoll in High-Definition, sodass Linien sch\u00e4rfer sind und kleine Schrift besser lesbar ist...\" \/>\n<meta property=\"og:url\" content=\"https:\/\/d-identify.be\/de\/produkt\/duralabel-pro300-2\/\" \/>\n<meta property=\"og:site_name\" content=\"d-identify\" \/>\n<meta property=\"article:modified_time\" content=\"2024-09-10T09:43:46+00:00\" \/>\n<meta property=\"og:image\" content=\"https:\/\/d-identify.be\/wp-content\/uploads\/2021\/07\/pro-300.png\" \/>\n\t<meta property=\"og:image:width\" content=\"747\" \/>\n\t<meta property=\"og:image:height\" content=\"747\" \/>\n\t<meta property=\"og:image:type\" content=\"image\/png\" \/>\n<meta name=\"twitter:card\" content=\"summary_large_image\" \/>\n<script type=\"application\/ld+json\" class=\"yoast-schema-graph\">{\"@context\":\"https:\/\/schema.org\",\"@graph\":[{\"@type\":\"WebPage\",\"@id\":\"https:\/\/d-identify.be\/de\/produkt\/duralabel-pro300-2\/\",\"url\":\"https:\/\/d-identify.be\/de\/produkt\/duralabel-pro300-2\/\",\"name\":\"DuraLabel PRO300\",\"isPartOf\":{\"@id\":\"https:\/\/d-identify.be\/de\/#website\"},\"primaryImageOfPage\":{\"@id\":\"https:\/\/d-identify.be\/de\/produkt\/duralabel-pro300-2\/#primaryimage\"},\"image\":{\"@id\":\"https:\/\/d-identify.be\/de\/produkt\/duralabel-pro300-2\/#primaryimage\"},\"thumbnailUrl\":\"https:\/\/d-identify.be\/wp-content\/uploads\/2021\/07\/pro-300.png\",\"datePublished\":\"2021-07-26T10:39:08+00:00\",\"dateModified\":\"2024-09-10T09:43:46+00:00\",\"description\":\"Der DuraLabel PRO300 bietet eine Druckaufl\u00f6sung von 300 Punkten pro Zoll in High-Definition, sodass Linien sch\u00e4rfer sind und kleine Schrift besser lesbar ist...\",\"breadcrumb\":{\"@id\":\"https:\/\/d-identify.be\/de\/produkt\/duralabel-pro300-2\/#breadcrumb\"},\"inLanguage\":\"de\",\"potentialAction\":[{\"@type\":\"ReadAction\",\"target\":[\"https:\/\/d-identify.be\/de\/produkt\/duralabel-pro300-2\/\"]}]},{\"@type\":\"ImageObject\",\"inLanguage\":\"de\",\"@id\":\"https:\/\/d-identify.be\/de\/produkt\/duralabel-pro300-2\/#primaryimage\",\"url\":\"https:\/\/d-identify.be\/wp-content\/uploads\/2021\/07\/pro-300.png\",\"contentUrl\":\"https:\/\/d-identify.be\/wp-content\/uploads\/2021\/07\/pro-300.png\",\"width\":747,\"height\":747,\"caption\":\"duralabel pro300 printer\"},{\"@type\":\"BreadcrumbList\",\"@id\":\"https:\/\/d-identify.be\/de\/produkt\/duralabel-pro300-2\/#breadcrumb\",\"itemListElement\":[{\"@type\":\"ListItem\",\"position\":1,\"name\":\"Home\",\"item\":\"https:\/\/d-identify.be\/de\/home-2\/\"},{\"@type\":\"ListItem\",\"position\":2,\"name\":\"Shop\",\"item\":\"https:\/\/d-identify.be\/shop-2\/\"},{\"@type\":\"ListItem\",\"position\":3,\"name\":\"DuraLabel PRO300\"}]},{\"@type\":\"WebSite\",\"@id\":\"https:\/\/d-identify.be\/de\/#website\",\"url\":\"https:\/\/d-identify.be\/de\/\",\"name\":\"d-identify\",\"description\":\"Industrial identification - Lockout - Tagout - Floor marking\",\"potentialAction\":[{\"@type\":\"SearchAction\",\"target\":{\"@type\":\"EntryPoint\",\"urlTemplate\":\"https:\/\/d-identify.be\/de\/?s={search_term_string}\"},\"query-input\":{\"@type\":\"PropertyValueSpecification\",\"valueRequired\":true,\"valueName\":\"search_term_string\"}}],\"inLanguage\":\"de\"}]}<\/script>\n<!-- \/ Yoast SEO Premium plugin. -->","yoast_head_json":{"title":"DuraLabel PRO300","description":"Der DuraLabel PRO300 bietet eine Druckaufl\u00f6sung von 300 Punkten pro Zoll in High-Definition, sodass Linien sch\u00e4rfer sind und kleine Schrift besser lesbar ist...","robots":{"index":"index","follow":"follow","max-snippet":"max-snippet:-1","max-image-preview":"max-image-preview:large","max-video-preview":"max-video-preview:-1"},"canonical":"https:\/\/d-identify.be\/de\/produkt\/duralabel-pro300-2\/","og_locale":"de_DE","og_type":"article","og_title":"DuraLabel PRO300","og_description":"Der DuraLabel PRO300 bietet eine Druckaufl\u00f6sung von 300 Punkten pro Zoll in High-Definition, sodass Linien sch\u00e4rfer sind und kleine Schrift besser lesbar ist...","og_url":"https:\/\/d-identify.be\/de\/produkt\/duralabel-pro300-2\/","og_site_name":"d-identify","article_modified_time":"2024-09-10T09:43:46+00:00","og_image":[{"width":747,"height":747,"url":"https:\/\/d-identify.be\/wp-content\/uploads\/2021\/07\/pro-300.png","type":"image\/png"}],"twitter_card":"summary_large_image","schema":{"@context":"https:\/\/schema.org","@graph":[{"@type":"WebPage","@id":"https:\/\/d-identify.be\/de\/produkt\/duralabel-pro300-2\/","url":"https:\/\/d-identify.be\/de\/produkt\/duralabel-pro300-2\/","name":"DuraLabel PRO300","isPartOf":{"@id":"https:\/\/d-identify.be\/de\/#website"},"primaryImageOfPage":{"@id":"https:\/\/d-identify.be\/de\/produkt\/duralabel-pro300-2\/#primaryimage"},"image":{"@id":"https:\/\/d-identify.be\/de\/produkt\/duralabel-pro300-2\/#primaryimage"},"thumbnailUrl":"https:\/\/d-identify.be\/wp-content\/uploads\/2021\/07\/pro-300.png","datePublished":"2021-07-26T10:39:08+00:00","dateModified":"2024-09-10T09:43:46+00:00","description":"Der DuraLabel PRO300 bietet eine Druckaufl\u00f6sung von 300 Punkten pro Zoll in High-Definition, sodass Linien sch\u00e4rfer sind und kleine Schrift besser lesbar ist...","breadcrumb":{"@id":"https:\/\/d-identify.be\/de\/produkt\/duralabel-pro300-2\/#breadcrumb"},"inLanguage":"de","potentialAction":[{"@type":"ReadAction","target":["https:\/\/d-identify.be\/de\/produkt\/duralabel-pro300-2\/"]}]},{"@type":"ImageObject","inLanguage":"de","@id":"https:\/\/d-identify.be\/de\/produkt\/duralabel-pro300-2\/#primaryimage","url":"https:\/\/d-identify.be\/wp-content\/uploads\/2021\/07\/pro-300.png","contentUrl":"https:\/\/d-identify.be\/wp-content\/uploads\/2021\/07\/pro-300.png","width":747,"height":747,"caption":"duralabel pro300 printer"},{"@type":"BreadcrumbList","@id":"https:\/\/d-identify.be\/de\/produkt\/duralabel-pro300-2\/#breadcrumb","itemListElement":[{"@type":"ListItem","position":1,"name":"Home","item":"https:\/\/d-identify.be\/de\/home-2\/"},{"@type":"ListItem","position":2,"name":"Shop","item":"https:\/\/d-identify.be\/shop-2\/"},{"@type":"ListItem","position":3,"name":"DuraLabel PRO300"}]},{"@type":"WebSite","@id":"https:\/\/d-identify.be\/de\/#website","url":"https:\/\/d-identify.be\/de\/","name":"d-identify","description":"Industrial identification - Lockout - Tagout - Floor marking","potentialAction":[{"@type":"SearchAction","target":{"@type":"EntryPoint","urlTemplate":"https:\/\/d-identify.be\/de\/?s={search_term_string}"},"query-input":{"@type":"PropertyValueSpecification","valueRequired":true,"valueName":"search_term_string"}}],"inLanguage":"de"}]}},"_links":{"self":[{"href":"https:\/\/d-identify.be\/de\/wp-json\/wp\/v2\/product\/21801","targetHints":{"allow":["GET"]}}],"collection":[{"href":"https:\/\/d-identify.be\/de\/wp-json\/wp\/v2\/product"}],"about":[{"href":"https:\/\/d-identify.be\/de\/wp-json\/wp\/v2\/types\/product"}],"replies":[{"embeddable":true,"href":"https:\/\/d-identify.be\/de\/wp-json\/wp\/v2\/comments?post=21801"}],"wp:featuredmedia":[{"embeddable":true,"href":"https:\/\/d-identify.be\/de\/wp-json\/wp\/v2\/media\/21802"}],"wp:attachment":[{"href":"https:\/\/d-identify.be\/de\/wp-json\/wp\/v2\/media?parent=21801"}],"wp:term":[{"taxonomy":"product_brand","embeddable":true,"href":"https:\/\/d-identify.be\/de\/wp-json\/wp\/v2\/product_brand?post=21801"},{"taxonomy":"product_cat","embeddable":true,"href":"https:\/\/d-identify.be\/de\/wp-json\/wp\/v2\/product_cat?post=21801"},{"taxonomy":"product_tag","embeddable":true,"href":"https:\/\/d-identify.be\/de\/wp-json\/wp\/v2\/product_tag?post=21801"},{"taxonomy":"pa_connextion-shapes","embeddable":true,"href":"https:\/\/d-identify.be\/de\/wp-json\/wp\/v2\/pa_connextion-shapes?post=21801"}],"curies":[{"name":"wp","href":"https:\/\/api.w.org\/{rel}","templated":true}]}}